{"id":9853,"date":"2023-10-24T15:21:57","date_gmt":"2023-10-24T15:21:57","guid":{"rendered":"https:\/\/www.destrancheesauxbarricades.com\/?post_type=product&#038;p=9853"},"modified":"2024-12-07T09:26:29","modified_gmt":"2024-12-07T09:26:29","slug":"dixmude-19-octobre-10-novembre-1914","status":"publish","type":"product","link":"https:\/\/www.destrancheesauxbarricades.com\/index.php\/product\/dixmude-19-octobre-10-novembre-1914\/","title":{"rendered":"Dixmude &#8211; 19 octobre-10 novembre 1914"},"content":{"rendered":"<p>Le 19 octobre, la Marine nationale fran\u00e7aise c\u00e9l\u00e8bre la journ\u00e9e des fusiliers marins. Cette date correspond peu ou prou au d\u00e9but de la bataille de Dixmude qui a fait rage de mi-octobre (les premiers accrochages ont eu lieu le 16) au 10 novembre 1914. La brigade des fusiliers-marins s\u2019est illustr\u00e9e au cours de ces combats particuli\u00e8rement sanglants. Ceux-ci sont donc devenus l\u2019\u00e9preuve fondatrice du corps des fusiliers-marins, comme Camerone l\u2019a \u00e9t\u00e9 pour la L\u00e9gion \u00e9trang\u00e8re ou Bazeille pour l\u2019infanterie de marine. Pourtant, la d\u00e9fense parfois d\u00e9sesp\u00e9r\u00e9e de la petite ville des Flandres belges contre les assauts des fantassins et j\u00e4gers du XXII corps de r\u00e9serve de l\u2019arm\u00e9e allemande n\u2019a pas \u00e9t\u00e9 le seul fait des fusiliers : lignards et artilleurs belges, chasseurs \u00e0 pied fran\u00e7ais et tirailleurs s\u00e9n\u00e9galais s\u2019y sont tout autant illustr\u00e9s sous les ordres du contre-amiral Alexis Ronarc\u2019h. Cet ouvrage a pour objectif de pr\u00e9senter le d\u00e9roulement de la bataille de Dixmude dans le contexte strat\u00e9gique plus large de la campagne de Belgique et de la bataille de l\u2019Yser dont elle constitue un des \u00e9pisodes les plus saillants. Il tente de rendre justice aux souffrances et au courage de tous les combattants sans pour autant verser dans la l\u00e9gende dor\u00e9e qui a longtemps entour\u00e9 Dixmude.<\/p>\n","protected":false},"excerpt":{"rendered":"<p>[fsl-progress-bar]<\/p>\n<p>Les Batailles Oubli\u00e9es &#8211;\u00a0Dixmude &#8211; 19 octobre-10 novembre 1914<\/p>\n","protected":false},"featured_media":9865,"template":"","meta":{"_monsterinsights_skip_tracking":false,"_monsterinsights_sitenote_active":false,"_monsterinsights_sitenote_note":"","_monsterinsights_sitenote_category":0},"product_brand":[],"product_cat":[152,137],"product_tag":[],"class_list":{"0":"post-9853","1":"product","2":"type-product","3":"status-publish","4":"has-post-thumbnail","6":"product_cat-historicone-editions","7":"product_cat-premiere-guerre-mondiale","10":"first","11":"outofstock","12":"taxable","13":"shipping-taxable","14":"purchasable","15":"product-type-simple"},"yoast_head":"<!-- This site is optimized with the Yoast SEO plugin v27.5 - https:\/\/yoast.com\/product\/yoast-seo-wordpress\/ -->\n<title>Dixmude - 19 octobre-10 novembre 1914 - Des tranch\u00e9es aux barricades<\/title>\n<meta name=\"robots\" content=\"index, follow, max-snippet:-1, max-image-preview:large, max-video-preview:-1\" \/>\n<link rel=\"canonical\" href=\"https:\/\/www.destrancheesauxbarricades.com\/index.php\/product\/dixmude-19-octobre-10-novembre-1914\/\" \/>\n<meta property=\"og:locale\" content=\"fr_FR\" \/>\n<meta property=\"og:type\" content=\"article\" \/>\n<meta property=\"og:title\" content=\"Dixmude - 19 octobre-10 novembre 1914 - Des tranch\u00e9es aux barricades\" \/>\n<meta property=\"og:description\" content=\"[fsl-progress-bar]  Les Batailles Oubli\u00e9es -\u00a0Dixmude - 19 octobre-10 novembre 1914\" \/>\n<meta property=\"og:url\" content=\"https:\/\/www.destrancheesauxbarricades.com\/index.php\/product\/dixmude-19-octobre-10-novembre-1914\/\" \/>\n<meta property=\"og:site_name\" content=\"Des tranch\u00e9es aux barricades\" \/>\n<meta property=\"article:modified_time\" content=\"2024-12-07T09:26:29+00:00\" \/>\n<meta property=\"og:image\" content=\"https:\/\/www.destrancheesauxbarricades.com\/wp-content\/uploads\/2023\/10\/1recouverturedixmude_1024x1024@2x.webp\" \/>\n\t<meta property=\"og:image:width\" content=\"897\" \/>\n\t<meta property=\"og:image:height\" content=\"1181\" \/>\n\t<meta property=\"og:image:type\" content=\"image\/webp\" \/>\n<meta name=\"twitter:card\" content=\"summary_large_image\" \/>\n<meta name=\"twitter:label1\" content=\"Dur\u00e9e de lecture estim\u00e9e\" \/>\n\t<meta name=\"twitter:data1\" content=\"2 minutes\" \/>\n<script type=\"application\/ld+json\" class=\"yoast-schema-graph\">{\"@context\":\"https:\\\/\\\/schema.org\",\"@graph\":[{\"@type\":\"WebPage\",\"@id\":\"https:\\\/\\\/www.destrancheesauxbarricades.com\\\/index.php\\\/product\\\/dixmude-19-octobre-10-novembre-1914\\\/\",\"url\":\"https:\\\/\\\/www.destrancheesauxbarricades.com\\\/index.php\\\/product\\\/dixmude-19-octobre-10-novembre-1914\\\/\",\"name\":\"Dixmude - 19 octobre-10 novembre 1914 - Des tranch\u00e9es aux barricades\",\"isPartOf\":{\"@id\":\"http:\\\/\\\/www.destrancheesauxbarricades.com\\\/#website\"},\"primaryImageOfPage\":{\"@id\":\"https:\\\/\\\/www.destrancheesauxbarricades.com\\\/index.php\\\/product\\\/dixmude-19-octobre-10-novembre-1914\\\/#primaryimage\"},\"image\":{\"@id\":\"https:\\\/\\\/www.destrancheesauxbarricades.com\\\/index.php\\\/product\\\/dixmude-19-octobre-10-novembre-1914\\\/#primaryimage\"},\"thumbnailUrl\":\"https:\\\/\\\/www.destrancheesauxbarricades.com\\\/wp-content\\\/uploads\\\/2023\\\/10\\\/1recouverturedixmude_1024x1024@2x.webp\",\"datePublished\":\"2023-10-24T15:21:57+00:00\",\"dateModified\":\"2024-12-07T09:26:29+00:00\",\"breadcrumb\":{\"@id\":\"https:\\\/\\\/www.destrancheesauxbarricades.com\\\/index.php\\\/product\\\/dixmude-19-octobre-10-novembre-1914\\\/#breadcrumb\"},\"inLanguage\":\"fr-FR\",\"potentialAction\":[{\"@type\":\"ReadAction\",\"target\":[\"https:\\\/\\\/www.destrancheesauxbarricades.com\\\/index.php\\\/product\\\/dixmude-19-octobre-10-novembre-1914\\\/\"]}]},{\"@type\":\"ImageObject\",\"inLanguage\":\"fr-FR\",\"@id\":\"https:\\\/\\\/www.destrancheesauxbarricades.com\\\/index.php\\\/product\\\/dixmude-19-octobre-10-novembre-1914\\\/#primaryimage\",\"url\":\"https:\\\/\\\/www.destrancheesauxbarricades.com\\\/wp-content\\\/uploads\\\/2023\\\/10\\\/1recouverturedixmude_1024x1024@2x.webp\",\"contentUrl\":\"https:\\\/\\\/www.destrancheesauxbarricades.com\\\/wp-content\\\/uploads\\\/2023\\\/10\\\/1recouverturedixmude_1024x1024@2x.webp\",\"width\":897,\"height\":1181},{\"@type\":\"BreadcrumbList\",\"@id\":\"https:\\\/\\\/www.destrancheesauxbarricades.com\\\/index.php\\\/product\\\/dixmude-19-octobre-10-novembre-1914\\\/#breadcrumb\",\"itemListElement\":[{\"@type\":\"ListItem\",\"position\":1,\"name\":\"Accueil\",\"item\":\"http:\\\/\\\/www.destrancheesauxbarricades.com\\\/\"},{\"@type\":\"ListItem\",\"position\":2,\"name\":\"Shop\",\"item\":\"http:\\\/\\\/www.destrancheesauxbarricades.com\\\/index.php\\\/shop\\\/\"},{\"@type\":\"ListItem\",\"position\":3,\"name\":\"Dixmude &#8211; 19 octobre-10 novembre 1914\"}]},{\"@type\":\"WebSite\",\"@id\":\"http:\\\/\\\/www.destrancheesauxbarricades.com\\\/#website\",\"url\":\"http:\\\/\\\/www.destrancheesauxbarricades.com\\\/\",\"name\":\"Des tranch\u00e9es aux barricades\",\"description\":\"Jeu d&#039;escarmouches au d\u00e9but du XXe si\u00e8cle\",\"potentialAction\":[{\"@type\":\"SearchAction\",\"target\":{\"@type\":\"EntryPoint\",\"urlTemplate\":\"http:\\\/\\\/www.destrancheesauxbarricades.com\\\/?s={search_term_string}\"},\"query-input\":{\"@type\":\"PropertyValueSpecification\",\"valueRequired\":true,\"valueName\":\"search_term_string\"}}],\"inLanguage\":\"fr-FR\"}]}<\/script>\n<!-- \/ Yoast SEO plugin. -->","yoast_head_json":{"title":"Dixmude - 19 octobre-10 novembre 1914 - Des tranch\u00e9es aux barricades","robots":{"index":"index","follow":"follow","max-snippet":"max-snippet:-1","max-image-preview":"max-image-preview:large","max-video-preview":"max-video-preview:-1"},"canonical":"https:\/\/www.destrancheesauxbarricades.com\/index.php\/product\/dixmude-19-octobre-10-novembre-1914\/","og_locale":"fr_FR","og_type":"article","og_title":"Dixmude - 19 octobre-10 novembre 1914 - Des tranch\u00e9es aux barricades","og_description":"[fsl-progress-bar]  Les Batailles Oubli\u00e9es -\u00a0Dixmude - 19 octobre-10 novembre 1914","og_url":"https:\/\/www.destrancheesauxbarricades.com\/index.php\/product\/dixmude-19-octobre-10-novembre-1914\/","og_site_name":"Des tranch\u00e9es aux barricades","article_modified_time":"2024-12-07T09:26:29+00:00","og_image":[{"width":897,"height":1181,"url":"https:\/\/www.destrancheesauxbarricades.com\/wp-content\/uploads\/2023\/10\/1recouverturedixmude_1024x1024@2x.webp","type":"image\/webp"}],"twitter_card":"summary_large_image","twitter_misc":{"Dur\u00e9e de lecture estim\u00e9e":"2 minutes"},"schema":{"@context":"https:\/\/schema.org","@graph":[{"@type":"WebPage","@id":"https:\/\/www.destrancheesauxbarricades.com\/index.php\/product\/dixmude-19-octobre-10-novembre-1914\/","url":"https:\/\/www.destrancheesauxbarricades.com\/index.php\/product\/dixmude-19-octobre-10-novembre-1914\/","name":"Dixmude - 19 octobre-10 novembre 1914 - Des tranch\u00e9es aux barricades","isPartOf":{"@id":"http:\/\/www.destrancheesauxbarricades.com\/#website"},"primaryImageOfPage":{"@id":"https:\/\/www.destrancheesauxbarricades.com\/index.php\/product\/dixmude-19-octobre-10-novembre-1914\/#primaryimage"},"image":{"@id":"https:\/\/www.destrancheesauxbarricades.com\/index.php\/product\/dixmude-19-octobre-10-novembre-1914\/#primaryimage"},"thumbnailUrl":"https:\/\/www.destrancheesauxbarricades.com\/wp-content\/uploads\/2023\/10\/1recouverturedixmude_1024x1024@2x.webp","datePublished":"2023-10-24T15:21:57+00:00","dateModified":"2024-12-07T09:26:29+00:00","breadcrumb":{"@id":"https:\/\/www.destrancheesauxbarricades.com\/index.php\/product\/dixmude-19-octobre-10-novembre-1914\/#breadcrumb"},"inLanguage":"fr-FR","potentialAction":[{"@type":"ReadAction","target":["https:\/\/www.destrancheesauxbarricades.com\/index.php\/product\/dixmude-19-octobre-10-novembre-1914\/"]}]},{"@type":"ImageObject","inLanguage":"fr-FR","@id":"https:\/\/www.destrancheesauxbarricades.com\/index.php\/product\/dixmude-19-octobre-10-novembre-1914\/#primaryimage","url":"https:\/\/www.destrancheesauxbarricades.com\/wp-content\/uploads\/2023\/10\/1recouverturedixmude_1024x1024@2x.webp","contentUrl":"https:\/\/www.destrancheesauxbarricades.com\/wp-content\/uploads\/2023\/10\/1recouverturedixmude_1024x1024@2x.webp","width":897,"height":1181},{"@type":"BreadcrumbList","@id":"https:\/\/www.destrancheesauxbarricades.com\/index.php\/product\/dixmude-19-octobre-10-novembre-1914\/#breadcrumb","itemListElement":[{"@type":"ListItem","position":1,"name":"Accueil","item":"http:\/\/www.destrancheesauxbarricades.com\/"},{"@type":"ListItem","position":2,"name":"Shop","item":"http:\/\/www.destrancheesauxbarricades.com\/index.php\/shop\/"},{"@type":"ListItem","position":3,"name":"Dixmude &#8211; 19 octobre-10 novembre 1914"}]},{"@type":"WebSite","@id":"http:\/\/www.destrancheesauxbarricades.com\/#website","url":"http:\/\/www.destrancheesauxbarricades.com\/","name":"Des tranch\u00e9es aux barricades","description":"Jeu d&#039;escarmouches au d\u00e9but du XXe si\u00e8cle","potentialAction":[{"@type":"SearchAction","target":{"@type":"EntryPoint","urlTemplate":"http:\/\/www.destrancheesauxbarricades.com\/?s={search_term_string}"},"query-input":{"@type":"PropertyValueSpecification","valueRequired":true,"valueName":"search_term_string"}}],"inLanguage":"fr-FR"}]}},"jetpack_sharing_enabled":true,"_links":{"self":[{"href":"https:\/\/www.destrancheesauxbarricades.com\/index.php\/wp-json\/wp\/v2\/product\/9853","targetHints":{"allow":["GET"]}}],"collection":[{"href":"https:\/\/www.destrancheesauxbarricades.com\/index.php\/wp-json\/wp\/v2\/product"}],"about":[{"href":"https:\/\/www.destrancheesauxbarricades.com\/index.php\/wp-json\/wp\/v2\/types\/product"}],"version-history":[{"count":1,"href":"https:\/\/www.destrancheesauxbarricades.com\/index.php\/wp-json\/wp\/v2\/product\/9853\/revisions"}],"predecessor-version":[{"id":9866,"href":"https:\/\/www.destrancheesauxbarricades.com\/index.php\/wp-json\/wp\/v2\/product\/9853\/revisions\/9866"}],"wp:featuredmedia":[{"embeddable":true,"href":"https:\/\/www.destrancheesauxbarricades.com\/index.php\/wp-json\/wp\/v2\/media\/9865"}],"wp:attachment":[{"href":"https:\/\/www.destrancheesauxbarricades.com\/index.php\/wp-json\/wp\/v2\/media?parent=9853"}],"wp:term":[{"taxonomy":"product_brand","embeddable":true,"href":"https:\/\/www.destrancheesauxbarricades.com\/index.php\/wp-json\/wp\/v2\/product_brand?post=9853"},{"taxonomy":"product_cat","embeddable":true,"href":"https:\/\/www.destrancheesauxbarricades.com\/index.php\/wp-json\/wp\/v2\/product_cat?post=9853"},{"taxonomy":"product_tag","embeddable":true,"href":"https:\/\/www.destrancheesauxbarricades.com\/index.php\/wp-json\/wp\/v2\/product_tag?post=9853"}],"curies":[{"name":"wp","href":"https:\/\/api.w.org\/{rel}","templated":true}]}}