{"id":9742,"date":"2023-10-15T04:23:11","date_gmt":"2023-10-15T04:23:11","guid":{"rendered":"https:\/\/www.destrancheesauxbarricades.com\/?post_type=product&#038;p=9742"},"modified":"2024-11-02T22:51:27","modified_gmt":"2024-11-02T22:51:27","slug":"cdt_gardes_mobiles","status":"publish","type":"product","link":"https:\/\/www.destrancheesauxbarricades.com\/index.php\/product\/cdt_gardes_mobiles\/","title":{"rendered":"Commandement Gardes Mobiles"},"content":{"rendered":"<p>Un commandement de gardes mobiles comprenant un officier, un porte-\u00e9tendard et un clairon dans des poses dynamiques.<\/p>\n<p>Les deux officiers sont en crim\u00e9enne, ce qui les rend utilisables aussi bien pour l&rsquo;infanterie de ligne que pour la garde mobile.<\/p>\n<p>L&rsquo;officier dispose de plusieurs options d&rsquo;armes.<\/p>\n<p>Une hampe de drapeau surmont\u00e9e de l&rsquo;aigle imp\u00e9rial est fournie. (non visible sur l&rsquo;image)<\/p>\n<p>Ce set de commandement est \u00e0 l&rsquo;\u00e9chelle <strong>28mm<\/strong> compatible avec les figurines Perry miniatures, avec des proportions anatomiques.<\/p>\n<p><img fetchpriority=\"high\" decoding=\"async\" class=\"size-medium wp-image-9780 aligncenter\" src=\"http:\/\/www.destrancheesauxbarricades.com\/wp-content\/uploads\/2023\/10\/WhatsApp-Image-2023-10-15-a-16.34.57_b45fce2d-300x192.jpg\" alt=\"\" width=\"300\" height=\"192\" srcset=\"https:\/\/www.destrancheesauxbarricades.com\/wp-content\/uploads\/2023\/10\/WhatsApp-Image-2023-10-15-a-16.34.57_b45fce2d-300x192.jpg 300w, https:\/\/www.destrancheesauxbarricades.com\/wp-content\/uploads\/2023\/10\/WhatsApp-Image-2023-10-15-a-16.34.57_b45fce2d-600x384.jpg 600w, https:\/\/www.destrancheesauxbarricades.com\/wp-content\/uploads\/2023\/10\/WhatsApp-Image-2023-10-15-a-16.34.57_b45fce2d-64x41.jpg 64w, https:\/\/www.destrancheesauxbarricades.com\/wp-content\/uploads\/2023\/10\/WhatsApp-Image-2023-10-15-a-16.34.57_b45fce2d-1024x655.jpg 1024w, https:\/\/www.destrancheesauxbarricades.com\/wp-content\/uploads\/2023\/10\/WhatsApp-Image-2023-10-15-a-16.34.57_b45fce2d-768x492.jpg 768w, https:\/\/www.destrancheesauxbarricades.com\/wp-content\/uploads\/2023\/10\/WhatsApp-Image-2023-10-15-a-16.34.57_b45fce2d-1536x983.jpg 1536w, https:\/\/www.destrancheesauxbarricades.com\/wp-content\/uploads\/2023\/10\/WhatsApp-Image-2023-10-15-a-16.34.57_b45fce2d.jpg 1600w\" sizes=\"(max-width: 300px) 100vw, 300px\" \/><\/p>\n<p>&nbsp;<\/p>\n<p>Les fichiers sont livr\u00e9s en <strong>.stl<\/strong><\/p>\n<p>Une version pr\u00e9-support\u00e9e (.chitubox) vous sera adress\u00e9e\u00a0 sur simple demande par mail (contact.barricades@gmail.com)<\/p>\n<p><strong>Sculpture Greg Girault sous licence FT Miniatures.<\/strong> Les fichiers <span class=\"jCAhz ChMk0b\"><span class=\"ryNqvb\">sont destin\u00e9s uniquement \u00e0 un usage personnel, domestique et non commercial et ne peuvent pas \u00eatre partag\u00e9s avec d&rsquo;autres.<\/span><\/span><\/p>\n<p><span class=\"jCAhz ChMk0b\"><span class=\"ryNqvb\">Les fichiers, impressions de fichiers ou d\u00e9riv\u00e9s de ceux-ci ne peuvent en aucun cas \u00eatre modifi\u00e9s redistribu\u00e9s ou partag\u00e9s.<\/span><\/span><\/p>\n<p><img decoding=\"async\" class=\"alignnone wp-image-9782 \" src=\"http:\/\/www.destrancheesauxbarricades.com\/wp-content\/uploads\/2023\/10\/382981128_122105400026064432_3624673603033483974_n-1-150x150.jpg\" alt=\"\" width=\"114\" height=\"114\" srcset=\"https:\/\/www.destrancheesauxbarricades.com\/wp-content\/uploads\/2023\/10\/382981128_122105400026064432_3624673603033483974_n-1-150x150.jpg 150w, https:\/\/www.destrancheesauxbarricades.com\/wp-content\/uploads\/2023\/10\/382981128_122105400026064432_3624673603033483974_n-1-100x100.jpg 100w, https:\/\/www.destrancheesauxbarricades.com\/wp-content\/uploads\/2023\/10\/382981128_122105400026064432_3624673603033483974_n-1-64x64.jpg 64w, https:\/\/www.destrancheesauxbarricades.com\/wp-content\/uploads\/2023\/10\/382981128_122105400026064432_3624673603033483974_n-1-145x145.jpg 145w, https:\/\/www.destrancheesauxbarricades.com\/wp-content\/uploads\/2023\/10\/382981128_122105400026064432_3624673603033483974_n-1-50x50.jpg 50w, https:\/\/www.destrancheesauxbarricades.com\/wp-content\/uploads\/2023\/10\/382981128_122105400026064432_3624673603033483974_n-1.jpg 200w\" sizes=\"(max-width: 114px) 100vw, 114px\" \/><\/p>\n","protected":false},"excerpt":{"rendered":"<p>Commandement des gardes mobiles en crim\u00e9enne\u00a0 (STL 28mm)<\/p>\n","protected":false},"featured_media":9779,"template":"","meta":{"_monsterinsights_skip_tracking":false,"_monsterinsights_sitenote_active":false,"_monsterinsights_sitenote_note":"","_monsterinsights_sitenote_category":0},"product_brand":[],"product_cat":[151,136],"product_tag":[],"class_list":{"0":"post-9742","1":"product","2":"type-product","3":"status-publish","4":"has-post-thumbnail","6":"product_cat-ft-miniatures","7":"product_cat-guerre-franco-allemande-1870-1871","8":"product_shipping_class-produits-telechargeables","11":"first","12":"outofstock","13":"downloadable","14":"virtual","15":"purchasable","16":"product-type-simple"},"yoast_head":"<!-- This site is optimized with the Yoast SEO plugin v27.3 - https:\/\/yoast.com\/product\/yoast-seo-wordpress\/ -->\n<title>Commandement Gardes Mobiles - Des tranch\u00e9es aux barricades<\/title>\n<meta name=\"robots\" content=\"index, follow, max-snippet:-1, max-image-preview:large, max-video-preview:-1\" \/>\n<link rel=\"canonical\" href=\"http:\/\/www.destrancheesauxbarricades.com\/index.php\/product\/cdt_gardes_mobiles\/\" \/>\n<meta property=\"og:locale\" content=\"fr_FR\" \/>\n<meta property=\"og:type\" content=\"article\" \/>\n<meta property=\"og:title\" content=\"Commandement Gardes Mobiles - Des tranch\u00e9es aux barricades\" \/>\n<meta property=\"og:description\" content=\"Commandement des gardes mobiles en crim\u00e9enne\u00a0 (STL 28mm)\" \/>\n<meta property=\"og:url\" content=\"http:\/\/www.destrancheesauxbarricades.com\/index.php\/product\/cdt_gardes_mobiles\/\" \/>\n<meta property=\"og:site_name\" content=\"Des tranch\u00e9es aux barricades\" \/>\n<meta property=\"article:modified_time\" content=\"2024-11-02T22:51:27+00:00\" \/>\n<meta property=\"og:image\" content=\"http:\/\/www.destrancheesauxbarricades.com\/wp-content\/uploads\/2023\/10\/produits-FTminiatures.jpg\" \/>\n\t<meta property=\"og:image:width\" content=\"864\" \/>\n\t<meta property=\"og:image:height\" content=\"864\" \/>\n\t<meta property=\"og:image:type\" content=\"image\/jpeg\" \/>\n<meta name=\"twitter:card\" content=\"summary_large_image\" \/>\n<meta name=\"twitter:label1\" content=\"Dur\u00e9e de lecture estim\u00e9e\" \/>\n\t<meta name=\"twitter:data1\" content=\"2 minutes\" \/>\n<script type=\"application\/ld+json\" class=\"yoast-schema-graph\">{\"@context\":\"https:\\\/\\\/schema.org\",\"@graph\":[{\"@type\":\"WebPage\",\"@id\":\"http:\\\/\\\/www.destrancheesauxbarricades.com\\\/index.php\\\/product\\\/cdt_gardes_mobiles\\\/\",\"url\":\"http:\\\/\\\/www.destrancheesauxbarricades.com\\\/index.php\\\/product\\\/cdt_gardes_mobiles\\\/\",\"name\":\"Commandement Gardes Mobiles - Des tranch\u00e9es aux barricades\",\"isPartOf\":{\"@id\":\"https:\\\/\\\/www.destrancheesauxbarricades.com\\\/#website\"},\"primaryImageOfPage\":{\"@id\":\"http:\\\/\\\/www.destrancheesauxbarricades.com\\\/index.php\\\/product\\\/cdt_gardes_mobiles\\\/#primaryimage\"},\"image\":{\"@id\":\"http:\\\/\\\/www.destrancheesauxbarricades.com\\\/index.php\\\/product\\\/cdt_gardes_mobiles\\\/#primaryimage\"},\"thumbnailUrl\":\"https:\\\/\\\/www.destrancheesauxbarricades.com\\\/wp-content\\\/uploads\\\/2023\\\/10\\\/produits-FTminiatures.jpg\",\"datePublished\":\"2023-10-15T04:23:11+00:00\",\"dateModified\":\"2024-11-02T22:51:27+00:00\",\"breadcrumb\":{\"@id\":\"http:\\\/\\\/www.destrancheesauxbarricades.com\\\/index.php\\\/product\\\/cdt_gardes_mobiles\\\/#breadcrumb\"},\"inLanguage\":\"fr-FR\",\"potentialAction\":[{\"@type\":\"ReadAction\",\"target\":[\"http:\\\/\\\/www.destrancheesauxbarricades.com\\\/index.php\\\/product\\\/cdt_gardes_mobiles\\\/\"]}]},{\"@type\":\"ImageObject\",\"inLanguage\":\"fr-FR\",\"@id\":\"http:\\\/\\\/www.destrancheesauxbarricades.com\\\/index.php\\\/product\\\/cdt_gardes_mobiles\\\/#primaryimage\",\"url\":\"https:\\\/\\\/www.destrancheesauxbarricades.com\\\/wp-content\\\/uploads\\\/2023\\\/10\\\/produits-FTminiatures.jpg\",\"contentUrl\":\"https:\\\/\\\/www.destrancheesauxbarricades.com\\\/wp-content\\\/uploads\\\/2023\\\/10\\\/produits-FTminiatures.jpg\",\"width\":864,\"height\":864},{\"@type\":\"BreadcrumbList\",\"@id\":\"http:\\\/\\\/www.destrancheesauxbarricades.com\\\/index.php\\\/product\\\/cdt_gardes_mobiles\\\/#breadcrumb\",\"itemListElement\":[{\"@type\":\"ListItem\",\"position\":1,\"name\":\"Accueil\",\"item\":\"https:\\\/\\\/www.destrancheesauxbarricades.com\\\/\"},{\"@type\":\"ListItem\",\"position\":2,\"name\":\"Shop\",\"item\":\"https:\\\/\\\/www.destrancheesauxbarricades.com\\\/index.php\\\/shop\\\/\"},{\"@type\":\"ListItem\",\"position\":3,\"name\":\"Commandement Gardes Mobiles\"}]},{\"@type\":\"WebSite\",\"@id\":\"https:\\\/\\\/www.destrancheesauxbarricades.com\\\/#website\",\"url\":\"https:\\\/\\\/www.destrancheesauxbarricades.com\\\/\",\"name\":\"Des tranch\u00e9es aux barricades\",\"description\":\"Jeu d&#039;escarmouches au d\u00e9but du XXe si\u00e8cle\",\"potentialAction\":[{\"@type\":\"SearchAction\",\"target\":{\"@type\":\"EntryPoint\",\"urlTemplate\":\"https:\\\/\\\/www.destrancheesauxbarricades.com\\\/?s={search_term_string}\"},\"query-input\":{\"@type\":\"PropertyValueSpecification\",\"valueRequired\":true,\"valueName\":\"search_term_string\"}}],\"inLanguage\":\"fr-FR\"}]}<\/script>\n<!-- \/ Yoast SEO plugin. -->","yoast_head_json":{"title":"Commandement Gardes Mobiles - Des tranch\u00e9es aux barricades","robots":{"index":"index","follow":"follow","max-snippet":"max-snippet:-1","max-image-preview":"max-image-preview:large","max-video-preview":"max-video-preview:-1"},"canonical":"http:\/\/www.destrancheesauxbarricades.com\/index.php\/product\/cdt_gardes_mobiles\/","og_locale":"fr_FR","og_type":"article","og_title":"Commandement Gardes Mobiles - Des tranch\u00e9es aux barricades","og_description":"Commandement des gardes mobiles en crim\u00e9enne\u00a0 (STL 28mm)","og_url":"http:\/\/www.destrancheesauxbarricades.com\/index.php\/product\/cdt_gardes_mobiles\/","og_site_name":"Des tranch\u00e9es aux barricades","article_modified_time":"2024-11-02T22:51:27+00:00","og_image":[{"width":864,"height":864,"url":"http:\/\/www.destrancheesauxbarricades.com\/wp-content\/uploads\/2023\/10\/produits-FTminiatures.jpg","type":"image\/jpeg"}],"twitter_card":"summary_large_image","twitter_misc":{"Dur\u00e9e de lecture estim\u00e9e":"2 minutes"},"schema":{"@context":"https:\/\/schema.org","@graph":[{"@type":"WebPage","@id":"http:\/\/www.destrancheesauxbarricades.com\/index.php\/product\/cdt_gardes_mobiles\/","url":"http:\/\/www.destrancheesauxbarricades.com\/index.php\/product\/cdt_gardes_mobiles\/","name":"Commandement Gardes Mobiles - Des tranch\u00e9es aux barricades","isPartOf":{"@id":"https:\/\/www.destrancheesauxbarricades.com\/#website"},"primaryImageOfPage":{"@id":"http:\/\/www.destrancheesauxbarricades.com\/index.php\/product\/cdt_gardes_mobiles\/#primaryimage"},"image":{"@id":"http:\/\/www.destrancheesauxbarricades.com\/index.php\/product\/cdt_gardes_mobiles\/#primaryimage"},"thumbnailUrl":"https:\/\/www.destrancheesauxbarricades.com\/wp-content\/uploads\/2023\/10\/produits-FTminiatures.jpg","datePublished":"2023-10-15T04:23:11+00:00","dateModified":"2024-11-02T22:51:27+00:00","breadcrumb":{"@id":"http:\/\/www.destrancheesauxbarricades.com\/index.php\/product\/cdt_gardes_mobiles\/#breadcrumb"},"inLanguage":"fr-FR","potentialAction":[{"@type":"ReadAction","target":["http:\/\/www.destrancheesauxbarricades.com\/index.php\/product\/cdt_gardes_mobiles\/"]}]},{"@type":"ImageObject","inLanguage":"fr-FR","@id":"http:\/\/www.destrancheesauxbarricades.com\/index.php\/product\/cdt_gardes_mobiles\/#primaryimage","url":"https:\/\/www.destrancheesauxbarricades.com\/wp-content\/uploads\/2023\/10\/produits-FTminiatures.jpg","contentUrl":"https:\/\/www.destrancheesauxbarricades.com\/wp-content\/uploads\/2023\/10\/produits-FTminiatures.jpg","width":864,"height":864},{"@type":"BreadcrumbList","@id":"http:\/\/www.destrancheesauxbarricades.com\/index.php\/product\/cdt_gardes_mobiles\/#breadcrumb","itemListElement":[{"@type":"ListItem","position":1,"name":"Accueil","item":"https:\/\/www.destrancheesauxbarricades.com\/"},{"@type":"ListItem","position":2,"name":"Shop","item":"https:\/\/www.destrancheesauxbarricades.com\/index.php\/shop\/"},{"@type":"ListItem","position":3,"name":"Commandement Gardes Mobiles"}]},{"@type":"WebSite","@id":"https:\/\/www.destrancheesauxbarricades.com\/#website","url":"https:\/\/www.destrancheesauxbarricades.com\/","name":"Des tranch\u00e9es aux barricades","description":"Jeu d&#039;escarmouches au d\u00e9but du XXe si\u00e8cle","potentialAction":[{"@type":"SearchAction","target":{"@type":"EntryPoint","urlTemplate":"https:\/\/www.destrancheesauxbarricades.com\/?s={search_term_string}"},"query-input":{"@type":"PropertyValueSpecification","valueRequired":true,"valueName":"search_term_string"}}],"inLanguage":"fr-FR"}]}},"jetpack_sharing_enabled":true,"_links":{"self":[{"href":"https:\/\/www.destrancheesauxbarricades.com\/index.php\/wp-json\/wp\/v2\/product\/9742","targetHints":{"allow":["GET"]}}],"collection":[{"href":"https:\/\/www.destrancheesauxbarricades.com\/index.php\/wp-json\/wp\/v2\/product"}],"about":[{"href":"https:\/\/www.destrancheesauxbarricades.com\/index.php\/wp-json\/wp\/v2\/types\/product"}],"version-history":[{"count":1,"href":"https:\/\/www.destrancheesauxbarricades.com\/index.php\/wp-json\/wp\/v2\/product\/9742\/revisions"}],"predecessor-version":[{"id":9781,"href":"https:\/\/www.destrancheesauxbarricades.com\/index.php\/wp-json\/wp\/v2\/product\/9742\/revisions\/9781"}],"wp:featuredmedia":[{"embeddable":true,"href":"https:\/\/www.destrancheesauxbarricades.com\/index.php\/wp-json\/wp\/v2\/media\/9779"}],"wp:attachment":[{"href":"https:\/\/www.destrancheesauxbarricades.com\/index.php\/wp-json\/wp\/v2\/media?parent=9742"}],"wp:term":[{"taxonomy":"product_brand","embeddable":true,"href":"https:\/\/www.destrancheesauxbarricades.com\/index.php\/wp-json\/wp\/v2\/product_brand?post=9742"},{"taxonomy":"product_cat","embeddable":true,"href":"https:\/\/www.destrancheesauxbarricades.com\/index.php\/wp-json\/wp\/v2\/product_cat?post=9742"},{"taxonomy":"product_tag","embeddable":true,"href":"https:\/\/www.destrancheesauxbarricades.com\/index.php\/wp-json\/wp\/v2\/product_tag?post=9742"}],"curies":[{"name":"wp","href":"https:\/\/api.w.org\/{rel}","templated":true}]}}