{"id":9036,"date":"2023-02-06T13:59:28","date_gmt":"2023-02-06T13:59:28","guid":{"rendered":"https:\/\/www.destrancheesauxbarricades.com\/?post_type=product&#038;p=9036"},"modified":"2025-11-10T18:32:00","modified_gmt":"2025-11-10T18:32:00","slug":"lawrence-darabie","status":"publish","type":"product","link":"https:\/\/www.destrancheesauxbarricades.com\/index.php\/product\/lawrence-darabie\/","title":{"rendered":"Lawrence d&rsquo;Arabie"},"content":{"rendered":"<h5 style=\"text-align: center;\">LAWRENCE D\u2019ARABIE<\/h5>\n<h5 style=\"text-align: center;\">Plus connu sous son nom de Lawrence d\u2019Arabie, Thomas Edward Lawrence<br \/>\nest un officier et \u00e9crivain britannique entr\u00e9 dans la l\u00e9gende d\u00e8s les ann\u00e9es<br \/>\n1920 gr\u00e2ce au journaliste am\u00e9ricain Lowell Thomas.<br \/>\nD\u00e8s le d\u00e9but des hostilit\u00e9s, T.E. Lawrence se rend au Caire et rejoint les<br \/>\nservices de renseignement britanniques avant d\u2019\u00eatre envoy\u00e9 en octobre<br \/>\n1916 en mission dans le Hedjaz en tant qu\u2019agent de liaison.<br \/>\nIl s\u2019empare de la ville d\u2019Aqaba en juillet 1917 \u00e0 la t\u00eate d\u2019un contingent de<br \/>\ncavaliers et m\u00e9haristes arabes, et participe r\u00e9guli\u00e8rement aux actions de<br \/>\ngu\u00e9rilla men\u00e9es par les troupes de l\u2019\u00e9mir Faycal ben Hussein, contre les<br \/>\ntroupes ottomanes et le chemin de fer du Hedjaz.<\/h5>\n<p><img fetchpriority=\"high\" decoding=\"async\" class=\"size-medium wp-image-9110 aligncenter\" src=\"http:\/\/www.destrancheesauxbarricades.com\/wp-content\/uploads\/2023\/02\/lawrencedessin-263x300.jpg\" alt=\"\" width=\"263\" height=\"300\" srcset=\"https:\/\/www.destrancheesauxbarricades.com\/wp-content\/uploads\/2023\/02\/lawrencedessin-263x300.jpg 263w, https:\/\/www.destrancheesauxbarricades.com\/wp-content\/uploads\/2023\/02\/lawrencedessin-64x73.jpg 64w, https:\/\/www.destrancheesauxbarricades.com\/wp-content\/uploads\/2023\/02\/lawrencedessin-328x374.jpg 328w, https:\/\/www.destrancheesauxbarricades.com\/wp-content\/uploads\/2023\/02\/lawrencedessin.jpg 567w\" sizes=\"(max-width: 263px) 100vw, 263px\" \/><\/p>\n<p>Figurine 28 mm imprim\u00e9e en r\u00e9sine par <strong><a href=\"https:\/\/www.ludocortorum.fr\/\" target=\"_blank\" rel=\"noopener\">Ludocortorum, impression 3D<\/a><\/strong>, \u00e0 assembler et \u00e0 peindre.<br \/>\nSocle non fourni. Visuels non contractuels.<\/p>\n<p>Ceci n\u2019est pas un jouet &#8211; Ne convient pas aux enfants de moins de 14 ans.<\/p>\n","protected":false},"excerpt":{"rendered":"<p>[fsl-progress-bar]<\/p>\n<p>Lawrence d&rsquo;Arabie<\/p>\n<p>Figurine 28mm en r\u00e9sine, \u00e0 assembler et \u00e0 peindre<\/p>\n","protected":false},"featured_media":9108,"template":"","meta":{"_monsterinsights_skip_tracking":false,"_monsterinsights_sitenote_active":false,"_monsterinsights_sitenote_note":"","_monsterinsights_sitenote_category":0},"product_brand":[],"product_cat":[159,137,138],"product_tag":[],"class_list":{"0":"post-9036","1":"product","2":"type-product","3":"status-publish","4":"has-post-thumbnail","6":"product_cat-des-tranchees-aux-barricades","7":"product_cat-premiere-guerre-mondiale","8":"product_cat-revolte-arabe-de-1916-1918","11":"first","12":"outofstock","13":"purchasable","14":"product-type-simple"},"yoast_head":"<!-- This site is optimized with the Yoast SEO plugin v27.4 - https:\/\/yoast.com\/product\/yoast-seo-wordpress\/ -->\n<title>Lawrence d&#039;Arabie - Des tranch\u00e9es aux barricades<\/title>\n<meta name=\"robots\" content=\"index, follow, max-snippet:-1, max-image-preview:large, max-video-preview:-1\" \/>\n<link rel=\"canonical\" href=\"http:\/\/www.destrancheesauxbarricades.com\/index.php\/product\/lawrence-darabie\/\" \/>\n<meta property=\"og:locale\" content=\"fr_FR\" \/>\n<meta property=\"og:type\" content=\"article\" \/>\n<meta property=\"og:title\" content=\"Lawrence d&#039;Arabie - Des tranch\u00e9es aux barricades\" \/>\n<meta property=\"og:description\" content=\"[fsl-progress-bar]  Lawrence d&#039;Arabie  Figurine 28mm en r\u00e9sine, \u00e0 assembler et \u00e0 peindre\" \/>\n<meta property=\"og:url\" content=\"http:\/\/www.destrancheesauxbarricades.com\/index.php\/product\/lawrence-darabie\/\" \/>\n<meta property=\"og:site_name\" content=\"Des tranch\u00e9es aux barricades\" \/>\n<meta property=\"article:modified_time\" content=\"2025-11-10T18:32:00+00:00\" \/>\n<meta property=\"og:image\" content=\"http:\/\/www.destrancheesauxbarricades.com\/wp-content\/uploads\/2023\/02\/lawrence-1.jpg\" \/>\n\t<meta property=\"og:image:width\" content=\"1677\" \/>\n\t<meta property=\"og:image:height\" content=\"1677\" \/>\n\t<meta property=\"og:image:type\" content=\"image\/jpeg\" \/>\n<meta name=\"twitter:card\" content=\"summary_large_image\" \/>\n<meta name=\"twitter:label1\" content=\"Dur\u00e9e de lecture estim\u00e9e\" \/>\n\t<meta name=\"twitter:data1\" content=\"2 minutes\" \/>\n<script type=\"application\/ld+json\" class=\"yoast-schema-graph\">{\"@context\":\"https:\\\/\\\/schema.org\",\"@graph\":[{\"@type\":\"WebPage\",\"@id\":\"http:\\\/\\\/www.destrancheesauxbarricades.com\\\/index.php\\\/product\\\/lawrence-darabie\\\/\",\"url\":\"http:\\\/\\\/www.destrancheesauxbarricades.com\\\/index.php\\\/product\\\/lawrence-darabie\\\/\",\"name\":\"Lawrence d'Arabie - Des tranch\u00e9es aux barricades\",\"isPartOf\":{\"@id\":\"http:\\\/\\\/www.destrancheesauxbarricades.com\\\/#website\"},\"primaryImageOfPage\":{\"@id\":\"http:\\\/\\\/www.destrancheesauxbarricades.com\\\/index.php\\\/product\\\/lawrence-darabie\\\/#primaryimage\"},\"image\":{\"@id\":\"http:\\\/\\\/www.destrancheesauxbarricades.com\\\/index.php\\\/product\\\/lawrence-darabie\\\/#primaryimage\"},\"thumbnailUrl\":\"https:\\\/\\\/www.destrancheesauxbarricades.com\\\/wp-content\\\/uploads\\\/2023\\\/02\\\/lawrence-1.jpg\",\"datePublished\":\"2023-02-06T13:59:28+00:00\",\"dateModified\":\"2025-11-10T18:32:00+00:00\",\"breadcrumb\":{\"@id\":\"http:\\\/\\\/www.destrancheesauxbarricades.com\\\/index.php\\\/product\\\/lawrence-darabie\\\/#breadcrumb\"},\"inLanguage\":\"fr-FR\",\"potentialAction\":[{\"@type\":\"ReadAction\",\"target\":[\"http:\\\/\\\/www.destrancheesauxbarricades.com\\\/index.php\\\/product\\\/lawrence-darabie\\\/\"]}]},{\"@type\":\"ImageObject\",\"inLanguage\":\"fr-FR\",\"@id\":\"http:\\\/\\\/www.destrancheesauxbarricades.com\\\/index.php\\\/product\\\/lawrence-darabie\\\/#primaryimage\",\"url\":\"https:\\\/\\\/www.destrancheesauxbarricades.com\\\/wp-content\\\/uploads\\\/2023\\\/02\\\/lawrence-1.jpg\",\"contentUrl\":\"https:\\\/\\\/www.destrancheesauxbarricades.com\\\/wp-content\\\/uploads\\\/2023\\\/02\\\/lawrence-1.jpg\",\"width\":1677,\"height\":1677},{\"@type\":\"BreadcrumbList\",\"@id\":\"http:\\\/\\\/www.destrancheesauxbarricades.com\\\/index.php\\\/product\\\/lawrence-darabie\\\/#breadcrumb\",\"itemListElement\":[{\"@type\":\"ListItem\",\"position\":1,\"name\":\"Accueil\",\"item\":\"http:\\\/\\\/www.destrancheesauxbarricades.com\\\/\"},{\"@type\":\"ListItem\",\"position\":2,\"name\":\"Shop\",\"item\":\"https:\\\/\\\/www.destrancheesauxbarricades.com\\\/index.php\\\/shop\\\/\"},{\"@type\":\"ListItem\",\"position\":3,\"name\":\"Lawrence d&#8217;Arabie\"}]},{\"@type\":\"WebSite\",\"@id\":\"http:\\\/\\\/www.destrancheesauxbarricades.com\\\/#website\",\"url\":\"http:\\\/\\\/www.destrancheesauxbarricades.com\\\/\",\"name\":\"Des tranch\u00e9es aux barricades\",\"description\":\"Jeu d&#039;escarmouches au d\u00e9but du XXe si\u00e8cle\",\"potentialAction\":[{\"@type\":\"SearchAction\",\"target\":{\"@type\":\"EntryPoint\",\"urlTemplate\":\"http:\\\/\\\/www.destrancheesauxbarricades.com\\\/?s={search_term_string}\"},\"query-input\":{\"@type\":\"PropertyValueSpecification\",\"valueRequired\":true,\"valueName\":\"search_term_string\"}}],\"inLanguage\":\"fr-FR\"}]}<\/script>\n<!-- \/ Yoast SEO plugin. -->","yoast_head_json":{"title":"Lawrence d'Arabie - Des tranch\u00e9es aux barricades","robots":{"index":"index","follow":"follow","max-snippet":"max-snippet:-1","max-image-preview":"max-image-preview:large","max-video-preview":"max-video-preview:-1"},"canonical":"http:\/\/www.destrancheesauxbarricades.com\/index.php\/product\/lawrence-darabie\/","og_locale":"fr_FR","og_type":"article","og_title":"Lawrence d'Arabie - Des tranch\u00e9es aux barricades","og_description":"[fsl-progress-bar]  Lawrence d'Arabie  Figurine 28mm en r\u00e9sine, \u00e0 assembler et \u00e0 peindre","og_url":"http:\/\/www.destrancheesauxbarricades.com\/index.php\/product\/lawrence-darabie\/","og_site_name":"Des tranch\u00e9es aux barricades","article_modified_time":"2025-11-10T18:32:00+00:00","og_image":[{"width":1677,"height":1677,"url":"http:\/\/www.destrancheesauxbarricades.com\/wp-content\/uploads\/2023\/02\/lawrence-1.jpg","type":"image\/jpeg"}],"twitter_card":"summary_large_image","twitter_misc":{"Dur\u00e9e de lecture estim\u00e9e":"2 minutes"},"schema":{"@context":"https:\/\/schema.org","@graph":[{"@type":"WebPage","@id":"http:\/\/www.destrancheesauxbarricades.com\/index.php\/product\/lawrence-darabie\/","url":"http:\/\/www.destrancheesauxbarricades.com\/index.php\/product\/lawrence-darabie\/","name":"Lawrence d'Arabie - Des tranch\u00e9es aux barricades","isPartOf":{"@id":"http:\/\/www.destrancheesauxbarricades.com\/#website"},"primaryImageOfPage":{"@id":"http:\/\/www.destrancheesauxbarricades.com\/index.php\/product\/lawrence-darabie\/#primaryimage"},"image":{"@id":"http:\/\/www.destrancheesauxbarricades.com\/index.php\/product\/lawrence-darabie\/#primaryimage"},"thumbnailUrl":"https:\/\/www.destrancheesauxbarricades.com\/wp-content\/uploads\/2023\/02\/lawrence-1.jpg","datePublished":"2023-02-06T13:59:28+00:00","dateModified":"2025-11-10T18:32:00+00:00","breadcrumb":{"@id":"http:\/\/www.destrancheesauxbarricades.com\/index.php\/product\/lawrence-darabie\/#breadcrumb"},"inLanguage":"fr-FR","potentialAction":[{"@type":"ReadAction","target":["http:\/\/www.destrancheesauxbarricades.com\/index.php\/product\/lawrence-darabie\/"]}]},{"@type":"ImageObject","inLanguage":"fr-FR","@id":"http:\/\/www.destrancheesauxbarricades.com\/index.php\/product\/lawrence-darabie\/#primaryimage","url":"https:\/\/www.destrancheesauxbarricades.com\/wp-content\/uploads\/2023\/02\/lawrence-1.jpg","contentUrl":"https:\/\/www.destrancheesauxbarricades.com\/wp-content\/uploads\/2023\/02\/lawrence-1.jpg","width":1677,"height":1677},{"@type":"BreadcrumbList","@id":"http:\/\/www.destrancheesauxbarricades.com\/index.php\/product\/lawrence-darabie\/#breadcrumb","itemListElement":[{"@type":"ListItem","position":1,"name":"Accueil","item":"http:\/\/www.destrancheesauxbarricades.com\/"},{"@type":"ListItem","position":2,"name":"Shop","item":"https:\/\/www.destrancheesauxbarricades.com\/index.php\/shop\/"},{"@type":"ListItem","position":3,"name":"Lawrence d&#8217;Arabie"}]},{"@type":"WebSite","@id":"http:\/\/www.destrancheesauxbarricades.com\/#website","url":"http:\/\/www.destrancheesauxbarricades.com\/","name":"Des tranch\u00e9es aux barricades","description":"Jeu d&#039;escarmouches au d\u00e9but du XXe si\u00e8cle","potentialAction":[{"@type":"SearchAction","target":{"@type":"EntryPoint","urlTemplate":"http:\/\/www.destrancheesauxbarricades.com\/?s={search_term_string}"},"query-input":{"@type":"PropertyValueSpecification","valueRequired":true,"valueName":"search_term_string"}}],"inLanguage":"fr-FR"}]}},"jetpack_sharing_enabled":true,"_links":{"self":[{"href":"https:\/\/www.destrancheesauxbarricades.com\/index.php\/wp-json\/wp\/v2\/product\/9036","targetHints":{"allow":["GET"]}}],"collection":[{"href":"https:\/\/www.destrancheesauxbarricades.com\/index.php\/wp-json\/wp\/v2\/product"}],"about":[{"href":"https:\/\/www.destrancheesauxbarricades.com\/index.php\/wp-json\/wp\/v2\/types\/product"}],"version-history":[{"count":2,"href":"https:\/\/www.destrancheesauxbarricades.com\/index.php\/wp-json\/wp\/v2\/product\/9036\/revisions"}],"predecessor-version":[{"id":14044,"href":"https:\/\/www.destrancheesauxbarricades.com\/index.php\/wp-json\/wp\/v2\/product\/9036\/revisions\/14044"}],"wp:featuredmedia":[{"embeddable":true,"href":"https:\/\/www.destrancheesauxbarricades.com\/index.php\/wp-json\/wp\/v2\/media\/9108"}],"wp:attachment":[{"href":"https:\/\/www.destrancheesauxbarricades.com\/index.php\/wp-json\/wp\/v2\/media?parent=9036"}],"wp:term":[{"taxonomy":"product_brand","embeddable":true,"href":"https:\/\/www.destrancheesauxbarricades.com\/index.php\/wp-json\/wp\/v2\/product_brand?post=9036"},{"taxonomy":"product_cat","embeddable":true,"href":"https:\/\/www.destrancheesauxbarricades.com\/index.php\/wp-json\/wp\/v2\/product_cat?post=9036"},{"taxonomy":"product_tag","embeddable":true,"href":"https:\/\/www.destrancheesauxbarricades.com\/index.php\/wp-json\/wp\/v2\/product_tag?post=9036"}],"curies":[{"name":"wp","href":"https:\/\/api.w.org\/{rel}","templated":true}]}}