{"id":8497,"date":"2022-01-21T11:21:07","date_gmt":"2022-01-21T11:21:07","guid":{"rendered":"https:\/\/www.destrancheesauxbarricades.com\/?post_type=product&#038;p=8497"},"modified":"2025-06-30T18:27:39","modified_gmt":"2025-06-30T18:27:39","slug":"battlemap-prairie-et-boue-120x90cm","status":"publish","type":"product","link":"https:\/\/www.destrancheesauxbarricades.com\/index.php\/product\/battlemap-prairie-et-boue-120x90cm\/","title":{"rendered":"Battlemap Prairie et boue 120x90cm"},"content":{"rendered":"<p>Nappe aux motifs Prairie et boue avec un quadrillage de 10x10cm<\/p>\n<p>Plut\u00f4t pr\u00e9vue pour le 28mm<\/p>\n<p>&nbsp;<\/p>\n<p>En PVC premium 510g\/m\u00b2, verso simple<\/p>\n","protected":false},"excerpt":{"rendered":"<p>[fsl-progress-bar]<\/p>\n<p>Nappe aux motifs prairie et boue avec un quadrillage de 10x10cm<\/p>\n","protected":false},"featured_media":8441,"template":"","meta":{"_monsterinsights_skip_tracking":false,"_monsterinsights_sitenote_active":false,"_monsterinsights_sitenote_note":"","_monsterinsights_sitenote_category":0},"product_brand":[],"product_cat":[149,159,90],"product_tag":[],"class_list":{"0":"post-8497","1":"product","2":"type-product","3":"status-publish","4":"has-post-thumbnail","6":"product_cat-decors-28mm","7":"product_cat-des-tranchees-aux-barricades","8":"product_cat-regles-et-extensions","11":"first","12":"outofstock","13":"taxable","14":"shipping-taxable","15":"purchasable","16":"product-type-simple"},"yoast_head":"<!-- This site is optimized with the Yoast SEO plugin v27.5 - https:\/\/yoast.com\/product\/yoast-seo-wordpress\/ -->\n<title>Battlemap Prairie et boue 120x90cm - Des tranch\u00e9es aux barricades<\/title>\n<meta name=\"description\" content=\"Nappe aux motifs d\u00e9sertiques avec un quadrillage de 10x10cm. Plut\u00f4t pr\u00e9vue pour le 28mm. En PVC premium 510g\/m\u00b2, verso simple\" \/>\n<meta name=\"robots\" content=\"index, follow, max-snippet:-1, max-image-preview:large, max-video-preview:-1\" \/>\n<link rel=\"canonical\" href=\"http:\/\/www.destrancheesauxbarricades.com\/index.php\/product\/battlemap-prairie-et-boue-120x90cm\/\" \/>\n<meta property=\"og:locale\" content=\"fr_FR\" \/>\n<meta property=\"og:type\" content=\"article\" \/>\n<meta property=\"og:title\" content=\"Battlemap Prairie et boue 120x90cm - Des tranch\u00e9es aux barricades\" \/>\n<meta property=\"og:description\" content=\"Nappe aux motifs d\u00e9sertiques avec un quadrillage de 10x10cm. Plut\u00f4t pr\u00e9vue pour le 28mm. En PVC premium 510g\/m\u00b2, verso simple\" \/>\n<meta property=\"og:url\" content=\"http:\/\/www.destrancheesauxbarricades.com\/index.php\/product\/battlemap-prairie-et-boue-120x90cm\/\" \/>\n<meta property=\"og:site_name\" content=\"Des tranch\u00e9es aux barricades\" \/>\n<meta property=\"article:modified_time\" content=\"2025-06-30T18:27:39+00:00\" \/>\n<meta property=\"og:image\" content=\"http:\/\/www.destrancheesauxbarricades.com\/wp-content\/uploads\/2022\/01\/Playmate.jpg\" \/>\n\t<meta property=\"og:image:width\" content=\"800\" \/>\n\t<meta property=\"og:image:height\" content=\"800\" \/>\n\t<meta property=\"og:image:type\" content=\"image\/jpeg\" \/>\n<meta name=\"twitter:card\" content=\"summary_large_image\" \/>\n<meta name=\"twitter:label1\" content=\"Dur\u00e9e de lecture estim\u00e9e\" \/>\n\t<meta name=\"twitter:data1\" content=\"1 minute\" \/>\n<script type=\"application\/ld+json\" class=\"yoast-schema-graph\">{\"@context\":\"https:\\\/\\\/schema.org\",\"@graph\":[{\"@type\":\"WebPage\",\"@id\":\"http:\\\/\\\/www.destrancheesauxbarricades.com\\\/index.php\\\/product\\\/battlemap-prairie-et-boue-120x90cm\\\/\",\"url\":\"http:\\\/\\\/www.destrancheesauxbarricades.com\\\/index.php\\\/product\\\/battlemap-prairie-et-boue-120x90cm\\\/\",\"name\":\"Battlemap Prairie et boue 120x90cm - Des tranch\u00e9es aux barricades\",\"isPartOf\":{\"@id\":\"http:\\\/\\\/www.destrancheesauxbarricades.com\\\/#website\"},\"primaryImageOfPage\":{\"@id\":\"http:\\\/\\\/www.destrancheesauxbarricades.com\\\/index.php\\\/product\\\/battlemap-prairie-et-boue-120x90cm\\\/#primaryimage\"},\"image\":{\"@id\":\"http:\\\/\\\/www.destrancheesauxbarricades.com\\\/index.php\\\/product\\\/battlemap-prairie-et-boue-120x90cm\\\/#primaryimage\"},\"thumbnailUrl\":\"https:\\\/\\\/www.destrancheesauxbarricades.com\\\/wp-content\\\/uploads\\\/2022\\\/01\\\/Playmate.jpg\",\"datePublished\":\"2022-01-21T11:21:07+00:00\",\"dateModified\":\"2025-06-30T18:27:39+00:00\",\"description\":\"Nappe aux motifs d\u00e9sertiques avec un quadrillage de 10x10cm. Plut\u00f4t pr\u00e9vue pour le 28mm. En PVC premium 510g\\\/m\u00b2, verso simple\",\"breadcrumb\":{\"@id\":\"http:\\\/\\\/www.destrancheesauxbarricades.com\\\/index.php\\\/product\\\/battlemap-prairie-et-boue-120x90cm\\\/#breadcrumb\"},\"inLanguage\":\"fr-FR\",\"potentialAction\":[{\"@type\":\"ReadAction\",\"target\":[\"http:\\\/\\\/www.destrancheesauxbarricades.com\\\/index.php\\\/product\\\/battlemap-prairie-et-boue-120x90cm\\\/\"]}]},{\"@type\":\"ImageObject\",\"inLanguage\":\"fr-FR\",\"@id\":\"http:\\\/\\\/www.destrancheesauxbarricades.com\\\/index.php\\\/product\\\/battlemap-prairie-et-boue-120x90cm\\\/#primaryimage\",\"url\":\"https:\\\/\\\/www.destrancheesauxbarricades.com\\\/wp-content\\\/uploads\\\/2022\\\/01\\\/Playmate.jpg\",\"contentUrl\":\"https:\\\/\\\/www.destrancheesauxbarricades.com\\\/wp-content\\\/uploads\\\/2022\\\/01\\\/Playmate.jpg\",\"width\":800,\"height\":800},{\"@type\":\"BreadcrumbList\",\"@id\":\"http:\\\/\\\/www.destrancheesauxbarricades.com\\\/index.php\\\/product\\\/battlemap-prairie-et-boue-120x90cm\\\/#breadcrumb\",\"itemListElement\":[{\"@type\":\"ListItem\",\"position\":1,\"name\":\"Accueil\",\"item\":\"http:\\\/\\\/www.destrancheesauxbarricades.com\\\/\"},{\"@type\":\"ListItem\",\"position\":2,\"name\":\"Shop\",\"item\":\"https:\\\/\\\/www.destrancheesauxbarricades.com\\\/index.php\\\/shop\\\/\"},{\"@type\":\"ListItem\",\"position\":3,\"name\":\"Battlemap Prairie et boue 120x90cm\"}]},{\"@type\":\"WebSite\",\"@id\":\"http:\\\/\\\/www.destrancheesauxbarricades.com\\\/#website\",\"url\":\"http:\\\/\\\/www.destrancheesauxbarricades.com\\\/\",\"name\":\"Des tranch\u00e9es aux barricades\",\"description\":\"Jeu d&#039;escarmouches au d\u00e9but du XXe si\u00e8cle\",\"potentialAction\":[{\"@type\":\"SearchAction\",\"target\":{\"@type\":\"EntryPoint\",\"urlTemplate\":\"http:\\\/\\\/www.destrancheesauxbarricades.com\\\/?s={search_term_string}\"},\"query-input\":{\"@type\":\"PropertyValueSpecification\",\"valueRequired\":true,\"valueName\":\"search_term_string\"}}],\"inLanguage\":\"fr-FR\"}]}<\/script>\n<!-- \/ Yoast SEO plugin. -->","yoast_head_json":{"title":"Battlemap Prairie et boue 120x90cm - Des tranch\u00e9es aux barricades","description":"Nappe aux motifs d\u00e9sertiques avec un quadrillage de 10x10cm. Plut\u00f4t pr\u00e9vue pour le 28mm. En PVC premium 510g\/m\u00b2, verso simple","robots":{"index":"index","follow":"follow","max-snippet":"max-snippet:-1","max-image-preview":"max-image-preview:large","max-video-preview":"max-video-preview:-1"},"canonical":"http:\/\/www.destrancheesauxbarricades.com\/index.php\/product\/battlemap-prairie-et-boue-120x90cm\/","og_locale":"fr_FR","og_type":"article","og_title":"Battlemap Prairie et boue 120x90cm - Des tranch\u00e9es aux barricades","og_description":"Nappe aux motifs d\u00e9sertiques avec un quadrillage de 10x10cm. Plut\u00f4t pr\u00e9vue pour le 28mm. En PVC premium 510g\/m\u00b2, verso simple","og_url":"http:\/\/www.destrancheesauxbarricades.com\/index.php\/product\/battlemap-prairie-et-boue-120x90cm\/","og_site_name":"Des tranch\u00e9es aux barricades","article_modified_time":"2025-06-30T18:27:39+00:00","og_image":[{"width":800,"height":800,"url":"http:\/\/www.destrancheesauxbarricades.com\/wp-content\/uploads\/2022\/01\/Playmate.jpg","type":"image\/jpeg"}],"twitter_card":"summary_large_image","twitter_misc":{"Dur\u00e9e de lecture estim\u00e9e":"1 minute"},"schema":{"@context":"https:\/\/schema.org","@graph":[{"@type":"WebPage","@id":"http:\/\/www.destrancheesauxbarricades.com\/index.php\/product\/battlemap-prairie-et-boue-120x90cm\/","url":"http:\/\/www.destrancheesauxbarricades.com\/index.php\/product\/battlemap-prairie-et-boue-120x90cm\/","name":"Battlemap Prairie et boue 120x90cm - Des tranch\u00e9es aux barricades","isPartOf":{"@id":"http:\/\/www.destrancheesauxbarricades.com\/#website"},"primaryImageOfPage":{"@id":"http:\/\/www.destrancheesauxbarricades.com\/index.php\/product\/battlemap-prairie-et-boue-120x90cm\/#primaryimage"},"image":{"@id":"http:\/\/www.destrancheesauxbarricades.com\/index.php\/product\/battlemap-prairie-et-boue-120x90cm\/#primaryimage"},"thumbnailUrl":"https:\/\/www.destrancheesauxbarricades.com\/wp-content\/uploads\/2022\/01\/Playmate.jpg","datePublished":"2022-01-21T11:21:07+00:00","dateModified":"2025-06-30T18:27:39+00:00","description":"Nappe aux motifs d\u00e9sertiques avec un quadrillage de 10x10cm. Plut\u00f4t pr\u00e9vue pour le 28mm. En PVC premium 510g\/m\u00b2, verso simple","breadcrumb":{"@id":"http:\/\/www.destrancheesauxbarricades.com\/index.php\/product\/battlemap-prairie-et-boue-120x90cm\/#breadcrumb"},"inLanguage":"fr-FR","potentialAction":[{"@type":"ReadAction","target":["http:\/\/www.destrancheesauxbarricades.com\/index.php\/product\/battlemap-prairie-et-boue-120x90cm\/"]}]},{"@type":"ImageObject","inLanguage":"fr-FR","@id":"http:\/\/www.destrancheesauxbarricades.com\/index.php\/product\/battlemap-prairie-et-boue-120x90cm\/#primaryimage","url":"https:\/\/www.destrancheesauxbarricades.com\/wp-content\/uploads\/2022\/01\/Playmate.jpg","contentUrl":"https:\/\/www.destrancheesauxbarricades.com\/wp-content\/uploads\/2022\/01\/Playmate.jpg","width":800,"height":800},{"@type":"BreadcrumbList","@id":"http:\/\/www.destrancheesauxbarricades.com\/index.php\/product\/battlemap-prairie-et-boue-120x90cm\/#breadcrumb","itemListElement":[{"@type":"ListItem","position":1,"name":"Accueil","item":"http:\/\/www.destrancheesauxbarricades.com\/"},{"@type":"ListItem","position":2,"name":"Shop","item":"https:\/\/www.destrancheesauxbarricades.com\/index.php\/shop\/"},{"@type":"ListItem","position":3,"name":"Battlemap Prairie et boue 120x90cm"}]},{"@type":"WebSite","@id":"http:\/\/www.destrancheesauxbarricades.com\/#website","url":"http:\/\/www.destrancheesauxbarricades.com\/","name":"Des tranch\u00e9es aux barricades","description":"Jeu d&#039;escarmouches au d\u00e9but du XXe si\u00e8cle","potentialAction":[{"@type":"SearchAction","target":{"@type":"EntryPoint","urlTemplate":"http:\/\/www.destrancheesauxbarricades.com\/?s={search_term_string}"},"query-input":{"@type":"PropertyValueSpecification","valueRequired":true,"valueName":"search_term_string"}}],"inLanguage":"fr-FR"}]}},"jetpack_sharing_enabled":true,"_links":{"self":[{"href":"https:\/\/www.destrancheesauxbarricades.com\/index.php\/wp-json\/wp\/v2\/product\/8497","targetHints":{"allow":["GET"]}}],"collection":[{"href":"https:\/\/www.destrancheesauxbarricades.com\/index.php\/wp-json\/wp\/v2\/product"}],"about":[{"href":"https:\/\/www.destrancheesauxbarricades.com\/index.php\/wp-json\/wp\/v2\/types\/product"}],"version-history":[{"count":1,"href":"https:\/\/www.destrancheesauxbarricades.com\/index.php\/wp-json\/wp\/v2\/product\/8497\/revisions"}],"predecessor-version":[{"id":10540,"href":"https:\/\/www.destrancheesauxbarricades.com\/index.php\/wp-json\/wp\/v2\/product\/8497\/revisions\/10540"}],"wp:featuredmedia":[{"embeddable":true,"href":"https:\/\/www.destrancheesauxbarricades.com\/index.php\/wp-json\/wp\/v2\/media\/8441"}],"wp:attachment":[{"href":"https:\/\/www.destrancheesauxbarricades.com\/index.php\/wp-json\/wp\/v2\/media?parent=8497"}],"wp:term":[{"taxonomy":"product_brand","embeddable":true,"href":"https:\/\/www.destrancheesauxbarricades.com\/index.php\/wp-json\/wp\/v2\/product_brand?post=8497"},{"taxonomy":"product_cat","embeddable":true,"href":"https:\/\/www.destrancheesauxbarricades.com\/index.php\/wp-json\/wp\/v2\/product_cat?post=8497"},{"taxonomy":"product_tag","embeddable":true,"href":"https:\/\/www.destrancheesauxbarricades.com\/index.php\/wp-json\/wp\/v2\/product_tag?post=8497"}],"curies":[{"name":"wp","href":"https:\/\/api.w.org\/{rel}","templated":true}]}}