{"id":14111,"date":"2025-12-07T17:28:29","date_gmt":"2025-12-07T17:28:29","guid":{"rendered":"https:\/\/www.destrancheesauxbarricades.com\/?post_type=product&#038;p=14111"},"modified":"2026-01-03T16:18:20","modified_gmt":"2026-01-03T16:18:20","slug":"georges-guingouin-stl","status":"publish","type":"product","link":"https:\/\/www.destrancheesauxbarricades.com\/index.php\/product\/georges-guingouin-stl\/","title":{"rendered":"Georges Guingouin (STL)"},"content":{"rendered":"<p>Ce pack de fichiers STL comprend :<\/p>\n<p>Georges Guingouin, le Pr\u00e9fet du Maquis<br \/>\nAinsi que leur version pr\u00e9-support\u00e9e (.chitubox).<\/p>\n<p>\u00c9chelle 28 mm. Compatible 20 mm.<\/p>\n<p>Sculpt\u00e9 par Greg Girault<\/p>\n<p>Pour une impression \u00e0 l&rsquo;\u00e9chelle 20 mm, nous recommandons d&rsquo;imprimer\u00a0 \u00e0 65 %.<\/p>\n<p>&nbsp;<\/p>\n<p>&nbsp;<\/p>\n<p><strong>LICENCE PERSONNELLE ET NON COMMERCIALE<\/strong><\/p>\n<p>Les fichiers num\u00e9riques vendus sur ce site ont une licence strictement non commerciale et \u00e0 usage personnel uniquement. Aucun remixage et aucune utilisation commerciale ne sont autoris\u00e9es.<\/p>\n<p>Vous ne pouvez pas et vous ne devez pas partager, sous-licencier, vendre, louer, h\u00e9berger, transf\u00e9rer ou distribuer de quelque mani\u00e8re que ce soit les versions num\u00e9riques ou imprim\u00e9es en 3D de cet objet, ni toute autre \u0153uvre d\u00e9riv\u00e9e de cet objet dans son format num\u00e9rique ou physique (y compris l\u2019h\u00e9bergement sur d\u2019autres plateformes num\u00e9riques).<\/p>\n<p><strong>PERSONAL AND NON-COMMERCIAL LICENSE<\/strong><\/p>\n<p>Digital files sold on this site are licensed strictly non-commercially and for personal use only. No remixing and no commercial use allowed.<br \/>\nYou may not and must not share, sublicense, sell, rent, rent, host, transfer or distribute in any way the digital or 3D printed versions of this item, or any derivative works of this item in any way. its digital or physical format (including hosting on other digital platforms).<\/p>\n<p>&nbsp;<\/p>\n<p>&nbsp;<\/p>\n","protected":false},"excerpt":{"rendered":"<p>[fsl-progress-bar]<\/p>\n<p>Georges Guingouin \u00e0 imprimer (STL et version support\u00e9e)<\/p>\n","protected":false},"featured_media":14112,"template":"","meta":{"_monsterinsights_skip_tracking":false,"_monsterinsights_sitenote_active":false,"_monsterinsights_sitenote_note":"","_monsterinsights_sitenote_category":0},"product_brand":[],"product_cat":[159,144,142,134],"product_tag":[],"class_list":{"0":"post-14111","1":"product","2":"type-product","3":"status-publish","4":"has-post-thumbnail","6":"product_cat-des-tranchees-aux-barricades","7":"product_cat-liberation-de-paris-1944","8":"product_cat-seconde-guerre-mondiale","9":"product_cat-stl","12":"first","13":"instock","14":"downloadable","15":"virtual","16":"taxable","17":"purchasable","18":"product-type-simple"},"yoast_head":"<!-- This site is optimized with the Yoast SEO plugin v27.3 - https:\/\/yoast.com\/product\/yoast-seo-wordpress\/ -->\n<title>Georges Guingouin (STL) - Des tranch\u00e9es aux barricades<\/title>\n<meta name=\"robots\" content=\"index, follow, max-snippet:-1, max-image-preview:large, max-video-preview:-1\" \/>\n<link rel=\"canonical\" href=\"http:\/\/www.destrancheesauxbarricades.com\/index.php\/product\/georges-guingouin-stl\/\" \/>\n<meta property=\"og:locale\" content=\"fr_FR\" \/>\n<meta property=\"og:type\" content=\"article\" \/>\n<meta property=\"og:title\" content=\"Georges Guingouin (STL) - Des tranch\u00e9es aux barricades\" \/>\n<meta property=\"og:description\" content=\"[fsl-progress-bar]  Georges Guingouin \u00e0 imprimer (STL et version support\u00e9e)\" \/>\n<meta property=\"og:url\" content=\"http:\/\/www.destrancheesauxbarricades.com\/index.php\/product\/georges-guingouin-stl\/\" \/>\n<meta property=\"og:site_name\" content=\"Des tranch\u00e9es aux barricades\" \/>\n<meta property=\"article:modified_time\" content=\"2026-01-03T16:18:20+00:00\" \/>\n<meta property=\"og:image\" content=\"http:\/\/www.destrancheesauxbarricades.com\/wp-content\/uploads\/2025\/12\/original_15df7b2e-9645-4534-92ab-e4fd0d54d823_PXL_20251204_153126268-1.jpg\" \/>\n\t<meta property=\"og:image:width\" content=\"2360\" \/>\n\t<meta property=\"og:image:height\" content=\"1611\" \/>\n\t<meta property=\"og:image:type\" content=\"image\/jpeg\" \/>\n<meta name=\"twitter:card\" content=\"summary_large_image\" \/>\n<meta name=\"twitter:label1\" content=\"Dur\u00e9e de lecture estim\u00e9e\" \/>\n\t<meta name=\"twitter:data1\" content=\"2 minutes\" \/>\n<script type=\"application\/ld+json\" class=\"yoast-schema-graph\">{\"@context\":\"https:\\\/\\\/schema.org\",\"@graph\":[{\"@type\":\"WebPage\",\"@id\":\"http:\\\/\\\/www.destrancheesauxbarricades.com\\\/index.php\\\/product\\\/georges-guingouin-stl\\\/\",\"url\":\"http:\\\/\\\/www.destrancheesauxbarricades.com\\\/index.php\\\/product\\\/georges-guingouin-stl\\\/\",\"name\":\"Georges Guingouin (STL) - Des tranch\u00e9es aux barricades\",\"isPartOf\":{\"@id\":\"https:\\\/\\\/www.destrancheesauxbarricades.com\\\/#website\"},\"primaryImageOfPage\":{\"@id\":\"http:\\\/\\\/www.destrancheesauxbarricades.com\\\/index.php\\\/product\\\/georges-guingouin-stl\\\/#primaryimage\"},\"image\":{\"@id\":\"http:\\\/\\\/www.destrancheesauxbarricades.com\\\/index.php\\\/product\\\/georges-guingouin-stl\\\/#primaryimage\"},\"thumbnailUrl\":\"https:\\\/\\\/www.destrancheesauxbarricades.com\\\/wp-content\\\/uploads\\\/2025\\\/12\\\/original_15df7b2e-9645-4534-92ab-e4fd0d54d823_PXL_20251204_153126268-1.jpg\",\"datePublished\":\"2025-12-07T17:28:29+00:00\",\"dateModified\":\"2026-01-03T16:18:20+00:00\",\"breadcrumb\":{\"@id\":\"http:\\\/\\\/www.destrancheesauxbarricades.com\\\/index.php\\\/product\\\/georges-guingouin-stl\\\/#breadcrumb\"},\"inLanguage\":\"fr-FR\",\"potentialAction\":[{\"@type\":\"ReadAction\",\"target\":[\"http:\\\/\\\/www.destrancheesauxbarricades.com\\\/index.php\\\/product\\\/georges-guingouin-stl\\\/\"]}]},{\"@type\":\"ImageObject\",\"inLanguage\":\"fr-FR\",\"@id\":\"http:\\\/\\\/www.destrancheesauxbarricades.com\\\/index.php\\\/product\\\/georges-guingouin-stl\\\/#primaryimage\",\"url\":\"https:\\\/\\\/www.destrancheesauxbarricades.com\\\/wp-content\\\/uploads\\\/2025\\\/12\\\/original_15df7b2e-9645-4534-92ab-e4fd0d54d823_PXL_20251204_153126268-1.jpg\",\"contentUrl\":\"https:\\\/\\\/www.destrancheesauxbarricades.com\\\/wp-content\\\/uploads\\\/2025\\\/12\\\/original_15df7b2e-9645-4534-92ab-e4fd0d54d823_PXL_20251204_153126268-1.jpg\",\"width\":2360,\"height\":1611},{\"@type\":\"BreadcrumbList\",\"@id\":\"http:\\\/\\\/www.destrancheesauxbarricades.com\\\/index.php\\\/product\\\/georges-guingouin-stl\\\/#breadcrumb\",\"itemListElement\":[{\"@type\":\"ListItem\",\"position\":1,\"name\":\"Accueil\",\"item\":\"https:\\\/\\\/www.destrancheesauxbarricades.com\\\/\"},{\"@type\":\"ListItem\",\"position\":2,\"name\":\"Shop\",\"item\":\"https:\\\/\\\/www.destrancheesauxbarricades.com\\\/index.php\\\/shop\\\/\"},{\"@type\":\"ListItem\",\"position\":3,\"name\":\"Georges Guingouin (STL)\"}]},{\"@type\":\"WebSite\",\"@id\":\"https:\\\/\\\/www.destrancheesauxbarricades.com\\\/#website\",\"url\":\"https:\\\/\\\/www.destrancheesauxbarricades.com\\\/\",\"name\":\"Des tranch\u00e9es aux barricades\",\"description\":\"Jeu d&#039;escarmouches au d\u00e9but du XXe si\u00e8cle\",\"potentialAction\":[{\"@type\":\"SearchAction\",\"target\":{\"@type\":\"EntryPoint\",\"urlTemplate\":\"https:\\\/\\\/www.destrancheesauxbarricades.com\\\/?s={search_term_string}\"},\"query-input\":{\"@type\":\"PropertyValueSpecification\",\"valueRequired\":true,\"valueName\":\"search_term_string\"}}],\"inLanguage\":\"fr-FR\"}]}<\/script>\n<!-- \/ Yoast SEO plugin. -->","yoast_head_json":{"title":"Georges Guingouin (STL) - Des tranch\u00e9es aux barricades","robots":{"index":"index","follow":"follow","max-snippet":"max-snippet:-1","max-image-preview":"max-image-preview:large","max-video-preview":"max-video-preview:-1"},"canonical":"http:\/\/www.destrancheesauxbarricades.com\/index.php\/product\/georges-guingouin-stl\/","og_locale":"fr_FR","og_type":"article","og_title":"Georges Guingouin (STL) - Des tranch\u00e9es aux barricades","og_description":"[fsl-progress-bar]  Georges Guingouin \u00e0 imprimer (STL et version support\u00e9e)","og_url":"http:\/\/www.destrancheesauxbarricades.com\/index.php\/product\/georges-guingouin-stl\/","og_site_name":"Des tranch\u00e9es aux barricades","article_modified_time":"2026-01-03T16:18:20+00:00","og_image":[{"width":2360,"height":1611,"url":"http:\/\/www.destrancheesauxbarricades.com\/wp-content\/uploads\/2025\/12\/original_15df7b2e-9645-4534-92ab-e4fd0d54d823_PXL_20251204_153126268-1.jpg","type":"image\/jpeg"}],"twitter_card":"summary_large_image","twitter_misc":{"Dur\u00e9e de lecture estim\u00e9e":"2 minutes"},"schema":{"@context":"https:\/\/schema.org","@graph":[{"@type":"WebPage","@id":"http:\/\/www.destrancheesauxbarricades.com\/index.php\/product\/georges-guingouin-stl\/","url":"http:\/\/www.destrancheesauxbarricades.com\/index.php\/product\/georges-guingouin-stl\/","name":"Georges Guingouin (STL) - Des tranch\u00e9es aux barricades","isPartOf":{"@id":"https:\/\/www.destrancheesauxbarricades.com\/#website"},"primaryImageOfPage":{"@id":"http:\/\/www.destrancheesauxbarricades.com\/index.php\/product\/georges-guingouin-stl\/#primaryimage"},"image":{"@id":"http:\/\/www.destrancheesauxbarricades.com\/index.php\/product\/georges-guingouin-stl\/#primaryimage"},"thumbnailUrl":"https:\/\/www.destrancheesauxbarricades.com\/wp-content\/uploads\/2025\/12\/original_15df7b2e-9645-4534-92ab-e4fd0d54d823_PXL_20251204_153126268-1.jpg","datePublished":"2025-12-07T17:28:29+00:00","dateModified":"2026-01-03T16:18:20+00:00","breadcrumb":{"@id":"http:\/\/www.destrancheesauxbarricades.com\/index.php\/product\/georges-guingouin-stl\/#breadcrumb"},"inLanguage":"fr-FR","potentialAction":[{"@type":"ReadAction","target":["http:\/\/www.destrancheesauxbarricades.com\/index.php\/product\/georges-guingouin-stl\/"]}]},{"@type":"ImageObject","inLanguage":"fr-FR","@id":"http:\/\/www.destrancheesauxbarricades.com\/index.php\/product\/georges-guingouin-stl\/#primaryimage","url":"https:\/\/www.destrancheesauxbarricades.com\/wp-content\/uploads\/2025\/12\/original_15df7b2e-9645-4534-92ab-e4fd0d54d823_PXL_20251204_153126268-1.jpg","contentUrl":"https:\/\/www.destrancheesauxbarricades.com\/wp-content\/uploads\/2025\/12\/original_15df7b2e-9645-4534-92ab-e4fd0d54d823_PXL_20251204_153126268-1.jpg","width":2360,"height":1611},{"@type":"BreadcrumbList","@id":"http:\/\/www.destrancheesauxbarricades.com\/index.php\/product\/georges-guingouin-stl\/#breadcrumb","itemListElement":[{"@type":"ListItem","position":1,"name":"Accueil","item":"https:\/\/www.destrancheesauxbarricades.com\/"},{"@type":"ListItem","position":2,"name":"Shop","item":"https:\/\/www.destrancheesauxbarricades.com\/index.php\/shop\/"},{"@type":"ListItem","position":3,"name":"Georges Guingouin (STL)"}]},{"@type":"WebSite","@id":"https:\/\/www.destrancheesauxbarricades.com\/#website","url":"https:\/\/www.destrancheesauxbarricades.com\/","name":"Des tranch\u00e9es aux barricades","description":"Jeu d&#039;escarmouches au d\u00e9but du XXe si\u00e8cle","potentialAction":[{"@type":"SearchAction","target":{"@type":"EntryPoint","urlTemplate":"https:\/\/www.destrancheesauxbarricades.com\/?s={search_term_string}"},"query-input":{"@type":"PropertyValueSpecification","valueRequired":true,"valueName":"search_term_string"}}],"inLanguage":"fr-FR"}]}},"jetpack_sharing_enabled":true,"_links":{"self":[{"href":"https:\/\/www.destrancheesauxbarricades.com\/index.php\/wp-json\/wp\/v2\/product\/14111","targetHints":{"allow":["GET"]}}],"collection":[{"href":"https:\/\/www.destrancheesauxbarricades.com\/index.php\/wp-json\/wp\/v2\/product"}],"about":[{"href":"https:\/\/www.destrancheesauxbarricades.com\/index.php\/wp-json\/wp\/v2\/types\/product"}],"version-history":[{"count":5,"href":"https:\/\/www.destrancheesauxbarricades.com\/index.php\/wp-json\/wp\/v2\/product\/14111\/revisions"}],"predecessor-version":[{"id":14138,"href":"https:\/\/www.destrancheesauxbarricades.com\/index.php\/wp-json\/wp\/v2\/product\/14111\/revisions\/14138"}],"wp:featuredmedia":[{"embeddable":true,"href":"https:\/\/www.destrancheesauxbarricades.com\/index.php\/wp-json\/wp\/v2\/media\/14112"}],"wp:attachment":[{"href":"https:\/\/www.destrancheesauxbarricades.com\/index.php\/wp-json\/wp\/v2\/media?parent=14111"}],"wp:term":[{"taxonomy":"product_brand","embeddable":true,"href":"https:\/\/www.destrancheesauxbarricades.com\/index.php\/wp-json\/wp\/v2\/product_brand?post=14111"},{"taxonomy":"product_cat","embeddable":true,"href":"https:\/\/www.destrancheesauxbarricades.com\/index.php\/wp-json\/wp\/v2\/product_cat?post=14111"},{"taxonomy":"product_tag","embeddable":true,"href":"https:\/\/www.destrancheesauxbarricades.com\/index.php\/wp-json\/wp\/v2\/product_tag?post=14111"}],"curies":[{"name":"wp","href":"https:\/\/api.w.org\/{rel}","templated":true}]}}