{"id":13309,"date":"2025-04-13T08:29:00","date_gmt":"2025-04-13T08:29:00","guid":{"rendered":"https:\/\/www.destrancheesauxbarricades.com\/?post_type=product&#038;p=13309"},"modified":"2025-11-10T18:16:15","modified_gmt":"2025-11-10T18:16:15","slug":"general-yusuf-al-azma-ministre-de-la-guerre-et-heros-national-syrien","status":"publish","type":"product","link":"https:\/\/www.destrancheesauxbarricades.com\/index.php\/product\/general-yusuf-al-azma-ministre-de-la-guerre-et-heros-national-syrien\/","title":{"rendered":"G\u00e9n\u00e9ral Yusuf al-Azma, ministre de la Guerre et h\u00e9ros national syrien"},"content":{"rendered":"<div dir=\"auto\">La sayn\u00e8te comprend le G\u00e9n\u00e9ral Yusuf al-Azma, accompagn\u00e9 de deux soldats r\u00e9guliers<\/div>\n<div dir=\"auto\">\n<p>&nbsp;<\/p>\n<p>Sculpt\u00e9 par Greg Girault.\u00a0 Peint par Romuald DTAB<\/p>\n<\/div>\n<div dir=\"auto\"><\/div>\n<div dir=\"auto\">Figurines 28mm imprim\u00e9es en r\u00e9sine, \u00e0 assembler et \u00e0 peindre.<\/div>\n<div dir=\"auto\">\n<p>Socle non fourni. Visuels non contractuels.<\/p>\n<p>Ceci n\u2019est pas un jouet \u2013 Des comp\u00e9tences basiques de mod\u00e9lisme sont n\u00e9cessaires &#8211; Ne convient pas aux enfants de moins de 14 ans.<\/p>\n<\/div>\n","protected":false},"excerpt":{"rendered":"<p>[fsl-progress-bar]<\/p>\n<p>G\u00e9n\u00e9ral Yusuf al-Azma et deux r\u00e9guliers arabes<\/p>\n","protected":false},"featured_media":13310,"template":"","meta":{"_monsterinsights_skip_tracking":false,"_monsterinsights_sitenote_active":false,"_monsterinsights_sitenote_note":"","_monsterinsights_sitenote_category":0},"product_brand":[],"product_cat":[159,165,137],"product_tag":[],"class_list":{"0":"post-13309","1":"product","2":"type-product","3":"status-publish","4":"has-post-thumbnail","6":"product_cat-des-tranchees-aux-barricades","7":"product_cat-patreon","8":"product_cat-premiere-guerre-mondiale","11":"first","12":"instock","13":"sale","14":"purchasable","15":"product-type-simple"},"yoast_head":"<!-- This site is optimized with the Yoast SEO plugin v27.4 - https:\/\/yoast.com\/product\/yoast-seo-wordpress\/ -->\n<title>G\u00e9n\u00e9ral Yusuf al-Azma, ministre de la Guerre et h\u00e9ros national syrien - Des tranch\u00e9es aux barricades<\/title>\n<meta name=\"robots\" content=\"index, follow, max-snippet:-1, max-image-preview:large, max-video-preview:-1\" \/>\n<link rel=\"canonical\" href=\"https:\/\/www.destrancheesauxbarricades.com\/index.php\/product\/general-yusuf-al-azma-ministre-de-la-guerre-et-heros-national-syrien\/\" \/>\n<meta property=\"og:locale\" content=\"fr_FR\" \/>\n<meta property=\"og:type\" content=\"article\" \/>\n<meta property=\"og:title\" content=\"G\u00e9n\u00e9ral Yusuf al-Azma, ministre de la Guerre et h\u00e9ros national syrien - Des tranch\u00e9es aux barricades\" \/>\n<meta property=\"og:description\" content=\"[fsl-progress-bar]  G\u00e9n\u00e9ral Yusuf al-Azma et deux r\u00e9guliers arabes\" \/>\n<meta property=\"og:url\" content=\"https:\/\/www.destrancheesauxbarricades.com\/index.php\/product\/general-yusuf-al-azma-ministre-de-la-guerre-et-heros-national-syrien\/\" \/>\n<meta property=\"og:site_name\" content=\"Des tranch\u00e9es aux barricades\" \/>\n<meta property=\"article:modified_time\" content=\"2025-11-10T18:16:15+00:00\" \/>\n<meta property=\"og:image\" content=\"https:\/\/www.destrancheesauxbarricades.com\/wp-content\/uploads\/2025\/04\/WhatsApp-Image-2025-03-11-a-20.58.39_32ddf3fe.jpg\" \/>\n\t<meta property=\"og:image:width\" content=\"1452\" \/>\n\t<meta property=\"og:image:height\" content=\"1452\" \/>\n\t<meta property=\"og:image:type\" content=\"image\/jpeg\" \/>\n<meta name=\"twitter:card\" content=\"summary_large_image\" \/>\n<meta name=\"twitter:label1\" content=\"Dur\u00e9e de lecture estim\u00e9e\" \/>\n\t<meta name=\"twitter:data1\" content=\"1 minute\" \/>\n<script type=\"application\/ld+json\" class=\"yoast-schema-graph\">{\"@context\":\"https:\\\/\\\/schema.org\",\"@graph\":[{\"@type\":\"WebPage\",\"@id\":\"https:\\\/\\\/www.destrancheesauxbarricades.com\\\/index.php\\\/product\\\/general-yusuf-al-azma-ministre-de-la-guerre-et-heros-national-syrien\\\/\",\"url\":\"https:\\\/\\\/www.destrancheesauxbarricades.com\\\/index.php\\\/product\\\/general-yusuf-al-azma-ministre-de-la-guerre-et-heros-national-syrien\\\/\",\"name\":\"G\u00e9n\u00e9ral Yusuf al-Azma, ministre de la Guerre et h\u00e9ros national syrien - Des tranch\u00e9es aux barricades\",\"isPartOf\":{\"@id\":\"http:\\\/\\\/www.destrancheesauxbarricades.com\\\/#website\"},\"primaryImageOfPage\":{\"@id\":\"https:\\\/\\\/www.destrancheesauxbarricades.com\\\/index.php\\\/product\\\/general-yusuf-al-azma-ministre-de-la-guerre-et-heros-national-syrien\\\/#primaryimage\"},\"image\":{\"@id\":\"https:\\\/\\\/www.destrancheesauxbarricades.com\\\/index.php\\\/product\\\/general-yusuf-al-azma-ministre-de-la-guerre-et-heros-national-syrien\\\/#primaryimage\"},\"thumbnailUrl\":\"https:\\\/\\\/www.destrancheesauxbarricades.com\\\/wp-content\\\/uploads\\\/2025\\\/04\\\/WhatsApp-Image-2025-03-11-a-20.58.39_32ddf3fe.jpg\",\"datePublished\":\"2025-04-13T08:29:00+00:00\",\"dateModified\":\"2025-11-10T18:16:15+00:00\",\"breadcrumb\":{\"@id\":\"https:\\\/\\\/www.destrancheesauxbarricades.com\\\/index.php\\\/product\\\/general-yusuf-al-azma-ministre-de-la-guerre-et-heros-national-syrien\\\/#breadcrumb\"},\"inLanguage\":\"fr-FR\",\"potentialAction\":[{\"@type\":\"ReadAction\",\"target\":[\"https:\\\/\\\/www.destrancheesauxbarricades.com\\\/index.php\\\/product\\\/general-yusuf-al-azma-ministre-de-la-guerre-et-heros-national-syrien\\\/\"]}]},{\"@type\":\"ImageObject\",\"inLanguage\":\"fr-FR\",\"@id\":\"https:\\\/\\\/www.destrancheesauxbarricades.com\\\/index.php\\\/product\\\/general-yusuf-al-azma-ministre-de-la-guerre-et-heros-national-syrien\\\/#primaryimage\",\"url\":\"https:\\\/\\\/www.destrancheesauxbarricades.com\\\/wp-content\\\/uploads\\\/2025\\\/04\\\/WhatsApp-Image-2025-03-11-a-20.58.39_32ddf3fe.jpg\",\"contentUrl\":\"https:\\\/\\\/www.destrancheesauxbarricades.com\\\/wp-content\\\/uploads\\\/2025\\\/04\\\/WhatsApp-Image-2025-03-11-a-20.58.39_32ddf3fe.jpg\",\"width\":1452,\"height\":1452},{\"@type\":\"BreadcrumbList\",\"@id\":\"https:\\\/\\\/www.destrancheesauxbarricades.com\\\/index.php\\\/product\\\/general-yusuf-al-azma-ministre-de-la-guerre-et-heros-national-syrien\\\/#breadcrumb\",\"itemListElement\":[{\"@type\":\"ListItem\",\"position\":1,\"name\":\"Accueil\",\"item\":\"http:\\\/\\\/www.destrancheesauxbarricades.com\\\/\"},{\"@type\":\"ListItem\",\"position\":2,\"name\":\"Shop\",\"item\":\"http:\\\/\\\/www.destrancheesauxbarricades.com\\\/index.php\\\/shop\\\/\"},{\"@type\":\"ListItem\",\"position\":3,\"name\":\"G\u00e9n\u00e9ral Yusuf al-Azma, ministre de la Guerre et h\u00e9ros national syrien\"}]},{\"@type\":\"WebSite\",\"@id\":\"http:\\\/\\\/www.destrancheesauxbarricades.com\\\/#website\",\"url\":\"http:\\\/\\\/www.destrancheesauxbarricades.com\\\/\",\"name\":\"Des tranch\u00e9es aux barricades\",\"description\":\"Jeu d&#039;escarmouches au d\u00e9but du XXe si\u00e8cle\",\"potentialAction\":[{\"@type\":\"SearchAction\",\"target\":{\"@type\":\"EntryPoint\",\"urlTemplate\":\"http:\\\/\\\/www.destrancheesauxbarricades.com\\\/?s={search_term_string}\"},\"query-input\":{\"@type\":\"PropertyValueSpecification\",\"valueRequired\":true,\"valueName\":\"search_term_string\"}}],\"inLanguage\":\"fr-FR\"}]}<\/script>\n<!-- \/ Yoast SEO plugin. -->","yoast_head_json":{"title":"G\u00e9n\u00e9ral Yusuf al-Azma, ministre de la Guerre et h\u00e9ros national syrien - Des tranch\u00e9es aux barricades","robots":{"index":"index","follow":"follow","max-snippet":"max-snippet:-1","max-image-preview":"max-image-preview:large","max-video-preview":"max-video-preview:-1"},"canonical":"https:\/\/www.destrancheesauxbarricades.com\/index.php\/product\/general-yusuf-al-azma-ministre-de-la-guerre-et-heros-national-syrien\/","og_locale":"fr_FR","og_type":"article","og_title":"G\u00e9n\u00e9ral Yusuf al-Azma, ministre de la Guerre et h\u00e9ros national syrien - Des tranch\u00e9es aux barricades","og_description":"[fsl-progress-bar]  G\u00e9n\u00e9ral Yusuf al-Azma et deux r\u00e9guliers arabes","og_url":"https:\/\/www.destrancheesauxbarricades.com\/index.php\/product\/general-yusuf-al-azma-ministre-de-la-guerre-et-heros-national-syrien\/","og_site_name":"Des tranch\u00e9es aux barricades","article_modified_time":"2025-11-10T18:16:15+00:00","og_image":[{"width":1452,"height":1452,"url":"https:\/\/www.destrancheesauxbarricades.com\/wp-content\/uploads\/2025\/04\/WhatsApp-Image-2025-03-11-a-20.58.39_32ddf3fe.jpg","type":"image\/jpeg"}],"twitter_card":"summary_large_image","twitter_misc":{"Dur\u00e9e de lecture estim\u00e9e":"1 minute"},"schema":{"@context":"https:\/\/schema.org","@graph":[{"@type":"WebPage","@id":"https:\/\/www.destrancheesauxbarricades.com\/index.php\/product\/general-yusuf-al-azma-ministre-de-la-guerre-et-heros-national-syrien\/","url":"https:\/\/www.destrancheesauxbarricades.com\/index.php\/product\/general-yusuf-al-azma-ministre-de-la-guerre-et-heros-national-syrien\/","name":"G\u00e9n\u00e9ral Yusuf al-Azma, ministre de la Guerre et h\u00e9ros national syrien - Des tranch\u00e9es aux barricades","isPartOf":{"@id":"http:\/\/www.destrancheesauxbarricades.com\/#website"},"primaryImageOfPage":{"@id":"https:\/\/www.destrancheesauxbarricades.com\/index.php\/product\/general-yusuf-al-azma-ministre-de-la-guerre-et-heros-national-syrien\/#primaryimage"},"image":{"@id":"https:\/\/www.destrancheesauxbarricades.com\/index.php\/product\/general-yusuf-al-azma-ministre-de-la-guerre-et-heros-national-syrien\/#primaryimage"},"thumbnailUrl":"https:\/\/www.destrancheesauxbarricades.com\/wp-content\/uploads\/2025\/04\/WhatsApp-Image-2025-03-11-a-20.58.39_32ddf3fe.jpg","datePublished":"2025-04-13T08:29:00+00:00","dateModified":"2025-11-10T18:16:15+00:00","breadcrumb":{"@id":"https:\/\/www.destrancheesauxbarricades.com\/index.php\/product\/general-yusuf-al-azma-ministre-de-la-guerre-et-heros-national-syrien\/#breadcrumb"},"inLanguage":"fr-FR","potentialAction":[{"@type":"ReadAction","target":["https:\/\/www.destrancheesauxbarricades.com\/index.php\/product\/general-yusuf-al-azma-ministre-de-la-guerre-et-heros-national-syrien\/"]}]},{"@type":"ImageObject","inLanguage":"fr-FR","@id":"https:\/\/www.destrancheesauxbarricades.com\/index.php\/product\/general-yusuf-al-azma-ministre-de-la-guerre-et-heros-national-syrien\/#primaryimage","url":"https:\/\/www.destrancheesauxbarricades.com\/wp-content\/uploads\/2025\/04\/WhatsApp-Image-2025-03-11-a-20.58.39_32ddf3fe.jpg","contentUrl":"https:\/\/www.destrancheesauxbarricades.com\/wp-content\/uploads\/2025\/04\/WhatsApp-Image-2025-03-11-a-20.58.39_32ddf3fe.jpg","width":1452,"height":1452},{"@type":"BreadcrumbList","@id":"https:\/\/www.destrancheesauxbarricades.com\/index.php\/product\/general-yusuf-al-azma-ministre-de-la-guerre-et-heros-national-syrien\/#breadcrumb","itemListElement":[{"@type":"ListItem","position":1,"name":"Accueil","item":"http:\/\/www.destrancheesauxbarricades.com\/"},{"@type":"ListItem","position":2,"name":"Shop","item":"http:\/\/www.destrancheesauxbarricades.com\/index.php\/shop\/"},{"@type":"ListItem","position":3,"name":"G\u00e9n\u00e9ral Yusuf al-Azma, ministre de la Guerre et h\u00e9ros national syrien"}]},{"@type":"WebSite","@id":"http:\/\/www.destrancheesauxbarricades.com\/#website","url":"http:\/\/www.destrancheesauxbarricades.com\/","name":"Des tranch\u00e9es aux barricades","description":"Jeu d&#039;escarmouches au d\u00e9but du XXe si\u00e8cle","potentialAction":[{"@type":"SearchAction","target":{"@type":"EntryPoint","urlTemplate":"http:\/\/www.destrancheesauxbarricades.com\/?s={search_term_string}"},"query-input":{"@type":"PropertyValueSpecification","valueRequired":true,"valueName":"search_term_string"}}],"inLanguage":"fr-FR"}]}},"jetpack_sharing_enabled":true,"_links":{"self":[{"href":"https:\/\/www.destrancheesauxbarricades.com\/index.php\/wp-json\/wp\/v2\/product\/13309","targetHints":{"allow":["GET"]}}],"collection":[{"href":"https:\/\/www.destrancheesauxbarricades.com\/index.php\/wp-json\/wp\/v2\/product"}],"about":[{"href":"https:\/\/www.destrancheesauxbarricades.com\/index.php\/wp-json\/wp\/v2\/types\/product"}],"version-history":[{"count":1,"href":"https:\/\/www.destrancheesauxbarricades.com\/index.php\/wp-json\/wp\/v2\/product\/13309\/revisions"}],"predecessor-version":[{"id":13312,"href":"https:\/\/www.destrancheesauxbarricades.com\/index.php\/wp-json\/wp\/v2\/product\/13309\/revisions\/13312"}],"wp:featuredmedia":[{"embeddable":true,"href":"https:\/\/www.destrancheesauxbarricades.com\/index.php\/wp-json\/wp\/v2\/media\/13310"}],"wp:attachment":[{"href":"https:\/\/www.destrancheesauxbarricades.com\/index.php\/wp-json\/wp\/v2\/media?parent=13309"}],"wp:term":[{"taxonomy":"product_brand","embeddable":true,"href":"https:\/\/www.destrancheesauxbarricades.com\/index.php\/wp-json\/wp\/v2\/product_brand?post=13309"},{"taxonomy":"product_cat","embeddable":true,"href":"https:\/\/www.destrancheesauxbarricades.com\/index.php\/wp-json\/wp\/v2\/product_cat?post=13309"},{"taxonomy":"product_tag","embeddable":true,"href":"https:\/\/www.destrancheesauxbarricades.com\/index.php\/wp-json\/wp\/v2\/product_tag?post=13309"}],"curies":[{"name":"wp","href":"https:\/\/api.w.org\/{rel}","templated":true}]}}