{"id":12943,"date":"2025-03-17T19:31:42","date_gmt":"2025-03-17T19:31:42","guid":{"rendered":"https:\/\/www.destrancheesauxbarricades.com\/?post_type=product&#038;p=12943"},"modified":"2026-01-05T15:42:29","modified_gmt":"2026-01-05T15:42:29","slug":"marqueur-acrylique-marron-rouge-ral-8012-rotbraun","status":"publish","type":"product","link":"https:\/\/www.destrancheesauxbarricades.com\/index.php\/product\/marqueur-acrylique-marron-rouge-ral-8012-rotbraun\/","title":{"rendered":"Marqueur acrylique  MARRON ROUGE RAL 8012 &#8211; ROTBRAUN"},"content":{"rendered":"<p>Marqueur acrylique tr\u00e8s couvrante et d&rsquo;une adh\u00e9rence parfaite sur les surfaces en plastique, en r\u00e9sine, en m\u00e9tal et en bois. R\u00e9sistant \u00e0 l\u2019eau et \u00e0 la chaleur.<\/p>\n<p>Supporte parfaitement les produits de weathering et les vernis.<\/p>\n<p>Id\u00e9al pour appliquer des couches de base \u00e0 petite \u00e9chelle ou pour peindre des accessoires de mani\u00e8re propre et pr\u00e9cise.<\/p>\n","protected":false},"excerpt":{"rendered":"<p>[fsl-progress-bar]<\/p>\n<p>Marqueur acrylique AK de couleur marron rouge ral 8012<\/p>\n","protected":false},"featured_media":12944,"template":"","meta":{"_monsterinsights_skip_tracking":false,"_monsterinsights_sitenote_active":false,"_monsterinsights_sitenote_note":"","_monsterinsights_sitenote_category":0},"product_brand":[],"product_cat":[171,168],"product_tag":[],"class_list":{"0":"post-12943","1":"product","2":"type-product","3":"status-publish","4":"has-post-thumbnail","6":"product_cat-marqueurs-acrylique","7":"product_cat-peintures-et-pinceaux","10":"first","11":"instock","12":"purchasable","13":"product-type-simple"},"yoast_head":"<!-- This site is optimized with the Yoast SEO plugin v27.3 - https:\/\/yoast.com\/product\/yoast-seo-wordpress\/ -->\n<title>Marqueur acrylique MARRON ROUGE RAL 8012 - ROTBRAUN - Des tranch\u00e9es aux barricades<\/title>\n<meta name=\"robots\" content=\"index, follow, max-snippet:-1, max-image-preview:large, max-video-preview:-1\" \/>\n<link rel=\"canonical\" href=\"https:\/\/www.destrancheesauxbarricades.com\/index.php\/product\/marqueur-acrylique-marron-rouge-ral-8012-rotbraun\/\" \/>\n<meta property=\"og:locale\" content=\"fr_FR\" \/>\n<meta property=\"og:type\" content=\"article\" \/>\n<meta property=\"og:title\" content=\"Marqueur acrylique MARRON ROUGE RAL 8012 - ROTBRAUN - Des tranch\u00e9es aux barricades\" \/>\n<meta property=\"og:description\" content=\"[fsl-progress-bar]  Marqueur acrylique AK de couleur marron rouge ral 8012\" \/>\n<meta property=\"og:url\" content=\"https:\/\/www.destrancheesauxbarricades.com\/index.php\/product\/marqueur-acrylique-marron-rouge-ral-8012-rotbraun\/\" \/>\n<meta property=\"og:site_name\" content=\"Des tranch\u00e9es aux barricades\" \/>\n<meta property=\"article:modified_time\" content=\"2026-01-05T15:42:29+00:00\" \/>\n<meta property=\"og:image\" content=\"https:\/\/www.destrancheesauxbarricades.com\/wp-content\/uploads\/2025\/03\/RCM019_detail.jpg\" \/>\n\t<meta property=\"og:image:width\" content=\"1200\" \/>\n\t<meta property=\"og:image:height\" content=\"1200\" \/>\n\t<meta property=\"og:image:type\" content=\"image\/jpeg\" \/>\n<meta name=\"twitter:card\" content=\"summary_large_image\" \/>\n<meta name=\"twitter:label1\" content=\"Dur\u00e9e de lecture estim\u00e9e\" \/>\n\t<meta name=\"twitter:data1\" content=\"1 minute\" \/>\n<script type=\"application\/ld+json\" class=\"yoast-schema-graph\">{\"@context\":\"https:\\\/\\\/schema.org\",\"@graph\":[{\"@type\":\"WebPage\",\"@id\":\"https:\\\/\\\/www.destrancheesauxbarricades.com\\\/index.php\\\/product\\\/marqueur-acrylique-marron-rouge-ral-8012-rotbraun\\\/\",\"url\":\"https:\\\/\\\/www.destrancheesauxbarricades.com\\\/index.php\\\/product\\\/marqueur-acrylique-marron-rouge-ral-8012-rotbraun\\\/\",\"name\":\"Marqueur acrylique MARRON ROUGE RAL 8012 - ROTBRAUN - Des tranch\u00e9es aux barricades\",\"isPartOf\":{\"@id\":\"http:\\\/\\\/www.destrancheesauxbarricades.com\\\/#website\"},\"primaryImageOfPage\":{\"@id\":\"https:\\\/\\\/www.destrancheesauxbarricades.com\\\/index.php\\\/product\\\/marqueur-acrylique-marron-rouge-ral-8012-rotbraun\\\/#primaryimage\"},\"image\":{\"@id\":\"https:\\\/\\\/www.destrancheesauxbarricades.com\\\/index.php\\\/product\\\/marqueur-acrylique-marron-rouge-ral-8012-rotbraun\\\/#primaryimage\"},\"thumbnailUrl\":\"https:\\\/\\\/www.destrancheesauxbarricades.com\\\/wp-content\\\/uploads\\\/2025\\\/03\\\/RCM019_detail.jpg\",\"datePublished\":\"2025-03-17T19:31:42+00:00\",\"dateModified\":\"2026-01-05T15:42:29+00:00\",\"breadcrumb\":{\"@id\":\"https:\\\/\\\/www.destrancheesauxbarricades.com\\\/index.php\\\/product\\\/marqueur-acrylique-marron-rouge-ral-8012-rotbraun\\\/#breadcrumb\"},\"inLanguage\":\"fr-FR\",\"potentialAction\":[{\"@type\":\"ReadAction\",\"target\":[\"https:\\\/\\\/www.destrancheesauxbarricades.com\\\/index.php\\\/product\\\/marqueur-acrylique-marron-rouge-ral-8012-rotbraun\\\/\"]}]},{\"@type\":\"ImageObject\",\"inLanguage\":\"fr-FR\",\"@id\":\"https:\\\/\\\/www.destrancheesauxbarricades.com\\\/index.php\\\/product\\\/marqueur-acrylique-marron-rouge-ral-8012-rotbraun\\\/#primaryimage\",\"url\":\"https:\\\/\\\/www.destrancheesauxbarricades.com\\\/wp-content\\\/uploads\\\/2025\\\/03\\\/RCM019_detail.jpg\",\"contentUrl\":\"https:\\\/\\\/www.destrancheesauxbarricades.com\\\/wp-content\\\/uploads\\\/2025\\\/03\\\/RCM019_detail.jpg\",\"width\":1200,\"height\":1200},{\"@type\":\"BreadcrumbList\",\"@id\":\"https:\\\/\\\/www.destrancheesauxbarricades.com\\\/index.php\\\/product\\\/marqueur-acrylique-marron-rouge-ral-8012-rotbraun\\\/#breadcrumb\",\"itemListElement\":[{\"@type\":\"ListItem\",\"position\":1,\"name\":\"Accueil\",\"item\":\"http:\\\/\\\/www.destrancheesauxbarricades.com\\\/\"},{\"@type\":\"ListItem\",\"position\":2,\"name\":\"Shop\",\"item\":\"http:\\\/\\\/www.destrancheesauxbarricades.com\\\/index.php\\\/shop\\\/\"},{\"@type\":\"ListItem\",\"position\":3,\"name\":\"Marqueur acrylique MARRON ROUGE RAL 8012 &#8211; ROTBRAUN\"}]},{\"@type\":\"WebSite\",\"@id\":\"http:\\\/\\\/www.destrancheesauxbarricades.com\\\/#website\",\"url\":\"http:\\\/\\\/www.destrancheesauxbarricades.com\\\/\",\"name\":\"Des tranch\u00e9es aux barricades\",\"description\":\"Jeu d&#039;escarmouches au d\u00e9but du XXe si\u00e8cle\",\"potentialAction\":[{\"@type\":\"SearchAction\",\"target\":{\"@type\":\"EntryPoint\",\"urlTemplate\":\"http:\\\/\\\/www.destrancheesauxbarricades.com\\\/?s={search_term_string}\"},\"query-input\":{\"@type\":\"PropertyValueSpecification\",\"valueRequired\":true,\"valueName\":\"search_term_string\"}}],\"inLanguage\":\"fr-FR\"}]}<\/script>\n<!-- \/ Yoast SEO plugin. -->","yoast_head_json":{"title":"Marqueur acrylique MARRON ROUGE RAL 8012 - ROTBRAUN - Des tranch\u00e9es aux barricades","robots":{"index":"index","follow":"follow","max-snippet":"max-snippet:-1","max-image-preview":"max-image-preview:large","max-video-preview":"max-video-preview:-1"},"canonical":"https:\/\/www.destrancheesauxbarricades.com\/index.php\/product\/marqueur-acrylique-marron-rouge-ral-8012-rotbraun\/","og_locale":"fr_FR","og_type":"article","og_title":"Marqueur acrylique MARRON ROUGE RAL 8012 - ROTBRAUN - Des tranch\u00e9es aux barricades","og_description":"[fsl-progress-bar]  Marqueur acrylique AK de couleur marron rouge ral 8012","og_url":"https:\/\/www.destrancheesauxbarricades.com\/index.php\/product\/marqueur-acrylique-marron-rouge-ral-8012-rotbraun\/","og_site_name":"Des tranch\u00e9es aux barricades","article_modified_time":"2026-01-05T15:42:29+00:00","og_image":[{"width":1200,"height":1200,"url":"https:\/\/www.destrancheesauxbarricades.com\/wp-content\/uploads\/2025\/03\/RCM019_detail.jpg","type":"image\/jpeg"}],"twitter_card":"summary_large_image","twitter_misc":{"Dur\u00e9e de lecture estim\u00e9e":"1 minute"},"schema":{"@context":"https:\/\/schema.org","@graph":[{"@type":"WebPage","@id":"https:\/\/www.destrancheesauxbarricades.com\/index.php\/product\/marqueur-acrylique-marron-rouge-ral-8012-rotbraun\/","url":"https:\/\/www.destrancheesauxbarricades.com\/index.php\/product\/marqueur-acrylique-marron-rouge-ral-8012-rotbraun\/","name":"Marqueur acrylique MARRON ROUGE RAL 8012 - ROTBRAUN - Des tranch\u00e9es aux barricades","isPartOf":{"@id":"http:\/\/www.destrancheesauxbarricades.com\/#website"},"primaryImageOfPage":{"@id":"https:\/\/www.destrancheesauxbarricades.com\/index.php\/product\/marqueur-acrylique-marron-rouge-ral-8012-rotbraun\/#primaryimage"},"image":{"@id":"https:\/\/www.destrancheesauxbarricades.com\/index.php\/product\/marqueur-acrylique-marron-rouge-ral-8012-rotbraun\/#primaryimage"},"thumbnailUrl":"https:\/\/www.destrancheesauxbarricades.com\/wp-content\/uploads\/2025\/03\/RCM019_detail.jpg","datePublished":"2025-03-17T19:31:42+00:00","dateModified":"2026-01-05T15:42:29+00:00","breadcrumb":{"@id":"https:\/\/www.destrancheesauxbarricades.com\/index.php\/product\/marqueur-acrylique-marron-rouge-ral-8012-rotbraun\/#breadcrumb"},"inLanguage":"fr-FR","potentialAction":[{"@type":"ReadAction","target":["https:\/\/www.destrancheesauxbarricades.com\/index.php\/product\/marqueur-acrylique-marron-rouge-ral-8012-rotbraun\/"]}]},{"@type":"ImageObject","inLanguage":"fr-FR","@id":"https:\/\/www.destrancheesauxbarricades.com\/index.php\/product\/marqueur-acrylique-marron-rouge-ral-8012-rotbraun\/#primaryimage","url":"https:\/\/www.destrancheesauxbarricades.com\/wp-content\/uploads\/2025\/03\/RCM019_detail.jpg","contentUrl":"https:\/\/www.destrancheesauxbarricades.com\/wp-content\/uploads\/2025\/03\/RCM019_detail.jpg","width":1200,"height":1200},{"@type":"BreadcrumbList","@id":"https:\/\/www.destrancheesauxbarricades.com\/index.php\/product\/marqueur-acrylique-marron-rouge-ral-8012-rotbraun\/#breadcrumb","itemListElement":[{"@type":"ListItem","position":1,"name":"Accueil","item":"http:\/\/www.destrancheesauxbarricades.com\/"},{"@type":"ListItem","position":2,"name":"Shop","item":"http:\/\/www.destrancheesauxbarricades.com\/index.php\/shop\/"},{"@type":"ListItem","position":3,"name":"Marqueur acrylique MARRON ROUGE RAL 8012 &#8211; ROTBRAUN"}]},{"@type":"WebSite","@id":"http:\/\/www.destrancheesauxbarricades.com\/#website","url":"http:\/\/www.destrancheesauxbarricades.com\/","name":"Des tranch\u00e9es aux barricades","description":"Jeu d&#039;escarmouches au d\u00e9but du XXe si\u00e8cle","potentialAction":[{"@type":"SearchAction","target":{"@type":"EntryPoint","urlTemplate":"http:\/\/www.destrancheesauxbarricades.com\/?s={search_term_string}"},"query-input":{"@type":"PropertyValueSpecification","valueRequired":true,"valueName":"search_term_string"}}],"inLanguage":"fr-FR"}]}},"jetpack_sharing_enabled":true,"_links":{"self":[{"href":"https:\/\/www.destrancheesauxbarricades.com\/index.php\/wp-json\/wp\/v2\/product\/12943","targetHints":{"allow":["GET"]}}],"collection":[{"href":"https:\/\/www.destrancheesauxbarricades.com\/index.php\/wp-json\/wp\/v2\/product"}],"about":[{"href":"https:\/\/www.destrancheesauxbarricades.com\/index.php\/wp-json\/wp\/v2\/types\/product"}],"version-history":[{"count":1,"href":"https:\/\/www.destrancheesauxbarricades.com\/index.php\/wp-json\/wp\/v2\/product\/12943\/revisions"}],"predecessor-version":[{"id":12946,"href":"https:\/\/www.destrancheesauxbarricades.com\/index.php\/wp-json\/wp\/v2\/product\/12943\/revisions\/12946"}],"wp:featuredmedia":[{"embeddable":true,"href":"https:\/\/www.destrancheesauxbarricades.com\/index.php\/wp-json\/wp\/v2\/media\/12944"}],"wp:attachment":[{"href":"https:\/\/www.destrancheesauxbarricades.com\/index.php\/wp-json\/wp\/v2\/media?parent=12943"}],"wp:term":[{"taxonomy":"product_brand","embeddable":true,"href":"https:\/\/www.destrancheesauxbarricades.com\/index.php\/wp-json\/wp\/v2\/product_brand?post=12943"},{"taxonomy":"product_cat","embeddable":true,"href":"https:\/\/www.destrancheesauxbarricades.com\/index.php\/wp-json\/wp\/v2\/product_cat?post=12943"},{"taxonomy":"product_tag","embeddable":true,"href":"https:\/\/www.destrancheesauxbarricades.com\/index.php\/wp-json\/wp\/v2\/product_tag?post=12943"}],"curies":[{"name":"wp","href":"https:\/\/api.w.org\/{rel}","templated":true}]}}