{"id":12678,"date":"2025-02-12T09:54:23","date_gmt":"2025-02-12T09:54:23","guid":{"rendered":"https:\/\/www.destrancheesauxbarricades.com\/?post_type=product&#038;p=12678"},"modified":"2026-02-08T12:47:12","modified_gmt":"2026-02-08T12:47:12","slug":"gamers-grass-kit-de-9-pigments-pour-socles-et-figurines","status":"publish","type":"product","link":"https:\/\/www.destrancheesauxbarricades.com\/index.php\/product\/gamers-grass-kit-de-9-pigments-pour-socles-et-figurines\/","title":{"rendered":"GAMERS GRASS &#8211; Kit de 9 pigments pour socles et figurines"},"content":{"rendered":"<div>Id\u00e9al pour donner une touche super r\u00e9aliste \u00e0 vos socles et vos d\u00e9cors.\u00a0 Poussi\u00e8res, rouilles et salissures n&rsquo;auront plus de secrets pour vous.<\/div>\n<div><\/div>\n<div>Contenu du kit :<\/div>\n<div>\n<ul>\n<li>un pot de pigment Charcoal<\/li>\n<li>un pot de pigment Red Iron<\/li>\n<li>un pot de pigment Grey Ash<\/li>\n<li>un pot de pigment Light Rust<\/li>\n<li>un pot de pigment Brown Earth<\/li>\n<li>un pot de pigment Dry Earth<\/li>\n<li>un pot de pigment Desert Dust<\/li>\n<li>un pot de pigment Yellow Lichen<\/li>\n<li>un pot de pigment Green Lichen<\/li>\n<li>1 guide d&rsquo;utilisation<\/li>\n<\/ul>\n<div>Socles et dioramas ne sont pas fournis.<\/div>\n<div><\/div>\n<\/div>\n<div><\/div>\n<div>Plus d&rsquo;info sur la vid\u00e9o ci dessous :<\/div>\n<div>\n<p><iframe title=\"Basing Pigments - Tutorial\" width=\"895\" height=\"503\" src=\"https:\/\/www.youtube.com\/embed\/kY2WKcakkgc?feature=oembed\" frameborder=\"0\" allow=\"accelerometer; autoplay; clipboard-write; encrypted-media; gyroscope; picture-in-picture; web-share\" referrerpolicy=\"strict-origin-when-cross-origin\" allowfullscreen><\/iframe><\/p>\n<\/div>\n","protected":false},"excerpt":{"rendered":"<p>Kit de 9 pigments<\/p>\n","protected":false},"featured_media":12679,"template":"","meta":{"_monsterinsights_skip_tracking":false,"_monsterinsights_sitenote_active":false,"_monsterinsights_sitenote_note":"","_monsterinsights_sitenote_category":0},"product_brand":[],"product_cat":[149,162],"product_tag":[],"class_list":{"0":"post-12678","1":"product","2":"type-product","3":"status-publish","4":"has-post-thumbnail","6":"product_cat-decors-28mm","7":"product_cat-gamers-grass","10":"first","11":"outofstock","12":"taxable","13":"shipping-taxable","14":"purchasable","15":"product-type-simple"},"yoast_head":"<!-- This site is optimized with the Yoast SEO plugin v27.4 - https:\/\/yoast.com\/product\/yoast-seo-wordpress\/ -->\n<title>GAMERS GRASS - Kit de 9 pigments pour socles et figurines - Des tranch\u00e9es aux barricades<\/title>\n<meta name=\"robots\" content=\"index, follow, max-snippet:-1, max-image-preview:large, max-video-preview:-1\" \/>\n<link rel=\"canonical\" href=\"http:\/\/www.destrancheesauxbarricades.com\/index.php\/product\/gamers-grass-kit-de-9-pigments-pour-socles-et-figurines\/\" \/>\n<meta property=\"og:locale\" content=\"fr_FR\" \/>\n<meta property=\"og:type\" content=\"article\" \/>\n<meta property=\"og:title\" content=\"GAMERS GRASS - Kit de 9 pigments pour socles et figurines - Des tranch\u00e9es aux barricades\" \/>\n<meta property=\"og:description\" content=\"Kit de 9 pigments\" \/>\n<meta property=\"og:url\" content=\"http:\/\/www.destrancheesauxbarricades.com\/index.php\/product\/gamers-grass-kit-de-9-pigments-pour-socles-et-figurines\/\" \/>\n<meta property=\"og:site_name\" content=\"Des tranch\u00e9es aux barricades\" \/>\n<meta property=\"article:modified_time\" content=\"2026-02-08T12:47:12+00:00\" \/>\n<meta property=\"og:image\" content=\"http:\/\/www.destrancheesauxbarricades.com\/wp-content\/uploads\/2025\/02\/0qnose4d.png\" \/>\n\t<meta property=\"og:image:width\" content=\"1600\" \/>\n\t<meta property=\"og:image:height\" content=\"900\" \/>\n\t<meta property=\"og:image:type\" content=\"image\/png\" \/>\n<meta name=\"twitter:card\" content=\"summary_large_image\" \/>\n<meta name=\"twitter:label1\" content=\"Dur\u00e9e de lecture estim\u00e9e\" \/>\n\t<meta name=\"twitter:data1\" content=\"1 minute\" \/>\n<script type=\"application\/ld+json\" class=\"yoast-schema-graph\">{\"@context\":\"https:\\\/\\\/schema.org\",\"@graph\":[{\"@type\":\"WebPage\",\"@id\":\"http:\\\/\\\/www.destrancheesauxbarricades.com\\\/index.php\\\/product\\\/gamers-grass-kit-de-9-pigments-pour-socles-et-figurines\\\/\",\"url\":\"http:\\\/\\\/www.destrancheesauxbarricades.com\\\/index.php\\\/product\\\/gamers-grass-kit-de-9-pigments-pour-socles-et-figurines\\\/\",\"name\":\"GAMERS GRASS - Kit de 9 pigments pour socles et figurines - Des tranch\u00e9es aux barricades\",\"isPartOf\":{\"@id\":\"http:\\\/\\\/www.destrancheesauxbarricades.com\\\/#website\"},\"primaryImageOfPage\":{\"@id\":\"http:\\\/\\\/www.destrancheesauxbarricades.com\\\/index.php\\\/product\\\/gamers-grass-kit-de-9-pigments-pour-socles-et-figurines\\\/#primaryimage\"},\"image\":{\"@id\":\"http:\\\/\\\/www.destrancheesauxbarricades.com\\\/index.php\\\/product\\\/gamers-grass-kit-de-9-pigments-pour-socles-et-figurines\\\/#primaryimage\"},\"thumbnailUrl\":\"https:\\\/\\\/www.destrancheesauxbarricades.com\\\/wp-content\\\/uploads\\\/2025\\\/02\\\/0qnose4d.png\",\"datePublished\":\"2025-02-12T09:54:23+00:00\",\"dateModified\":\"2026-02-08T12:47:12+00:00\",\"breadcrumb\":{\"@id\":\"http:\\\/\\\/www.destrancheesauxbarricades.com\\\/index.php\\\/product\\\/gamers-grass-kit-de-9-pigments-pour-socles-et-figurines\\\/#breadcrumb\"},\"inLanguage\":\"fr-FR\",\"potentialAction\":[{\"@type\":\"ReadAction\",\"target\":[\"http:\\\/\\\/www.destrancheesauxbarricades.com\\\/index.php\\\/product\\\/gamers-grass-kit-de-9-pigments-pour-socles-et-figurines\\\/\"]}]},{\"@type\":\"ImageObject\",\"inLanguage\":\"fr-FR\",\"@id\":\"http:\\\/\\\/www.destrancheesauxbarricades.com\\\/index.php\\\/product\\\/gamers-grass-kit-de-9-pigments-pour-socles-et-figurines\\\/#primaryimage\",\"url\":\"https:\\\/\\\/www.destrancheesauxbarricades.com\\\/wp-content\\\/uploads\\\/2025\\\/02\\\/0qnose4d.png\",\"contentUrl\":\"https:\\\/\\\/www.destrancheesauxbarricades.com\\\/wp-content\\\/uploads\\\/2025\\\/02\\\/0qnose4d.png\",\"width\":1600,\"height\":900},{\"@type\":\"BreadcrumbList\",\"@id\":\"http:\\\/\\\/www.destrancheesauxbarricades.com\\\/index.php\\\/product\\\/gamers-grass-kit-de-9-pigments-pour-socles-et-figurines\\\/#breadcrumb\",\"itemListElement\":[{\"@type\":\"ListItem\",\"position\":1,\"name\":\"Accueil\",\"item\":\"http:\\\/\\\/www.destrancheesauxbarricades.com\\\/\"},{\"@type\":\"ListItem\",\"position\":2,\"name\":\"Shop\",\"item\":\"https:\\\/\\\/www.destrancheesauxbarricades.com\\\/index.php\\\/shop\\\/\"},{\"@type\":\"ListItem\",\"position\":3,\"name\":\"GAMERS GRASS &#8211; Kit de 9 pigments pour socles et figurines\"}]},{\"@type\":\"WebSite\",\"@id\":\"http:\\\/\\\/www.destrancheesauxbarricades.com\\\/#website\",\"url\":\"http:\\\/\\\/www.destrancheesauxbarricades.com\\\/\",\"name\":\"Des tranch\u00e9es aux barricades\",\"description\":\"Jeu d&#039;escarmouches au d\u00e9but du XXe si\u00e8cle\",\"potentialAction\":[{\"@type\":\"SearchAction\",\"target\":{\"@type\":\"EntryPoint\",\"urlTemplate\":\"http:\\\/\\\/www.destrancheesauxbarricades.com\\\/?s={search_term_string}\"},\"query-input\":{\"@type\":\"PropertyValueSpecification\",\"valueRequired\":true,\"valueName\":\"search_term_string\"}}],\"inLanguage\":\"fr-FR\"}]}<\/script>\n<!-- \/ Yoast SEO plugin. -->","yoast_head_json":{"title":"GAMERS GRASS - Kit de 9 pigments pour socles et figurines - Des tranch\u00e9es aux barricades","robots":{"index":"index","follow":"follow","max-snippet":"max-snippet:-1","max-image-preview":"max-image-preview:large","max-video-preview":"max-video-preview:-1"},"canonical":"http:\/\/www.destrancheesauxbarricades.com\/index.php\/product\/gamers-grass-kit-de-9-pigments-pour-socles-et-figurines\/","og_locale":"fr_FR","og_type":"article","og_title":"GAMERS GRASS - Kit de 9 pigments pour socles et figurines - Des tranch\u00e9es aux barricades","og_description":"Kit de 9 pigments","og_url":"http:\/\/www.destrancheesauxbarricades.com\/index.php\/product\/gamers-grass-kit-de-9-pigments-pour-socles-et-figurines\/","og_site_name":"Des tranch\u00e9es aux barricades","article_modified_time":"2026-02-08T12:47:12+00:00","og_image":[{"width":1600,"height":900,"url":"http:\/\/www.destrancheesauxbarricades.com\/wp-content\/uploads\/2025\/02\/0qnose4d.png","type":"image\/png"}],"twitter_card":"summary_large_image","twitter_misc":{"Dur\u00e9e de lecture estim\u00e9e":"1 minute"},"schema":{"@context":"https:\/\/schema.org","@graph":[{"@type":"WebPage","@id":"http:\/\/www.destrancheesauxbarricades.com\/index.php\/product\/gamers-grass-kit-de-9-pigments-pour-socles-et-figurines\/","url":"http:\/\/www.destrancheesauxbarricades.com\/index.php\/product\/gamers-grass-kit-de-9-pigments-pour-socles-et-figurines\/","name":"GAMERS GRASS - Kit de 9 pigments pour socles et figurines - Des tranch\u00e9es aux barricades","isPartOf":{"@id":"http:\/\/www.destrancheesauxbarricades.com\/#website"},"primaryImageOfPage":{"@id":"http:\/\/www.destrancheesauxbarricades.com\/index.php\/product\/gamers-grass-kit-de-9-pigments-pour-socles-et-figurines\/#primaryimage"},"image":{"@id":"http:\/\/www.destrancheesauxbarricades.com\/index.php\/product\/gamers-grass-kit-de-9-pigments-pour-socles-et-figurines\/#primaryimage"},"thumbnailUrl":"https:\/\/www.destrancheesauxbarricades.com\/wp-content\/uploads\/2025\/02\/0qnose4d.png","datePublished":"2025-02-12T09:54:23+00:00","dateModified":"2026-02-08T12:47:12+00:00","breadcrumb":{"@id":"http:\/\/www.destrancheesauxbarricades.com\/index.php\/product\/gamers-grass-kit-de-9-pigments-pour-socles-et-figurines\/#breadcrumb"},"inLanguage":"fr-FR","potentialAction":[{"@type":"ReadAction","target":["http:\/\/www.destrancheesauxbarricades.com\/index.php\/product\/gamers-grass-kit-de-9-pigments-pour-socles-et-figurines\/"]}]},{"@type":"ImageObject","inLanguage":"fr-FR","@id":"http:\/\/www.destrancheesauxbarricades.com\/index.php\/product\/gamers-grass-kit-de-9-pigments-pour-socles-et-figurines\/#primaryimage","url":"https:\/\/www.destrancheesauxbarricades.com\/wp-content\/uploads\/2025\/02\/0qnose4d.png","contentUrl":"https:\/\/www.destrancheesauxbarricades.com\/wp-content\/uploads\/2025\/02\/0qnose4d.png","width":1600,"height":900},{"@type":"BreadcrumbList","@id":"http:\/\/www.destrancheesauxbarricades.com\/index.php\/product\/gamers-grass-kit-de-9-pigments-pour-socles-et-figurines\/#breadcrumb","itemListElement":[{"@type":"ListItem","position":1,"name":"Accueil","item":"http:\/\/www.destrancheesauxbarricades.com\/"},{"@type":"ListItem","position":2,"name":"Shop","item":"https:\/\/www.destrancheesauxbarricades.com\/index.php\/shop\/"},{"@type":"ListItem","position":3,"name":"GAMERS GRASS &#8211; Kit de 9 pigments pour socles et figurines"}]},{"@type":"WebSite","@id":"http:\/\/www.destrancheesauxbarricades.com\/#website","url":"http:\/\/www.destrancheesauxbarricades.com\/","name":"Des tranch\u00e9es aux barricades","description":"Jeu d&#039;escarmouches au d\u00e9but du XXe si\u00e8cle","potentialAction":[{"@type":"SearchAction","target":{"@type":"EntryPoint","urlTemplate":"http:\/\/www.destrancheesauxbarricades.com\/?s={search_term_string}"},"query-input":{"@type":"PropertyValueSpecification","valueRequired":true,"valueName":"search_term_string"}}],"inLanguage":"fr-FR"}]}},"jetpack_sharing_enabled":true,"_links":{"self":[{"href":"https:\/\/www.destrancheesauxbarricades.com\/index.php\/wp-json\/wp\/v2\/product\/12678","targetHints":{"allow":["GET"]}}],"collection":[{"href":"https:\/\/www.destrancheesauxbarricades.com\/index.php\/wp-json\/wp\/v2\/product"}],"about":[{"href":"https:\/\/www.destrancheesauxbarricades.com\/index.php\/wp-json\/wp\/v2\/types\/product"}],"version-history":[{"count":2,"href":"https:\/\/www.destrancheesauxbarricades.com\/index.php\/wp-json\/wp\/v2\/product\/12678\/revisions"}],"predecessor-version":[{"id":13962,"href":"https:\/\/www.destrancheesauxbarricades.com\/index.php\/wp-json\/wp\/v2\/product\/12678\/revisions\/13962"}],"wp:featuredmedia":[{"embeddable":true,"href":"https:\/\/www.destrancheesauxbarricades.com\/index.php\/wp-json\/wp\/v2\/media\/12679"}],"wp:attachment":[{"href":"https:\/\/www.destrancheesauxbarricades.com\/index.php\/wp-json\/wp\/v2\/media?parent=12678"}],"wp:term":[{"taxonomy":"product_brand","embeddable":true,"href":"https:\/\/www.destrancheesauxbarricades.com\/index.php\/wp-json\/wp\/v2\/product_brand?post=12678"},{"taxonomy":"product_cat","embeddable":true,"href":"https:\/\/www.destrancheesauxbarricades.com\/index.php\/wp-json\/wp\/v2\/product_cat?post=12678"},{"taxonomy":"product_tag","embeddable":true,"href":"https:\/\/www.destrancheesauxbarricades.com\/index.php\/wp-json\/wp\/v2\/product_tag?post=12678"}],"curies":[{"name":"wp","href":"https:\/\/api.w.org\/{rel}","templated":true}]}}