{"id":12671,"date":"2025-02-11T16:06:50","date_gmt":"2025-02-11T16:06:50","guid":{"rendered":"https:\/\/www.destrancheesauxbarricades.com\/?post_type=product&#038;p=12671"},"modified":"2025-11-10T18:17:04","modified_gmt":"2025-11-10T18:17:04","slug":"reguliers-ottomans-28mm-resine","status":"publish","type":"product","link":"https:\/\/www.destrancheesauxbarricades.com\/index.php\/product\/reguliers-ottomans-28mm-resine\/","title":{"rendered":"Infanterie Ottomane (28mm r\u00e9sine)"},"content":{"rendered":"<div id=\"tab-description\" class=\"woocommerce-Tabs-panel woocommerce-Tabs-panel--description panel entry-content active\" role=\"tabpanel\" aria-labelledby=\"tab-title-description\">\n<p>Ce pack repr\u00e9sente une arm\u00e9e ottomanes pendant la premi\u00e8re guerre mondiale mais peut servir \u00e0 repr\u00e9senter\u00a0 les conflits franco turcs notamment.<\/p>\n<p>Ce pack comprend :<\/p>\n<ul>\n<li>Un officier, un porte \u00e9tendard et un messager<\/li>\n<li>Un sous officier<\/li>\n<li>deux porteurs de munitions et une mule de transport<\/li>\n<li>Dix r\u00e9guliers ottomans<\/li>\n<li>Un groupe \u00e9quip\u00e9 d&rsquo;une mitrailleuse\u00a0 Maschinengewehr 08 team<\/li>\n<li>Un ensemble de t\u00eates s\u00e9par\u00e9es<\/li>\n<\/ul>\n<div dir=\"auto\"><\/div>\n<div dir=\"auto\">Figurines 28mm imprim\u00e9es en r\u00e9sine, \u00e0 assembler et \u00e0 peindre.<\/div>\n<div dir=\"auto\">\n<p>Socle non fourni. Visuels non contractuels.<\/p>\n<p>Ceci n\u2019est pas un jouet \u2013 Des comp\u00e9tences de base en mod\u00e9lisme sont requises &#8211; Ne convient pas aux enfants de moins de 14 ans.<\/p>\n<p>Sculpture Greg Girault<\/p>\n<\/div>\n<\/div>\n<div id=\"tab-vendor\" class=\"woocommerce-Tabs-panel woocommerce-Tabs-panel--vendor panel entry-content \" role=\"tabpanel\" aria-labelledby=\"tab-title-vendor\">\n<div class=\"product-vendor\">\n<h2><\/h2>\n<\/div>\n<\/div>\n","protected":false},"excerpt":{"rendered":"<p>Une arm\u00e9e ottomane en r\u00e9sine (28mm)<\/p>\n","protected":false},"featured_media":12672,"template":"","meta":{"_monsterinsights_skip_tracking":false,"_monsterinsights_sitenote_active":false,"_monsterinsights_sitenote_note":"","_monsterinsights_sitenote_category":0},"product_brand":[],"product_cat":[159,137,138],"product_tag":[],"class_list":{"0":"post-12671","1":"product","2":"type-product","3":"status-publish","4":"has-post-thumbnail","6":"product_cat-des-tranchees-aux-barricades","7":"product_cat-premiere-guerre-mondiale","8":"product_cat-revolte-arabe-de-1916-1918","11":"first","12":"instock","13":"sale","14":"taxable","15":"shipping-taxable","16":"purchasable","17":"product-type-simple"},"yoast_head":"<!-- This site is optimized with the Yoast SEO plugin v27.4 - https:\/\/yoast.com\/product\/yoast-seo-wordpress\/ -->\n<title>Infanterie Ottomane (28mm r\u00e9sine) - Des tranch\u00e9es aux barricades<\/title>\n<meta name=\"robots\" content=\"index, follow, max-snippet:-1, max-image-preview:large, max-video-preview:-1\" \/>\n<link rel=\"canonical\" href=\"https:\/\/www.destrancheesauxbarricades.com\/index.php\/product\/reguliers-ottomans-28mm-resine\/\" \/>\n<meta property=\"og:locale\" content=\"fr_FR\" \/>\n<meta property=\"og:type\" content=\"article\" \/>\n<meta property=\"og:title\" content=\"Infanterie Ottomane (28mm r\u00e9sine) - Des tranch\u00e9es aux barricades\" \/>\n<meta property=\"og:description\" content=\"Une arm\u00e9e ottomane en r\u00e9sine (28mm)\" \/>\n<meta property=\"og:url\" content=\"https:\/\/www.destrancheesauxbarricades.com\/index.php\/product\/reguliers-ottomans-28mm-resine\/\" \/>\n<meta property=\"og:site_name\" content=\"Des tranch\u00e9es aux barricades\" \/>\n<meta property=\"article:modified_time\" content=\"2025-11-10T18:17:04+00:00\" \/>\n<meta property=\"og:image\" content=\"https:\/\/www.destrancheesauxbarricades.com\/wp-content\/uploads\/2025\/02\/ETQ_InfanterieOttomane_20250211.jpg\" \/>\n\t<meta property=\"og:image:width\" content=\"877\" \/>\n\t<meta property=\"og:image:height\" content=\"620\" \/>\n\t<meta property=\"og:image:type\" content=\"image\/jpeg\" \/>\n<meta name=\"twitter:card\" content=\"summary_large_image\" \/>\n<meta name=\"twitter:label1\" content=\"Dur\u00e9e de lecture estim\u00e9e\" \/>\n\t<meta name=\"twitter:data1\" content=\"1 minute\" \/>\n<script type=\"application\/ld+json\" class=\"yoast-schema-graph\">{\"@context\":\"https:\\\/\\\/schema.org\",\"@graph\":[{\"@type\":\"WebPage\",\"@id\":\"https:\\\/\\\/www.destrancheesauxbarricades.com\\\/index.php\\\/product\\\/reguliers-ottomans-28mm-resine\\\/\",\"url\":\"https:\\\/\\\/www.destrancheesauxbarricades.com\\\/index.php\\\/product\\\/reguliers-ottomans-28mm-resine\\\/\",\"name\":\"Infanterie Ottomane (28mm r\u00e9sine) - Des tranch\u00e9es aux barricades\",\"isPartOf\":{\"@id\":\"http:\\\/\\\/www.destrancheesauxbarricades.com\\\/#website\"},\"primaryImageOfPage\":{\"@id\":\"https:\\\/\\\/www.destrancheesauxbarricades.com\\\/index.php\\\/product\\\/reguliers-ottomans-28mm-resine\\\/#primaryimage\"},\"image\":{\"@id\":\"https:\\\/\\\/www.destrancheesauxbarricades.com\\\/index.php\\\/product\\\/reguliers-ottomans-28mm-resine\\\/#primaryimage\"},\"thumbnailUrl\":\"https:\\\/\\\/www.destrancheesauxbarricades.com\\\/wp-content\\\/uploads\\\/2025\\\/02\\\/ETQ_InfanterieOttomane_20250211.jpg\",\"datePublished\":\"2025-02-11T16:06:50+00:00\",\"dateModified\":\"2025-11-10T18:17:04+00:00\",\"breadcrumb\":{\"@id\":\"https:\\\/\\\/www.destrancheesauxbarricades.com\\\/index.php\\\/product\\\/reguliers-ottomans-28mm-resine\\\/#breadcrumb\"},\"inLanguage\":\"fr-FR\",\"potentialAction\":[{\"@type\":\"ReadAction\",\"target\":[\"https:\\\/\\\/www.destrancheesauxbarricades.com\\\/index.php\\\/product\\\/reguliers-ottomans-28mm-resine\\\/\"]}]},{\"@type\":\"ImageObject\",\"inLanguage\":\"fr-FR\",\"@id\":\"https:\\\/\\\/www.destrancheesauxbarricades.com\\\/index.php\\\/product\\\/reguliers-ottomans-28mm-resine\\\/#primaryimage\",\"url\":\"https:\\\/\\\/www.destrancheesauxbarricades.com\\\/wp-content\\\/uploads\\\/2025\\\/02\\\/ETQ_InfanterieOttomane_20250211.jpg\",\"contentUrl\":\"https:\\\/\\\/www.destrancheesauxbarricades.com\\\/wp-content\\\/uploads\\\/2025\\\/02\\\/ETQ_InfanterieOttomane_20250211.jpg\",\"width\":877,\"height\":620},{\"@type\":\"BreadcrumbList\",\"@id\":\"https:\\\/\\\/www.destrancheesauxbarricades.com\\\/index.php\\\/product\\\/reguliers-ottomans-28mm-resine\\\/#breadcrumb\",\"itemListElement\":[{\"@type\":\"ListItem\",\"position\":1,\"name\":\"Accueil\",\"item\":\"http:\\\/\\\/www.destrancheesauxbarricades.com\\\/\"},{\"@type\":\"ListItem\",\"position\":2,\"name\":\"Shop\",\"item\":\"http:\\\/\\\/www.destrancheesauxbarricades.com\\\/index.php\\\/shop\\\/\"},{\"@type\":\"ListItem\",\"position\":3,\"name\":\"Infanterie Ottomane (28mm r\u00e9sine)\"}]},{\"@type\":\"WebSite\",\"@id\":\"http:\\\/\\\/www.destrancheesauxbarricades.com\\\/#website\",\"url\":\"http:\\\/\\\/www.destrancheesauxbarricades.com\\\/\",\"name\":\"Des tranch\u00e9es aux barricades\",\"description\":\"Jeu d&#039;escarmouches au d\u00e9but du XXe si\u00e8cle\",\"potentialAction\":[{\"@type\":\"SearchAction\",\"target\":{\"@type\":\"EntryPoint\",\"urlTemplate\":\"http:\\\/\\\/www.destrancheesauxbarricades.com\\\/?s={search_term_string}\"},\"query-input\":{\"@type\":\"PropertyValueSpecification\",\"valueRequired\":true,\"valueName\":\"search_term_string\"}}],\"inLanguage\":\"fr-FR\"}]}<\/script>\n<!-- \/ Yoast SEO plugin. -->","yoast_head_json":{"title":"Infanterie Ottomane (28mm r\u00e9sine) - Des tranch\u00e9es aux barricades","robots":{"index":"index","follow":"follow","max-snippet":"max-snippet:-1","max-image-preview":"max-image-preview:large","max-video-preview":"max-video-preview:-1"},"canonical":"https:\/\/www.destrancheesauxbarricades.com\/index.php\/product\/reguliers-ottomans-28mm-resine\/","og_locale":"fr_FR","og_type":"article","og_title":"Infanterie Ottomane (28mm r\u00e9sine) - Des tranch\u00e9es aux barricades","og_description":"Une arm\u00e9e ottomane en r\u00e9sine (28mm)","og_url":"https:\/\/www.destrancheesauxbarricades.com\/index.php\/product\/reguliers-ottomans-28mm-resine\/","og_site_name":"Des tranch\u00e9es aux barricades","article_modified_time":"2025-11-10T18:17:04+00:00","og_image":[{"width":877,"height":620,"url":"https:\/\/www.destrancheesauxbarricades.com\/wp-content\/uploads\/2025\/02\/ETQ_InfanterieOttomane_20250211.jpg","type":"image\/jpeg"}],"twitter_card":"summary_large_image","twitter_misc":{"Dur\u00e9e de lecture estim\u00e9e":"1 minute"},"schema":{"@context":"https:\/\/schema.org","@graph":[{"@type":"WebPage","@id":"https:\/\/www.destrancheesauxbarricades.com\/index.php\/product\/reguliers-ottomans-28mm-resine\/","url":"https:\/\/www.destrancheesauxbarricades.com\/index.php\/product\/reguliers-ottomans-28mm-resine\/","name":"Infanterie Ottomane (28mm r\u00e9sine) - Des tranch\u00e9es aux barricades","isPartOf":{"@id":"http:\/\/www.destrancheesauxbarricades.com\/#website"},"primaryImageOfPage":{"@id":"https:\/\/www.destrancheesauxbarricades.com\/index.php\/product\/reguliers-ottomans-28mm-resine\/#primaryimage"},"image":{"@id":"https:\/\/www.destrancheesauxbarricades.com\/index.php\/product\/reguliers-ottomans-28mm-resine\/#primaryimage"},"thumbnailUrl":"https:\/\/www.destrancheesauxbarricades.com\/wp-content\/uploads\/2025\/02\/ETQ_InfanterieOttomane_20250211.jpg","datePublished":"2025-02-11T16:06:50+00:00","dateModified":"2025-11-10T18:17:04+00:00","breadcrumb":{"@id":"https:\/\/www.destrancheesauxbarricades.com\/index.php\/product\/reguliers-ottomans-28mm-resine\/#breadcrumb"},"inLanguage":"fr-FR","potentialAction":[{"@type":"ReadAction","target":["https:\/\/www.destrancheesauxbarricades.com\/index.php\/product\/reguliers-ottomans-28mm-resine\/"]}]},{"@type":"ImageObject","inLanguage":"fr-FR","@id":"https:\/\/www.destrancheesauxbarricades.com\/index.php\/product\/reguliers-ottomans-28mm-resine\/#primaryimage","url":"https:\/\/www.destrancheesauxbarricades.com\/wp-content\/uploads\/2025\/02\/ETQ_InfanterieOttomane_20250211.jpg","contentUrl":"https:\/\/www.destrancheesauxbarricades.com\/wp-content\/uploads\/2025\/02\/ETQ_InfanterieOttomane_20250211.jpg","width":877,"height":620},{"@type":"BreadcrumbList","@id":"https:\/\/www.destrancheesauxbarricades.com\/index.php\/product\/reguliers-ottomans-28mm-resine\/#breadcrumb","itemListElement":[{"@type":"ListItem","position":1,"name":"Accueil","item":"http:\/\/www.destrancheesauxbarricades.com\/"},{"@type":"ListItem","position":2,"name":"Shop","item":"http:\/\/www.destrancheesauxbarricades.com\/index.php\/shop\/"},{"@type":"ListItem","position":3,"name":"Infanterie Ottomane (28mm r\u00e9sine)"}]},{"@type":"WebSite","@id":"http:\/\/www.destrancheesauxbarricades.com\/#website","url":"http:\/\/www.destrancheesauxbarricades.com\/","name":"Des tranch\u00e9es aux barricades","description":"Jeu d&#039;escarmouches au d\u00e9but du XXe si\u00e8cle","potentialAction":[{"@type":"SearchAction","target":{"@type":"EntryPoint","urlTemplate":"http:\/\/www.destrancheesauxbarricades.com\/?s={search_term_string}"},"query-input":{"@type":"PropertyValueSpecification","valueRequired":true,"valueName":"search_term_string"}}],"inLanguage":"fr-FR"}]}},"jetpack_sharing_enabled":true,"_links":{"self":[{"href":"https:\/\/www.destrancheesauxbarricades.com\/index.php\/wp-json\/wp\/v2\/product\/12671","targetHints":{"allow":["GET"]}}],"collection":[{"href":"https:\/\/www.destrancheesauxbarricades.com\/index.php\/wp-json\/wp\/v2\/product"}],"about":[{"href":"https:\/\/www.destrancheesauxbarricades.com\/index.php\/wp-json\/wp\/v2\/types\/product"}],"version-history":[{"count":5,"href":"https:\/\/www.destrancheesauxbarricades.com\/index.php\/wp-json\/wp\/v2\/product\/12671\/revisions"}],"predecessor-version":[{"id":12677,"href":"https:\/\/www.destrancheesauxbarricades.com\/index.php\/wp-json\/wp\/v2\/product\/12671\/revisions\/12677"}],"wp:featuredmedia":[{"embeddable":true,"href":"https:\/\/www.destrancheesauxbarricades.com\/index.php\/wp-json\/wp\/v2\/media\/12672"}],"wp:attachment":[{"href":"https:\/\/www.destrancheesauxbarricades.com\/index.php\/wp-json\/wp\/v2\/media?parent=12671"}],"wp:term":[{"taxonomy":"product_brand","embeddable":true,"href":"https:\/\/www.destrancheesauxbarricades.com\/index.php\/wp-json\/wp\/v2\/product_brand?post=12671"},{"taxonomy":"product_cat","embeddable":true,"href":"https:\/\/www.destrancheesauxbarricades.com\/index.php\/wp-json\/wp\/v2\/product_cat?post=12671"},{"taxonomy":"product_tag","embeddable":true,"href":"https:\/\/www.destrancheesauxbarricades.com\/index.php\/wp-json\/wp\/v2\/product_tag?post=12671"}],"curies":[{"name":"wp","href":"https:\/\/api.w.org\/{rel}","templated":true}]}}