{"id":12597,"date":"2025-02-03T06:53:38","date_gmt":"2025-02-03T06:53:38","guid":{"rendered":"https:\/\/www.destrancheesauxbarricades.com\/?post_type=product&#038;p=12597"},"modified":"2025-04-11T15:04:49","modified_gmt":"2025-04-11T15:04:49","slug":"armee-francaise-en-syrie-stl","status":"publish","type":"product","link":"https:\/\/www.destrancheesauxbarricades.com\/index.php\/product\/armee-francaise-en-syrie-stl\/","title":{"rendered":"Arm\u00e9e fran\u00e7aise en Syrie (STL)"},"content":{"rendered":"<p>Ce pack repr\u00e9sente les troupes fran\u00e7aises\u00a0 occupant la Syrie sous le mandat fran\u00e7ais o\u00f9 elles seront confront\u00e9es aux Turcs, aux diff\u00e9rents soul\u00e8vements arabes et druzes.<\/p>\n<p>Il peut aussi bien repr\u00e9sent\u00e9 des troupes fran\u00e7aises sur les diff\u00e9rents th\u00e9\u00e2tres moyen orientaux notamment au Maroc.<\/p>\n<p>&nbsp;<\/p>\n<p>Ce pack de fichiers STL comprend :<\/p>\n<ul>\n<li>L&rsquo;\u00e9tat major du G\u00e9n\u00e9ral Gouraud<\/li>\n<li>Un officier et un clairon<\/li>\n<li>Un infirmier transportant un bless\u00e9<\/li>\n<li>Un groupe \u00e9quip\u00e9 d&rsquo;un lance grenades\u00a0 VB<\/li>\n<li>Un groupe \u00e9quip\u00e9 d&rsquo;un fusil mitrailleur Chauchat<\/li>\n<li>Dix fantassins fran\u00e7ais<\/li>\n<li>Une s\u00e9rie de t\u00eates avec casques Adrian et coloniaux<\/li>\n<li>Une automitrailleuse White TBC<\/li>\n<li>Six chasseurs d&rsquo;Afrique, dont un officier et une trompette<\/li>\n<\/ul>\n<p>Ainsi que leur version pr\u00e9 support\u00e9e (.chitubox).<\/p>\n<p>Echelle 28 mm.\u00a0 Compatible 20mm.<\/p>\n<p>&nbsp;<\/p>\n<p>&nbsp;<\/p>\n<p><strong>LICENCE PERSONNELLE ET NON COMMERCIALE<\/strong><\/p>\n<p>Les fichiers num\u00e9riques vendus sur ce site ont une licence strictement non commerciale et \u00e0 usage personnel uniquement. Aucun remixage et aucune utilisation commerciale ne sont autoris\u00e9es.<\/p>\n<p>Vous ne pouvez pas et vous ne devez pas partager, sous-licencier, vendre, louer, h\u00e9berger, transf\u00e9rer ou distribuer de quelque mani\u00e8re que ce soit les versions num\u00e9riques ou imprim\u00e9es en 3D de cet objet, ni toute autre \u0153uvre d\u00e9riv\u00e9e de cet objet dans son format num\u00e9rique ou physique (y compris l&rsquo;h\u00e9bergement sur d&rsquo;autres plateformes num\u00e9riques).<\/p>\n<p>&nbsp;<\/p>\n<p><strong>PERSONAL AND NON-COMMERCIAL LICENSE<\/strong><\/p>\n<p>Digital files sold on this site are licensed strictly non-commercially and for personal use only. No remixing and no commercial use allowed.<br \/>\nYou may not and must not share, sublicense, sell, rent, rent, host, transfer or distribute in any way the digital or 3D printed versions of this item, or any derivative works of this item in any way. its digital or physical format (including hosting on other digital platforms).<\/p>\n<p>&nbsp;<\/p>\n","protected":false},"excerpt":{"rendered":"<p>[fsl-progress-bar]<\/p>\n<p>Une arm\u00e9e fran\u00e7aise en Syrie \u00e0 imprimer (STL et version support\u00e9e)<\/p>\n","protected":false},"featured_media":12598,"template":"","meta":{"_monsterinsights_skip_tracking":false,"_monsterinsights_sitenote_active":false,"_monsterinsights_sitenote_note":"","_monsterinsights_sitenote_category":0},"product_brand":[],"product_cat":[139,159,137,142,134],"product_tag":[],"class_list":{"0":"post-12597","1":"product","2":"type-product","3":"status-publish","4":"has-post-thumbnail","6":"product_cat-armee-du-levant","7":"product_cat-des-tranchees-aux-barricades","8":"product_cat-premiere-guerre-mondiale","9":"product_cat-seconde-guerre-mondiale","10":"product_cat-stl","13":"first","14":"instock","15":"downloadable","16":"virtual","17":"purchasable","18":"product-type-simple"},"yoast_head":"<!-- This site is optimized with the Yoast SEO plugin v27.4 - https:\/\/yoast.com\/product\/yoast-seo-wordpress\/ -->\n<title>Arm\u00e9e fran\u00e7aise en Syrie (STL) - Des tranch\u00e9es aux barricades<\/title>\n<meta name=\"robots\" content=\"index, follow, max-snippet:-1, max-image-preview:large, max-video-preview:-1\" \/>\n<link rel=\"canonical\" href=\"https:\/\/www.destrancheesauxbarricades.com\/index.php\/product\/armee-francaise-en-syrie-stl\/\" \/>\n<meta property=\"og:locale\" content=\"fr_FR\" \/>\n<meta property=\"og:type\" content=\"article\" \/>\n<meta property=\"og:title\" content=\"Arm\u00e9e fran\u00e7aise en Syrie (STL) - Des tranch\u00e9es aux barricades\" \/>\n<meta property=\"og:description\" content=\"[fsl-progress-bar]  Une arm\u00e9e fran\u00e7aise en Syrie \u00e0 imprimer (STL et version support\u00e9e)\" \/>\n<meta property=\"og:url\" content=\"https:\/\/www.destrancheesauxbarricades.com\/index.php\/product\/armee-francaise-en-syrie-stl\/\" \/>\n<meta property=\"og:site_name\" content=\"Des tranch\u00e9es aux barricades\" \/>\n<meta property=\"article:modified_time\" content=\"2025-04-11T15:04:49+00:00\" \/>\n<meta property=\"og:image\" content=\"https:\/\/www.destrancheesauxbarricades.com\/wp-content\/uploads\/2025\/02\/French-Mandate-for-Syria.jpg\" \/>\n\t<meta property=\"og:image:width\" content=\"1200\" \/>\n\t<meta property=\"og:image:height\" content=\"800\" \/>\n\t<meta property=\"og:image:type\" content=\"image\/jpeg\" \/>\n<meta name=\"twitter:card\" content=\"summary_large_image\" \/>\n<meta name=\"twitter:label1\" content=\"Dur\u00e9e de lecture estim\u00e9e\" \/>\n\t<meta name=\"twitter:data1\" content=\"2 minutes\" \/>\n<script type=\"application\/ld+json\" class=\"yoast-schema-graph\">{\"@context\":\"https:\\\/\\\/schema.org\",\"@graph\":[{\"@type\":\"WebPage\",\"@id\":\"https:\\\/\\\/www.destrancheesauxbarricades.com\\\/index.php\\\/product\\\/armee-francaise-en-syrie-stl\\\/\",\"url\":\"https:\\\/\\\/www.destrancheesauxbarricades.com\\\/index.php\\\/product\\\/armee-francaise-en-syrie-stl\\\/\",\"name\":\"Arm\u00e9e fran\u00e7aise en Syrie (STL) - Des tranch\u00e9es aux barricades\",\"isPartOf\":{\"@id\":\"https:\\\/\\\/www.destrancheesauxbarricades.com\\\/#website\"},\"primaryImageOfPage\":{\"@id\":\"https:\\\/\\\/www.destrancheesauxbarricades.com\\\/index.php\\\/product\\\/armee-francaise-en-syrie-stl\\\/#primaryimage\"},\"image\":{\"@id\":\"https:\\\/\\\/www.destrancheesauxbarricades.com\\\/index.php\\\/product\\\/armee-francaise-en-syrie-stl\\\/#primaryimage\"},\"thumbnailUrl\":\"https:\\\/\\\/www.destrancheesauxbarricades.com\\\/wp-content\\\/uploads\\\/2025\\\/02\\\/French-Mandate-for-Syria.jpg\",\"datePublished\":\"2025-02-03T06:53:38+00:00\",\"dateModified\":\"2025-04-11T15:04:49+00:00\",\"breadcrumb\":{\"@id\":\"https:\\\/\\\/www.destrancheesauxbarricades.com\\\/index.php\\\/product\\\/armee-francaise-en-syrie-stl\\\/#breadcrumb\"},\"inLanguage\":\"fr-FR\",\"potentialAction\":[{\"@type\":\"ReadAction\",\"target\":[\"https:\\\/\\\/www.destrancheesauxbarricades.com\\\/index.php\\\/product\\\/armee-francaise-en-syrie-stl\\\/\"]}]},{\"@type\":\"ImageObject\",\"inLanguage\":\"fr-FR\",\"@id\":\"https:\\\/\\\/www.destrancheesauxbarricades.com\\\/index.php\\\/product\\\/armee-francaise-en-syrie-stl\\\/#primaryimage\",\"url\":\"https:\\\/\\\/www.destrancheesauxbarricades.com\\\/wp-content\\\/uploads\\\/2025\\\/02\\\/French-Mandate-for-Syria.jpg\",\"contentUrl\":\"https:\\\/\\\/www.destrancheesauxbarricades.com\\\/wp-content\\\/uploads\\\/2025\\\/02\\\/French-Mandate-for-Syria.jpg\",\"width\":1200,\"height\":800},{\"@type\":\"BreadcrumbList\",\"@id\":\"https:\\\/\\\/www.destrancheesauxbarricades.com\\\/index.php\\\/product\\\/armee-francaise-en-syrie-stl\\\/#breadcrumb\",\"itemListElement\":[{\"@type\":\"ListItem\",\"position\":1,\"name\":\"Accueil\",\"item\":\"https:\\\/\\\/www.destrancheesauxbarricades.com\\\/\"},{\"@type\":\"ListItem\",\"position\":2,\"name\":\"Shop\",\"item\":\"https:\\\/\\\/www.destrancheesauxbarricades.com\\\/index.php\\\/shop\\\/\"},{\"@type\":\"ListItem\",\"position\":3,\"name\":\"Arm\u00e9e fran\u00e7aise en Syrie (STL)\"}]},{\"@type\":\"WebSite\",\"@id\":\"https:\\\/\\\/www.destrancheesauxbarricades.com\\\/#website\",\"url\":\"https:\\\/\\\/www.destrancheesauxbarricades.com\\\/\",\"name\":\"Des tranch\u00e9es aux barricades\",\"description\":\"Jeu d&#039;escarmouches au d\u00e9but du XXe si\u00e8cle\",\"potentialAction\":[{\"@type\":\"SearchAction\",\"target\":{\"@type\":\"EntryPoint\",\"urlTemplate\":\"https:\\\/\\\/www.destrancheesauxbarricades.com\\\/?s={search_term_string}\"},\"query-input\":{\"@type\":\"PropertyValueSpecification\",\"valueRequired\":true,\"valueName\":\"search_term_string\"}}],\"inLanguage\":\"fr-FR\"}]}<\/script>\n<!-- \/ Yoast SEO plugin. -->","yoast_head_json":{"title":"Arm\u00e9e fran\u00e7aise en Syrie (STL) - Des tranch\u00e9es aux barricades","robots":{"index":"index","follow":"follow","max-snippet":"max-snippet:-1","max-image-preview":"max-image-preview:large","max-video-preview":"max-video-preview:-1"},"canonical":"https:\/\/www.destrancheesauxbarricades.com\/index.php\/product\/armee-francaise-en-syrie-stl\/","og_locale":"fr_FR","og_type":"article","og_title":"Arm\u00e9e fran\u00e7aise en Syrie (STL) - Des tranch\u00e9es aux barricades","og_description":"[fsl-progress-bar]  Une arm\u00e9e fran\u00e7aise en Syrie \u00e0 imprimer (STL et version support\u00e9e)","og_url":"https:\/\/www.destrancheesauxbarricades.com\/index.php\/product\/armee-francaise-en-syrie-stl\/","og_site_name":"Des tranch\u00e9es aux barricades","article_modified_time":"2025-04-11T15:04:49+00:00","og_image":[{"width":1200,"height":800,"url":"https:\/\/www.destrancheesauxbarricades.com\/wp-content\/uploads\/2025\/02\/French-Mandate-for-Syria.jpg","type":"image\/jpeg"}],"twitter_card":"summary_large_image","twitter_misc":{"Dur\u00e9e de lecture estim\u00e9e":"2 minutes"},"schema":{"@context":"https:\/\/schema.org","@graph":[{"@type":"WebPage","@id":"https:\/\/www.destrancheesauxbarricades.com\/index.php\/product\/armee-francaise-en-syrie-stl\/","url":"https:\/\/www.destrancheesauxbarricades.com\/index.php\/product\/armee-francaise-en-syrie-stl\/","name":"Arm\u00e9e fran\u00e7aise en Syrie (STL) - Des tranch\u00e9es aux barricades","isPartOf":{"@id":"https:\/\/www.destrancheesauxbarricades.com\/#website"},"primaryImageOfPage":{"@id":"https:\/\/www.destrancheesauxbarricades.com\/index.php\/product\/armee-francaise-en-syrie-stl\/#primaryimage"},"image":{"@id":"https:\/\/www.destrancheesauxbarricades.com\/index.php\/product\/armee-francaise-en-syrie-stl\/#primaryimage"},"thumbnailUrl":"https:\/\/www.destrancheesauxbarricades.com\/wp-content\/uploads\/2025\/02\/French-Mandate-for-Syria.jpg","datePublished":"2025-02-03T06:53:38+00:00","dateModified":"2025-04-11T15:04:49+00:00","breadcrumb":{"@id":"https:\/\/www.destrancheesauxbarricades.com\/index.php\/product\/armee-francaise-en-syrie-stl\/#breadcrumb"},"inLanguage":"fr-FR","potentialAction":[{"@type":"ReadAction","target":["https:\/\/www.destrancheesauxbarricades.com\/index.php\/product\/armee-francaise-en-syrie-stl\/"]}]},{"@type":"ImageObject","inLanguage":"fr-FR","@id":"https:\/\/www.destrancheesauxbarricades.com\/index.php\/product\/armee-francaise-en-syrie-stl\/#primaryimage","url":"https:\/\/www.destrancheesauxbarricades.com\/wp-content\/uploads\/2025\/02\/French-Mandate-for-Syria.jpg","contentUrl":"https:\/\/www.destrancheesauxbarricades.com\/wp-content\/uploads\/2025\/02\/French-Mandate-for-Syria.jpg","width":1200,"height":800},{"@type":"BreadcrumbList","@id":"https:\/\/www.destrancheesauxbarricades.com\/index.php\/product\/armee-francaise-en-syrie-stl\/#breadcrumb","itemListElement":[{"@type":"ListItem","position":1,"name":"Accueil","item":"https:\/\/www.destrancheesauxbarricades.com\/"},{"@type":"ListItem","position":2,"name":"Shop","item":"https:\/\/www.destrancheesauxbarricades.com\/index.php\/shop\/"},{"@type":"ListItem","position":3,"name":"Arm\u00e9e fran\u00e7aise en Syrie (STL)"}]},{"@type":"WebSite","@id":"https:\/\/www.destrancheesauxbarricades.com\/#website","url":"https:\/\/www.destrancheesauxbarricades.com\/","name":"Des tranch\u00e9es aux barricades","description":"Jeu d&#039;escarmouches au d\u00e9but du XXe si\u00e8cle","potentialAction":[{"@type":"SearchAction","target":{"@type":"EntryPoint","urlTemplate":"https:\/\/www.destrancheesauxbarricades.com\/?s={search_term_string}"},"query-input":{"@type":"PropertyValueSpecification","valueRequired":true,"valueName":"search_term_string"}}],"inLanguage":"fr-FR"}]}},"jetpack_sharing_enabled":true,"_links":{"self":[{"href":"https:\/\/www.destrancheesauxbarricades.com\/index.php\/wp-json\/wp\/v2\/product\/12597","targetHints":{"allow":["GET"]}}],"collection":[{"href":"https:\/\/www.destrancheesauxbarricades.com\/index.php\/wp-json\/wp\/v2\/product"}],"about":[{"href":"https:\/\/www.destrancheesauxbarricades.com\/index.php\/wp-json\/wp\/v2\/types\/product"}],"version-history":[{"count":1,"href":"https:\/\/www.destrancheesauxbarricades.com\/index.php\/wp-json\/wp\/v2\/product\/12597\/revisions"}],"predecessor-version":[{"id":12621,"href":"https:\/\/www.destrancheesauxbarricades.com\/index.php\/wp-json\/wp\/v2\/product\/12597\/revisions\/12621"}],"wp:featuredmedia":[{"embeddable":true,"href":"https:\/\/www.destrancheesauxbarricades.com\/index.php\/wp-json\/wp\/v2\/media\/12598"}],"wp:attachment":[{"href":"https:\/\/www.destrancheesauxbarricades.com\/index.php\/wp-json\/wp\/v2\/media?parent=12597"}],"wp:term":[{"taxonomy":"product_brand","embeddable":true,"href":"https:\/\/www.destrancheesauxbarricades.com\/index.php\/wp-json\/wp\/v2\/product_brand?post=12597"},{"taxonomy":"product_cat","embeddable":true,"href":"https:\/\/www.destrancheesauxbarricades.com\/index.php\/wp-json\/wp\/v2\/product_cat?post=12597"},{"taxonomy":"product_tag","embeddable":true,"href":"https:\/\/www.destrancheesauxbarricades.com\/index.php\/wp-json\/wp\/v2\/product_tag?post=12597"}],"curies":[{"name":"wp","href":"https:\/\/api.w.org\/{rel}","templated":true}]}}