{"id":12585,"date":"2025-02-02T11:49:22","date_gmt":"2025-02-02T11:49:22","guid":{"rendered":"https:\/\/www.destrancheesauxbarricades.com\/?post_type=product&#038;p=12585"},"modified":"2025-11-10T18:20:08","modified_gmt":"2025-11-10T18:20:08","slug":"chasseurs-dafrique-28mm-resine","status":"publish","type":"product","link":"https:\/\/www.destrancheesauxbarricades.com\/index.php\/product\/chasseurs-dafrique-28mm-resine\/","title":{"rendered":"Chasseurs d&rsquo;Afrique (28mm r\u00e9sine)"},"content":{"rendered":"<p>Cavaliers fran\u00e7ais pour les th\u00e9\u00e2tres du Moyen-Orient et de l&rsquo;Afrique du Nord pendant la Premi\u00e8re Guerre mondiale et l&rsquo;entre-deux-guerres : la campagne de Gallipoli, la r\u00e9volte arabe, la guerre franco-turque, la guerre franco-syrienne, la grande r\u00e9volte syrienne, la Guerre du Rif&#8230; et m\u00eame les troupes fran\u00e7aises lors de l&rsquo;Op\u00e9ration Exportateur en 1941.<\/p>\n<p>Ce pack\u00a0 comprend :<\/p>\n<p>1 officier \u00e0 cheval<\/p>\n<p>1 trompette \u00e0 cheval<\/p>\n<p>4 \u00ab\u00a0Chasseurs d&rsquo;Afrique\u00a0\u00bb<\/p>\n<p>6 t\u00eates s\u00e9par\u00e9es diff\u00e9rentes avec couvre-casques<\/p>\n<p>6 t\u00eates s\u00e9par\u00e9es diff\u00e9rentes avec casques Adrian<\/p>\n<p>(D&rsquo;autres couvre-chefs (Adrian, cheche, chechia, etc&#8230;) sont disponibles en magasin)<\/p>\n<p>&nbsp;<\/p>\n<p><span class=\"jCAhz ChMk0b\"><span class=\"ryNqvb\">Figurines \u00e0 assembler et \u00e0 peindre, socles non fournis.<\/span><\/span>\u00a0<span class=\"jCAhz ChMk0b\"><span class=\"ryNqvb\">Ce ne sont pas des jouets et ne conviennent pas aux enfants de moins de 14 ans.<\/span><\/span><\/p>\n<p>&nbsp;<\/p>\n<p>&nbsp;<\/p>\n<p>&nbsp;<\/p>\n","protected":false},"excerpt":{"rendered":"<p>[fsl-progress-bar]<\/p>\n<p>6 Chasseurs d&rsquo;Afrique en r\u00e9sine<\/p>\n","protected":false},"featured_media":12586,"template":"","meta":{"_monsterinsights_skip_tracking":false,"_monsterinsights_sitenote_active":false,"_monsterinsights_sitenote_note":"","_monsterinsights_sitenote_category":0},"product_brand":[],"product_cat":[139,159,137,142],"product_tag":[],"class_list":{"0":"post-12585","1":"product","2":"type-product","3":"status-publish","4":"has-post-thumbnail","6":"product_cat-armee-du-levant","7":"product_cat-des-tranchees-aux-barricades","8":"product_cat-premiere-guerre-mondiale","9":"product_cat-seconde-guerre-mondiale","12":"first","13":"instock","14":"sale","15":"purchasable","16":"product-type-simple"},"yoast_head":"<!-- This site is optimized with the Yoast SEO plugin v27.4 - https:\/\/yoast.com\/product\/yoast-seo-wordpress\/ -->\n<title>Chasseurs d&#039;Afrique (28mm r\u00e9sine) - Des tranch\u00e9es aux barricades<\/title>\n<meta name=\"robots\" content=\"index, follow, max-snippet:-1, max-image-preview:large, max-video-preview:-1\" \/>\n<link rel=\"canonical\" href=\"https:\/\/www.destrancheesauxbarricades.com\/index.php\/product\/chasseurs-dafrique-28mm-resine\/\" \/>\n<meta property=\"og:locale\" content=\"fr_FR\" \/>\n<meta property=\"og:type\" content=\"article\" \/>\n<meta property=\"og:title\" content=\"Chasseurs d&#039;Afrique (28mm r\u00e9sine) - Des tranch\u00e9es aux barricades\" \/>\n<meta property=\"og:description\" content=\"[fsl-progress-bar]  6 Chasseurs d&#039;Afrique en r\u00e9sine\" \/>\n<meta property=\"og:url\" content=\"https:\/\/www.destrancheesauxbarricades.com\/index.php\/product\/chasseurs-dafrique-28mm-resine\/\" \/>\n<meta property=\"og:site_name\" content=\"Des tranch\u00e9es aux barricades\" \/>\n<meta property=\"article:modified_time\" content=\"2025-11-10T18:20:08+00:00\" \/>\n<meta property=\"og:image\" content=\"https:\/\/www.destrancheesauxbarricades.com\/wp-content\/uploads\/2025\/02\/ETQ_ChasseursAfrique_20241028.pdf.jpg\" \/>\n\t<meta property=\"og:image:width\" content=\"877\" \/>\n\t<meta property=\"og:image:height\" content=\"620\" \/>\n\t<meta property=\"og:image:type\" content=\"image\/jpeg\" \/>\n<meta name=\"twitter:card\" content=\"summary_large_image\" \/>\n<meta name=\"twitter:label1\" content=\"Dur\u00e9e de lecture estim\u00e9e\" \/>\n\t<meta name=\"twitter:data1\" content=\"1 minute\" \/>\n<script type=\"application\/ld+json\" class=\"yoast-schema-graph\">{\"@context\":\"https:\\\/\\\/schema.org\",\"@graph\":[{\"@type\":\"WebPage\",\"@id\":\"https:\\\/\\\/www.destrancheesauxbarricades.com\\\/index.php\\\/product\\\/chasseurs-dafrique-28mm-resine\\\/\",\"url\":\"https:\\\/\\\/www.destrancheesauxbarricades.com\\\/index.php\\\/product\\\/chasseurs-dafrique-28mm-resine\\\/\",\"name\":\"Chasseurs d'Afrique (28mm r\u00e9sine) - Des tranch\u00e9es aux barricades\",\"isPartOf\":{\"@id\":\"http:\\\/\\\/www.destrancheesauxbarricades.com\\\/#website\"},\"primaryImageOfPage\":{\"@id\":\"https:\\\/\\\/www.destrancheesauxbarricades.com\\\/index.php\\\/product\\\/chasseurs-dafrique-28mm-resine\\\/#primaryimage\"},\"image\":{\"@id\":\"https:\\\/\\\/www.destrancheesauxbarricades.com\\\/index.php\\\/product\\\/chasseurs-dafrique-28mm-resine\\\/#primaryimage\"},\"thumbnailUrl\":\"https:\\\/\\\/www.destrancheesauxbarricades.com\\\/wp-content\\\/uploads\\\/2025\\\/02\\\/ETQ_ChasseursAfrique_20241028.pdf.jpg\",\"datePublished\":\"2025-02-02T11:49:22+00:00\",\"dateModified\":\"2025-11-10T18:20:08+00:00\",\"breadcrumb\":{\"@id\":\"https:\\\/\\\/www.destrancheesauxbarricades.com\\\/index.php\\\/product\\\/chasseurs-dafrique-28mm-resine\\\/#breadcrumb\"},\"inLanguage\":\"fr-FR\",\"potentialAction\":[{\"@type\":\"ReadAction\",\"target\":[\"https:\\\/\\\/www.destrancheesauxbarricades.com\\\/index.php\\\/product\\\/chasseurs-dafrique-28mm-resine\\\/\"]}]},{\"@type\":\"ImageObject\",\"inLanguage\":\"fr-FR\",\"@id\":\"https:\\\/\\\/www.destrancheesauxbarricades.com\\\/index.php\\\/product\\\/chasseurs-dafrique-28mm-resine\\\/#primaryimage\",\"url\":\"https:\\\/\\\/www.destrancheesauxbarricades.com\\\/wp-content\\\/uploads\\\/2025\\\/02\\\/ETQ_ChasseursAfrique_20241028.pdf.jpg\",\"contentUrl\":\"https:\\\/\\\/www.destrancheesauxbarricades.com\\\/wp-content\\\/uploads\\\/2025\\\/02\\\/ETQ_ChasseursAfrique_20241028.pdf.jpg\",\"width\":877,\"height\":620},{\"@type\":\"BreadcrumbList\",\"@id\":\"https:\\\/\\\/www.destrancheesauxbarricades.com\\\/index.php\\\/product\\\/chasseurs-dafrique-28mm-resine\\\/#breadcrumb\",\"itemListElement\":[{\"@type\":\"ListItem\",\"position\":1,\"name\":\"Accueil\",\"item\":\"http:\\\/\\\/www.destrancheesauxbarricades.com\\\/\"},{\"@type\":\"ListItem\",\"position\":2,\"name\":\"Shop\",\"item\":\"http:\\\/\\\/www.destrancheesauxbarricades.com\\\/index.php\\\/shop\\\/\"},{\"@type\":\"ListItem\",\"position\":3,\"name\":\"Chasseurs d&#8217;Afrique (28mm r\u00e9sine)\"}]},{\"@type\":\"WebSite\",\"@id\":\"http:\\\/\\\/www.destrancheesauxbarricades.com\\\/#website\",\"url\":\"http:\\\/\\\/www.destrancheesauxbarricades.com\\\/\",\"name\":\"Des tranch\u00e9es aux barricades\",\"description\":\"Jeu d&#039;escarmouches au d\u00e9but du XXe si\u00e8cle\",\"potentialAction\":[{\"@type\":\"SearchAction\",\"target\":{\"@type\":\"EntryPoint\",\"urlTemplate\":\"http:\\\/\\\/www.destrancheesauxbarricades.com\\\/?s={search_term_string}\"},\"query-input\":{\"@type\":\"PropertyValueSpecification\",\"valueRequired\":true,\"valueName\":\"search_term_string\"}}],\"inLanguage\":\"fr-FR\"}]}<\/script>\n<!-- \/ Yoast SEO plugin. -->","yoast_head_json":{"title":"Chasseurs d'Afrique (28mm r\u00e9sine) - Des tranch\u00e9es aux barricades","robots":{"index":"index","follow":"follow","max-snippet":"max-snippet:-1","max-image-preview":"max-image-preview:large","max-video-preview":"max-video-preview:-1"},"canonical":"https:\/\/www.destrancheesauxbarricades.com\/index.php\/product\/chasseurs-dafrique-28mm-resine\/","og_locale":"fr_FR","og_type":"article","og_title":"Chasseurs d'Afrique (28mm r\u00e9sine) - Des tranch\u00e9es aux barricades","og_description":"[fsl-progress-bar]  6 Chasseurs d'Afrique en r\u00e9sine","og_url":"https:\/\/www.destrancheesauxbarricades.com\/index.php\/product\/chasseurs-dafrique-28mm-resine\/","og_site_name":"Des tranch\u00e9es aux barricades","article_modified_time":"2025-11-10T18:20:08+00:00","og_image":[{"width":877,"height":620,"url":"https:\/\/www.destrancheesauxbarricades.com\/wp-content\/uploads\/2025\/02\/ETQ_ChasseursAfrique_20241028.pdf.jpg","type":"image\/jpeg"}],"twitter_card":"summary_large_image","twitter_misc":{"Dur\u00e9e de lecture estim\u00e9e":"1 minute"},"schema":{"@context":"https:\/\/schema.org","@graph":[{"@type":"WebPage","@id":"https:\/\/www.destrancheesauxbarricades.com\/index.php\/product\/chasseurs-dafrique-28mm-resine\/","url":"https:\/\/www.destrancheesauxbarricades.com\/index.php\/product\/chasseurs-dafrique-28mm-resine\/","name":"Chasseurs d'Afrique (28mm r\u00e9sine) - Des tranch\u00e9es aux barricades","isPartOf":{"@id":"http:\/\/www.destrancheesauxbarricades.com\/#website"},"primaryImageOfPage":{"@id":"https:\/\/www.destrancheesauxbarricades.com\/index.php\/product\/chasseurs-dafrique-28mm-resine\/#primaryimage"},"image":{"@id":"https:\/\/www.destrancheesauxbarricades.com\/index.php\/product\/chasseurs-dafrique-28mm-resine\/#primaryimage"},"thumbnailUrl":"https:\/\/www.destrancheesauxbarricades.com\/wp-content\/uploads\/2025\/02\/ETQ_ChasseursAfrique_20241028.pdf.jpg","datePublished":"2025-02-02T11:49:22+00:00","dateModified":"2025-11-10T18:20:08+00:00","breadcrumb":{"@id":"https:\/\/www.destrancheesauxbarricades.com\/index.php\/product\/chasseurs-dafrique-28mm-resine\/#breadcrumb"},"inLanguage":"fr-FR","potentialAction":[{"@type":"ReadAction","target":["https:\/\/www.destrancheesauxbarricades.com\/index.php\/product\/chasseurs-dafrique-28mm-resine\/"]}]},{"@type":"ImageObject","inLanguage":"fr-FR","@id":"https:\/\/www.destrancheesauxbarricades.com\/index.php\/product\/chasseurs-dafrique-28mm-resine\/#primaryimage","url":"https:\/\/www.destrancheesauxbarricades.com\/wp-content\/uploads\/2025\/02\/ETQ_ChasseursAfrique_20241028.pdf.jpg","contentUrl":"https:\/\/www.destrancheesauxbarricades.com\/wp-content\/uploads\/2025\/02\/ETQ_ChasseursAfrique_20241028.pdf.jpg","width":877,"height":620},{"@type":"BreadcrumbList","@id":"https:\/\/www.destrancheesauxbarricades.com\/index.php\/product\/chasseurs-dafrique-28mm-resine\/#breadcrumb","itemListElement":[{"@type":"ListItem","position":1,"name":"Accueil","item":"http:\/\/www.destrancheesauxbarricades.com\/"},{"@type":"ListItem","position":2,"name":"Shop","item":"http:\/\/www.destrancheesauxbarricades.com\/index.php\/shop\/"},{"@type":"ListItem","position":3,"name":"Chasseurs d&#8217;Afrique (28mm r\u00e9sine)"}]},{"@type":"WebSite","@id":"http:\/\/www.destrancheesauxbarricades.com\/#website","url":"http:\/\/www.destrancheesauxbarricades.com\/","name":"Des tranch\u00e9es aux barricades","description":"Jeu d&#039;escarmouches au d\u00e9but du XXe si\u00e8cle","potentialAction":[{"@type":"SearchAction","target":{"@type":"EntryPoint","urlTemplate":"http:\/\/www.destrancheesauxbarricades.com\/?s={search_term_string}"},"query-input":{"@type":"PropertyValueSpecification","valueRequired":true,"valueName":"search_term_string"}}],"inLanguage":"fr-FR"}]}},"jetpack_sharing_enabled":true,"_links":{"self":[{"href":"https:\/\/www.destrancheesauxbarricades.com\/index.php\/wp-json\/wp\/v2\/product\/12585","targetHints":{"allow":["GET"]}}],"collection":[{"href":"https:\/\/www.destrancheesauxbarricades.com\/index.php\/wp-json\/wp\/v2\/product"}],"about":[{"href":"https:\/\/www.destrancheesauxbarricades.com\/index.php\/wp-json\/wp\/v2\/types\/product"}],"version-history":[{"count":1,"href":"https:\/\/www.destrancheesauxbarricades.com\/index.php\/wp-json\/wp\/v2\/product\/12585\/revisions"}],"predecessor-version":[{"id":12587,"href":"https:\/\/www.destrancheesauxbarricades.com\/index.php\/wp-json\/wp\/v2\/product\/12585\/revisions\/12587"}],"wp:featuredmedia":[{"embeddable":true,"href":"https:\/\/www.destrancheesauxbarricades.com\/index.php\/wp-json\/wp\/v2\/media\/12586"}],"wp:attachment":[{"href":"https:\/\/www.destrancheesauxbarricades.com\/index.php\/wp-json\/wp\/v2\/media?parent=12585"}],"wp:term":[{"taxonomy":"product_brand","embeddable":true,"href":"https:\/\/www.destrancheesauxbarricades.com\/index.php\/wp-json\/wp\/v2\/product_brand?post=12585"},{"taxonomy":"product_cat","embeddable":true,"href":"https:\/\/www.destrancheesauxbarricades.com\/index.php\/wp-json\/wp\/v2\/product_cat?post=12585"},{"taxonomy":"product_tag","embeddable":true,"href":"https:\/\/www.destrancheesauxbarricades.com\/index.php\/wp-json\/wp\/v2\/product_tag?post=12585"}],"curies":[{"name":"wp","href":"https:\/\/api.w.org\/{rel}","templated":true}]}}