{"id":12563,"date":"2025-01-30T10:30:59","date_gmt":"2025-01-30T10:30:59","guid":{"rendered":"https:\/\/www.destrancheesauxbarricades.com\/?post_type=product&#038;p=12563"},"modified":"2025-11-03T12:14:48","modified_gmt":"2025-11-03T12:14:48","slug":"mortier-sovietique-de-120mm","status":"publish","type":"product","link":"https:\/\/www.destrancheesauxbarricades.com\/index.php\/product\/mortier-sovietique-de-120mm\/","title":{"rendered":"Mortier sovi\u00e9tique de 120mm"},"content":{"rendered":"<p>Un mortier de 120mm et son \u00e9quipage<\/p>\n<p>Figurines 28 mm en m\u00e9tal, \u00e0 assembler et \u00e0 peindre.<\/p>\n<p>Socles non fournis.<\/p>\n<p>Les figurines\u00a0 sont livr\u00e9es sans emballage sp\u00e9cifique.<\/p>\n<p>Figurines \u00e0 collectionner, n\u00e9cessitant des comp\u00e9tences basiques de mod\u00e9lisme et ne convenant pas aux enfants de moins de 14 ans. Visuels non contractuels.<\/p>\n<p><strong>Figurines sous licence Ares Wargames<\/strong><\/p>\n<p><img decoding=\"async\" class=\"alignnone wp-image-10127 size-thumbnail\" src=\"http:\/\/www.destrancheesauxbarricades.com\/wp-content\/uploads\/2023\/11\/Sans-titre-150x150.jpg\" alt=\"\" width=\"150\" height=\"150\" srcset=\"https:\/\/www.destrancheesauxbarricades.com\/wp-content\/uploads\/2023\/11\/Sans-titre-150x150.jpg 150w, https:\/\/www.destrancheesauxbarricades.com\/wp-content\/uploads\/2023\/11\/Sans-titre-328x328.jpg 328w, https:\/\/www.destrancheesauxbarricades.com\/wp-content\/uploads\/2023\/11\/Sans-titre-100x100.jpg 100w, https:\/\/www.destrancheesauxbarricades.com\/wp-content\/uploads\/2023\/11\/Sans-titre-145x145.jpg 145w, https:\/\/www.destrancheesauxbarricades.com\/wp-content\/uploads\/2023\/11\/Sans-titre-50x50.jpg 50w\" sizes=\"(max-width: 150px) 100vw, 150px\" \/><\/p>\n","protected":false},"excerpt":{"rendered":"<p>[fsl-progress-bar]<\/p>\n<p>Un mortier de 120mm et son \u00e9quipage<\/p>\n","protected":false},"featured_media":12564,"template":"","meta":{"_monsterinsights_skip_tracking":false,"_monsterinsights_sitenote_active":false,"_monsterinsights_sitenote_note":"","_monsterinsights_sitenote_category":0},"product_brand":[],"product_cat":[150,147,142],"product_tag":[],"class_list":{"0":"post-12563","1":"product","2":"type-product","3":"status-publish","4":"has-post-thumbnail","6":"product_cat-ares-wargames","7":"product_cat-armee-rouge","8":"product_cat-seconde-guerre-mondiale","11":"first","12":"instock","13":"purchasable","14":"product-type-simple"},"yoast_head":"<!-- This site is optimized with the Yoast SEO plugin v27.4 - https:\/\/yoast.com\/product\/yoast-seo-wordpress\/ -->\n<title>Mortier sovi\u00e9tique de 120mm - Des tranch\u00e9es aux barricades<\/title>\n<meta name=\"robots\" content=\"index, follow, max-snippet:-1, max-image-preview:large, max-video-preview:-1\" \/>\n<link rel=\"canonical\" href=\"http:\/\/www.destrancheesauxbarricades.com\/index.php\/product\/mortier-sovietique-de-120mm\/\" \/>\n<meta property=\"og:locale\" content=\"fr_FR\" \/>\n<meta property=\"og:type\" content=\"article\" \/>\n<meta property=\"og:title\" content=\"Mortier sovi\u00e9tique de 120mm - Des tranch\u00e9es aux barricades\" \/>\n<meta property=\"og:description\" content=\"[fsl-progress-bar]  Un mortier de 120mm et son \u00e9quipage\" \/>\n<meta property=\"og:url\" content=\"http:\/\/www.destrancheesauxbarricades.com\/index.php\/product\/mortier-sovietique-de-120mm\/\" \/>\n<meta property=\"og:site_name\" content=\"Des tranch\u00e9es aux barricades\" \/>\n<meta property=\"article:modified_time\" content=\"2025-11-03T12:14:48+00:00\" \/>\n<meta property=\"og:image\" content=\"http:\/\/www.destrancheesauxbarricades.com\/wp-content\/uploads\/2025\/01\/WhatsApp-Image-2025-01-28-a-21.02.31_273b1c46.jpg\" \/>\n\t<meta property=\"og:image:width\" content=\"1280\" \/>\n\t<meta property=\"og:image:height\" content=\"1182\" \/>\n\t<meta property=\"og:image:type\" content=\"image\/jpeg\" \/>\n<meta name=\"twitter:card\" content=\"summary_large_image\" \/>\n<meta name=\"twitter:label1\" content=\"Dur\u00e9e de lecture estim\u00e9e\" \/>\n\t<meta name=\"twitter:data1\" content=\"1 minute\" \/>\n<script type=\"application\/ld+json\" class=\"yoast-schema-graph\">{\"@context\":\"https:\\\/\\\/schema.org\",\"@graph\":[{\"@type\":\"WebPage\",\"@id\":\"http:\\\/\\\/www.destrancheesauxbarricades.com\\\/index.php\\\/product\\\/mortier-sovietique-de-120mm\\\/\",\"url\":\"http:\\\/\\\/www.destrancheesauxbarricades.com\\\/index.php\\\/product\\\/mortier-sovietique-de-120mm\\\/\",\"name\":\"Mortier sovi\u00e9tique de 120mm - Des tranch\u00e9es aux barricades\",\"isPartOf\":{\"@id\":\"https:\\\/\\\/www.destrancheesauxbarricades.com\\\/#website\"},\"primaryImageOfPage\":{\"@id\":\"http:\\\/\\\/www.destrancheesauxbarricades.com\\\/index.php\\\/product\\\/mortier-sovietique-de-120mm\\\/#primaryimage\"},\"image\":{\"@id\":\"http:\\\/\\\/www.destrancheesauxbarricades.com\\\/index.php\\\/product\\\/mortier-sovietique-de-120mm\\\/#primaryimage\"},\"thumbnailUrl\":\"https:\\\/\\\/www.destrancheesauxbarricades.com\\\/wp-content\\\/uploads\\\/2025\\\/01\\\/WhatsApp-Image-2025-01-28-a-21.02.31_273b1c46.jpg\",\"datePublished\":\"2025-01-30T10:30:59+00:00\",\"dateModified\":\"2025-11-03T12:14:48+00:00\",\"breadcrumb\":{\"@id\":\"http:\\\/\\\/www.destrancheesauxbarricades.com\\\/index.php\\\/product\\\/mortier-sovietique-de-120mm\\\/#breadcrumb\"},\"inLanguage\":\"fr-FR\",\"potentialAction\":[{\"@type\":\"ReadAction\",\"target\":[\"http:\\\/\\\/www.destrancheesauxbarricades.com\\\/index.php\\\/product\\\/mortier-sovietique-de-120mm\\\/\"]}]},{\"@type\":\"ImageObject\",\"inLanguage\":\"fr-FR\",\"@id\":\"http:\\\/\\\/www.destrancheesauxbarricades.com\\\/index.php\\\/product\\\/mortier-sovietique-de-120mm\\\/#primaryimage\",\"url\":\"https:\\\/\\\/www.destrancheesauxbarricades.com\\\/wp-content\\\/uploads\\\/2025\\\/01\\\/WhatsApp-Image-2025-01-28-a-21.02.31_273b1c46.jpg\",\"contentUrl\":\"https:\\\/\\\/www.destrancheesauxbarricades.com\\\/wp-content\\\/uploads\\\/2025\\\/01\\\/WhatsApp-Image-2025-01-28-a-21.02.31_273b1c46.jpg\",\"width\":1280,\"height\":1182},{\"@type\":\"BreadcrumbList\",\"@id\":\"http:\\\/\\\/www.destrancheesauxbarricades.com\\\/index.php\\\/product\\\/mortier-sovietique-de-120mm\\\/#breadcrumb\",\"itemListElement\":[{\"@type\":\"ListItem\",\"position\":1,\"name\":\"Accueil\",\"item\":\"https:\\\/\\\/www.destrancheesauxbarricades.com\\\/\"},{\"@type\":\"ListItem\",\"position\":2,\"name\":\"Shop\",\"item\":\"https:\\\/\\\/www.destrancheesauxbarricades.com\\\/index.php\\\/shop\\\/\"},{\"@type\":\"ListItem\",\"position\":3,\"name\":\"Mortier sovi\u00e9tique de 120mm\"}]},{\"@type\":\"WebSite\",\"@id\":\"https:\\\/\\\/www.destrancheesauxbarricades.com\\\/#website\",\"url\":\"https:\\\/\\\/www.destrancheesauxbarricades.com\\\/\",\"name\":\"Des tranch\u00e9es aux barricades\",\"description\":\"Jeu d&#039;escarmouches au d\u00e9but du XXe si\u00e8cle\",\"potentialAction\":[{\"@type\":\"SearchAction\",\"target\":{\"@type\":\"EntryPoint\",\"urlTemplate\":\"https:\\\/\\\/www.destrancheesauxbarricades.com\\\/?s={search_term_string}\"},\"query-input\":{\"@type\":\"PropertyValueSpecification\",\"valueRequired\":true,\"valueName\":\"search_term_string\"}}],\"inLanguage\":\"fr-FR\"}]}<\/script>\n<!-- \/ Yoast SEO plugin. -->","yoast_head_json":{"title":"Mortier sovi\u00e9tique de 120mm - Des tranch\u00e9es aux barricades","robots":{"index":"index","follow":"follow","max-snippet":"max-snippet:-1","max-image-preview":"max-image-preview:large","max-video-preview":"max-video-preview:-1"},"canonical":"http:\/\/www.destrancheesauxbarricades.com\/index.php\/product\/mortier-sovietique-de-120mm\/","og_locale":"fr_FR","og_type":"article","og_title":"Mortier sovi\u00e9tique de 120mm - Des tranch\u00e9es aux barricades","og_description":"[fsl-progress-bar]  Un mortier de 120mm et son \u00e9quipage","og_url":"http:\/\/www.destrancheesauxbarricades.com\/index.php\/product\/mortier-sovietique-de-120mm\/","og_site_name":"Des tranch\u00e9es aux barricades","article_modified_time":"2025-11-03T12:14:48+00:00","og_image":[{"width":1280,"height":1182,"url":"http:\/\/www.destrancheesauxbarricades.com\/wp-content\/uploads\/2025\/01\/WhatsApp-Image-2025-01-28-a-21.02.31_273b1c46.jpg","type":"image\/jpeg"}],"twitter_card":"summary_large_image","twitter_misc":{"Dur\u00e9e de lecture estim\u00e9e":"1 minute"},"schema":{"@context":"https:\/\/schema.org","@graph":[{"@type":"WebPage","@id":"http:\/\/www.destrancheesauxbarricades.com\/index.php\/product\/mortier-sovietique-de-120mm\/","url":"http:\/\/www.destrancheesauxbarricades.com\/index.php\/product\/mortier-sovietique-de-120mm\/","name":"Mortier sovi\u00e9tique de 120mm - Des tranch\u00e9es aux barricades","isPartOf":{"@id":"https:\/\/www.destrancheesauxbarricades.com\/#website"},"primaryImageOfPage":{"@id":"http:\/\/www.destrancheesauxbarricades.com\/index.php\/product\/mortier-sovietique-de-120mm\/#primaryimage"},"image":{"@id":"http:\/\/www.destrancheesauxbarricades.com\/index.php\/product\/mortier-sovietique-de-120mm\/#primaryimage"},"thumbnailUrl":"https:\/\/www.destrancheesauxbarricades.com\/wp-content\/uploads\/2025\/01\/WhatsApp-Image-2025-01-28-a-21.02.31_273b1c46.jpg","datePublished":"2025-01-30T10:30:59+00:00","dateModified":"2025-11-03T12:14:48+00:00","breadcrumb":{"@id":"http:\/\/www.destrancheesauxbarricades.com\/index.php\/product\/mortier-sovietique-de-120mm\/#breadcrumb"},"inLanguage":"fr-FR","potentialAction":[{"@type":"ReadAction","target":["http:\/\/www.destrancheesauxbarricades.com\/index.php\/product\/mortier-sovietique-de-120mm\/"]}]},{"@type":"ImageObject","inLanguage":"fr-FR","@id":"http:\/\/www.destrancheesauxbarricades.com\/index.php\/product\/mortier-sovietique-de-120mm\/#primaryimage","url":"https:\/\/www.destrancheesauxbarricades.com\/wp-content\/uploads\/2025\/01\/WhatsApp-Image-2025-01-28-a-21.02.31_273b1c46.jpg","contentUrl":"https:\/\/www.destrancheesauxbarricades.com\/wp-content\/uploads\/2025\/01\/WhatsApp-Image-2025-01-28-a-21.02.31_273b1c46.jpg","width":1280,"height":1182},{"@type":"BreadcrumbList","@id":"http:\/\/www.destrancheesauxbarricades.com\/index.php\/product\/mortier-sovietique-de-120mm\/#breadcrumb","itemListElement":[{"@type":"ListItem","position":1,"name":"Accueil","item":"https:\/\/www.destrancheesauxbarricades.com\/"},{"@type":"ListItem","position":2,"name":"Shop","item":"https:\/\/www.destrancheesauxbarricades.com\/index.php\/shop\/"},{"@type":"ListItem","position":3,"name":"Mortier sovi\u00e9tique de 120mm"}]},{"@type":"WebSite","@id":"https:\/\/www.destrancheesauxbarricades.com\/#website","url":"https:\/\/www.destrancheesauxbarricades.com\/","name":"Des tranch\u00e9es aux barricades","description":"Jeu d&#039;escarmouches au d\u00e9but du XXe si\u00e8cle","potentialAction":[{"@type":"SearchAction","target":{"@type":"EntryPoint","urlTemplate":"https:\/\/www.destrancheesauxbarricades.com\/?s={search_term_string}"},"query-input":{"@type":"PropertyValueSpecification","valueRequired":true,"valueName":"search_term_string"}}],"inLanguage":"fr-FR"}]}},"jetpack_sharing_enabled":true,"_links":{"self":[{"href":"https:\/\/www.destrancheesauxbarricades.com\/index.php\/wp-json\/wp\/v2\/product\/12563","targetHints":{"allow":["GET"]}}],"collection":[{"href":"https:\/\/www.destrancheesauxbarricades.com\/index.php\/wp-json\/wp\/v2\/product"}],"about":[{"href":"https:\/\/www.destrancheesauxbarricades.com\/index.php\/wp-json\/wp\/v2\/types\/product"}],"version-history":[{"count":1,"href":"https:\/\/www.destrancheesauxbarricades.com\/index.php\/wp-json\/wp\/v2\/product\/12563\/revisions"}],"predecessor-version":[{"id":12566,"href":"https:\/\/www.destrancheesauxbarricades.com\/index.php\/wp-json\/wp\/v2\/product\/12563\/revisions\/12566"}],"wp:featuredmedia":[{"embeddable":true,"href":"https:\/\/www.destrancheesauxbarricades.com\/index.php\/wp-json\/wp\/v2\/media\/12564"}],"wp:attachment":[{"href":"https:\/\/www.destrancheesauxbarricades.com\/index.php\/wp-json\/wp\/v2\/media?parent=12563"}],"wp:term":[{"taxonomy":"product_brand","embeddable":true,"href":"https:\/\/www.destrancheesauxbarricades.com\/index.php\/wp-json\/wp\/v2\/product_brand?post=12563"},{"taxonomy":"product_cat","embeddable":true,"href":"https:\/\/www.destrancheesauxbarricades.com\/index.php\/wp-json\/wp\/v2\/product_cat?post=12563"},{"taxonomy":"product_tag","embeddable":true,"href":"https:\/\/www.destrancheesauxbarricades.com\/index.php\/wp-json\/wp\/v2\/product_tag?post=12563"}],"curies":[{"name":"wp","href":"https:\/\/api.w.org\/{rel}","templated":true}]}}