{"id":11679,"date":"2024-10-29T18:05:34","date_gmt":"2024-10-29T18:05:34","guid":{"rendered":"https:\/\/www.destrancheesauxbarricades.com\/?post_type=product&#038;p=11679"},"modified":"2025-06-09T08:49:43","modified_gmt":"2025-06-09T08:49:43","slug":"infanterie-allemande-1916-1918","status":"publish","type":"product","link":"https:\/\/www.destrancheesauxbarricades.com\/index.php\/product\/infanterie-allemande-1916-1918\/","title":{"rendered":"Infanterie allemande 1916-1918"},"content":{"rendered":"<p>Ce set vous permet d&rsquo;assembler\u00a0 jusqu&rsquo;\u00e0 30 fantassins allemands \u00e9quip\u00e9s de fusils, de MP-18, de MG-08\/15, de grenades, de pistolets et d&rsquo;armes de corps \u00e0 corps. Nous avons \u00e9galement inclus suffisamment de t\u00eates pour \u00e9quiper chaque figurine d&rsquo;un casque d&rsquo;infanterie, de casques avec masque \u00e0 gaz, d&rsquo;une feldm\u00fctze (casquette de campagne) ou d&rsquo;un pickelhaube.<\/p>\n<p>Certains corps ont \u00e9t\u00e9 laiss\u00e9s sans cartouchi\u00e8res afin que vous puissiez les transformer en officiers.<\/p>\n<p>&nbsp;<\/p>\n<p>La guerre qui devait prendre fin \u00e0 No\u00ebl 1914 se poursuit. Les soldats des deux camps sont confront\u00e9s \u00e0 la dure r\u00e9alit\u00e9 de la guerre moderne : tranch\u00e9es, barbel\u00e9s, mitrailleuses et gaz toxiques. Pourtant, les batailles doivent \u00eatre men\u00e9es et gagn\u00e9es \u00e0 tout prix.<\/p>\n<p>&nbsp;<\/p>\n<p>Sculpture : Thieu Duong<br \/>\nIllustration : Peter Dennis<br \/>\nPeinture figurative : Matthew Leahy<\/p>\n<p>Fabriqu\u00e9 aux Etats-Unis par Wargames Atlantic<\/p>\n<p>Figurines en plastique dur, \u00e0 collectionner, n\u00e9cessitant des comp\u00e9tences basiques de mod\u00e9lisme et ne convenant pas aux enfants de moins de 14 ans.\u00a0 Les socles ne sont pas inclus. Visuels non contractuels.<\/p>\n<p>&nbsp;<\/p>\n<p>Big Gerry de On Table Top propose une vid\u00e9o compl\u00e8te ainsi que des id\u00e9es de construction et trucs et astuces pour ce set :<\/p>\n<p><iframe title=\"Unboxing: WWI German Infantry | Wargames Atlantic\" width=\"895\" height=\"503\" src=\"https:\/\/www.youtube.com\/embed\/E0p5xNexjsQ?feature=oembed\" frameborder=\"0\" allow=\"accelerometer; autoplay; clipboard-write; encrypted-media; gyroscope; picture-in-picture; web-share\" referrerpolicy=\"strict-origin-when-cross-origin\" allowfullscreen><\/iframe><\/p>\n","protected":false},"excerpt":{"rendered":"<p>[fsl-progress-bar]<\/p>\n<p>3o fantassins allemands\u00a0 WW1 en plastique \u00e0 assembler<\/p>\n","protected":false},"featured_media":11680,"template":"","meta":{"_monsterinsights_skip_tracking":false,"_monsterinsights_sitenote_active":false,"_monsterinsights_sitenote_note":"","_monsterinsights_sitenote_category":0},"product_brand":[],"product_cat":[141,137,158],"product_tag":[],"class_list":{"0":"post-11679","1":"product","2":"type-product","3":"status-publish","4":"has-post-thumbnail","6":"product_cat-allemagne-1918-1923","7":"product_cat-premiere-guerre-mondiale","8":"product_cat-wargames-atlantic","11":"first","12":"outofstock","13":"purchasable","14":"product-type-simple"},"yoast_head":"<!-- This site is optimized with the Yoast SEO plugin v27.4 - https:\/\/yoast.com\/product\/yoast-seo-wordpress\/ -->\n<title>Infanterie allemande 1916-1918 - Des tranch\u00e9es aux barricades<\/title>\n<meta name=\"robots\" content=\"index, follow, max-snippet:-1, max-image-preview:large, max-video-preview:-1\" \/>\n<link rel=\"canonical\" href=\"https:\/\/www.destrancheesauxbarricades.com\/index.php\/product\/infanterie-allemande-1916-1918\/\" \/>\n<meta property=\"og:locale\" content=\"fr_FR\" \/>\n<meta property=\"og:type\" content=\"article\" \/>\n<meta property=\"og:title\" content=\"Infanterie allemande 1916-1918 - Des tranch\u00e9es aux barricades\" \/>\n<meta property=\"og:description\" content=\"[fsl-progress-bar]  3o fantassins allemands\u00a0 WW1 en plastique \u00e0 assembler\" \/>\n<meta property=\"og:url\" content=\"https:\/\/www.destrancheesauxbarricades.com\/index.php\/product\/infanterie-allemande-1916-1918\/\" \/>\n<meta property=\"og:site_name\" content=\"Des tranch\u00e9es aux barricades\" \/>\n<meta property=\"article:modified_time\" content=\"2025-06-09T08:49:43+00:00\" \/>\n<meta property=\"og:image\" content=\"https:\/\/www.destrancheesauxbarricades.com\/wp-content\/uploads\/2024\/10\/german-infantry-1916-1918.jpg\" \/>\n\t<meta property=\"og:image:width\" content=\"800\" \/>\n\t<meta property=\"og:image:height\" content=\"800\" \/>\n\t<meta property=\"og:image:type\" content=\"image\/jpeg\" \/>\n<meta name=\"twitter:card\" content=\"summary_large_image\" \/>\n<meta name=\"twitter:label1\" content=\"Dur\u00e9e de lecture estim\u00e9e\" \/>\n\t<meta name=\"twitter:data1\" content=\"2 minutes\" \/>\n<script type=\"application\/ld+json\" class=\"yoast-schema-graph\">{\"@context\":\"https:\\\/\\\/schema.org\",\"@graph\":[{\"@type\":\"WebPage\",\"@id\":\"https:\\\/\\\/www.destrancheesauxbarricades.com\\\/index.php\\\/product\\\/infanterie-allemande-1916-1918\\\/\",\"url\":\"https:\\\/\\\/www.destrancheesauxbarricades.com\\\/index.php\\\/product\\\/infanterie-allemande-1916-1918\\\/\",\"name\":\"Infanterie allemande 1916-1918 - Des tranch\u00e9es aux barricades\",\"isPartOf\":{\"@id\":\"http:\\\/\\\/www.destrancheesauxbarricades.com\\\/#website\"},\"primaryImageOfPage\":{\"@id\":\"https:\\\/\\\/www.destrancheesauxbarricades.com\\\/index.php\\\/product\\\/infanterie-allemande-1916-1918\\\/#primaryimage\"},\"image\":{\"@id\":\"https:\\\/\\\/www.destrancheesauxbarricades.com\\\/index.php\\\/product\\\/infanterie-allemande-1916-1918\\\/#primaryimage\"},\"thumbnailUrl\":\"https:\\\/\\\/www.destrancheesauxbarricades.com\\\/wp-content\\\/uploads\\\/2024\\\/10\\\/german-infantry-1916-1918.jpg\",\"datePublished\":\"2024-10-29T18:05:34+00:00\",\"dateModified\":\"2025-06-09T08:49:43+00:00\",\"breadcrumb\":{\"@id\":\"https:\\\/\\\/www.destrancheesauxbarricades.com\\\/index.php\\\/product\\\/infanterie-allemande-1916-1918\\\/#breadcrumb\"},\"inLanguage\":\"fr-FR\",\"potentialAction\":[{\"@type\":\"ReadAction\",\"target\":[\"https:\\\/\\\/www.destrancheesauxbarricades.com\\\/index.php\\\/product\\\/infanterie-allemande-1916-1918\\\/\"]}]},{\"@type\":\"ImageObject\",\"inLanguage\":\"fr-FR\",\"@id\":\"https:\\\/\\\/www.destrancheesauxbarricades.com\\\/index.php\\\/product\\\/infanterie-allemande-1916-1918\\\/#primaryimage\",\"url\":\"https:\\\/\\\/www.destrancheesauxbarricades.com\\\/wp-content\\\/uploads\\\/2024\\\/10\\\/german-infantry-1916-1918.jpg\",\"contentUrl\":\"https:\\\/\\\/www.destrancheesauxbarricades.com\\\/wp-content\\\/uploads\\\/2024\\\/10\\\/german-infantry-1916-1918.jpg\",\"width\":800,\"height\":800},{\"@type\":\"BreadcrumbList\",\"@id\":\"https:\\\/\\\/www.destrancheesauxbarricades.com\\\/index.php\\\/product\\\/infanterie-allemande-1916-1918\\\/#breadcrumb\",\"itemListElement\":[{\"@type\":\"ListItem\",\"position\":1,\"name\":\"Accueil\",\"item\":\"http:\\\/\\\/www.destrancheesauxbarricades.com\\\/\"},{\"@type\":\"ListItem\",\"position\":2,\"name\":\"Shop\",\"item\":\"http:\\\/\\\/www.destrancheesauxbarricades.com\\\/index.php\\\/shop\\\/\"},{\"@type\":\"ListItem\",\"position\":3,\"name\":\"Infanterie allemande 1916-1918\"}]},{\"@type\":\"WebSite\",\"@id\":\"http:\\\/\\\/www.destrancheesauxbarricades.com\\\/#website\",\"url\":\"http:\\\/\\\/www.destrancheesauxbarricades.com\\\/\",\"name\":\"Des tranch\u00e9es aux barricades\",\"description\":\"Jeu d&#039;escarmouches au d\u00e9but du XXe si\u00e8cle\",\"potentialAction\":[{\"@type\":\"SearchAction\",\"target\":{\"@type\":\"EntryPoint\",\"urlTemplate\":\"http:\\\/\\\/www.destrancheesauxbarricades.com\\\/?s={search_term_string}\"},\"query-input\":{\"@type\":\"PropertyValueSpecification\",\"valueRequired\":true,\"valueName\":\"search_term_string\"}}],\"inLanguage\":\"fr-FR\"}]}<\/script>\n<!-- \/ Yoast SEO plugin. -->","yoast_head_json":{"title":"Infanterie allemande 1916-1918 - Des tranch\u00e9es aux barricades","robots":{"index":"index","follow":"follow","max-snippet":"max-snippet:-1","max-image-preview":"max-image-preview:large","max-video-preview":"max-video-preview:-1"},"canonical":"https:\/\/www.destrancheesauxbarricades.com\/index.php\/product\/infanterie-allemande-1916-1918\/","og_locale":"fr_FR","og_type":"article","og_title":"Infanterie allemande 1916-1918 - Des tranch\u00e9es aux barricades","og_description":"[fsl-progress-bar]  3o fantassins allemands\u00a0 WW1 en plastique \u00e0 assembler","og_url":"https:\/\/www.destrancheesauxbarricades.com\/index.php\/product\/infanterie-allemande-1916-1918\/","og_site_name":"Des tranch\u00e9es aux barricades","article_modified_time":"2025-06-09T08:49:43+00:00","og_image":[{"width":800,"height":800,"url":"https:\/\/www.destrancheesauxbarricades.com\/wp-content\/uploads\/2024\/10\/german-infantry-1916-1918.jpg","type":"image\/jpeg"}],"twitter_card":"summary_large_image","twitter_misc":{"Dur\u00e9e de lecture estim\u00e9e":"2 minutes"},"schema":{"@context":"https:\/\/schema.org","@graph":[{"@type":"WebPage","@id":"https:\/\/www.destrancheesauxbarricades.com\/index.php\/product\/infanterie-allemande-1916-1918\/","url":"https:\/\/www.destrancheesauxbarricades.com\/index.php\/product\/infanterie-allemande-1916-1918\/","name":"Infanterie allemande 1916-1918 - Des tranch\u00e9es aux barricades","isPartOf":{"@id":"http:\/\/www.destrancheesauxbarricades.com\/#website"},"primaryImageOfPage":{"@id":"https:\/\/www.destrancheesauxbarricades.com\/index.php\/product\/infanterie-allemande-1916-1918\/#primaryimage"},"image":{"@id":"https:\/\/www.destrancheesauxbarricades.com\/index.php\/product\/infanterie-allemande-1916-1918\/#primaryimage"},"thumbnailUrl":"https:\/\/www.destrancheesauxbarricades.com\/wp-content\/uploads\/2024\/10\/german-infantry-1916-1918.jpg","datePublished":"2024-10-29T18:05:34+00:00","dateModified":"2025-06-09T08:49:43+00:00","breadcrumb":{"@id":"https:\/\/www.destrancheesauxbarricades.com\/index.php\/product\/infanterie-allemande-1916-1918\/#breadcrumb"},"inLanguage":"fr-FR","potentialAction":[{"@type":"ReadAction","target":["https:\/\/www.destrancheesauxbarricades.com\/index.php\/product\/infanterie-allemande-1916-1918\/"]}]},{"@type":"ImageObject","inLanguage":"fr-FR","@id":"https:\/\/www.destrancheesauxbarricades.com\/index.php\/product\/infanterie-allemande-1916-1918\/#primaryimage","url":"https:\/\/www.destrancheesauxbarricades.com\/wp-content\/uploads\/2024\/10\/german-infantry-1916-1918.jpg","contentUrl":"https:\/\/www.destrancheesauxbarricades.com\/wp-content\/uploads\/2024\/10\/german-infantry-1916-1918.jpg","width":800,"height":800},{"@type":"BreadcrumbList","@id":"https:\/\/www.destrancheesauxbarricades.com\/index.php\/product\/infanterie-allemande-1916-1918\/#breadcrumb","itemListElement":[{"@type":"ListItem","position":1,"name":"Accueil","item":"http:\/\/www.destrancheesauxbarricades.com\/"},{"@type":"ListItem","position":2,"name":"Shop","item":"http:\/\/www.destrancheesauxbarricades.com\/index.php\/shop\/"},{"@type":"ListItem","position":3,"name":"Infanterie allemande 1916-1918"}]},{"@type":"WebSite","@id":"http:\/\/www.destrancheesauxbarricades.com\/#website","url":"http:\/\/www.destrancheesauxbarricades.com\/","name":"Des tranch\u00e9es aux barricades","description":"Jeu d&#039;escarmouches au d\u00e9but du XXe si\u00e8cle","potentialAction":[{"@type":"SearchAction","target":{"@type":"EntryPoint","urlTemplate":"http:\/\/www.destrancheesauxbarricades.com\/?s={search_term_string}"},"query-input":{"@type":"PropertyValueSpecification","valueRequired":true,"valueName":"search_term_string"}}],"inLanguage":"fr-FR"}]}},"jetpack_sharing_enabled":true,"_links":{"self":[{"href":"https:\/\/www.destrancheesauxbarricades.com\/index.php\/wp-json\/wp\/v2\/product\/11679","targetHints":{"allow":["GET"]}}],"collection":[{"href":"https:\/\/www.destrancheesauxbarricades.com\/index.php\/wp-json\/wp\/v2\/product"}],"about":[{"href":"https:\/\/www.destrancheesauxbarricades.com\/index.php\/wp-json\/wp\/v2\/types\/product"}],"version-history":[{"count":2,"href":"https:\/\/www.destrancheesauxbarricades.com\/index.php\/wp-json\/wp\/v2\/product\/11679\/revisions"}],"predecessor-version":[{"id":13507,"href":"https:\/\/www.destrancheesauxbarricades.com\/index.php\/wp-json\/wp\/v2\/product\/11679\/revisions\/13507"}],"wp:featuredmedia":[{"embeddable":true,"href":"https:\/\/www.destrancheesauxbarricades.com\/index.php\/wp-json\/wp\/v2\/media\/11680"}],"wp:attachment":[{"href":"https:\/\/www.destrancheesauxbarricades.com\/index.php\/wp-json\/wp\/v2\/media?parent=11679"}],"wp:term":[{"taxonomy":"product_brand","embeddable":true,"href":"https:\/\/www.destrancheesauxbarricades.com\/index.php\/wp-json\/wp\/v2\/product_brand?post=11679"},{"taxonomy":"product_cat","embeddable":true,"href":"https:\/\/www.destrancheesauxbarricades.com\/index.php\/wp-json\/wp\/v2\/product_cat?post=11679"},{"taxonomy":"product_tag","embeddable":true,"href":"https:\/\/www.destrancheesauxbarricades.com\/index.php\/wp-json\/wp\/v2\/product_tag?post=11679"}],"curies":[{"name":"wp","href":"https:\/\/api.w.org\/{rel}","templated":true}]}}