{"id":11669,"date":"2024-10-29T17:47:10","date_gmt":"2024-10-29T17:47:10","guid":{"rendered":"https:\/\/www.destrancheesauxbarricades.com\/?post_type=product&#038;p=11669"},"modified":"2025-12-31T00:00:06","modified_gmt":"2025-12-31T00:00:06","slug":"infanterie-francaise-1916-1940","status":"publish","type":"product","link":"https:\/\/www.destrancheesauxbarricades.com\/index.php\/product\/infanterie-francaise-1916-1940\/","title":{"rendered":"Infanterie fran\u00e7aise 1916-1940"},"content":{"rendered":"<p>Ce set vous permet d&rsquo;assembler\u00a0 jusqu&rsquo;\u00e0 35 fantassins fran\u00e7ais \u00e9quip\u00e9s pour la Premi\u00e8re ou la Seconde Guerre mondiale (avec suffisamment de chaque type de fusil et de t\u00eates dans la bo\u00eete pour chaque version).<\/p>\n<p>Vous pouvez \u00e9galement construire des tirailleurs s\u00e9n\u00e9galais,\u00a0 de l&rsquo;infanterie coloniale qui a combattu dans les deux guerres ou les c\u00e9l\u00e8bres afro-am\u00e9ricains \u00ab\u00a0Harlem Hellfighters\u00a0\u00bb.<\/p>\n<p>Les fusils Lebel et Berthier, Chauchatt et FM 24\/29, les fusils VB, les options de commandement et plus encore en font un ensemble complet pour donner vie aux Fran\u00e7ais dans la premi\u00e8re moiti\u00e9 du XXe si\u00e8cle sur les champs de bataille d&rsquo;Europe et du monde entier.<\/p>\n<p>Sculpture : Thieu Duong<br \/>\nIllustration : Peter Dennis<br \/>\nPeinture de figurines : Matthew Leahy<\/p>\n<p>Fabriqu\u00e9 aux Etats-Unis par Wargames Atlantic<\/p>\n<p>Figurines en plastique dur, \u00e0 collectionner, n\u00e9cessitant des comp\u00e9tences basiques de mod\u00e9lisme et ne convenant pas aux enfants de moins de 14 ans.\u00a0 Les socles ne sont pas inclus. Visuels non contractuels.<\/p>\n","protected":false},"excerpt":{"rendered":"<p>[fsl-progress-bar]<\/p>\n<p>35 fantassins fran\u00e7ais\u00a0 WW1 WW2 en plastique \u00e0 assembler<\/p>\n","protected":false},"featured_media":11670,"template":"","meta":{"_monsterinsights_skip_tracking":false,"_monsterinsights_sitenote_active":false,"_monsterinsights_sitenote_note":"","_monsterinsights_sitenote_category":0},"product_brand":[],"product_cat":[139,137,142,158],"product_tag":[],"class_list":{"0":"post-11669","1":"product","2":"type-product","3":"status-publish","4":"has-post-thumbnail","6":"product_cat-armee-du-levant","7":"product_cat-premiere-guerre-mondiale","8":"product_cat-seconde-guerre-mondiale","9":"product_cat-wargames-atlantic","12":"first","13":"instock","14":"purchasable","15":"product-type-simple"},"yoast_head":"<!-- This site is optimized with the Yoast SEO plugin v27.4 - https:\/\/yoast.com\/product\/yoast-seo-wordpress\/ -->\n<title>Infanterie fran\u00e7aise 1916-1940 - Des tranch\u00e9es aux barricades<\/title>\n<meta name=\"robots\" content=\"index, follow, max-snippet:-1, max-image-preview:large, max-video-preview:-1\" \/>\n<link rel=\"canonical\" href=\"https:\/\/www.destrancheesauxbarricades.com\/index.php\/product\/infanterie-francaise-1916-1940\/\" \/>\n<meta property=\"og:locale\" content=\"fr_FR\" \/>\n<meta property=\"og:type\" content=\"article\" \/>\n<meta property=\"og:title\" content=\"Infanterie fran\u00e7aise 1916-1940 - Des tranch\u00e9es aux barricades\" \/>\n<meta property=\"og:description\" content=\"[fsl-progress-bar]  35 fantassins fran\u00e7ais\u00a0 WW1 WW2 en plastique \u00e0 assembler\" \/>\n<meta property=\"og:url\" content=\"https:\/\/www.destrancheesauxbarricades.com\/index.php\/product\/infanterie-francaise-1916-1940\/\" \/>\n<meta property=\"og:site_name\" content=\"Des tranch\u00e9es aux barricades\" \/>\n<meta property=\"article:modified_time\" content=\"2025-12-31T00:00:06+00:00\" \/>\n<meta property=\"og:image\" content=\"https:\/\/www.destrancheesauxbarricades.com\/wp-content\/uploads\/2024\/10\/FrenchBoxLarge_2048x1339.jpg\" \/>\n\t<meta property=\"og:image:width\" content=\"2048\" \/>\n\t<meta property=\"og:image:height\" content=\"1339\" \/>\n\t<meta property=\"og:image:type\" content=\"image\/jpeg\" \/>\n<meta name=\"twitter:card\" content=\"summary_large_image\" \/>\n<meta name=\"twitter:label1\" content=\"Dur\u00e9e de lecture estim\u00e9e\" \/>\n\t<meta name=\"twitter:data1\" content=\"1 minute\" \/>\n<script type=\"application\/ld+json\" class=\"yoast-schema-graph\">{\"@context\":\"https:\\\/\\\/schema.org\",\"@graph\":[{\"@type\":\"WebPage\",\"@id\":\"https:\\\/\\\/www.destrancheesauxbarricades.com\\\/index.php\\\/product\\\/infanterie-francaise-1916-1940\\\/\",\"url\":\"https:\\\/\\\/www.destrancheesauxbarricades.com\\\/index.php\\\/product\\\/infanterie-francaise-1916-1940\\\/\",\"name\":\"Infanterie fran\u00e7aise 1916-1940 - Des tranch\u00e9es aux barricades\",\"isPartOf\":{\"@id\":\"http:\\\/\\\/www.destrancheesauxbarricades.com\\\/#website\"},\"primaryImageOfPage\":{\"@id\":\"https:\\\/\\\/www.destrancheesauxbarricades.com\\\/index.php\\\/product\\\/infanterie-francaise-1916-1940\\\/#primaryimage\"},\"image\":{\"@id\":\"https:\\\/\\\/www.destrancheesauxbarricades.com\\\/index.php\\\/product\\\/infanterie-francaise-1916-1940\\\/#primaryimage\"},\"thumbnailUrl\":\"https:\\\/\\\/www.destrancheesauxbarricades.com\\\/wp-content\\\/uploads\\\/2024\\\/10\\\/FrenchBoxLarge_2048x1339.jpg\",\"datePublished\":\"2024-10-29T17:47:10+00:00\",\"dateModified\":\"2025-12-31T00:00:06+00:00\",\"breadcrumb\":{\"@id\":\"https:\\\/\\\/www.destrancheesauxbarricades.com\\\/index.php\\\/product\\\/infanterie-francaise-1916-1940\\\/#breadcrumb\"},\"inLanguage\":\"fr-FR\",\"potentialAction\":[{\"@type\":\"ReadAction\",\"target\":[\"https:\\\/\\\/www.destrancheesauxbarricades.com\\\/index.php\\\/product\\\/infanterie-francaise-1916-1940\\\/\"]}]},{\"@type\":\"ImageObject\",\"inLanguage\":\"fr-FR\",\"@id\":\"https:\\\/\\\/www.destrancheesauxbarricades.com\\\/index.php\\\/product\\\/infanterie-francaise-1916-1940\\\/#primaryimage\",\"url\":\"https:\\\/\\\/www.destrancheesauxbarricades.com\\\/wp-content\\\/uploads\\\/2024\\\/10\\\/FrenchBoxLarge_2048x1339.jpg\",\"contentUrl\":\"https:\\\/\\\/www.destrancheesauxbarricades.com\\\/wp-content\\\/uploads\\\/2024\\\/10\\\/FrenchBoxLarge_2048x1339.jpg\",\"width\":2048,\"height\":1339},{\"@type\":\"BreadcrumbList\",\"@id\":\"https:\\\/\\\/www.destrancheesauxbarricades.com\\\/index.php\\\/product\\\/infanterie-francaise-1916-1940\\\/#breadcrumb\",\"itemListElement\":[{\"@type\":\"ListItem\",\"position\":1,\"name\":\"Accueil\",\"item\":\"http:\\\/\\\/www.destrancheesauxbarricades.com\\\/\"},{\"@type\":\"ListItem\",\"position\":2,\"name\":\"Shop\",\"item\":\"http:\\\/\\\/www.destrancheesauxbarricades.com\\\/index.php\\\/shop\\\/\"},{\"@type\":\"ListItem\",\"position\":3,\"name\":\"Infanterie fran\u00e7aise 1916-1940\"}]},{\"@type\":\"WebSite\",\"@id\":\"http:\\\/\\\/www.destrancheesauxbarricades.com\\\/#website\",\"url\":\"http:\\\/\\\/www.destrancheesauxbarricades.com\\\/\",\"name\":\"Des tranch\u00e9es aux barricades\",\"description\":\"Jeu d&#039;escarmouches au d\u00e9but du XXe si\u00e8cle\",\"potentialAction\":[{\"@type\":\"SearchAction\",\"target\":{\"@type\":\"EntryPoint\",\"urlTemplate\":\"http:\\\/\\\/www.destrancheesauxbarricades.com\\\/?s={search_term_string}\"},\"query-input\":{\"@type\":\"PropertyValueSpecification\",\"valueRequired\":true,\"valueName\":\"search_term_string\"}}],\"inLanguage\":\"fr-FR\"}]}<\/script>\n<!-- \/ Yoast SEO plugin. -->","yoast_head_json":{"title":"Infanterie fran\u00e7aise 1916-1940 - Des tranch\u00e9es aux barricades","robots":{"index":"index","follow":"follow","max-snippet":"max-snippet:-1","max-image-preview":"max-image-preview:large","max-video-preview":"max-video-preview:-1"},"canonical":"https:\/\/www.destrancheesauxbarricades.com\/index.php\/product\/infanterie-francaise-1916-1940\/","og_locale":"fr_FR","og_type":"article","og_title":"Infanterie fran\u00e7aise 1916-1940 - Des tranch\u00e9es aux barricades","og_description":"[fsl-progress-bar]  35 fantassins fran\u00e7ais\u00a0 WW1 WW2 en plastique \u00e0 assembler","og_url":"https:\/\/www.destrancheesauxbarricades.com\/index.php\/product\/infanterie-francaise-1916-1940\/","og_site_name":"Des tranch\u00e9es aux barricades","article_modified_time":"2025-12-31T00:00:06+00:00","og_image":[{"width":2048,"height":1339,"url":"https:\/\/www.destrancheesauxbarricades.com\/wp-content\/uploads\/2024\/10\/FrenchBoxLarge_2048x1339.jpg","type":"image\/jpeg"}],"twitter_card":"summary_large_image","twitter_misc":{"Dur\u00e9e de lecture estim\u00e9e":"1 minute"},"schema":{"@context":"https:\/\/schema.org","@graph":[{"@type":"WebPage","@id":"https:\/\/www.destrancheesauxbarricades.com\/index.php\/product\/infanterie-francaise-1916-1940\/","url":"https:\/\/www.destrancheesauxbarricades.com\/index.php\/product\/infanterie-francaise-1916-1940\/","name":"Infanterie fran\u00e7aise 1916-1940 - Des tranch\u00e9es aux barricades","isPartOf":{"@id":"http:\/\/www.destrancheesauxbarricades.com\/#website"},"primaryImageOfPage":{"@id":"https:\/\/www.destrancheesauxbarricades.com\/index.php\/product\/infanterie-francaise-1916-1940\/#primaryimage"},"image":{"@id":"https:\/\/www.destrancheesauxbarricades.com\/index.php\/product\/infanterie-francaise-1916-1940\/#primaryimage"},"thumbnailUrl":"https:\/\/www.destrancheesauxbarricades.com\/wp-content\/uploads\/2024\/10\/FrenchBoxLarge_2048x1339.jpg","datePublished":"2024-10-29T17:47:10+00:00","dateModified":"2025-12-31T00:00:06+00:00","breadcrumb":{"@id":"https:\/\/www.destrancheesauxbarricades.com\/index.php\/product\/infanterie-francaise-1916-1940\/#breadcrumb"},"inLanguage":"fr-FR","potentialAction":[{"@type":"ReadAction","target":["https:\/\/www.destrancheesauxbarricades.com\/index.php\/product\/infanterie-francaise-1916-1940\/"]}]},{"@type":"ImageObject","inLanguage":"fr-FR","@id":"https:\/\/www.destrancheesauxbarricades.com\/index.php\/product\/infanterie-francaise-1916-1940\/#primaryimage","url":"https:\/\/www.destrancheesauxbarricades.com\/wp-content\/uploads\/2024\/10\/FrenchBoxLarge_2048x1339.jpg","contentUrl":"https:\/\/www.destrancheesauxbarricades.com\/wp-content\/uploads\/2024\/10\/FrenchBoxLarge_2048x1339.jpg","width":2048,"height":1339},{"@type":"BreadcrumbList","@id":"https:\/\/www.destrancheesauxbarricades.com\/index.php\/product\/infanterie-francaise-1916-1940\/#breadcrumb","itemListElement":[{"@type":"ListItem","position":1,"name":"Accueil","item":"http:\/\/www.destrancheesauxbarricades.com\/"},{"@type":"ListItem","position":2,"name":"Shop","item":"http:\/\/www.destrancheesauxbarricades.com\/index.php\/shop\/"},{"@type":"ListItem","position":3,"name":"Infanterie fran\u00e7aise 1916-1940"}]},{"@type":"WebSite","@id":"http:\/\/www.destrancheesauxbarricades.com\/#website","url":"http:\/\/www.destrancheesauxbarricades.com\/","name":"Des tranch\u00e9es aux barricades","description":"Jeu d&#039;escarmouches au d\u00e9but du XXe si\u00e8cle","potentialAction":[{"@type":"SearchAction","target":{"@type":"EntryPoint","urlTemplate":"http:\/\/www.destrancheesauxbarricades.com\/?s={search_term_string}"},"query-input":{"@type":"PropertyValueSpecification","valueRequired":true,"valueName":"search_term_string"}}],"inLanguage":"fr-FR"}]}},"jetpack_sharing_enabled":true,"_links":{"self":[{"href":"https:\/\/www.destrancheesauxbarricades.com\/index.php\/wp-json\/wp\/v2\/product\/11669","targetHints":{"allow":["GET"]}}],"collection":[{"href":"https:\/\/www.destrancheesauxbarricades.com\/index.php\/wp-json\/wp\/v2\/product"}],"about":[{"href":"https:\/\/www.destrancheesauxbarricades.com\/index.php\/wp-json\/wp\/v2\/types\/product"}],"version-history":[{"count":2,"href":"https:\/\/www.destrancheesauxbarricades.com\/index.php\/wp-json\/wp\/v2\/product\/11669\/revisions"}],"predecessor-version":[{"id":13508,"href":"https:\/\/www.destrancheesauxbarricades.com\/index.php\/wp-json\/wp\/v2\/product\/11669\/revisions\/13508"}],"wp:featuredmedia":[{"embeddable":true,"href":"https:\/\/www.destrancheesauxbarricades.com\/index.php\/wp-json\/wp\/v2\/media\/11670"}],"wp:attachment":[{"href":"https:\/\/www.destrancheesauxbarricades.com\/index.php\/wp-json\/wp\/v2\/media?parent=11669"}],"wp:term":[{"taxonomy":"product_brand","embeddable":true,"href":"https:\/\/www.destrancheesauxbarricades.com\/index.php\/wp-json\/wp\/v2\/product_brand?post=11669"},{"taxonomy":"product_cat","embeddable":true,"href":"https:\/\/www.destrancheesauxbarricades.com\/index.php\/wp-json\/wp\/v2\/product_cat?post=11669"},{"taxonomy":"product_tag","embeddable":true,"href":"https:\/\/www.destrancheesauxbarricades.com\/index.php\/wp-json\/wp\/v2\/product_tag?post=11669"}],"curies":[{"name":"wp","href":"https:\/\/api.w.org\/{rel}","templated":true}]}}