{"id":11488,"date":"2024-10-26T16:09:01","date_gmt":"2024-10-26T16:09:01","guid":{"rendered":"https:\/\/www.destrancheesauxbarricades.com\/?post_type=product&#038;p=11488"},"modified":"2024-11-02T21:52:32","modified_gmt":"2024-11-02T21:52:32","slug":"hucum-tabur-ottoman-figurine-test","status":"publish","type":"product","link":"https:\/\/www.destrancheesauxbarricades.com\/index.php\/product\/hucum-tabur-ottoman-figurine-test\/","title":{"rendered":"H\u00fccum Tabur ottoman &#8211; Figurine test"},"content":{"rendered":"<div id=\"tab-description\" class=\"woocommerce-Tabs-panel woocommerce-Tabs-panel--description panel entry-content active\" role=\"tabpanel\" aria-labelledby=\"tab-title-description\">\n<p>Free figurine of a <em>H<\/em><i>\u00fccum Tabur<\/i> soldier as part of our Kickstarter \u201c<a href=\"https:\/\/www.kickstarter.com\/projects\/972098603\/revolt-in-the-desert\">Revolt in the desert<\/a>\u201d<\/p>\n<p>As well as their pre-supported version<\/p>\n<p>Scale 28 mm. 20mm compatible.<\/p>\n<p>Sculpted by Propylene Foliescu<\/p>\n<p>Purchasing this files gives you the right to use it for your own personal use only. Redistribution of files or physical prints is not permitted. Files cannot be converted or became a part of any new model which is sold.<\/p>\n<\/div>\n<div id=\"tab-vendor\" class=\"woocommerce-Tabs-panel woocommerce-Tabs-panel--vendor panel entry-content \" role=\"tabpanel\" aria-labelledby=\"tab-title-vendor\">\n<div class=\"product-vendor\">\n<h2><\/h2>\n<\/div>\n<\/div>\n","protected":false},"excerpt":{"rendered":"<p>Figurine de\u00a0 Policier FFI \u00e0 t\u00e9l\u00e9charger gratuitement<\/p>\n","protected":false},"featured_media":11491,"template":"","meta":{"_monsterinsights_skip_tracking":false,"_monsterinsights_sitenote_active":false,"_monsterinsights_sitenote_note":"","_monsterinsights_sitenote_category":0},"product_brand":[],"product_cat":[159,137,138,134,133],"product_tag":[],"class_list":{"0":"post-11488","1":"product","2":"type-product","3":"status-publish","4":"has-post-thumbnail","6":"product_cat-des-tranchees-aux-barricades","7":"product_cat-premiere-guerre-mondiale","8":"product_cat-revolte-arabe-de-1916-1918","9":"product_cat-stl","10":"product_cat-telechargements-gratuits","13":"first","14":"instock","15":"downloadable","16":"virtual","17":"taxable","18":"purchasable","19":"product-type-simple"},"yoast_head":"<!-- This site is optimized with the Yoast SEO plugin v27.4 - https:\/\/yoast.com\/product\/yoast-seo-wordpress\/ -->\n<title>H\u00fccum Tabur ottoman - Figurine test - Des tranch\u00e9es aux barricades<\/title>\n<meta name=\"robots\" content=\"index, follow, max-snippet:-1, max-image-preview:large, max-video-preview:-1\" \/>\n<link rel=\"canonical\" href=\"http:\/\/www.destrancheesauxbarricades.com\/index.php\/product\/hucum-tabur-ottoman-figurine-test\/\" \/>\n<meta property=\"og:locale\" content=\"fr_FR\" \/>\n<meta property=\"og:type\" content=\"article\" \/>\n<meta property=\"og:title\" content=\"H\u00fccum Tabur ottoman - Figurine test - Des tranch\u00e9es aux barricades\" \/>\n<meta property=\"og:description\" content=\"Figurine de\u00a0 Policier FFI \u00e0 t\u00e9l\u00e9charger gratuitement\" \/>\n<meta property=\"og:url\" content=\"http:\/\/www.destrancheesauxbarricades.com\/index.php\/product\/hucum-tabur-ottoman-figurine-test\/\" \/>\n<meta property=\"og:site_name\" content=\"Des tranch\u00e9es aux barricades\" \/>\n<meta property=\"article:modified_time\" content=\"2024-11-02T21:52:32+00:00\" \/>\n<meta property=\"og:image\" content=\"http:\/\/www.destrancheesauxbarricades.com\/wp-content\/uploads\/2024\/10\/fig-demo1.jpg\" \/>\n\t<meta property=\"og:image:width\" content=\"849\" \/>\n\t<meta property=\"og:image:height\" content=\"708\" \/>\n\t<meta property=\"og:image:type\" content=\"image\/jpeg\" \/>\n<meta name=\"twitter:card\" content=\"summary_large_image\" \/>\n<meta name=\"twitter:label1\" content=\"Dur\u00e9e de lecture estim\u00e9e\" \/>\n\t<meta name=\"twitter:data1\" content=\"1 minute\" \/>\n<script type=\"application\/ld+json\" class=\"yoast-schema-graph\">{\"@context\":\"https:\\\/\\\/schema.org\",\"@graph\":[{\"@type\":\"WebPage\",\"@id\":\"http:\\\/\\\/www.destrancheesauxbarricades.com\\\/index.php\\\/product\\\/hucum-tabur-ottoman-figurine-test\\\/\",\"url\":\"http:\\\/\\\/www.destrancheesauxbarricades.com\\\/index.php\\\/product\\\/hucum-tabur-ottoman-figurine-test\\\/\",\"name\":\"H\u00fccum Tabur ottoman - Figurine test - Des tranch\u00e9es aux barricades\",\"isPartOf\":{\"@id\":\"http:\\\/\\\/www.destrancheesauxbarricades.com\\\/#website\"},\"primaryImageOfPage\":{\"@id\":\"http:\\\/\\\/www.destrancheesauxbarricades.com\\\/index.php\\\/product\\\/hucum-tabur-ottoman-figurine-test\\\/#primaryimage\"},\"image\":{\"@id\":\"http:\\\/\\\/www.destrancheesauxbarricades.com\\\/index.php\\\/product\\\/hucum-tabur-ottoman-figurine-test\\\/#primaryimage\"},\"thumbnailUrl\":\"https:\\\/\\\/www.destrancheesauxbarricades.com\\\/wp-content\\\/uploads\\\/2024\\\/10\\\/fig-demo1.jpg\",\"datePublished\":\"2024-10-26T16:09:01+00:00\",\"dateModified\":\"2024-11-02T21:52:32+00:00\",\"breadcrumb\":{\"@id\":\"http:\\\/\\\/www.destrancheesauxbarricades.com\\\/index.php\\\/product\\\/hucum-tabur-ottoman-figurine-test\\\/#breadcrumb\"},\"inLanguage\":\"fr-FR\",\"potentialAction\":[{\"@type\":\"ReadAction\",\"target\":[\"http:\\\/\\\/www.destrancheesauxbarricades.com\\\/index.php\\\/product\\\/hucum-tabur-ottoman-figurine-test\\\/\"]}]},{\"@type\":\"ImageObject\",\"inLanguage\":\"fr-FR\",\"@id\":\"http:\\\/\\\/www.destrancheesauxbarricades.com\\\/index.php\\\/product\\\/hucum-tabur-ottoman-figurine-test\\\/#primaryimage\",\"url\":\"https:\\\/\\\/www.destrancheesauxbarricades.com\\\/wp-content\\\/uploads\\\/2024\\\/10\\\/fig-demo1.jpg\",\"contentUrl\":\"https:\\\/\\\/www.destrancheesauxbarricades.com\\\/wp-content\\\/uploads\\\/2024\\\/10\\\/fig-demo1.jpg\",\"width\":849,\"height\":708},{\"@type\":\"BreadcrumbList\",\"@id\":\"http:\\\/\\\/www.destrancheesauxbarricades.com\\\/index.php\\\/product\\\/hucum-tabur-ottoman-figurine-test\\\/#breadcrumb\",\"itemListElement\":[{\"@type\":\"ListItem\",\"position\":1,\"name\":\"Accueil\",\"item\":\"http:\\\/\\\/www.destrancheesauxbarricades.com\\\/\"},{\"@type\":\"ListItem\",\"position\":2,\"name\":\"Shop\",\"item\":\"http:\\\/\\\/www.destrancheesauxbarricades.com\\\/index.php\\\/shop\\\/\"},{\"@type\":\"ListItem\",\"position\":3,\"name\":\"H\u00fccum Tabur ottoman &#8211; Figurine test\"}]},{\"@type\":\"WebSite\",\"@id\":\"http:\\\/\\\/www.destrancheesauxbarricades.com\\\/#website\",\"url\":\"http:\\\/\\\/www.destrancheesauxbarricades.com\\\/\",\"name\":\"Des tranch\u00e9es aux barricades\",\"description\":\"Jeu d&#039;escarmouches au d\u00e9but du XXe si\u00e8cle\",\"potentialAction\":[{\"@type\":\"SearchAction\",\"target\":{\"@type\":\"EntryPoint\",\"urlTemplate\":\"http:\\\/\\\/www.destrancheesauxbarricades.com\\\/?s={search_term_string}\"},\"query-input\":{\"@type\":\"PropertyValueSpecification\",\"valueRequired\":true,\"valueName\":\"search_term_string\"}}],\"inLanguage\":\"fr-FR\"}]}<\/script>\n<!-- \/ Yoast SEO plugin. -->","yoast_head_json":{"title":"H\u00fccum Tabur ottoman - Figurine test - Des tranch\u00e9es aux barricades","robots":{"index":"index","follow":"follow","max-snippet":"max-snippet:-1","max-image-preview":"max-image-preview:large","max-video-preview":"max-video-preview:-1"},"canonical":"http:\/\/www.destrancheesauxbarricades.com\/index.php\/product\/hucum-tabur-ottoman-figurine-test\/","og_locale":"fr_FR","og_type":"article","og_title":"H\u00fccum Tabur ottoman - Figurine test - Des tranch\u00e9es aux barricades","og_description":"Figurine de\u00a0 Policier FFI \u00e0 t\u00e9l\u00e9charger gratuitement","og_url":"http:\/\/www.destrancheesauxbarricades.com\/index.php\/product\/hucum-tabur-ottoman-figurine-test\/","og_site_name":"Des tranch\u00e9es aux barricades","article_modified_time":"2024-11-02T21:52:32+00:00","og_image":[{"width":849,"height":708,"url":"http:\/\/www.destrancheesauxbarricades.com\/wp-content\/uploads\/2024\/10\/fig-demo1.jpg","type":"image\/jpeg"}],"twitter_card":"summary_large_image","twitter_misc":{"Dur\u00e9e de lecture estim\u00e9e":"1 minute"},"schema":{"@context":"https:\/\/schema.org","@graph":[{"@type":"WebPage","@id":"http:\/\/www.destrancheesauxbarricades.com\/index.php\/product\/hucum-tabur-ottoman-figurine-test\/","url":"http:\/\/www.destrancheesauxbarricades.com\/index.php\/product\/hucum-tabur-ottoman-figurine-test\/","name":"H\u00fccum Tabur ottoman - Figurine test - Des tranch\u00e9es aux barricades","isPartOf":{"@id":"http:\/\/www.destrancheesauxbarricades.com\/#website"},"primaryImageOfPage":{"@id":"http:\/\/www.destrancheesauxbarricades.com\/index.php\/product\/hucum-tabur-ottoman-figurine-test\/#primaryimage"},"image":{"@id":"http:\/\/www.destrancheesauxbarricades.com\/index.php\/product\/hucum-tabur-ottoman-figurine-test\/#primaryimage"},"thumbnailUrl":"https:\/\/www.destrancheesauxbarricades.com\/wp-content\/uploads\/2024\/10\/fig-demo1.jpg","datePublished":"2024-10-26T16:09:01+00:00","dateModified":"2024-11-02T21:52:32+00:00","breadcrumb":{"@id":"http:\/\/www.destrancheesauxbarricades.com\/index.php\/product\/hucum-tabur-ottoman-figurine-test\/#breadcrumb"},"inLanguage":"fr-FR","potentialAction":[{"@type":"ReadAction","target":["http:\/\/www.destrancheesauxbarricades.com\/index.php\/product\/hucum-tabur-ottoman-figurine-test\/"]}]},{"@type":"ImageObject","inLanguage":"fr-FR","@id":"http:\/\/www.destrancheesauxbarricades.com\/index.php\/product\/hucum-tabur-ottoman-figurine-test\/#primaryimage","url":"https:\/\/www.destrancheesauxbarricades.com\/wp-content\/uploads\/2024\/10\/fig-demo1.jpg","contentUrl":"https:\/\/www.destrancheesauxbarricades.com\/wp-content\/uploads\/2024\/10\/fig-demo1.jpg","width":849,"height":708},{"@type":"BreadcrumbList","@id":"http:\/\/www.destrancheesauxbarricades.com\/index.php\/product\/hucum-tabur-ottoman-figurine-test\/#breadcrumb","itemListElement":[{"@type":"ListItem","position":1,"name":"Accueil","item":"http:\/\/www.destrancheesauxbarricades.com\/"},{"@type":"ListItem","position":2,"name":"Shop","item":"http:\/\/www.destrancheesauxbarricades.com\/index.php\/shop\/"},{"@type":"ListItem","position":3,"name":"H\u00fccum Tabur ottoman &#8211; Figurine test"}]},{"@type":"WebSite","@id":"http:\/\/www.destrancheesauxbarricades.com\/#website","url":"http:\/\/www.destrancheesauxbarricades.com\/","name":"Des tranch\u00e9es aux barricades","description":"Jeu d&#039;escarmouches au d\u00e9but du XXe si\u00e8cle","potentialAction":[{"@type":"SearchAction","target":{"@type":"EntryPoint","urlTemplate":"http:\/\/www.destrancheesauxbarricades.com\/?s={search_term_string}"},"query-input":{"@type":"PropertyValueSpecification","valueRequired":true,"valueName":"search_term_string"}}],"inLanguage":"fr-FR"}]}},"jetpack_sharing_enabled":true,"_links":{"self":[{"href":"https:\/\/www.destrancheesauxbarricades.com\/index.php\/wp-json\/wp\/v2\/product\/11488","targetHints":{"allow":["GET"]}}],"collection":[{"href":"https:\/\/www.destrancheesauxbarricades.com\/index.php\/wp-json\/wp\/v2\/product"}],"about":[{"href":"https:\/\/www.destrancheesauxbarricades.com\/index.php\/wp-json\/wp\/v2\/types\/product"}],"version-history":[{"count":0,"href":"https:\/\/www.destrancheesauxbarricades.com\/index.php\/wp-json\/wp\/v2\/product\/11488\/revisions"}],"wp:featuredmedia":[{"embeddable":true,"href":"https:\/\/www.destrancheesauxbarricades.com\/index.php\/wp-json\/wp\/v2\/media\/11491"}],"wp:attachment":[{"href":"https:\/\/www.destrancheesauxbarricades.com\/index.php\/wp-json\/wp\/v2\/media?parent=11488"}],"wp:term":[{"taxonomy":"product_brand","embeddable":true,"href":"https:\/\/www.destrancheesauxbarricades.com\/index.php\/wp-json\/wp\/v2\/product_brand?post=11488"},{"taxonomy":"product_cat","embeddable":true,"href":"https:\/\/www.destrancheesauxbarricades.com\/index.php\/wp-json\/wp\/v2\/product_cat?post=11488"},{"taxonomy":"product_tag","embeddable":true,"href":"https:\/\/www.destrancheesauxbarricades.com\/index.php\/wp-json\/wp\/v2\/product_tag?post=11488"}],"curies":[{"name":"wp","href":"https:\/\/api.w.org\/{rel}","templated":true}]}}