{"id":11456,"date":"2024-10-17T11:07:42","date_gmt":"2024-10-17T11:07:42","guid":{"rendered":"https:\/\/www.destrancheesauxbarricades.com\/?post_type=product&#038;p=11456"},"modified":"2025-11-03T12:35:50","modified_gmt":"2025-11-03T12:35:50","slug":"infanterie-sovietique-1939-1941","status":"publish","type":"product","link":"https:\/\/www.destrancheesauxbarricades.com\/index.php\/product\/infanterie-sovietique-1939-1941\/","title":{"rendered":"Infanterie sovi\u00e9tique 1939-1941"},"content":{"rendered":"<p>Le set comprend 17 figurines et se compose de :<\/p>\n<p>&#8211; un leader<\/p>\n<p>&#8211; une LMG<\/p>\n<p>&#8211; cinq groupes de trois fantassins<\/p>\n<p>&#8211; un ensemble de coiffures vari\u00e9es dont le c\u00e9l\u00e8bre casque Sch-36.<\/p>\n<p>Figurines 28 mm en m\u00e9tal, \u00e0 assembler et \u00e0 peindre.<\/p>\n<p>Socles non fournis.<\/p>\n<p>Les figurines\u00a0 sont livr\u00e9es sans emballage sp\u00e9cifique.<\/p>\n<p>Figurines \u00e0 collectionner, n\u00e9cessitant des comp\u00e9tences basiques de mod\u00e9lisme et ne convenant pas aux enfants de moins de 14 ans. Visuels non contractuels.<\/p>\n<p><strong>Figurines sous licence Ares Wargames<\/strong><\/p>\n<p><img decoding=\"async\" class=\"alignnone wp-image-10127 size-thumbnail\" src=\"http:\/\/www.destrancheesauxbarricades.com\/wp-content\/uploads\/2023\/11\/Sans-titre-150x150.jpg\" alt=\"\" width=\"150\" height=\"150\" srcset=\"https:\/\/www.destrancheesauxbarricades.com\/wp-content\/uploads\/2023\/11\/Sans-titre-150x150.jpg 150w, https:\/\/www.destrancheesauxbarricades.com\/wp-content\/uploads\/2023\/11\/Sans-titre-328x328.jpg 328w, https:\/\/www.destrancheesauxbarricades.com\/wp-content\/uploads\/2023\/11\/Sans-titre-100x100.jpg 100w, https:\/\/www.destrancheesauxbarricades.com\/wp-content\/uploads\/2023\/11\/Sans-titre-145x145.jpg 145w, https:\/\/www.destrancheesauxbarricades.com\/wp-content\/uploads\/2023\/11\/Sans-titre-50x50.jpg 50w\" sizes=\"(max-width: 150px) 100vw, 150px\" \/><\/p>\n","protected":false},"excerpt":{"rendered":"<p>[fsl-progress-bar]<\/p>\n<p>Infanterie russe d\u00e9but de guerre avec t\u00eates s\u00e9par\u00e9es dont le casque Sch-36<\/p>\n","protected":false},"featured_media":11457,"template":"","meta":{"_monsterinsights_skip_tracking":false,"_monsterinsights_sitenote_active":false,"_monsterinsights_sitenote_note":"","_monsterinsights_sitenote_category":0},"product_brand":[],"product_cat":[150,147,142],"product_tag":[],"class_list":{"0":"post-11456","1":"product","2":"type-product","3":"status-publish","4":"has-post-thumbnail","6":"product_cat-ares-wargames","7":"product_cat-armee-rouge","8":"product_cat-seconde-guerre-mondiale","11":"first","12":"instock","13":"purchasable","14":"product-type-simple"},"yoast_head":"<!-- This site is optimized with the Yoast SEO plugin v27.4 - https:\/\/yoast.com\/product\/yoast-seo-wordpress\/ -->\n<title>Infanterie sovi\u00e9tique 1939-1941 - Des tranch\u00e9es aux barricades<\/title>\n<meta name=\"robots\" content=\"index, follow, max-snippet:-1, max-image-preview:large, max-video-preview:-1\" \/>\n<link rel=\"canonical\" href=\"https:\/\/www.destrancheesauxbarricades.com\/index.php\/product\/infanterie-sovietique-1939-1941\/\" \/>\n<meta property=\"og:locale\" content=\"fr_FR\" \/>\n<meta property=\"og:type\" content=\"article\" \/>\n<meta property=\"og:title\" content=\"Infanterie sovi\u00e9tique 1939-1941 - Des tranch\u00e9es aux barricades\" \/>\n<meta property=\"og:description\" content=\"[fsl-progress-bar]  Infanterie russe d\u00e9but de guerre avec t\u00eates s\u00e9par\u00e9es dont le casque Sch-36\" \/>\n<meta property=\"og:url\" content=\"https:\/\/www.destrancheesauxbarricades.com\/index.php\/product\/infanterie-sovietique-1939-1941\/\" \/>\n<meta property=\"og:site_name\" content=\"Des tranch\u00e9es aux barricades\" \/>\n<meta property=\"article:modified_time\" content=\"2025-11-03T12:35:50+00:00\" \/>\n<meta property=\"og:image\" content=\"https:\/\/www.destrancheesauxbarricades.com\/wp-content\/uploads\/2024\/10\/WhatsApp-Image-2024-10-17-a-13.01.31_4935b53c.jpg\" \/>\n\t<meta property=\"og:image:width\" content=\"1600\" \/>\n\t<meta property=\"og:image:height\" content=\"1200\" \/>\n\t<meta property=\"og:image:type\" content=\"image\/jpeg\" \/>\n<meta name=\"twitter:card\" content=\"summary_large_image\" \/>\n<meta name=\"twitter:label1\" content=\"Dur\u00e9e de lecture estim\u00e9e\" \/>\n\t<meta name=\"twitter:data1\" content=\"1 minute\" \/>\n<script type=\"application\/ld+json\" class=\"yoast-schema-graph\">{\"@context\":\"https:\\\/\\\/schema.org\",\"@graph\":[{\"@type\":\"WebPage\",\"@id\":\"https:\\\/\\\/www.destrancheesauxbarricades.com\\\/index.php\\\/product\\\/infanterie-sovietique-1939-1941\\\/\",\"url\":\"https:\\\/\\\/www.destrancheesauxbarricades.com\\\/index.php\\\/product\\\/infanterie-sovietique-1939-1941\\\/\",\"name\":\"Infanterie sovi\u00e9tique 1939-1941 - Des tranch\u00e9es aux barricades\",\"isPartOf\":{\"@id\":\"https:\\\/\\\/www.destrancheesauxbarricades.com\\\/#website\"},\"primaryImageOfPage\":{\"@id\":\"https:\\\/\\\/www.destrancheesauxbarricades.com\\\/index.php\\\/product\\\/infanterie-sovietique-1939-1941\\\/#primaryimage\"},\"image\":{\"@id\":\"https:\\\/\\\/www.destrancheesauxbarricades.com\\\/index.php\\\/product\\\/infanterie-sovietique-1939-1941\\\/#primaryimage\"},\"thumbnailUrl\":\"https:\\\/\\\/www.destrancheesauxbarricades.com\\\/wp-content\\\/uploads\\\/2024\\\/10\\\/WhatsApp-Image-2024-10-17-a-13.01.31_4935b53c.jpg\",\"datePublished\":\"2024-10-17T11:07:42+00:00\",\"dateModified\":\"2025-11-03T12:35:50+00:00\",\"breadcrumb\":{\"@id\":\"https:\\\/\\\/www.destrancheesauxbarricades.com\\\/index.php\\\/product\\\/infanterie-sovietique-1939-1941\\\/#breadcrumb\"},\"inLanguage\":\"fr-FR\",\"potentialAction\":[{\"@type\":\"ReadAction\",\"target\":[\"https:\\\/\\\/www.destrancheesauxbarricades.com\\\/index.php\\\/product\\\/infanterie-sovietique-1939-1941\\\/\"]}]},{\"@type\":\"ImageObject\",\"inLanguage\":\"fr-FR\",\"@id\":\"https:\\\/\\\/www.destrancheesauxbarricades.com\\\/index.php\\\/product\\\/infanterie-sovietique-1939-1941\\\/#primaryimage\",\"url\":\"https:\\\/\\\/www.destrancheesauxbarricades.com\\\/wp-content\\\/uploads\\\/2024\\\/10\\\/WhatsApp-Image-2024-10-17-a-13.01.31_4935b53c.jpg\",\"contentUrl\":\"https:\\\/\\\/www.destrancheesauxbarricades.com\\\/wp-content\\\/uploads\\\/2024\\\/10\\\/WhatsApp-Image-2024-10-17-a-13.01.31_4935b53c.jpg\",\"width\":1600,\"height\":1200},{\"@type\":\"BreadcrumbList\",\"@id\":\"https:\\\/\\\/www.destrancheesauxbarricades.com\\\/index.php\\\/product\\\/infanterie-sovietique-1939-1941\\\/#breadcrumb\",\"itemListElement\":[{\"@type\":\"ListItem\",\"position\":1,\"name\":\"Accueil\",\"item\":\"https:\\\/\\\/www.destrancheesauxbarricades.com\\\/\"},{\"@type\":\"ListItem\",\"position\":2,\"name\":\"Shop\",\"item\":\"https:\\\/\\\/www.destrancheesauxbarricades.com\\\/index.php\\\/shop\\\/\"},{\"@type\":\"ListItem\",\"position\":3,\"name\":\"Infanterie sovi\u00e9tique 1939-1941\"}]},{\"@type\":\"WebSite\",\"@id\":\"https:\\\/\\\/www.destrancheesauxbarricades.com\\\/#website\",\"url\":\"https:\\\/\\\/www.destrancheesauxbarricades.com\\\/\",\"name\":\"Des tranch\u00e9es aux barricades\",\"description\":\"Jeu d&#039;escarmouches au d\u00e9but du XXe si\u00e8cle\",\"potentialAction\":[{\"@type\":\"SearchAction\",\"target\":{\"@type\":\"EntryPoint\",\"urlTemplate\":\"https:\\\/\\\/www.destrancheesauxbarricades.com\\\/?s={search_term_string}\"},\"query-input\":{\"@type\":\"PropertyValueSpecification\",\"valueRequired\":true,\"valueName\":\"search_term_string\"}}],\"inLanguage\":\"fr-FR\"}]}<\/script>\n<!-- \/ Yoast SEO plugin. -->","yoast_head_json":{"title":"Infanterie sovi\u00e9tique 1939-1941 - Des tranch\u00e9es aux barricades","robots":{"index":"index","follow":"follow","max-snippet":"max-snippet:-1","max-image-preview":"max-image-preview:large","max-video-preview":"max-video-preview:-1"},"canonical":"https:\/\/www.destrancheesauxbarricades.com\/index.php\/product\/infanterie-sovietique-1939-1941\/","og_locale":"fr_FR","og_type":"article","og_title":"Infanterie sovi\u00e9tique 1939-1941 - Des tranch\u00e9es aux barricades","og_description":"[fsl-progress-bar]  Infanterie russe d\u00e9but de guerre avec t\u00eates s\u00e9par\u00e9es dont le casque Sch-36","og_url":"https:\/\/www.destrancheesauxbarricades.com\/index.php\/product\/infanterie-sovietique-1939-1941\/","og_site_name":"Des tranch\u00e9es aux barricades","article_modified_time":"2025-11-03T12:35:50+00:00","og_image":[{"width":1600,"height":1200,"url":"https:\/\/www.destrancheesauxbarricades.com\/wp-content\/uploads\/2024\/10\/WhatsApp-Image-2024-10-17-a-13.01.31_4935b53c.jpg","type":"image\/jpeg"}],"twitter_card":"summary_large_image","twitter_misc":{"Dur\u00e9e de lecture estim\u00e9e":"1 minute"},"schema":{"@context":"https:\/\/schema.org","@graph":[{"@type":"WebPage","@id":"https:\/\/www.destrancheesauxbarricades.com\/index.php\/product\/infanterie-sovietique-1939-1941\/","url":"https:\/\/www.destrancheesauxbarricades.com\/index.php\/product\/infanterie-sovietique-1939-1941\/","name":"Infanterie sovi\u00e9tique 1939-1941 - Des tranch\u00e9es aux barricades","isPartOf":{"@id":"https:\/\/www.destrancheesauxbarricades.com\/#website"},"primaryImageOfPage":{"@id":"https:\/\/www.destrancheesauxbarricades.com\/index.php\/product\/infanterie-sovietique-1939-1941\/#primaryimage"},"image":{"@id":"https:\/\/www.destrancheesauxbarricades.com\/index.php\/product\/infanterie-sovietique-1939-1941\/#primaryimage"},"thumbnailUrl":"https:\/\/www.destrancheesauxbarricades.com\/wp-content\/uploads\/2024\/10\/WhatsApp-Image-2024-10-17-a-13.01.31_4935b53c.jpg","datePublished":"2024-10-17T11:07:42+00:00","dateModified":"2025-11-03T12:35:50+00:00","breadcrumb":{"@id":"https:\/\/www.destrancheesauxbarricades.com\/index.php\/product\/infanterie-sovietique-1939-1941\/#breadcrumb"},"inLanguage":"fr-FR","potentialAction":[{"@type":"ReadAction","target":["https:\/\/www.destrancheesauxbarricades.com\/index.php\/product\/infanterie-sovietique-1939-1941\/"]}]},{"@type":"ImageObject","inLanguage":"fr-FR","@id":"https:\/\/www.destrancheesauxbarricades.com\/index.php\/product\/infanterie-sovietique-1939-1941\/#primaryimage","url":"https:\/\/www.destrancheesauxbarricades.com\/wp-content\/uploads\/2024\/10\/WhatsApp-Image-2024-10-17-a-13.01.31_4935b53c.jpg","contentUrl":"https:\/\/www.destrancheesauxbarricades.com\/wp-content\/uploads\/2024\/10\/WhatsApp-Image-2024-10-17-a-13.01.31_4935b53c.jpg","width":1600,"height":1200},{"@type":"BreadcrumbList","@id":"https:\/\/www.destrancheesauxbarricades.com\/index.php\/product\/infanterie-sovietique-1939-1941\/#breadcrumb","itemListElement":[{"@type":"ListItem","position":1,"name":"Accueil","item":"https:\/\/www.destrancheesauxbarricades.com\/"},{"@type":"ListItem","position":2,"name":"Shop","item":"https:\/\/www.destrancheesauxbarricades.com\/index.php\/shop\/"},{"@type":"ListItem","position":3,"name":"Infanterie sovi\u00e9tique 1939-1941"}]},{"@type":"WebSite","@id":"https:\/\/www.destrancheesauxbarricades.com\/#website","url":"https:\/\/www.destrancheesauxbarricades.com\/","name":"Des tranch\u00e9es aux barricades","description":"Jeu d&#039;escarmouches au d\u00e9but du XXe si\u00e8cle","potentialAction":[{"@type":"SearchAction","target":{"@type":"EntryPoint","urlTemplate":"https:\/\/www.destrancheesauxbarricades.com\/?s={search_term_string}"},"query-input":{"@type":"PropertyValueSpecification","valueRequired":true,"valueName":"search_term_string"}}],"inLanguage":"fr-FR"}]}},"jetpack_sharing_enabled":true,"_links":{"self":[{"href":"https:\/\/www.destrancheesauxbarricades.com\/index.php\/wp-json\/wp\/v2\/product\/11456","targetHints":{"allow":["GET"]}}],"collection":[{"href":"https:\/\/www.destrancheesauxbarricades.com\/index.php\/wp-json\/wp\/v2\/product"}],"about":[{"href":"https:\/\/www.destrancheesauxbarricades.com\/index.php\/wp-json\/wp\/v2\/types\/product"}],"version-history":[{"count":2,"href":"https:\/\/www.destrancheesauxbarricades.com\/index.php\/wp-json\/wp\/v2\/product\/11456\/revisions"}],"predecessor-version":[{"id":11464,"href":"https:\/\/www.destrancheesauxbarricades.com\/index.php\/wp-json\/wp\/v2\/product\/11456\/revisions\/11464"}],"wp:featuredmedia":[{"embeddable":true,"href":"https:\/\/www.destrancheesauxbarricades.com\/index.php\/wp-json\/wp\/v2\/media\/11457"}],"wp:attachment":[{"href":"https:\/\/www.destrancheesauxbarricades.com\/index.php\/wp-json\/wp\/v2\/media?parent=11456"}],"wp:term":[{"taxonomy":"product_brand","embeddable":true,"href":"https:\/\/www.destrancheesauxbarricades.com\/index.php\/wp-json\/wp\/v2\/product_brand?post=11456"},{"taxonomy":"product_cat","embeddable":true,"href":"https:\/\/www.destrancheesauxbarricades.com\/index.php\/wp-json\/wp\/v2\/product_cat?post=11456"},{"taxonomy":"product_tag","embeddable":true,"href":"https:\/\/www.destrancheesauxbarricades.com\/index.php\/wp-json\/wp\/v2\/product_tag?post=11456"}],"curies":[{"name":"wp","href":"https:\/\/api.w.org\/{rel}","templated":true}]}}