{"id":11333,"date":"2024-09-08T06:01:18","date_gmt":"2024-09-08T06:01:18","guid":{"rendered":"https:\/\/www.destrancheesauxbarricades.com\/?post_type=product&#038;p=11333"},"modified":"2025-04-11T15:09:59","modified_gmt":"2025-04-11T15:09:59","slug":"insurges-parisiens-ffi-stl-2","status":"publish","type":"product","link":"https:\/\/www.destrancheesauxbarricades.com\/index.php\/product\/insurges-parisiens-ffi-stl-2\/","title":{"rendered":"Insurg\u00e9s Parisiens FFI (.stl)"},"content":{"rendered":"<div id=\"tab-description\" class=\"woocommerce-Tabs-panel woocommerce-Tabs-panel--description panel entry-content active\" role=\"tabpanel\" aria-labelledby=\"tab-title-description\">\n<p>Ce pack repr\u00e9sente des civils insurg\u00e9s lors de la lib\u00e9ration de Paris (ao\u00fbt 1944) mais peut \u00eatre utilis\u00e9 pour repr\u00e9senter des civils arm\u00e9s lors d&rsquo;autres conflits.<\/p>\n<p>Ce pack comprend les fichiers .stl pour 13 r\u00e9sistants :<\/p>\n<ul>\n<li>Colonel Rol-Tanguy<\/li>\n<li>9 r\u00e9sistants arm\u00e9s de diff\u00e9rentes armes l\u00e9g\u00e8res (fusils, mitraillettes, grenades \u00e0 main, cocktails molotov&#8230;)<\/li>\n<li>Une \u00e9quipe de mitrailleuses l\u00e9g\u00e8res derri\u00e8re un mur de sacs de sable<\/li>\n<li>Des barriques<\/li>\n<\/ul>\n<p>Certaines figurines existent en deux versions (avec ou sans brassard)<\/p>\n<p>Ainsi que leur version pr\u00e9-support\u00e9e (.chitubox)<\/p>\n<p>Echelle 32\/28 mm. Compatible 20mm.<br \/>\nPour\u00a0 une impression \u00e0 l&rsquo;\u00e9chelle 20mm, impression \u00e0 65%<\/p>\n<p>Sculpt\u00e9s par Greg Girault<\/p>\n<p>L&rsquo;achat de ces fichiers vous donne le droit de les utiliser pour votre usage personnel uniquement. La redistribution des fichiers ou des impressions physiques n&rsquo;est pas autoris\u00e9e. Les fichiers ne peuvent pas \u00eatre convertis ni faire partie d&rsquo;un nouveau mod\u00e8le vendu.<\/p>\n<\/div>\n<div id=\"tab-vendor\" class=\"woocommerce-Tabs-panel woocommerce-Tabs-panel--vendor panel entry-content \" role=\"tabpanel\" aria-labelledby=\"tab-title-vendor\">\n<div class=\"product-vendor\">\n<h2><\/h2>\n<\/div>\n<\/div>\n","protected":false},"excerpt":{"rendered":"<p>[fsl-progress-bar]<\/p>\n<p>Fichiers STL pour\u00a0 imprimer des policiers insurg\u00e9s \u00e0 v\u00e9lo des Forces Fran\u00e7aises de l&rsquo;Int\u00e9rieur (FFI) lors de la Lib\u00e9ration de Paris (ao\u00fbt 1944)<\/p>\n","protected":false},"featured_media":11326,"template":"","meta":{"_monsterinsights_skip_tracking":false,"_monsterinsights_sitenote_active":false,"_monsterinsights_sitenote_note":"","_monsterinsights_sitenote_category":0},"product_brand":[],"product_cat":[159,144,142,134],"product_tag":[],"class_list":{"0":"post-11333","1":"product","2":"type-product","3":"status-publish","4":"has-post-thumbnail","6":"product_cat-des-tranchees-aux-barricades","7":"product_cat-liberation-de-paris-1944","8":"product_cat-seconde-guerre-mondiale","9":"product_cat-stl","12":"first","13":"instock","14":"downloadable","15":"virtual","16":"taxable","17":"purchasable","18":"product-type-simple"},"yoast_head":"<!-- This site is optimized with the Yoast SEO plugin v27.5 - https:\/\/yoast.com\/product\/yoast-seo-wordpress\/ -->\n<title>Insurg\u00e9s Parisiens FFI (.stl) - Des tranch\u00e9es aux barricades<\/title>\n<meta name=\"robots\" content=\"index, follow, max-snippet:-1, max-image-preview:large, max-video-preview:-1\" \/>\n<link rel=\"canonical\" href=\"https:\/\/www.destrancheesauxbarricades.com\/index.php\/product\/insurges-parisiens-ffi-stl-2\/\" \/>\n<meta property=\"og:locale\" content=\"fr_FR\" \/>\n<meta property=\"og:type\" content=\"article\" \/>\n<meta property=\"og:title\" content=\"Insurg\u00e9s Parisiens FFI (.stl) - Des tranch\u00e9es aux barricades\" \/>\n<meta property=\"og:description\" content=\"[fsl-progress-bar]  Fichiers STL pour\u00a0 imprimer des policiers insurg\u00e9s \u00e0 v\u00e9lo des Forces Fran\u00e7aises de l&#039;Int\u00e9rieur (FFI) lors de la Lib\u00e9ration de Paris (ao\u00fbt 1944)\" \/>\n<meta property=\"og:url\" content=\"https:\/\/www.destrancheesauxbarricades.com\/index.php\/product\/insurges-parisiens-ffi-stl-2\/\" \/>\n<meta property=\"og:site_name\" content=\"Des tranch\u00e9es aux barricades\" \/>\n<meta property=\"article:modified_time\" content=\"2025-04-11T15:09:59+00:00\" \/>\n<meta property=\"og:image\" content=\"https:\/\/www.destrancheesauxbarricades.com\/wp-content\/uploads\/2024\/09\/pledge-FFI-scaled.jpg\" \/>\n\t<meta property=\"og:image:width\" content=\"2560\" \/>\n\t<meta property=\"og:image:height\" content=\"1708\" \/>\n\t<meta property=\"og:image:type\" content=\"image\/jpeg\" \/>\n<meta name=\"twitter:card\" content=\"summary_large_image\" \/>\n<meta name=\"twitter:label1\" content=\"Dur\u00e9e de lecture estim\u00e9e\" \/>\n\t<meta name=\"twitter:data1\" content=\"1 minute\" \/>\n<script type=\"application\/ld+json\" class=\"yoast-schema-graph\">{\"@context\":\"https:\\\/\\\/schema.org\",\"@graph\":[{\"@type\":\"WebPage\",\"@id\":\"https:\\\/\\\/www.destrancheesauxbarricades.com\\\/index.php\\\/product\\\/insurges-parisiens-ffi-stl-2\\\/\",\"url\":\"https:\\\/\\\/www.destrancheesauxbarricades.com\\\/index.php\\\/product\\\/insurges-parisiens-ffi-stl-2\\\/\",\"name\":\"Insurg\u00e9s Parisiens FFI (.stl) - Des tranch\u00e9es aux barricades\",\"isPartOf\":{\"@id\":\"http:\\\/\\\/www.destrancheesauxbarricades.com\\\/#website\"},\"primaryImageOfPage\":{\"@id\":\"https:\\\/\\\/www.destrancheesauxbarricades.com\\\/index.php\\\/product\\\/insurges-parisiens-ffi-stl-2\\\/#primaryimage\"},\"image\":{\"@id\":\"https:\\\/\\\/www.destrancheesauxbarricades.com\\\/index.php\\\/product\\\/insurges-parisiens-ffi-stl-2\\\/#primaryimage\"},\"thumbnailUrl\":\"https:\\\/\\\/www.destrancheesauxbarricades.com\\\/wp-content\\\/uploads\\\/2024\\\/09\\\/pledge-FFI-scaled.jpg\",\"datePublished\":\"2024-09-08T06:01:18+00:00\",\"dateModified\":\"2025-04-11T15:09:59+00:00\",\"breadcrumb\":{\"@id\":\"https:\\\/\\\/www.destrancheesauxbarricades.com\\\/index.php\\\/product\\\/insurges-parisiens-ffi-stl-2\\\/#breadcrumb\"},\"inLanguage\":\"fr-FR\",\"potentialAction\":[{\"@type\":\"ReadAction\",\"target\":[\"https:\\\/\\\/www.destrancheesauxbarricades.com\\\/index.php\\\/product\\\/insurges-parisiens-ffi-stl-2\\\/\"]}]},{\"@type\":\"ImageObject\",\"inLanguage\":\"fr-FR\",\"@id\":\"https:\\\/\\\/www.destrancheesauxbarricades.com\\\/index.php\\\/product\\\/insurges-parisiens-ffi-stl-2\\\/#primaryimage\",\"url\":\"https:\\\/\\\/www.destrancheesauxbarricades.com\\\/wp-content\\\/uploads\\\/2024\\\/09\\\/pledge-FFI-scaled.jpg\",\"contentUrl\":\"https:\\\/\\\/www.destrancheesauxbarricades.com\\\/wp-content\\\/uploads\\\/2024\\\/09\\\/pledge-FFI-scaled.jpg\",\"width\":2560,\"height\":1708},{\"@type\":\"BreadcrumbList\",\"@id\":\"https:\\\/\\\/www.destrancheesauxbarricades.com\\\/index.php\\\/product\\\/insurges-parisiens-ffi-stl-2\\\/#breadcrumb\",\"itemListElement\":[{\"@type\":\"ListItem\",\"position\":1,\"name\":\"Accueil\",\"item\":\"http:\\\/\\\/www.destrancheesauxbarricades.com\\\/\"},{\"@type\":\"ListItem\",\"position\":2,\"name\":\"Shop\",\"item\":\"http:\\\/\\\/www.destrancheesauxbarricades.com\\\/index.php\\\/shop\\\/\"},{\"@type\":\"ListItem\",\"position\":3,\"name\":\"Insurg\u00e9s Parisiens FFI (.stl)\"}]},{\"@type\":\"WebSite\",\"@id\":\"http:\\\/\\\/www.destrancheesauxbarricades.com\\\/#website\",\"url\":\"http:\\\/\\\/www.destrancheesauxbarricades.com\\\/\",\"name\":\"Des tranch\u00e9es aux barricades\",\"description\":\"Jeu d&#039;escarmouches au d\u00e9but du XXe si\u00e8cle\",\"potentialAction\":[{\"@type\":\"SearchAction\",\"target\":{\"@type\":\"EntryPoint\",\"urlTemplate\":\"http:\\\/\\\/www.destrancheesauxbarricades.com\\\/?s={search_term_string}\"},\"query-input\":{\"@type\":\"PropertyValueSpecification\",\"valueRequired\":true,\"valueName\":\"search_term_string\"}}],\"inLanguage\":\"fr-FR\"}]}<\/script>\n<!-- \/ Yoast SEO plugin. -->","yoast_head_json":{"title":"Insurg\u00e9s Parisiens FFI (.stl) - Des tranch\u00e9es aux barricades","robots":{"index":"index","follow":"follow","max-snippet":"max-snippet:-1","max-image-preview":"max-image-preview:large","max-video-preview":"max-video-preview:-1"},"canonical":"https:\/\/www.destrancheesauxbarricades.com\/index.php\/product\/insurges-parisiens-ffi-stl-2\/","og_locale":"fr_FR","og_type":"article","og_title":"Insurg\u00e9s Parisiens FFI (.stl) - Des tranch\u00e9es aux barricades","og_description":"[fsl-progress-bar]  Fichiers STL pour\u00a0 imprimer des policiers insurg\u00e9s \u00e0 v\u00e9lo des Forces Fran\u00e7aises de l'Int\u00e9rieur (FFI) lors de la Lib\u00e9ration de Paris (ao\u00fbt 1944)","og_url":"https:\/\/www.destrancheesauxbarricades.com\/index.php\/product\/insurges-parisiens-ffi-stl-2\/","og_site_name":"Des tranch\u00e9es aux barricades","article_modified_time":"2025-04-11T15:09:59+00:00","og_image":[{"width":2560,"height":1708,"url":"https:\/\/www.destrancheesauxbarricades.com\/wp-content\/uploads\/2024\/09\/pledge-FFI-scaled.jpg","type":"image\/jpeg"}],"twitter_card":"summary_large_image","twitter_misc":{"Dur\u00e9e de lecture estim\u00e9e":"1 minute"},"schema":{"@context":"https:\/\/schema.org","@graph":[{"@type":"WebPage","@id":"https:\/\/www.destrancheesauxbarricades.com\/index.php\/product\/insurges-parisiens-ffi-stl-2\/","url":"https:\/\/www.destrancheesauxbarricades.com\/index.php\/product\/insurges-parisiens-ffi-stl-2\/","name":"Insurg\u00e9s Parisiens FFI (.stl) - Des tranch\u00e9es aux barricades","isPartOf":{"@id":"http:\/\/www.destrancheesauxbarricades.com\/#website"},"primaryImageOfPage":{"@id":"https:\/\/www.destrancheesauxbarricades.com\/index.php\/product\/insurges-parisiens-ffi-stl-2\/#primaryimage"},"image":{"@id":"https:\/\/www.destrancheesauxbarricades.com\/index.php\/product\/insurges-parisiens-ffi-stl-2\/#primaryimage"},"thumbnailUrl":"https:\/\/www.destrancheesauxbarricades.com\/wp-content\/uploads\/2024\/09\/pledge-FFI-scaled.jpg","datePublished":"2024-09-08T06:01:18+00:00","dateModified":"2025-04-11T15:09:59+00:00","breadcrumb":{"@id":"https:\/\/www.destrancheesauxbarricades.com\/index.php\/product\/insurges-parisiens-ffi-stl-2\/#breadcrumb"},"inLanguage":"fr-FR","potentialAction":[{"@type":"ReadAction","target":["https:\/\/www.destrancheesauxbarricades.com\/index.php\/product\/insurges-parisiens-ffi-stl-2\/"]}]},{"@type":"ImageObject","inLanguage":"fr-FR","@id":"https:\/\/www.destrancheesauxbarricades.com\/index.php\/product\/insurges-parisiens-ffi-stl-2\/#primaryimage","url":"https:\/\/www.destrancheesauxbarricades.com\/wp-content\/uploads\/2024\/09\/pledge-FFI-scaled.jpg","contentUrl":"https:\/\/www.destrancheesauxbarricades.com\/wp-content\/uploads\/2024\/09\/pledge-FFI-scaled.jpg","width":2560,"height":1708},{"@type":"BreadcrumbList","@id":"https:\/\/www.destrancheesauxbarricades.com\/index.php\/product\/insurges-parisiens-ffi-stl-2\/#breadcrumb","itemListElement":[{"@type":"ListItem","position":1,"name":"Accueil","item":"http:\/\/www.destrancheesauxbarricades.com\/"},{"@type":"ListItem","position":2,"name":"Shop","item":"http:\/\/www.destrancheesauxbarricades.com\/index.php\/shop\/"},{"@type":"ListItem","position":3,"name":"Insurg\u00e9s Parisiens FFI (.stl)"}]},{"@type":"WebSite","@id":"http:\/\/www.destrancheesauxbarricades.com\/#website","url":"http:\/\/www.destrancheesauxbarricades.com\/","name":"Des tranch\u00e9es aux barricades","description":"Jeu d&#039;escarmouches au d\u00e9but du XXe si\u00e8cle","potentialAction":[{"@type":"SearchAction","target":{"@type":"EntryPoint","urlTemplate":"http:\/\/www.destrancheesauxbarricades.com\/?s={search_term_string}"},"query-input":{"@type":"PropertyValueSpecification","valueRequired":true,"valueName":"search_term_string"}}],"inLanguage":"fr-FR"}]}},"jetpack_sharing_enabled":true,"_links":{"self":[{"href":"https:\/\/www.destrancheesauxbarricades.com\/index.php\/wp-json\/wp\/v2\/product\/11333","targetHints":{"allow":["GET"]}}],"collection":[{"href":"https:\/\/www.destrancheesauxbarricades.com\/index.php\/wp-json\/wp\/v2\/product"}],"about":[{"href":"https:\/\/www.destrancheesauxbarricades.com\/index.php\/wp-json\/wp\/v2\/types\/product"}],"version-history":[{"count":1,"href":"https:\/\/www.destrancheesauxbarricades.com\/index.php\/wp-json\/wp\/v2\/product\/11333\/revisions"}],"predecessor-version":[{"id":13294,"href":"https:\/\/www.destrancheesauxbarricades.com\/index.php\/wp-json\/wp\/v2\/product\/11333\/revisions\/13294"}],"wp:featuredmedia":[{"embeddable":true,"href":"https:\/\/www.destrancheesauxbarricades.com\/index.php\/wp-json\/wp\/v2\/media\/11326"}],"wp:attachment":[{"href":"https:\/\/www.destrancheesauxbarricades.com\/index.php\/wp-json\/wp\/v2\/media?parent=11333"}],"wp:term":[{"taxonomy":"product_brand","embeddable":true,"href":"https:\/\/www.destrancheesauxbarricades.com\/index.php\/wp-json\/wp\/v2\/product_brand?post=11333"},{"taxonomy":"product_cat","embeddable":true,"href":"https:\/\/www.destrancheesauxbarricades.com\/index.php\/wp-json\/wp\/v2\/product_cat?post=11333"},{"taxonomy":"product_tag","embeddable":true,"href":"https:\/\/www.destrancheesauxbarricades.com\/index.php\/wp-json\/wp\/v2\/product_tag?post=11333"}],"curies":[{"name":"wp","href":"https:\/\/api.w.org\/{rel}","templated":true}]}}