{"id":11305,"date":"2024-08-30T15:32:07","date_gmt":"2024-08-30T15:32:07","guid":{"rendered":"https:\/\/www.destrancheesauxbarricades.com\/?post_type=product&#038;p=11305"},"modified":"2025-11-06T17:06:41","modified_gmt":"2025-11-06T17:06:41","slug":"lance-flammes-de-la-resistance-polonaise","status":"publish","type":"product","link":"https:\/\/www.destrancheesauxbarricades.com\/index.php\/product\/lance-flammes-de-la-resistance-polonaise\/","title":{"rendered":"Lance flammes de la r\u00e9sistance polonaise"},"content":{"rendered":"<p>Ce pack comprend deux combattants de l&rsquo;Armia Krajowa polonaise (Arm\u00e9e de l&rsquo;int\u00e9rieur) utilisant un lance-flammes de type K de fabrication artisanale pendant l&rsquo;insurrection de Varsovie.<\/p>\n<p>La figurine de devant porte des v\u00eatements civils, \u00e0 l&rsquo;exception d&rsquo;une ceinture militaire.<br \/>\nLa figurine de derri\u00e8re porte une casquette polonaise et une salopette d&rsquo;usine, souvent transform\u00e9e en une sorte d&rsquo;\u00ab uniforme \u00bb.<\/p>\n<p>L&rsquo;arm\u00e9e allemande \u00e0 Varsovie a \u00e9t\u00e9 surprise par la grande quantit\u00e9 de lance-flammes dans les forces insurg\u00e9es. Les travaux de conception d&rsquo;un lance-flammes simple pour la r\u00e9sistance polonaise, adapt\u00e9 \u00e0 une production clandestine dans de simples ateliers \u00e0 partir de mat\u00e9riaux facilement disponibles, ont commenc\u00e9 en 1942 \u00e0 la demande du quartier g\u00e9n\u00e9ral principal de l&rsquo;Arm\u00e9e de l&rsquo;int\u00e9rieur. Son objectif principal \u00e9tait d&rsquo;\u00eatre utilis\u00e9 contre les v\u00e9hicules blind\u00e9s. Plusieurs mod\u00e8les furent produits, le plus populaire \u00e9tant le mod\u00e8le K, qui devint une sorte d&rsquo;arme standard de la r\u00e9sistance polonaise. Le nombre exact de lance-flammes produits est difficile \u00e0 estimer, mais il s&rsquo;\u00e9levait au moins \u00e0 plusieurs centaines (dans un seul atelier d&rsquo;Antoni Wi\u0119ckowski \u00e0 Varsovie, il y en eut environ 400). La production \u00e9tait concentr\u00e9e \u00e0 Varsovie. En raison des conditions de production, de nombreux lance-flammes diff\u00e9raient dans les d\u00e9tails.<\/p>\n<p>&nbsp;<\/p>\n<p>Figurines 28 mm en m\u00e9tal, \u00e0 assembler et \u00e0 peindre.\u00a0Socles non fournis.<\/p>\n<p>Figurines \u00e0 collectionner, n\u00e9cessitant des comp\u00e9tences basiques de mod\u00e9lisme et ne convenant pas aux enfants de moins de 14 ans. Les figurines doivent \u00eatre lav\u00e9es, polies puis appr\u00eat\u00e9es avec un appr\u00eat de haute qualit\u00e9.\u00a0 Visuels non contractuels.<\/p>\n<p>&nbsp;<\/p>\n<p>Fabriqu\u00e9 au Royaume-Uni par Griffin Moulds JJP pour <strong>Infamous JT<\/strong>. La sculpture des figurines est bas\u00e9e sur des images d&rsquo;archives et des recherches approfondies et r\u00e9alis\u00e9e de fa\u00e7on traditionnelle par <strong>Dennis Zarnowski.<\/strong> Les armes sont sculpt\u00e9es num\u00e9riquement par <strong>Jonathan Llinares<\/strong>.<\/p>\n<p><img fetchpriority=\"high\" decoding=\"async\" class=\"size-medium wp-image-11296 aligncenter\" src=\"http:\/\/www.destrancheesauxbarricades.com\/wp-content\/uploads\/2024\/08\/logo-300x300.jpg\" alt=\"\" width=\"300\" height=\"300\" srcset=\"https:\/\/www.destrancheesauxbarricades.com\/wp-content\/uploads\/2024\/08\/logo-300x300.jpg 300w, https:\/\/www.destrancheesauxbarricades.com\/wp-content\/uploads\/2024\/08\/logo-328x328.jpg 328w, https:\/\/www.destrancheesauxbarricades.com\/wp-content\/uploads\/2024\/08\/logo-100x100.jpg 100w, https:\/\/www.destrancheesauxbarricades.com\/wp-content\/uploads\/2024\/08\/logo-600x600.jpg 600w, https:\/\/www.destrancheesauxbarricades.com\/wp-content\/uploads\/2024\/08\/logo-64x64.jpg 64w, https:\/\/www.destrancheesauxbarricades.com\/wp-content\/uploads\/2024\/08\/logo-1024x1024.jpg 1024w, https:\/\/www.destrancheesauxbarricades.com\/wp-content\/uploads\/2024\/08\/logo-150x150.jpg 150w, https:\/\/www.destrancheesauxbarricades.com\/wp-content\/uploads\/2024\/08\/logo-768x768.jpg 768w, https:\/\/www.destrancheesauxbarricades.com\/wp-content\/uploads\/2024\/08\/logo-1536x1536.jpg 1536w, https:\/\/www.destrancheesauxbarricades.com\/wp-content\/uploads\/2024\/08\/logo-145x145.jpg 145w, https:\/\/www.destrancheesauxbarricades.com\/wp-content\/uploads\/2024\/08\/logo-50x50.jpg 50w, https:\/\/www.destrancheesauxbarricades.com\/wp-content\/uploads\/2024\/08\/logo.jpg 2048w\" sizes=\"(max-width: 300px) 100vw, 300px\" \/><\/p>\n<p>&nbsp;<\/p>\n<p>&nbsp;<\/p>\n<p>&nbsp;<\/p>\n","protected":false},"excerpt":{"rendered":"<p>[fsl-progress-bar]<\/p>\n<p>Lance flammes K Pattern polonais<\/p>\n","protected":false},"featured_media":11306,"template":"","meta":{"_monsterinsights_skip_tracking":false,"_monsterinsights_sitenote_active":false,"_monsterinsights_sitenote_note":"","_monsterinsights_sitenote_category":0},"product_brand":[],"product_cat":[153,145,142],"product_tag":[],"class_list":{"0":"post-11305","1":"product","2":"type-product","3":"status-publish","4":"has-post-thumbnail","6":"product_cat-infamous-jt","7":"product_cat-insurrection-de-varsovie-1944","8":"product_cat-seconde-guerre-mondiale","11":"first","12":"instock","13":"purchasable","14":"product-type-simple"},"yoast_head":"<!-- This site is optimized with the Yoast SEO plugin v27.5 - https:\/\/yoast.com\/product\/yoast-seo-wordpress\/ -->\n<title>Lance flammes de la r\u00e9sistance polonaise - Des tranch\u00e9es aux barricades<\/title>\n<meta name=\"robots\" content=\"index, follow, max-snippet:-1, max-image-preview:large, max-video-preview:-1\" \/>\n<link rel=\"canonical\" href=\"https:\/\/www.destrancheesauxbarricades.com\/index.php\/product\/lance-flammes-de-la-resistance-polonaise\/\" \/>\n<meta property=\"og:locale\" content=\"fr_FR\" \/>\n<meta property=\"og:type\" content=\"article\" \/>\n<meta property=\"og:title\" content=\"Lance flammes de la r\u00e9sistance polonaise - Des tranch\u00e9es aux barricades\" \/>\n<meta property=\"og:description\" content=\"[fsl-progress-bar]  Lance flammes K Pattern polonais\" \/>\n<meta property=\"og:url\" content=\"https:\/\/www.destrancheesauxbarricades.com\/index.php\/product\/lance-flammes-de-la-resistance-polonaise\/\" \/>\n<meta property=\"og:site_name\" content=\"Des tranch\u00e9es aux barricades\" \/>\n<meta property=\"article:modified_time\" content=\"2025-11-06T17:06:41+00:00\" \/>\n<meta property=\"og:image\" content=\"https:\/\/www.destrancheesauxbarricades.com\/wp-content\/uploads\/2024\/08\/K-Pattern-Flame-Thrower-logo.jpg\" \/>\n\t<meta property=\"og:image:width\" content=\"2010\" \/>\n\t<meta property=\"og:image:height\" content=\"1842\" \/>\n\t<meta property=\"og:image:type\" content=\"image\/jpeg\" \/>\n<meta name=\"twitter:card\" content=\"summary_large_image\" \/>\n<meta name=\"twitter:label1\" content=\"Dur\u00e9e de lecture estim\u00e9e\" \/>\n\t<meta name=\"twitter:data1\" content=\"2 minutes\" \/>\n<script type=\"application\/ld+json\" class=\"yoast-schema-graph\">{\"@context\":\"https:\\\/\\\/schema.org\",\"@graph\":[{\"@type\":\"WebPage\",\"@id\":\"https:\\\/\\\/www.destrancheesauxbarricades.com\\\/index.php\\\/product\\\/lance-flammes-de-la-resistance-polonaise\\\/\",\"url\":\"https:\\\/\\\/www.destrancheesauxbarricades.com\\\/index.php\\\/product\\\/lance-flammes-de-la-resistance-polonaise\\\/\",\"name\":\"Lance flammes de la r\u00e9sistance polonaise - Des tranch\u00e9es aux barricades\",\"isPartOf\":{\"@id\":\"https:\\\/\\\/www.destrancheesauxbarricades.com\\\/#website\"},\"primaryImageOfPage\":{\"@id\":\"https:\\\/\\\/www.destrancheesauxbarricades.com\\\/index.php\\\/product\\\/lance-flammes-de-la-resistance-polonaise\\\/#primaryimage\"},\"image\":{\"@id\":\"https:\\\/\\\/www.destrancheesauxbarricades.com\\\/index.php\\\/product\\\/lance-flammes-de-la-resistance-polonaise\\\/#primaryimage\"},\"thumbnailUrl\":\"https:\\\/\\\/www.destrancheesauxbarricades.com\\\/wp-content\\\/uploads\\\/2024\\\/08\\\/K-Pattern-Flame-Thrower-logo.jpg\",\"datePublished\":\"2024-08-30T15:32:07+00:00\",\"dateModified\":\"2025-11-06T17:06:41+00:00\",\"breadcrumb\":{\"@id\":\"https:\\\/\\\/www.destrancheesauxbarricades.com\\\/index.php\\\/product\\\/lance-flammes-de-la-resistance-polonaise\\\/#breadcrumb\"},\"inLanguage\":\"fr-FR\",\"potentialAction\":[{\"@type\":\"ReadAction\",\"target\":[\"https:\\\/\\\/www.destrancheesauxbarricades.com\\\/index.php\\\/product\\\/lance-flammes-de-la-resistance-polonaise\\\/\"]}]},{\"@type\":\"ImageObject\",\"inLanguage\":\"fr-FR\",\"@id\":\"https:\\\/\\\/www.destrancheesauxbarricades.com\\\/index.php\\\/product\\\/lance-flammes-de-la-resistance-polonaise\\\/#primaryimage\",\"url\":\"https:\\\/\\\/www.destrancheesauxbarricades.com\\\/wp-content\\\/uploads\\\/2024\\\/08\\\/K-Pattern-Flame-Thrower-logo.jpg\",\"contentUrl\":\"https:\\\/\\\/www.destrancheesauxbarricades.com\\\/wp-content\\\/uploads\\\/2024\\\/08\\\/K-Pattern-Flame-Thrower-logo.jpg\",\"width\":2010,\"height\":1842,\"caption\":\"OLYMPUS DIGITAL CAMERA\"},{\"@type\":\"BreadcrumbList\",\"@id\":\"https:\\\/\\\/www.destrancheesauxbarricades.com\\\/index.php\\\/product\\\/lance-flammes-de-la-resistance-polonaise\\\/#breadcrumb\",\"itemListElement\":[{\"@type\":\"ListItem\",\"position\":1,\"name\":\"Accueil\",\"item\":\"https:\\\/\\\/www.destrancheesauxbarricades.com\\\/\"},{\"@type\":\"ListItem\",\"position\":2,\"name\":\"Shop\",\"item\":\"https:\\\/\\\/www.destrancheesauxbarricades.com\\\/index.php\\\/shop\\\/\"},{\"@type\":\"ListItem\",\"position\":3,\"name\":\"Lance flammes de la r\u00e9sistance polonaise\"}]},{\"@type\":\"WebSite\",\"@id\":\"https:\\\/\\\/www.destrancheesauxbarricades.com\\\/#website\",\"url\":\"https:\\\/\\\/www.destrancheesauxbarricades.com\\\/\",\"name\":\"Des tranch\u00e9es aux barricades\",\"description\":\"Jeu d&#039;escarmouches au d\u00e9but du XXe si\u00e8cle\",\"potentialAction\":[{\"@type\":\"SearchAction\",\"target\":{\"@type\":\"EntryPoint\",\"urlTemplate\":\"https:\\\/\\\/www.destrancheesauxbarricades.com\\\/?s={search_term_string}\"},\"query-input\":{\"@type\":\"PropertyValueSpecification\",\"valueRequired\":true,\"valueName\":\"search_term_string\"}}],\"inLanguage\":\"fr-FR\"}]}<\/script>\n<!-- \/ Yoast SEO plugin. -->","yoast_head_json":{"title":"Lance flammes de la r\u00e9sistance polonaise - Des tranch\u00e9es aux barricades","robots":{"index":"index","follow":"follow","max-snippet":"max-snippet:-1","max-image-preview":"max-image-preview:large","max-video-preview":"max-video-preview:-1"},"canonical":"https:\/\/www.destrancheesauxbarricades.com\/index.php\/product\/lance-flammes-de-la-resistance-polonaise\/","og_locale":"fr_FR","og_type":"article","og_title":"Lance flammes de la r\u00e9sistance polonaise - Des tranch\u00e9es aux barricades","og_description":"[fsl-progress-bar]  Lance flammes K Pattern polonais","og_url":"https:\/\/www.destrancheesauxbarricades.com\/index.php\/product\/lance-flammes-de-la-resistance-polonaise\/","og_site_name":"Des tranch\u00e9es aux barricades","article_modified_time":"2025-11-06T17:06:41+00:00","og_image":[{"width":2010,"height":1842,"url":"https:\/\/www.destrancheesauxbarricades.com\/wp-content\/uploads\/2024\/08\/K-Pattern-Flame-Thrower-logo.jpg","type":"image\/jpeg"}],"twitter_card":"summary_large_image","twitter_misc":{"Dur\u00e9e de lecture estim\u00e9e":"2 minutes"},"schema":{"@context":"https:\/\/schema.org","@graph":[{"@type":"WebPage","@id":"https:\/\/www.destrancheesauxbarricades.com\/index.php\/product\/lance-flammes-de-la-resistance-polonaise\/","url":"https:\/\/www.destrancheesauxbarricades.com\/index.php\/product\/lance-flammes-de-la-resistance-polonaise\/","name":"Lance flammes de la r\u00e9sistance polonaise - Des tranch\u00e9es aux barricades","isPartOf":{"@id":"https:\/\/www.destrancheesauxbarricades.com\/#website"},"primaryImageOfPage":{"@id":"https:\/\/www.destrancheesauxbarricades.com\/index.php\/product\/lance-flammes-de-la-resistance-polonaise\/#primaryimage"},"image":{"@id":"https:\/\/www.destrancheesauxbarricades.com\/index.php\/product\/lance-flammes-de-la-resistance-polonaise\/#primaryimage"},"thumbnailUrl":"https:\/\/www.destrancheesauxbarricades.com\/wp-content\/uploads\/2024\/08\/K-Pattern-Flame-Thrower-logo.jpg","datePublished":"2024-08-30T15:32:07+00:00","dateModified":"2025-11-06T17:06:41+00:00","breadcrumb":{"@id":"https:\/\/www.destrancheesauxbarricades.com\/index.php\/product\/lance-flammes-de-la-resistance-polonaise\/#breadcrumb"},"inLanguage":"fr-FR","potentialAction":[{"@type":"ReadAction","target":["https:\/\/www.destrancheesauxbarricades.com\/index.php\/product\/lance-flammes-de-la-resistance-polonaise\/"]}]},{"@type":"ImageObject","inLanguage":"fr-FR","@id":"https:\/\/www.destrancheesauxbarricades.com\/index.php\/product\/lance-flammes-de-la-resistance-polonaise\/#primaryimage","url":"https:\/\/www.destrancheesauxbarricades.com\/wp-content\/uploads\/2024\/08\/K-Pattern-Flame-Thrower-logo.jpg","contentUrl":"https:\/\/www.destrancheesauxbarricades.com\/wp-content\/uploads\/2024\/08\/K-Pattern-Flame-Thrower-logo.jpg","width":2010,"height":1842,"caption":"OLYMPUS DIGITAL CAMERA"},{"@type":"BreadcrumbList","@id":"https:\/\/www.destrancheesauxbarricades.com\/index.php\/product\/lance-flammes-de-la-resistance-polonaise\/#breadcrumb","itemListElement":[{"@type":"ListItem","position":1,"name":"Accueil","item":"https:\/\/www.destrancheesauxbarricades.com\/"},{"@type":"ListItem","position":2,"name":"Shop","item":"https:\/\/www.destrancheesauxbarricades.com\/index.php\/shop\/"},{"@type":"ListItem","position":3,"name":"Lance flammes de la r\u00e9sistance polonaise"}]},{"@type":"WebSite","@id":"https:\/\/www.destrancheesauxbarricades.com\/#website","url":"https:\/\/www.destrancheesauxbarricades.com\/","name":"Des tranch\u00e9es aux barricades","description":"Jeu d&#039;escarmouches au d\u00e9but du XXe si\u00e8cle","potentialAction":[{"@type":"SearchAction","target":{"@type":"EntryPoint","urlTemplate":"https:\/\/www.destrancheesauxbarricades.com\/?s={search_term_string}"},"query-input":{"@type":"PropertyValueSpecification","valueRequired":true,"valueName":"search_term_string"}}],"inLanguage":"fr-FR"}]}},"jetpack_sharing_enabled":true,"_links":{"self":[{"href":"https:\/\/www.destrancheesauxbarricades.com\/index.php\/wp-json\/wp\/v2\/product\/11305","targetHints":{"allow":["GET"]}}],"collection":[{"href":"https:\/\/www.destrancheesauxbarricades.com\/index.php\/wp-json\/wp\/v2\/product"}],"about":[{"href":"https:\/\/www.destrancheesauxbarricades.com\/index.php\/wp-json\/wp\/v2\/types\/product"}],"version-history":[{"count":1,"href":"https:\/\/www.destrancheesauxbarricades.com\/index.php\/wp-json\/wp\/v2\/product\/11305\/revisions"}],"predecessor-version":[{"id":14024,"href":"https:\/\/www.destrancheesauxbarricades.com\/index.php\/wp-json\/wp\/v2\/product\/11305\/revisions\/14024"}],"wp:featuredmedia":[{"embeddable":true,"href":"https:\/\/www.destrancheesauxbarricades.com\/index.php\/wp-json\/wp\/v2\/media\/11306"}],"wp:attachment":[{"href":"https:\/\/www.destrancheesauxbarricades.com\/index.php\/wp-json\/wp\/v2\/media?parent=11305"}],"wp:term":[{"taxonomy":"product_brand","embeddable":true,"href":"https:\/\/www.destrancheesauxbarricades.com\/index.php\/wp-json\/wp\/v2\/product_brand?post=11305"},{"taxonomy":"product_cat","embeddable":true,"href":"https:\/\/www.destrancheesauxbarricades.com\/index.php\/wp-json\/wp\/v2\/product_cat?post=11305"},{"taxonomy":"product_tag","embeddable":true,"href":"https:\/\/www.destrancheesauxbarricades.com\/index.php\/wp-json\/wp\/v2\/product_tag?post=11305"}],"curies":[{"name":"wp","href":"https:\/\/api.w.org\/{rel}","templated":true}]}}