{"id":10962,"date":"2024-06-16T18:55:26","date_gmt":"2024-06-16T18:55:26","guid":{"rendered":"https:\/\/www.destrancheesauxbarricades.com\/?post_type=product&#038;p=10962"},"modified":"2024-12-01T17:34:44","modified_gmt":"2024-12-01T17:34:44","slug":"paul-von-lettow-vorbeck-et-son-askari-stl","status":"publish","type":"product","link":"https:\/\/www.destrancheesauxbarricades.com\/index.php\/product\/paul-von-lettow-vorbeck-et-son-askari-stl\/","title":{"rendered":"Paul von Lettow-Vorbeck et son askari (STL)"},"content":{"rendered":"<div dir=\"auto\">\n<p>H\u00e9ros invaincu de l&rsquo;Afrique de l&rsquo;Est, le g\u00e9n\u00e9ral von Lettow-Vorbeck d\u00e9file triomphalement \u00e0 Berlin en 1919, avant de rejoindre les rangs des Freikorps, toujours accompagn\u00e9 de son fid\u00e8le askari.<\/p>\n<p>La figurine de l&rsquo;askari est livr\u00e9e avec deux mod\u00e8les de couvre-chefs de mani\u00e8re \u00e0 pouvoir repr\u00e9senter la sc\u00e9nette \u00e0 Berlin ou en Afrique.<\/p>\n<\/div>\n<div dir=\"auto\"><\/div>\n<div dir=\"auto\">Fichiers STL et version support\u00e9e.<\/div>\n<div dir=\"auto\"><\/div>\n<div dir=\"auto\">\n<p>\u00c9chelle 32\/28 mm. Compatible 20 mm.<br \/>\nPour une impression \u00e0 l&rsquo;\u00e9chelle 28 mm, impression \u00e0 95 %, pour une impression \u00e0 l&rsquo;\u00e9chelle 20 mm, impression \u00e0 65 %<\/p>\n<p>Sculpt\u00e9 par Greg Girault<\/p>\n<p>L&rsquo;achat de ces fichiers vous donne le droit de les utiliser uniquement pour votre usage personnel. La redistribution des fichiers ou des impressions physiques n&rsquo;est pas autoris\u00e9e. Les fichiers ne peuvent pas \u00eatre convertis ou faire partie d&rsquo;un nouveau mod\u00e8le vendu.<\/p>\n<p>Figurines peintes par <a href=\"http:\/\/figurinesfred.free.fr\/\">Figurines Fred<\/a>.<\/p>\n<\/div>\n","protected":false},"excerpt":{"rendered":"<p>[fsl-progress-bar]<\/p>\n<p>Rosa Luxembourg et ses compagnons<\/p>\n","protected":false},"featured_media":10964,"template":"","meta":{"_monsterinsights_skip_tracking":false,"_monsterinsights_sitenote_active":false,"_monsterinsights_sitenote_note":"","_monsterinsights_sitenote_category":0},"product_brand":[],"product_cat":[141,159,137,134],"product_tag":[],"class_list":{"0":"post-10962","1":"product","2":"type-product","3":"status-publish","4":"has-post-thumbnail","6":"product_cat-allemagne-1918-1923","7":"product_cat-des-tranchees-aux-barricades","8":"product_cat-premiere-guerre-mondiale","9":"product_cat-stl","12":"first","13":"instock","14":"downloadable","15":"virtual","16":"purchasable","17":"product-type-simple"},"yoast_head":"<!-- This site is optimized with the Yoast SEO plugin v27.4 - https:\/\/yoast.com\/product\/yoast-seo-wordpress\/ -->\n<title>Paul von Lettow-Vorbeck et son askari (STL) - Des tranch\u00e9es aux barricades<\/title>\n<meta name=\"robots\" content=\"index, follow, max-snippet:-1, max-image-preview:large, max-video-preview:-1\" \/>\n<link rel=\"canonical\" href=\"https:\/\/www.destrancheesauxbarricades.com\/index.php\/product\/paul-von-lettow-vorbeck-et-son-askari-stl\/\" \/>\n<meta property=\"og:locale\" content=\"fr_FR\" \/>\n<meta property=\"og:type\" content=\"article\" \/>\n<meta property=\"og:title\" content=\"Paul von Lettow-Vorbeck et son askari (STL) - Des tranch\u00e9es aux barricades\" \/>\n<meta property=\"og:description\" content=\"[fsl-progress-bar]  Rosa Luxembourg et ses compagnons\" \/>\n<meta property=\"og:url\" content=\"https:\/\/www.destrancheesauxbarricades.com\/index.php\/product\/paul-von-lettow-vorbeck-et-son-askari-stl\/\" \/>\n<meta property=\"og:site_name\" content=\"Des tranch\u00e9es aux barricades\" \/>\n<meta property=\"article:modified_time\" content=\"2024-12-01T17:34:44+00:00\" \/>\n<meta property=\"og:image\" content=\"https:\/\/www.destrancheesauxbarricades.com\/wp-content\/uploads\/2024\/06\/ZBrush-Document.jpg\" \/>\n\t<meta property=\"og:image:width\" content=\"777\" \/>\n\t<meta property=\"og:image:height\" content=\"766\" \/>\n\t<meta property=\"og:image:type\" content=\"image\/jpeg\" \/>\n<meta name=\"twitter:card\" content=\"summary_large_image\" \/>\n<meta name=\"twitter:label1\" content=\"Dur\u00e9e de lecture estim\u00e9e\" \/>\n\t<meta name=\"twitter:data1\" content=\"1 minute\" \/>\n<script type=\"application\/ld+json\" class=\"yoast-schema-graph\">{\"@context\":\"https:\\\/\\\/schema.org\",\"@graph\":[{\"@type\":\"WebPage\",\"@id\":\"https:\\\/\\\/www.destrancheesauxbarricades.com\\\/index.php\\\/product\\\/paul-von-lettow-vorbeck-et-son-askari-stl\\\/\",\"url\":\"https:\\\/\\\/www.destrancheesauxbarricades.com\\\/index.php\\\/product\\\/paul-von-lettow-vorbeck-et-son-askari-stl\\\/\",\"name\":\"Paul von Lettow-Vorbeck et son askari (STL) - Des tranch\u00e9es aux barricades\",\"isPartOf\":{\"@id\":\"http:\\\/\\\/www.destrancheesauxbarricades.com\\\/#website\"},\"primaryImageOfPage\":{\"@id\":\"https:\\\/\\\/www.destrancheesauxbarricades.com\\\/index.php\\\/product\\\/paul-von-lettow-vorbeck-et-son-askari-stl\\\/#primaryimage\"},\"image\":{\"@id\":\"https:\\\/\\\/www.destrancheesauxbarricades.com\\\/index.php\\\/product\\\/paul-von-lettow-vorbeck-et-son-askari-stl\\\/#primaryimage\"},\"thumbnailUrl\":\"https:\\\/\\\/www.destrancheesauxbarricades.com\\\/wp-content\\\/uploads\\\/2024\\\/06\\\/ZBrush-Document.jpg\",\"datePublished\":\"2024-06-16T18:55:26+00:00\",\"dateModified\":\"2024-12-01T17:34:44+00:00\",\"breadcrumb\":{\"@id\":\"https:\\\/\\\/www.destrancheesauxbarricades.com\\\/index.php\\\/product\\\/paul-von-lettow-vorbeck-et-son-askari-stl\\\/#breadcrumb\"},\"inLanguage\":\"fr-FR\",\"potentialAction\":[{\"@type\":\"ReadAction\",\"target\":[\"https:\\\/\\\/www.destrancheesauxbarricades.com\\\/index.php\\\/product\\\/paul-von-lettow-vorbeck-et-son-askari-stl\\\/\"]}]},{\"@type\":\"ImageObject\",\"inLanguage\":\"fr-FR\",\"@id\":\"https:\\\/\\\/www.destrancheesauxbarricades.com\\\/index.php\\\/product\\\/paul-von-lettow-vorbeck-et-son-askari-stl\\\/#primaryimage\",\"url\":\"https:\\\/\\\/www.destrancheesauxbarricades.com\\\/wp-content\\\/uploads\\\/2024\\\/06\\\/ZBrush-Document.jpg\",\"contentUrl\":\"https:\\\/\\\/www.destrancheesauxbarricades.com\\\/wp-content\\\/uploads\\\/2024\\\/06\\\/ZBrush-Document.jpg\",\"width\":777,\"height\":766},{\"@type\":\"BreadcrumbList\",\"@id\":\"https:\\\/\\\/www.destrancheesauxbarricades.com\\\/index.php\\\/product\\\/paul-von-lettow-vorbeck-et-son-askari-stl\\\/#breadcrumb\",\"itemListElement\":[{\"@type\":\"ListItem\",\"position\":1,\"name\":\"Accueil\",\"item\":\"http:\\\/\\\/www.destrancheesauxbarricades.com\\\/\"},{\"@type\":\"ListItem\",\"position\":2,\"name\":\"Shop\",\"item\":\"https:\\\/\\\/www.destrancheesauxbarricades.com\\\/index.php\\\/shop\\\/\"},{\"@type\":\"ListItem\",\"position\":3,\"name\":\"Paul von Lettow-Vorbeck et son askari (STL)\"}]},{\"@type\":\"WebSite\",\"@id\":\"http:\\\/\\\/www.destrancheesauxbarricades.com\\\/#website\",\"url\":\"http:\\\/\\\/www.destrancheesauxbarricades.com\\\/\",\"name\":\"Des tranch\u00e9es aux barricades\",\"description\":\"Jeu d&#039;escarmouches au d\u00e9but du XXe si\u00e8cle\",\"potentialAction\":[{\"@type\":\"SearchAction\",\"target\":{\"@type\":\"EntryPoint\",\"urlTemplate\":\"http:\\\/\\\/www.destrancheesauxbarricades.com\\\/?s={search_term_string}\"},\"query-input\":{\"@type\":\"PropertyValueSpecification\",\"valueRequired\":true,\"valueName\":\"search_term_string\"}}],\"inLanguage\":\"fr-FR\"}]}<\/script>\n<!-- \/ Yoast SEO plugin. -->","yoast_head_json":{"title":"Paul von Lettow-Vorbeck et son askari (STL) - Des tranch\u00e9es aux barricades","robots":{"index":"index","follow":"follow","max-snippet":"max-snippet:-1","max-image-preview":"max-image-preview:large","max-video-preview":"max-video-preview:-1"},"canonical":"https:\/\/www.destrancheesauxbarricades.com\/index.php\/product\/paul-von-lettow-vorbeck-et-son-askari-stl\/","og_locale":"fr_FR","og_type":"article","og_title":"Paul von Lettow-Vorbeck et son askari (STL) - Des tranch\u00e9es aux barricades","og_description":"[fsl-progress-bar]  Rosa Luxembourg et ses compagnons","og_url":"https:\/\/www.destrancheesauxbarricades.com\/index.php\/product\/paul-von-lettow-vorbeck-et-son-askari-stl\/","og_site_name":"Des tranch\u00e9es aux barricades","article_modified_time":"2024-12-01T17:34:44+00:00","og_image":[{"width":777,"height":766,"url":"https:\/\/www.destrancheesauxbarricades.com\/wp-content\/uploads\/2024\/06\/ZBrush-Document.jpg","type":"image\/jpeg"}],"twitter_card":"summary_large_image","twitter_misc":{"Dur\u00e9e de lecture estim\u00e9e":"1 minute"},"schema":{"@context":"https:\/\/schema.org","@graph":[{"@type":"WebPage","@id":"https:\/\/www.destrancheesauxbarricades.com\/index.php\/product\/paul-von-lettow-vorbeck-et-son-askari-stl\/","url":"https:\/\/www.destrancheesauxbarricades.com\/index.php\/product\/paul-von-lettow-vorbeck-et-son-askari-stl\/","name":"Paul von Lettow-Vorbeck et son askari (STL) - Des tranch\u00e9es aux barricades","isPartOf":{"@id":"http:\/\/www.destrancheesauxbarricades.com\/#website"},"primaryImageOfPage":{"@id":"https:\/\/www.destrancheesauxbarricades.com\/index.php\/product\/paul-von-lettow-vorbeck-et-son-askari-stl\/#primaryimage"},"image":{"@id":"https:\/\/www.destrancheesauxbarricades.com\/index.php\/product\/paul-von-lettow-vorbeck-et-son-askari-stl\/#primaryimage"},"thumbnailUrl":"https:\/\/www.destrancheesauxbarricades.com\/wp-content\/uploads\/2024\/06\/ZBrush-Document.jpg","datePublished":"2024-06-16T18:55:26+00:00","dateModified":"2024-12-01T17:34:44+00:00","breadcrumb":{"@id":"https:\/\/www.destrancheesauxbarricades.com\/index.php\/product\/paul-von-lettow-vorbeck-et-son-askari-stl\/#breadcrumb"},"inLanguage":"fr-FR","potentialAction":[{"@type":"ReadAction","target":["https:\/\/www.destrancheesauxbarricades.com\/index.php\/product\/paul-von-lettow-vorbeck-et-son-askari-stl\/"]}]},{"@type":"ImageObject","inLanguage":"fr-FR","@id":"https:\/\/www.destrancheesauxbarricades.com\/index.php\/product\/paul-von-lettow-vorbeck-et-son-askari-stl\/#primaryimage","url":"https:\/\/www.destrancheesauxbarricades.com\/wp-content\/uploads\/2024\/06\/ZBrush-Document.jpg","contentUrl":"https:\/\/www.destrancheesauxbarricades.com\/wp-content\/uploads\/2024\/06\/ZBrush-Document.jpg","width":777,"height":766},{"@type":"BreadcrumbList","@id":"https:\/\/www.destrancheesauxbarricades.com\/index.php\/product\/paul-von-lettow-vorbeck-et-son-askari-stl\/#breadcrumb","itemListElement":[{"@type":"ListItem","position":1,"name":"Accueil","item":"http:\/\/www.destrancheesauxbarricades.com\/"},{"@type":"ListItem","position":2,"name":"Shop","item":"https:\/\/www.destrancheesauxbarricades.com\/index.php\/shop\/"},{"@type":"ListItem","position":3,"name":"Paul von Lettow-Vorbeck et son askari (STL)"}]},{"@type":"WebSite","@id":"http:\/\/www.destrancheesauxbarricades.com\/#website","url":"http:\/\/www.destrancheesauxbarricades.com\/","name":"Des tranch\u00e9es aux barricades","description":"Jeu d&#039;escarmouches au d\u00e9but du XXe si\u00e8cle","potentialAction":[{"@type":"SearchAction","target":{"@type":"EntryPoint","urlTemplate":"http:\/\/www.destrancheesauxbarricades.com\/?s={search_term_string}"},"query-input":{"@type":"PropertyValueSpecification","valueRequired":true,"valueName":"search_term_string"}}],"inLanguage":"fr-FR"}]}},"jetpack_sharing_enabled":true,"_links":{"self":[{"href":"https:\/\/www.destrancheesauxbarricades.com\/index.php\/wp-json\/wp\/v2\/product\/10962","targetHints":{"allow":["GET"]}}],"collection":[{"href":"https:\/\/www.destrancheesauxbarricades.com\/index.php\/wp-json\/wp\/v2\/product"}],"about":[{"href":"https:\/\/www.destrancheesauxbarricades.com\/index.php\/wp-json\/wp\/v2\/types\/product"}],"version-history":[{"count":1,"href":"https:\/\/www.destrancheesauxbarricades.com\/index.php\/wp-json\/wp\/v2\/product\/10962\/revisions"}],"predecessor-version":[{"id":11244,"href":"https:\/\/www.destrancheesauxbarricades.com\/index.php\/wp-json\/wp\/v2\/product\/10962\/revisions\/11244"}],"wp:featuredmedia":[{"embeddable":true,"href":"https:\/\/www.destrancheesauxbarricades.com\/index.php\/wp-json\/wp\/v2\/media\/10964"}],"wp:attachment":[{"href":"https:\/\/www.destrancheesauxbarricades.com\/index.php\/wp-json\/wp\/v2\/media?parent=10962"}],"wp:term":[{"taxonomy":"product_brand","embeddable":true,"href":"https:\/\/www.destrancheesauxbarricades.com\/index.php\/wp-json\/wp\/v2\/product_brand?post=10962"},{"taxonomy":"product_cat","embeddable":true,"href":"https:\/\/www.destrancheesauxbarricades.com\/index.php\/wp-json\/wp\/v2\/product_cat?post=10962"},{"taxonomy":"product_tag","embeddable":true,"href":"https:\/\/www.destrancheesauxbarricades.com\/index.php\/wp-json\/wp\/v2\/product_tag?post=10962"}],"curies":[{"name":"wp","href":"https:\/\/api.w.org\/{rel}","templated":true}]}}