{"id":10499,"date":"2024-03-11T17:39:57","date_gmt":"2024-03-11T17:39:57","guid":{"rendered":"https:\/\/www.destrancheesauxbarricades.com\/?post_type=product&#038;p=10499"},"modified":"2024-12-01T20:36:22","modified_gmt":"2024-12-01T20:36:22","slug":"set-de-commandement-des-chasseurs-dafrique-stl","status":"publish","type":"product","link":"https:\/\/www.destrancheesauxbarricades.com\/index.php\/product\/set-de-commandement-des-chasseurs-dafrique-stl\/","title":{"rendered":"Set de commandement des Chasseurs d&rsquo;Afrique  (STL)"},"content":{"rendered":"<p>Cavaliers fran\u00e7ais pour les th\u00e9\u00e2tres du Moyen-Orient et de l&rsquo;Afrique du Nord pendant la Premi\u00e8re Guerre mondiale et l&rsquo;entre-deux-guerres : la campagne de Gallipoli, la r\u00e9volte arabe, la guerre franco-turque, la guerre franco-syrienne, la grande r\u00e9volte syrienne, la Guerre du Rif&#8230; La plupart des figurines permettront m\u00eame d&rsquo;incarner les troupes fran\u00e7aises lors de l&rsquo;Op\u00e9ration Exportateur en 1941.<\/p>\n<p>Ce pack de fichiers STL comprend :<\/p>\n<p>1 Officier des \u00ab\u00a0Chasseurs d&rsquo;Afrique\u00a0\u00bb<\/p>\n<p>1 Trompette des \u00ab\u00a0Chasseurs d&rsquo;Afrique\u00a0\u00bb<\/p>\n<p>6 t\u00eates s\u00e9par\u00e9es diff\u00e9rentes avec couvre-casques.<\/p>\n<p>(D&rsquo;autres couvre-chefs (Adrian Helmet, cheche, chechia, etc&#8230;) sont disponibles en magasin)<\/p>\n<p>&nbsp;<\/p>\n<p><span class=\"jCAhz ChMk0b\"><span class=\"ryNqvb\">Ce set se compose uniquement de fichiers STL pr\u00e9-support\u00e9s (.chitubox) et non support\u00e9s (.STL).<\/span><\/span><\/p>\n<p><span class=\"jCAhz ChMk0b\"><span class=\"ryNqvb\">Ces fichiers sont destin\u00e9s \u00e0 un usage personnel, domestique et non commercial uniquement et ne peuvent pas \u00eatre partag\u00e9s avec d&rsquo;autres.<\/span><\/span> <span class=\"jCAhz ChMk0b\"><span class=\"ryNqvb\">Les fichiers, impressions de fichiers ou d\u00e9riv\u00e9s de ceux-ci ne peuvent en aucun cas \u00eatre redistribu\u00e9s ou partag\u00e9s.<\/span><\/span><\/p>\n<p>&nbsp;<\/p>\n<p>&nbsp;<\/p>\n<p>&nbsp;<\/p>\n","protected":false},"excerpt":{"rendered":"<p>[fsl-progress-bar]<\/p>\n<p>Fichiers STL et pr\u00e9 support\u00e9s vous permettant d&rsquo;imprimer un Officier des Chasseurs d&rsquo;Afrique et son trompettiste.<\/p>\n","protected":false},"featured_media":10488,"template":"","meta":{"_monsterinsights_skip_tracking":false,"_monsterinsights_sitenote_active":false,"_monsterinsights_sitenote_note":"","_monsterinsights_sitenote_category":0},"product_brand":[],"product_cat":[139,159,137,142,134],"product_tag":[],"class_list":{"0":"post-10499","1":"product","2":"type-product","3":"status-publish","4":"has-post-thumbnail","6":"product_cat-armee-du-levant","7":"product_cat-des-tranchees-aux-barricades","8":"product_cat-premiere-guerre-mondiale","9":"product_cat-seconde-guerre-mondiale","10":"product_cat-stl","13":"first","14":"instock","15":"downloadable","16":"virtual","17":"purchasable","18":"product-type-simple"},"yoast_head":"<!-- This site is optimized with the Yoast SEO plugin v27.4 - https:\/\/yoast.com\/product\/yoast-seo-wordpress\/ -->\n<title>Set de commandement des Chasseurs d&#039;Afrique (STL) - Des tranch\u00e9es aux barricades<\/title>\n<meta name=\"robots\" content=\"index, follow, max-snippet:-1, max-image-preview:large, max-video-preview:-1\" \/>\n<link rel=\"canonical\" href=\"http:\/\/www.destrancheesauxbarricades.com\/index.php\/product\/set-de-commandement-des-chasseurs-dafrique-stl\/\" \/>\n<meta property=\"og:locale\" content=\"fr_FR\" \/>\n<meta property=\"og:type\" content=\"article\" \/>\n<meta property=\"og:title\" content=\"Set de commandement des Chasseurs d&#039;Afrique (STL) - Des tranch\u00e9es aux barricades\" \/>\n<meta property=\"og:description\" content=\"[fsl-progress-bar]  Fichiers STL et pr\u00e9 support\u00e9s vous permettant d&#039;imprimer un Officier des Chasseurs d&#039;Afrique et son trompettiste.\" \/>\n<meta property=\"og:url\" content=\"http:\/\/www.destrancheesauxbarricades.com\/index.php\/product\/set-de-commandement-des-chasseurs-dafrique-stl\/\" \/>\n<meta property=\"og:site_name\" content=\"Des tranch\u00e9es aux barricades\" \/>\n<meta property=\"article:modified_time\" content=\"2024-12-01T20:36:22+00:00\" \/>\n<meta property=\"og:image\" content=\"http:\/\/www.destrancheesauxbarricades.com\/wp-content\/uploads\/2023\/12\/em-CdA.jpg\" \/>\n\t<meta property=\"og:image:width\" content=\"847\" \/>\n\t<meta property=\"og:image:height\" content=\"589\" \/>\n\t<meta property=\"og:image:type\" content=\"image\/jpeg\" \/>\n<meta name=\"twitter:card\" content=\"summary_large_image\" \/>\n<meta name=\"twitter:label1\" content=\"Dur\u00e9e de lecture estim\u00e9e\" \/>\n\t<meta name=\"twitter:data1\" content=\"1 minute\" \/>\n<script type=\"application\/ld+json\" class=\"yoast-schema-graph\">{\"@context\":\"https:\\\/\\\/schema.org\",\"@graph\":[{\"@type\":\"WebPage\",\"@id\":\"http:\\\/\\\/www.destrancheesauxbarricades.com\\\/index.php\\\/product\\\/set-de-commandement-des-chasseurs-dafrique-stl\\\/\",\"url\":\"http:\\\/\\\/www.destrancheesauxbarricades.com\\\/index.php\\\/product\\\/set-de-commandement-des-chasseurs-dafrique-stl\\\/\",\"name\":\"Set de commandement des Chasseurs d'Afrique (STL) - Des tranch\u00e9es aux barricades\",\"isPartOf\":{\"@id\":\"http:\\\/\\\/www.destrancheesauxbarricades.com\\\/#website\"},\"primaryImageOfPage\":{\"@id\":\"http:\\\/\\\/www.destrancheesauxbarricades.com\\\/index.php\\\/product\\\/set-de-commandement-des-chasseurs-dafrique-stl\\\/#primaryimage\"},\"image\":{\"@id\":\"http:\\\/\\\/www.destrancheesauxbarricades.com\\\/index.php\\\/product\\\/set-de-commandement-des-chasseurs-dafrique-stl\\\/#primaryimage\"},\"thumbnailUrl\":\"https:\\\/\\\/www.destrancheesauxbarricades.com\\\/wp-content\\\/uploads\\\/2023\\\/12\\\/em-CdA.jpg\",\"datePublished\":\"2024-03-11T17:39:57+00:00\",\"dateModified\":\"2024-12-01T20:36:22+00:00\",\"breadcrumb\":{\"@id\":\"http:\\\/\\\/www.destrancheesauxbarricades.com\\\/index.php\\\/product\\\/set-de-commandement-des-chasseurs-dafrique-stl\\\/#breadcrumb\"},\"inLanguage\":\"fr-FR\",\"potentialAction\":[{\"@type\":\"ReadAction\",\"target\":[\"http:\\\/\\\/www.destrancheesauxbarricades.com\\\/index.php\\\/product\\\/set-de-commandement-des-chasseurs-dafrique-stl\\\/\"]}]},{\"@type\":\"ImageObject\",\"inLanguage\":\"fr-FR\",\"@id\":\"http:\\\/\\\/www.destrancheesauxbarricades.com\\\/index.php\\\/product\\\/set-de-commandement-des-chasseurs-dafrique-stl\\\/#primaryimage\",\"url\":\"https:\\\/\\\/www.destrancheesauxbarricades.com\\\/wp-content\\\/uploads\\\/2023\\\/12\\\/em-CdA.jpg\",\"contentUrl\":\"https:\\\/\\\/www.destrancheesauxbarricades.com\\\/wp-content\\\/uploads\\\/2023\\\/12\\\/em-CdA.jpg\",\"width\":847,\"height\":589},{\"@type\":\"BreadcrumbList\",\"@id\":\"http:\\\/\\\/www.destrancheesauxbarricades.com\\\/index.php\\\/product\\\/set-de-commandement-des-chasseurs-dafrique-stl\\\/#breadcrumb\",\"itemListElement\":[{\"@type\":\"ListItem\",\"position\":1,\"name\":\"Accueil\",\"item\":\"http:\\\/\\\/www.destrancheesauxbarricades.com\\\/\"},{\"@type\":\"ListItem\",\"position\":2,\"name\":\"Shop\",\"item\":\"https:\\\/\\\/www.destrancheesauxbarricades.com\\\/index.php\\\/shop\\\/\"},{\"@type\":\"ListItem\",\"position\":3,\"name\":\"Set de commandement des Chasseurs d&rsquo;Afrique (STL)\"}]},{\"@type\":\"WebSite\",\"@id\":\"http:\\\/\\\/www.destrancheesauxbarricades.com\\\/#website\",\"url\":\"http:\\\/\\\/www.destrancheesauxbarricades.com\\\/\",\"name\":\"Des tranch\u00e9es aux barricades\",\"description\":\"Jeu d&#039;escarmouches au d\u00e9but du XXe si\u00e8cle\",\"potentialAction\":[{\"@type\":\"SearchAction\",\"target\":{\"@type\":\"EntryPoint\",\"urlTemplate\":\"http:\\\/\\\/www.destrancheesauxbarricades.com\\\/?s={search_term_string}\"},\"query-input\":{\"@type\":\"PropertyValueSpecification\",\"valueRequired\":true,\"valueName\":\"search_term_string\"}}],\"inLanguage\":\"fr-FR\"}]}<\/script>\n<!-- \/ Yoast SEO plugin. -->","yoast_head_json":{"title":"Set de commandement des Chasseurs d'Afrique (STL) - Des tranch\u00e9es aux barricades","robots":{"index":"index","follow":"follow","max-snippet":"max-snippet:-1","max-image-preview":"max-image-preview:large","max-video-preview":"max-video-preview:-1"},"canonical":"http:\/\/www.destrancheesauxbarricades.com\/index.php\/product\/set-de-commandement-des-chasseurs-dafrique-stl\/","og_locale":"fr_FR","og_type":"article","og_title":"Set de commandement des Chasseurs d'Afrique (STL) - Des tranch\u00e9es aux barricades","og_description":"[fsl-progress-bar]  Fichiers STL et pr\u00e9 support\u00e9s vous permettant d'imprimer un Officier des Chasseurs d'Afrique et son trompettiste.","og_url":"http:\/\/www.destrancheesauxbarricades.com\/index.php\/product\/set-de-commandement-des-chasseurs-dafrique-stl\/","og_site_name":"Des tranch\u00e9es aux barricades","article_modified_time":"2024-12-01T20:36:22+00:00","og_image":[{"width":847,"height":589,"url":"http:\/\/www.destrancheesauxbarricades.com\/wp-content\/uploads\/2023\/12\/em-CdA.jpg","type":"image\/jpeg"}],"twitter_card":"summary_large_image","twitter_misc":{"Dur\u00e9e de lecture estim\u00e9e":"1 minute"},"schema":{"@context":"https:\/\/schema.org","@graph":[{"@type":"WebPage","@id":"http:\/\/www.destrancheesauxbarricades.com\/index.php\/product\/set-de-commandement-des-chasseurs-dafrique-stl\/","url":"http:\/\/www.destrancheesauxbarricades.com\/index.php\/product\/set-de-commandement-des-chasseurs-dafrique-stl\/","name":"Set de commandement des Chasseurs d'Afrique (STL) - Des tranch\u00e9es aux barricades","isPartOf":{"@id":"http:\/\/www.destrancheesauxbarricades.com\/#website"},"primaryImageOfPage":{"@id":"http:\/\/www.destrancheesauxbarricades.com\/index.php\/product\/set-de-commandement-des-chasseurs-dafrique-stl\/#primaryimage"},"image":{"@id":"http:\/\/www.destrancheesauxbarricades.com\/index.php\/product\/set-de-commandement-des-chasseurs-dafrique-stl\/#primaryimage"},"thumbnailUrl":"https:\/\/www.destrancheesauxbarricades.com\/wp-content\/uploads\/2023\/12\/em-CdA.jpg","datePublished":"2024-03-11T17:39:57+00:00","dateModified":"2024-12-01T20:36:22+00:00","breadcrumb":{"@id":"http:\/\/www.destrancheesauxbarricades.com\/index.php\/product\/set-de-commandement-des-chasseurs-dafrique-stl\/#breadcrumb"},"inLanguage":"fr-FR","potentialAction":[{"@type":"ReadAction","target":["http:\/\/www.destrancheesauxbarricades.com\/index.php\/product\/set-de-commandement-des-chasseurs-dafrique-stl\/"]}]},{"@type":"ImageObject","inLanguage":"fr-FR","@id":"http:\/\/www.destrancheesauxbarricades.com\/index.php\/product\/set-de-commandement-des-chasseurs-dafrique-stl\/#primaryimage","url":"https:\/\/www.destrancheesauxbarricades.com\/wp-content\/uploads\/2023\/12\/em-CdA.jpg","contentUrl":"https:\/\/www.destrancheesauxbarricades.com\/wp-content\/uploads\/2023\/12\/em-CdA.jpg","width":847,"height":589},{"@type":"BreadcrumbList","@id":"http:\/\/www.destrancheesauxbarricades.com\/index.php\/product\/set-de-commandement-des-chasseurs-dafrique-stl\/#breadcrumb","itemListElement":[{"@type":"ListItem","position":1,"name":"Accueil","item":"http:\/\/www.destrancheesauxbarricades.com\/"},{"@type":"ListItem","position":2,"name":"Shop","item":"https:\/\/www.destrancheesauxbarricades.com\/index.php\/shop\/"},{"@type":"ListItem","position":3,"name":"Set de commandement des Chasseurs d&rsquo;Afrique (STL)"}]},{"@type":"WebSite","@id":"http:\/\/www.destrancheesauxbarricades.com\/#website","url":"http:\/\/www.destrancheesauxbarricades.com\/","name":"Des tranch\u00e9es aux barricades","description":"Jeu d&#039;escarmouches au d\u00e9but du XXe si\u00e8cle","potentialAction":[{"@type":"SearchAction","target":{"@type":"EntryPoint","urlTemplate":"http:\/\/www.destrancheesauxbarricades.com\/?s={search_term_string}"},"query-input":{"@type":"PropertyValueSpecification","valueRequired":true,"valueName":"search_term_string"}}],"inLanguage":"fr-FR"}]}},"jetpack_sharing_enabled":true,"_links":{"self":[{"href":"https:\/\/www.destrancheesauxbarricades.com\/index.php\/wp-json\/wp\/v2\/product\/10499","targetHints":{"allow":["GET"]}}],"collection":[{"href":"https:\/\/www.destrancheesauxbarricades.com\/index.php\/wp-json\/wp\/v2\/product"}],"about":[{"href":"https:\/\/www.destrancheesauxbarricades.com\/index.php\/wp-json\/wp\/v2\/types\/product"}],"version-history":[{"count":0,"href":"https:\/\/www.destrancheesauxbarricades.com\/index.php\/wp-json\/wp\/v2\/product\/10499\/revisions"}],"wp:featuredmedia":[{"embeddable":true,"href":"https:\/\/www.destrancheesauxbarricades.com\/index.php\/wp-json\/wp\/v2\/media\/10488"}],"wp:attachment":[{"href":"https:\/\/www.destrancheesauxbarricades.com\/index.php\/wp-json\/wp\/v2\/media?parent=10499"}],"wp:term":[{"taxonomy":"product_brand","embeddable":true,"href":"https:\/\/www.destrancheesauxbarricades.com\/index.php\/wp-json\/wp\/v2\/product_brand?post=10499"},{"taxonomy":"product_cat","embeddable":true,"href":"https:\/\/www.destrancheesauxbarricades.com\/index.php\/wp-json\/wp\/v2\/product_cat?post=10499"},{"taxonomy":"product_tag","embeddable":true,"href":"https:\/\/www.destrancheesauxbarricades.com\/index.php\/wp-json\/wp\/v2\/product_tag?post=10499"}],"curies":[{"name":"wp","href":"https:\/\/api.w.org\/{rel}","templated":true}]}}