{"id":211,"date":"2012-10-19T12:37:15","date_gmt":"2012-10-19T12:37:15","guid":{"rendered":"http:\/\/template-demos.com\/wp\/WP01\/WP010005\/?page_id=2"},"modified":"2012-10-19T12:37:15","modified_gmt":"2012-10-19T12:37:15","slug":"about-us","status":"publish","type":"page","link":"https:\/\/www.destrancheesauxbarricades.com\/index.php\/about-us\/","title":{"rendered":"About Us"},"content":{"rendered":"<p>[vc_row el_class=\u00a0\u00bbcustom-content-main\u00a0\u00bb css=\u00a0\u00bb.vc_custom_1487831184464{margin-bottom: 30px !important;}\u00a0\u00bb][vc_column][vc_row_inner][vc_column_inner css=\u00a0\u00bb.vc_custom_1536744049561{margin-bottom: 30px !important;}\u00a0\u00bb]<div class=\"static-text-container center\"><div class=\"text\">Lorem ipsum dolor sit amet, consectetur adipiscing elit, sed do eiusmod tempor incididunt ut labore et dolore magna aliqua. Ut enim ad minim veniam, quis nostrud exercitation ullamco laboris nisi ut aliquip ex ea commodo consequat. Duis aute irure dolor in reprehenderit in voluptate velit esse cillum dolore eu fugiat nulla pariatur. Excepteur sint occaecat cupidatat non proident, sunt in culpa en.<\/div><\/div>[\/vc_column_inner][\/vc_row_inner][vc_gallery type=\u00a0\u00bbnivo\u00a0\u00bb interval=\u00a0\u00bb3&Prime; images=\u00a0\u00bb8368,8366,8360&Prime; img_size=\u00a0\u00bb1200&#215;400&Prime; onclick=\u00a0\u00bb\u00a0\u00bb][\/vc_column][\/vc_row][vc_row el_class=\u00a0\u00bbcustom-content-main\u00a0\u00bb css=\u00a0\u00bb.vc_custom_1487831210976{margin-bottom: 30px !important;padding-top: 30px !important;padding-bottom: 30px !important;background-color: #ffffff !important;}\u00a0\u00bb][vc_column]<div class=\"shortcode-title center \"><h3 class=\"normal-title\">Our Team Member<\/h3><\/div><div id=\"team-posts-products\" class=\"team-posts-content staff-page posts-content\"><div id=\"4_team_carousel\" class=\"team-carousel\"><article class=\"item container first\"><div class=\"single-team container-inner\"><div class=\"staff-image\"><img decoding=\"async\" src=\"https:\/\/www.destrancheesauxbarricades.com\/wp-content\/themes\/elocity\/images\/megnor\/placeholder-600x600_t.png\" title=\"Nemo enim\" alt=\"Nemo enim\" \/><div class=\"staff-image-hover\"><\/div><\/div><div class=\"staff-content\"><div class=\"team-content-box\"><div class=\"staff-position\"><span>Manager<\/span><\/div><div class=\"staff-name\"><a title=\"Nemo enim\" href=\"https:\/\/www.destrancheesauxbarricades.com\/index.php\/staff\/2657\/\" >Nemo enim<\/a><\/div><div class=\"staff-social icon-4\"><a href=\"#\" title=\"Twitter\" class=\"twitter icon\"><i class=\"fa fa-twitter\"><\/i><\/a><a href=\"#\" title=\"Facebook\" class=\"facebook icon\"><i class=\"fa fa-facebook\"><\/i><\/a><a href=\"#\" title=\"Google Plus\" class=\"google-plus icon\"><i class=\"fa fa-google-plus\"><\/i><\/a><a href=\"#\" title=\"Linkedin\" class=\"linkedin icon\"><i class=\"fa fa-linkedin\"><\/i><\/a><\/div><\/div><\/div><\/div><\/article><article class=\"item container\"><div class=\"single-team container-inner\"><div class=\"staff-image\"><img decoding=\"async\" src=\"https:\/\/www.destrancheesauxbarricades.com\/wp-content\/themes\/elocity\/images\/megnor\/placeholder-600x600_t.png\" title=\"Monic Marty\" alt=\"Monic Marty\" \/><div class=\"staff-image-hover\"><\/div><\/div><div class=\"staff-content\"><div class=\"team-content-box\"><div class=\"staff-position\"><span>Assistent<\/span><\/div><div class=\"staff-name\"><a title=\"Monic Marty\" href=\"https:\/\/www.destrancheesauxbarricades.com\/index.php\/staff\/amy-winehouse\/\" >Monic Marty<\/a><\/div><div class=\"staff-social icon-4\"><a href=\"#\" title=\"Youtube\" class=\"youtube icon\"><i class=\"fa fa-youtube\"><\/i><\/a><a href=\"#\" title=\"RSS\" class=\"rss icon\"><i class=\"fa fa-rss\"><\/i><\/a><a href=\"#\" title=\"Pinterest\" class=\"pinterest icon\"><i class=\"fa fa-pinterest\"><\/i><\/a><a href=\"#\" title=\"Skype\" class=\"skype icon\"><i class=\"fa fa-skype\"><\/i><\/a><\/div><\/div><\/div><\/div><\/article><article class=\"item container\"><div class=\"single-team container-inner\"><div class=\"staff-image\"><img decoding=\"async\" src=\"https:\/\/www.destrancheesauxbarricades.com\/wp-content\/themes\/elocity\/images\/megnor\/placeholder-600x600_t.png\" title=\"Vilorano jeo\" alt=\"Vilorano jeo\" \/><div class=\"staff-image-hover\"><\/div><\/div><div class=\"staff-content\"><div class=\"team-content-box\"><div class=\"staff-position\"><span>Designer<\/span><\/div><div class=\"staff-name\"><a title=\"Vilorano jeo\" href=\"https:\/\/www.destrancheesauxbarricades.com\/index.php\/staff\/vilorano-jeo\/\" >Vilorano jeo<\/a><\/div><div class=\"staff-social icon-4\"><a href=\"#\" title=\"Facebook\" class=\"facebook icon\"><i class=\"fa fa-facebook\"><\/i><\/a><a href=\"#\" title=\"Google Plus\" class=\"google-plus icon\"><i class=\"fa fa-google-plus\"><\/i><\/a><a href=\"#\" title=\"Linkedin\" class=\"linkedin icon\"><i class=\"fa fa-linkedin\"><\/i><\/a><a href=\"#\" title=\"Youtube\" class=\"youtube icon\"><i class=\"fa fa-youtube\"><\/i><\/a><\/div><\/div><\/div><\/div><\/article><article class=\"item container last\"><div class=\"single-team container-inner\"><div class=\"staff-image\"><img decoding=\"async\" src=\"https:\/\/www.destrancheesauxbarricades.com\/wp-content\/themes\/elocity\/images\/megnor\/placeholder-600x600_t.png\" title=\"Mark Marley\" alt=\"Mark Marley\" \/><div class=\"staff-image-hover\"><\/div><\/div><div class=\"staff-content\"><div class=\"team-content-box\"><div class=\"staff-position\"><span>CEO<\/span><\/div><div class=\"staff-name\"><a title=\"Mark Marley\" href=\"https:\/\/www.destrancheesauxbarricades.com\/index.php\/staff\/monica-marley\/\" >Mark Marley<\/a><\/div><div class=\"staff-social icon-4\"><a href=\"#\" title=\"Twitter\" class=\"twitter icon\"><i class=\"fa fa-twitter\"><\/i><\/a><a href=\"#\" title=\"Facebook\" class=\"facebook icon\"><i class=\"fa fa-facebook\"><\/i><\/a><a href=\"#\" title=\"Linkedin\" class=\"linkedin icon\"><i class=\"fa fa-linkedin\"><\/i><\/a><a href=\"#\" title=\"Pinterest\" class=\"pinterest icon\"><i class=\"fa fa-pinterest\"><\/i><\/a><\/div><\/div><\/div><\/div><\/article><article class=\"item container first\"><div class=\"single-team container-inner\"><div class=\"staff-image\"><img decoding=\"async\" src=\"https:\/\/www.destrancheesauxbarricades.com\/wp-content\/themes\/elocity\/images\/megnor\/placeholder-600x600_t.png\" title=\"Lili Anderson\" alt=\"Lili Anderson\" \/><div class=\"staff-image-hover\"><\/div><\/div><div class=\"staff-content\"><div class=\"team-content-box\"><div class=\"staff-position\"><span>Manager<\/span><\/div><div class=\"staff-name\"><a title=\"Lili Anderson\" href=\"https:\/\/www.destrancheesauxbarricades.com\/index.php\/staff\/lili-anderson\/\" >Lili Anderson<\/a><\/div><div class=\"staff-social icon-4\"><a href=\"#\" title=\"Twitter\" class=\"twitter icon\"><i class=\"fa fa-twitter\"><\/i><\/a><a href=\"#\" title=\"Facebook\" class=\"facebook icon\"><i class=\"fa fa-facebook\"><\/i><\/a><a href=\"#\" title=\"Google Plus\" class=\"google-plus icon\"><i class=\"fa fa-google-plus\"><\/i><\/a><a href=\"#\" title=\"Linkedin\" class=\"linkedin icon\"><i class=\"fa fa-linkedin\"><\/i><\/a><\/div><\/div><\/div><\/div><\/article><\/div><\/div>[\/vc_column][\/vc_row][vc_row el_class=\u00a0\u00bbcustom-content-main parallex-image\u00a0\u00bb css=\u00a0\u00bb.vc_custom_1536744989387{margin-bottom: 30px !important;padding-top: 30px !important;padding-bottom: 50px !important;background-position: center !important;background-repeat: no-repeat !important;background-size: cover !important;}\u00a0\u00bb][vc_column]<div class=\"shortcode-title center \"><h3 class=\"normal-title\">Megnor History<\/h3><\/div>[vc_row_inner css=\u00a0\u00bb.vc_custom_1553062457730{padding-top: 10px !important;}\u00a0\u00bb][vc_column_inner width=\u00a0\u00bb1\/3&Prime;]<div class=\"service hb-animate-element bottom-to-top style-2\"><div class=\"service-content style-2\"><div class=\"icon\"><i class=\"service-icon fa fa-globe no-background\" style=\"color:#000000;\"><\/i><\/div><div class=\"service-desc\"><div class=\"title service-text\">Easy To Use<\/div><div class=\"description other-font\">We\u2019ve put a lot of thought in giving you the best possible experience to make your job easier.<\/div><\/div><\/div><\/div>[\/vc_column_inner][vc_column_inner width=\u00a0\u00bb1\/3&Prime;]<div class=\"service hb-animate-element bottom-to-top style-2\"><div class=\"service-content style-2\"><div class=\"icon\"><i class=\"service-icon fa fa-comments-o no-background\" style=\"color:#000000;\"><\/i><\/div><div class=\"service-desc\"><div class=\"title service-text\">Outstanding Support<\/div><div class=\"description other-font\">Modules comes fully documented with step by step instructions. access premium support forum.<\/div><\/div><\/div><\/div>[\/vc_column_inner][vc_column_inner width=\u00a0\u00bb1\/3&Prime;]<div class=\"service hb-animate-element bottom-to-top style-2\"><div class=\"service-content style-2\"><div class=\"icon\"><i class=\"service-icon fa fa-heart-o no-background\" style=\"color:#000000;\"><\/i><\/div><div class=\"service-desc\"><div class=\"title service-text\">Simply Beautiful<\/div><div class=\"description other-font\">Our themes are not just nicely coded, they are built to show your visitors how much you care for beauty and for design.<\/div><\/div><\/div><\/div>[\/vc_column_inner][\/vc_row_inner][vc_row_inner][vc_column_inner width=\u00a0\u00bb1\/3&Prime;]<div class=\"service hb-animate-element bottom-to-top style-2\"><div class=\"service-content style-2\"><div class=\"icon\"><i class=\"service-icon fa fa-cube no-background\" style=\"color:#000000;\"><\/i><\/div><div class=\"service-desc\"><div class=\"title service-text\">Careful Crafted<\/div><div class=\"description other-font\">Coded with WordPress best practices in mind, Modules will give you an amazing looking site easier.<\/div><\/div><\/div><\/div>[\/vc_column_inner][vc_column_inner width=\u00a0\u00bb1\/3&Prime;]<div class=\"service hb-animate-element bottom-to-top style-2\"><div class=\"service-content style-2\"><div class=\"icon\"><i class=\"service-icon fa fa-th no-background\" style=\"color:#000000;\"><\/i><\/div><div class=\"service-desc\"><div class=\"title service-text\">20+ Bulilder Module<\/div><div class=\"description other-font\">Create as many modules as you want. Personalize them and build with them your pages.<\/div><\/div><\/div><\/div>[\/vc_column_inner][vc_column_inner width=\u00a0\u00bb1\/3&Prime;]<div class=\"service hb-animate-element bottom-to-top style-2\"><div class=\"service-content style-2\"><div class=\"icon\"><i class=\"service-icon fa fa-play-circle-o no-background\" style=\"color:#000000;\"><\/i><\/div><div class=\"service-desc\"><div class=\"title service-text\">WP Video Training<\/div><div class=\"description other-font\">Enjoy a comprehensive collection of WordPress 101 video tutorials on our membership training area.<\/div><\/div><\/div><\/div>[\/vc_column_inner][\/vc_row_inner][\/vc_column][\/vc_row][vc_row css=\u00a0\u00bb.vc_custom_1536744608344{padding-top: 50px !important;padding-bottom: 50px !important;background-image: url(http:\/\/wordpress.templatemela.com\/woo\/WCM04\/WCM040093\/wp-content\/uploads\/2018\/05\/parallax.jpg?id=7534) !important;}\u00a0\u00bb el_class=\u00a0\u00bbtestimonial-bg\u00a0\u00bb][vc_column]<div class=\"no-result\">No results found...<\/div>[\/vc_column][\/vc_row][vc_row css=\u00a0\u00bb.vc_custom_1525163038940{margin-top: 50px !important;padding-top: 30px !important;padding-bottom: 30px !important;}\u00a0\u00bb][vc_column]<div id=\"brand-products\" class=\"tmpmela_logocontent\"><div id=\"6_brand_carousel\" class=\"brand-carousel tm-logo-content\"><div class=\"item brand_main\"><div class=\"product-block\"><a href=\"#\" target=\"\"><img decoding=\"async\" src=\"\" alt=\"Logo Image\"\/><\/a><\/div><\/div><div class=\"item brand_main\"><div class=\"product-block\"><a href=\"#\" target=\"\"><img decoding=\"async\" src=\"\" alt=\"Logo Image\"\/><\/a><\/div><\/div><div class=\"item brand_main\"><div class=\"product-block\"><a href=\"#\" target=\"\"><img decoding=\"async\" src=\"\" alt=\"Logo Image\"\/><\/a><\/div><\/div><div class=\"item brand_main\"><div class=\"product-block\"><a href=\"#\" target=\"\"><img decoding=\"async\" src=\"\" alt=\"Logo Image\"\/><\/a><\/div><\/div><div class=\"item brand_main\"><div class=\"product-block\"><a href=\"#\" target=\"\"><img decoding=\"async\" src=\"\" alt=\"Logo Image\"\/><\/a><\/div><\/div><div class=\"item brand_main\"><div class=\"product-block\"><a href=\"#\" target=\"\"><img decoding=\"async\" src=\"\" alt=\"Logo Image\"\/><\/a><\/div><\/div><div class=\"item brand_main\"><div class=\"product-block\"><a href=\"#\" target=\"\"><img decoding=\"async\" src=\"\" alt=\"Logo Image\"\/><\/a><\/div><\/div><\/div><\/div>[\/vc_column][\/vc_row]<\/p>\n","protected":false},"excerpt":{"rendered":"<p>[vc_row el_class=\u00a0\u00bbcustom-content-main\u00a0\u00bb css=\u00a0\u00bb.vc_custom_1487831184464{margin-bottom: 30px !important;}\u00a0\u00bb][vc_column][vc_row_inner][vc_column_inner css=\u00a0\u00bb.vc_custom_1536744049561{margin-bottom: 30px !important;}\u00a0\u00bb][\/vc_column_inner][\/vc_row_inner][vc_gallery type=\u00a0\u00bbnivo\u00a0\u00bb interval=\u00a0\u00bb3&Prime; images=\u00a0\u00bb8368,8366,8360&Prime; img_size=\u00a0\u00bb1200&#215;400&Prime; onclick=\u00a0\u00bb\u00a0\u00bb][\/vc_column][\/vc_row][vc_row el_class=\u00a0\u00bbcustom-content-main\u00a0\u00bb css=\u00a0\u00bb.vc_custom_1487831210976{margin-bottom: 30px !important;padding-top: 30px !important;padding-bottom: 30px !important;background-color: #ffffff !important;}\u00a0\u00bb][vc_column][\/vc_column][\/vc_row][vc_row el_class=\u00a0\u00bbcustom-content-main parallex-image\u00a0\u00bb css=\u00a0\u00bb.vc_custom_1536744989387{margin-bottom: 30px !important;padding-top: 30px !important;padding-bottom: 50px !important;background-position: center !important;background-repeat: no-repeat !important;background-size: cover !important;}\u00a0\u00bb][vc_column][vc_row_inner css=\u00a0\u00bb.vc_custom_1553062457730{padding-top: 10px !important;}\u00a0\u00bb][vc_column_inner width=\u00a0\u00bb1\/3&Prime;][\/vc_column_inner][vc_column_inner width=\u00a0\u00bb1\/3&Prime;][\/vc_column_inner][vc_column_inner width=\u00a0\u00bb1\/3&Prime;][\/vc_column_inner][\/vc_row_inner][vc_row_inner][vc_column_inner width=\u00a0\u00bb1\/3&Prime;][\/vc_column_inner][vc_column_inner width=\u00a0\u00bb1\/3&Prime;][\/vc_column_inner][vc_column_inner width=\u00a0\u00bb1\/3&Prime;][\/vc_column_inner][\/vc_row_inner][\/vc_column][\/vc_row][vc_row css=\u00a0\u00bb.vc_custom_1536744608344{padding-top: 50px !important;padding-bottom: 50px !important;background-image: url(http:\/\/wordpress.templatemela.com\/woo\/WCM04\/WCM040093\/wp-content\/uploads\/2018\/05\/parallax.jpg?id=7534) !important;}\u00a0\u00bb el_class=\u00a0\u00bbtestimonial-bg\u00a0\u00bb][vc_column][\/vc_column][\/vc_row][vc_row css=\u00a0\u00bb.vc_custom_1525163038940{margin-top: 50px !important;padding-top: 30px !important;padding-bottom: 30px !important;}\u00a0\u00bb][vc_column][\/vc_column][\/vc_row]<\/p>\n","protected":false},"author":1,"featured_media":0,"parent":0,"menu_order":0,"comment_status":"closed","ping_status":"open","template":"","meta":{"_monsterinsights_skip_tracking":false,"_monsterinsights_sitenote_active":false,"_monsterinsights_sitenote_note":"","_monsterinsights_sitenote_category":0,"footnotes":""},"class_list":["post-211","page","type-page","status-publish","hentry"],"yoast_head":"<!-- This site is optimized with the Yoast SEO plugin v27.6 - https:\/\/yoast.com\/product\/yoast-seo-wordpress\/ -->\n<title>About Us - Des tranch\u00e9es aux barricades<\/title>\n<meta name=\"robots\" content=\"index, follow, max-snippet:-1, max-image-preview:large, max-video-preview:-1\" \/>\n<link rel=\"canonical\" href=\"http:\/\/www.destrancheesauxbarricades.com\/index.php\/about-us\/\" \/>\n<meta property=\"og:locale\" content=\"fr_FR\" \/>\n<meta property=\"og:type\" content=\"article\" \/>\n<meta property=\"og:title\" content=\"About Us - Des tranch\u00e9es aux barricades\" \/>\n<meta property=\"og:description\" content=\"[vc_row el_class=\u00a0\u00bbcustom-content-main\u00a0\u00bb css=\u00a0\u00bb.vc_custom_1487831184464{margin-bottom: 30px !important;}\u00a0\u00bb][vc_column][vc_row_inner][vc_column_inner css=\u00a0\u00bb.vc_custom_1536744049561{margin-bottom: 30px !important;}\u00a0\u00bb][\/vc_column_inner][\/vc_row_inner][vc_gallery type=\u00a0\u00bbnivo\u00a0\u00bb interval=\u00a0\u00bb3&Prime; images=\u00a0\u00bb8368,8366,8360&Prime; img_size=\u00a0\u00bb1200&#215;400&Prime; onclick=\u00a0\u00bb\u00a0\u00bb][\/vc_column][\/vc_row][vc_row el_class=\u00a0\u00bbcustom-content-main\u00a0\u00bb css=\u00a0\u00bb.vc_custom_1487831210976{margin-bottom: 30px !important;padding-top: 30px !important;padding-bottom: 30px !important;background-color: #ffffff !important;}\u00a0\u00bb][vc_column][\/vc_column][\/vc_row][vc_row el_class=\u00a0\u00bbcustom-content-main parallex-image\u00a0\u00bb css=\u00a0\u00bb.vc_custom_1536744989387{margin-bottom: 30px !important;padding-top: 30px !important;padding-bottom: 50px !important;background-position: center !important;background-repeat: no-repeat !important;background-size: cover !important;}\u00a0\u00bb][vc_column][vc_row_inner css=\u00a0\u00bb.vc_custom_1553062457730{padding-top: 10px !important;}\u00a0\u00bb][vc_column_inner width=\u00a0\u00bb1\/3&Prime;][\/vc_column_inner][vc_column_inner width=\u00a0\u00bb1\/3&Prime;][\/vc_column_inner][vc_column_inner width=\u00a0\u00bb1\/3&Prime;][\/vc_column_inner][\/vc_row_inner][vc_row_inner][vc_column_inner width=\u00a0\u00bb1\/3&Prime;][\/vc_column_inner][vc_column_inner width=\u00a0\u00bb1\/3&Prime;][\/vc_column_inner][vc_column_inner width=\u00a0\u00bb1\/3&Prime;][\/vc_column_inner][\/vc_row_inner][\/vc_column][\/vc_row][vc_row css=\u00a0\u00bb.vc_custom_1536744608344{padding-top: 50px !important;padding-bottom: 50px !important;background-image: url(http:\/\/wordpress.templatemela.com\/woo\/WCM04\/WCM040093\/wp-content\/uploads\/2018\/05\/parallax.jpg?id=7534) !important;}\u00a0\u00bb el_class=\u00a0\u00bbtestimonial-bg\u00a0\u00bb][vc_column][\/vc_column][\/vc_row][vc_row css=\u00a0\u00bb.vc_custom_1525163038940{margin-top: 50px !important;padding-top: 30px !important;padding-bottom: 30px !important;}\u00a0\u00bb][vc_column][\/vc_column][\/vc_row]\" \/>\n<meta property=\"og:url\" content=\"http:\/\/www.destrancheesauxbarricades.com\/index.php\/about-us\/\" \/>\n<meta property=\"og:site_name\" content=\"Des tranch\u00e9es aux barricades\" \/>\n<meta name=\"twitter:card\" content=\"summary_large_image\" \/>\n<meta name=\"twitter:label1\" content=\"Dur\u00e9e de lecture estim\u00e9e\" \/>\n\t<meta name=\"twitter:data1\" content=\"3 minutes\" \/>\n<script type=\"application\/ld+json\" class=\"yoast-schema-graph\">{\"@context\":\"https:\\\/\\\/schema.org\",\"@graph\":[{\"@type\":\"WebPage\",\"@id\":\"http:\\\/\\\/www.destrancheesauxbarricades.com\\\/index.php\\\/about-us\\\/\",\"url\":\"http:\\\/\\\/www.destrancheesauxbarricades.com\\\/index.php\\\/about-us\\\/\",\"name\":\"About Us - Des tranch\u00e9es aux barricades\",\"isPartOf\":{\"@id\":\"https:\\\/\\\/www.destrancheesauxbarricades.com\\\/#website\"},\"datePublished\":\"2012-10-19T12:37:15+00:00\",\"breadcrumb\":{\"@id\":\"http:\\\/\\\/www.destrancheesauxbarricades.com\\\/index.php\\\/about-us\\\/#breadcrumb\"},\"inLanguage\":\"fr-FR\",\"potentialAction\":[{\"@type\":\"ReadAction\",\"target\":[\"http:\\\/\\\/www.destrancheesauxbarricades.com\\\/index.php\\\/about-us\\\/\"]}]},{\"@type\":\"BreadcrumbList\",\"@id\":\"http:\\\/\\\/www.destrancheesauxbarricades.com\\\/index.php\\\/about-us\\\/#breadcrumb\",\"itemListElement\":[{\"@type\":\"ListItem\",\"position\":1,\"name\":\"Accueil\",\"item\":\"https:\\\/\\\/www.destrancheesauxbarricades.com\\\/\"},{\"@type\":\"ListItem\",\"position\":2,\"name\":\"About Us\"}]},{\"@type\":\"WebSite\",\"@id\":\"https:\\\/\\\/www.destrancheesauxbarricades.com\\\/#website\",\"url\":\"https:\\\/\\\/www.destrancheesauxbarricades.com\\\/\",\"name\":\"Des tranch\u00e9es aux barricades\",\"description\":\"Jeu d&#039;escarmouches au d\u00e9but du XXe si\u00e8cle\",\"potentialAction\":[{\"@type\":\"SearchAction\",\"target\":{\"@type\":\"EntryPoint\",\"urlTemplate\":\"https:\\\/\\\/www.destrancheesauxbarricades.com\\\/?s={search_term_string}\"},\"query-input\":{\"@type\":\"PropertyValueSpecification\",\"valueRequired\":true,\"valueName\":\"search_term_string\"}}],\"inLanguage\":\"fr-FR\"}]}<\/script>\n<!-- \/ Yoast SEO plugin. -->","yoast_head_json":{"title":"About Us - Des tranch\u00e9es aux barricades","robots":{"index":"index","follow":"follow","max-snippet":"max-snippet:-1","max-image-preview":"max-image-preview:large","max-video-preview":"max-video-preview:-1"},"canonical":"http:\/\/www.destrancheesauxbarricades.com\/index.php\/about-us\/","og_locale":"fr_FR","og_type":"article","og_title":"About Us - Des tranch\u00e9es aux barricades","og_description":"[vc_row el_class=\u00a0\u00bbcustom-content-main\u00a0\u00bb css=\u00a0\u00bb.vc_custom_1487831184464{margin-bottom: 30px !important;}\u00a0\u00bb][vc_column][vc_row_inner][vc_column_inner css=\u00a0\u00bb.vc_custom_1536744049561{margin-bottom: 30px !important;}\u00a0\u00bb][\/vc_column_inner][\/vc_row_inner][vc_gallery type=\u00a0\u00bbnivo\u00a0\u00bb interval=\u00a0\u00bb3&Prime; images=\u00a0\u00bb8368,8366,8360&Prime; img_size=\u00a0\u00bb1200&#215;400&Prime; onclick=\u00a0\u00bb\u00a0\u00bb][\/vc_column][\/vc_row][vc_row el_class=\u00a0\u00bbcustom-content-main\u00a0\u00bb css=\u00a0\u00bb.vc_custom_1487831210976{margin-bottom: 30px !important;padding-top: 30px !important;padding-bottom: 30px !important;background-color: #ffffff !important;}\u00a0\u00bb][vc_column][\/vc_column][\/vc_row][vc_row el_class=\u00a0\u00bbcustom-content-main parallex-image\u00a0\u00bb css=\u00a0\u00bb.vc_custom_1536744989387{margin-bottom: 30px !important;padding-top: 30px !important;padding-bottom: 50px !important;background-position: center !important;background-repeat: no-repeat !important;background-size: cover !important;}\u00a0\u00bb][vc_column][vc_row_inner css=\u00a0\u00bb.vc_custom_1553062457730{padding-top: 10px !important;}\u00a0\u00bb][vc_column_inner width=\u00a0\u00bb1\/3&Prime;][\/vc_column_inner][vc_column_inner width=\u00a0\u00bb1\/3&Prime;][\/vc_column_inner][vc_column_inner width=\u00a0\u00bb1\/3&Prime;][\/vc_column_inner][\/vc_row_inner][vc_row_inner][vc_column_inner width=\u00a0\u00bb1\/3&Prime;][\/vc_column_inner][vc_column_inner width=\u00a0\u00bb1\/3&Prime;][\/vc_column_inner][vc_column_inner width=\u00a0\u00bb1\/3&Prime;][\/vc_column_inner][\/vc_row_inner][\/vc_column][\/vc_row][vc_row css=\u00a0\u00bb.vc_custom_1536744608344{padding-top: 50px !important;padding-bottom: 50px !important;background-image: url(http:\/\/wordpress.templatemela.com\/woo\/WCM04\/WCM040093\/wp-content\/uploads\/2018\/05\/parallax.jpg?id=7534) !important;}\u00a0\u00bb el_class=\u00a0\u00bbtestimonial-bg\u00a0\u00bb][vc_column][\/vc_column][\/vc_row][vc_row css=\u00a0\u00bb.vc_custom_1525163038940{margin-top: 50px !important;padding-top: 30px !important;padding-bottom: 30px !important;}\u00a0\u00bb][vc_column][\/vc_column][\/vc_row]","og_url":"http:\/\/www.destrancheesauxbarricades.com\/index.php\/about-us\/","og_site_name":"Des tranch\u00e9es aux barricades","twitter_card":"summary_large_image","twitter_misc":{"Dur\u00e9e de lecture estim\u00e9e":"3 minutes"},"schema":{"@context":"https:\/\/schema.org","@graph":[{"@type":"WebPage","@id":"http:\/\/www.destrancheesauxbarricades.com\/index.php\/about-us\/","url":"http:\/\/www.destrancheesauxbarricades.com\/index.php\/about-us\/","name":"About Us - Des tranch\u00e9es aux barricades","isPartOf":{"@id":"https:\/\/www.destrancheesauxbarricades.com\/#website"},"datePublished":"2012-10-19T12:37:15+00:00","breadcrumb":{"@id":"http:\/\/www.destrancheesauxbarricades.com\/index.php\/about-us\/#breadcrumb"},"inLanguage":"fr-FR","potentialAction":[{"@type":"ReadAction","target":["http:\/\/www.destrancheesauxbarricades.com\/index.php\/about-us\/"]}]},{"@type":"BreadcrumbList","@id":"http:\/\/www.destrancheesauxbarricades.com\/index.php\/about-us\/#breadcrumb","itemListElement":[{"@type":"ListItem","position":1,"name":"Accueil","item":"https:\/\/www.destrancheesauxbarricades.com\/"},{"@type":"ListItem","position":2,"name":"About Us"}]},{"@type":"WebSite","@id":"https:\/\/www.destrancheesauxbarricades.com\/#website","url":"https:\/\/www.destrancheesauxbarricades.com\/","name":"Des tranch\u00e9es aux barricades","description":"Jeu d&#039;escarmouches au d\u00e9but du XXe si\u00e8cle","potentialAction":[{"@type":"SearchAction","target":{"@type":"EntryPoint","urlTemplate":"https:\/\/www.destrancheesauxbarricades.com\/?s={search_term_string}"},"query-input":{"@type":"PropertyValueSpecification","valueRequired":true,"valueName":"search_term_string"}}],"inLanguage":"fr-FR"}]}},"jetpack_sharing_enabled":true,"_links":{"self":[{"href":"https:\/\/www.destrancheesauxbarricades.com\/index.php\/wp-json\/wp\/v2\/pages\/211","targetHints":{"allow":["GET"]}}],"collection":[{"href":"https:\/\/www.destrancheesauxbarricades.com\/index.php\/wp-json\/wp\/v2\/pages"}],"about":[{"href":"https:\/\/www.destrancheesauxbarricades.com\/index.php\/wp-json\/wp\/v2\/types\/page"}],"author":[{"embeddable":true,"href":"https:\/\/www.destrancheesauxbarricades.com\/index.php\/wp-json\/wp\/v2\/users\/1"}],"replies":[{"embeddable":true,"href":"https:\/\/www.destrancheesauxbarricades.com\/index.php\/wp-json\/wp\/v2\/comments?post=211"}],"version-history":[{"count":0,"href":"https:\/\/www.destrancheesauxbarricades.com\/index.php\/wp-json\/wp\/v2\/pages\/211\/revisions"}],"wp:attachment":[{"href":"https:\/\/www.destrancheesauxbarricades.com\/index.php\/wp-json\/wp\/v2\/media?parent=211"}],"curies":[{"name":"wp","href":"https:\/\/api.w.org\/{rel}","templated":true}]}}