{"id":9635,"date":"2023-08-31T13:19:08","date_gmt":"2023-08-31T13:19:08","guid":{"rendered":"https:\/\/www.destrancheesauxbarricades.com\/?post_type=product&#038;p=9635"},"modified":"2025-11-10T18:27:57","modified_gmt":"2025-11-10T18:27:57","slug":"freikorps-voran-set-de-des-aux-couleurs-de-lallemagne","status":"publish","type":"product","link":"http:\/\/www.destrancheesauxbarricades.com\/index.php\/product\/freikorps-voran-set-de-des-aux-couleurs-de-lallemagne\/","title":{"rendered":"Freikorps Voran + set de d\u00e9s aux couleurs du drapeau imp\u00e9rial allemand"},"content":{"rendered":"<p>Plongez en pleine r\u00e9volte spartakiste avec ce set comprenant le suppl\u00e9ment <em>Freikorps Voran<\/em> accompagn\u00e9 de neuf d\u00e9s sp\u00e9ciaux aux couleurs du drapeau imp\u00e9rial allemand.<\/p>\n<p>&nbsp;<\/p>\n<p>Un exemplaire de <em>Des tranch\u00e9es aux barricades<\/em> est n\u00e9cessaire pour pouvoir utiliser le suppl\u00e9ment.<\/p>\n<p>&nbsp;<\/p>\n<p>Ceci n&rsquo;est pas un jouet. Ne convient pas aux enfants moins de 14 ans.<\/p>\n<p>Pages : 16<\/p>\n<p>&nbsp;<\/p>\n","protected":false},"excerpt":{"rendered":"<p>Le suppl\u00e9ment Freikorps Voran et un jeu de neufs d\u00e9s sp\u00e9ciaux<\/p>\n","protected":false},"featured_media":9636,"template":"","meta":{"_monsterinsights_skip_tracking":false,"_monsterinsights_sitenote_active":false,"_monsterinsights_sitenote_note":"","_monsterinsights_sitenote_category":0},"product_brand":[],"product_cat":[141,159,90],"product_tag":[],"class_list":{"0":"post-9635","1":"product","2":"type-product","3":"status-publish","4":"has-post-thumbnail","6":"product_cat-allemagne-1918-1923","7":"product_cat-des-tranchees-aux-barricades","8":"product_cat-regles-et-extensions","11":"first","12":"outofstock","13":"featured","14":"purchasable","15":"product-type-simple"},"yoast_head":"<!-- This site is optimized with the Yoast SEO plugin v27.4 - https:\/\/yoast.com\/product\/yoast-seo-wordpress\/ -->\n<title>Freikorps Voran + set de d\u00e9s aux couleurs du drapeau imp\u00e9rial allemand - Des tranch\u00e9es aux barricades<\/title>\n<meta name=\"robots\" content=\"index, follow, max-snippet:-1, max-image-preview:large, max-video-preview:-1\" \/>\n<link rel=\"canonical\" href=\"http:\/\/www.destrancheesauxbarricades.com\/index.php\/product\/freikorps-voran-set-de-des-aux-couleurs-de-lallemagne\/\" \/>\n<meta property=\"og:locale\" content=\"fr_FR\" \/>\n<meta property=\"og:type\" content=\"article\" \/>\n<meta property=\"og:title\" content=\"Freikorps Voran + set de d\u00e9s aux couleurs du drapeau imp\u00e9rial allemand - Des tranch\u00e9es aux barricades\" \/>\n<meta property=\"og:description\" content=\"Le suppl\u00e9ment Freikorps Voran et un jeu de neufs d\u00e9s sp\u00e9ciaux\" \/>\n<meta property=\"og:url\" content=\"http:\/\/www.destrancheesauxbarricades.com\/index.php\/product\/freikorps-voran-set-de-des-aux-couleurs-de-lallemagne\/\" \/>\n<meta property=\"og:site_name\" content=\"Des tranch\u00e9es aux barricades\" \/>\n<meta property=\"article:modified_time\" content=\"2025-11-10T18:27:57+00:00\" \/>\n<meta property=\"og:image\" content=\"http:\/\/www.destrancheesauxbarricades.com\/wp-content\/uploads\/2023\/08\/kitvoranetdes.jpg\" \/>\n\t<meta property=\"og:image:width\" content=\"1677\" \/>\n\t<meta property=\"og:image:height\" content=\"1677\" \/>\n\t<meta property=\"og:image:type\" content=\"image\/jpeg\" \/>\n<meta name=\"twitter:card\" content=\"summary_large_image\" \/>\n<meta name=\"twitter:label1\" content=\"Dur\u00e9e de lecture estim\u00e9e\" \/>\n\t<meta name=\"twitter:data1\" content=\"1 minute\" \/>\n<script type=\"application\/ld+json\" class=\"yoast-schema-graph\">{\"@context\":\"https:\\\/\\\/schema.org\",\"@graph\":[{\"@type\":\"WebPage\",\"@id\":\"http:\\\/\\\/www.destrancheesauxbarricades.com\\\/index.php\\\/product\\\/freikorps-voran-set-de-des-aux-couleurs-de-lallemagne\\\/\",\"url\":\"http:\\\/\\\/www.destrancheesauxbarricades.com\\\/index.php\\\/product\\\/freikorps-voran-set-de-des-aux-couleurs-de-lallemagne\\\/\",\"name\":\"Freikorps Voran + set de d\u00e9s aux couleurs du drapeau imp\u00e9rial allemand - Des tranch\u00e9es aux barricades\",\"isPartOf\":{\"@id\":\"http:\\\/\\\/www.destrancheesauxbarricades.com\\\/#website\"},\"primaryImageOfPage\":{\"@id\":\"http:\\\/\\\/www.destrancheesauxbarricades.com\\\/index.php\\\/product\\\/freikorps-voran-set-de-des-aux-couleurs-de-lallemagne\\\/#primaryimage\"},\"image\":{\"@id\":\"http:\\\/\\\/www.destrancheesauxbarricades.com\\\/index.php\\\/product\\\/freikorps-voran-set-de-des-aux-couleurs-de-lallemagne\\\/#primaryimage\"},\"thumbnailUrl\":\"http:\\\/\\\/www.destrancheesauxbarricades.com\\\/wp-content\\\/uploads\\\/2023\\\/08\\\/kitvoranetdes.jpg\",\"datePublished\":\"2023-08-31T13:19:08+00:00\",\"dateModified\":\"2025-11-10T18:27:57+00:00\",\"breadcrumb\":{\"@id\":\"http:\\\/\\\/www.destrancheesauxbarricades.com\\\/index.php\\\/product\\\/freikorps-voran-set-de-des-aux-couleurs-de-lallemagne\\\/#breadcrumb\"},\"inLanguage\":\"fr-FR\",\"potentialAction\":[{\"@type\":\"ReadAction\",\"target\":[\"http:\\\/\\\/www.destrancheesauxbarricades.com\\\/index.php\\\/product\\\/freikorps-voran-set-de-des-aux-couleurs-de-lallemagne\\\/\"]}]},{\"@type\":\"ImageObject\",\"inLanguage\":\"fr-FR\",\"@id\":\"http:\\\/\\\/www.destrancheesauxbarricades.com\\\/index.php\\\/product\\\/freikorps-voran-set-de-des-aux-couleurs-de-lallemagne\\\/#primaryimage\",\"url\":\"http:\\\/\\\/www.destrancheesauxbarricades.com\\\/wp-content\\\/uploads\\\/2023\\\/08\\\/kitvoranetdes.jpg\",\"contentUrl\":\"http:\\\/\\\/www.destrancheesauxbarricades.com\\\/wp-content\\\/uploads\\\/2023\\\/08\\\/kitvoranetdes.jpg\",\"width\":1677,\"height\":1677},{\"@type\":\"BreadcrumbList\",\"@id\":\"http:\\\/\\\/www.destrancheesauxbarricades.com\\\/index.php\\\/product\\\/freikorps-voran-set-de-des-aux-couleurs-de-lallemagne\\\/#breadcrumb\",\"itemListElement\":[{\"@type\":\"ListItem\",\"position\":1,\"name\":\"Accueil\",\"item\":\"http:\\\/\\\/www.destrancheesauxbarricades.com\\\/\"},{\"@type\":\"ListItem\",\"position\":2,\"name\":\"Shop\",\"item\":\"http:\\\/\\\/www.destrancheesauxbarricades.com\\\/index.php\\\/shop\\\/\"},{\"@type\":\"ListItem\",\"position\":3,\"name\":\"Freikorps Voran + set de d\u00e9s aux couleurs du drapeau imp\u00e9rial allemand\"}]},{\"@type\":\"WebSite\",\"@id\":\"http:\\\/\\\/www.destrancheesauxbarricades.com\\\/#website\",\"url\":\"http:\\\/\\\/www.destrancheesauxbarricades.com\\\/\",\"name\":\"Des tranch\u00e9es aux barricades\",\"description\":\"Jeu d&#039;escarmouches au d\u00e9but du XXe si\u00e8cle\",\"potentialAction\":[{\"@type\":\"SearchAction\",\"target\":{\"@type\":\"EntryPoint\",\"urlTemplate\":\"http:\\\/\\\/www.destrancheesauxbarricades.com\\\/?s={search_term_string}\"},\"query-input\":{\"@type\":\"PropertyValueSpecification\",\"valueRequired\":true,\"valueName\":\"search_term_string\"}}],\"inLanguage\":\"fr-FR\"}]}<\/script>\n<!-- \/ Yoast SEO plugin. -->","yoast_head_json":{"title":"Freikorps Voran + set de d\u00e9s aux couleurs du drapeau imp\u00e9rial allemand - Des tranch\u00e9es aux barricades","robots":{"index":"index","follow":"follow","max-snippet":"max-snippet:-1","max-image-preview":"max-image-preview:large","max-video-preview":"max-video-preview:-1"},"canonical":"http:\/\/www.destrancheesauxbarricades.com\/index.php\/product\/freikorps-voran-set-de-des-aux-couleurs-de-lallemagne\/","og_locale":"fr_FR","og_type":"article","og_title":"Freikorps Voran + set de d\u00e9s aux couleurs du drapeau imp\u00e9rial allemand - Des tranch\u00e9es aux barricades","og_description":"Le suppl\u00e9ment Freikorps Voran et un jeu de neufs d\u00e9s sp\u00e9ciaux","og_url":"http:\/\/www.destrancheesauxbarricades.com\/index.php\/product\/freikorps-voran-set-de-des-aux-couleurs-de-lallemagne\/","og_site_name":"Des tranch\u00e9es aux barricades","article_modified_time":"2025-11-10T18:27:57+00:00","og_image":[{"width":1677,"height":1677,"url":"http:\/\/www.destrancheesauxbarricades.com\/wp-content\/uploads\/2023\/08\/kitvoranetdes.jpg","type":"image\/jpeg"}],"twitter_card":"summary_large_image","twitter_misc":{"Dur\u00e9e de lecture estim\u00e9e":"1 minute"},"schema":{"@context":"https:\/\/schema.org","@graph":[{"@type":"WebPage","@id":"http:\/\/www.destrancheesauxbarricades.com\/index.php\/product\/freikorps-voran-set-de-des-aux-couleurs-de-lallemagne\/","url":"http:\/\/www.destrancheesauxbarricades.com\/index.php\/product\/freikorps-voran-set-de-des-aux-couleurs-de-lallemagne\/","name":"Freikorps Voran + set de d\u00e9s aux couleurs du drapeau imp\u00e9rial allemand - Des tranch\u00e9es aux barricades","isPartOf":{"@id":"http:\/\/www.destrancheesauxbarricades.com\/#website"},"primaryImageOfPage":{"@id":"http:\/\/www.destrancheesauxbarricades.com\/index.php\/product\/freikorps-voran-set-de-des-aux-couleurs-de-lallemagne\/#primaryimage"},"image":{"@id":"http:\/\/www.destrancheesauxbarricades.com\/index.php\/product\/freikorps-voran-set-de-des-aux-couleurs-de-lallemagne\/#primaryimage"},"thumbnailUrl":"http:\/\/www.destrancheesauxbarricades.com\/wp-content\/uploads\/2023\/08\/kitvoranetdes.jpg","datePublished":"2023-08-31T13:19:08+00:00","dateModified":"2025-11-10T18:27:57+00:00","breadcrumb":{"@id":"http:\/\/www.destrancheesauxbarricades.com\/index.php\/product\/freikorps-voran-set-de-des-aux-couleurs-de-lallemagne\/#breadcrumb"},"inLanguage":"fr-FR","potentialAction":[{"@type":"ReadAction","target":["http:\/\/www.destrancheesauxbarricades.com\/index.php\/product\/freikorps-voran-set-de-des-aux-couleurs-de-lallemagne\/"]}]},{"@type":"ImageObject","inLanguage":"fr-FR","@id":"http:\/\/www.destrancheesauxbarricades.com\/index.php\/product\/freikorps-voran-set-de-des-aux-couleurs-de-lallemagne\/#primaryimage","url":"http:\/\/www.destrancheesauxbarricades.com\/wp-content\/uploads\/2023\/08\/kitvoranetdes.jpg","contentUrl":"http:\/\/www.destrancheesauxbarricades.com\/wp-content\/uploads\/2023\/08\/kitvoranetdes.jpg","width":1677,"height":1677},{"@type":"BreadcrumbList","@id":"http:\/\/www.destrancheesauxbarricades.com\/index.php\/product\/freikorps-voran-set-de-des-aux-couleurs-de-lallemagne\/#breadcrumb","itemListElement":[{"@type":"ListItem","position":1,"name":"Accueil","item":"http:\/\/www.destrancheesauxbarricades.com\/"},{"@type":"ListItem","position":2,"name":"Shop","item":"http:\/\/www.destrancheesauxbarricades.com\/index.php\/shop\/"},{"@type":"ListItem","position":3,"name":"Freikorps Voran + set de d\u00e9s aux couleurs du drapeau imp\u00e9rial allemand"}]},{"@type":"WebSite","@id":"http:\/\/www.destrancheesauxbarricades.com\/#website","url":"http:\/\/www.destrancheesauxbarricades.com\/","name":"Des tranch\u00e9es aux barricades","description":"Jeu d&#039;escarmouches au d\u00e9but du XXe si\u00e8cle","potentialAction":[{"@type":"SearchAction","target":{"@type":"EntryPoint","urlTemplate":"http:\/\/www.destrancheesauxbarricades.com\/?s={search_term_string}"},"query-input":{"@type":"PropertyValueSpecification","valueRequired":true,"valueName":"search_term_string"}}],"inLanguage":"fr-FR"}]}},"jetpack_sharing_enabled":true,"_links":{"self":[{"href":"http:\/\/www.destrancheesauxbarricades.com\/index.php\/wp-json\/wp\/v2\/product\/9635","targetHints":{"allow":["GET"]}}],"collection":[{"href":"http:\/\/www.destrancheesauxbarricades.com\/index.php\/wp-json\/wp\/v2\/product"}],"about":[{"href":"http:\/\/www.destrancheesauxbarricades.com\/index.php\/wp-json\/wp\/v2\/types\/product"}],"version-history":[{"count":2,"href":"http:\/\/www.destrancheesauxbarricades.com\/index.php\/wp-json\/wp\/v2\/product\/9635\/revisions"}],"predecessor-version":[{"id":12713,"href":"http:\/\/www.destrancheesauxbarricades.com\/index.php\/wp-json\/wp\/v2\/product\/9635\/revisions\/12713"}],"wp:featuredmedia":[{"embeddable":true,"href":"http:\/\/www.destrancheesauxbarricades.com\/index.php\/wp-json\/wp\/v2\/media\/9636"}],"wp:attachment":[{"href":"http:\/\/www.destrancheesauxbarricades.com\/index.php\/wp-json\/wp\/v2\/media?parent=9635"}],"wp:term":[{"taxonomy":"product_brand","embeddable":true,"href":"http:\/\/www.destrancheesauxbarricades.com\/index.php\/wp-json\/wp\/v2\/product_brand?post=9635"},{"taxonomy":"product_cat","embeddable":true,"href":"http:\/\/www.destrancheesauxbarricades.com\/index.php\/wp-json\/wp\/v2\/product_cat?post=9635"},{"taxonomy":"product_tag","embeddable":true,"href":"http:\/\/www.destrancheesauxbarricades.com\/index.php\/wp-json\/wp\/v2\/product_tag?post=9635"}],"curies":[{"name":"wp","href":"https:\/\/api.w.org\/{rel}","templated":true}]}}