{"id":9610,"date":"2023-08-20T19:52:04","date_gmt":"2023-08-20T19:52:04","guid":{"rendered":"https:\/\/www.destrancheesauxbarricades.com\/?post_type=product&#038;p=9610"},"modified":"2024-11-02T22:52:32","modified_gmt":"2024-11-02T22:52:32","slug":"lappel-du-desert-les-planches-supplementaires","status":"publish","type":"product","link":"http:\/\/www.destrancheesauxbarricades.com\/index.php\/product\/lappel-du-desert-les-planches-supplementaires\/","title":{"rendered":"L&rsquo;Appel du D\u00e9sert &#8211; L&rsquo;arm\u00e9e Britannique"},"content":{"rendered":"<p>L&rsquo;Appel du d\u00e9sert &#8211; Les planches suppl\u00e9mentaires.<\/p>\n<p>&nbsp;<\/p>\n<p>L&rsquo;Empire britannique:<\/p>\n<p>Revivez l&rsquo;\u00e9pop\u00e9e de d&rsquo;Allenby du Caire aux portes de Damas. La planche de l&#8217;empire britannique vous offre les bases d&rsquo;une solide arm\u00e9e \u00e0 dominante indienne, second\u00e9e par de l&rsquo;infanterie mont\u00e9e de l&rsquo;Anzac ainsi que des v\u00e9hicules, le tout accompagn\u00e9 de deux d\u00e9cors, la tente h\u00f4pital (et son infirmier) et une tranch\u00e9e.<\/p>\n<p>&nbsp;<\/p>\n<p>&nbsp;<\/p>\n","protected":false},"excerpt":{"rendered":"<ul>\n<li>Une arm\u00e9e de l&#8217;empire britannique en mdf \u00e0 d\u00e9puncher<\/li>\n<\/ul>\n","protected":false},"featured_media":9617,"template":"","meta":{"_monsterinsights_skip_tracking":false,"_monsterinsights_sitenote_active":false,"_monsterinsights_sitenote_note":"","_monsterinsights_sitenote_category":0},"product_brand":[],"product_cat":[159,90],"product_tag":[],"class_list":{"0":"post-9610","1":"product","2":"type-product","3":"status-publish","4":"has-post-thumbnail","6":"product_cat-des-tranchees-aux-barricades","7":"product_cat-regles-et-extensions","10":"first","11":"outofstock","12":"purchasable","13":"product-type-simple"},"yoast_head":"<!-- This site is optimized with the Yoast SEO plugin v27.5 - https:\/\/yoast.com\/product\/yoast-seo-wordpress\/ -->\n<title>L&#039;Appel du D\u00e9sert - L&#039;arm\u00e9e Britannique - Des tranch\u00e9es aux barricades<\/title>\n<meta name=\"robots\" content=\"index, follow, max-snippet:-1, max-image-preview:large, max-video-preview:-1\" \/>\n<link rel=\"canonical\" href=\"http:\/\/www.destrancheesauxbarricades.com\/index.php\/product\/lappel-du-desert-les-planches-supplementaires\/\" \/>\n<meta property=\"og:locale\" content=\"fr_FR\" \/>\n<meta property=\"og:type\" content=\"article\" \/>\n<meta property=\"og:title\" content=\"L&#039;Appel du D\u00e9sert - L&#039;arm\u00e9e Britannique - Des tranch\u00e9es aux barricades\" \/>\n<meta property=\"og:description\" content=\"Une arm\u00e9e de l&#039;empire britannique en mdf \u00e0 d\u00e9puncher\" \/>\n<meta property=\"og:url\" content=\"http:\/\/www.destrancheesauxbarricades.com\/index.php\/product\/lappel-du-desert-les-planches-supplementaires\/\" \/>\n<meta property=\"og:site_name\" content=\"Des tranch\u00e9es aux barricades\" \/>\n<meta property=\"article:modified_time\" content=\"2024-11-02T22:52:32+00:00\" \/>\n<meta property=\"og:image\" content=\"http:\/\/www.destrancheesauxbarricades.com\/wp-content\/uploads\/2023\/08\/brit-scaled.jpg\" \/>\n\t<meta property=\"og:image:width\" content=\"1829\" \/>\n\t<meta property=\"og:image:height\" content=\"2560\" \/>\n\t<meta property=\"og:image:type\" content=\"image\/jpeg\" \/>\n<meta name=\"twitter:card\" content=\"summary_large_image\" \/>\n<meta name=\"twitter:label1\" content=\"Dur\u00e9e de lecture estim\u00e9e\" \/>\n\t<meta name=\"twitter:data1\" content=\"1 minute\" \/>\n<script type=\"application\/ld+json\" class=\"yoast-schema-graph\">{\"@context\":\"https:\\\/\\\/schema.org\",\"@graph\":[{\"@type\":\"WebPage\",\"@id\":\"http:\\\/\\\/www.destrancheesauxbarricades.com\\\/index.php\\\/product\\\/lappel-du-desert-les-planches-supplementaires\\\/\",\"url\":\"http:\\\/\\\/www.destrancheesauxbarricades.com\\\/index.php\\\/product\\\/lappel-du-desert-les-planches-supplementaires\\\/\",\"name\":\"L'Appel du D\u00e9sert - L'arm\u00e9e Britannique - Des tranch\u00e9es aux barricades\",\"isPartOf\":{\"@id\":\"http:\\\/\\\/www.destrancheesauxbarricades.com\\\/#website\"},\"primaryImageOfPage\":{\"@id\":\"http:\\\/\\\/www.destrancheesauxbarricades.com\\\/index.php\\\/product\\\/lappel-du-desert-les-planches-supplementaires\\\/#primaryimage\"},\"image\":{\"@id\":\"http:\\\/\\\/www.destrancheesauxbarricades.com\\\/index.php\\\/product\\\/lappel-du-desert-les-planches-supplementaires\\\/#primaryimage\"},\"thumbnailUrl\":\"http:\\\/\\\/www.destrancheesauxbarricades.com\\\/wp-content\\\/uploads\\\/2023\\\/08\\\/brit-scaled.jpg\",\"datePublished\":\"2023-08-20T19:52:04+00:00\",\"dateModified\":\"2024-11-02T22:52:32+00:00\",\"breadcrumb\":{\"@id\":\"http:\\\/\\\/www.destrancheesauxbarricades.com\\\/index.php\\\/product\\\/lappel-du-desert-les-planches-supplementaires\\\/#breadcrumb\"},\"inLanguage\":\"fr-FR\",\"potentialAction\":[{\"@type\":\"ReadAction\",\"target\":[\"http:\\\/\\\/www.destrancheesauxbarricades.com\\\/index.php\\\/product\\\/lappel-du-desert-les-planches-supplementaires\\\/\"]}]},{\"@type\":\"ImageObject\",\"inLanguage\":\"fr-FR\",\"@id\":\"http:\\\/\\\/www.destrancheesauxbarricades.com\\\/index.php\\\/product\\\/lappel-du-desert-les-planches-supplementaires\\\/#primaryimage\",\"url\":\"http:\\\/\\\/www.destrancheesauxbarricades.com\\\/wp-content\\\/uploads\\\/2023\\\/08\\\/brit-scaled.jpg\",\"contentUrl\":\"http:\\\/\\\/www.destrancheesauxbarricades.com\\\/wp-content\\\/uploads\\\/2023\\\/08\\\/brit-scaled.jpg\",\"width\":1829,\"height\":2560},{\"@type\":\"BreadcrumbList\",\"@id\":\"http:\\\/\\\/www.destrancheesauxbarricades.com\\\/index.php\\\/product\\\/lappel-du-desert-les-planches-supplementaires\\\/#breadcrumb\",\"itemListElement\":[{\"@type\":\"ListItem\",\"position\":1,\"name\":\"Accueil\",\"item\":\"http:\\\/\\\/www.destrancheesauxbarricades.com\\\/\"},{\"@type\":\"ListItem\",\"position\":2,\"name\":\"Shop\",\"item\":\"http:\\\/\\\/www.destrancheesauxbarricades.com\\\/index.php\\\/shop\\\/\"},{\"@type\":\"ListItem\",\"position\":3,\"name\":\"L&rsquo;Appel du D\u00e9sert &#8211; L&rsquo;arm\u00e9e Britannique\"}]},{\"@type\":\"WebSite\",\"@id\":\"http:\\\/\\\/www.destrancheesauxbarricades.com\\\/#website\",\"url\":\"http:\\\/\\\/www.destrancheesauxbarricades.com\\\/\",\"name\":\"Des tranch\u00e9es aux barricades\",\"description\":\"Jeu d&#039;escarmouches au d\u00e9but du XXe si\u00e8cle\",\"potentialAction\":[{\"@type\":\"SearchAction\",\"target\":{\"@type\":\"EntryPoint\",\"urlTemplate\":\"http:\\\/\\\/www.destrancheesauxbarricades.com\\\/?s={search_term_string}\"},\"query-input\":{\"@type\":\"PropertyValueSpecification\",\"valueRequired\":true,\"valueName\":\"search_term_string\"}}],\"inLanguage\":\"fr-FR\"}]}<\/script>\n<!-- \/ Yoast SEO plugin. -->","yoast_head_json":{"title":"L'Appel du D\u00e9sert - L'arm\u00e9e Britannique - Des tranch\u00e9es aux barricades","robots":{"index":"index","follow":"follow","max-snippet":"max-snippet:-1","max-image-preview":"max-image-preview:large","max-video-preview":"max-video-preview:-1"},"canonical":"http:\/\/www.destrancheesauxbarricades.com\/index.php\/product\/lappel-du-desert-les-planches-supplementaires\/","og_locale":"fr_FR","og_type":"article","og_title":"L'Appel du D\u00e9sert - L'arm\u00e9e Britannique - Des tranch\u00e9es aux barricades","og_description":"Une arm\u00e9e de l'empire britannique en mdf \u00e0 d\u00e9puncher","og_url":"http:\/\/www.destrancheesauxbarricades.com\/index.php\/product\/lappel-du-desert-les-planches-supplementaires\/","og_site_name":"Des tranch\u00e9es aux barricades","article_modified_time":"2024-11-02T22:52:32+00:00","og_image":[{"width":1829,"height":2560,"url":"http:\/\/www.destrancheesauxbarricades.com\/wp-content\/uploads\/2023\/08\/brit-scaled.jpg","type":"image\/jpeg"}],"twitter_card":"summary_large_image","twitter_misc":{"Dur\u00e9e de lecture estim\u00e9e":"1 minute"},"schema":{"@context":"https:\/\/schema.org","@graph":[{"@type":"WebPage","@id":"http:\/\/www.destrancheesauxbarricades.com\/index.php\/product\/lappel-du-desert-les-planches-supplementaires\/","url":"http:\/\/www.destrancheesauxbarricades.com\/index.php\/product\/lappel-du-desert-les-planches-supplementaires\/","name":"L'Appel du D\u00e9sert - L'arm\u00e9e Britannique - Des tranch\u00e9es aux barricades","isPartOf":{"@id":"http:\/\/www.destrancheesauxbarricades.com\/#website"},"primaryImageOfPage":{"@id":"http:\/\/www.destrancheesauxbarricades.com\/index.php\/product\/lappel-du-desert-les-planches-supplementaires\/#primaryimage"},"image":{"@id":"http:\/\/www.destrancheesauxbarricades.com\/index.php\/product\/lappel-du-desert-les-planches-supplementaires\/#primaryimage"},"thumbnailUrl":"http:\/\/www.destrancheesauxbarricades.com\/wp-content\/uploads\/2023\/08\/brit-scaled.jpg","datePublished":"2023-08-20T19:52:04+00:00","dateModified":"2024-11-02T22:52:32+00:00","breadcrumb":{"@id":"http:\/\/www.destrancheesauxbarricades.com\/index.php\/product\/lappel-du-desert-les-planches-supplementaires\/#breadcrumb"},"inLanguage":"fr-FR","potentialAction":[{"@type":"ReadAction","target":["http:\/\/www.destrancheesauxbarricades.com\/index.php\/product\/lappel-du-desert-les-planches-supplementaires\/"]}]},{"@type":"ImageObject","inLanguage":"fr-FR","@id":"http:\/\/www.destrancheesauxbarricades.com\/index.php\/product\/lappel-du-desert-les-planches-supplementaires\/#primaryimage","url":"http:\/\/www.destrancheesauxbarricades.com\/wp-content\/uploads\/2023\/08\/brit-scaled.jpg","contentUrl":"http:\/\/www.destrancheesauxbarricades.com\/wp-content\/uploads\/2023\/08\/brit-scaled.jpg","width":1829,"height":2560},{"@type":"BreadcrumbList","@id":"http:\/\/www.destrancheesauxbarricades.com\/index.php\/product\/lappel-du-desert-les-planches-supplementaires\/#breadcrumb","itemListElement":[{"@type":"ListItem","position":1,"name":"Accueil","item":"http:\/\/www.destrancheesauxbarricades.com\/"},{"@type":"ListItem","position":2,"name":"Shop","item":"http:\/\/www.destrancheesauxbarricades.com\/index.php\/shop\/"},{"@type":"ListItem","position":3,"name":"L&rsquo;Appel du D\u00e9sert &#8211; L&rsquo;arm\u00e9e Britannique"}]},{"@type":"WebSite","@id":"http:\/\/www.destrancheesauxbarricades.com\/#website","url":"http:\/\/www.destrancheesauxbarricades.com\/","name":"Des tranch\u00e9es aux barricades","description":"Jeu d&#039;escarmouches au d\u00e9but du XXe si\u00e8cle","potentialAction":[{"@type":"SearchAction","target":{"@type":"EntryPoint","urlTemplate":"http:\/\/www.destrancheesauxbarricades.com\/?s={search_term_string}"},"query-input":{"@type":"PropertyValueSpecification","valueRequired":true,"valueName":"search_term_string"}}],"inLanguage":"fr-FR"}]}},"jetpack_sharing_enabled":true,"_links":{"self":[{"href":"http:\/\/www.destrancheesauxbarricades.com\/index.php\/wp-json\/wp\/v2\/product\/9610","targetHints":{"allow":["GET"]}}],"collection":[{"href":"http:\/\/www.destrancheesauxbarricades.com\/index.php\/wp-json\/wp\/v2\/product"}],"about":[{"href":"http:\/\/www.destrancheesauxbarricades.com\/index.php\/wp-json\/wp\/v2\/types\/product"}],"version-history":[{"count":1,"href":"http:\/\/www.destrancheesauxbarricades.com\/index.php\/wp-json\/wp\/v2\/product\/9610\/revisions"}],"predecessor-version":[{"id":10538,"href":"http:\/\/www.destrancheesauxbarricades.com\/index.php\/wp-json\/wp\/v2\/product\/9610\/revisions\/10538"}],"wp:featuredmedia":[{"embeddable":true,"href":"http:\/\/www.destrancheesauxbarricades.com\/index.php\/wp-json\/wp\/v2\/media\/9617"}],"wp:attachment":[{"href":"http:\/\/www.destrancheesauxbarricades.com\/index.php\/wp-json\/wp\/v2\/media?parent=9610"}],"wp:term":[{"taxonomy":"product_brand","embeddable":true,"href":"http:\/\/www.destrancheesauxbarricades.com\/index.php\/wp-json\/wp\/v2\/product_brand?post=9610"},{"taxonomy":"product_cat","embeddable":true,"href":"http:\/\/www.destrancheesauxbarricades.com\/index.php\/wp-json\/wp\/v2\/product_cat?post=9610"},{"taxonomy":"product_tag","embeddable":true,"href":"http:\/\/www.destrancheesauxbarricades.com\/index.php\/wp-json\/wp\/v2\/product_tag?post=9610"}],"curies":[{"name":"wp","href":"https:\/\/api.w.org\/{rel}","templated":true}]}}