{"id":9243,"date":"2023-03-24T13:04:01","date_gmt":"2023-03-24T13:04:01","guid":{"rendered":"https:\/\/www.destrancheesauxbarricades.com\/?post_type=product&#038;p=9243"},"modified":"2024-11-02T23:03:53","modified_gmt":"2024-11-02T23:03:53","slug":"kit-de-demarrage-des-tranchees-aux-barricades","status":"publish","type":"product","link":"http:\/\/www.destrancheesauxbarricades.com\/index.php\/product\/kit-de-demarrage-des-tranchees-aux-barricades\/","title":{"rendered":"Kit de d\u00e9marrage \u00ab\u00a0Des Tranch\u00e9es Aux Barricades\u00a0\u00bb"},"content":{"rendered":"<h6><span data-offset-key=\"3beif-2-0\">R\u00e9solument orient\u00e9e vers des parties dynamiques et rapides, la r\u00e8gle \u00ab\u00a0Des Tranch\u00e9es Aux Barricades\u00a0\u00bb repose sur des choix ludiques originaux :<\/span><\/h6>\n<ul>\n<li>\n<h6><span data-offset-key=\"3beif-2-0\">\u00a0Un format \u00ab escarmouches \u00bb d\u2019une trentaine de figurines o\u00f9 ni l\u2019\u00e9chelle des figurines, ni le soclage ne sont impos\u00e9s.<\/span><\/h6>\n<\/li>\n<li>\n<h6><span data-offset-key=\"3beif-2-0\">\u00a0Plusieurs d\u00e9s sp\u00e9ciaux permettant de simuler le niveau de comp\u00e9tences, de moral ou d\u2019aptitudes des diff\u00e9rentes unit\u00e9s, bannissant tout calcul fastidieux des bonus\/malus.\u00a0<\/span><\/h6>\n<\/li>\n<li>\n<h6><span data-offset-key=\"3beif-2-0\">Un plateau de jeu d\u00e9limit\u00e9 par des cases ou des zones pour assurer la lisibilit\u00e9 des \u00e9l\u00e9ments de terrain, lignes de vues et des objectifs \u00e0 atteindre et ainsi en finir avec les r\u00e9glettes et les mesures au millim\u00e8tre.<\/span><\/h6>\n<\/li>\n<li>\n<h6><span data-offset-key=\"3beif-2-0\">\u00a0Une trentaine de comp\u00e9tences assurant une r\u00e9elle personnalisation des troupes et du mat\u00e9riel et un syst\u00e8me de budget pour recr\u00e9er vos troupes et th\u00e9\u00e2tres d\u2019op\u00e9rations favoris.<\/span><\/h6>\n<\/li>\n<li>\n<h6><span data-offset-key=\"3beif-2-0\">\u00a0Un syst\u00e8me d\u2019activation\/r\u00e9action fluide qui m\u00e9nage des possibilit\u00e9s d\u2019actions au joueur inactif garantissant la nervosit\u00e9 des parties.<\/span><\/h6>\n<\/li>\n<\/ul>\n<p>Ce kit comprend le livre de r\u00e8gles en version fran\u00e7aise, un set de neuf d\u00e9s sp\u00e9ciaux et une planche de marqueurs en mdf.<\/p>\n<p>&nbsp;<\/p>\n<p><img fetchpriority=\"high\" decoding=\"async\" class=\"alignnone size-medium wp-image-9015\" src=\"http:\/\/www.destrancheesauxbarricades.com\/wp-content\/uploads\/2022\/01\/Couv_souple_Livret_Page_1-211x300.jpg\" alt=\"\" width=\"211\" height=\"300\" srcset=\"http:\/\/www.destrancheesauxbarricades.com\/wp-content\/uploads\/2022\/01\/Couv_souple_Livret_Page_1-211x300.jpg 211w, http:\/\/www.destrancheesauxbarricades.com\/wp-content\/uploads\/2022\/01\/Couv_souple_Livret_Page_1-600x852.jpg 600w, http:\/\/www.destrancheesauxbarricades.com\/wp-content\/uploads\/2022\/01\/Couv_souple_Livret_Page_1-scaled-64x91.jpg 64w, http:\/\/www.destrancheesauxbarricades.com\/wp-content\/uploads\/2022\/01\/Couv_souple_Livret_Page_1-721x1024.jpg 721w, http:\/\/www.destrancheesauxbarricades.com\/wp-content\/uploads\/2022\/01\/Couv_souple_Livret_Page_1-768x1090.jpg 768w, http:\/\/www.destrancheesauxbarricades.com\/wp-content\/uploads\/2022\/01\/Couv_souple_Livret_Page_1-1082x1536.jpg 1082w, http:\/\/www.destrancheesauxbarricades.com\/wp-content\/uploads\/2022\/01\/Couv_souple_Livret_Page_1-1443x2048.jpg 1443w, http:\/\/www.destrancheesauxbarricades.com\/wp-content\/uploads\/2022\/01\/Couv_souple_Livret_Page_1-328x466.jpg 328w, http:\/\/www.destrancheesauxbarricades.com\/wp-content\/uploads\/2022\/01\/Couv_souple_Livret_Page_1-scaled.jpg 1804w\" sizes=\"(max-width: 211px) 100vw, 211px\" \/> <img decoding=\"async\" class=\"alignnone size-medium wp-image-9017\" src=\"http:\/\/www.destrancheesauxbarricades.com\/wp-content\/uploads\/2022\/01\/LivretA4_pagesInt_HD_Page_03-211x300.jpg\" alt=\"\" width=\"211\" height=\"300\" srcset=\"http:\/\/www.destrancheesauxbarricades.com\/wp-content\/uploads\/2022\/01\/LivretA4_pagesInt_HD_Page_03-211x300.jpg 211w, http:\/\/www.destrancheesauxbarricades.com\/wp-content\/uploads\/2022\/01\/LivretA4_pagesInt_HD_Page_03-600x853.jpg 600w, http:\/\/www.destrancheesauxbarricades.com\/wp-content\/uploads\/2022\/01\/LivretA4_pagesInt_HD_Page_03-scaled-64x91.jpg 64w, http:\/\/www.destrancheesauxbarricades.com\/wp-content\/uploads\/2022\/01\/LivretA4_pagesInt_HD_Page_03-721x1024.jpg 721w, http:\/\/www.destrancheesauxbarricades.com\/wp-content\/uploads\/2022\/01\/LivretA4_pagesInt_HD_Page_03-768x1091.jpg 768w, http:\/\/www.destrancheesauxbarricades.com\/wp-content\/uploads\/2022\/01\/LivretA4_pagesInt_HD_Page_03-1081x1536.jpg 1081w, http:\/\/www.destrancheesauxbarricades.com\/wp-content\/uploads\/2022\/01\/LivretA4_pagesInt_HD_Page_03-1441x2048.jpg 1441w, http:\/\/www.destrancheesauxbarricades.com\/wp-content\/uploads\/2022\/01\/LivretA4_pagesInt_HD_Page_03-328x466.jpg 328w, http:\/\/www.destrancheesauxbarricades.com\/wp-content\/uploads\/2022\/01\/LivretA4_pagesInt_HD_Page_03-scaled.jpg 1802w\" sizes=\"(max-width: 211px) 100vw, 211px\" \/> <img decoding=\"async\" class=\"alignnone size-medium wp-image-9014\" src=\"http:\/\/www.destrancheesauxbarricades.com\/wp-content\/uploads\/2022\/01\/LivretA4_pagesInt_60-61-300x214.jpg\" alt=\"\" width=\"300\" height=\"214\" srcset=\"http:\/\/www.destrancheesauxbarricades.com\/wp-content\/uploads\/2022\/01\/LivretA4_pagesInt_60-61-300x214.jpg 300w, http:\/\/www.destrancheesauxbarricades.com\/wp-content\/uploads\/2022\/01\/LivretA4_pagesInt_60-61-600x427.jpg 600w, http:\/\/www.destrancheesauxbarricades.com\/wp-content\/uploads\/2022\/01\/LivretA4_pagesInt_60-61-scaled-64x46.jpg 64w, http:\/\/www.destrancheesauxbarricades.com\/wp-content\/uploads\/2022\/01\/LivretA4_pagesInt_60-61-1024x729.jpg 1024w, http:\/\/www.destrancheesauxbarricades.com\/wp-content\/uploads\/2022\/01\/LivretA4_pagesInt_60-61-768x547.jpg 768w, http:\/\/www.destrancheesauxbarricades.com\/wp-content\/uploads\/2022\/01\/LivretA4_pagesInt_60-61-1536x1093.jpg 1536w, http:\/\/www.destrancheesauxbarricades.com\/wp-content\/uploads\/2022\/01\/LivretA4_pagesInt_60-61-2048x1458.jpg 2048w, http:\/\/www.destrancheesauxbarricades.com\/wp-content\/uploads\/2022\/01\/LivretA4_pagesInt_60-61-328x233.jpg 328w\" sizes=\"(max-width: 300px) 100vw, 300px\" \/> <img loading=\"lazy\" decoding=\"async\" class=\"alignnone size-medium wp-image-9018\" src=\"http:\/\/www.destrancheesauxbarricades.com\/wp-content\/uploads\/2022\/01\/LivretA4_pagesInt_HD_Page_21-211x300.jpg\" alt=\"\" width=\"211\" height=\"300\" srcset=\"http:\/\/www.destrancheesauxbarricades.com\/wp-content\/uploads\/2022\/01\/LivretA4_pagesInt_HD_Page_21-211x300.jpg 211w, http:\/\/www.destrancheesauxbarricades.com\/wp-content\/uploads\/2022\/01\/LivretA4_pagesInt_HD_Page_21-600x853.jpg 600w, http:\/\/www.destrancheesauxbarricades.com\/wp-content\/uploads\/2022\/01\/LivretA4_pagesInt_HD_Page_21-scaled-64x91.jpg 64w, http:\/\/www.destrancheesauxbarricades.com\/wp-content\/uploads\/2022\/01\/LivretA4_pagesInt_HD_Page_21-720x1024.jpg 720w, http:\/\/www.destrancheesauxbarricades.com\/wp-content\/uploads\/2022\/01\/LivretA4_pagesInt_HD_Page_21-768x1092.jpg 768w, http:\/\/www.destrancheesauxbarricades.com\/wp-content\/uploads\/2022\/01\/LivretA4_pagesInt_HD_Page_21-1080x1536.jpg 1080w, http:\/\/www.destrancheesauxbarricades.com\/wp-content\/uploads\/2022\/01\/LivretA4_pagesInt_HD_Page_21-1440x2048.jpg 1440w, http:\/\/www.destrancheesauxbarricades.com\/wp-content\/uploads\/2022\/01\/LivretA4_pagesInt_HD_Page_21-328x466.jpg 328w, http:\/\/www.destrancheesauxbarricades.com\/wp-content\/uploads\/2022\/01\/LivretA4_pagesInt_HD_Page_21-scaled.jpg 1800w\" sizes=\"(max-width: 211px) 100vw, 211px\" \/> <img loading=\"lazy\" decoding=\"async\" class=\"alignnone size-medium wp-image-9020\" src=\"http:\/\/www.destrancheesauxbarricades.com\/wp-content\/uploads\/2022\/01\/LivretA4_pagesInt_HD_Page_42-210x300.jpg\" alt=\"\" width=\"210\" height=\"300\" srcset=\"http:\/\/www.destrancheesauxbarricades.com\/wp-content\/uploads\/2022\/01\/LivretA4_pagesInt_HD_Page_42-210x300.jpg 210w, http:\/\/www.destrancheesauxbarricades.com\/wp-content\/uploads\/2022\/01\/LivretA4_pagesInt_HD_Page_42-600x855.jpg 600w, http:\/\/www.destrancheesauxbarricades.com\/wp-content\/uploads\/2022\/01\/LivretA4_pagesInt_HD_Page_42-scaled-64x91.jpg 64w, http:\/\/www.destrancheesauxbarricades.com\/wp-content\/uploads\/2022\/01\/LivretA4_pagesInt_HD_Page_42-718x1024.jpg 718w, http:\/\/www.destrancheesauxbarricades.com\/wp-content\/uploads\/2022\/01\/LivretA4_pagesInt_HD_Page_42-768x1095.jpg 768w, http:\/\/www.destrancheesauxbarricades.com\/wp-content\/uploads\/2022\/01\/LivretA4_pagesInt_HD_Page_42-1078x1536.jpg 1078w, http:\/\/www.destrancheesauxbarricades.com\/wp-content\/uploads\/2022\/01\/LivretA4_pagesInt_HD_Page_42-1437x2048.jpg 1437w, http:\/\/www.destrancheesauxbarricades.com\/wp-content\/uploads\/2022\/01\/LivretA4_pagesInt_HD_Page_42-328x468.jpg 328w, http:\/\/www.destrancheesauxbarricades.com\/wp-content\/uploads\/2022\/01\/LivretA4_pagesInt_HD_Page_42-scaled.jpg 1796w\" sizes=\"(max-width: 210px) 100vw, 210px\" \/> <img loading=\"lazy\" decoding=\"async\" class=\"alignnone size-medium wp-image-9021\" src=\"http:\/\/www.destrancheesauxbarricades.com\/wp-content\/uploads\/2022\/01\/LivretA4_pagesInt_HD_Page_56-211x300.jpg\" alt=\"\" width=\"211\" height=\"300\" srcset=\"http:\/\/www.destrancheesauxbarricades.com\/wp-content\/uploads\/2022\/01\/LivretA4_pagesInt_HD_Page_56-211x300.jpg 211w, http:\/\/www.destrancheesauxbarricades.com\/wp-content\/uploads\/2022\/01\/LivretA4_pagesInt_HD_Page_56-600x852.jpg 600w, http:\/\/www.destrancheesauxbarricades.com\/wp-content\/uploads\/2022\/01\/LivretA4_pagesInt_HD_Page_56-scaled-64x91.jpg 64w, http:\/\/www.destrancheesauxbarricades.com\/wp-content\/uploads\/2022\/01\/LivretA4_pagesInt_HD_Page_56-721x1024.jpg 721w, http:\/\/www.destrancheesauxbarricades.com\/wp-content\/uploads\/2022\/01\/LivretA4_pagesInt_HD_Page_56-768x1091.jpg 768w, http:\/\/www.destrancheesauxbarricades.com\/wp-content\/uploads\/2022\/01\/LivretA4_pagesInt_HD_Page_56-1082x1536.jpg 1082w, http:\/\/www.destrancheesauxbarricades.com\/wp-content\/uploads\/2022\/01\/LivretA4_pagesInt_HD_Page_56-1442x2048.jpg 1442w, http:\/\/www.destrancheesauxbarricades.com\/wp-content\/uploads\/2022\/01\/LivretA4_pagesInt_HD_Page_56-328x466.jpg 328w, http:\/\/www.destrancheesauxbarricades.com\/wp-content\/uploads\/2022\/01\/LivretA4_pagesInt_HD_Page_56-scaled.jpg 1803w\" sizes=\"(max-width: 211px) 100vw, 211px\" \/> <img loading=\"lazy\" decoding=\"async\" class=\"alignnone size-medium wp-image-9019\" src=\"http:\/\/www.destrancheesauxbarricades.com\/wp-content\/uploads\/2022\/01\/LivretA4_pagesInt_HD_Page_22-211x300.jpg\" alt=\"\" width=\"211\" height=\"300\" srcset=\"http:\/\/www.destrancheesauxbarricades.com\/wp-content\/uploads\/2022\/01\/LivretA4_pagesInt_HD_Page_22-211x300.jpg 211w, http:\/\/www.destrancheesauxbarricades.com\/wp-content\/uploads\/2022\/01\/LivretA4_pagesInt_HD_Page_22-600x854.jpg 600w, http:\/\/www.destrancheesauxbarricades.com\/wp-content\/uploads\/2022\/01\/LivretA4_pagesInt_HD_Page_22-scaled-64x91.jpg 64w, http:\/\/www.destrancheesauxbarricades.com\/wp-content\/uploads\/2022\/01\/LivretA4_pagesInt_HD_Page_22-720x1024.jpg 720w, http:\/\/www.destrancheesauxbarricades.com\/wp-content\/uploads\/2022\/01\/LivretA4_pagesInt_HD_Page_22-768x1093.jpg 768w, http:\/\/www.destrancheesauxbarricades.com\/wp-content\/uploads\/2022\/01\/LivretA4_pagesInt_HD_Page_22-1079x1536.jpg 1079w, http:\/\/www.destrancheesauxbarricades.com\/wp-content\/uploads\/2022\/01\/LivretA4_pagesInt_HD_Page_22-1439x2048.jpg 1439w, http:\/\/www.destrancheesauxbarricades.com\/wp-content\/uploads\/2022\/01\/LivretA4_pagesInt_HD_Page_22-328x467.jpg 328w, http:\/\/www.destrancheesauxbarricades.com\/wp-content\/uploads\/2022\/01\/LivretA4_pagesInt_HD_Page_22-scaled.jpg 1799w\" sizes=\"(max-width: 211px) 100vw, 211px\" \/><\/p>\n<p>&nbsp;<\/p>\n<p>T\u00e9l\u00e9charger les\u00a0<a href=\"http:\/\/www.destrancheesauxbarricades.com\/wp-content\/uploads\/2022\/01\/A3_REGLES_HD.pdf\">Aides de Jeu<\/a><\/p>\n","protected":false},"excerpt":{"rendered":"<p>Kit de d\u00e9marrage \u00ab\u00a0Des Tranch\u00e9es Aux Barricades\u00a0\u00bb comprenant le livre de r\u00e8gles , un set de neuf d\u00e9s sp\u00e9ciaux et une planche de marqueurs.<\/p>\n<p>&nbsp;<\/p>\n","protected":false},"featured_media":9244,"template":"","meta":{"_monsterinsights_skip_tracking":false,"_monsterinsights_sitenote_active":false,"_monsterinsights_sitenote_note":"","_monsterinsights_sitenote_category":0},"product_brand":[],"product_cat":[159,90],"product_tag":[],"class_list":{"0":"post-9243","1":"product","2":"type-product","3":"status-publish","4":"has-post-thumbnail","6":"product_cat-des-tranchees-aux-barricades","7":"product_cat-regles-et-extensions","10":"first","11":"outofstock","12":"featured","13":"purchasable","14":"product-type-simple"},"yoast_head":"<!-- This site is optimized with the Yoast SEO plugin v27.5 - https:\/\/yoast.com\/product\/yoast-seo-wordpress\/ -->\n<title>Kit de d\u00e9marrage &quot;Des Tranch\u00e9es Aux Barricades&quot; - Des tranch\u00e9es aux barricades<\/title>\n<meta name=\"robots\" content=\"index, follow, max-snippet:-1, max-image-preview:large, max-video-preview:-1\" \/>\n<link rel=\"canonical\" href=\"http:\/\/www.destrancheesauxbarricades.com\/index.php\/product\/kit-de-demarrage-des-tranchees-aux-barricades\/\" \/>\n<meta property=\"og:locale\" content=\"fr_FR\" \/>\n<meta property=\"og:type\" content=\"article\" \/>\n<meta property=\"og:title\" content=\"Kit de d\u00e9marrage &quot;Des Tranch\u00e9es Aux Barricades&quot; - Des tranch\u00e9es aux barricades\" \/>\n<meta property=\"og:description\" content=\"Kit de d\u00e9marrage &quot;Des Tranch\u00e9es Aux Barricades&quot; comprenant le livre de r\u00e8gles , un set de neuf d\u00e9s sp\u00e9ciaux et une planche de marqueurs.  &nbsp;\" \/>\n<meta property=\"og:url\" content=\"http:\/\/www.destrancheesauxbarricades.com\/index.php\/product\/kit-de-demarrage-des-tranchees-aux-barricades\/\" \/>\n<meta property=\"og:site_name\" content=\"Des tranch\u00e9es aux barricades\" \/>\n<meta property=\"article:modified_time\" content=\"2024-11-02T23:03:53+00:00\" \/>\n<meta property=\"og:image\" content=\"http:\/\/www.destrancheesauxbarricades.com\/wp-content\/uploads\/2023\/03\/kit-de-demarrage-1024x1024.jpg\" \/>\n\t<meta property=\"og:image:width\" content=\"1024\" \/>\n\t<meta property=\"og:image:height\" content=\"1024\" \/>\n\t<meta property=\"og:image:type\" content=\"image\/jpeg\" \/>\n<meta name=\"twitter:card\" content=\"summary_large_image\" \/>\n<meta name=\"twitter:label1\" content=\"Dur\u00e9e de lecture estim\u00e9e\" \/>\n\t<meta name=\"twitter:data1\" content=\"3 minutes\" \/>\n<script type=\"application\/ld+json\" class=\"yoast-schema-graph\">{\"@context\":\"https:\\\/\\\/schema.org\",\"@graph\":[{\"@type\":\"WebPage\",\"@id\":\"http:\\\/\\\/www.destrancheesauxbarricades.com\\\/index.php\\\/product\\\/kit-de-demarrage-des-tranchees-aux-barricades\\\/\",\"url\":\"http:\\\/\\\/www.destrancheesauxbarricades.com\\\/index.php\\\/product\\\/kit-de-demarrage-des-tranchees-aux-barricades\\\/\",\"name\":\"Kit de d\u00e9marrage \\\"Des Tranch\u00e9es Aux Barricades\\\" - Des tranch\u00e9es aux barricades\",\"isPartOf\":{\"@id\":\"http:\\\/\\\/www.destrancheesauxbarricades.com\\\/#website\"},\"primaryImageOfPage\":{\"@id\":\"http:\\\/\\\/www.destrancheesauxbarricades.com\\\/index.php\\\/product\\\/kit-de-demarrage-des-tranchees-aux-barricades\\\/#primaryimage\"},\"image\":{\"@id\":\"http:\\\/\\\/www.destrancheesauxbarricades.com\\\/index.php\\\/product\\\/kit-de-demarrage-des-tranchees-aux-barricades\\\/#primaryimage\"},\"thumbnailUrl\":\"http:\\\/\\\/www.destrancheesauxbarricades.com\\\/wp-content\\\/uploads\\\/2023\\\/03\\\/kit-de-demarrage.jpg\",\"datePublished\":\"2023-03-24T13:04:01+00:00\",\"dateModified\":\"2024-11-02T23:03:53+00:00\",\"breadcrumb\":{\"@id\":\"http:\\\/\\\/www.destrancheesauxbarricades.com\\\/index.php\\\/product\\\/kit-de-demarrage-des-tranchees-aux-barricades\\\/#breadcrumb\"},\"inLanguage\":\"fr-FR\",\"potentialAction\":[{\"@type\":\"ReadAction\",\"target\":[\"http:\\\/\\\/www.destrancheesauxbarricades.com\\\/index.php\\\/product\\\/kit-de-demarrage-des-tranchees-aux-barricades\\\/\"]}]},{\"@type\":\"ImageObject\",\"inLanguage\":\"fr-FR\",\"@id\":\"http:\\\/\\\/www.destrancheesauxbarricades.com\\\/index.php\\\/product\\\/kit-de-demarrage-des-tranchees-aux-barricades\\\/#primaryimage\",\"url\":\"http:\\\/\\\/www.destrancheesauxbarricades.com\\\/wp-content\\\/uploads\\\/2023\\\/03\\\/kit-de-demarrage.jpg\",\"contentUrl\":\"http:\\\/\\\/www.destrancheesauxbarricades.com\\\/wp-content\\\/uploads\\\/2023\\\/03\\\/kit-de-demarrage.jpg\",\"width\":2500,\"height\":2500},{\"@type\":\"BreadcrumbList\",\"@id\":\"http:\\\/\\\/www.destrancheesauxbarricades.com\\\/index.php\\\/product\\\/kit-de-demarrage-des-tranchees-aux-barricades\\\/#breadcrumb\",\"itemListElement\":[{\"@type\":\"ListItem\",\"position\":1,\"name\":\"Accueil\",\"item\":\"http:\\\/\\\/www.destrancheesauxbarricades.com\\\/\"},{\"@type\":\"ListItem\",\"position\":2,\"name\":\"Shop\",\"item\":\"http:\\\/\\\/www.destrancheesauxbarricades.com\\\/index.php\\\/shop\\\/\"},{\"@type\":\"ListItem\",\"position\":3,\"name\":\"Kit de d\u00e9marrage \u00ab\u00a0Des Tranch\u00e9es Aux Barricades\u00a0\u00bb\"}]},{\"@type\":\"WebSite\",\"@id\":\"http:\\\/\\\/www.destrancheesauxbarricades.com\\\/#website\",\"url\":\"http:\\\/\\\/www.destrancheesauxbarricades.com\\\/\",\"name\":\"Des tranch\u00e9es aux barricades\",\"description\":\"Jeu d&#039;escarmouches au d\u00e9but du XXe si\u00e8cle\",\"potentialAction\":[{\"@type\":\"SearchAction\",\"target\":{\"@type\":\"EntryPoint\",\"urlTemplate\":\"http:\\\/\\\/www.destrancheesauxbarricades.com\\\/?s={search_term_string}\"},\"query-input\":{\"@type\":\"PropertyValueSpecification\",\"valueRequired\":true,\"valueName\":\"search_term_string\"}}],\"inLanguage\":\"fr-FR\"}]}<\/script>\n<!-- \/ Yoast SEO plugin. -->","yoast_head_json":{"title":"Kit de d\u00e9marrage \"Des Tranch\u00e9es Aux Barricades\" - Des tranch\u00e9es aux barricades","robots":{"index":"index","follow":"follow","max-snippet":"max-snippet:-1","max-image-preview":"max-image-preview:large","max-video-preview":"max-video-preview:-1"},"canonical":"http:\/\/www.destrancheesauxbarricades.com\/index.php\/product\/kit-de-demarrage-des-tranchees-aux-barricades\/","og_locale":"fr_FR","og_type":"article","og_title":"Kit de d\u00e9marrage \"Des Tranch\u00e9es Aux Barricades\" - Des tranch\u00e9es aux barricades","og_description":"Kit de d\u00e9marrage \"Des Tranch\u00e9es Aux Barricades\" comprenant le livre de r\u00e8gles , un set de neuf d\u00e9s sp\u00e9ciaux et une planche de marqueurs.  &nbsp;","og_url":"http:\/\/www.destrancheesauxbarricades.com\/index.php\/product\/kit-de-demarrage-des-tranchees-aux-barricades\/","og_site_name":"Des tranch\u00e9es aux barricades","article_modified_time":"2024-11-02T23:03:53+00:00","og_image":[{"width":1024,"height":1024,"url":"http:\/\/www.destrancheesauxbarricades.com\/wp-content\/uploads\/2023\/03\/kit-de-demarrage-1024x1024.jpg","type":"image\/jpeg"}],"twitter_card":"summary_large_image","twitter_misc":{"Dur\u00e9e de lecture estim\u00e9e":"3 minutes"},"schema":{"@context":"https:\/\/schema.org","@graph":[{"@type":"WebPage","@id":"http:\/\/www.destrancheesauxbarricades.com\/index.php\/product\/kit-de-demarrage-des-tranchees-aux-barricades\/","url":"http:\/\/www.destrancheesauxbarricades.com\/index.php\/product\/kit-de-demarrage-des-tranchees-aux-barricades\/","name":"Kit de d\u00e9marrage \"Des Tranch\u00e9es Aux Barricades\" - Des tranch\u00e9es aux barricades","isPartOf":{"@id":"http:\/\/www.destrancheesauxbarricades.com\/#website"},"primaryImageOfPage":{"@id":"http:\/\/www.destrancheesauxbarricades.com\/index.php\/product\/kit-de-demarrage-des-tranchees-aux-barricades\/#primaryimage"},"image":{"@id":"http:\/\/www.destrancheesauxbarricades.com\/index.php\/product\/kit-de-demarrage-des-tranchees-aux-barricades\/#primaryimage"},"thumbnailUrl":"http:\/\/www.destrancheesauxbarricades.com\/wp-content\/uploads\/2023\/03\/kit-de-demarrage.jpg","datePublished":"2023-03-24T13:04:01+00:00","dateModified":"2024-11-02T23:03:53+00:00","breadcrumb":{"@id":"http:\/\/www.destrancheesauxbarricades.com\/index.php\/product\/kit-de-demarrage-des-tranchees-aux-barricades\/#breadcrumb"},"inLanguage":"fr-FR","potentialAction":[{"@type":"ReadAction","target":["http:\/\/www.destrancheesauxbarricades.com\/index.php\/product\/kit-de-demarrage-des-tranchees-aux-barricades\/"]}]},{"@type":"ImageObject","inLanguage":"fr-FR","@id":"http:\/\/www.destrancheesauxbarricades.com\/index.php\/product\/kit-de-demarrage-des-tranchees-aux-barricades\/#primaryimage","url":"http:\/\/www.destrancheesauxbarricades.com\/wp-content\/uploads\/2023\/03\/kit-de-demarrage.jpg","contentUrl":"http:\/\/www.destrancheesauxbarricades.com\/wp-content\/uploads\/2023\/03\/kit-de-demarrage.jpg","width":2500,"height":2500},{"@type":"BreadcrumbList","@id":"http:\/\/www.destrancheesauxbarricades.com\/index.php\/product\/kit-de-demarrage-des-tranchees-aux-barricades\/#breadcrumb","itemListElement":[{"@type":"ListItem","position":1,"name":"Accueil","item":"http:\/\/www.destrancheesauxbarricades.com\/"},{"@type":"ListItem","position":2,"name":"Shop","item":"http:\/\/www.destrancheesauxbarricades.com\/index.php\/shop\/"},{"@type":"ListItem","position":3,"name":"Kit de d\u00e9marrage \u00ab\u00a0Des Tranch\u00e9es Aux Barricades\u00a0\u00bb"}]},{"@type":"WebSite","@id":"http:\/\/www.destrancheesauxbarricades.com\/#website","url":"http:\/\/www.destrancheesauxbarricades.com\/","name":"Des tranch\u00e9es aux barricades","description":"Jeu d&#039;escarmouches au d\u00e9but du XXe si\u00e8cle","potentialAction":[{"@type":"SearchAction","target":{"@type":"EntryPoint","urlTemplate":"http:\/\/www.destrancheesauxbarricades.com\/?s={search_term_string}"},"query-input":{"@type":"PropertyValueSpecification","valueRequired":true,"valueName":"search_term_string"}}],"inLanguage":"fr-FR"}]}},"jetpack_sharing_enabled":true,"_links":{"self":[{"href":"http:\/\/www.destrancheesauxbarricades.com\/index.php\/wp-json\/wp\/v2\/product\/9243","targetHints":{"allow":["GET"]}}],"collection":[{"href":"http:\/\/www.destrancheesauxbarricades.com\/index.php\/wp-json\/wp\/v2\/product"}],"about":[{"href":"http:\/\/www.destrancheesauxbarricades.com\/index.php\/wp-json\/wp\/v2\/types\/product"}],"version-history":[{"count":0,"href":"http:\/\/www.destrancheesauxbarricades.com\/index.php\/wp-json\/wp\/v2\/product\/9243\/revisions"}],"wp:featuredmedia":[{"embeddable":true,"href":"http:\/\/www.destrancheesauxbarricades.com\/index.php\/wp-json\/wp\/v2\/media\/9244"}],"wp:attachment":[{"href":"http:\/\/www.destrancheesauxbarricades.com\/index.php\/wp-json\/wp\/v2\/media?parent=9243"}],"wp:term":[{"taxonomy":"product_brand","embeddable":true,"href":"http:\/\/www.destrancheesauxbarricades.com\/index.php\/wp-json\/wp\/v2\/product_brand?post=9243"},{"taxonomy":"product_cat","embeddable":true,"href":"http:\/\/www.destrancheesauxbarricades.com\/index.php\/wp-json\/wp\/v2\/product_cat?post=9243"},{"taxonomy":"product_tag","embeddable":true,"href":"http:\/\/www.destrancheesauxbarricades.com\/index.php\/wp-json\/wp\/v2\/product_tag?post=9243"}],"curies":[{"name":"wp","href":"https:\/\/api.w.org\/{rel}","templated":true}]}}