{"id":9165,"date":"2023-03-14T11:48:42","date_gmt":"2023-03-14T11:48:42","guid":{"rendered":"https:\/\/www.destrancheesauxbarricades.com\/?post_type=product&#038;p=9165"},"modified":"2024-11-02T23:04:00","modified_gmt":"2024-11-02T23:04:00","slug":"lappel-du-desert-la-boite-de-jeu","status":"publish","type":"product","link":"http:\/\/www.destrancheesauxbarricades.com\/index.php\/product\/lappel-du-desert-la-boite-de-jeu\/","title":{"rendered":"L&rsquo;Appel du D\u00e9sert &#8211; la boite de jeu"},"content":{"rendered":"<p>L&rsquo;Appel du d\u00e9sert &#8211; la boite de jeu<\/p>\n<p>Arabie &#8211; 6 juin1916 &#8211; Le Ch\u00e9rif de la Mecque, Hussein Ben Ali, appelle les tribus arabes \u00e0 se soulever contre l&rsquo;occupant ottoman.<\/p>\n<p><em>L&rsquo;Appel du D\u00e9sert &#8211; la boite de jeu<\/em> vous propose de revire les principaux \u00e9v\u00e9nements de la grande r\u00e9volte arabe, qui a oppos\u00e9 l&rsquo;arm\u00e9e ottomane aux tribus arabes appuy\u00e9es par l&rsquo;Empire Britannique.<\/p>\n<p><em>L&rsquo;Appel du D\u00e9sert &#8211; la boite de jeu<\/em> combine la richesse de la r\u00e8gle pour figurines <em>Des Tranch\u00e9es Aux Barricades<\/em> avec la simplicit\u00e9 d&rsquo;utilisation d&rsquo;un jeu de soci\u00e9t\u00e9.<\/p>\n<p>Alors, comme Lawrence d&rsquo;Arabie, traversez le d\u00e9sert du N\u00e9foud \u00e0 dos de chameau et prenez d&rsquo;assaut la ville d&rsquo;Aquaba!<\/p>\n<p><em>L&rsquo;Appel du D\u00e9sert &#8211; la boite de jeu<\/em> contient :<\/p>\n<ul>\n<li>le livre des r\u00e8gles int\u00e9grales en VF des <em>Des Tranch\u00e9es Aux Barricades (selon l&rsquo;option choisie)<\/em><\/li>\n<li>Une arm\u00e9e Ottomane en mdf \u00e0 d\u00e9puncher<\/li>\n<li>Une arm\u00e9e de la R\u00e9volte Arabe en mdf \u00e0 d\u00e9puncher<\/li>\n<li>Un tapis de jeu en tissu<\/li>\n<li>Deux planches de d\u00e9cors en mdf \u00e0 d\u00e9puncher<\/li>\n<li>Neuf d\u00e9s sp\u00e9ciaux<\/li>\n<li>des marqueurs en mdf<\/li>\n<li>un sac en tissu et des pions d&rsquo;activation<\/li>\n<\/ul>\n<p>&nbsp;<\/p>\n<p>&nbsp;<\/p>\n<p>&nbsp;<\/p>\n","protected":false},"excerpt":{"rendered":"<p><em>L&rsquo;Appel du D\u00e9sert &#8211; la boite de jeu<\/em> contient :<\/p>\n<ul>\n<li>le livre des r\u00e8gles int\u00e9grales en VF des <em>Des Tranch\u00e9es Aux Barricades selon option<\/em><\/li>\n<li>Une arm\u00e9e Ottomane en mdf \u00e0 d\u00e9puncher<\/li>\n<li>Une arm\u00e9e de la R\u00e9volte Arabe en mdf \u00e0 d\u00e9puncher<\/li>\n<li>Un tapis de jeu en tissu<\/li>\n<li>Deux planches de d\u00e9cors en mdf \u00e0 d\u00e9puncher<\/li>\n<li>Neuf d\u00e9s sp\u00e9ciaux<\/li>\n<li>des marqueurs en mdf<\/li>\n<li>un sac en tissu et des pions d&rsquo;activation<\/li>\n<\/ul>\n","protected":false},"featured_media":9202,"template":"","meta":{"_monsterinsights_skip_tracking":false,"_monsterinsights_sitenote_active":false,"_monsterinsights_sitenote_note":"","_monsterinsights_sitenote_category":0},"product_brand":[],"product_cat":[159,90],"product_tag":[],"class_list":{"0":"post-9165","1":"product","2":"type-product","3":"status-publish","4":"has-post-thumbnail","6":"product_cat-des-tranchees-aux-barricades","7":"product_cat-regles-et-extensions","10":"first","11":"outofstock","12":"purchasable","13":"product-type-variable","14":"has-default-attributes"},"yoast_head":"<!-- This site is optimized with the Yoast SEO plugin v27.3 - https:\/\/yoast.com\/product\/yoast-seo-wordpress\/ -->\n<title>L&#039;Appel du D\u00e9sert - la boite de jeu - Des tranch\u00e9es aux barricades<\/title>\n<meta name=\"robots\" content=\"index, follow, max-snippet:-1, max-image-preview:large, max-video-preview:-1\" \/>\n<link rel=\"canonical\" href=\"http:\/\/www.destrancheesauxbarricades.com\/index.php\/product\/lappel-du-desert-la-boite-de-jeu\/\" \/>\n<meta property=\"og:locale\" content=\"fr_FR\" \/>\n<meta property=\"og:type\" content=\"article\" \/>\n<meta property=\"og:title\" content=\"L&#039;Appel du D\u00e9sert - la boite de jeu - Des tranch\u00e9es aux barricades\" \/>\n<meta property=\"og:description\" content=\"L&#039;Appel du D\u00e9sert - la boite de jeu contient :   le livre des r\u00e8gles int\u00e9grales en VF des Des Tranch\u00e9es Aux Barricades selon option  Une arm\u00e9e Ottomane en mdf \u00e0 d\u00e9puncher  Une arm\u00e9e de la R\u00e9volte Arabe en mdf \u00e0 d\u00e9puncher  Un tapis de jeu en tissu  Deux planches de d\u00e9cors en mdf \u00e0 d\u00e9puncher  Neuf d\u00e9s sp\u00e9ciaux  des marqueurs en mdf  un sac en tissu et des pions d&#039;activation\" \/>\n<meta property=\"og:url\" content=\"http:\/\/www.destrancheesauxbarricades.com\/index.php\/product\/lappel-du-desert-la-boite-de-jeu\/\" \/>\n<meta property=\"og:site_name\" content=\"Des tranch\u00e9es aux barricades\" \/>\n<meta property=\"article:modified_time\" content=\"2024-11-02T23:04:00+00:00\" \/>\n<meta property=\"og:image\" content=\"http:\/\/www.destrancheesauxbarricades.com\/wp-content\/uploads\/2023\/03\/screenshot-1.jpg\" \/>\n\t<meta property=\"og:image:width\" content=\"689\" \/>\n\t<meta property=\"og:image:height\" content=\"666\" \/>\n\t<meta property=\"og:image:type\" content=\"image\/jpeg\" \/>\n<meta name=\"twitter:card\" content=\"summary_large_image\" \/>\n<meta name=\"twitter:label1\" content=\"Dur\u00e9e de lecture estim\u00e9e\" \/>\n\t<meta name=\"twitter:data1\" content=\"2 minutes\" \/>\n<script type=\"application\/ld+json\" class=\"yoast-schema-graph\">{\"@context\":\"https:\\\/\\\/schema.org\",\"@graph\":[{\"@type\":\"WebPage\",\"@id\":\"http:\\\/\\\/www.destrancheesauxbarricades.com\\\/index.php\\\/product\\\/lappel-du-desert-la-boite-de-jeu\\\/\",\"url\":\"http:\\\/\\\/www.destrancheesauxbarricades.com\\\/index.php\\\/product\\\/lappel-du-desert-la-boite-de-jeu\\\/\",\"name\":\"L'Appel du D\u00e9sert - la boite de jeu - Des tranch\u00e9es aux barricades\",\"isPartOf\":{\"@id\":\"https:\\\/\\\/www.destrancheesauxbarricades.com\\\/#website\"},\"primaryImageOfPage\":{\"@id\":\"http:\\\/\\\/www.destrancheesauxbarricades.com\\\/index.php\\\/product\\\/lappel-du-desert-la-boite-de-jeu\\\/#primaryimage\"},\"image\":{\"@id\":\"http:\\\/\\\/www.destrancheesauxbarricades.com\\\/index.php\\\/product\\\/lappel-du-desert-la-boite-de-jeu\\\/#primaryimage\"},\"thumbnailUrl\":\"http:\\\/\\\/www.destrancheesauxbarricades.com\\\/wp-content\\\/uploads\\\/2023\\\/03\\\/screenshot-1.jpg\",\"datePublished\":\"2023-03-14T11:48:42+00:00\",\"dateModified\":\"2024-11-02T23:04:00+00:00\",\"breadcrumb\":{\"@id\":\"http:\\\/\\\/www.destrancheesauxbarricades.com\\\/index.php\\\/product\\\/lappel-du-desert-la-boite-de-jeu\\\/#breadcrumb\"},\"inLanguage\":\"fr-FR\",\"potentialAction\":[{\"@type\":\"ReadAction\",\"target\":[\"http:\\\/\\\/www.destrancheesauxbarricades.com\\\/index.php\\\/product\\\/lappel-du-desert-la-boite-de-jeu\\\/\"]}]},{\"@type\":\"ImageObject\",\"inLanguage\":\"fr-FR\",\"@id\":\"http:\\\/\\\/www.destrancheesauxbarricades.com\\\/index.php\\\/product\\\/lappel-du-desert-la-boite-de-jeu\\\/#primaryimage\",\"url\":\"http:\\\/\\\/www.destrancheesauxbarricades.com\\\/wp-content\\\/uploads\\\/2023\\\/03\\\/screenshot-1.jpg\",\"contentUrl\":\"http:\\\/\\\/www.destrancheesauxbarricades.com\\\/wp-content\\\/uploads\\\/2023\\\/03\\\/screenshot-1.jpg\",\"width\":689,\"height\":666},{\"@type\":\"BreadcrumbList\",\"@id\":\"http:\\\/\\\/www.destrancheesauxbarricades.com\\\/index.php\\\/product\\\/lappel-du-desert-la-boite-de-jeu\\\/#breadcrumb\",\"itemListElement\":[{\"@type\":\"ListItem\",\"position\":1,\"name\":\"Accueil\",\"item\":\"https:\\\/\\\/www.destrancheesauxbarricades.com\\\/\"},{\"@type\":\"ListItem\",\"position\":2,\"name\":\"Shop\",\"item\":\"https:\\\/\\\/www.destrancheesauxbarricades.com\\\/index.php\\\/shop\\\/\"},{\"@type\":\"ListItem\",\"position\":3,\"name\":\"L&#8217;Appel du D\u00e9sert &#8211; la boite de jeu\"}]},{\"@type\":\"WebSite\",\"@id\":\"https:\\\/\\\/www.destrancheesauxbarricades.com\\\/#website\",\"url\":\"https:\\\/\\\/www.destrancheesauxbarricades.com\\\/\",\"name\":\"Des tranch\u00e9es aux barricades\",\"description\":\"Jeu d&#039;escarmouches au d\u00e9but du XXe si\u00e8cle\",\"potentialAction\":[{\"@type\":\"SearchAction\",\"target\":{\"@type\":\"EntryPoint\",\"urlTemplate\":\"https:\\\/\\\/www.destrancheesauxbarricades.com\\\/?s={search_term_string}\"},\"query-input\":{\"@type\":\"PropertyValueSpecification\",\"valueRequired\":true,\"valueName\":\"search_term_string\"}}],\"inLanguage\":\"fr-FR\"}]}<\/script>\n<!-- \/ Yoast SEO plugin. -->","yoast_head_json":{"title":"L'Appel du D\u00e9sert - la boite de jeu - Des tranch\u00e9es aux barricades","robots":{"index":"index","follow":"follow","max-snippet":"max-snippet:-1","max-image-preview":"max-image-preview:large","max-video-preview":"max-video-preview:-1"},"canonical":"http:\/\/www.destrancheesauxbarricades.com\/index.php\/product\/lappel-du-desert-la-boite-de-jeu\/","og_locale":"fr_FR","og_type":"article","og_title":"L'Appel du D\u00e9sert - la boite de jeu - Des tranch\u00e9es aux barricades","og_description":"L'Appel du D\u00e9sert - la boite de jeu contient :   le livre des r\u00e8gles int\u00e9grales en VF des Des Tranch\u00e9es Aux Barricades selon option  Une arm\u00e9e Ottomane en mdf \u00e0 d\u00e9puncher  Une arm\u00e9e de la R\u00e9volte Arabe en mdf \u00e0 d\u00e9puncher  Un tapis de jeu en tissu  Deux planches de d\u00e9cors en mdf \u00e0 d\u00e9puncher  Neuf d\u00e9s sp\u00e9ciaux  des marqueurs en mdf  un sac en tissu et des pions d'activation","og_url":"http:\/\/www.destrancheesauxbarricades.com\/index.php\/product\/lappel-du-desert-la-boite-de-jeu\/","og_site_name":"Des tranch\u00e9es aux barricades","article_modified_time":"2024-11-02T23:04:00+00:00","og_image":[{"width":689,"height":666,"url":"http:\/\/www.destrancheesauxbarricades.com\/wp-content\/uploads\/2023\/03\/screenshot-1.jpg","type":"image\/jpeg"}],"twitter_card":"summary_large_image","twitter_misc":{"Dur\u00e9e de lecture estim\u00e9e":"2 minutes"},"schema":{"@context":"https:\/\/schema.org","@graph":[{"@type":"WebPage","@id":"http:\/\/www.destrancheesauxbarricades.com\/index.php\/product\/lappel-du-desert-la-boite-de-jeu\/","url":"http:\/\/www.destrancheesauxbarricades.com\/index.php\/product\/lappel-du-desert-la-boite-de-jeu\/","name":"L'Appel du D\u00e9sert - la boite de jeu - Des tranch\u00e9es aux barricades","isPartOf":{"@id":"https:\/\/www.destrancheesauxbarricades.com\/#website"},"primaryImageOfPage":{"@id":"http:\/\/www.destrancheesauxbarricades.com\/index.php\/product\/lappel-du-desert-la-boite-de-jeu\/#primaryimage"},"image":{"@id":"http:\/\/www.destrancheesauxbarricades.com\/index.php\/product\/lappel-du-desert-la-boite-de-jeu\/#primaryimage"},"thumbnailUrl":"http:\/\/www.destrancheesauxbarricades.com\/wp-content\/uploads\/2023\/03\/screenshot-1.jpg","datePublished":"2023-03-14T11:48:42+00:00","dateModified":"2024-11-02T23:04:00+00:00","breadcrumb":{"@id":"http:\/\/www.destrancheesauxbarricades.com\/index.php\/product\/lappel-du-desert-la-boite-de-jeu\/#breadcrumb"},"inLanguage":"fr-FR","potentialAction":[{"@type":"ReadAction","target":["http:\/\/www.destrancheesauxbarricades.com\/index.php\/product\/lappel-du-desert-la-boite-de-jeu\/"]}]},{"@type":"ImageObject","inLanguage":"fr-FR","@id":"http:\/\/www.destrancheesauxbarricades.com\/index.php\/product\/lappel-du-desert-la-boite-de-jeu\/#primaryimage","url":"http:\/\/www.destrancheesauxbarricades.com\/wp-content\/uploads\/2023\/03\/screenshot-1.jpg","contentUrl":"http:\/\/www.destrancheesauxbarricades.com\/wp-content\/uploads\/2023\/03\/screenshot-1.jpg","width":689,"height":666},{"@type":"BreadcrumbList","@id":"http:\/\/www.destrancheesauxbarricades.com\/index.php\/product\/lappel-du-desert-la-boite-de-jeu\/#breadcrumb","itemListElement":[{"@type":"ListItem","position":1,"name":"Accueil","item":"https:\/\/www.destrancheesauxbarricades.com\/"},{"@type":"ListItem","position":2,"name":"Shop","item":"https:\/\/www.destrancheesauxbarricades.com\/index.php\/shop\/"},{"@type":"ListItem","position":3,"name":"L&#8217;Appel du D\u00e9sert &#8211; la boite de jeu"}]},{"@type":"WebSite","@id":"https:\/\/www.destrancheesauxbarricades.com\/#website","url":"https:\/\/www.destrancheesauxbarricades.com\/","name":"Des tranch\u00e9es aux barricades","description":"Jeu d&#039;escarmouches au d\u00e9but du XXe si\u00e8cle","potentialAction":[{"@type":"SearchAction","target":{"@type":"EntryPoint","urlTemplate":"https:\/\/www.destrancheesauxbarricades.com\/?s={search_term_string}"},"query-input":{"@type":"PropertyValueSpecification","valueRequired":true,"valueName":"search_term_string"}}],"inLanguage":"fr-FR"}]}},"jetpack_sharing_enabled":true,"_links":{"self":[{"href":"http:\/\/www.destrancheesauxbarricades.com\/index.php\/wp-json\/wp\/v2\/product\/9165","targetHints":{"allow":["GET"]}}],"collection":[{"href":"http:\/\/www.destrancheesauxbarricades.com\/index.php\/wp-json\/wp\/v2\/product"}],"about":[{"href":"http:\/\/www.destrancheesauxbarricades.com\/index.php\/wp-json\/wp\/v2\/types\/product"}],"version-history":[{"count":1,"href":"http:\/\/www.destrancheesauxbarricades.com\/index.php\/wp-json\/wp\/v2\/product\/9165\/revisions"}],"predecessor-version":[{"id":9613,"href":"http:\/\/www.destrancheesauxbarricades.com\/index.php\/wp-json\/wp\/v2\/product\/9165\/revisions\/9613"}],"wp:featuredmedia":[{"embeddable":true,"href":"http:\/\/www.destrancheesauxbarricades.com\/index.php\/wp-json\/wp\/v2\/media\/9202"}],"wp:attachment":[{"href":"http:\/\/www.destrancheesauxbarricades.com\/index.php\/wp-json\/wp\/v2\/media?parent=9165"}],"wp:term":[{"taxonomy":"product_brand","embeddable":true,"href":"http:\/\/www.destrancheesauxbarricades.com\/index.php\/wp-json\/wp\/v2\/product_brand?post=9165"},{"taxonomy":"product_cat","embeddable":true,"href":"http:\/\/www.destrancheesauxbarricades.com\/index.php\/wp-json\/wp\/v2\/product_cat?post=9165"},{"taxonomy":"product_tag","embeddable":true,"href":"http:\/\/www.destrancheesauxbarricades.com\/index.php\/wp-json\/wp\/v2\/product_tag?post=9165"}],"curies":[{"name":"wp","href":"https:\/\/api.w.org\/{rel}","templated":true}]}}