{"id":9128,"date":"2023-02-12T08:59:38","date_gmt":"2023-02-12T08:59:38","guid":{"rendered":"https:\/\/www.destrancheesauxbarricades.com\/?post_type=product&#038;p=9128"},"modified":"2024-11-02T23:04:05","modified_gmt":"2024-11-02T23:04:05","slug":"set-de-9-des-speciaux-scw","status":"publish","type":"product","link":"http:\/\/www.destrancheesauxbarricades.com\/index.php\/product\/set-de-9-des-speciaux-scw\/","title":{"rendered":"Set de 9 d\u00e9s sp\u00e9ciaux (SCW)"},"content":{"rendered":"<p>Un set de 9 d\u00e9s sp\u00e9ciaux (3 d\u00e9s \u00ab\u00a0milice\u00a0\u00bb, 3 d\u00e9s \u00ab\u00a0r\u00e9gulier\u00a0\u00bb et 3 d\u00e9s \u00ab\u00a0\u00e9lite\u00a0\u00bb)<\/p>\n<p>aux couleurs de la Guerre Civile Espagnole<\/p>\n<p>&nbsp;<\/p>\n<p>Ceci n\u2019est pas un jouet &#8211; Ne convient pas aux enfants de moins de 14 ans.<\/p>\n","protected":false},"excerpt":{"rendered":"<p>Set de 9 d\u00e9s sp\u00e9ciaux<\/p>\n","protected":false},"featured_media":9129,"template":"","meta":{"_monsterinsights_skip_tracking":false,"_monsterinsights_sitenote_active":false,"_monsterinsights_sitenote_note":"","_monsterinsights_sitenote_category":0},"product_brand":[],"product_cat":[159,90],"product_tag":[],"class_list":{"0":"post-9128","1":"product","2":"type-product","3":"status-publish","4":"has-post-thumbnail","6":"product_cat-des-tranchees-aux-barricades","7":"product_cat-regles-et-extensions","10":"first","11":"outofstock","12":"purchasable","13":"product-type-simple"},"yoast_head":"<!-- This site is optimized with the Yoast SEO plugin v27.3 - https:\/\/yoast.com\/product\/yoast-seo-wordpress\/ -->\n<title>Set de 9 d\u00e9s sp\u00e9ciaux (SCW) - Des tranch\u00e9es aux barricades<\/title>\n<meta name=\"robots\" content=\"index, follow, max-snippet:-1, max-image-preview:large, max-video-preview:-1\" \/>\n<link rel=\"canonical\" href=\"http:\/\/www.destrancheesauxbarricades.com\/index.php\/product\/set-de-9-des-speciaux-scw\/\" \/>\n<meta property=\"og:locale\" content=\"fr_FR\" \/>\n<meta property=\"og:type\" content=\"article\" \/>\n<meta property=\"og:title\" content=\"Set de 9 d\u00e9s sp\u00e9ciaux (SCW) - Des tranch\u00e9es aux barricades\" \/>\n<meta property=\"og:description\" content=\"Set de 9 d\u00e9s sp\u00e9ciaux\" \/>\n<meta property=\"og:url\" content=\"http:\/\/www.destrancheesauxbarricades.com\/index.php\/product\/set-de-9-des-speciaux-scw\/\" \/>\n<meta property=\"og:site_name\" content=\"Des tranch\u00e9es aux barricades\" \/>\n<meta property=\"article:modified_time\" content=\"2024-11-02T23:04:05+00:00\" \/>\n<meta property=\"og:image\" content=\"http:\/\/www.destrancheesauxbarricades.com\/wp-content\/uploads\/2023\/02\/des-scw-carre.jpg\" \/>\n\t<meta property=\"og:image:width\" content=\"1677\" \/>\n\t<meta property=\"og:image:height\" content=\"1677\" \/>\n\t<meta property=\"og:image:type\" content=\"image\/jpeg\" \/>\n<meta name=\"twitter:card\" content=\"summary_large_image\" \/>\n<meta name=\"twitter:label1\" content=\"Dur\u00e9e de lecture estim\u00e9e\" \/>\n\t<meta name=\"twitter:data1\" content=\"1 minute\" \/>\n<script type=\"application\/ld+json\" class=\"yoast-schema-graph\">{\"@context\":\"https:\\\/\\\/schema.org\",\"@graph\":[{\"@type\":\"WebPage\",\"@id\":\"http:\\\/\\\/www.destrancheesauxbarricades.com\\\/index.php\\\/product\\\/set-de-9-des-speciaux-scw\\\/\",\"url\":\"http:\\\/\\\/www.destrancheesauxbarricades.com\\\/index.php\\\/product\\\/set-de-9-des-speciaux-scw\\\/\",\"name\":\"Set de 9 d\u00e9s sp\u00e9ciaux (SCW) - Des tranch\u00e9es aux barricades\",\"isPartOf\":{\"@id\":\"https:\\\/\\\/www.destrancheesauxbarricades.com\\\/#website\"},\"primaryImageOfPage\":{\"@id\":\"http:\\\/\\\/www.destrancheesauxbarricades.com\\\/index.php\\\/product\\\/set-de-9-des-speciaux-scw\\\/#primaryimage\"},\"image\":{\"@id\":\"http:\\\/\\\/www.destrancheesauxbarricades.com\\\/index.php\\\/product\\\/set-de-9-des-speciaux-scw\\\/#primaryimage\"},\"thumbnailUrl\":\"http:\\\/\\\/www.destrancheesauxbarricades.com\\\/wp-content\\\/uploads\\\/2023\\\/02\\\/des-scw-carre.jpg\",\"datePublished\":\"2023-02-12T08:59:38+00:00\",\"dateModified\":\"2024-11-02T23:04:05+00:00\",\"breadcrumb\":{\"@id\":\"http:\\\/\\\/www.destrancheesauxbarricades.com\\\/index.php\\\/product\\\/set-de-9-des-speciaux-scw\\\/#breadcrumb\"},\"inLanguage\":\"fr-FR\",\"potentialAction\":[{\"@type\":\"ReadAction\",\"target\":[\"http:\\\/\\\/www.destrancheesauxbarricades.com\\\/index.php\\\/product\\\/set-de-9-des-speciaux-scw\\\/\"]}]},{\"@type\":\"ImageObject\",\"inLanguage\":\"fr-FR\",\"@id\":\"http:\\\/\\\/www.destrancheesauxbarricades.com\\\/index.php\\\/product\\\/set-de-9-des-speciaux-scw\\\/#primaryimage\",\"url\":\"http:\\\/\\\/www.destrancheesauxbarricades.com\\\/wp-content\\\/uploads\\\/2023\\\/02\\\/des-scw-carre.jpg\",\"contentUrl\":\"http:\\\/\\\/www.destrancheesauxbarricades.com\\\/wp-content\\\/uploads\\\/2023\\\/02\\\/des-scw-carre.jpg\",\"width\":1677,\"height\":1677},{\"@type\":\"BreadcrumbList\",\"@id\":\"http:\\\/\\\/www.destrancheesauxbarricades.com\\\/index.php\\\/product\\\/set-de-9-des-speciaux-scw\\\/#breadcrumb\",\"itemListElement\":[{\"@type\":\"ListItem\",\"position\":1,\"name\":\"Accueil\",\"item\":\"https:\\\/\\\/www.destrancheesauxbarricades.com\\\/\"},{\"@type\":\"ListItem\",\"position\":2,\"name\":\"Shop\",\"item\":\"https:\\\/\\\/www.destrancheesauxbarricades.com\\\/index.php\\\/shop\\\/\"},{\"@type\":\"ListItem\",\"position\":3,\"name\":\"Set de 9 d\u00e9s sp\u00e9ciaux (SCW)\"}]},{\"@type\":\"WebSite\",\"@id\":\"https:\\\/\\\/www.destrancheesauxbarricades.com\\\/#website\",\"url\":\"https:\\\/\\\/www.destrancheesauxbarricades.com\\\/\",\"name\":\"Des tranch\u00e9es aux barricades\",\"description\":\"Jeu d&#039;escarmouches au d\u00e9but du XXe si\u00e8cle\",\"potentialAction\":[{\"@type\":\"SearchAction\",\"target\":{\"@type\":\"EntryPoint\",\"urlTemplate\":\"https:\\\/\\\/www.destrancheesauxbarricades.com\\\/?s={search_term_string}\"},\"query-input\":{\"@type\":\"PropertyValueSpecification\",\"valueRequired\":true,\"valueName\":\"search_term_string\"}}],\"inLanguage\":\"fr-FR\"}]}<\/script>\n<!-- \/ Yoast SEO plugin. -->","yoast_head_json":{"title":"Set de 9 d\u00e9s sp\u00e9ciaux (SCW) - Des tranch\u00e9es aux barricades","robots":{"index":"index","follow":"follow","max-snippet":"max-snippet:-1","max-image-preview":"max-image-preview:large","max-video-preview":"max-video-preview:-1"},"canonical":"http:\/\/www.destrancheesauxbarricades.com\/index.php\/product\/set-de-9-des-speciaux-scw\/","og_locale":"fr_FR","og_type":"article","og_title":"Set de 9 d\u00e9s sp\u00e9ciaux (SCW) - Des tranch\u00e9es aux barricades","og_description":"Set de 9 d\u00e9s sp\u00e9ciaux","og_url":"http:\/\/www.destrancheesauxbarricades.com\/index.php\/product\/set-de-9-des-speciaux-scw\/","og_site_name":"Des tranch\u00e9es aux barricades","article_modified_time":"2024-11-02T23:04:05+00:00","og_image":[{"width":1677,"height":1677,"url":"http:\/\/www.destrancheesauxbarricades.com\/wp-content\/uploads\/2023\/02\/des-scw-carre.jpg","type":"image\/jpeg"}],"twitter_card":"summary_large_image","twitter_misc":{"Dur\u00e9e de lecture estim\u00e9e":"1 minute"},"schema":{"@context":"https:\/\/schema.org","@graph":[{"@type":"WebPage","@id":"http:\/\/www.destrancheesauxbarricades.com\/index.php\/product\/set-de-9-des-speciaux-scw\/","url":"http:\/\/www.destrancheesauxbarricades.com\/index.php\/product\/set-de-9-des-speciaux-scw\/","name":"Set de 9 d\u00e9s sp\u00e9ciaux (SCW) - Des tranch\u00e9es aux barricades","isPartOf":{"@id":"https:\/\/www.destrancheesauxbarricades.com\/#website"},"primaryImageOfPage":{"@id":"http:\/\/www.destrancheesauxbarricades.com\/index.php\/product\/set-de-9-des-speciaux-scw\/#primaryimage"},"image":{"@id":"http:\/\/www.destrancheesauxbarricades.com\/index.php\/product\/set-de-9-des-speciaux-scw\/#primaryimage"},"thumbnailUrl":"http:\/\/www.destrancheesauxbarricades.com\/wp-content\/uploads\/2023\/02\/des-scw-carre.jpg","datePublished":"2023-02-12T08:59:38+00:00","dateModified":"2024-11-02T23:04:05+00:00","breadcrumb":{"@id":"http:\/\/www.destrancheesauxbarricades.com\/index.php\/product\/set-de-9-des-speciaux-scw\/#breadcrumb"},"inLanguage":"fr-FR","potentialAction":[{"@type":"ReadAction","target":["http:\/\/www.destrancheesauxbarricades.com\/index.php\/product\/set-de-9-des-speciaux-scw\/"]}]},{"@type":"ImageObject","inLanguage":"fr-FR","@id":"http:\/\/www.destrancheesauxbarricades.com\/index.php\/product\/set-de-9-des-speciaux-scw\/#primaryimage","url":"http:\/\/www.destrancheesauxbarricades.com\/wp-content\/uploads\/2023\/02\/des-scw-carre.jpg","contentUrl":"http:\/\/www.destrancheesauxbarricades.com\/wp-content\/uploads\/2023\/02\/des-scw-carre.jpg","width":1677,"height":1677},{"@type":"BreadcrumbList","@id":"http:\/\/www.destrancheesauxbarricades.com\/index.php\/product\/set-de-9-des-speciaux-scw\/#breadcrumb","itemListElement":[{"@type":"ListItem","position":1,"name":"Accueil","item":"https:\/\/www.destrancheesauxbarricades.com\/"},{"@type":"ListItem","position":2,"name":"Shop","item":"https:\/\/www.destrancheesauxbarricades.com\/index.php\/shop\/"},{"@type":"ListItem","position":3,"name":"Set de 9 d\u00e9s sp\u00e9ciaux (SCW)"}]},{"@type":"WebSite","@id":"https:\/\/www.destrancheesauxbarricades.com\/#website","url":"https:\/\/www.destrancheesauxbarricades.com\/","name":"Des tranch\u00e9es aux barricades","description":"Jeu d&#039;escarmouches au d\u00e9but du XXe si\u00e8cle","potentialAction":[{"@type":"SearchAction","target":{"@type":"EntryPoint","urlTemplate":"https:\/\/www.destrancheesauxbarricades.com\/?s={search_term_string}"},"query-input":{"@type":"PropertyValueSpecification","valueRequired":true,"valueName":"search_term_string"}}],"inLanguage":"fr-FR"}]}},"jetpack_sharing_enabled":true,"_links":{"self":[{"href":"http:\/\/www.destrancheesauxbarricades.com\/index.php\/wp-json\/wp\/v2\/product\/9128","targetHints":{"allow":["GET"]}}],"collection":[{"href":"http:\/\/www.destrancheesauxbarricades.com\/index.php\/wp-json\/wp\/v2\/product"}],"about":[{"href":"http:\/\/www.destrancheesauxbarricades.com\/index.php\/wp-json\/wp\/v2\/types\/product"}],"version-history":[{"count":0,"href":"http:\/\/www.destrancheesauxbarricades.com\/index.php\/wp-json\/wp\/v2\/product\/9128\/revisions"}],"wp:featuredmedia":[{"embeddable":true,"href":"http:\/\/www.destrancheesauxbarricades.com\/index.php\/wp-json\/wp\/v2\/media\/9129"}],"wp:attachment":[{"href":"http:\/\/www.destrancheesauxbarricades.com\/index.php\/wp-json\/wp\/v2\/media?parent=9128"}],"wp:term":[{"taxonomy":"product_brand","embeddable":true,"href":"http:\/\/www.destrancheesauxbarricades.com\/index.php\/wp-json\/wp\/v2\/product_brand?post=9128"},{"taxonomy":"product_cat","embeddable":true,"href":"http:\/\/www.destrancheesauxbarricades.com\/index.php\/wp-json\/wp\/v2\/product_cat?post=9128"},{"taxonomy":"product_tag","embeddable":true,"href":"http:\/\/www.destrancheesauxbarricades.com\/index.php\/wp-json\/wp\/v2\/product_tag?post=9128"}],"curies":[{"name":"wp","href":"https:\/\/api.w.org\/{rel}","templated":true}]}}