{"id":14170,"date":"2026-02-05T10:40:11","date_gmt":"2026-02-05T10:40:11","guid":{"rendered":"https:\/\/www.destrancheesauxbarricades.com\/?post_type=product&#038;p=14170"},"modified":"2026-04-27T19:39:37","modified_gmt":"2026-04-27T19:39:37","slug":"set-de-marqueurs-pour-dtab","status":"publish","type":"product","link":"http:\/\/www.destrancheesauxbarricades.com\/index.php\/product\/set-de-marqueurs-pour-dtab\/","title":{"rendered":"Set de marqueurs pour DTAB"},"content":{"rendered":"<p>Un set de 34 marqueurs double faces pour le jeu \u00ab\u00a0Des Tranch\u00e9es Aux Barricades.<\/p>\n<ul>\n<li>13 marqueurs stress\u00e9\/choqu\u00e9<\/li>\n<li>13 marqueurs plaqu\u00e9 au sol\/embusqu\u00e9<\/li>\n<li>5 marqueurs barricades\/barbel\u00e9s<\/li>\n<li>3 marqueurs pi\u00e8ges\/mines<\/li>\n<\/ul>\n<p>&nbsp;<\/p>\n<p>Imprim\u00e9s en PLA<\/p>\n<p>Ceci n\u2019est pas un jouet &#8211; Ne convient pas aux enfants de moins de 14 ans.<\/p>\n","protected":false},"excerpt":{"rendered":"<p>[fsl-progress-bar]<\/p>\n<p>Set de 34 marqueurs pour Des Tranch\u00e9es Aux Barricades<\/p>\n","protected":false},"featured_media":14171,"template":"","meta":{"_monsterinsights_skip_tracking":false,"_monsterinsights_sitenote_active":false,"_monsterinsights_sitenote_note":"","_monsterinsights_sitenote_category":0},"product_brand":[],"product_cat":[159,90],"product_tag":[],"class_list":{"0":"post-14170","1":"product","2":"type-product","3":"status-publish","4":"has-post-thumbnail","6":"product_cat-des-tranchees-aux-barricades","7":"product_cat-regles-et-extensions","10":"first","11":"instock","12":"purchasable","13":"product-type-simple"},"yoast_head":"<!-- This site is optimized with the Yoast SEO plugin v27.5 - https:\/\/yoast.com\/product\/yoast-seo-wordpress\/ -->\n<title>Set de marqueurs pour DTAB - Des tranch\u00e9es aux barricades<\/title>\n<meta name=\"robots\" content=\"index, follow, max-snippet:-1, max-image-preview:large, max-video-preview:-1\" \/>\n<link rel=\"canonical\" href=\"https:\/\/www.destrancheesauxbarricades.com\/index.php\/product\/set-de-marqueurs-pour-dtab\/\" \/>\n<meta property=\"og:locale\" content=\"fr_FR\" \/>\n<meta property=\"og:type\" content=\"article\" \/>\n<meta property=\"og:title\" content=\"Set de marqueurs pour DTAB - Des tranch\u00e9es aux barricades\" \/>\n<meta property=\"og:description\" content=\"[fsl-progress-bar]  Set de 34 marqueurs pour Des Tranch\u00e9es Aux Barricades\" \/>\n<meta property=\"og:url\" content=\"https:\/\/www.destrancheesauxbarricades.com\/index.php\/product\/set-de-marqueurs-pour-dtab\/\" \/>\n<meta property=\"og:site_name\" content=\"Des tranch\u00e9es aux barricades\" \/>\n<meta property=\"article:modified_time\" content=\"2026-04-27T19:39:37+00:00\" \/>\n<meta property=\"og:image\" content=\"https:\/\/www.destrancheesauxbarricades.com\/wp-content\/uploads\/2026\/02\/WhatsApp-Image-2026-02-05-at-11.26.44-Photoroom.png\" \/>\n\t<meta property=\"og:image:width\" content=\"926\" \/>\n\t<meta property=\"og:image:height\" content=\"926\" \/>\n\t<meta property=\"og:image:type\" content=\"image\/png\" \/>\n<meta name=\"twitter:card\" content=\"summary_large_image\" \/>\n<meta name=\"twitter:label1\" content=\"Dur\u00e9e de lecture estim\u00e9e\" \/>\n\t<meta name=\"twitter:data1\" content=\"1 minute\" \/>\n<script type=\"application\/ld+json\" class=\"yoast-schema-graph\">{\"@context\":\"https:\\\/\\\/schema.org\",\"@graph\":[{\"@type\":\"WebPage\",\"@id\":\"https:\\\/\\\/www.destrancheesauxbarricades.com\\\/index.php\\\/product\\\/set-de-marqueurs-pour-dtab\\\/\",\"url\":\"https:\\\/\\\/www.destrancheesauxbarricades.com\\\/index.php\\\/product\\\/set-de-marqueurs-pour-dtab\\\/\",\"name\":\"Set de marqueurs pour DTAB - Des tranch\u00e9es aux barricades\",\"isPartOf\":{\"@id\":\"http:\\\/\\\/www.destrancheesauxbarricades.com\\\/#website\"},\"primaryImageOfPage\":{\"@id\":\"https:\\\/\\\/www.destrancheesauxbarricades.com\\\/index.php\\\/product\\\/set-de-marqueurs-pour-dtab\\\/#primaryimage\"},\"image\":{\"@id\":\"https:\\\/\\\/www.destrancheesauxbarricades.com\\\/index.php\\\/product\\\/set-de-marqueurs-pour-dtab\\\/#primaryimage\"},\"thumbnailUrl\":\"http:\\\/\\\/www.destrancheesauxbarricades.com\\\/wp-content\\\/uploads\\\/2026\\\/02\\\/WhatsApp-Image-2026-02-05-at-11.26.44-Photoroom.png\",\"datePublished\":\"2026-02-05T10:40:11+00:00\",\"dateModified\":\"2026-04-27T19:39:37+00:00\",\"breadcrumb\":{\"@id\":\"https:\\\/\\\/www.destrancheesauxbarricades.com\\\/index.php\\\/product\\\/set-de-marqueurs-pour-dtab\\\/#breadcrumb\"},\"inLanguage\":\"fr-FR\",\"potentialAction\":[{\"@type\":\"ReadAction\",\"target\":[\"https:\\\/\\\/www.destrancheesauxbarricades.com\\\/index.php\\\/product\\\/set-de-marqueurs-pour-dtab\\\/\"]}]},{\"@type\":\"ImageObject\",\"inLanguage\":\"fr-FR\",\"@id\":\"https:\\\/\\\/www.destrancheesauxbarricades.com\\\/index.php\\\/product\\\/set-de-marqueurs-pour-dtab\\\/#primaryimage\",\"url\":\"http:\\\/\\\/www.destrancheesauxbarricades.com\\\/wp-content\\\/uploads\\\/2026\\\/02\\\/WhatsApp-Image-2026-02-05-at-11.26.44-Photoroom.png\",\"contentUrl\":\"http:\\\/\\\/www.destrancheesauxbarricades.com\\\/wp-content\\\/uploads\\\/2026\\\/02\\\/WhatsApp-Image-2026-02-05-at-11.26.44-Photoroom.png\",\"width\":926,\"height\":926},{\"@type\":\"BreadcrumbList\",\"@id\":\"https:\\\/\\\/www.destrancheesauxbarricades.com\\\/index.php\\\/product\\\/set-de-marqueurs-pour-dtab\\\/#breadcrumb\",\"itemListElement\":[{\"@type\":\"ListItem\",\"position\":1,\"name\":\"Accueil\",\"item\":\"http:\\\/\\\/www.destrancheesauxbarricades.com\\\/\"},{\"@type\":\"ListItem\",\"position\":2,\"name\":\"Shop\",\"item\":\"https:\\\/\\\/www.destrancheesauxbarricades.com\\\/index.php\\\/shop\\\/\"},{\"@type\":\"ListItem\",\"position\":3,\"name\":\"Set de marqueurs pour DTAB\"}]},{\"@type\":\"WebSite\",\"@id\":\"http:\\\/\\\/www.destrancheesauxbarricades.com\\\/#website\",\"url\":\"http:\\\/\\\/www.destrancheesauxbarricades.com\\\/\",\"name\":\"Des tranch\u00e9es aux barricades\",\"description\":\"Jeu d&#039;escarmouches au d\u00e9but du XXe si\u00e8cle\",\"potentialAction\":[{\"@type\":\"SearchAction\",\"target\":{\"@type\":\"EntryPoint\",\"urlTemplate\":\"http:\\\/\\\/www.destrancheesauxbarricades.com\\\/?s={search_term_string}\"},\"query-input\":{\"@type\":\"PropertyValueSpecification\",\"valueRequired\":true,\"valueName\":\"search_term_string\"}}],\"inLanguage\":\"fr-FR\"}]}<\/script>\n<!-- \/ Yoast SEO plugin. -->","yoast_head_json":{"title":"Set de marqueurs pour DTAB - Des tranch\u00e9es aux barricades","robots":{"index":"index","follow":"follow","max-snippet":"max-snippet:-1","max-image-preview":"max-image-preview:large","max-video-preview":"max-video-preview:-1"},"canonical":"https:\/\/www.destrancheesauxbarricades.com\/index.php\/product\/set-de-marqueurs-pour-dtab\/","og_locale":"fr_FR","og_type":"article","og_title":"Set de marqueurs pour DTAB - Des tranch\u00e9es aux barricades","og_description":"[fsl-progress-bar]  Set de 34 marqueurs pour Des Tranch\u00e9es Aux Barricades","og_url":"https:\/\/www.destrancheesauxbarricades.com\/index.php\/product\/set-de-marqueurs-pour-dtab\/","og_site_name":"Des tranch\u00e9es aux barricades","article_modified_time":"2026-04-27T19:39:37+00:00","og_image":[{"width":926,"height":926,"url":"https:\/\/www.destrancheesauxbarricades.com\/wp-content\/uploads\/2026\/02\/WhatsApp-Image-2026-02-05-at-11.26.44-Photoroom.png","type":"image\/png"}],"twitter_card":"summary_large_image","twitter_misc":{"Dur\u00e9e de lecture estim\u00e9e":"1 minute"},"schema":{"@context":"https:\/\/schema.org","@graph":[{"@type":"WebPage","@id":"https:\/\/www.destrancheesauxbarricades.com\/index.php\/product\/set-de-marqueurs-pour-dtab\/","url":"https:\/\/www.destrancheesauxbarricades.com\/index.php\/product\/set-de-marqueurs-pour-dtab\/","name":"Set de marqueurs pour DTAB - Des tranch\u00e9es aux barricades","isPartOf":{"@id":"http:\/\/www.destrancheesauxbarricades.com\/#website"},"primaryImageOfPage":{"@id":"https:\/\/www.destrancheesauxbarricades.com\/index.php\/product\/set-de-marqueurs-pour-dtab\/#primaryimage"},"image":{"@id":"https:\/\/www.destrancheesauxbarricades.com\/index.php\/product\/set-de-marqueurs-pour-dtab\/#primaryimage"},"thumbnailUrl":"http:\/\/www.destrancheesauxbarricades.com\/wp-content\/uploads\/2026\/02\/WhatsApp-Image-2026-02-05-at-11.26.44-Photoroom.png","datePublished":"2026-02-05T10:40:11+00:00","dateModified":"2026-04-27T19:39:37+00:00","breadcrumb":{"@id":"https:\/\/www.destrancheesauxbarricades.com\/index.php\/product\/set-de-marqueurs-pour-dtab\/#breadcrumb"},"inLanguage":"fr-FR","potentialAction":[{"@type":"ReadAction","target":["https:\/\/www.destrancheesauxbarricades.com\/index.php\/product\/set-de-marqueurs-pour-dtab\/"]}]},{"@type":"ImageObject","inLanguage":"fr-FR","@id":"https:\/\/www.destrancheesauxbarricades.com\/index.php\/product\/set-de-marqueurs-pour-dtab\/#primaryimage","url":"http:\/\/www.destrancheesauxbarricades.com\/wp-content\/uploads\/2026\/02\/WhatsApp-Image-2026-02-05-at-11.26.44-Photoroom.png","contentUrl":"http:\/\/www.destrancheesauxbarricades.com\/wp-content\/uploads\/2026\/02\/WhatsApp-Image-2026-02-05-at-11.26.44-Photoroom.png","width":926,"height":926},{"@type":"BreadcrumbList","@id":"https:\/\/www.destrancheesauxbarricades.com\/index.php\/product\/set-de-marqueurs-pour-dtab\/#breadcrumb","itemListElement":[{"@type":"ListItem","position":1,"name":"Accueil","item":"http:\/\/www.destrancheesauxbarricades.com\/"},{"@type":"ListItem","position":2,"name":"Shop","item":"https:\/\/www.destrancheesauxbarricades.com\/index.php\/shop\/"},{"@type":"ListItem","position":3,"name":"Set de marqueurs pour DTAB"}]},{"@type":"WebSite","@id":"http:\/\/www.destrancheesauxbarricades.com\/#website","url":"http:\/\/www.destrancheesauxbarricades.com\/","name":"Des tranch\u00e9es aux barricades","description":"Jeu d&#039;escarmouches au d\u00e9but du XXe si\u00e8cle","potentialAction":[{"@type":"SearchAction","target":{"@type":"EntryPoint","urlTemplate":"http:\/\/www.destrancheesauxbarricades.com\/?s={search_term_string}"},"query-input":{"@type":"PropertyValueSpecification","valueRequired":true,"valueName":"search_term_string"}}],"inLanguage":"fr-FR"}]}},"jetpack_sharing_enabled":true,"_links":{"self":[{"href":"http:\/\/www.destrancheesauxbarricades.com\/index.php\/wp-json\/wp\/v2\/product\/14170","targetHints":{"allow":["GET"]}}],"collection":[{"href":"http:\/\/www.destrancheesauxbarricades.com\/index.php\/wp-json\/wp\/v2\/product"}],"about":[{"href":"http:\/\/www.destrancheesauxbarricades.com\/index.php\/wp-json\/wp\/v2\/types\/product"}],"version-history":[{"count":2,"href":"http:\/\/www.destrancheesauxbarricades.com\/index.php\/wp-json\/wp\/v2\/product\/14170\/revisions"}],"predecessor-version":[{"id":14173,"href":"http:\/\/www.destrancheesauxbarricades.com\/index.php\/wp-json\/wp\/v2\/product\/14170\/revisions\/14173"}],"wp:featuredmedia":[{"embeddable":true,"href":"http:\/\/www.destrancheesauxbarricades.com\/index.php\/wp-json\/wp\/v2\/media\/14171"}],"wp:attachment":[{"href":"http:\/\/www.destrancheesauxbarricades.com\/index.php\/wp-json\/wp\/v2\/media?parent=14170"}],"wp:term":[{"taxonomy":"product_brand","embeddable":true,"href":"http:\/\/www.destrancheesauxbarricades.com\/index.php\/wp-json\/wp\/v2\/product_brand?post=14170"},{"taxonomy":"product_cat","embeddable":true,"href":"http:\/\/www.destrancheesauxbarricades.com\/index.php\/wp-json\/wp\/v2\/product_cat?post=14170"},{"taxonomy":"product_tag","embeddable":true,"href":"http:\/\/www.destrancheesauxbarricades.com\/index.php\/wp-json\/wp\/v2\/product_tag?post=14170"}],"curies":[{"name":"wp","href":"https:\/\/api.w.org\/{rel}","templated":true}]}}