{"id":14140,"date":"2026-01-10T10:03:37","date_gmt":"2026-01-10T10:03:37","guid":{"rendered":"https:\/\/www.destrancheesauxbarricades.com\/?post_type=product&#038;p=14140"},"modified":"2026-01-10T10:09:14","modified_gmt":"2026-01-10T10:09:14","slug":"france-1944-georges-guingouin","status":"publish","type":"product","link":"http:\/\/www.destrancheesauxbarricades.com\/index.php\/product\/france-1944-georges-guingouin\/","title":{"rendered":"France 1944 : Georges GUINGOUIN"},"content":{"rendered":"<p><b>La carte des caract\u00e9ristiques de Georges Guingouin, pr\u00e9fet du maquis<\/b><\/p>\n<p>&nbsp;<\/p>\n<p><img fetchpriority=\"high\" decoding=\"async\" class=\"alignnone size-full wp-image-14141\" src=\"http:\/\/www.destrancheesauxbarricades.com\/wp-content\/uploads\/2026\/01\/CarteLEADER_Guingouin_63x88_Page_1.jpg\" alt=\"\" width=\"941\" height=\"1213\" srcset=\"http:\/\/www.destrancheesauxbarricades.com\/wp-content\/uploads\/2026\/01\/CarteLEADER_Guingouin_63x88_Page_1.jpg 941w, http:\/\/www.destrancheesauxbarricades.com\/wp-content\/uploads\/2026\/01\/CarteLEADER_Guingouin_63x88_Page_1-233x300.jpg 233w, http:\/\/www.destrancheesauxbarricades.com\/wp-content\/uploads\/2026\/01\/CarteLEADER_Guingouin_63x88_Page_1-794x1024.jpg 794w, http:\/\/www.destrancheesauxbarricades.com\/wp-content\/uploads\/2026\/01\/CarteLEADER_Guingouin_63x88_Page_1-768x990.jpg 768w, http:\/\/www.destrancheesauxbarricades.com\/wp-content\/uploads\/2026\/01\/CarteLEADER_Guingouin_63x88_Page_1-600x773.jpg 600w, http:\/\/www.destrancheesauxbarricades.com\/wp-content\/uploads\/2026\/01\/CarteLEADER_Guingouin_63x88_Page_1-64x82.jpg 64w\" sizes=\"(max-width: 941px) 100vw, 941px\" \/><\/p>\n<p><img decoding=\"async\" class=\"alignnone size-full wp-image-14142\" src=\"http:\/\/www.destrancheesauxbarricades.com\/wp-content\/uploads\/2026\/01\/CarteLEADER_Guingouin_63x88_Page_2.jpg\" alt=\"\" width=\"745\" height=\"1040\" srcset=\"http:\/\/www.destrancheesauxbarricades.com\/wp-content\/uploads\/2026\/01\/CarteLEADER_Guingouin_63x88_Page_2.jpg 745w, http:\/\/www.destrancheesauxbarricades.com\/wp-content\/uploads\/2026\/01\/CarteLEADER_Guingouin_63x88_Page_2-215x300.jpg 215w, http:\/\/www.destrancheesauxbarricades.com\/wp-content\/uploads\/2026\/01\/CarteLEADER_Guingouin_63x88_Page_2-734x1024.jpg 734w, http:\/\/www.destrancheesauxbarricades.com\/wp-content\/uploads\/2026\/01\/CarteLEADER_Guingouin_63x88_Page_2-600x838.jpg 600w, http:\/\/www.destrancheesauxbarricades.com\/wp-content\/uploads\/2026\/01\/CarteLEADER_Guingouin_63x88_Page_2-64x89.jpg 64w\" sizes=\"(max-width: 745px) 100vw, 745px\" \/><\/p>\n","protected":false},"excerpt":{"rendered":"<p>La carte des caract\u00e9ristiques de Georges Guingouin, pr\u00e9fet du maquis &nbsp;<\/p>\n","protected":false},"featured_media":14141,"template":"","meta":{"_monsterinsights_skip_tracking":false,"_monsterinsights_sitenote_active":false,"_monsterinsights_sitenote_note":"","_monsterinsights_sitenote_category":0},"product_brand":[],"product_cat":[159,144,90,142,133],"product_tag":[],"class_list":{"0":"post-14140","1":"product","2":"type-product","3":"status-publish","4":"has-post-thumbnail","6":"product_cat-des-tranchees-aux-barricades","7":"product_cat-liberation-de-paris-1944","8":"product_cat-regles-et-extensions","9":"product_cat-seconde-guerre-mondiale","10":"product_cat-telechargements-gratuits","13":"first","14":"instock","15":"downloadable","16":"virtual","17":"taxable","18":"purchasable","19":"product-type-simple"},"yoast_head":"<!-- This site is optimized with the Yoast SEO plugin v27.3 - https:\/\/yoast.com\/product\/yoast-seo-wordpress\/ -->\n<title>France 1944 : Georges GUINGOUIN - Des tranch\u00e9es aux barricades<\/title>\n<meta name=\"robots\" content=\"index, follow, max-snippet:-1, max-image-preview:large, max-video-preview:-1\" \/>\n<link rel=\"canonical\" href=\"http:\/\/www.destrancheesauxbarricades.com\/index.php\/product\/france-1944-georges-guingouin\/\" \/>\n<meta property=\"og:locale\" content=\"fr_FR\" \/>\n<meta property=\"og:type\" content=\"article\" \/>\n<meta property=\"og:title\" content=\"France 1944 : Georges GUINGOUIN - Des tranch\u00e9es aux barricades\" \/>\n<meta property=\"og:description\" content=\"La carte des caract\u00e9ristiques de Georges Guingouin, pr\u00e9fet du maquis &nbsp;\" \/>\n<meta property=\"og:url\" content=\"http:\/\/www.destrancheesauxbarricades.com\/index.php\/product\/france-1944-georges-guingouin\/\" \/>\n<meta property=\"og:site_name\" content=\"Des tranch\u00e9es aux barricades\" \/>\n<meta property=\"article:modified_time\" content=\"2026-01-10T10:09:14+00:00\" \/>\n<meta property=\"og:image\" content=\"http:\/\/www.destrancheesauxbarricades.com\/wp-content\/uploads\/2026\/01\/CarteLEADER_Guingouin_63x88_Page_1.jpg\" \/>\n\t<meta property=\"og:image:width\" content=\"941\" \/>\n\t<meta property=\"og:image:height\" content=\"1213\" \/>\n\t<meta property=\"og:image:type\" content=\"image\/jpeg\" \/>\n<meta name=\"twitter:card\" content=\"summary_large_image\" \/>\n<meta name=\"twitter:label1\" content=\"Dur\u00e9e de lecture estim\u00e9e\" \/>\n\t<meta name=\"twitter:data1\" content=\"1 minute\" \/>\n<script type=\"application\/ld+json\" class=\"yoast-schema-graph\">{\"@context\":\"https:\\\/\\\/schema.org\",\"@graph\":[{\"@type\":\"WebPage\",\"@id\":\"http:\\\/\\\/www.destrancheesauxbarricades.com\\\/index.php\\\/product\\\/france-1944-georges-guingouin\\\/\",\"url\":\"http:\\\/\\\/www.destrancheesauxbarricades.com\\\/index.php\\\/product\\\/france-1944-georges-guingouin\\\/\",\"name\":\"France 1944 : Georges GUINGOUIN - Des tranch\u00e9es aux barricades\",\"isPartOf\":{\"@id\":\"http:\\\/\\\/www.destrancheesauxbarricades.com\\\/#website\"},\"primaryImageOfPage\":{\"@id\":\"http:\\\/\\\/www.destrancheesauxbarricades.com\\\/index.php\\\/product\\\/france-1944-georges-guingouin\\\/#primaryimage\"},\"image\":{\"@id\":\"http:\\\/\\\/www.destrancheesauxbarricades.com\\\/index.php\\\/product\\\/france-1944-georges-guingouin\\\/#primaryimage\"},\"thumbnailUrl\":\"http:\\\/\\\/www.destrancheesauxbarricades.com\\\/wp-content\\\/uploads\\\/2026\\\/01\\\/CarteLEADER_Guingouin_63x88_Page_1.jpg\",\"datePublished\":\"2026-01-10T10:03:37+00:00\",\"dateModified\":\"2026-01-10T10:09:14+00:00\",\"breadcrumb\":{\"@id\":\"http:\\\/\\\/www.destrancheesauxbarricades.com\\\/index.php\\\/product\\\/france-1944-georges-guingouin\\\/#breadcrumb\"},\"inLanguage\":\"fr-FR\",\"potentialAction\":[{\"@type\":\"ReadAction\",\"target\":[\"http:\\\/\\\/www.destrancheesauxbarricades.com\\\/index.php\\\/product\\\/france-1944-georges-guingouin\\\/\"]}]},{\"@type\":\"ImageObject\",\"inLanguage\":\"fr-FR\",\"@id\":\"http:\\\/\\\/www.destrancheesauxbarricades.com\\\/index.php\\\/product\\\/france-1944-georges-guingouin\\\/#primaryimage\",\"url\":\"http:\\\/\\\/www.destrancheesauxbarricades.com\\\/wp-content\\\/uploads\\\/2026\\\/01\\\/CarteLEADER_Guingouin_63x88_Page_1.jpg\",\"contentUrl\":\"http:\\\/\\\/www.destrancheesauxbarricades.com\\\/wp-content\\\/uploads\\\/2026\\\/01\\\/CarteLEADER_Guingouin_63x88_Page_1.jpg\",\"width\":941,\"height\":1213},{\"@type\":\"BreadcrumbList\",\"@id\":\"http:\\\/\\\/www.destrancheesauxbarricades.com\\\/index.php\\\/product\\\/france-1944-georges-guingouin\\\/#breadcrumb\",\"itemListElement\":[{\"@type\":\"ListItem\",\"position\":1,\"name\":\"Accueil\",\"item\":\"http:\\\/\\\/www.destrancheesauxbarricades.com\\\/\"},{\"@type\":\"ListItem\",\"position\":2,\"name\":\"Shop\",\"item\":\"http:\\\/\\\/www.destrancheesauxbarricades.com\\\/index.php\\\/shop\\\/\"},{\"@type\":\"ListItem\",\"position\":3,\"name\":\"France 1944 : Georges GUINGOUIN\"}]},{\"@type\":\"WebSite\",\"@id\":\"http:\\\/\\\/www.destrancheesauxbarricades.com\\\/#website\",\"url\":\"http:\\\/\\\/www.destrancheesauxbarricades.com\\\/\",\"name\":\"Des tranch\u00e9es aux barricades\",\"description\":\"Jeu d&#039;escarmouches au d\u00e9but du XXe si\u00e8cle\",\"potentialAction\":[{\"@type\":\"SearchAction\",\"target\":{\"@type\":\"EntryPoint\",\"urlTemplate\":\"http:\\\/\\\/www.destrancheesauxbarricades.com\\\/?s={search_term_string}\"},\"query-input\":{\"@type\":\"PropertyValueSpecification\",\"valueRequired\":true,\"valueName\":\"search_term_string\"}}],\"inLanguage\":\"fr-FR\"}]}<\/script>\n<!-- \/ Yoast SEO plugin. -->","yoast_head_json":{"title":"France 1944 : Georges GUINGOUIN - Des tranch\u00e9es aux barricades","robots":{"index":"index","follow":"follow","max-snippet":"max-snippet:-1","max-image-preview":"max-image-preview:large","max-video-preview":"max-video-preview:-1"},"canonical":"http:\/\/www.destrancheesauxbarricades.com\/index.php\/product\/france-1944-georges-guingouin\/","og_locale":"fr_FR","og_type":"article","og_title":"France 1944 : Georges GUINGOUIN - Des tranch\u00e9es aux barricades","og_description":"La carte des caract\u00e9ristiques de Georges Guingouin, pr\u00e9fet du maquis &nbsp;","og_url":"http:\/\/www.destrancheesauxbarricades.com\/index.php\/product\/france-1944-georges-guingouin\/","og_site_name":"Des tranch\u00e9es aux barricades","article_modified_time":"2026-01-10T10:09:14+00:00","og_image":[{"width":941,"height":1213,"url":"http:\/\/www.destrancheesauxbarricades.com\/wp-content\/uploads\/2026\/01\/CarteLEADER_Guingouin_63x88_Page_1.jpg","type":"image\/jpeg"}],"twitter_card":"summary_large_image","twitter_misc":{"Dur\u00e9e de lecture estim\u00e9e":"1 minute"},"schema":{"@context":"https:\/\/schema.org","@graph":[{"@type":"WebPage","@id":"http:\/\/www.destrancheesauxbarricades.com\/index.php\/product\/france-1944-georges-guingouin\/","url":"http:\/\/www.destrancheesauxbarricades.com\/index.php\/product\/france-1944-georges-guingouin\/","name":"France 1944 : Georges GUINGOUIN - Des tranch\u00e9es aux barricades","isPartOf":{"@id":"http:\/\/www.destrancheesauxbarricades.com\/#website"},"primaryImageOfPage":{"@id":"http:\/\/www.destrancheesauxbarricades.com\/index.php\/product\/france-1944-georges-guingouin\/#primaryimage"},"image":{"@id":"http:\/\/www.destrancheesauxbarricades.com\/index.php\/product\/france-1944-georges-guingouin\/#primaryimage"},"thumbnailUrl":"http:\/\/www.destrancheesauxbarricades.com\/wp-content\/uploads\/2026\/01\/CarteLEADER_Guingouin_63x88_Page_1.jpg","datePublished":"2026-01-10T10:03:37+00:00","dateModified":"2026-01-10T10:09:14+00:00","breadcrumb":{"@id":"http:\/\/www.destrancheesauxbarricades.com\/index.php\/product\/france-1944-georges-guingouin\/#breadcrumb"},"inLanguage":"fr-FR","potentialAction":[{"@type":"ReadAction","target":["http:\/\/www.destrancheesauxbarricades.com\/index.php\/product\/france-1944-georges-guingouin\/"]}]},{"@type":"ImageObject","inLanguage":"fr-FR","@id":"http:\/\/www.destrancheesauxbarricades.com\/index.php\/product\/france-1944-georges-guingouin\/#primaryimage","url":"http:\/\/www.destrancheesauxbarricades.com\/wp-content\/uploads\/2026\/01\/CarteLEADER_Guingouin_63x88_Page_1.jpg","contentUrl":"http:\/\/www.destrancheesauxbarricades.com\/wp-content\/uploads\/2026\/01\/CarteLEADER_Guingouin_63x88_Page_1.jpg","width":941,"height":1213},{"@type":"BreadcrumbList","@id":"http:\/\/www.destrancheesauxbarricades.com\/index.php\/product\/france-1944-georges-guingouin\/#breadcrumb","itemListElement":[{"@type":"ListItem","position":1,"name":"Accueil","item":"http:\/\/www.destrancheesauxbarricades.com\/"},{"@type":"ListItem","position":2,"name":"Shop","item":"http:\/\/www.destrancheesauxbarricades.com\/index.php\/shop\/"},{"@type":"ListItem","position":3,"name":"France 1944 : Georges GUINGOUIN"}]},{"@type":"WebSite","@id":"http:\/\/www.destrancheesauxbarricades.com\/#website","url":"http:\/\/www.destrancheesauxbarricades.com\/","name":"Des tranch\u00e9es aux barricades","description":"Jeu d&#039;escarmouches au d\u00e9but du XXe si\u00e8cle","potentialAction":[{"@type":"SearchAction","target":{"@type":"EntryPoint","urlTemplate":"http:\/\/www.destrancheesauxbarricades.com\/?s={search_term_string}"},"query-input":{"@type":"PropertyValueSpecification","valueRequired":true,"valueName":"search_term_string"}}],"inLanguage":"fr-FR"}]}},"jetpack_sharing_enabled":true,"_links":{"self":[{"href":"http:\/\/www.destrancheesauxbarricades.com\/index.php\/wp-json\/wp\/v2\/product\/14140","targetHints":{"allow":["GET"]}}],"collection":[{"href":"http:\/\/www.destrancheesauxbarricades.com\/index.php\/wp-json\/wp\/v2\/product"}],"about":[{"href":"http:\/\/www.destrancheesauxbarricades.com\/index.php\/wp-json\/wp\/v2\/types\/product"}],"version-history":[{"count":3,"href":"http:\/\/www.destrancheesauxbarricades.com\/index.php\/wp-json\/wp\/v2\/product\/14140\/revisions"}],"predecessor-version":[{"id":14157,"href":"http:\/\/www.destrancheesauxbarricades.com\/index.php\/wp-json\/wp\/v2\/product\/14140\/revisions\/14157"}],"wp:featuredmedia":[{"embeddable":true,"href":"http:\/\/www.destrancheesauxbarricades.com\/index.php\/wp-json\/wp\/v2\/media\/14141"}],"wp:attachment":[{"href":"http:\/\/www.destrancheesauxbarricades.com\/index.php\/wp-json\/wp\/v2\/media?parent=14140"}],"wp:term":[{"taxonomy":"product_brand","embeddable":true,"href":"http:\/\/www.destrancheesauxbarricades.com\/index.php\/wp-json\/wp\/v2\/product_brand?post=14140"},{"taxonomy":"product_cat","embeddable":true,"href":"http:\/\/www.destrancheesauxbarricades.com\/index.php\/wp-json\/wp\/v2\/product_cat?post=14140"},{"taxonomy":"product_tag","embeddable":true,"href":"http:\/\/www.destrancheesauxbarricades.com\/index.php\/wp-json\/wp\/v2\/product_tag?post=14140"}],"curies":[{"name":"wp","href":"https:\/\/api.w.org\/{rel}","templated":true}]}}