{"id":13965,"date":"2025-11-04T15:42:58","date_gmt":"2025-11-04T15:42:58","guid":{"rendered":"https:\/\/www.destrancheesauxbarricades.com\/?post_type=product&#038;p=13965"},"modified":"2025-11-04T15:50:38","modified_gmt":"2025-11-04T15:50:38","slug":"gamers-grass-coffret-fleurs-et-petites-fleurs","status":"publish","type":"product","link":"http:\/\/www.destrancheesauxbarricades.com\/index.php\/product\/gamers-grass-coffret-fleurs-et-petites-fleurs\/","title":{"rendered":"GAMERS GRASS &#8211; Coffret Fleurs et petites fleurs"},"content":{"rendered":"<div>\n<div class=\"elementor-element elementor-element-1c49f7e4 elementor-widget__width-initial elementor-widget elementor-widget-woocommerce-product-content\" data-id=\"1c49f7e4\" data-element_type=\"widget\" data-widget_type=\"woocommerce-product-content.default\">\n<div class=\"elementor-widget-container\">\n<p>Le <strong>Coffret Fleurs<\/strong> est le point de d\u00e9part id\u00e9al pour ajouter une touche florale \u00e9clatante \u00e0 vos projets. Il comprend 16 demi-feuilles, couvrant toutes les vari\u00e9t\u00e9s de fleurs de notre gamme, avec des mod\u00e8les en tailles standard et <strong>Tiny Flowers<\/strong> pour une polyvalence maximale.<\/p>\n<p>Chaque touffe de fleurs est dot\u00e9e d\u2019un <strong>dos autocollant<\/strong>, ce qui les rend faciles \u00e0 d\u00e9coller et \u00e0 appliquer. Pour les socles de figurines ou toute surface souvent manipul\u00e9e, nous recommandons d\u2019ajouter une petite touche de colle PVA pour une meilleure tenue dans le temps.<\/p>\n<p>Le coffret contient :<\/p>\n<ul class=\"wp-block-list\">\n<li><strong>1 livret<\/strong><\/li>\n<li><strong>9 demi-feuilles de fleurs<\/strong> :<br \/>\nFleurs Lilas Bleu Clair, Fleurs de Cerisier, Fleurs de Bruy\u00e8re, Fleurs de Cam\u00e9lia Rouge, Fleurs de Rose Blanche, Fleurs de Lavande, Fleurs de Gen\u00eat, Fleurs de Laliguras, Fleurs de Barbe Bleue<\/li>\n<li><strong>7 demi-feuilles de Tiny Flowers<\/strong> :<br \/>\nTiny Fleurs de Myosotis, Tiny Tulipes Grenat, Tiny Pissenlits, Tiny Orchid\u00e9es Roses, Tiny Lys Blancs, Tiny Bleuets, Tiny Coquelicots<\/li>\n<\/ul>\n<p><strong>Ce coffret est vendu sans diorama ni socle.<\/strong><\/p>\n<\/div>\n<\/div>\n<\/div>\n<div><\/div>\n<div>C<iframe title=\"Basing Guide: Dry Grass Tuft Starter Box\" src=\"https:\/\/www.youtube.com\/embed\/Y8_5XZQe1fA?feature=oembed\" width=\"895\" height=\"503\" frameborder=\"0\" allowfullscreen=\"allowfullscreen\"><\/iframe><\/div>\n<div>\n<p><iframe title=\"Basing Guide: Dry Grass Tuft Starter Box\" width=\"895\" height=\"503\" src=\"https:\/\/www.youtube.com\/embed\/Y8_5XZQe1fA?feature=oembed\" frameborder=\"0\" allow=\"accelerometer; autoplay; clipboard-write; encrypted-media; gyroscope; picture-in-picture; web-share\" referrerpolicy=\"strict-origin-when-cross-origin\" allowfullscreen><\/iframe><\/p>\n<\/div>\n","protected":false},"excerpt":{"rendered":"<p>[fsl-progress-bar]<\/p>\n<p>Coffret de Fleurs et Fleurettes (16 demi planches)<\/p>\n","protected":false},"featured_media":13966,"template":"","meta":{"_monsterinsights_skip_tracking":false,"_monsterinsights_sitenote_active":false,"_monsterinsights_sitenote_note":"","_monsterinsights_sitenote_category":0},"product_brand":[],"product_cat":[149,162],"product_tag":[],"class_list":{"0":"post-13965","1":"product","2":"type-product","3":"status-publish","4":"has-post-thumbnail","6":"product_cat-decors-28mm","7":"product_cat-gamers-grass","10":"first","11":"instock","12":"taxable","13":"shipping-taxable","14":"purchasable","15":"product-type-simple"},"yoast_head":"<!-- This site is optimized with the Yoast SEO plugin v27.5 - https:\/\/yoast.com\/product\/yoast-seo-wordpress\/ -->\n<title>GAMERS GRASS - Coffret Fleurs et petites fleurs - Des tranch\u00e9es aux barricades<\/title>\n<meta name=\"robots\" content=\"index, follow, max-snippet:-1, max-image-preview:large, max-video-preview:-1\" \/>\n<link rel=\"canonical\" href=\"http:\/\/www.destrancheesauxbarricades.com\/index.php\/product\/gamers-grass-coffret-fleurs-et-petites-fleurs\/\" \/>\n<meta property=\"og:locale\" content=\"fr_FR\" \/>\n<meta property=\"og:type\" content=\"article\" \/>\n<meta property=\"og:title\" content=\"GAMERS GRASS - Coffret Fleurs et petites fleurs - Des tranch\u00e9es aux barricades\" \/>\n<meta property=\"og:description\" content=\"[fsl-progress-bar]  Coffret de Fleurs et Fleurettes (16 demi planches)\" \/>\n<meta property=\"og:url\" content=\"http:\/\/www.destrancheesauxbarricades.com\/index.php\/product\/gamers-grass-coffret-fleurs-et-petites-fleurs\/\" \/>\n<meta property=\"og:site_name\" content=\"Des tranch\u00e9es aux barricades\" \/>\n<meta property=\"article:modified_time\" content=\"2025-11-04T15:50:38+00:00\" \/>\n<meta property=\"og:image\" content=\"http:\/\/www.destrancheesauxbarricades.com\/wp-content\/uploads\/2025\/11\/flowers_core_set_1600x900.jpg\" \/>\n\t<meta property=\"og:image:width\" content=\"1600\" \/>\n\t<meta property=\"og:image:height\" content=\"900\" \/>\n\t<meta property=\"og:image:type\" content=\"image\/jpeg\" \/>\n<meta name=\"twitter:card\" content=\"summary_large_image\" \/>\n<meta name=\"twitter:label1\" content=\"Dur\u00e9e de lecture estim\u00e9e\" \/>\n\t<meta name=\"twitter:data1\" content=\"2 minutes\" \/>\n<script type=\"application\/ld+json\" class=\"yoast-schema-graph\">{\"@context\":\"https:\\\/\\\/schema.org\",\"@graph\":[{\"@type\":\"WebPage\",\"@id\":\"http:\\\/\\\/www.destrancheesauxbarricades.com\\\/index.php\\\/product\\\/gamers-grass-coffret-fleurs-et-petites-fleurs\\\/\",\"url\":\"http:\\\/\\\/www.destrancheesauxbarricades.com\\\/index.php\\\/product\\\/gamers-grass-coffret-fleurs-et-petites-fleurs\\\/\",\"name\":\"GAMERS GRASS - Coffret Fleurs et petites fleurs - Des tranch\u00e9es aux barricades\",\"isPartOf\":{\"@id\":\"http:\\\/\\\/www.destrancheesauxbarricades.com\\\/#website\"},\"primaryImageOfPage\":{\"@id\":\"http:\\\/\\\/www.destrancheesauxbarricades.com\\\/index.php\\\/product\\\/gamers-grass-coffret-fleurs-et-petites-fleurs\\\/#primaryimage\"},\"image\":{\"@id\":\"http:\\\/\\\/www.destrancheesauxbarricades.com\\\/index.php\\\/product\\\/gamers-grass-coffret-fleurs-et-petites-fleurs\\\/#primaryimage\"},\"thumbnailUrl\":\"http:\\\/\\\/www.destrancheesauxbarricades.com\\\/wp-content\\\/uploads\\\/2025\\\/11\\\/flowers_core_set_1600x900.jpg\",\"datePublished\":\"2025-11-04T15:42:58+00:00\",\"dateModified\":\"2025-11-04T15:50:38+00:00\",\"breadcrumb\":{\"@id\":\"http:\\\/\\\/www.destrancheesauxbarricades.com\\\/index.php\\\/product\\\/gamers-grass-coffret-fleurs-et-petites-fleurs\\\/#breadcrumb\"},\"inLanguage\":\"fr-FR\",\"potentialAction\":[{\"@type\":\"ReadAction\",\"target\":[\"http:\\\/\\\/www.destrancheesauxbarricades.com\\\/index.php\\\/product\\\/gamers-grass-coffret-fleurs-et-petites-fleurs\\\/\"]}]},{\"@type\":\"ImageObject\",\"inLanguage\":\"fr-FR\",\"@id\":\"http:\\\/\\\/www.destrancheesauxbarricades.com\\\/index.php\\\/product\\\/gamers-grass-coffret-fleurs-et-petites-fleurs\\\/#primaryimage\",\"url\":\"http:\\\/\\\/www.destrancheesauxbarricades.com\\\/wp-content\\\/uploads\\\/2025\\\/11\\\/flowers_core_set_1600x900.jpg\",\"contentUrl\":\"http:\\\/\\\/www.destrancheesauxbarricades.com\\\/wp-content\\\/uploads\\\/2025\\\/11\\\/flowers_core_set_1600x900.jpg\",\"width\":1600,\"height\":900},{\"@type\":\"BreadcrumbList\",\"@id\":\"http:\\\/\\\/www.destrancheesauxbarricades.com\\\/index.php\\\/product\\\/gamers-grass-coffret-fleurs-et-petites-fleurs\\\/#breadcrumb\",\"itemListElement\":[{\"@type\":\"ListItem\",\"position\":1,\"name\":\"Accueil\",\"item\":\"http:\\\/\\\/www.destrancheesauxbarricades.com\\\/\"},{\"@type\":\"ListItem\",\"position\":2,\"name\":\"Shop\",\"item\":\"https:\\\/\\\/www.destrancheesauxbarricades.com\\\/index.php\\\/shop\\\/\"},{\"@type\":\"ListItem\",\"position\":3,\"name\":\"GAMERS GRASS &#8211; Coffret Fleurs et petites fleurs\"}]},{\"@type\":\"WebSite\",\"@id\":\"http:\\\/\\\/www.destrancheesauxbarricades.com\\\/#website\",\"url\":\"http:\\\/\\\/www.destrancheesauxbarricades.com\\\/\",\"name\":\"Des tranch\u00e9es aux barricades\",\"description\":\"Jeu d&#039;escarmouches au d\u00e9but du XXe si\u00e8cle\",\"potentialAction\":[{\"@type\":\"SearchAction\",\"target\":{\"@type\":\"EntryPoint\",\"urlTemplate\":\"http:\\\/\\\/www.destrancheesauxbarricades.com\\\/?s={search_term_string}\"},\"query-input\":{\"@type\":\"PropertyValueSpecification\",\"valueRequired\":true,\"valueName\":\"search_term_string\"}}],\"inLanguage\":\"fr-FR\"}]}<\/script>\n<!-- \/ Yoast SEO plugin. -->","yoast_head_json":{"title":"GAMERS GRASS - Coffret Fleurs et petites fleurs - Des tranch\u00e9es aux barricades","robots":{"index":"index","follow":"follow","max-snippet":"max-snippet:-1","max-image-preview":"max-image-preview:large","max-video-preview":"max-video-preview:-1"},"canonical":"http:\/\/www.destrancheesauxbarricades.com\/index.php\/product\/gamers-grass-coffret-fleurs-et-petites-fleurs\/","og_locale":"fr_FR","og_type":"article","og_title":"GAMERS GRASS - Coffret Fleurs et petites fleurs - Des tranch\u00e9es aux barricades","og_description":"[fsl-progress-bar]  Coffret de Fleurs et Fleurettes (16 demi planches)","og_url":"http:\/\/www.destrancheesauxbarricades.com\/index.php\/product\/gamers-grass-coffret-fleurs-et-petites-fleurs\/","og_site_name":"Des tranch\u00e9es aux barricades","article_modified_time":"2025-11-04T15:50:38+00:00","og_image":[{"width":1600,"height":900,"url":"http:\/\/www.destrancheesauxbarricades.com\/wp-content\/uploads\/2025\/11\/flowers_core_set_1600x900.jpg","type":"image\/jpeg"}],"twitter_card":"summary_large_image","twitter_misc":{"Dur\u00e9e de lecture estim\u00e9e":"2 minutes"},"schema":{"@context":"https:\/\/schema.org","@graph":[{"@type":"WebPage","@id":"http:\/\/www.destrancheesauxbarricades.com\/index.php\/product\/gamers-grass-coffret-fleurs-et-petites-fleurs\/","url":"http:\/\/www.destrancheesauxbarricades.com\/index.php\/product\/gamers-grass-coffret-fleurs-et-petites-fleurs\/","name":"GAMERS GRASS - Coffret Fleurs et petites fleurs - Des tranch\u00e9es aux barricades","isPartOf":{"@id":"http:\/\/www.destrancheesauxbarricades.com\/#website"},"primaryImageOfPage":{"@id":"http:\/\/www.destrancheesauxbarricades.com\/index.php\/product\/gamers-grass-coffret-fleurs-et-petites-fleurs\/#primaryimage"},"image":{"@id":"http:\/\/www.destrancheesauxbarricades.com\/index.php\/product\/gamers-grass-coffret-fleurs-et-petites-fleurs\/#primaryimage"},"thumbnailUrl":"http:\/\/www.destrancheesauxbarricades.com\/wp-content\/uploads\/2025\/11\/flowers_core_set_1600x900.jpg","datePublished":"2025-11-04T15:42:58+00:00","dateModified":"2025-11-04T15:50:38+00:00","breadcrumb":{"@id":"http:\/\/www.destrancheesauxbarricades.com\/index.php\/product\/gamers-grass-coffret-fleurs-et-petites-fleurs\/#breadcrumb"},"inLanguage":"fr-FR","potentialAction":[{"@type":"ReadAction","target":["http:\/\/www.destrancheesauxbarricades.com\/index.php\/product\/gamers-grass-coffret-fleurs-et-petites-fleurs\/"]}]},{"@type":"ImageObject","inLanguage":"fr-FR","@id":"http:\/\/www.destrancheesauxbarricades.com\/index.php\/product\/gamers-grass-coffret-fleurs-et-petites-fleurs\/#primaryimage","url":"http:\/\/www.destrancheesauxbarricades.com\/wp-content\/uploads\/2025\/11\/flowers_core_set_1600x900.jpg","contentUrl":"http:\/\/www.destrancheesauxbarricades.com\/wp-content\/uploads\/2025\/11\/flowers_core_set_1600x900.jpg","width":1600,"height":900},{"@type":"BreadcrumbList","@id":"http:\/\/www.destrancheesauxbarricades.com\/index.php\/product\/gamers-grass-coffret-fleurs-et-petites-fleurs\/#breadcrumb","itemListElement":[{"@type":"ListItem","position":1,"name":"Accueil","item":"http:\/\/www.destrancheesauxbarricades.com\/"},{"@type":"ListItem","position":2,"name":"Shop","item":"https:\/\/www.destrancheesauxbarricades.com\/index.php\/shop\/"},{"@type":"ListItem","position":3,"name":"GAMERS GRASS &#8211; Coffret Fleurs et petites fleurs"}]},{"@type":"WebSite","@id":"http:\/\/www.destrancheesauxbarricades.com\/#website","url":"http:\/\/www.destrancheesauxbarricades.com\/","name":"Des tranch\u00e9es aux barricades","description":"Jeu d&#039;escarmouches au d\u00e9but du XXe si\u00e8cle","potentialAction":[{"@type":"SearchAction","target":{"@type":"EntryPoint","urlTemplate":"http:\/\/www.destrancheesauxbarricades.com\/?s={search_term_string}"},"query-input":{"@type":"PropertyValueSpecification","valueRequired":true,"valueName":"search_term_string"}}],"inLanguage":"fr-FR"}]}},"jetpack_sharing_enabled":true,"_links":{"self":[{"href":"http:\/\/www.destrancheesauxbarricades.com\/index.php\/wp-json\/wp\/v2\/product\/13965","targetHints":{"allow":["GET"]}}],"collection":[{"href":"http:\/\/www.destrancheesauxbarricades.com\/index.php\/wp-json\/wp\/v2\/product"}],"about":[{"href":"http:\/\/www.destrancheesauxbarricades.com\/index.php\/wp-json\/wp\/v2\/types\/product"}],"version-history":[{"count":1,"href":"http:\/\/www.destrancheesauxbarricades.com\/index.php\/wp-json\/wp\/v2\/product\/13965\/revisions"}],"predecessor-version":[{"id":13967,"href":"http:\/\/www.destrancheesauxbarricades.com\/index.php\/wp-json\/wp\/v2\/product\/13965\/revisions\/13967"}],"wp:featuredmedia":[{"embeddable":true,"href":"http:\/\/www.destrancheesauxbarricades.com\/index.php\/wp-json\/wp\/v2\/media\/13966"}],"wp:attachment":[{"href":"http:\/\/www.destrancheesauxbarricades.com\/index.php\/wp-json\/wp\/v2\/media?parent=13965"}],"wp:term":[{"taxonomy":"product_brand","embeddable":true,"href":"http:\/\/www.destrancheesauxbarricades.com\/index.php\/wp-json\/wp\/v2\/product_brand?post=13965"},{"taxonomy":"product_cat","embeddable":true,"href":"http:\/\/www.destrancheesauxbarricades.com\/index.php\/wp-json\/wp\/v2\/product_cat?post=13965"},{"taxonomy":"product_tag","embeddable":true,"href":"http:\/\/www.destrancheesauxbarricades.com\/index.php\/wp-json\/wp\/v2\/product_tag?post=13965"}],"curies":[{"name":"wp","href":"https:\/\/api.w.org\/{rel}","templated":true}]}}