{"id":13953,"date":"2025-11-04T11:52:47","date_gmt":"2025-11-04T11:52:47","guid":{"rendered":"https:\/\/www.destrancheesauxbarricades.com\/?post_type=product&#038;p=13953"},"modified":"2025-11-04T12:23:20","modified_gmt":"2025-11-04T12:23:20","slug":"boite-de-rangement-mega-pour-figurines-aimantees-1-plaque","status":"publish","type":"product","link":"http:\/\/www.destrancheesauxbarricades.com\/index.php\/product\/boite-de-rangement-mega-pour-figurines-aimantees-1-plaque\/","title":{"rendered":"Boite de rangement MEGA pour figurines aimant\u00e9es (1 plaque)"},"content":{"rendered":"<p>Cette bo\u00eete \u00a0XL\u00a0 adapt\u00e9e au stockage et au transport de figurines \u00e0 base magn\u00e9tique.<\/p>\n<p>La bo\u00eete est dot\u00e9e d\u2019une plaque m\u00e9tallique solide de 0,5 mm d\u2019\u00e9paisseur fix\u00e9e au fond de la bo\u00eete, o\u00f9 vous pouvez fixer vos figurines magn\u00e9tiques.<\/p>\n<p><strong>Caract\u00e9ristiques\u00a0 :<\/strong><\/p>\n<ul>\n<li>1 x bo\u00eete en carton XL pleine grandeur recouverte d\u2019une feuille de plastique\u00a0;<\/li>\n<li>1 x plaque m\u00e9tallique solide de 0,5 mm d\u2019\u00e9paisseur fix\u00e9e au fond de la bo\u00eete\u00a0;<\/li>\n<li>1 couche de mousse de 6 mm d\u2019\u00e9paisseur coll\u00e9e au couvercle int\u00e9rieur prot\u00e9geant le haut des figurines\u00a0;<\/li>\n<li>2 x attaches velcro pour \u00e9viter l\u2019ouverture ind\u00e9sirable de la bo\u00eete<\/li>\n<\/ul>\n<p>&nbsp;<\/p>\n<ul>\n<li><strong>Fermeture s\u00e9curis\u00e9e<\/strong>\u00a0: Deux attaches velcro garantissent que la bo\u00eete reste bien ferm\u00e9e, \u00e9vitant ainsi les ouvertures accidentelles pendant le stockage ou le voyage.<\/li>\n<li><strong>Construction durable<\/strong>\u00a0: fabriqu\u00e9e \u00e0 partir de carton \u00e0 5 couches, la bo\u00eete est recouverte d\u2019une feuille de plastique protectrice pour une durabilit\u00e9 accrue tout en conservant une conception l\u00e9g\u00e8re.<\/li>\n<\/ul>\n<p>&nbsp;<\/p>\n<p><strong>Dans cette bo\u00eete, vous pouvez stocker et transporter des figurines jusqu\u2019\u00e0 160 mm de haut.<\/strong><\/p>\n<p>Dimensions ext\u00e9rieures de la bo\u00eete : 412 mm x 275 mm x 164 mm.<\/p>\n<p>Dimensions int\u00e9rieures de la bo\u00eete : 394 mm x 267 mm x 160 mm.<\/p>\n<p>&nbsp;<\/p>\n<p>Figurines non incluses.<\/p>\n","protected":false},"excerpt":{"rendered":"<p>Boite de rangement MEGA pour figurines aimant\u00e9es (une plaque m\u00e9tallique)<\/p>\n","protected":false},"featured_media":13954,"template":"","meta":{"_monsterinsights_skip_tracking":false,"_monsterinsights_sitenote_active":false,"_monsterinsights_sitenote_note":"","_monsterinsights_sitenote_category":0},"product_brand":[],"product_cat":[149,180],"product_tag":[],"class_list":{"0":"post-13953","1":"product","2":"type-product","3":"status-publish","4":"has-post-thumbnail","6":"product_cat-decors-28mm","7":"product_cat-socles-aimantes","10":"first","11":"instock","12":"taxable","13":"shipping-taxable","14":"purchasable","15":"product-type-simple"},"yoast_head":"<!-- This site is optimized with the Yoast SEO plugin v27.5 - https:\/\/yoast.com\/product\/yoast-seo-wordpress\/ -->\n<title>Boite de rangement MEGA pour figurines aimant\u00e9es (1 plaque) - Des tranch\u00e9es aux barricades<\/title>\n<meta name=\"robots\" content=\"index, follow, max-snippet:-1, max-image-preview:large, max-video-preview:-1\" \/>\n<link rel=\"canonical\" href=\"http:\/\/www.destrancheesauxbarricades.com\/index.php\/product\/boite-de-rangement-mega-pour-figurines-aimantees-1-plaque\/\" \/>\n<meta property=\"og:locale\" content=\"fr_FR\" \/>\n<meta property=\"og:type\" content=\"article\" \/>\n<meta property=\"og:title\" content=\"Boite de rangement MEGA pour figurines aimant\u00e9es (1 plaque) - Des tranch\u00e9es aux barricades\" \/>\n<meta property=\"og:description\" content=\"Boite de rangement MEGA pour figurines aimant\u00e9es (une plaque m\u00e9tallique)\" \/>\n<meta property=\"og:url\" content=\"http:\/\/www.destrancheesauxbarricades.com\/index.php\/product\/boite-de-rangement-mega-pour-figurines-aimantees-1-plaque\/\" \/>\n<meta property=\"og:site_name\" content=\"Des tranch\u00e9es aux barricades\" \/>\n<meta property=\"article:modified_time\" content=\"2025-11-04T12:23:20+00:00\" \/>\n<meta property=\"og:image\" content=\"http:\/\/www.destrancheesauxbarricades.com\/wp-content\/uploads\/2025\/11\/Mega-modele.jpg\" \/>\n\t<meta property=\"og:image:width\" content=\"900\" \/>\n\t<meta property=\"og:image:height\" content=\"600\" \/>\n\t<meta property=\"og:image:type\" content=\"image\/jpeg\" \/>\n<meta name=\"twitter:card\" content=\"summary_large_image\" \/>\n<meta name=\"twitter:label1\" content=\"Dur\u00e9e de lecture estim\u00e9e\" \/>\n\t<meta name=\"twitter:data1\" content=\"2 minutes\" \/>\n<script type=\"application\/ld+json\" class=\"yoast-schema-graph\">{\"@context\":\"https:\\\/\\\/schema.org\",\"@graph\":[{\"@type\":\"WebPage\",\"@id\":\"http:\\\/\\\/www.destrancheesauxbarricades.com\\\/index.php\\\/product\\\/boite-de-rangement-mega-pour-figurines-aimantees-1-plaque\\\/\",\"url\":\"http:\\\/\\\/www.destrancheesauxbarricades.com\\\/index.php\\\/product\\\/boite-de-rangement-mega-pour-figurines-aimantees-1-plaque\\\/\",\"name\":\"Boite de rangement MEGA pour figurines aimant\u00e9es (1 plaque) - Des tranch\u00e9es aux barricades\",\"isPartOf\":{\"@id\":\"http:\\\/\\\/www.destrancheesauxbarricades.com\\\/#website\"},\"primaryImageOfPage\":{\"@id\":\"http:\\\/\\\/www.destrancheesauxbarricades.com\\\/index.php\\\/product\\\/boite-de-rangement-mega-pour-figurines-aimantees-1-plaque\\\/#primaryimage\"},\"image\":{\"@id\":\"http:\\\/\\\/www.destrancheesauxbarricades.com\\\/index.php\\\/product\\\/boite-de-rangement-mega-pour-figurines-aimantees-1-plaque\\\/#primaryimage\"},\"thumbnailUrl\":\"http:\\\/\\\/www.destrancheesauxbarricades.com\\\/wp-content\\\/uploads\\\/2025\\\/11\\\/Mega-modele.jpg\",\"datePublished\":\"2025-11-04T11:52:47+00:00\",\"dateModified\":\"2025-11-04T12:23:20+00:00\",\"breadcrumb\":{\"@id\":\"http:\\\/\\\/www.destrancheesauxbarricades.com\\\/index.php\\\/product\\\/boite-de-rangement-mega-pour-figurines-aimantees-1-plaque\\\/#breadcrumb\"},\"inLanguage\":\"fr-FR\",\"potentialAction\":[{\"@type\":\"ReadAction\",\"target\":[\"http:\\\/\\\/www.destrancheesauxbarricades.com\\\/index.php\\\/product\\\/boite-de-rangement-mega-pour-figurines-aimantees-1-plaque\\\/\"]}]},{\"@type\":\"ImageObject\",\"inLanguage\":\"fr-FR\",\"@id\":\"http:\\\/\\\/www.destrancheesauxbarricades.com\\\/index.php\\\/product\\\/boite-de-rangement-mega-pour-figurines-aimantees-1-plaque\\\/#primaryimage\",\"url\":\"http:\\\/\\\/www.destrancheesauxbarricades.com\\\/wp-content\\\/uploads\\\/2025\\\/11\\\/Mega-modele.jpg\",\"contentUrl\":\"http:\\\/\\\/www.destrancheesauxbarricades.com\\\/wp-content\\\/uploads\\\/2025\\\/11\\\/Mega-modele.jpg\",\"width\":900,\"height\":600},{\"@type\":\"BreadcrumbList\",\"@id\":\"http:\\\/\\\/www.destrancheesauxbarricades.com\\\/index.php\\\/product\\\/boite-de-rangement-mega-pour-figurines-aimantees-1-plaque\\\/#breadcrumb\",\"itemListElement\":[{\"@type\":\"ListItem\",\"position\":1,\"name\":\"Accueil\",\"item\":\"http:\\\/\\\/www.destrancheesauxbarricades.com\\\/\"},{\"@type\":\"ListItem\",\"position\":2,\"name\":\"Shop\",\"item\":\"https:\\\/\\\/www.destrancheesauxbarricades.com\\\/index.php\\\/shop\\\/\"},{\"@type\":\"ListItem\",\"position\":3,\"name\":\"Boite de rangement MEGA pour figurines aimant\u00e9es (1 plaque)\"}]},{\"@type\":\"WebSite\",\"@id\":\"http:\\\/\\\/www.destrancheesauxbarricades.com\\\/#website\",\"url\":\"http:\\\/\\\/www.destrancheesauxbarricades.com\\\/\",\"name\":\"Des tranch\u00e9es aux barricades\",\"description\":\"Jeu d&#039;escarmouches au d\u00e9but du XXe si\u00e8cle\",\"potentialAction\":[{\"@type\":\"SearchAction\",\"target\":{\"@type\":\"EntryPoint\",\"urlTemplate\":\"http:\\\/\\\/www.destrancheesauxbarricades.com\\\/?s={search_term_string}\"},\"query-input\":{\"@type\":\"PropertyValueSpecification\",\"valueRequired\":true,\"valueName\":\"search_term_string\"}}],\"inLanguage\":\"fr-FR\"}]}<\/script>\n<!-- \/ Yoast SEO plugin. -->","yoast_head_json":{"title":"Boite de rangement MEGA pour figurines aimant\u00e9es (1 plaque) - Des tranch\u00e9es aux barricades","robots":{"index":"index","follow":"follow","max-snippet":"max-snippet:-1","max-image-preview":"max-image-preview:large","max-video-preview":"max-video-preview:-1"},"canonical":"http:\/\/www.destrancheesauxbarricades.com\/index.php\/product\/boite-de-rangement-mega-pour-figurines-aimantees-1-plaque\/","og_locale":"fr_FR","og_type":"article","og_title":"Boite de rangement MEGA pour figurines aimant\u00e9es (1 plaque) - Des tranch\u00e9es aux barricades","og_description":"Boite de rangement MEGA pour figurines aimant\u00e9es (une plaque m\u00e9tallique)","og_url":"http:\/\/www.destrancheesauxbarricades.com\/index.php\/product\/boite-de-rangement-mega-pour-figurines-aimantees-1-plaque\/","og_site_name":"Des tranch\u00e9es aux barricades","article_modified_time":"2025-11-04T12:23:20+00:00","og_image":[{"width":900,"height":600,"url":"http:\/\/www.destrancheesauxbarricades.com\/wp-content\/uploads\/2025\/11\/Mega-modele.jpg","type":"image\/jpeg"}],"twitter_card":"summary_large_image","twitter_misc":{"Dur\u00e9e de lecture estim\u00e9e":"2 minutes"},"schema":{"@context":"https:\/\/schema.org","@graph":[{"@type":"WebPage","@id":"http:\/\/www.destrancheesauxbarricades.com\/index.php\/product\/boite-de-rangement-mega-pour-figurines-aimantees-1-plaque\/","url":"http:\/\/www.destrancheesauxbarricades.com\/index.php\/product\/boite-de-rangement-mega-pour-figurines-aimantees-1-plaque\/","name":"Boite de rangement MEGA pour figurines aimant\u00e9es (1 plaque) - Des tranch\u00e9es aux barricades","isPartOf":{"@id":"http:\/\/www.destrancheesauxbarricades.com\/#website"},"primaryImageOfPage":{"@id":"http:\/\/www.destrancheesauxbarricades.com\/index.php\/product\/boite-de-rangement-mega-pour-figurines-aimantees-1-plaque\/#primaryimage"},"image":{"@id":"http:\/\/www.destrancheesauxbarricades.com\/index.php\/product\/boite-de-rangement-mega-pour-figurines-aimantees-1-plaque\/#primaryimage"},"thumbnailUrl":"http:\/\/www.destrancheesauxbarricades.com\/wp-content\/uploads\/2025\/11\/Mega-modele.jpg","datePublished":"2025-11-04T11:52:47+00:00","dateModified":"2025-11-04T12:23:20+00:00","breadcrumb":{"@id":"http:\/\/www.destrancheesauxbarricades.com\/index.php\/product\/boite-de-rangement-mega-pour-figurines-aimantees-1-plaque\/#breadcrumb"},"inLanguage":"fr-FR","potentialAction":[{"@type":"ReadAction","target":["http:\/\/www.destrancheesauxbarricades.com\/index.php\/product\/boite-de-rangement-mega-pour-figurines-aimantees-1-plaque\/"]}]},{"@type":"ImageObject","inLanguage":"fr-FR","@id":"http:\/\/www.destrancheesauxbarricades.com\/index.php\/product\/boite-de-rangement-mega-pour-figurines-aimantees-1-plaque\/#primaryimage","url":"http:\/\/www.destrancheesauxbarricades.com\/wp-content\/uploads\/2025\/11\/Mega-modele.jpg","contentUrl":"http:\/\/www.destrancheesauxbarricades.com\/wp-content\/uploads\/2025\/11\/Mega-modele.jpg","width":900,"height":600},{"@type":"BreadcrumbList","@id":"http:\/\/www.destrancheesauxbarricades.com\/index.php\/product\/boite-de-rangement-mega-pour-figurines-aimantees-1-plaque\/#breadcrumb","itemListElement":[{"@type":"ListItem","position":1,"name":"Accueil","item":"http:\/\/www.destrancheesauxbarricades.com\/"},{"@type":"ListItem","position":2,"name":"Shop","item":"https:\/\/www.destrancheesauxbarricades.com\/index.php\/shop\/"},{"@type":"ListItem","position":3,"name":"Boite de rangement MEGA pour figurines aimant\u00e9es (1 plaque)"}]},{"@type":"WebSite","@id":"http:\/\/www.destrancheesauxbarricades.com\/#website","url":"http:\/\/www.destrancheesauxbarricades.com\/","name":"Des tranch\u00e9es aux barricades","description":"Jeu d&#039;escarmouches au d\u00e9but du XXe si\u00e8cle","potentialAction":[{"@type":"SearchAction","target":{"@type":"EntryPoint","urlTemplate":"http:\/\/www.destrancheesauxbarricades.com\/?s={search_term_string}"},"query-input":{"@type":"PropertyValueSpecification","valueRequired":true,"valueName":"search_term_string"}}],"inLanguage":"fr-FR"}]}},"jetpack_sharing_enabled":true,"_links":{"self":[{"href":"http:\/\/www.destrancheesauxbarricades.com\/index.php\/wp-json\/wp\/v2\/product\/13953","targetHints":{"allow":["GET"]}}],"collection":[{"href":"http:\/\/www.destrancheesauxbarricades.com\/index.php\/wp-json\/wp\/v2\/product"}],"about":[{"href":"http:\/\/www.destrancheesauxbarricades.com\/index.php\/wp-json\/wp\/v2\/types\/product"}],"version-history":[{"count":1,"href":"http:\/\/www.destrancheesauxbarricades.com\/index.php\/wp-json\/wp\/v2\/product\/13953\/revisions"}],"predecessor-version":[{"id":13956,"href":"http:\/\/www.destrancheesauxbarricades.com\/index.php\/wp-json\/wp\/v2\/product\/13953\/revisions\/13956"}],"wp:featuredmedia":[{"embeddable":true,"href":"http:\/\/www.destrancheesauxbarricades.com\/index.php\/wp-json\/wp\/v2\/media\/13954"}],"wp:attachment":[{"href":"http:\/\/www.destrancheesauxbarricades.com\/index.php\/wp-json\/wp\/v2\/media?parent=13953"}],"wp:term":[{"taxonomy":"product_brand","embeddable":true,"href":"http:\/\/www.destrancheesauxbarricades.com\/index.php\/wp-json\/wp\/v2\/product_brand?post=13953"},{"taxonomy":"product_cat","embeddable":true,"href":"http:\/\/www.destrancheesauxbarricades.com\/index.php\/wp-json\/wp\/v2\/product_cat?post=13953"},{"taxonomy":"product_tag","embeddable":true,"href":"http:\/\/www.destrancheesauxbarricades.com\/index.php\/wp-json\/wp\/v2\/product_tag?post=13953"}],"curies":[{"name":"wp","href":"https:\/\/api.w.org\/{rel}","templated":true}]}}