{"id":13941,"date":"2025-11-04T11:13:14","date_gmt":"2025-11-04T11:13:14","guid":{"rendered":"https:\/\/www.destrancheesauxbarricades.com\/?post_type=product&#038;p=13941"},"modified":"2025-11-04T11:58:30","modified_gmt":"2025-11-04T11:58:30","slug":"boite-de-rangement-bolt-action","status":"publish","type":"product","link":"http:\/\/www.destrancheesauxbarricades.com\/index.php\/product\/boite-de-rangement-bolt-action\/","title":{"rendered":"Boite de rangement Bolt Action pour figurines aimant\u00e9es (2 plaques)"},"content":{"rendered":"<p>Cette bo\u00eete combine un rangement pratique avec un design th\u00e9matique, garantissant que vos figurines sont prot\u00e9g\u00e9es, organis\u00e9es et toujours pr\u00eates au combat !<\/p>\n<p>&nbsp;<\/p>\n<p>Cette boite de rangement aux couleurs de BOLT ACTION dispose de deux plaques m\u00e9talliques galvanis\u00e9es, permettant un stockage magn\u00e9tique double face pour une capacit\u00e9 et une organisation maximales.<\/p>\n<p>&nbsp;<\/p>\n<p><strong>Caract\u00e9ristiques\u00a0 :<\/strong><\/p>\n<ul>\n<li><strong>Stockage magn\u00e9tique double face<\/strong>\u00a0: Deux plaques solides en m\u00e9tal galvanis\u00e9 de 0,4 mm d\u2019\u00e9paisseur :\n<ul>\n<li>Une plaque fix\u00e9e au fond pour un rangement standard.<\/li>\n<li>Une seconde plaque fix\u00e9e \u00e0 l\u2019int\u00e9rieur du couvercle, permettant un rangement s\u00e9curis\u00e9 des deux c\u00f4t\u00e9s.<\/li>\n<\/ul>\n<\/li>\n<\/ul>\n<p><strong>Utilisation maximale de l\u2019espace<\/strong>\u00a0: Rangez les figurines magn\u00e9tiquement sur les surfaces sup\u00e9rieure et inf\u00e9rieure, en tirant le meilleur parti de l\u2019espace int\u00e9rieur de la bo\u00eete.<\/p>\n<ul>\n<li><strong>Fermeture s\u00e9curis\u00e9e<\/strong>\u00a0: Deux attaches velcro garantissent que la bo\u00eete reste bien ferm\u00e9e, \u00e9vitant ainsi les ouvertures accidentelles pendant le stockage ou le voyage.<\/li>\n<li><strong>Construction durable<\/strong>\u00a0: fabriqu\u00e9e \u00e0 partir de carton \u00e0 5 couches, la bo\u00eete est recouverte d\u2019une feuille de plastique protectrice pour une durabilit\u00e9 accrue tout en conservant une conception l\u00e9g\u00e8re.<\/li>\n<li><strong>Conception th\u00e9matique<\/strong>\u00a0: L\u2019ext\u00e9rieur est con\u00e7u pour ressembler \u00e0 une caisse de munitions de la Seconde Guerre mondiale, avec une usure r\u00e9aliste, offrant une sensation robuste et authentique. Les \u0153uvres d\u2019art int\u00e9rieures \u00e9voquent le c\u00f4t\u00e9 personnel du voyage d\u2019un soldat, mettant en valeur des souvenirs de guerre, notamment des photographies d\u00e9lav\u00e9es, des journaux anciens, des cartes et des souvenirs.<\/li>\n<\/ul>\n<p><strong>Taille:<\/strong><\/p>\n<ul>\n<li><strong>Dimensions ext\u00e9rieures<\/strong>\u00a0: 412 mm x 280 mm x 102 mm<\/li>\n<li><strong>Dimensions int\u00e9rieures<\/strong>\u00a0: 394 mm x 267 mm x 98 mm<\/li>\n<li><strong>Capacit\u00e9<\/strong>\u00a0: Stockez et transportez des figurines magn\u00e9tiques jusqu\u2019\u00e0 98 mm de haut sur la plaque inf\u00e9rieure ou 98 mm combin\u00e9s pour le haut et le bas.<\/li>\n<\/ul>\n<p>&nbsp;<\/p>\n<p>Figurines non incluses<\/p>\n<p>&nbsp;<\/p>\n","protected":false},"excerpt":{"rendered":"<p>Boite de rangement Bolt Action pour figurines aimant\u00e9es (deux plaques m\u00e9talliques)<\/p>\n","protected":false},"featured_media":13942,"template":"","meta":{"_monsterinsights_skip_tracking":false,"_monsterinsights_sitenote_active":false,"_monsterinsights_sitenote_note":"","_monsterinsights_sitenote_category":0},"product_brand":[],"product_cat":[149,180],"product_tag":[],"class_list":{"0":"post-13941","1":"product","2":"type-product","3":"status-publish","4":"has-post-thumbnail","6":"product_cat-decors-28mm","7":"product_cat-socles-aimantes","10":"first","11":"instock","12":"taxable","13":"shipping-taxable","14":"purchasable","15":"product-type-simple"},"yoast_head":"<!-- This site is optimized with the Yoast SEO plugin v27.5 - https:\/\/yoast.com\/product\/yoast-seo-wordpress\/ -->\n<title>Boite de rangement Bolt Action pour figurines aimant\u00e9es (2 plaques) - Des tranch\u00e9es aux barricades<\/title>\n<meta name=\"robots\" content=\"index, follow, max-snippet:-1, max-image-preview:large, max-video-preview:-1\" \/>\n<link rel=\"canonical\" href=\"https:\/\/www.destrancheesauxbarricades.com\/index.php\/product\/boite-de-rangement-bolt-action\/\" \/>\n<meta property=\"og:locale\" content=\"fr_FR\" \/>\n<meta property=\"og:type\" content=\"article\" \/>\n<meta property=\"og:title\" content=\"Boite de rangement Bolt Action pour figurines aimant\u00e9es (2 plaques) - Des tranch\u00e9es aux barricades\" \/>\n<meta property=\"og:description\" content=\"Boite de rangement Bolt Action pour figurines aimant\u00e9es (deux plaques m\u00e9talliques)\" \/>\n<meta property=\"og:url\" content=\"https:\/\/www.destrancheesauxbarricades.com\/index.php\/product\/boite-de-rangement-bolt-action\/\" \/>\n<meta property=\"og:site_name\" content=\"Des tranch\u00e9es aux barricades\" \/>\n<meta property=\"article:modified_time\" content=\"2025-11-04T11:58:30+00:00\" \/>\n<meta property=\"og:image\" content=\"https:\/\/www.destrancheesauxbarricades.com\/wp-content\/uploads\/2025\/11\/5867.jpg\" \/>\n\t<meta property=\"og:image:width\" content=\"1200\" \/>\n\t<meta property=\"og:image:height\" content=\"1200\" \/>\n\t<meta property=\"og:image:type\" content=\"image\/jpeg\" \/>\n<meta name=\"twitter:card\" content=\"summary_large_image\" \/>\n<meta name=\"twitter:label1\" content=\"Dur\u00e9e de lecture estim\u00e9e\" \/>\n\t<meta name=\"twitter:data1\" content=\"2 minutes\" \/>\n<script type=\"application\/ld+json\" class=\"yoast-schema-graph\">{\"@context\":\"https:\\\/\\\/schema.org\",\"@graph\":[{\"@type\":\"WebPage\",\"@id\":\"https:\\\/\\\/www.destrancheesauxbarricades.com\\\/index.php\\\/product\\\/boite-de-rangement-bolt-action\\\/\",\"url\":\"https:\\\/\\\/www.destrancheesauxbarricades.com\\\/index.php\\\/product\\\/boite-de-rangement-bolt-action\\\/\",\"name\":\"Boite de rangement Bolt Action pour figurines aimant\u00e9es (2 plaques) - Des tranch\u00e9es aux barricades\",\"isPartOf\":{\"@id\":\"http:\\\/\\\/www.destrancheesauxbarricades.com\\\/#website\"},\"primaryImageOfPage\":{\"@id\":\"https:\\\/\\\/www.destrancheesauxbarricades.com\\\/index.php\\\/product\\\/boite-de-rangement-bolt-action\\\/#primaryimage\"},\"image\":{\"@id\":\"https:\\\/\\\/www.destrancheesauxbarricades.com\\\/index.php\\\/product\\\/boite-de-rangement-bolt-action\\\/#primaryimage\"},\"thumbnailUrl\":\"http:\\\/\\\/www.destrancheesauxbarricades.com\\\/wp-content\\\/uploads\\\/2025\\\/11\\\/5867.jpg\",\"datePublished\":\"2025-11-04T11:13:14+00:00\",\"dateModified\":\"2025-11-04T11:58:30+00:00\",\"breadcrumb\":{\"@id\":\"https:\\\/\\\/www.destrancheesauxbarricades.com\\\/index.php\\\/product\\\/boite-de-rangement-bolt-action\\\/#breadcrumb\"},\"inLanguage\":\"fr-FR\",\"potentialAction\":[{\"@type\":\"ReadAction\",\"target\":[\"https:\\\/\\\/www.destrancheesauxbarricades.com\\\/index.php\\\/product\\\/boite-de-rangement-bolt-action\\\/\"]}]},{\"@type\":\"ImageObject\",\"inLanguage\":\"fr-FR\",\"@id\":\"https:\\\/\\\/www.destrancheesauxbarricades.com\\\/index.php\\\/product\\\/boite-de-rangement-bolt-action\\\/#primaryimage\",\"url\":\"http:\\\/\\\/www.destrancheesauxbarricades.com\\\/wp-content\\\/uploads\\\/2025\\\/11\\\/5867.jpg\",\"contentUrl\":\"http:\\\/\\\/www.destrancheesauxbarricades.com\\\/wp-content\\\/uploads\\\/2025\\\/11\\\/5867.jpg\",\"width\":1200,\"height\":1200},{\"@type\":\"BreadcrumbList\",\"@id\":\"https:\\\/\\\/www.destrancheesauxbarricades.com\\\/index.php\\\/product\\\/boite-de-rangement-bolt-action\\\/#breadcrumb\",\"itemListElement\":[{\"@type\":\"ListItem\",\"position\":1,\"name\":\"Accueil\",\"item\":\"http:\\\/\\\/www.destrancheesauxbarricades.com\\\/\"},{\"@type\":\"ListItem\",\"position\":2,\"name\":\"Shop\",\"item\":\"http:\\\/\\\/www.destrancheesauxbarricades.com\\\/index.php\\\/shop\\\/\"},{\"@type\":\"ListItem\",\"position\":3,\"name\":\"Boite de rangement Bolt Action pour figurines aimant\u00e9es (2 plaques)\"}]},{\"@type\":\"WebSite\",\"@id\":\"http:\\\/\\\/www.destrancheesauxbarricades.com\\\/#website\",\"url\":\"http:\\\/\\\/www.destrancheesauxbarricades.com\\\/\",\"name\":\"Des tranch\u00e9es aux barricades\",\"description\":\"Jeu d&#039;escarmouches au d\u00e9but du XXe si\u00e8cle\",\"potentialAction\":[{\"@type\":\"SearchAction\",\"target\":{\"@type\":\"EntryPoint\",\"urlTemplate\":\"http:\\\/\\\/www.destrancheesauxbarricades.com\\\/?s={search_term_string}\"},\"query-input\":{\"@type\":\"PropertyValueSpecification\",\"valueRequired\":true,\"valueName\":\"search_term_string\"}}],\"inLanguage\":\"fr-FR\"}]}<\/script>\n<!-- \/ Yoast SEO plugin. -->","yoast_head_json":{"title":"Boite de rangement Bolt Action pour figurines aimant\u00e9es (2 plaques) - Des tranch\u00e9es aux barricades","robots":{"index":"index","follow":"follow","max-snippet":"max-snippet:-1","max-image-preview":"max-image-preview:large","max-video-preview":"max-video-preview:-1"},"canonical":"https:\/\/www.destrancheesauxbarricades.com\/index.php\/product\/boite-de-rangement-bolt-action\/","og_locale":"fr_FR","og_type":"article","og_title":"Boite de rangement Bolt Action pour figurines aimant\u00e9es (2 plaques) - Des tranch\u00e9es aux barricades","og_description":"Boite de rangement Bolt Action pour figurines aimant\u00e9es (deux plaques m\u00e9talliques)","og_url":"https:\/\/www.destrancheesauxbarricades.com\/index.php\/product\/boite-de-rangement-bolt-action\/","og_site_name":"Des tranch\u00e9es aux barricades","article_modified_time":"2025-11-04T11:58:30+00:00","og_image":[{"width":1200,"height":1200,"url":"https:\/\/www.destrancheesauxbarricades.com\/wp-content\/uploads\/2025\/11\/5867.jpg","type":"image\/jpeg"}],"twitter_card":"summary_large_image","twitter_misc":{"Dur\u00e9e de lecture estim\u00e9e":"2 minutes"},"schema":{"@context":"https:\/\/schema.org","@graph":[{"@type":"WebPage","@id":"https:\/\/www.destrancheesauxbarricades.com\/index.php\/product\/boite-de-rangement-bolt-action\/","url":"https:\/\/www.destrancheesauxbarricades.com\/index.php\/product\/boite-de-rangement-bolt-action\/","name":"Boite de rangement Bolt Action pour figurines aimant\u00e9es (2 plaques) - Des tranch\u00e9es aux barricades","isPartOf":{"@id":"http:\/\/www.destrancheesauxbarricades.com\/#website"},"primaryImageOfPage":{"@id":"https:\/\/www.destrancheesauxbarricades.com\/index.php\/product\/boite-de-rangement-bolt-action\/#primaryimage"},"image":{"@id":"https:\/\/www.destrancheesauxbarricades.com\/index.php\/product\/boite-de-rangement-bolt-action\/#primaryimage"},"thumbnailUrl":"http:\/\/www.destrancheesauxbarricades.com\/wp-content\/uploads\/2025\/11\/5867.jpg","datePublished":"2025-11-04T11:13:14+00:00","dateModified":"2025-11-04T11:58:30+00:00","breadcrumb":{"@id":"https:\/\/www.destrancheesauxbarricades.com\/index.php\/product\/boite-de-rangement-bolt-action\/#breadcrumb"},"inLanguage":"fr-FR","potentialAction":[{"@type":"ReadAction","target":["https:\/\/www.destrancheesauxbarricades.com\/index.php\/product\/boite-de-rangement-bolt-action\/"]}]},{"@type":"ImageObject","inLanguage":"fr-FR","@id":"https:\/\/www.destrancheesauxbarricades.com\/index.php\/product\/boite-de-rangement-bolt-action\/#primaryimage","url":"http:\/\/www.destrancheesauxbarricades.com\/wp-content\/uploads\/2025\/11\/5867.jpg","contentUrl":"http:\/\/www.destrancheesauxbarricades.com\/wp-content\/uploads\/2025\/11\/5867.jpg","width":1200,"height":1200},{"@type":"BreadcrumbList","@id":"https:\/\/www.destrancheesauxbarricades.com\/index.php\/product\/boite-de-rangement-bolt-action\/#breadcrumb","itemListElement":[{"@type":"ListItem","position":1,"name":"Accueil","item":"http:\/\/www.destrancheesauxbarricades.com\/"},{"@type":"ListItem","position":2,"name":"Shop","item":"http:\/\/www.destrancheesauxbarricades.com\/index.php\/shop\/"},{"@type":"ListItem","position":3,"name":"Boite de rangement Bolt Action pour figurines aimant\u00e9es (2 plaques)"}]},{"@type":"WebSite","@id":"http:\/\/www.destrancheesauxbarricades.com\/#website","url":"http:\/\/www.destrancheesauxbarricades.com\/","name":"Des tranch\u00e9es aux barricades","description":"Jeu d&#039;escarmouches au d\u00e9but du XXe si\u00e8cle","potentialAction":[{"@type":"SearchAction","target":{"@type":"EntryPoint","urlTemplate":"http:\/\/www.destrancheesauxbarricades.com\/?s={search_term_string}"},"query-input":{"@type":"PropertyValueSpecification","valueRequired":true,"valueName":"search_term_string"}}],"inLanguage":"fr-FR"}]}},"jetpack_sharing_enabled":true,"_links":{"self":[{"href":"http:\/\/www.destrancheesauxbarricades.com\/index.php\/wp-json\/wp\/v2\/product\/13941","targetHints":{"allow":["GET"]}}],"collection":[{"href":"http:\/\/www.destrancheesauxbarricades.com\/index.php\/wp-json\/wp\/v2\/product"}],"about":[{"href":"http:\/\/www.destrancheesauxbarricades.com\/index.php\/wp-json\/wp\/v2\/types\/product"}],"version-history":[{"count":6,"href":"http:\/\/www.destrancheesauxbarricades.com\/index.php\/wp-json\/wp\/v2\/product\/13941\/revisions"}],"predecessor-version":[{"id":13958,"href":"http:\/\/www.destrancheesauxbarricades.com\/index.php\/wp-json\/wp\/v2\/product\/13941\/revisions\/13958"}],"wp:featuredmedia":[{"embeddable":true,"href":"http:\/\/www.destrancheesauxbarricades.com\/index.php\/wp-json\/wp\/v2\/media\/13942"}],"wp:attachment":[{"href":"http:\/\/www.destrancheesauxbarricades.com\/index.php\/wp-json\/wp\/v2\/media?parent=13941"}],"wp:term":[{"taxonomy":"product_brand","embeddable":true,"href":"http:\/\/www.destrancheesauxbarricades.com\/index.php\/wp-json\/wp\/v2\/product_brand?post=13941"},{"taxonomy":"product_cat","embeddable":true,"href":"http:\/\/www.destrancheesauxbarricades.com\/index.php\/wp-json\/wp\/v2\/product_cat?post=13941"},{"taxonomy":"product_tag","embeddable":true,"href":"http:\/\/www.destrancheesauxbarricades.com\/index.php\/wp-json\/wp\/v2\/product_tag?post=13941"}],"curies":[{"name":"wp","href":"https:\/\/api.w.org\/{rel}","templated":true}]}}