{"id":13934,"date":"2025-11-04T10:54:04","date_gmt":"2025-11-04T10:54:04","guid":{"rendered":"https:\/\/www.destrancheesauxbarricades.com\/?post_type=product&#038;p=13934"},"modified":"2025-11-04T10:56:56","modified_gmt":"2025-11-04T10:56:56","slug":"socles-ronds-aimantes-30mm","status":"publish","type":"product","link":"http:\/\/www.destrancheesauxbarricades.com\/index.php\/product\/socles-ronds-aimantes-30mm\/","title":{"rendered":"Socles ronds aimant\u00e9s 30mm"},"content":{"rendered":"<p>18 socles ronds de 30mm de diam\u00e8tre munis d&rsquo;aimants n\u00e9odymes puissants.<\/p>\n<p>En PLA.<\/p>\n<p>&nbsp;<\/p>\n<div dir=\"auto\">\n<p>&nbsp;<\/p>\n<p>Ceci n\u2019est pas un jouet<\/p>\n<p>Informations pour une utilisation s\u00fbre :<br \/>\n&#8211; Interdit aux enfants de moins de 14 ans : Des enfants peuvent avaler des petits aimants. Si un enfant avale plusieurs aimants, ces derniers peuvent se fixer dans l&rsquo;intestin et entrainer des complications mortelles. Les aimants ne sont pas des jouets et doivent \u00eatre tenus hors de la port\u00e9e des enfants. &#8211; Conductibilit\u00e9 \u00e9lectrique : Les aimants sont en m\u00e9tal et transmettent le courant \u00e9lectrique. Les enfants pourraient essayer d&rsquo;introduire des aimants dans la prise \u00e9lectrique et par cons\u00e9quent subir un choc \u00e9lectrique &#8211; Pacemaker : Les aimants peuvent interf\u00e9rer avec le bon fonctionnement de pacemakers et de d\u00e9fibrillateurs implantables. * Un pacemaker pourrait passer en mode test et causer des malaises. * Un d\u00e9fibrillateur ne pourrait \u00e9ventuellement plus fonctionner. * Si vous \u00eates porteur d&rsquo;un tel dispositif, gardez une distance suffisante avec les aimants. * Emp\u00eacher les porteurs de tels dispositifs de s&rsquo;approcher des aimants. &#8211; Eclats m\u00e9talliques : Des aimants en n\u00e9odyme sont cassants. Lors d&rsquo;une collision de deux aimants, ceux-ci peuvent se briser. Des \u00e9clats coupants pourraient \u00eatre projet\u00e9s \u00e0 plusieurs m\u00e8tres et blesser vos yeux. &#8211; Champ magn\u00e9tique : Des aimants g\u00e9n\u00e8rent des champs magn\u00e9tiques puissants et de grande envergure. Ils peuvent endommager entre autres des t\u00e9l\u00e9viseurs, des ordinateurs portables, des disques durs, des cartes de cr\u00e9dit et des cartes euroch\u00e8que, des supports de donn\u00e9es, des montres m\u00e9caniques, des appareils auditifs et des haut-parleurs.<\/p>\n<\/div>\n","protected":false},"excerpt":{"rendered":"<p>Lot de 18 socles ronds aimant\u00e9s de 30mm de diam\u00e8tre<\/p>\n","protected":false},"featured_media":13936,"template":"","meta":{"_monsterinsights_skip_tracking":false,"_monsterinsights_sitenote_active":false,"_monsterinsights_sitenote_note":"","_monsterinsights_sitenote_category":0},"product_brand":[],"product_cat":[149,180],"product_tag":[],"class_list":{"0":"post-13934","1":"product","2":"type-product","3":"status-publish","4":"has-post-thumbnail","6":"product_cat-decors-28mm","7":"product_cat-socles-aimantes","10":"first","11":"instock","12":"sale","13":"taxable","14":"shipping-taxable","15":"purchasable","16":"product-type-simple"},"yoast_head":"<!-- This site is optimized with the Yoast SEO plugin v27.5 - https:\/\/yoast.com\/product\/yoast-seo-wordpress\/ -->\n<title>Socles ronds aimant\u00e9s 30mm - Des tranch\u00e9es aux barricades<\/title>\n<meta name=\"robots\" content=\"index, follow, max-snippet:-1, max-image-preview:large, max-video-preview:-1\" \/>\n<link rel=\"canonical\" href=\"https:\/\/www.destrancheesauxbarricades.com\/index.php\/product\/socles-ronds-aimantes-30mm\/\" \/>\n<meta property=\"og:locale\" content=\"fr_FR\" \/>\n<meta property=\"og:type\" content=\"article\" \/>\n<meta property=\"og:title\" content=\"Socles ronds aimant\u00e9s 30mm - Des tranch\u00e9es aux barricades\" \/>\n<meta property=\"og:description\" content=\"Lot de 18 socles ronds aimant\u00e9s de 30mm de diam\u00e8tre\" \/>\n<meta property=\"og:url\" content=\"https:\/\/www.destrancheesauxbarricades.com\/index.php\/product\/socles-ronds-aimantes-30mm\/\" \/>\n<meta property=\"og:site_name\" content=\"Des tranch\u00e9es aux barricades\" \/>\n<meta property=\"article:modified_time\" content=\"2025-11-04T10:56:56+00:00\" \/>\n<meta property=\"og:image\" content=\"https:\/\/www.destrancheesauxbarricades.com\/wp-content\/uploads\/2025\/11\/WhatsApp-Image-2025-11-04-a-11.41.39_77c88777.jpg\" \/>\n\t<meta property=\"og:image:width\" content=\"1570\" \/>\n\t<meta property=\"og:image:height\" content=\"1570\" \/>\n\t<meta property=\"og:image:type\" content=\"image\/jpeg\" \/>\n<meta name=\"twitter:card\" content=\"summary_large_image\" \/>\n<meta name=\"twitter:label1\" content=\"Dur\u00e9e de lecture estim\u00e9e\" \/>\n\t<meta name=\"twitter:data1\" content=\"2 minutes\" \/>\n<script type=\"application\/ld+json\" class=\"yoast-schema-graph\">{\"@context\":\"https:\\\/\\\/schema.org\",\"@graph\":[{\"@type\":\"WebPage\",\"@id\":\"https:\\\/\\\/www.destrancheesauxbarricades.com\\\/index.php\\\/product\\\/socles-ronds-aimantes-30mm\\\/\",\"url\":\"https:\\\/\\\/www.destrancheesauxbarricades.com\\\/index.php\\\/product\\\/socles-ronds-aimantes-30mm\\\/\",\"name\":\"Socles ronds aimant\u00e9s 30mm - Des tranch\u00e9es aux barricades\",\"isPartOf\":{\"@id\":\"http:\\\/\\\/www.destrancheesauxbarricades.com\\\/#website\"},\"primaryImageOfPage\":{\"@id\":\"https:\\\/\\\/www.destrancheesauxbarricades.com\\\/index.php\\\/product\\\/socles-ronds-aimantes-30mm\\\/#primaryimage\"},\"image\":{\"@id\":\"https:\\\/\\\/www.destrancheesauxbarricades.com\\\/index.php\\\/product\\\/socles-ronds-aimantes-30mm\\\/#primaryimage\"},\"thumbnailUrl\":\"http:\\\/\\\/www.destrancheesauxbarricades.com\\\/wp-content\\\/uploads\\\/2025\\\/11\\\/WhatsApp-Image-2025-11-04-a-11.41.39_77c88777.jpg\",\"datePublished\":\"2025-11-04T10:54:04+00:00\",\"dateModified\":\"2025-11-04T10:56:56+00:00\",\"breadcrumb\":{\"@id\":\"https:\\\/\\\/www.destrancheesauxbarricades.com\\\/index.php\\\/product\\\/socles-ronds-aimantes-30mm\\\/#breadcrumb\"},\"inLanguage\":\"fr-FR\",\"potentialAction\":[{\"@type\":\"ReadAction\",\"target\":[\"https:\\\/\\\/www.destrancheesauxbarricades.com\\\/index.php\\\/product\\\/socles-ronds-aimantes-30mm\\\/\"]}]},{\"@type\":\"ImageObject\",\"inLanguage\":\"fr-FR\",\"@id\":\"https:\\\/\\\/www.destrancheesauxbarricades.com\\\/index.php\\\/product\\\/socles-ronds-aimantes-30mm\\\/#primaryimage\",\"url\":\"http:\\\/\\\/www.destrancheesauxbarricades.com\\\/wp-content\\\/uploads\\\/2025\\\/11\\\/WhatsApp-Image-2025-11-04-a-11.41.39_77c88777.jpg\",\"contentUrl\":\"http:\\\/\\\/www.destrancheesauxbarricades.com\\\/wp-content\\\/uploads\\\/2025\\\/11\\\/WhatsApp-Image-2025-11-04-a-11.41.39_77c88777.jpg\",\"width\":1570,\"height\":1570},{\"@type\":\"BreadcrumbList\",\"@id\":\"https:\\\/\\\/www.destrancheesauxbarricades.com\\\/index.php\\\/product\\\/socles-ronds-aimantes-30mm\\\/#breadcrumb\",\"itemListElement\":[{\"@type\":\"ListItem\",\"position\":1,\"name\":\"Accueil\",\"item\":\"http:\\\/\\\/www.destrancheesauxbarricades.com\\\/\"},{\"@type\":\"ListItem\",\"position\":2,\"name\":\"Shop\",\"item\":\"http:\\\/\\\/www.destrancheesauxbarricades.com\\\/index.php\\\/shop\\\/\"},{\"@type\":\"ListItem\",\"position\":3,\"name\":\"Socles ronds aimant\u00e9s 30mm\"}]},{\"@type\":\"WebSite\",\"@id\":\"http:\\\/\\\/www.destrancheesauxbarricades.com\\\/#website\",\"url\":\"http:\\\/\\\/www.destrancheesauxbarricades.com\\\/\",\"name\":\"Des tranch\u00e9es aux barricades\",\"description\":\"Jeu d&#039;escarmouches au d\u00e9but du XXe si\u00e8cle\",\"potentialAction\":[{\"@type\":\"SearchAction\",\"target\":{\"@type\":\"EntryPoint\",\"urlTemplate\":\"http:\\\/\\\/www.destrancheesauxbarricades.com\\\/?s={search_term_string}\"},\"query-input\":{\"@type\":\"PropertyValueSpecification\",\"valueRequired\":true,\"valueName\":\"search_term_string\"}}],\"inLanguage\":\"fr-FR\"}]}<\/script>\n<!-- \/ Yoast SEO plugin. -->","yoast_head_json":{"title":"Socles ronds aimant\u00e9s 30mm - Des tranch\u00e9es aux barricades","robots":{"index":"index","follow":"follow","max-snippet":"max-snippet:-1","max-image-preview":"max-image-preview:large","max-video-preview":"max-video-preview:-1"},"canonical":"https:\/\/www.destrancheesauxbarricades.com\/index.php\/product\/socles-ronds-aimantes-30mm\/","og_locale":"fr_FR","og_type":"article","og_title":"Socles ronds aimant\u00e9s 30mm - Des tranch\u00e9es aux barricades","og_description":"Lot de 18 socles ronds aimant\u00e9s de 30mm de diam\u00e8tre","og_url":"https:\/\/www.destrancheesauxbarricades.com\/index.php\/product\/socles-ronds-aimantes-30mm\/","og_site_name":"Des tranch\u00e9es aux barricades","article_modified_time":"2025-11-04T10:56:56+00:00","og_image":[{"width":1570,"height":1570,"url":"https:\/\/www.destrancheesauxbarricades.com\/wp-content\/uploads\/2025\/11\/WhatsApp-Image-2025-11-04-a-11.41.39_77c88777.jpg","type":"image\/jpeg"}],"twitter_card":"summary_large_image","twitter_misc":{"Dur\u00e9e de lecture estim\u00e9e":"2 minutes"},"schema":{"@context":"https:\/\/schema.org","@graph":[{"@type":"WebPage","@id":"https:\/\/www.destrancheesauxbarricades.com\/index.php\/product\/socles-ronds-aimantes-30mm\/","url":"https:\/\/www.destrancheesauxbarricades.com\/index.php\/product\/socles-ronds-aimantes-30mm\/","name":"Socles ronds aimant\u00e9s 30mm - Des tranch\u00e9es aux barricades","isPartOf":{"@id":"http:\/\/www.destrancheesauxbarricades.com\/#website"},"primaryImageOfPage":{"@id":"https:\/\/www.destrancheesauxbarricades.com\/index.php\/product\/socles-ronds-aimantes-30mm\/#primaryimage"},"image":{"@id":"https:\/\/www.destrancheesauxbarricades.com\/index.php\/product\/socles-ronds-aimantes-30mm\/#primaryimage"},"thumbnailUrl":"http:\/\/www.destrancheesauxbarricades.com\/wp-content\/uploads\/2025\/11\/WhatsApp-Image-2025-11-04-a-11.41.39_77c88777.jpg","datePublished":"2025-11-04T10:54:04+00:00","dateModified":"2025-11-04T10:56:56+00:00","breadcrumb":{"@id":"https:\/\/www.destrancheesauxbarricades.com\/index.php\/product\/socles-ronds-aimantes-30mm\/#breadcrumb"},"inLanguage":"fr-FR","potentialAction":[{"@type":"ReadAction","target":["https:\/\/www.destrancheesauxbarricades.com\/index.php\/product\/socles-ronds-aimantes-30mm\/"]}]},{"@type":"ImageObject","inLanguage":"fr-FR","@id":"https:\/\/www.destrancheesauxbarricades.com\/index.php\/product\/socles-ronds-aimantes-30mm\/#primaryimage","url":"http:\/\/www.destrancheesauxbarricades.com\/wp-content\/uploads\/2025\/11\/WhatsApp-Image-2025-11-04-a-11.41.39_77c88777.jpg","contentUrl":"http:\/\/www.destrancheesauxbarricades.com\/wp-content\/uploads\/2025\/11\/WhatsApp-Image-2025-11-04-a-11.41.39_77c88777.jpg","width":1570,"height":1570},{"@type":"BreadcrumbList","@id":"https:\/\/www.destrancheesauxbarricades.com\/index.php\/product\/socles-ronds-aimantes-30mm\/#breadcrumb","itemListElement":[{"@type":"ListItem","position":1,"name":"Accueil","item":"http:\/\/www.destrancheesauxbarricades.com\/"},{"@type":"ListItem","position":2,"name":"Shop","item":"http:\/\/www.destrancheesauxbarricades.com\/index.php\/shop\/"},{"@type":"ListItem","position":3,"name":"Socles ronds aimant\u00e9s 30mm"}]},{"@type":"WebSite","@id":"http:\/\/www.destrancheesauxbarricades.com\/#website","url":"http:\/\/www.destrancheesauxbarricades.com\/","name":"Des tranch\u00e9es aux barricades","description":"Jeu d&#039;escarmouches au d\u00e9but du XXe si\u00e8cle","potentialAction":[{"@type":"SearchAction","target":{"@type":"EntryPoint","urlTemplate":"http:\/\/www.destrancheesauxbarricades.com\/?s={search_term_string}"},"query-input":{"@type":"PropertyValueSpecification","valueRequired":true,"valueName":"search_term_string"}}],"inLanguage":"fr-FR"}]}},"jetpack_sharing_enabled":true,"_links":{"self":[{"href":"http:\/\/www.destrancheesauxbarricades.com\/index.php\/wp-json\/wp\/v2\/product\/13934","targetHints":{"allow":["GET"]}}],"collection":[{"href":"http:\/\/www.destrancheesauxbarricades.com\/index.php\/wp-json\/wp\/v2\/product"}],"about":[{"href":"http:\/\/www.destrancheesauxbarricades.com\/index.php\/wp-json\/wp\/v2\/types\/product"}],"version-history":[{"count":1,"href":"http:\/\/www.destrancheesauxbarricades.com\/index.php\/wp-json\/wp\/v2\/product\/13934\/revisions"}],"predecessor-version":[{"id":13935,"href":"http:\/\/www.destrancheesauxbarricades.com\/index.php\/wp-json\/wp\/v2\/product\/13934\/revisions\/13935"}],"wp:featuredmedia":[{"embeddable":true,"href":"http:\/\/www.destrancheesauxbarricades.com\/index.php\/wp-json\/wp\/v2\/media\/13936"}],"wp:attachment":[{"href":"http:\/\/www.destrancheesauxbarricades.com\/index.php\/wp-json\/wp\/v2\/media?parent=13934"}],"wp:term":[{"taxonomy":"product_brand","embeddable":true,"href":"http:\/\/www.destrancheesauxbarricades.com\/index.php\/wp-json\/wp\/v2\/product_brand?post=13934"},{"taxonomy":"product_cat","embeddable":true,"href":"http:\/\/www.destrancheesauxbarricades.com\/index.php\/wp-json\/wp\/v2\/product_cat?post=13934"},{"taxonomy":"product_tag","embeddable":true,"href":"http:\/\/www.destrancheesauxbarricades.com\/index.php\/wp-json\/wp\/v2\/product_tag?post=13934"}],"curies":[{"name":"wp","href":"https:\/\/api.w.org\/{rel}","templated":true}]}}