{"id":13856,"date":"2025-10-17T19:16:46","date_gmt":"2025-10-17T19:16:46","guid":{"rendered":"https:\/\/www.destrancheesauxbarricades.com\/?post_type=product&#038;p=13856"},"modified":"2026-01-04T15:46:37","modified_gmt":"2026-01-04T15:46:37","slug":"medium-pour-peinture-contrast-quick-gen-18ml","status":"publish","type":"product","link":"http:\/\/www.destrancheesauxbarricades.com\/index.php\/product\/medium-pour-peinture-contrast-quick-gen-18ml\/","title":{"rendered":"MEDIUM pour peinture Contrast QUICK GEN (18ml)"},"content":{"rendered":"<p>MEDIUM gel \u00e0 faible viscosit\u00e9 con\u00e7u pour conserver les propri\u00e9t\u00e9s de la peinture QUICK GEN tout en offrant des performances maximales.<br \/>\nCe m\u00e9dium QUICK GEN permet \u00e0 la peinture de glisser plus facilement, avec une meilleure tension superficielle pour \u00e9viter les aur\u00e9oles et les taches, ce qui permet d\u2019obtenir une finition uniforme.<br \/>\nComme ce m\u00e9dium est simplement la m\u00eame r\u00e9sine utilis\u00e9e dans les peintures QUICK GEN, la peinture conserve\u00a0 toutes ses propri\u00e9t\u00e9s et fonctionne sans probl\u00e8me.<\/p>\n<p>Contenance : 18ml<\/p>\n","protected":false},"excerpt":{"rendered":"<p>[fsl-progress-bar]<\/p>\n<p>M\u00e9dium pour peintures Quick Gen\u00a0 (18ml)<\/p>\n","protected":false},"featured_media":13857,"template":"","meta":{"_monsterinsights_skip_tracking":false,"_monsterinsights_sitenote_active":false,"_monsterinsights_sitenote_note":"","_monsterinsights_sitenote_category":0},"product_brand":[],"product_cat":[169,168],"product_tag":[],"class_list":{"0":"post-13856","1":"product","2":"type-product","3":"status-publish","4":"has-post-thumbnail","6":"product_cat-peinture","7":"product_cat-peintures-et-pinceaux","10":"first","11":"instock","12":"purchasable","13":"product-type-simple"},"yoast_head":"<!-- This site is optimized with the Yoast SEO plugin v27.5 - https:\/\/yoast.com\/product\/yoast-seo-wordpress\/ -->\n<title>MEDIUM pour peinture Contrast QUICK GEN (18ml) - Des tranch\u00e9es aux barricades<\/title>\n<meta name=\"robots\" content=\"index, follow, max-snippet:-1, max-image-preview:large, max-video-preview:-1\" \/>\n<link rel=\"canonical\" href=\"http:\/\/www.destrancheesauxbarricades.com\/index.php\/product\/medium-pour-peinture-contrast-quick-gen-18ml\/\" \/>\n<meta property=\"og:locale\" content=\"fr_FR\" \/>\n<meta property=\"og:type\" content=\"article\" \/>\n<meta property=\"og:title\" content=\"MEDIUM pour peinture Contrast QUICK GEN (18ml) - Des tranch\u00e9es aux barricades\" \/>\n<meta property=\"og:description\" content=\"[fsl-progress-bar]  M\u00e9dium pour peintures Quick Gen\u00a0 (18ml)\" \/>\n<meta property=\"og:url\" content=\"http:\/\/www.destrancheesauxbarricades.com\/index.php\/product\/medium-pour-peinture-contrast-quick-gen-18ml\/\" \/>\n<meta property=\"og:site_name\" content=\"Des tranch\u00e9es aux barricades\" \/>\n<meta property=\"article:modified_time\" content=\"2026-01-04T15:46:37+00:00\" \/>\n<meta property=\"og:image\" content=\"http:\/\/www.destrancheesauxbarricades.com\/wp-content\/uploads\/2025\/10\/AK17080.jpg\" \/>\n\t<meta property=\"og:image:width\" content=\"1200\" \/>\n\t<meta property=\"og:image:height\" content=\"1200\" \/>\n\t<meta property=\"og:image:type\" content=\"image\/jpeg\" \/>\n<meta name=\"twitter:card\" content=\"summary_large_image\" \/>\n<meta name=\"twitter:label1\" content=\"Dur\u00e9e de lecture estim\u00e9e\" \/>\n\t<meta name=\"twitter:data1\" content=\"1 minute\" \/>\n<script type=\"application\/ld+json\" class=\"yoast-schema-graph\">{\"@context\":\"https:\\\/\\\/schema.org\",\"@graph\":[{\"@type\":\"WebPage\",\"@id\":\"http:\\\/\\\/www.destrancheesauxbarricades.com\\\/index.php\\\/product\\\/medium-pour-peinture-contrast-quick-gen-18ml\\\/\",\"url\":\"http:\\\/\\\/www.destrancheesauxbarricades.com\\\/index.php\\\/product\\\/medium-pour-peinture-contrast-quick-gen-18ml\\\/\",\"name\":\"MEDIUM pour peinture Contrast QUICK GEN (18ml) - Des tranch\u00e9es aux barricades\",\"isPartOf\":{\"@id\":\"http:\\\/\\\/www.destrancheesauxbarricades.com\\\/#website\"},\"primaryImageOfPage\":{\"@id\":\"http:\\\/\\\/www.destrancheesauxbarricades.com\\\/index.php\\\/product\\\/medium-pour-peinture-contrast-quick-gen-18ml\\\/#primaryimage\"},\"image\":{\"@id\":\"http:\\\/\\\/www.destrancheesauxbarricades.com\\\/index.php\\\/product\\\/medium-pour-peinture-contrast-quick-gen-18ml\\\/#primaryimage\"},\"thumbnailUrl\":\"http:\\\/\\\/www.destrancheesauxbarricades.com\\\/wp-content\\\/uploads\\\/2025\\\/10\\\/AK17080.jpg\",\"datePublished\":\"2025-10-17T19:16:46+00:00\",\"dateModified\":\"2026-01-04T15:46:37+00:00\",\"breadcrumb\":{\"@id\":\"http:\\\/\\\/www.destrancheesauxbarricades.com\\\/index.php\\\/product\\\/medium-pour-peinture-contrast-quick-gen-18ml\\\/#breadcrumb\"},\"inLanguage\":\"fr-FR\",\"potentialAction\":[{\"@type\":\"ReadAction\",\"target\":[\"http:\\\/\\\/www.destrancheesauxbarricades.com\\\/index.php\\\/product\\\/medium-pour-peinture-contrast-quick-gen-18ml\\\/\"]}]},{\"@type\":\"ImageObject\",\"inLanguage\":\"fr-FR\",\"@id\":\"http:\\\/\\\/www.destrancheesauxbarricades.com\\\/index.php\\\/product\\\/medium-pour-peinture-contrast-quick-gen-18ml\\\/#primaryimage\",\"url\":\"http:\\\/\\\/www.destrancheesauxbarricades.com\\\/wp-content\\\/uploads\\\/2025\\\/10\\\/AK17080.jpg\",\"contentUrl\":\"http:\\\/\\\/www.destrancheesauxbarricades.com\\\/wp-content\\\/uploads\\\/2025\\\/10\\\/AK17080.jpg\",\"width\":1200,\"height\":1200},{\"@type\":\"BreadcrumbList\",\"@id\":\"http:\\\/\\\/www.destrancheesauxbarricades.com\\\/index.php\\\/product\\\/medium-pour-peinture-contrast-quick-gen-18ml\\\/#breadcrumb\",\"itemListElement\":[{\"@type\":\"ListItem\",\"position\":1,\"name\":\"Accueil\",\"item\":\"http:\\\/\\\/www.destrancheesauxbarricades.com\\\/\"},{\"@type\":\"ListItem\",\"position\":2,\"name\":\"Shop\",\"item\":\"http:\\\/\\\/www.destrancheesauxbarricades.com\\\/index.php\\\/shop\\\/\"},{\"@type\":\"ListItem\",\"position\":3,\"name\":\"MEDIUM pour peinture Contrast QUICK GEN (18ml)\"}]},{\"@type\":\"WebSite\",\"@id\":\"http:\\\/\\\/www.destrancheesauxbarricades.com\\\/#website\",\"url\":\"http:\\\/\\\/www.destrancheesauxbarricades.com\\\/\",\"name\":\"Des tranch\u00e9es aux barricades\",\"description\":\"Jeu d&#039;escarmouches au d\u00e9but du XXe si\u00e8cle\",\"potentialAction\":[{\"@type\":\"SearchAction\",\"target\":{\"@type\":\"EntryPoint\",\"urlTemplate\":\"http:\\\/\\\/www.destrancheesauxbarricades.com\\\/?s={search_term_string}\"},\"query-input\":{\"@type\":\"PropertyValueSpecification\",\"valueRequired\":true,\"valueName\":\"search_term_string\"}}],\"inLanguage\":\"fr-FR\"}]}<\/script>\n<!-- \/ Yoast SEO plugin. -->","yoast_head_json":{"title":"MEDIUM pour peinture Contrast QUICK GEN (18ml) - Des tranch\u00e9es aux barricades","robots":{"index":"index","follow":"follow","max-snippet":"max-snippet:-1","max-image-preview":"max-image-preview:large","max-video-preview":"max-video-preview:-1"},"canonical":"http:\/\/www.destrancheesauxbarricades.com\/index.php\/product\/medium-pour-peinture-contrast-quick-gen-18ml\/","og_locale":"fr_FR","og_type":"article","og_title":"MEDIUM pour peinture Contrast QUICK GEN (18ml) - Des tranch\u00e9es aux barricades","og_description":"[fsl-progress-bar]  M\u00e9dium pour peintures Quick Gen\u00a0 (18ml)","og_url":"http:\/\/www.destrancheesauxbarricades.com\/index.php\/product\/medium-pour-peinture-contrast-quick-gen-18ml\/","og_site_name":"Des tranch\u00e9es aux barricades","article_modified_time":"2026-01-04T15:46:37+00:00","og_image":[{"width":1200,"height":1200,"url":"http:\/\/www.destrancheesauxbarricades.com\/wp-content\/uploads\/2025\/10\/AK17080.jpg","type":"image\/jpeg"}],"twitter_card":"summary_large_image","twitter_misc":{"Dur\u00e9e de lecture estim\u00e9e":"1 minute"},"schema":{"@context":"https:\/\/schema.org","@graph":[{"@type":"WebPage","@id":"http:\/\/www.destrancheesauxbarricades.com\/index.php\/product\/medium-pour-peinture-contrast-quick-gen-18ml\/","url":"http:\/\/www.destrancheesauxbarricades.com\/index.php\/product\/medium-pour-peinture-contrast-quick-gen-18ml\/","name":"MEDIUM pour peinture Contrast QUICK GEN (18ml) - Des tranch\u00e9es aux barricades","isPartOf":{"@id":"http:\/\/www.destrancheesauxbarricades.com\/#website"},"primaryImageOfPage":{"@id":"http:\/\/www.destrancheesauxbarricades.com\/index.php\/product\/medium-pour-peinture-contrast-quick-gen-18ml\/#primaryimage"},"image":{"@id":"http:\/\/www.destrancheesauxbarricades.com\/index.php\/product\/medium-pour-peinture-contrast-quick-gen-18ml\/#primaryimage"},"thumbnailUrl":"http:\/\/www.destrancheesauxbarricades.com\/wp-content\/uploads\/2025\/10\/AK17080.jpg","datePublished":"2025-10-17T19:16:46+00:00","dateModified":"2026-01-04T15:46:37+00:00","breadcrumb":{"@id":"http:\/\/www.destrancheesauxbarricades.com\/index.php\/product\/medium-pour-peinture-contrast-quick-gen-18ml\/#breadcrumb"},"inLanguage":"fr-FR","potentialAction":[{"@type":"ReadAction","target":["http:\/\/www.destrancheesauxbarricades.com\/index.php\/product\/medium-pour-peinture-contrast-quick-gen-18ml\/"]}]},{"@type":"ImageObject","inLanguage":"fr-FR","@id":"http:\/\/www.destrancheesauxbarricades.com\/index.php\/product\/medium-pour-peinture-contrast-quick-gen-18ml\/#primaryimage","url":"http:\/\/www.destrancheesauxbarricades.com\/wp-content\/uploads\/2025\/10\/AK17080.jpg","contentUrl":"http:\/\/www.destrancheesauxbarricades.com\/wp-content\/uploads\/2025\/10\/AK17080.jpg","width":1200,"height":1200},{"@type":"BreadcrumbList","@id":"http:\/\/www.destrancheesauxbarricades.com\/index.php\/product\/medium-pour-peinture-contrast-quick-gen-18ml\/#breadcrumb","itemListElement":[{"@type":"ListItem","position":1,"name":"Accueil","item":"http:\/\/www.destrancheesauxbarricades.com\/"},{"@type":"ListItem","position":2,"name":"Shop","item":"http:\/\/www.destrancheesauxbarricades.com\/index.php\/shop\/"},{"@type":"ListItem","position":3,"name":"MEDIUM pour peinture Contrast QUICK GEN (18ml)"}]},{"@type":"WebSite","@id":"http:\/\/www.destrancheesauxbarricades.com\/#website","url":"http:\/\/www.destrancheesauxbarricades.com\/","name":"Des tranch\u00e9es aux barricades","description":"Jeu d&#039;escarmouches au d\u00e9but du XXe si\u00e8cle","potentialAction":[{"@type":"SearchAction","target":{"@type":"EntryPoint","urlTemplate":"http:\/\/www.destrancheesauxbarricades.com\/?s={search_term_string}"},"query-input":{"@type":"PropertyValueSpecification","valueRequired":true,"valueName":"search_term_string"}}],"inLanguage":"fr-FR"}]}},"jetpack_sharing_enabled":true,"_links":{"self":[{"href":"http:\/\/www.destrancheesauxbarricades.com\/index.php\/wp-json\/wp\/v2\/product\/13856","targetHints":{"allow":["GET"]}}],"collection":[{"href":"http:\/\/www.destrancheesauxbarricades.com\/index.php\/wp-json\/wp\/v2\/product"}],"about":[{"href":"http:\/\/www.destrancheesauxbarricades.com\/index.php\/wp-json\/wp\/v2\/types\/product"}],"version-history":[{"count":1,"href":"http:\/\/www.destrancheesauxbarricades.com\/index.php\/wp-json\/wp\/v2\/product\/13856\/revisions"}],"predecessor-version":[{"id":13858,"href":"http:\/\/www.destrancheesauxbarricades.com\/index.php\/wp-json\/wp\/v2\/product\/13856\/revisions\/13858"}],"wp:featuredmedia":[{"embeddable":true,"href":"http:\/\/www.destrancheesauxbarricades.com\/index.php\/wp-json\/wp\/v2\/media\/13857"}],"wp:attachment":[{"href":"http:\/\/www.destrancheesauxbarricades.com\/index.php\/wp-json\/wp\/v2\/media?parent=13856"}],"wp:term":[{"taxonomy":"product_brand","embeddable":true,"href":"http:\/\/www.destrancheesauxbarricades.com\/index.php\/wp-json\/wp\/v2\/product_brand?post=13856"},{"taxonomy":"product_cat","embeddable":true,"href":"http:\/\/www.destrancheesauxbarricades.com\/index.php\/wp-json\/wp\/v2\/product_cat?post=13856"},{"taxonomy":"product_tag","embeddable":true,"href":"http:\/\/www.destrancheesauxbarricades.com\/index.php\/wp-json\/wp\/v2\/product_tag?post=13856"}],"curies":[{"name":"wp","href":"https:\/\/api.w.org\/{rel}","templated":true}]}}