{"id":13343,"date":"2025-04-20T10:28:49","date_gmt":"2025-04-20T10:28:49","guid":{"rendered":"https:\/\/www.destrancheesauxbarricades.com\/?post_type=product&#038;p=13343"},"modified":"2025-07-12T14:39:07","modified_gmt":"2025-07-12T14:39:07","slug":"sherwood-robin-des-bois-vs-le-sherif-de-nottingham","status":"publish","type":"product","link":"http:\/\/www.destrancheesauxbarricades.com\/index.php\/product\/sherwood-robin-des-bois-vs-le-sherif-de-nottingham\/","title":{"rendered":"Sherwood &#8211; Robin des Bois vs le sh\u00e9rif de Nottingham"},"content":{"rendered":"<div dir=\"auto\">\n<p><strong>SHERWOOD<\/strong> est un jeu d&rsquo;initiation qui reprend de fa\u00e7on simplifi\u00e9e les r\u00e8gles qui ont fait le succ\u00e8s de la s\u00e9rie Cry Havoc. Ce jeu comporte deux niveaux de r\u00e8gles : Une r\u00e9serv\u00e9e aux jeunes joueurs (10 ans et +) ou d\u00e9butants ; une seconde permet d\u2019acqu\u00e9rir de nouveaux concepts simples mais plus r\u00e9alistes. Enfin, les joueurs confirm\u00e9s pourront jouer avec les r\u00e8gles compl\u00e8tes de la s\u00e9rie<a title=\"L'Epop\u00e9e Normande\" href=\"https:\/\/historicone.com\/collections\/cry-havoc-fan\" target=\"_blank\" rel=\"null noopener\" aria-describedby=\"a11y-new-window-message\">\u00a0L\u2019Epop\u00e9e Normande<\/a>.<br \/>\nCe wargame permet de plonger les joueurs dans les aventures du c\u00e9l\u00e8bre Robin des Bois et sa bande de hors-la-loi. Ils affronteront le terrible sh\u00e9rif de Nottingham et ses hommes lors de multiples escarmouches dans la for\u00eat de Sherwood ou dans l\u2019auberge du village voisin.<\/p>\n<p>Pr\u00e8s de 60 personnages tous diff\u00e9rents et disponibles en 4 \u00e9tats de sant\u00e9 : en pleine forme, bless\u00e9, assomm\u00e9 ou &#8230; mort !<\/p>\n<p>Les r\u00e8gles permettent de simuler des combats au corps \u00e0 corps, le jet de missiles<br \/>\navec des arcs, des arbal\u00e8tes ou des javelots. Il est possible de sauter depuis un arbre pour renverser son adversaire.<\/p>\n<p><strong>Contenu de la bo\u00eete :<\/strong><\/p>\n<ul>\n<li>4 cartes couleur plastifi\u00e9es et combinables ;<\/li>\n<li>1 planche de pions recto-verso A4 en couleurs ;<\/li>\n<li>Un livret de r\u00e8gles, historique et 8 sc\u00e9narios de 24 pages ;<\/li>\n<li>Une aide de jeu ;<\/li>\n<li>1 d\u00e9 \u00e0 10 faces ;<\/li>\n<li>1 casier de rangement<\/li>\n<\/ul>\n<\/div>\n","protected":false},"excerpt":{"rendered":"<p>[fsl-progress-bar]<\/p>\n<p>Le jeu <strong>Oppidum &#8211;\u00a0<\/strong><strong>Escarmouches au temps de la Guerre des Gaules<\/strong><\/p>\n<p><em>Jeu de simulation pour 2 joueurs et plus, \u00e0 partir de 14 ans<\/em><\/p>\n","protected":false},"featured_media":13344,"template":"","meta":{"_monsterinsights_skip_tracking":false,"_monsterinsights_sitenote_active":false,"_monsterinsights_sitenote_note":"","_monsterinsights_sitenote_category":0},"product_brand":[],"product_cat":[152],"product_tag":[],"class_list":{"0":"post-13343","1":"product","2":"type-product","3":"status-publish","4":"has-post-thumbnail","6":"product_cat-historicone-editions","9":"first","10":"outofstock","11":"purchasable","12":"product-type-simple"},"yoast_head":"<!-- This site is optimized with the Yoast SEO plugin v27.5 - https:\/\/yoast.com\/product\/yoast-seo-wordpress\/ -->\n<title>Sherwood - Robin des Bois vs le sh\u00e9rif de Nottingham - Des tranch\u00e9es aux barricades<\/title>\n<meta name=\"robots\" content=\"index, follow, max-snippet:-1, max-image-preview:large, max-video-preview:-1\" \/>\n<link rel=\"canonical\" href=\"https:\/\/www.destrancheesauxbarricades.com\/index.php\/product\/sherwood-robin-des-bois-vs-le-sherif-de-nottingham\/\" \/>\n<meta property=\"og:locale\" content=\"fr_FR\" \/>\n<meta property=\"og:type\" content=\"article\" \/>\n<meta property=\"og:title\" content=\"Sherwood - Robin des Bois vs le sh\u00e9rif de Nottingham - Des tranch\u00e9es aux barricades\" \/>\n<meta property=\"og:description\" content=\"[fsl-progress-bar]  Le jeu Oppidum -\u00a0Escarmouches au temps de la Guerre des Gaules  Jeu de simulation pour 2 joueurs et plus, \u00e0 partir de 14 ans\" \/>\n<meta property=\"og:url\" content=\"https:\/\/www.destrancheesauxbarricades.com\/index.php\/product\/sherwood-robin-des-bois-vs-le-sherif-de-nottingham\/\" \/>\n<meta property=\"og:site_name\" content=\"Des tranch\u00e9es aux barricades\" \/>\n<meta property=\"article:modified_time\" content=\"2025-07-12T14:39:07+00:00\" \/>\n<meta property=\"og:image\" content=\"https:\/\/www.destrancheesauxbarricades.com\/wp-content\/uploads\/2025\/04\/awroygcl-744x1024.png\" \/>\n\t<meta property=\"og:image:width\" content=\"744\" \/>\n\t<meta property=\"og:image:height\" content=\"1024\" \/>\n\t<meta property=\"og:image:type\" content=\"image\/png\" \/>\n<meta name=\"twitter:card\" content=\"summary_large_image\" \/>\n<meta name=\"twitter:label1\" content=\"Dur\u00e9e de lecture estim\u00e9e\" \/>\n\t<meta name=\"twitter:data1\" content=\"2 minutes\" \/>\n<script type=\"application\/ld+json\" class=\"yoast-schema-graph\">{\"@context\":\"https:\\\/\\\/schema.org\",\"@graph\":[{\"@type\":\"WebPage\",\"@id\":\"https:\\\/\\\/www.destrancheesauxbarricades.com\\\/index.php\\\/product\\\/sherwood-robin-des-bois-vs-le-sherif-de-nottingham\\\/\",\"url\":\"https:\\\/\\\/www.destrancheesauxbarricades.com\\\/index.php\\\/product\\\/sherwood-robin-des-bois-vs-le-sherif-de-nottingham\\\/\",\"name\":\"Sherwood - Robin des Bois vs le sh\u00e9rif de Nottingham - Des tranch\u00e9es aux barricades\",\"isPartOf\":{\"@id\":\"https:\\\/\\\/www.destrancheesauxbarricades.com\\\/#website\"},\"primaryImageOfPage\":{\"@id\":\"https:\\\/\\\/www.destrancheesauxbarricades.com\\\/index.php\\\/product\\\/sherwood-robin-des-bois-vs-le-sherif-de-nottingham\\\/#primaryimage\"},\"image\":{\"@id\":\"https:\\\/\\\/www.destrancheesauxbarricades.com\\\/index.php\\\/product\\\/sherwood-robin-des-bois-vs-le-sherif-de-nottingham\\\/#primaryimage\"},\"thumbnailUrl\":\"http:\\\/\\\/www.destrancheesauxbarricades.com\\\/wp-content\\\/uploads\\\/2025\\\/04\\\/awroygcl.png\",\"datePublished\":\"2025-04-20T10:28:49+00:00\",\"dateModified\":\"2025-07-12T14:39:07+00:00\",\"breadcrumb\":{\"@id\":\"https:\\\/\\\/www.destrancheesauxbarricades.com\\\/index.php\\\/product\\\/sherwood-robin-des-bois-vs-le-sherif-de-nottingham\\\/#breadcrumb\"},\"inLanguage\":\"fr-FR\",\"potentialAction\":[{\"@type\":\"ReadAction\",\"target\":[\"https:\\\/\\\/www.destrancheesauxbarricades.com\\\/index.php\\\/product\\\/sherwood-robin-des-bois-vs-le-sherif-de-nottingham\\\/\"]}]},{\"@type\":\"ImageObject\",\"inLanguage\":\"fr-FR\",\"@id\":\"https:\\\/\\\/www.destrancheesauxbarricades.com\\\/index.php\\\/product\\\/sherwood-robin-des-bois-vs-le-sherif-de-nottingham\\\/#primaryimage\",\"url\":\"http:\\\/\\\/www.destrancheesauxbarricades.com\\\/wp-content\\\/uploads\\\/2025\\\/04\\\/awroygcl.png\",\"contentUrl\":\"http:\\\/\\\/www.destrancheesauxbarricades.com\\\/wp-content\\\/uploads\\\/2025\\\/04\\\/awroygcl.png\",\"width\":1361,\"height\":1874},{\"@type\":\"BreadcrumbList\",\"@id\":\"https:\\\/\\\/www.destrancheesauxbarricades.com\\\/index.php\\\/product\\\/sherwood-robin-des-bois-vs-le-sherif-de-nottingham\\\/#breadcrumb\",\"itemListElement\":[{\"@type\":\"ListItem\",\"position\":1,\"name\":\"Accueil\",\"item\":\"https:\\\/\\\/www.destrancheesauxbarricades.com\\\/\"},{\"@type\":\"ListItem\",\"position\":2,\"name\":\"Shop\",\"item\":\"http:\\\/\\\/www.destrancheesauxbarricades.com\\\/index.php\\\/shop\\\/\"},{\"@type\":\"ListItem\",\"position\":3,\"name\":\"Sherwood &#8211; Robin des Bois vs le sh\u00e9rif de Nottingham\"}]},{\"@type\":\"WebSite\",\"@id\":\"https:\\\/\\\/www.destrancheesauxbarricades.com\\\/#website\",\"url\":\"https:\\\/\\\/www.destrancheesauxbarricades.com\\\/\",\"name\":\"Des tranch\u00e9es aux barricades\",\"description\":\"Jeu d&#039;escarmouches au d\u00e9but du XXe si\u00e8cle\",\"potentialAction\":[{\"@type\":\"SearchAction\",\"target\":{\"@type\":\"EntryPoint\",\"urlTemplate\":\"https:\\\/\\\/www.destrancheesauxbarricades.com\\\/?s={search_term_string}\"},\"query-input\":{\"@type\":\"PropertyValueSpecification\",\"valueRequired\":true,\"valueName\":\"search_term_string\"}}],\"inLanguage\":\"fr-FR\"}]}<\/script>\n<!-- \/ Yoast SEO plugin. -->","yoast_head_json":{"title":"Sherwood - Robin des Bois vs le sh\u00e9rif de Nottingham - Des tranch\u00e9es aux barricades","robots":{"index":"index","follow":"follow","max-snippet":"max-snippet:-1","max-image-preview":"max-image-preview:large","max-video-preview":"max-video-preview:-1"},"canonical":"https:\/\/www.destrancheesauxbarricades.com\/index.php\/product\/sherwood-robin-des-bois-vs-le-sherif-de-nottingham\/","og_locale":"fr_FR","og_type":"article","og_title":"Sherwood - Robin des Bois vs le sh\u00e9rif de Nottingham - Des tranch\u00e9es aux barricades","og_description":"[fsl-progress-bar]  Le jeu Oppidum -\u00a0Escarmouches au temps de la Guerre des Gaules  Jeu de simulation pour 2 joueurs et plus, \u00e0 partir de 14 ans","og_url":"https:\/\/www.destrancheesauxbarricades.com\/index.php\/product\/sherwood-robin-des-bois-vs-le-sherif-de-nottingham\/","og_site_name":"Des tranch\u00e9es aux barricades","article_modified_time":"2025-07-12T14:39:07+00:00","og_image":[{"width":744,"height":1024,"url":"https:\/\/www.destrancheesauxbarricades.com\/wp-content\/uploads\/2025\/04\/awroygcl-744x1024.png","type":"image\/png"}],"twitter_card":"summary_large_image","twitter_misc":{"Dur\u00e9e de lecture estim\u00e9e":"2 minutes"},"schema":{"@context":"https:\/\/schema.org","@graph":[{"@type":"WebPage","@id":"https:\/\/www.destrancheesauxbarricades.com\/index.php\/product\/sherwood-robin-des-bois-vs-le-sherif-de-nottingham\/","url":"https:\/\/www.destrancheesauxbarricades.com\/index.php\/product\/sherwood-robin-des-bois-vs-le-sherif-de-nottingham\/","name":"Sherwood - Robin des Bois vs le sh\u00e9rif de Nottingham - Des tranch\u00e9es aux barricades","isPartOf":{"@id":"https:\/\/www.destrancheesauxbarricades.com\/#website"},"primaryImageOfPage":{"@id":"https:\/\/www.destrancheesauxbarricades.com\/index.php\/product\/sherwood-robin-des-bois-vs-le-sherif-de-nottingham\/#primaryimage"},"image":{"@id":"https:\/\/www.destrancheesauxbarricades.com\/index.php\/product\/sherwood-robin-des-bois-vs-le-sherif-de-nottingham\/#primaryimage"},"thumbnailUrl":"http:\/\/www.destrancheesauxbarricades.com\/wp-content\/uploads\/2025\/04\/awroygcl.png","datePublished":"2025-04-20T10:28:49+00:00","dateModified":"2025-07-12T14:39:07+00:00","breadcrumb":{"@id":"https:\/\/www.destrancheesauxbarricades.com\/index.php\/product\/sherwood-robin-des-bois-vs-le-sherif-de-nottingham\/#breadcrumb"},"inLanguage":"fr-FR","potentialAction":[{"@type":"ReadAction","target":["https:\/\/www.destrancheesauxbarricades.com\/index.php\/product\/sherwood-robin-des-bois-vs-le-sherif-de-nottingham\/"]}]},{"@type":"ImageObject","inLanguage":"fr-FR","@id":"https:\/\/www.destrancheesauxbarricades.com\/index.php\/product\/sherwood-robin-des-bois-vs-le-sherif-de-nottingham\/#primaryimage","url":"http:\/\/www.destrancheesauxbarricades.com\/wp-content\/uploads\/2025\/04\/awroygcl.png","contentUrl":"http:\/\/www.destrancheesauxbarricades.com\/wp-content\/uploads\/2025\/04\/awroygcl.png","width":1361,"height":1874},{"@type":"BreadcrumbList","@id":"https:\/\/www.destrancheesauxbarricades.com\/index.php\/product\/sherwood-robin-des-bois-vs-le-sherif-de-nottingham\/#breadcrumb","itemListElement":[{"@type":"ListItem","position":1,"name":"Accueil","item":"https:\/\/www.destrancheesauxbarricades.com\/"},{"@type":"ListItem","position":2,"name":"Shop","item":"http:\/\/www.destrancheesauxbarricades.com\/index.php\/shop\/"},{"@type":"ListItem","position":3,"name":"Sherwood &#8211; Robin des Bois vs le sh\u00e9rif de Nottingham"}]},{"@type":"WebSite","@id":"https:\/\/www.destrancheesauxbarricades.com\/#website","url":"https:\/\/www.destrancheesauxbarricades.com\/","name":"Des tranch\u00e9es aux barricades","description":"Jeu d&#039;escarmouches au d\u00e9but du XXe si\u00e8cle","potentialAction":[{"@type":"SearchAction","target":{"@type":"EntryPoint","urlTemplate":"https:\/\/www.destrancheesauxbarricades.com\/?s={search_term_string}"},"query-input":{"@type":"PropertyValueSpecification","valueRequired":true,"valueName":"search_term_string"}}],"inLanguage":"fr-FR"}]}},"jetpack_sharing_enabled":true,"_links":{"self":[{"href":"http:\/\/www.destrancheesauxbarricades.com\/index.php\/wp-json\/wp\/v2\/product\/13343","targetHints":{"allow":["GET"]}}],"collection":[{"href":"http:\/\/www.destrancheesauxbarricades.com\/index.php\/wp-json\/wp\/v2\/product"}],"about":[{"href":"http:\/\/www.destrancheesauxbarricades.com\/index.php\/wp-json\/wp\/v2\/types\/product"}],"version-history":[{"count":1,"href":"http:\/\/www.destrancheesauxbarricades.com\/index.php\/wp-json\/wp\/v2\/product\/13343\/revisions"}],"predecessor-version":[{"id":13352,"href":"http:\/\/www.destrancheesauxbarricades.com\/index.php\/wp-json\/wp\/v2\/product\/13343\/revisions\/13352"}],"wp:featuredmedia":[{"embeddable":true,"href":"http:\/\/www.destrancheesauxbarricades.com\/index.php\/wp-json\/wp\/v2\/media\/13344"}],"wp:attachment":[{"href":"http:\/\/www.destrancheesauxbarricades.com\/index.php\/wp-json\/wp\/v2\/media?parent=13343"}],"wp:term":[{"taxonomy":"product_brand","embeddable":true,"href":"http:\/\/www.destrancheesauxbarricades.com\/index.php\/wp-json\/wp\/v2\/product_brand?post=13343"},{"taxonomy":"product_cat","embeddable":true,"href":"http:\/\/www.destrancheesauxbarricades.com\/index.php\/wp-json\/wp\/v2\/product_cat?post=13343"},{"taxonomy":"product_tag","embeddable":true,"href":"http:\/\/www.destrancheesauxbarricades.com\/index.php\/wp-json\/wp\/v2\/product_tag?post=13343"}],"curies":[{"name":"wp","href":"https:\/\/api.w.org\/{rel}","templated":true}]}}