{"id":13327,"date":"2025-04-20T10:10:20","date_gmt":"2025-04-20T10:10:20","guid":{"rendered":"https:\/\/www.destrancheesauxbarricades.com\/?post_type=product&#038;p=13327"},"modified":"2025-11-15T13:44:33","modified_gmt":"2025-11-15T13:44:33","slug":"oppidum-escarmouches-au-temps-de-la-guerre-des-gaules","status":"publish","type":"product","link":"http:\/\/www.destrancheesauxbarricades.com\/index.php\/product\/oppidum-escarmouches-au-temps-de-la-guerre-des-gaules\/","title":{"rendered":"Oppidum &#8211; Escarmouches au temps de la Guerre des Gaules"},"content":{"rendered":"<div dir=\"auto\">\n<p><em>Jeu de simulation pour 2 joueurs et plus, \u00e0 partir de 14 ans<\/em><\/p>\n<p>&nbsp;<\/p>\n<p><strong>OPPIDUM<\/strong> (nom des villes fortifi\u00e9es celtiques) est un jeu de simulation qui se d\u00e9roule dans la France, la Belgique et l\u2019Angleterre modernes au premier si\u00e8cle avant J.C. Il reconstitue les nombreux combats que les tribus celtes ont livr\u00e9s pour r\u00e9sister aux ambitions de C\u00e9sar. Vous pouvez incarner des personnages gaulois, bretons, germaniques ou romains et tenter de d\u00e9barquer en Bretagne contre des chars celtes, d\u2019escorter un convoi de fourrage \u00e0 travers des territoires hostiles ou d\u2019attaquer les redoutables fortifications que C\u00e9sar a construites devant Al\u00e9sia.<\/p>\n<p>16 sc\u00e9narios de complexit\u00e9 croissante permettent un apprentissage progressif\u00a0et facile des r\u00e8gles.<\/p>\n<p>Les r\u00e8gles sont destin\u00e9es \u00e0 simuler des combats d&rsquo;homme \u00e0 homme, y compris les diff\u00e9rentes formations de l\u00e9gionnaires romains ou les tirs avec des\u00a0arcs, des lances, des javelots, des frondes et le mortel scorpion romain.<br \/>\nLes fortifications celtiques et romaines avec tous leurs obstacles peuvent \u00eatre attaqu\u00e9es avec divers \u00e9quipements de si\u00e8ge.<\/p>\n<p><strong>Contenu de la bo\u00eete :<\/strong><\/p>\n<ul>\n<li>6 cartes couleur plastifi\u00e9es et combinables ;<\/li>\n<li>3 planche de pions recto-verso A4 en couleurs ;<\/li>\n<li>Un livret de r\u00e8gles de 16 pages ;<\/li>\n<li>Un livret avec historique et 16 sc\u00e9narios de 40 pages ;<\/li>\n<li>5 aides de jeu ;<\/li>\n<li>1 d\u00e9 \u00e0 10 faces.<\/li>\n<\/ul>\n<p><strong>Echelle du jeu :<\/strong><\/p>\n<ul>\n<li>1 pion = 1 personnage<\/li>\n<li>1 tour = 2 secondes<\/li>\n<li>1 hexagone = +\/- 2m<\/li>\n<\/ul>\n<\/div>\n","protected":false},"excerpt":{"rendered":"<p>[fsl-progress-bar]<\/p>\n<p>Le jeu <strong>Oppidum &#8211;\u00a0<\/strong><strong>Escarmouches au temps de la Guerre des Gaules<\/strong><\/p>\n<p><em>Jeu de simulation pour 2 joueurs et plus, \u00e0 partir de 14 ans<\/em><\/p>\n","protected":false},"featured_media":13328,"template":"","meta":{"_monsterinsights_skip_tracking":false,"_monsterinsights_sitenote_active":false,"_monsterinsights_sitenote_note":"","_monsterinsights_sitenote_category":0},"product_brand":[],"product_cat":[152],"product_tag":[],"class_list":{"0":"post-13327","1":"product","2":"type-product","3":"status-publish","4":"has-post-thumbnail","6":"product_cat-historicone-editions","9":"first","10":"outofstock","11":"purchasable","12":"product-type-simple"},"yoast_head":"<!-- This site is optimized with the Yoast SEO plugin v27.5 - https:\/\/yoast.com\/product\/yoast-seo-wordpress\/ -->\n<title>Oppidum - Escarmouches au temps de la Guerre des Gaules - Des tranch\u00e9es aux barricades<\/title>\n<meta name=\"robots\" content=\"index, follow, max-snippet:-1, max-image-preview:large, max-video-preview:-1\" \/>\n<link rel=\"canonical\" href=\"http:\/\/www.destrancheesauxbarricades.com\/index.php\/product\/oppidum-escarmouches-au-temps-de-la-guerre-des-gaules\/\" \/>\n<meta property=\"og:locale\" content=\"fr_FR\" \/>\n<meta property=\"og:type\" content=\"article\" \/>\n<meta property=\"og:title\" content=\"Oppidum - Escarmouches au temps de la Guerre des Gaules - Des tranch\u00e9es aux barricades\" \/>\n<meta property=\"og:description\" content=\"[fsl-progress-bar]  Le jeu Oppidum -\u00a0Escarmouches au temps de la Guerre des Gaules  Jeu de simulation pour 2 joueurs et plus, \u00e0 partir de 14 ans\" \/>\n<meta property=\"og:url\" content=\"http:\/\/www.destrancheesauxbarricades.com\/index.php\/product\/oppidum-escarmouches-au-temps-de-la-guerre-des-gaules\/\" \/>\n<meta property=\"og:site_name\" content=\"Des tranch\u00e9es aux barricades\" \/>\n<meta property=\"article:modified_time\" content=\"2025-11-15T13:44:33+00:00\" \/>\n<meta property=\"og:image\" content=\"http:\/\/www.destrancheesauxbarricades.com\/wp-content\/uploads\/2025\/04\/eshwmvso-723x1024.png\" \/>\n\t<meta property=\"og:image:width\" content=\"723\" \/>\n\t<meta property=\"og:image:height\" content=\"1024\" \/>\n\t<meta property=\"og:image:type\" content=\"image\/png\" \/>\n<meta name=\"twitter:card\" content=\"summary_large_image\" \/>\n<meta name=\"twitter:label1\" content=\"Dur\u00e9e de lecture estim\u00e9e\" \/>\n\t<meta name=\"twitter:data1\" content=\"2 minutes\" \/>\n<script type=\"application\/ld+json\" class=\"yoast-schema-graph\">{\"@context\":\"https:\\\/\\\/schema.org\",\"@graph\":[{\"@type\":\"WebPage\",\"@id\":\"http:\\\/\\\/www.destrancheesauxbarricades.com\\\/index.php\\\/product\\\/oppidum-escarmouches-au-temps-de-la-guerre-des-gaules\\\/\",\"url\":\"http:\\\/\\\/www.destrancheesauxbarricades.com\\\/index.php\\\/product\\\/oppidum-escarmouches-au-temps-de-la-guerre-des-gaules\\\/\",\"name\":\"Oppidum - Escarmouches au temps de la Guerre des Gaules - Des tranch\u00e9es aux barricades\",\"isPartOf\":{\"@id\":\"http:\\\/\\\/www.destrancheesauxbarricades.com\\\/#website\"},\"primaryImageOfPage\":{\"@id\":\"http:\\\/\\\/www.destrancheesauxbarricades.com\\\/index.php\\\/product\\\/oppidum-escarmouches-au-temps-de-la-guerre-des-gaules\\\/#primaryimage\"},\"image\":{\"@id\":\"http:\\\/\\\/www.destrancheesauxbarricades.com\\\/index.php\\\/product\\\/oppidum-escarmouches-au-temps-de-la-guerre-des-gaules\\\/#primaryimage\"},\"thumbnailUrl\":\"http:\\\/\\\/www.destrancheesauxbarricades.com\\\/wp-content\\\/uploads\\\/2025\\\/04\\\/eshwmvso.png\",\"datePublished\":\"2025-04-20T10:10:20+00:00\",\"dateModified\":\"2025-11-15T13:44:33+00:00\",\"breadcrumb\":{\"@id\":\"http:\\\/\\\/www.destrancheesauxbarricades.com\\\/index.php\\\/product\\\/oppidum-escarmouches-au-temps-de-la-guerre-des-gaules\\\/#breadcrumb\"},\"inLanguage\":\"fr-FR\",\"potentialAction\":[{\"@type\":\"ReadAction\",\"target\":[\"http:\\\/\\\/www.destrancheesauxbarricades.com\\\/index.php\\\/product\\\/oppidum-escarmouches-au-temps-de-la-guerre-des-gaules\\\/\"]}]},{\"@type\":\"ImageObject\",\"inLanguage\":\"fr-FR\",\"@id\":\"http:\\\/\\\/www.destrancheesauxbarricades.com\\\/index.php\\\/product\\\/oppidum-escarmouches-au-temps-de-la-guerre-des-gaules\\\/#primaryimage\",\"url\":\"http:\\\/\\\/www.destrancheesauxbarricades.com\\\/wp-content\\\/uploads\\\/2025\\\/04\\\/eshwmvso.png\",\"contentUrl\":\"http:\\\/\\\/www.destrancheesauxbarricades.com\\\/wp-content\\\/uploads\\\/2025\\\/04\\\/eshwmvso.png\",\"width\":1280,\"height\":1813},{\"@type\":\"BreadcrumbList\",\"@id\":\"http:\\\/\\\/www.destrancheesauxbarricades.com\\\/index.php\\\/product\\\/oppidum-escarmouches-au-temps-de-la-guerre-des-gaules\\\/#breadcrumb\",\"itemListElement\":[{\"@type\":\"ListItem\",\"position\":1,\"name\":\"Accueil\",\"item\":\"http:\\\/\\\/www.destrancheesauxbarricades.com\\\/\"},{\"@type\":\"ListItem\",\"position\":2,\"name\":\"Shop\",\"item\":\"https:\\\/\\\/www.destrancheesauxbarricades.com\\\/index.php\\\/shop\\\/\"},{\"@type\":\"ListItem\",\"position\":3,\"name\":\"Oppidum &#8211; Escarmouches au temps de la Guerre des Gaules\"}]},{\"@type\":\"WebSite\",\"@id\":\"http:\\\/\\\/www.destrancheesauxbarricades.com\\\/#website\",\"url\":\"http:\\\/\\\/www.destrancheesauxbarricades.com\\\/\",\"name\":\"Des tranch\u00e9es aux barricades\",\"description\":\"Jeu d&#039;escarmouches au d\u00e9but du XXe si\u00e8cle\",\"potentialAction\":[{\"@type\":\"SearchAction\",\"target\":{\"@type\":\"EntryPoint\",\"urlTemplate\":\"http:\\\/\\\/www.destrancheesauxbarricades.com\\\/?s={search_term_string}\"},\"query-input\":{\"@type\":\"PropertyValueSpecification\",\"valueRequired\":true,\"valueName\":\"search_term_string\"}}],\"inLanguage\":\"fr-FR\"}]}<\/script>\n<!-- \/ Yoast SEO plugin. -->","yoast_head_json":{"title":"Oppidum - Escarmouches au temps de la Guerre des Gaules - Des tranch\u00e9es aux barricades","robots":{"index":"index","follow":"follow","max-snippet":"max-snippet:-1","max-image-preview":"max-image-preview:large","max-video-preview":"max-video-preview:-1"},"canonical":"http:\/\/www.destrancheesauxbarricades.com\/index.php\/product\/oppidum-escarmouches-au-temps-de-la-guerre-des-gaules\/","og_locale":"fr_FR","og_type":"article","og_title":"Oppidum - Escarmouches au temps de la Guerre des Gaules - Des tranch\u00e9es aux barricades","og_description":"[fsl-progress-bar]  Le jeu Oppidum -\u00a0Escarmouches au temps de la Guerre des Gaules  Jeu de simulation pour 2 joueurs et plus, \u00e0 partir de 14 ans","og_url":"http:\/\/www.destrancheesauxbarricades.com\/index.php\/product\/oppidum-escarmouches-au-temps-de-la-guerre-des-gaules\/","og_site_name":"Des tranch\u00e9es aux barricades","article_modified_time":"2025-11-15T13:44:33+00:00","og_image":[{"width":723,"height":1024,"url":"http:\/\/www.destrancheesauxbarricades.com\/wp-content\/uploads\/2025\/04\/eshwmvso-723x1024.png","type":"image\/png"}],"twitter_card":"summary_large_image","twitter_misc":{"Dur\u00e9e de lecture estim\u00e9e":"2 minutes"},"schema":{"@context":"https:\/\/schema.org","@graph":[{"@type":"WebPage","@id":"http:\/\/www.destrancheesauxbarricades.com\/index.php\/product\/oppidum-escarmouches-au-temps-de-la-guerre-des-gaules\/","url":"http:\/\/www.destrancheesauxbarricades.com\/index.php\/product\/oppidum-escarmouches-au-temps-de-la-guerre-des-gaules\/","name":"Oppidum - Escarmouches au temps de la Guerre des Gaules - Des tranch\u00e9es aux barricades","isPartOf":{"@id":"http:\/\/www.destrancheesauxbarricades.com\/#website"},"primaryImageOfPage":{"@id":"http:\/\/www.destrancheesauxbarricades.com\/index.php\/product\/oppidum-escarmouches-au-temps-de-la-guerre-des-gaules\/#primaryimage"},"image":{"@id":"http:\/\/www.destrancheesauxbarricades.com\/index.php\/product\/oppidum-escarmouches-au-temps-de-la-guerre-des-gaules\/#primaryimage"},"thumbnailUrl":"http:\/\/www.destrancheesauxbarricades.com\/wp-content\/uploads\/2025\/04\/eshwmvso.png","datePublished":"2025-04-20T10:10:20+00:00","dateModified":"2025-11-15T13:44:33+00:00","breadcrumb":{"@id":"http:\/\/www.destrancheesauxbarricades.com\/index.php\/product\/oppidum-escarmouches-au-temps-de-la-guerre-des-gaules\/#breadcrumb"},"inLanguage":"fr-FR","potentialAction":[{"@type":"ReadAction","target":["http:\/\/www.destrancheesauxbarricades.com\/index.php\/product\/oppidum-escarmouches-au-temps-de-la-guerre-des-gaules\/"]}]},{"@type":"ImageObject","inLanguage":"fr-FR","@id":"http:\/\/www.destrancheesauxbarricades.com\/index.php\/product\/oppidum-escarmouches-au-temps-de-la-guerre-des-gaules\/#primaryimage","url":"http:\/\/www.destrancheesauxbarricades.com\/wp-content\/uploads\/2025\/04\/eshwmvso.png","contentUrl":"http:\/\/www.destrancheesauxbarricades.com\/wp-content\/uploads\/2025\/04\/eshwmvso.png","width":1280,"height":1813},{"@type":"BreadcrumbList","@id":"http:\/\/www.destrancheesauxbarricades.com\/index.php\/product\/oppidum-escarmouches-au-temps-de-la-guerre-des-gaules\/#breadcrumb","itemListElement":[{"@type":"ListItem","position":1,"name":"Accueil","item":"http:\/\/www.destrancheesauxbarricades.com\/"},{"@type":"ListItem","position":2,"name":"Shop","item":"https:\/\/www.destrancheesauxbarricades.com\/index.php\/shop\/"},{"@type":"ListItem","position":3,"name":"Oppidum &#8211; Escarmouches au temps de la Guerre des Gaules"}]},{"@type":"WebSite","@id":"http:\/\/www.destrancheesauxbarricades.com\/#website","url":"http:\/\/www.destrancheesauxbarricades.com\/","name":"Des tranch\u00e9es aux barricades","description":"Jeu d&#039;escarmouches au d\u00e9but du XXe si\u00e8cle","potentialAction":[{"@type":"SearchAction","target":{"@type":"EntryPoint","urlTemplate":"http:\/\/www.destrancheesauxbarricades.com\/?s={search_term_string}"},"query-input":{"@type":"PropertyValueSpecification","valueRequired":true,"valueName":"search_term_string"}}],"inLanguage":"fr-FR"}]}},"jetpack_sharing_enabled":true,"_links":{"self":[{"href":"http:\/\/www.destrancheesauxbarricades.com\/index.php\/wp-json\/wp\/v2\/product\/13327","targetHints":{"allow":["GET"]}}],"collection":[{"href":"http:\/\/www.destrancheesauxbarricades.com\/index.php\/wp-json\/wp\/v2\/product"}],"about":[{"href":"http:\/\/www.destrancheesauxbarricades.com\/index.php\/wp-json\/wp\/v2\/types\/product"}],"version-history":[{"count":1,"href":"http:\/\/www.destrancheesauxbarricades.com\/index.php\/wp-json\/wp\/v2\/product\/13327\/revisions"}],"predecessor-version":[{"id":13342,"href":"http:\/\/www.destrancheesauxbarricades.com\/index.php\/wp-json\/wp\/v2\/product\/13327\/revisions\/13342"}],"wp:featuredmedia":[{"embeddable":true,"href":"http:\/\/www.destrancheesauxbarricades.com\/index.php\/wp-json\/wp\/v2\/media\/13328"}],"wp:attachment":[{"href":"http:\/\/www.destrancheesauxbarricades.com\/index.php\/wp-json\/wp\/v2\/media?parent=13327"}],"wp:term":[{"taxonomy":"product_brand","embeddable":true,"href":"http:\/\/www.destrancheesauxbarricades.com\/index.php\/wp-json\/wp\/v2\/product_brand?post=13327"},{"taxonomy":"product_cat","embeddable":true,"href":"http:\/\/www.destrancheesauxbarricades.com\/index.php\/wp-json\/wp\/v2\/product_cat?post=13327"},{"taxonomy":"product_tag","embeddable":true,"href":"http:\/\/www.destrancheesauxbarricades.com\/index.php\/wp-json\/wp\/v2\/product_tag?post=13327"}],"curies":[{"name":"wp","href":"https:\/\/api.w.org\/{rel}","templated":true}]}}