{"id":13272,"date":"2025-04-02T15:05:24","date_gmt":"2025-04-02T15:05:24","guid":{"rendered":"https:\/\/www.destrancheesauxbarricades.com\/?post_type=product&#038;p=13272"},"modified":"2026-02-09T16:00:38","modified_gmt":"2026-02-09T16:00:38","slug":"set-de-feutres-playmarkers-orcs-et-gobelins","status":"publish","type":"product","link":"http:\/\/www.destrancheesauxbarricades.com\/index.php\/product\/set-de-feutres-playmarkers-orcs-et-gobelins\/","title":{"rendered":"SET de feutres Playmarkers &#8211;  ORCS ET GOBELINS"},"content":{"rendered":"<p>Cet ensemble contient\u00a0<strong>six feutres aux couleurs<\/strong> couramment utilis\u00e9es pour peindre des personnages \u00e0 la peau verte, tels que des orcs et des gobelins.<\/p>\n<p>il contient:<\/p>\n<ul>\n<li><b>Feutre Noir<\/b><\/li>\n<li><strong>Feutre Vert Clair<\/strong><\/li>\n<li><strong>Feutre Vert Fonc\u00e9<\/strong><\/li>\n<li><strong>Feutre Vert\u00a0 gobelin<\/strong><\/li>\n<li><strong>Feutre jaune<\/strong><\/li>\n<li><strong>Feutre Cuir<\/strong><\/li>\n<\/ul>\n<p>&nbsp;<\/p>\n<p>Les playmakers sont des feutres acryliques \u00e0 la peinture tr\u00e8s couvrante avec pointe pinceau fine et flexible.\u00a0 La peinture s\u00e8che rapidement et r\u00e9siste \u00e0 l&rsquo;eau et aux produits de weathering.<\/p>\n<p>Id\u00e9al pour une peinture propre, pratique et pr\u00e9cise.<\/p>\n<p>Les marqueurs Playmarkers contiennent une formule de peinture acrylique unique qui assure une adh\u00e9rence parfaite sur les surfaces en plastique, r\u00e9sine, m\u00e9tal et bois.<br \/>\nElle s&rsquo;applique en couches comme n&rsquo;importe quelle autre peinture de mod\u00e9lisme et permet de l&rsquo;estomper pour obtenir une large gamme d&rsquo;effets et de transitions.<\/p>\n<p>(La finition des marqueurs est mate, mais certaines r\u00e9f\u00e9rences, en raison de la nature des pigments, peuvent \u00eatre l\u00e9g\u00e8rement satin\u00e9es. Quelle que soit la finition souhait\u00e9e (mate, satin\u00e9e ou brillante), les marqueurs peuvent \u00eatre recouverts de tout type de vernis sans risque d&rsquo;ab\u00eemer la peinture.)<\/p>\n<p>Il est recommand\u00e9 d&rsquo;utiliser un appr\u00eat blanc avant de peindre avec les marqueurs Playmarkers pour un r\u00e9sultat optimal.<\/p>\n<p>&nbsp;<\/p>\n<p>D\u00e9couvrez ces feutres en<a href=\"https:\/\/youtu.be\/Fsbh8bSimx0\"> vid\u00e9o<\/a>:<\/p>\n<p><iframe title=\"\ud835\udc13\ud835\udc14\ud835\udc13\ud835\udc0e\ud835\udc11\ud835\udc08\ud835\udc00\ud835\udc0b   | \ud835\udc0f\ud835\udc0b\ud835\udc00\ud835\udc18\ud835\udc0c\ud835\udc00\ud835\udc11\ud835\udc0a\ud835\udc04\ud835\udc11\ud835\udc12 | \ud835\udc7b\ud835\udc89\ud835\udc86 \ud835\udc86\ud835\udc82\ud835\udc94\ud835\udc8a\ud835\udc86\ud835\udc94\ud835\udc95 \ud835\udc82\ud835\udc8f\ud835\udc85 \ud835\udc87\ud835\udc82\ud835\udc94\ud835\udc95\ud835\udc86\ud835\udc94\ud835\udc95 \ud835\udc98\ud835\udc82\ud835\udc9a \ud835\udc95\ud835\udc90 \ud835\udc91\ud835\udc82\ud835\udc8a\ud835\udc8f\ud835\udc95 \ud835\udc82\ud835\udc8f\ud835\udc85 \ud835\udc82\ud835\udc85\ud835\udc85 \ud835\udc84\ud835\udc90\ud835\udc8d\ud835\udc90\ud835\udc93 \ud835\udc95\ud835\udc90 \ud835\udc9a\ud835\udc90\ud835\udc96\ud835\udc93 \ud835\udc8e\ud835\udc8a\ud835\udc8f\ud835\udc8a\ud835\udc82\ud835\udc95\ud835\udc96\ud835\udc93\ud835\udc86\ud835\udc94.\" width=\"895\" height=\"503\" src=\"https:\/\/www.youtube.com\/embed\/Fsbh8bSimx0?feature=oembed\" frameborder=\"0\" allow=\"accelerometer; autoplay; clipboard-write; encrypted-media; gyroscope; picture-in-picture; web-share\" referrerpolicy=\"strict-origin-when-cross-origin\" allowfullscreen><\/iframe><\/p>\n<p>&nbsp;<\/p>\n<p>&nbsp;<\/p>\n","protected":false},"excerpt":{"rendered":"<p>[fsl-progress-bar]<\/p>\n<p>Set de six feutres pinceaux acrylique pour peindre des \u00ab\u00a0peaux vertes\u00a0\u00bb<\/p>\n","protected":false},"featured_media":13273,"template":"","meta":{"_monsterinsights_skip_tracking":false,"_monsterinsights_sitenote_active":false,"_monsterinsights_sitenote_note":"","_monsterinsights_sitenote_category":0},"product_brand":[],"product_cat":[177,168],"product_tag":[],"class_list":{"0":"post-13272","1":"product","2":"type-product","3":"status-publish","4":"has-post-thumbnail","6":"product_cat-feutres-pinceaux","7":"product_cat-peintures-et-pinceaux","10":"first","11":"instock","12":"purchasable","13":"product-type-simple"},"yoast_head":"<!-- This site is optimized with the Yoast SEO plugin v27.4 - https:\/\/yoast.com\/product\/yoast-seo-wordpress\/ -->\n<title>SET de feutres Playmarkers - ORCS ET GOBELINS - Des tranch\u00e9es aux barricades<\/title>\n<meta name=\"robots\" content=\"index, follow, max-snippet:-1, max-image-preview:large, max-video-preview:-1\" \/>\n<link rel=\"canonical\" href=\"http:\/\/www.destrancheesauxbarricades.com\/index.php\/product\/set-de-feutres-playmarkers-orcs-et-gobelins\/\" \/>\n<meta property=\"og:locale\" content=\"fr_FR\" \/>\n<meta property=\"og:type\" content=\"article\" \/>\n<meta property=\"og:title\" content=\"SET de feutres Playmarkers - ORCS ET GOBELINS - Des tranch\u00e9es aux barricades\" \/>\n<meta property=\"og:description\" content=\"[fsl-progress-bar]  Set de six feutres pinceaux acrylique pour peindre des &quot;peaux vertes&quot;\" \/>\n<meta property=\"og:url\" content=\"http:\/\/www.destrancheesauxbarricades.com\/index.php\/product\/set-de-feutres-playmarkers-orcs-et-gobelins\/\" \/>\n<meta property=\"og:site_name\" content=\"Des tranch\u00e9es aux barricades\" \/>\n<meta property=\"article:modified_time\" content=\"2026-02-09T16:00:38+00:00\" \/>\n<meta property=\"og:image\" content=\"http:\/\/www.destrancheesauxbarricades.com\/wp-content\/uploads\/2025\/04\/AKM104.jpg\" \/>\n\t<meta property=\"og:image:width\" content=\"1200\" \/>\n\t<meta property=\"og:image:height\" content=\"1200\" \/>\n\t<meta property=\"og:image:type\" content=\"image\/jpeg\" \/>\n<meta name=\"twitter:card\" content=\"summary_large_image\" \/>\n<meta name=\"twitter:label1\" content=\"Dur\u00e9e de lecture estim\u00e9e\" \/>\n\t<meta name=\"twitter:data1\" content=\"2 minutes\" \/>\n<script type=\"application\/ld+json\" class=\"yoast-schema-graph\">{\"@context\":\"https:\\\/\\\/schema.org\",\"@graph\":[{\"@type\":\"WebPage\",\"@id\":\"http:\\\/\\\/www.destrancheesauxbarricades.com\\\/index.php\\\/product\\\/set-de-feutres-playmarkers-orcs-et-gobelins\\\/\",\"url\":\"http:\\\/\\\/www.destrancheesauxbarricades.com\\\/index.php\\\/product\\\/set-de-feutres-playmarkers-orcs-et-gobelins\\\/\",\"name\":\"SET de feutres Playmarkers - ORCS ET GOBELINS - Des tranch\u00e9es aux barricades\",\"isPartOf\":{\"@id\":\"http:\\\/\\\/www.destrancheesauxbarricades.com\\\/#website\"},\"primaryImageOfPage\":{\"@id\":\"http:\\\/\\\/www.destrancheesauxbarricades.com\\\/index.php\\\/product\\\/set-de-feutres-playmarkers-orcs-et-gobelins\\\/#primaryimage\"},\"image\":{\"@id\":\"http:\\\/\\\/www.destrancheesauxbarricades.com\\\/index.php\\\/product\\\/set-de-feutres-playmarkers-orcs-et-gobelins\\\/#primaryimage\"},\"thumbnailUrl\":\"http:\\\/\\\/www.destrancheesauxbarricades.com\\\/wp-content\\\/uploads\\\/2025\\\/04\\\/AKM104.jpg\",\"datePublished\":\"2025-04-02T15:05:24+00:00\",\"dateModified\":\"2026-02-09T16:00:38+00:00\",\"breadcrumb\":{\"@id\":\"http:\\\/\\\/www.destrancheesauxbarricades.com\\\/index.php\\\/product\\\/set-de-feutres-playmarkers-orcs-et-gobelins\\\/#breadcrumb\"},\"inLanguage\":\"fr-FR\",\"potentialAction\":[{\"@type\":\"ReadAction\",\"target\":[\"http:\\\/\\\/www.destrancheesauxbarricades.com\\\/index.php\\\/product\\\/set-de-feutres-playmarkers-orcs-et-gobelins\\\/\"]}]},{\"@type\":\"ImageObject\",\"inLanguage\":\"fr-FR\",\"@id\":\"http:\\\/\\\/www.destrancheesauxbarricades.com\\\/index.php\\\/product\\\/set-de-feutres-playmarkers-orcs-et-gobelins\\\/#primaryimage\",\"url\":\"http:\\\/\\\/www.destrancheesauxbarricades.com\\\/wp-content\\\/uploads\\\/2025\\\/04\\\/AKM104.jpg\",\"contentUrl\":\"http:\\\/\\\/www.destrancheesauxbarricades.com\\\/wp-content\\\/uploads\\\/2025\\\/04\\\/AKM104.jpg\",\"width\":1200,\"height\":1200},{\"@type\":\"BreadcrumbList\",\"@id\":\"http:\\\/\\\/www.destrancheesauxbarricades.com\\\/index.php\\\/product\\\/set-de-feutres-playmarkers-orcs-et-gobelins\\\/#breadcrumb\",\"itemListElement\":[{\"@type\":\"ListItem\",\"position\":1,\"name\":\"Accueil\",\"item\":\"http:\\\/\\\/www.destrancheesauxbarricades.com\\\/\"},{\"@type\":\"ListItem\",\"position\":2,\"name\":\"Shop\",\"item\":\"http:\\\/\\\/www.destrancheesauxbarricades.com\\\/index.php\\\/shop\\\/\"},{\"@type\":\"ListItem\",\"position\":3,\"name\":\"SET de feutres Playmarkers &#8211; ORCS ET GOBELINS\"}]},{\"@type\":\"WebSite\",\"@id\":\"http:\\\/\\\/www.destrancheesauxbarricades.com\\\/#website\",\"url\":\"http:\\\/\\\/www.destrancheesauxbarricades.com\\\/\",\"name\":\"Des tranch\u00e9es aux barricades\",\"description\":\"Jeu d&#039;escarmouches au d\u00e9but du XXe si\u00e8cle\",\"potentialAction\":[{\"@type\":\"SearchAction\",\"target\":{\"@type\":\"EntryPoint\",\"urlTemplate\":\"http:\\\/\\\/www.destrancheesauxbarricades.com\\\/?s={search_term_string}\"},\"query-input\":{\"@type\":\"PropertyValueSpecification\",\"valueRequired\":true,\"valueName\":\"search_term_string\"}}],\"inLanguage\":\"fr-FR\"}]}<\/script>\n<!-- \/ Yoast SEO plugin. -->","yoast_head_json":{"title":"SET de feutres Playmarkers - ORCS ET GOBELINS - Des tranch\u00e9es aux barricades","robots":{"index":"index","follow":"follow","max-snippet":"max-snippet:-1","max-image-preview":"max-image-preview:large","max-video-preview":"max-video-preview:-1"},"canonical":"http:\/\/www.destrancheesauxbarricades.com\/index.php\/product\/set-de-feutres-playmarkers-orcs-et-gobelins\/","og_locale":"fr_FR","og_type":"article","og_title":"SET de feutres Playmarkers - ORCS ET GOBELINS - Des tranch\u00e9es aux barricades","og_description":"[fsl-progress-bar]  Set de six feutres pinceaux acrylique pour peindre des \"peaux vertes\"","og_url":"http:\/\/www.destrancheesauxbarricades.com\/index.php\/product\/set-de-feutres-playmarkers-orcs-et-gobelins\/","og_site_name":"Des tranch\u00e9es aux barricades","article_modified_time":"2026-02-09T16:00:38+00:00","og_image":[{"width":1200,"height":1200,"url":"http:\/\/www.destrancheesauxbarricades.com\/wp-content\/uploads\/2025\/04\/AKM104.jpg","type":"image\/jpeg"}],"twitter_card":"summary_large_image","twitter_misc":{"Dur\u00e9e de lecture estim\u00e9e":"2 minutes"},"schema":{"@context":"https:\/\/schema.org","@graph":[{"@type":"WebPage","@id":"http:\/\/www.destrancheesauxbarricades.com\/index.php\/product\/set-de-feutres-playmarkers-orcs-et-gobelins\/","url":"http:\/\/www.destrancheesauxbarricades.com\/index.php\/product\/set-de-feutres-playmarkers-orcs-et-gobelins\/","name":"SET de feutres Playmarkers - ORCS ET GOBELINS - Des tranch\u00e9es aux barricades","isPartOf":{"@id":"http:\/\/www.destrancheesauxbarricades.com\/#website"},"primaryImageOfPage":{"@id":"http:\/\/www.destrancheesauxbarricades.com\/index.php\/product\/set-de-feutres-playmarkers-orcs-et-gobelins\/#primaryimage"},"image":{"@id":"http:\/\/www.destrancheesauxbarricades.com\/index.php\/product\/set-de-feutres-playmarkers-orcs-et-gobelins\/#primaryimage"},"thumbnailUrl":"http:\/\/www.destrancheesauxbarricades.com\/wp-content\/uploads\/2025\/04\/AKM104.jpg","datePublished":"2025-04-02T15:05:24+00:00","dateModified":"2026-02-09T16:00:38+00:00","breadcrumb":{"@id":"http:\/\/www.destrancheesauxbarricades.com\/index.php\/product\/set-de-feutres-playmarkers-orcs-et-gobelins\/#breadcrumb"},"inLanguage":"fr-FR","potentialAction":[{"@type":"ReadAction","target":["http:\/\/www.destrancheesauxbarricades.com\/index.php\/product\/set-de-feutres-playmarkers-orcs-et-gobelins\/"]}]},{"@type":"ImageObject","inLanguage":"fr-FR","@id":"http:\/\/www.destrancheesauxbarricades.com\/index.php\/product\/set-de-feutres-playmarkers-orcs-et-gobelins\/#primaryimage","url":"http:\/\/www.destrancheesauxbarricades.com\/wp-content\/uploads\/2025\/04\/AKM104.jpg","contentUrl":"http:\/\/www.destrancheesauxbarricades.com\/wp-content\/uploads\/2025\/04\/AKM104.jpg","width":1200,"height":1200},{"@type":"BreadcrumbList","@id":"http:\/\/www.destrancheesauxbarricades.com\/index.php\/product\/set-de-feutres-playmarkers-orcs-et-gobelins\/#breadcrumb","itemListElement":[{"@type":"ListItem","position":1,"name":"Accueil","item":"http:\/\/www.destrancheesauxbarricades.com\/"},{"@type":"ListItem","position":2,"name":"Shop","item":"http:\/\/www.destrancheesauxbarricades.com\/index.php\/shop\/"},{"@type":"ListItem","position":3,"name":"SET de feutres Playmarkers &#8211; ORCS ET GOBELINS"}]},{"@type":"WebSite","@id":"http:\/\/www.destrancheesauxbarricades.com\/#website","url":"http:\/\/www.destrancheesauxbarricades.com\/","name":"Des tranch\u00e9es aux barricades","description":"Jeu d&#039;escarmouches au d\u00e9but du XXe si\u00e8cle","potentialAction":[{"@type":"SearchAction","target":{"@type":"EntryPoint","urlTemplate":"http:\/\/www.destrancheesauxbarricades.com\/?s={search_term_string}"},"query-input":{"@type":"PropertyValueSpecification","valueRequired":true,"valueName":"search_term_string"}}],"inLanguage":"fr-FR"}]}},"jetpack_sharing_enabled":true,"_links":{"self":[{"href":"http:\/\/www.destrancheesauxbarricades.com\/index.php\/wp-json\/wp\/v2\/product\/13272","targetHints":{"allow":["GET"]}}],"collection":[{"href":"http:\/\/www.destrancheesauxbarricades.com\/index.php\/wp-json\/wp\/v2\/product"}],"about":[{"href":"http:\/\/www.destrancheesauxbarricades.com\/index.php\/wp-json\/wp\/v2\/types\/product"}],"version-history":[{"count":1,"href":"http:\/\/www.destrancheesauxbarricades.com\/index.php\/wp-json\/wp\/v2\/product\/13272\/revisions"}],"predecessor-version":[{"id":13275,"href":"http:\/\/www.destrancheesauxbarricades.com\/index.php\/wp-json\/wp\/v2\/product\/13272\/revisions\/13275"}],"wp:featuredmedia":[{"embeddable":true,"href":"http:\/\/www.destrancheesauxbarricades.com\/index.php\/wp-json\/wp\/v2\/media\/13273"}],"wp:attachment":[{"href":"http:\/\/www.destrancheesauxbarricades.com\/index.php\/wp-json\/wp\/v2\/media?parent=13272"}],"wp:term":[{"taxonomy":"product_brand","embeddable":true,"href":"http:\/\/www.destrancheesauxbarricades.com\/index.php\/wp-json\/wp\/v2\/product_brand?post=13272"},{"taxonomy":"product_cat","embeddable":true,"href":"http:\/\/www.destrancheesauxbarricades.com\/index.php\/wp-json\/wp\/v2\/product_cat?post=13272"},{"taxonomy":"product_tag","embeddable":true,"href":"http:\/\/www.destrancheesauxbarricades.com\/index.php\/wp-json\/wp\/v2\/product_tag?post=13272"}],"curies":[{"name":"wp","href":"https:\/\/api.w.org\/{rel}","templated":true}]}}