{"id":12991,"date":"2025-03-17T11:34:07","date_gmt":"2025-03-17T11:34:07","guid":{"rendered":"https:\/\/www.destrancheesauxbarricades.com\/?post_type=product&#038;p=12991"},"modified":"2025-11-03T16:36:01","modified_gmt":"2025-11-03T16:36:01","slug":"set-de-crayons-effet-rouille-et-trainees","status":"publish","type":"product","link":"http:\/\/www.destrancheesauxbarricades.com\/index.php\/product\/set-de-crayons-effet-rouille-et-trainees\/","title":{"rendered":"SET DE CRAYONS EFFET ROUILLE ET TRAINEES"},"content":{"rendered":"<p>Avec ce set de cinq crayons, vous pouvez cr\u00e9er des effets de rouille, d&rsquo;\u00e9cailles et de tra\u00een\u00e9es\u00a0 \u00e0 vos v\u00e9hicules ou vos d\u00e9cors en cr\u00e9ant des variations chromatiques et des effets, en fonction de la couleur de base avec laquelle vous allez travailler.<\/p>\n<p>Ensembles de cinq crayons aux teintes sp\u00e9cialement choisies dans un seul but, faciliter la vie du mod\u00e9liste.<\/p>\n<p>Parfait pour les mod\u00e9listes d\u00e9butants ou exp\u00e9riment\u00e9s.<\/p>\n<p>Le set contient les couleurs :<\/p>\n<ul>\n<li>Light rust<\/li>\n<li>Medium rust<\/li>\n<li>Dark rust<\/li>\n<li>Strong ocher<\/li>\n<li>Vivid orange<\/li>\n<\/ul>\n<p>&nbsp;<\/p>\n<p>N&rsquo;h\u00e9sitez pas \u00e0 consulter cette <a href=\"https:\/\/youtu.be\/Vlbf4V7QQLM\">vid\u00e9o tutorielle<\/a> :<\/p>\n<p><iframe title=\"\ud835\udc07\ud835\udc0e\ud835\udc16 \ud835\udc13\ud835\udc0e \ud835\udc14\ud835\udc12\ud835\udc04 \ud835\udc16\ud835\udc04\ud835\udc00\ud835\udc13\ud835\udc07\ud835\udc04\ud835\udc11\ud835\udc08\ud835\udc0d\ud835\udc06 \ud835\udc0f\ud835\udc04\ud835\udc0d\ud835\udc02\ud835\udc08\ud835\udc0b\ud835\udc12 | \ud835\udc13\ud835\udc14\ud835\udc13\ud835\udc0e\ud835\udc11\ud835\udc08\ud835\udc00\ud835\udc0b\" width=\"895\" height=\"503\" src=\"https:\/\/www.youtube.com\/embed\/Vlbf4V7QQLM?feature=oembed\" frameborder=\"0\" allow=\"accelerometer; autoplay; clipboard-write; encrypted-media; gyroscope; picture-in-picture; web-share\" referrerpolicy=\"strict-origin-when-cross-origin\" allowfullscreen><\/iframe><\/p>\n","protected":false},"excerpt":{"rendered":"<p>[fsl-progress-bar]<\/p>\n<p>Set de 5 crayons effet rouille pour weathering<\/p>\n","protected":false},"featured_media":12992,"template":"","meta":{"_monsterinsights_skip_tracking":false,"_monsterinsights_sitenote_active":false,"_monsterinsights_sitenote_note":"","_monsterinsights_sitenote_category":0},"product_brand":[],"product_cat":[168,172],"product_tag":[],"class_list":{"0":"post-12991","1":"product","2":"type-product","3":"status-publish","4":"has-post-thumbnail","6":"product_cat-peintures-et-pinceaux","7":"product_cat-weathering","10":"first","11":"outofstock","12":"purchasable","13":"product-type-simple"},"yoast_head":"<!-- This site is optimized with the Yoast SEO plugin v27.5 - https:\/\/yoast.com\/product\/yoast-seo-wordpress\/ -->\n<title>SET DE CRAYONS EFFET ROUILLE ET TRAINEES - Des tranch\u00e9es aux barricades<\/title>\n<meta name=\"robots\" content=\"index, follow, max-snippet:-1, max-image-preview:large, max-video-preview:-1\" \/>\n<link rel=\"canonical\" href=\"http:\/\/www.destrancheesauxbarricades.com\/index.php\/product\/set-de-crayons-effet-rouille-et-trainees\/\" \/>\n<meta property=\"og:locale\" content=\"fr_FR\" \/>\n<meta property=\"og:type\" content=\"article\" \/>\n<meta property=\"og:title\" content=\"SET DE CRAYONS EFFET ROUILLE ET TRAINEES - Des tranch\u00e9es aux barricades\" \/>\n<meta property=\"og:description\" content=\"[fsl-progress-bar]  Set de 5 crayons effet rouille pour weathering\" \/>\n<meta property=\"og:url\" content=\"http:\/\/www.destrancheesauxbarricades.com\/index.php\/product\/set-de-crayons-effet-rouille-et-trainees\/\" \/>\n<meta property=\"og:site_name\" content=\"Des tranch\u00e9es aux barricades\" \/>\n<meta property=\"article:modified_time\" content=\"2025-11-03T16:36:01+00:00\" \/>\n<meta property=\"og:image\" content=\"http:\/\/www.destrancheesauxbarricades.com\/wp-content\/uploads\/2025\/03\/AK10041-1.jpg\" \/>\n\t<meta property=\"og:image:width\" content=\"1200\" \/>\n\t<meta property=\"og:image:height\" content=\"1200\" \/>\n\t<meta property=\"og:image:type\" content=\"image\/jpeg\" \/>\n<meta name=\"twitter:card\" content=\"summary_large_image\" \/>\n<meta name=\"twitter:label1\" content=\"Dur\u00e9e de lecture estim\u00e9e\" \/>\n\t<meta name=\"twitter:data1\" content=\"1 minute\" \/>\n<script type=\"application\/ld+json\" class=\"yoast-schema-graph\">{\"@context\":\"https:\\\/\\\/schema.org\",\"@graph\":[{\"@type\":\"WebPage\",\"@id\":\"http:\\\/\\\/www.destrancheesauxbarricades.com\\\/index.php\\\/product\\\/set-de-crayons-effet-rouille-et-trainees\\\/\",\"url\":\"http:\\\/\\\/www.destrancheesauxbarricades.com\\\/index.php\\\/product\\\/set-de-crayons-effet-rouille-et-trainees\\\/\",\"name\":\"SET DE CRAYONS EFFET ROUILLE ET TRAINEES - Des tranch\u00e9es aux barricades\",\"isPartOf\":{\"@id\":\"https:\\\/\\\/www.destrancheesauxbarricades.com\\\/#website\"},\"primaryImageOfPage\":{\"@id\":\"http:\\\/\\\/www.destrancheesauxbarricades.com\\\/index.php\\\/product\\\/set-de-crayons-effet-rouille-et-trainees\\\/#primaryimage\"},\"image\":{\"@id\":\"http:\\\/\\\/www.destrancheesauxbarricades.com\\\/index.php\\\/product\\\/set-de-crayons-effet-rouille-et-trainees\\\/#primaryimage\"},\"thumbnailUrl\":\"http:\\\/\\\/www.destrancheesauxbarricades.com\\\/wp-content\\\/uploads\\\/2025\\\/03\\\/AK10041-1.jpg\",\"datePublished\":\"2025-03-17T11:34:07+00:00\",\"dateModified\":\"2025-11-03T16:36:01+00:00\",\"breadcrumb\":{\"@id\":\"http:\\\/\\\/www.destrancheesauxbarricades.com\\\/index.php\\\/product\\\/set-de-crayons-effet-rouille-et-trainees\\\/#breadcrumb\"},\"inLanguage\":\"fr-FR\",\"potentialAction\":[{\"@type\":\"ReadAction\",\"target\":[\"http:\\\/\\\/www.destrancheesauxbarricades.com\\\/index.php\\\/product\\\/set-de-crayons-effet-rouille-et-trainees\\\/\"]}]},{\"@type\":\"ImageObject\",\"inLanguage\":\"fr-FR\",\"@id\":\"http:\\\/\\\/www.destrancheesauxbarricades.com\\\/index.php\\\/product\\\/set-de-crayons-effet-rouille-et-trainees\\\/#primaryimage\",\"url\":\"http:\\\/\\\/www.destrancheesauxbarricades.com\\\/wp-content\\\/uploads\\\/2025\\\/03\\\/AK10041-1.jpg\",\"contentUrl\":\"http:\\\/\\\/www.destrancheesauxbarricades.com\\\/wp-content\\\/uploads\\\/2025\\\/03\\\/AK10041-1.jpg\",\"width\":1200,\"height\":1200},{\"@type\":\"BreadcrumbList\",\"@id\":\"http:\\\/\\\/www.destrancheesauxbarricades.com\\\/index.php\\\/product\\\/set-de-crayons-effet-rouille-et-trainees\\\/#breadcrumb\",\"itemListElement\":[{\"@type\":\"ListItem\",\"position\":1,\"name\":\"Accueil\",\"item\":\"https:\\\/\\\/www.destrancheesauxbarricades.com\\\/\"},{\"@type\":\"ListItem\",\"position\":2,\"name\":\"Shop\",\"item\":\"http:\\\/\\\/www.destrancheesauxbarricades.com\\\/index.php\\\/shop\\\/\"},{\"@type\":\"ListItem\",\"position\":3,\"name\":\"SET DE CRAYONS EFFET ROUILLE ET TRAINEES\"}]},{\"@type\":\"WebSite\",\"@id\":\"https:\\\/\\\/www.destrancheesauxbarricades.com\\\/#website\",\"url\":\"https:\\\/\\\/www.destrancheesauxbarricades.com\\\/\",\"name\":\"Des tranch\u00e9es aux barricades\",\"description\":\"Jeu d&#039;escarmouches au d\u00e9but du XXe si\u00e8cle\",\"potentialAction\":[{\"@type\":\"SearchAction\",\"target\":{\"@type\":\"EntryPoint\",\"urlTemplate\":\"https:\\\/\\\/www.destrancheesauxbarricades.com\\\/?s={search_term_string}\"},\"query-input\":{\"@type\":\"PropertyValueSpecification\",\"valueRequired\":true,\"valueName\":\"search_term_string\"}}],\"inLanguage\":\"fr-FR\"}]}<\/script>\n<!-- \/ Yoast SEO plugin. -->","yoast_head_json":{"title":"SET DE CRAYONS EFFET ROUILLE ET TRAINEES - Des tranch\u00e9es aux barricades","robots":{"index":"index","follow":"follow","max-snippet":"max-snippet:-1","max-image-preview":"max-image-preview:large","max-video-preview":"max-video-preview:-1"},"canonical":"http:\/\/www.destrancheesauxbarricades.com\/index.php\/product\/set-de-crayons-effet-rouille-et-trainees\/","og_locale":"fr_FR","og_type":"article","og_title":"SET DE CRAYONS EFFET ROUILLE ET TRAINEES - Des tranch\u00e9es aux barricades","og_description":"[fsl-progress-bar]  Set de 5 crayons effet rouille pour weathering","og_url":"http:\/\/www.destrancheesauxbarricades.com\/index.php\/product\/set-de-crayons-effet-rouille-et-trainees\/","og_site_name":"Des tranch\u00e9es aux barricades","article_modified_time":"2025-11-03T16:36:01+00:00","og_image":[{"width":1200,"height":1200,"url":"http:\/\/www.destrancheesauxbarricades.com\/wp-content\/uploads\/2025\/03\/AK10041-1.jpg","type":"image\/jpeg"}],"twitter_card":"summary_large_image","twitter_misc":{"Dur\u00e9e de lecture estim\u00e9e":"1 minute"},"schema":{"@context":"https:\/\/schema.org","@graph":[{"@type":"WebPage","@id":"http:\/\/www.destrancheesauxbarricades.com\/index.php\/product\/set-de-crayons-effet-rouille-et-trainees\/","url":"http:\/\/www.destrancheesauxbarricades.com\/index.php\/product\/set-de-crayons-effet-rouille-et-trainees\/","name":"SET DE CRAYONS EFFET ROUILLE ET TRAINEES - Des tranch\u00e9es aux barricades","isPartOf":{"@id":"https:\/\/www.destrancheesauxbarricades.com\/#website"},"primaryImageOfPage":{"@id":"http:\/\/www.destrancheesauxbarricades.com\/index.php\/product\/set-de-crayons-effet-rouille-et-trainees\/#primaryimage"},"image":{"@id":"http:\/\/www.destrancheesauxbarricades.com\/index.php\/product\/set-de-crayons-effet-rouille-et-trainees\/#primaryimage"},"thumbnailUrl":"http:\/\/www.destrancheesauxbarricades.com\/wp-content\/uploads\/2025\/03\/AK10041-1.jpg","datePublished":"2025-03-17T11:34:07+00:00","dateModified":"2025-11-03T16:36:01+00:00","breadcrumb":{"@id":"http:\/\/www.destrancheesauxbarricades.com\/index.php\/product\/set-de-crayons-effet-rouille-et-trainees\/#breadcrumb"},"inLanguage":"fr-FR","potentialAction":[{"@type":"ReadAction","target":["http:\/\/www.destrancheesauxbarricades.com\/index.php\/product\/set-de-crayons-effet-rouille-et-trainees\/"]}]},{"@type":"ImageObject","inLanguage":"fr-FR","@id":"http:\/\/www.destrancheesauxbarricades.com\/index.php\/product\/set-de-crayons-effet-rouille-et-trainees\/#primaryimage","url":"http:\/\/www.destrancheesauxbarricades.com\/wp-content\/uploads\/2025\/03\/AK10041-1.jpg","contentUrl":"http:\/\/www.destrancheesauxbarricades.com\/wp-content\/uploads\/2025\/03\/AK10041-1.jpg","width":1200,"height":1200},{"@type":"BreadcrumbList","@id":"http:\/\/www.destrancheesauxbarricades.com\/index.php\/product\/set-de-crayons-effet-rouille-et-trainees\/#breadcrumb","itemListElement":[{"@type":"ListItem","position":1,"name":"Accueil","item":"https:\/\/www.destrancheesauxbarricades.com\/"},{"@type":"ListItem","position":2,"name":"Shop","item":"http:\/\/www.destrancheesauxbarricades.com\/index.php\/shop\/"},{"@type":"ListItem","position":3,"name":"SET DE CRAYONS EFFET ROUILLE ET TRAINEES"}]},{"@type":"WebSite","@id":"https:\/\/www.destrancheesauxbarricades.com\/#website","url":"https:\/\/www.destrancheesauxbarricades.com\/","name":"Des tranch\u00e9es aux barricades","description":"Jeu d&#039;escarmouches au d\u00e9but du XXe si\u00e8cle","potentialAction":[{"@type":"SearchAction","target":{"@type":"EntryPoint","urlTemplate":"https:\/\/www.destrancheesauxbarricades.com\/?s={search_term_string}"},"query-input":{"@type":"PropertyValueSpecification","valueRequired":true,"valueName":"search_term_string"}}],"inLanguage":"fr-FR"}]}},"jetpack_sharing_enabled":true,"_links":{"self":[{"href":"http:\/\/www.destrancheesauxbarricades.com\/index.php\/wp-json\/wp\/v2\/product\/12991","targetHints":{"allow":["GET"]}}],"collection":[{"href":"http:\/\/www.destrancheesauxbarricades.com\/index.php\/wp-json\/wp\/v2\/product"}],"about":[{"href":"http:\/\/www.destrancheesauxbarricades.com\/index.php\/wp-json\/wp\/v2\/types\/product"}],"version-history":[{"count":1,"href":"http:\/\/www.destrancheesauxbarricades.com\/index.php\/wp-json\/wp\/v2\/product\/12991\/revisions"}],"predecessor-version":[{"id":12993,"href":"http:\/\/www.destrancheesauxbarricades.com\/index.php\/wp-json\/wp\/v2\/product\/12991\/revisions\/12993"}],"wp:featuredmedia":[{"embeddable":true,"href":"http:\/\/www.destrancheesauxbarricades.com\/index.php\/wp-json\/wp\/v2\/media\/12992"}],"wp:attachment":[{"href":"http:\/\/www.destrancheesauxbarricades.com\/index.php\/wp-json\/wp\/v2\/media?parent=12991"}],"wp:term":[{"taxonomy":"product_brand","embeddable":true,"href":"http:\/\/www.destrancheesauxbarricades.com\/index.php\/wp-json\/wp\/v2\/product_brand?post=12991"},{"taxonomy":"product_cat","embeddable":true,"href":"http:\/\/www.destrancheesauxbarricades.com\/index.php\/wp-json\/wp\/v2\/product_cat?post=12991"},{"taxonomy":"product_tag","embeddable":true,"href":"http:\/\/www.destrancheesauxbarricades.com\/index.php\/wp-json\/wp\/v2\/product_tag?post=12991"}],"curies":[{"name":"wp","href":"https:\/\/api.w.org\/{rel}","templated":true}]}}