{"id":12842,"date":"2025-03-05T18:52:05","date_gmt":"2025-03-05T18:52:05","guid":{"rendered":"https:\/\/www.destrancheesauxbarricades.com\/?post_type=product&#038;p=12842"},"modified":"2025-11-03T11:20:39","modified_gmt":"2025-11-03T11:20:39","slug":"starter-set-d-day-paras-us","status":"publish","type":"product","link":"http:\/\/www.destrancheesauxbarricades.com\/index.php\/product\/starter-set-d-day-paras-us\/","title":{"rendered":"STARTER SET &#8211; D-DAY  PARAS US"},"content":{"rendered":"<p>Cet ensemble\u00a0 comprend 14 peintures 3GEN et une figurine exclusive.<\/p>\n<p>Il est con\u00e7u pour peindre des figurines \u00a0des 101e et 82e unit\u00e9s de parachutistes et l\u2019uniforme renforc\u00e9 M42, avec lequel ils ont particip\u00e9 au D-Day.<\/p>\n<p>Les couleurs ont \u00e9t\u00e9 s\u00e9lectionn\u00e9es pour \u00eatre le plus rigoureusement possible, conformes sur le plan historique, tant pour les uniformes que pour les accessoires et les armes.<\/p>\n<p>La figurine exclusive est un un radio op\u00e9rateur de la 101e a\u00e9roport\u00e9e.<\/p>\n<p>Le set contient les couleurs suivantes:<\/p>\n<ul>\n<li>AK11003 \u2013 White grey<\/li>\n<li>AK11058 \u2013 Decomposed flesh<\/li>\n<li>AK11434 \u2013 Red brown<\/li>\n<li>AK11019 \u2013 Graphite<\/li>\n<li>AK11031 \u2013 Buff standard<\/li>\n<li>AK11078 \u2013 Medium orange<\/li>\n<li>AK11101 \u2013 Orange brown<\/li>\n<li>AK11016 \u2013 Grey green<\/li>\n<li>AK11125 \u2013 Grey brown<\/li>\n<li>AK11157 \u2013 US Dark green<\/li>\n<li>AK11436 \u2013 Canvas tone<\/li>\n<li>AK11418 \u2013 Brown black<\/li>\n<li>AK11151 \u2013 Brownish green<\/li>\n<li>AK11132 \u2013 Green grey<\/li>\n<\/ul>\n<p>&nbsp;<\/p>\n<p>D\u00e9couvrez avec cette <a href=\"https:\/\/youtu.be\/9i1WjcHJtgU\">vid\u00e9o<\/a>, comment peindre l&rsquo;uniforme des parachutistes<\/p>\n<p><iframe title=\"\ud835\udc07\ud835\udc0e\ud835\udc16 \ud835\udc13\ud835\udc0e \ud835\udc0f\ud835\udc00\ud835\udc08\ud835\udc0d\ud835\udc13 | \ud835\udc14\ud835\udc12 \ud835\udc00\ud835\udc08\ud835\udc11\ud835\udc01\ud835\udc0e\ud835\udc11\ud835\udc0d\ud835\udc04 \ud835\udc03\ud835\udc08\ud835\udc15\ud835\udc08\ud835\udc12\ud835\udc08\ud835\udc0e\ud835\udc0d, \ud835\udc03-\ud835\udc03\ud835\udc00\ud835\udc18 \ud835\udc16\ud835\udc00\ud835\udc11\ud835\udc06\ud835\udc00\ud835\udc0c\ud835\udc04 \ud835\udc12\ud835\udc13\ud835\udc00\ud835\udc11\ud835\udc13\ud835\udc04\ud835\udc11 \ud835\udc12\ud835\udc04\ud835\udc13 \ud835\udc01\ud835\udc18 \ud835\udc04\ud835\udc03\ud835\udc14\ud835\udc00\ud835\udc11\ud835\udc03\ud835\udc0e\" width=\"895\" height=\"503\" src=\"https:\/\/www.youtube.com\/embed\/9i1WjcHJtgU?feature=oembed\" frameborder=\"0\" allow=\"accelerometer; autoplay; clipboard-write; encrypted-media; gyroscope; picture-in-picture; web-share\" referrerpolicy=\"strict-origin-when-cross-origin\" allowfullscreen><\/iframe><\/p>\n<p>&nbsp;<\/p>\n<p>&nbsp;<\/p>\n","protected":false},"excerpt":{"rendered":"<p>[fsl-progress-bar]<\/p>\n<p>Set\u00a0 de d\u00e9marrage acrylique AK\u00a0 \u00a0Paras US D-DAY<\/p>\n","protected":false},"featured_media":12843,"template":"","meta":{"_monsterinsights_skip_tracking":false,"_monsterinsights_sitenote_active":false,"_monsterinsights_sitenote_note":"","_monsterinsights_sitenote_category":0},"product_brand":[],"product_cat":[144,169,168,142],"product_tag":[],"class_list":{"0":"post-12842","1":"product","2":"type-product","3":"status-publish","4":"has-post-thumbnail","6":"product_cat-liberation-de-paris-1944","7":"product_cat-peinture","8":"product_cat-peintures-et-pinceaux","9":"product_cat-seconde-guerre-mondiale","12":"first","13":"instock","14":"purchasable","15":"product-type-simple"},"yoast_head":"<!-- This site is optimized with the Yoast SEO plugin v27.5 - https:\/\/yoast.com\/product\/yoast-seo-wordpress\/ -->\n<title>STARTER SET - D-DAY PARAS US - Des tranch\u00e9es aux barricades<\/title>\n<meta name=\"robots\" content=\"index, follow, max-snippet:-1, max-image-preview:large, max-video-preview:-1\" \/>\n<link rel=\"canonical\" href=\"https:\/\/www.destrancheesauxbarricades.com\/index.php\/product\/starter-set-d-day-paras-us\/\" \/>\n<meta property=\"og:locale\" content=\"fr_FR\" \/>\n<meta property=\"og:type\" content=\"article\" \/>\n<meta property=\"og:title\" content=\"STARTER SET - D-DAY PARAS US - Des tranch\u00e9es aux barricades\" \/>\n<meta property=\"og:description\" content=\"[fsl-progress-bar]  Set\u00a0 de d\u00e9marrage acrylique AK\u00a0 \u00a0Paras US D-DAY\" \/>\n<meta property=\"og:url\" content=\"https:\/\/www.destrancheesauxbarricades.com\/index.php\/product\/starter-set-d-day-paras-us\/\" \/>\n<meta property=\"og:site_name\" content=\"Des tranch\u00e9es aux barricades\" \/>\n<meta property=\"article:modified_time\" content=\"2025-11-03T11:20:39+00:00\" \/>\n<meta property=\"og:image\" content=\"https:\/\/www.destrancheesauxbarricades.com\/wp-content\/uploads\/2025\/03\/AK11778_web.jpg\" \/>\n\t<meta property=\"og:image:width\" content=\"800\" \/>\n\t<meta property=\"og:image:height\" content=\"800\" \/>\n\t<meta property=\"og:image:type\" content=\"image\/jpeg\" \/>\n<meta name=\"twitter:card\" content=\"summary_large_image\" \/>\n<meta name=\"twitter:label1\" content=\"Dur\u00e9e de lecture estim\u00e9e\" \/>\n\t<meta name=\"twitter:data1\" content=\"1 minute\" \/>\n<script type=\"application\/ld+json\" class=\"yoast-schema-graph\">{\"@context\":\"https:\\\/\\\/schema.org\",\"@graph\":[{\"@type\":\"WebPage\",\"@id\":\"https:\\\/\\\/www.destrancheesauxbarricades.com\\\/index.php\\\/product\\\/starter-set-d-day-paras-us\\\/\",\"url\":\"https:\\\/\\\/www.destrancheesauxbarricades.com\\\/index.php\\\/product\\\/starter-set-d-day-paras-us\\\/\",\"name\":\"STARTER SET - D-DAY PARAS US - Des tranch\u00e9es aux barricades\",\"isPartOf\":{\"@id\":\"http:\\\/\\\/www.destrancheesauxbarricades.com\\\/#website\"},\"primaryImageOfPage\":{\"@id\":\"https:\\\/\\\/www.destrancheesauxbarricades.com\\\/index.php\\\/product\\\/starter-set-d-day-paras-us\\\/#primaryimage\"},\"image\":{\"@id\":\"https:\\\/\\\/www.destrancheesauxbarricades.com\\\/index.php\\\/product\\\/starter-set-d-day-paras-us\\\/#primaryimage\"},\"thumbnailUrl\":\"http:\\\/\\\/www.destrancheesauxbarricades.com\\\/wp-content\\\/uploads\\\/2025\\\/03\\\/AK11778_web.jpg\",\"datePublished\":\"2025-03-05T18:52:05+00:00\",\"dateModified\":\"2025-11-03T11:20:39+00:00\",\"breadcrumb\":{\"@id\":\"https:\\\/\\\/www.destrancheesauxbarricades.com\\\/index.php\\\/product\\\/starter-set-d-day-paras-us\\\/#breadcrumb\"},\"inLanguage\":\"fr-FR\",\"potentialAction\":[{\"@type\":\"ReadAction\",\"target\":[\"https:\\\/\\\/www.destrancheesauxbarricades.com\\\/index.php\\\/product\\\/starter-set-d-day-paras-us\\\/\"]}]},{\"@type\":\"ImageObject\",\"inLanguage\":\"fr-FR\",\"@id\":\"https:\\\/\\\/www.destrancheesauxbarricades.com\\\/index.php\\\/product\\\/starter-set-d-day-paras-us\\\/#primaryimage\",\"url\":\"http:\\\/\\\/www.destrancheesauxbarricades.com\\\/wp-content\\\/uploads\\\/2025\\\/03\\\/AK11778_web.jpg\",\"contentUrl\":\"http:\\\/\\\/www.destrancheesauxbarricades.com\\\/wp-content\\\/uploads\\\/2025\\\/03\\\/AK11778_web.jpg\",\"width\":800,\"height\":800},{\"@type\":\"BreadcrumbList\",\"@id\":\"https:\\\/\\\/www.destrancheesauxbarricades.com\\\/index.php\\\/product\\\/starter-set-d-day-paras-us\\\/#breadcrumb\",\"itemListElement\":[{\"@type\":\"ListItem\",\"position\":1,\"name\":\"Accueil\",\"item\":\"http:\\\/\\\/www.destrancheesauxbarricades.com\\\/\"},{\"@type\":\"ListItem\",\"position\":2,\"name\":\"Shop\",\"item\":\"http:\\\/\\\/www.destrancheesauxbarricades.com\\\/index.php\\\/shop\\\/\"},{\"@type\":\"ListItem\",\"position\":3,\"name\":\"STARTER SET &#8211; D-DAY PARAS US\"}]},{\"@type\":\"WebSite\",\"@id\":\"http:\\\/\\\/www.destrancheesauxbarricades.com\\\/#website\",\"url\":\"http:\\\/\\\/www.destrancheesauxbarricades.com\\\/\",\"name\":\"Des tranch\u00e9es aux barricades\",\"description\":\"Jeu d&#039;escarmouches au d\u00e9but du XXe si\u00e8cle\",\"potentialAction\":[{\"@type\":\"SearchAction\",\"target\":{\"@type\":\"EntryPoint\",\"urlTemplate\":\"http:\\\/\\\/www.destrancheesauxbarricades.com\\\/?s={search_term_string}\"},\"query-input\":{\"@type\":\"PropertyValueSpecification\",\"valueRequired\":true,\"valueName\":\"search_term_string\"}}],\"inLanguage\":\"fr-FR\"}]}<\/script>\n<!-- \/ Yoast SEO plugin. -->","yoast_head_json":{"title":"STARTER SET - D-DAY PARAS US - Des tranch\u00e9es aux barricades","robots":{"index":"index","follow":"follow","max-snippet":"max-snippet:-1","max-image-preview":"max-image-preview:large","max-video-preview":"max-video-preview:-1"},"canonical":"https:\/\/www.destrancheesauxbarricades.com\/index.php\/product\/starter-set-d-day-paras-us\/","og_locale":"fr_FR","og_type":"article","og_title":"STARTER SET - D-DAY PARAS US - Des tranch\u00e9es aux barricades","og_description":"[fsl-progress-bar]  Set\u00a0 de d\u00e9marrage acrylique AK\u00a0 \u00a0Paras US D-DAY","og_url":"https:\/\/www.destrancheesauxbarricades.com\/index.php\/product\/starter-set-d-day-paras-us\/","og_site_name":"Des tranch\u00e9es aux barricades","article_modified_time":"2025-11-03T11:20:39+00:00","og_image":[{"width":800,"height":800,"url":"https:\/\/www.destrancheesauxbarricades.com\/wp-content\/uploads\/2025\/03\/AK11778_web.jpg","type":"image\/jpeg"}],"twitter_card":"summary_large_image","twitter_misc":{"Dur\u00e9e de lecture estim\u00e9e":"1 minute"},"schema":{"@context":"https:\/\/schema.org","@graph":[{"@type":"WebPage","@id":"https:\/\/www.destrancheesauxbarricades.com\/index.php\/product\/starter-set-d-day-paras-us\/","url":"https:\/\/www.destrancheesauxbarricades.com\/index.php\/product\/starter-set-d-day-paras-us\/","name":"STARTER SET - D-DAY PARAS US - Des tranch\u00e9es aux barricades","isPartOf":{"@id":"http:\/\/www.destrancheesauxbarricades.com\/#website"},"primaryImageOfPage":{"@id":"https:\/\/www.destrancheesauxbarricades.com\/index.php\/product\/starter-set-d-day-paras-us\/#primaryimage"},"image":{"@id":"https:\/\/www.destrancheesauxbarricades.com\/index.php\/product\/starter-set-d-day-paras-us\/#primaryimage"},"thumbnailUrl":"http:\/\/www.destrancheesauxbarricades.com\/wp-content\/uploads\/2025\/03\/AK11778_web.jpg","datePublished":"2025-03-05T18:52:05+00:00","dateModified":"2025-11-03T11:20:39+00:00","breadcrumb":{"@id":"https:\/\/www.destrancheesauxbarricades.com\/index.php\/product\/starter-set-d-day-paras-us\/#breadcrumb"},"inLanguage":"fr-FR","potentialAction":[{"@type":"ReadAction","target":["https:\/\/www.destrancheesauxbarricades.com\/index.php\/product\/starter-set-d-day-paras-us\/"]}]},{"@type":"ImageObject","inLanguage":"fr-FR","@id":"https:\/\/www.destrancheesauxbarricades.com\/index.php\/product\/starter-set-d-day-paras-us\/#primaryimage","url":"http:\/\/www.destrancheesauxbarricades.com\/wp-content\/uploads\/2025\/03\/AK11778_web.jpg","contentUrl":"http:\/\/www.destrancheesauxbarricades.com\/wp-content\/uploads\/2025\/03\/AK11778_web.jpg","width":800,"height":800},{"@type":"BreadcrumbList","@id":"https:\/\/www.destrancheesauxbarricades.com\/index.php\/product\/starter-set-d-day-paras-us\/#breadcrumb","itemListElement":[{"@type":"ListItem","position":1,"name":"Accueil","item":"http:\/\/www.destrancheesauxbarricades.com\/"},{"@type":"ListItem","position":2,"name":"Shop","item":"http:\/\/www.destrancheesauxbarricades.com\/index.php\/shop\/"},{"@type":"ListItem","position":3,"name":"STARTER SET &#8211; D-DAY PARAS US"}]},{"@type":"WebSite","@id":"http:\/\/www.destrancheesauxbarricades.com\/#website","url":"http:\/\/www.destrancheesauxbarricades.com\/","name":"Des tranch\u00e9es aux barricades","description":"Jeu d&#039;escarmouches au d\u00e9but du XXe si\u00e8cle","potentialAction":[{"@type":"SearchAction","target":{"@type":"EntryPoint","urlTemplate":"http:\/\/www.destrancheesauxbarricades.com\/?s={search_term_string}"},"query-input":{"@type":"PropertyValueSpecification","valueRequired":true,"valueName":"search_term_string"}}],"inLanguage":"fr-FR"}]}},"jetpack_sharing_enabled":true,"_links":{"self":[{"href":"http:\/\/www.destrancheesauxbarricades.com\/index.php\/wp-json\/wp\/v2\/product\/12842","targetHints":{"allow":["GET"]}}],"collection":[{"href":"http:\/\/www.destrancheesauxbarricades.com\/index.php\/wp-json\/wp\/v2\/product"}],"about":[{"href":"http:\/\/www.destrancheesauxbarricades.com\/index.php\/wp-json\/wp\/v2\/types\/product"}],"version-history":[{"count":1,"href":"http:\/\/www.destrancheesauxbarricades.com\/index.php\/wp-json\/wp\/v2\/product\/12842\/revisions"}],"predecessor-version":[{"id":12847,"href":"http:\/\/www.destrancheesauxbarricades.com\/index.php\/wp-json\/wp\/v2\/product\/12842\/revisions\/12847"}],"wp:featuredmedia":[{"embeddable":true,"href":"http:\/\/www.destrancheesauxbarricades.com\/index.php\/wp-json\/wp\/v2\/media\/12843"}],"wp:attachment":[{"href":"http:\/\/www.destrancheesauxbarricades.com\/index.php\/wp-json\/wp\/v2\/media?parent=12842"}],"wp:term":[{"taxonomy":"product_brand","embeddable":true,"href":"http:\/\/www.destrancheesauxbarricades.com\/index.php\/wp-json\/wp\/v2\/product_brand?post=12842"},{"taxonomy":"product_cat","embeddable":true,"href":"http:\/\/www.destrancheesauxbarricades.com\/index.php\/wp-json\/wp\/v2\/product_cat?post=12842"},{"taxonomy":"product_tag","embeddable":true,"href":"http:\/\/www.destrancheesauxbarricades.com\/index.php\/wp-json\/wp\/v2\/product_tag?post=12842"}],"curies":[{"name":"wp","href":"https:\/\/api.w.org\/{rel}","templated":true}]}}