{"id":12836,"date":"2025-03-05T18:38:10","date_gmt":"2025-03-05T18:38:10","guid":{"rendered":"https:\/\/www.destrancheesauxbarricades.com\/?post_type=product&#038;p=12836"},"modified":"2025-11-03T11:20:27","modified_gmt":"2025-11-03T11:20:27","slug":"starter-set-panzergrenadier-ww2","status":"publish","type":"product","link":"http:\/\/www.destrancheesauxbarricades.com\/index.php\/product\/starter-set-panzergrenadier-ww2\/","title":{"rendered":"STARTER SET &#8211; PANZERGRENADIER WW2"},"content":{"rendered":"<p>Cet ensemble\u00a0 comprend 10 peintures 3GEN et une figurine exclusive.<\/p>\n<p>Il est con\u00e7u pour peindre des figurines d\u2019unit\u00e9s allemandes qui ont particip\u00e9 \u00e0 la guerre dans la zone europ\u00e9enne.<\/p>\n<p>Les couleurs ont \u00e9t\u00e9 s\u00e9lectionn\u00e9es pour \u00eatre le plus rigoureusement possible, conformes sur le plan historique, tant pour les uniformes que pour les accessoires et les armes de la Wehrmacht.<\/p>\n<p>La figurine exclusive est un fantassin d\u2019une division de Panzergrenadier portant une mitrailleuse lourde de type MG34<\/p>\n<p>Le set contient les couleurs suivantes:<\/p>\n<ul>\n<li>AK11425 \u2013 Field Grey Base #1<\/li>\n<li>AK11426 \u2013 Grey Blue<\/li>\n<li>AK11028 \u2013 Smoke Black<\/li>\n<li>AK11419 Waffen Red Brown<\/li>\n<li>AK11034 \u2013 Medium Sand<\/li>\n<li>AK11429 \u2013 Russian Uniform Lights<\/li>\n<li>AK111424 \u2013 Grey Green<\/li>\n<li>AK11003 \u2013 White Grey<\/li>\n<li>AK11019 \u2013 Graphite<\/li>\n<li>AK11427 \u2013 British Uniform Base<\/li>\n<\/ul>\n<p>&nbsp;<\/p>\n<p>D\u00e9couvrez avec cette <a href=\"https:\/\/youtu.be\/yTPKhVX823Y\">vid\u00e9o<\/a>, comment peindre l&rsquo;uniforme gris de l&rsquo;arm\u00e9e allemande<\/p>\n<p><iframe title=\"\ud835\udddb\ud835\udde2\ud835\uddea \ud835\udde7\ud835\udde2 \ud835\udde3\ud835\uddd4\ud835\udddc\ud835\udde1\ud835\udde7 \ud835\uddda\ud835\uddd8\ud835\udde5\ud835\udde0\ud835\uddd4\ud835\udde1 \ud835\uddd9\ud835\udddc\ud835\uddd8\ud835\udddf\ud835\uddd7 \ud835\uddda\ud835\udde5\ud835\uddd8\ud835\uddec \ud835\udde8\ud835\udde1\ud835\udddc\ud835\uddd9\ud835\udde2\ud835\udde5\ud835\udde0 , \ud835\uddea\ud835\uddea\ud835\udddc\ud835\udddc. | \ud835\uddea\ud835\uddd4\ud835\udde5\ud835\uddda\ud835\uddd4\ud835\udde0\ud835\uddd8\ud835\udde6 | \ud835\uddd9\ud835\udde2\ud835\udde5\ud835\udde7\ud835\udde8\ud835\udde1\ud835\uddd4\ud835\udde7\ud835\uddd8 \ud835\udde6\ud835\udde2\ud835\udde1\ud835\udde6 \ud835\uddd5\ud835\uddec \ud835\uddd8\ud835\uddd7\ud835\udde8\ud835\uddd4\ud835\udde5\ud835\uddd7\ud835\udde2 \ud835\uddd9\ud835\uddd8\ud835\udde5\ud835\udde1\u00c1\ud835\udde1\ud835\uddd7\ud835\uddd8\ud835\udded\" width=\"895\" height=\"503\" src=\"https:\/\/www.youtube.com\/embed\/yTPKhVX823Y?feature=oembed\" frameborder=\"0\" allow=\"accelerometer; autoplay; clipboard-write; encrypted-media; gyroscope; picture-in-picture; web-share\" referrerpolicy=\"strict-origin-when-cross-origin\" allowfullscreen><\/iframe><\/p>\n<p>&nbsp;<\/p>\n<p>&nbsp;<\/p>\n","protected":false},"excerpt":{"rendered":"<p>[fsl-progress-bar]<\/p>\n<p>Set&nbsp; de d\u00e9marrage acrylique AK&nbsp; &nbsp;Soldats allemands WW2<\/p>\n","protected":false},"featured_media":12837,"template":"","meta":{"_monsterinsights_skip_tracking":false,"_monsterinsights_sitenote_active":false,"_monsterinsights_sitenote_note":"","_monsterinsights_sitenote_category":0},"product_brand":[],"product_cat":[143,145,144,169,168,142,148],"product_tag":[],"class_list":{"0":"post-12836","1":"product","2":"type-product","3":"status-publish","4":"has-post-thumbnail","6":"product_cat-guerre-dhiver-1939-1940","7":"product_cat-insurrection-de-varsovie-1944","8":"product_cat-liberation-de-paris-1944","9":"product_cat-peinture","10":"product_cat-peintures-et-pinceaux","11":"product_cat-seconde-guerre-mondiale","12":"product_cat-wehrmacht","15":"first","16":"instock","17":"purchasable","18":"product-type-simple"},"yoast_head":"<!-- This site is optimized with the Yoast SEO plugin v27.4 - https:\/\/yoast.com\/product\/yoast-seo-wordpress\/ -->\n<title>STARTER SET - PANZERGRENADIER WW2 - Des tranch\u00e9es aux barricades<\/title>\n<meta name=\"robots\" content=\"index, follow, max-snippet:-1, max-image-preview:large, max-video-preview:-1\" \/>\n<link rel=\"canonical\" href=\"http:\/\/www.destrancheesauxbarricades.com\/index.php\/product\/starter-set-panzergrenadier-ww2\/\" \/>\n<meta property=\"og:locale\" content=\"fr_FR\" \/>\n<meta property=\"og:type\" content=\"article\" \/>\n<meta property=\"og:title\" content=\"STARTER SET - PANZERGRENADIER WW2 - Des tranch\u00e9es aux barricades\" \/>\n<meta property=\"og:description\" content=\"[fsl-progress-bar]Set&nbsp; de d\u00e9marrage acrylique AK&nbsp; &nbsp;Soldats allemands WW2\" \/>\n<meta property=\"og:url\" content=\"http:\/\/www.destrancheesauxbarricades.com\/index.php\/product\/starter-set-panzergrenadier-ww2\/\" \/>\n<meta property=\"og:site_name\" content=\"Des tranch\u00e9es aux barricades\" \/>\n<meta property=\"article:modified_time\" content=\"2025-11-03T11:20:27+00:00\" \/>\n<meta property=\"og:image\" content=\"http:\/\/www.destrancheesauxbarricades.com\/wp-content\/uploads\/2025\/03\/AK11781_web.jpg\" \/>\n\t<meta property=\"og:image:width\" content=\"800\" \/>\n\t<meta property=\"og:image:height\" content=\"800\" \/>\n\t<meta property=\"og:image:type\" content=\"image\/jpeg\" \/>\n<meta name=\"twitter:card\" content=\"summary_large_image\" \/>\n<meta name=\"twitter:label1\" content=\"Dur\u00e9e de lecture estim\u00e9e\" \/>\n\t<meta name=\"twitter:data1\" content=\"1 minute\" \/>\n<script type=\"application\/ld+json\" class=\"yoast-schema-graph\">{\"@context\":\"https:\\\/\\\/schema.org\",\"@graph\":[{\"@type\":\"WebPage\",\"@id\":\"http:\\\/\\\/www.destrancheesauxbarricades.com\\\/index.php\\\/product\\\/starter-set-panzergrenadier-ww2\\\/\",\"url\":\"http:\\\/\\\/www.destrancheesauxbarricades.com\\\/index.php\\\/product\\\/starter-set-panzergrenadier-ww2\\\/\",\"name\":\"STARTER SET - PANZERGRENADIER WW2 - Des tranch\u00e9es aux barricades\",\"isPartOf\":{\"@id\":\"http:\\\/\\\/www.destrancheesauxbarricades.com\\\/#website\"},\"primaryImageOfPage\":{\"@id\":\"http:\\\/\\\/www.destrancheesauxbarricades.com\\\/index.php\\\/product\\\/starter-set-panzergrenadier-ww2\\\/#primaryimage\"},\"image\":{\"@id\":\"http:\\\/\\\/www.destrancheesauxbarricades.com\\\/index.php\\\/product\\\/starter-set-panzergrenadier-ww2\\\/#primaryimage\"},\"thumbnailUrl\":\"http:\\\/\\\/www.destrancheesauxbarricades.com\\\/wp-content\\\/uploads\\\/2025\\\/03\\\/AK11781_web.jpg\",\"datePublished\":\"2025-03-05T18:38:10+00:00\",\"dateModified\":\"2025-11-03T11:20:27+00:00\",\"breadcrumb\":{\"@id\":\"http:\\\/\\\/www.destrancheesauxbarricades.com\\\/index.php\\\/product\\\/starter-set-panzergrenadier-ww2\\\/#breadcrumb\"},\"inLanguage\":\"fr-FR\",\"potentialAction\":[{\"@type\":\"ReadAction\",\"target\":[\"http:\\\/\\\/www.destrancheesauxbarricades.com\\\/index.php\\\/product\\\/starter-set-panzergrenadier-ww2\\\/\"]}]},{\"@type\":\"ImageObject\",\"inLanguage\":\"fr-FR\",\"@id\":\"http:\\\/\\\/www.destrancheesauxbarricades.com\\\/index.php\\\/product\\\/starter-set-panzergrenadier-ww2\\\/#primaryimage\",\"url\":\"http:\\\/\\\/www.destrancheesauxbarricades.com\\\/wp-content\\\/uploads\\\/2025\\\/03\\\/AK11781_web.jpg\",\"contentUrl\":\"http:\\\/\\\/www.destrancheesauxbarricades.com\\\/wp-content\\\/uploads\\\/2025\\\/03\\\/AK11781_web.jpg\",\"width\":800,\"height\":800},{\"@type\":\"BreadcrumbList\",\"@id\":\"http:\\\/\\\/www.destrancheesauxbarricades.com\\\/index.php\\\/product\\\/starter-set-panzergrenadier-ww2\\\/#breadcrumb\",\"itemListElement\":[{\"@type\":\"ListItem\",\"position\":1,\"name\":\"Accueil\",\"item\":\"http:\\\/\\\/www.destrancheesauxbarricades.com\\\/\"},{\"@type\":\"ListItem\",\"position\":2,\"name\":\"Shop\",\"item\":\"https:\\\/\\\/www.destrancheesauxbarricades.com\\\/index.php\\\/shop\\\/\"},{\"@type\":\"ListItem\",\"position\":3,\"name\":\"STARTER SET &#8211; PANZERGRENADIER WW2\"}]},{\"@type\":\"WebSite\",\"@id\":\"http:\\\/\\\/www.destrancheesauxbarricades.com\\\/#website\",\"url\":\"http:\\\/\\\/www.destrancheesauxbarricades.com\\\/\",\"name\":\"Des tranch\u00e9es aux barricades\",\"description\":\"Jeu d&#039;escarmouches au d\u00e9but du XXe si\u00e8cle\",\"potentialAction\":[{\"@type\":\"SearchAction\",\"target\":{\"@type\":\"EntryPoint\",\"urlTemplate\":\"http:\\\/\\\/www.destrancheesauxbarricades.com\\\/?s={search_term_string}\"},\"query-input\":{\"@type\":\"PropertyValueSpecification\",\"valueRequired\":true,\"valueName\":\"search_term_string\"}}],\"inLanguage\":\"fr-FR\"}]}<\/script>\n<!-- \/ Yoast SEO plugin. -->","yoast_head_json":{"title":"STARTER SET - PANZERGRENADIER WW2 - Des tranch\u00e9es aux barricades","robots":{"index":"index","follow":"follow","max-snippet":"max-snippet:-1","max-image-preview":"max-image-preview:large","max-video-preview":"max-video-preview:-1"},"canonical":"http:\/\/www.destrancheesauxbarricades.com\/index.php\/product\/starter-set-panzergrenadier-ww2\/","og_locale":"fr_FR","og_type":"article","og_title":"STARTER SET - PANZERGRENADIER WW2 - Des tranch\u00e9es aux barricades","og_description":"[fsl-progress-bar]Set&nbsp; de d\u00e9marrage acrylique AK&nbsp; &nbsp;Soldats allemands WW2","og_url":"http:\/\/www.destrancheesauxbarricades.com\/index.php\/product\/starter-set-panzergrenadier-ww2\/","og_site_name":"Des tranch\u00e9es aux barricades","article_modified_time":"2025-11-03T11:20:27+00:00","og_image":[{"width":800,"height":800,"url":"http:\/\/www.destrancheesauxbarricades.com\/wp-content\/uploads\/2025\/03\/AK11781_web.jpg","type":"image\/jpeg"}],"twitter_card":"summary_large_image","twitter_misc":{"Dur\u00e9e de lecture estim\u00e9e":"1 minute"},"schema":{"@context":"https:\/\/schema.org","@graph":[{"@type":"WebPage","@id":"http:\/\/www.destrancheesauxbarricades.com\/index.php\/product\/starter-set-panzergrenadier-ww2\/","url":"http:\/\/www.destrancheesauxbarricades.com\/index.php\/product\/starter-set-panzergrenadier-ww2\/","name":"STARTER SET - PANZERGRENADIER WW2 - Des tranch\u00e9es aux barricades","isPartOf":{"@id":"http:\/\/www.destrancheesauxbarricades.com\/#website"},"primaryImageOfPage":{"@id":"http:\/\/www.destrancheesauxbarricades.com\/index.php\/product\/starter-set-panzergrenadier-ww2\/#primaryimage"},"image":{"@id":"http:\/\/www.destrancheesauxbarricades.com\/index.php\/product\/starter-set-panzergrenadier-ww2\/#primaryimage"},"thumbnailUrl":"http:\/\/www.destrancheesauxbarricades.com\/wp-content\/uploads\/2025\/03\/AK11781_web.jpg","datePublished":"2025-03-05T18:38:10+00:00","dateModified":"2025-11-03T11:20:27+00:00","breadcrumb":{"@id":"http:\/\/www.destrancheesauxbarricades.com\/index.php\/product\/starter-set-panzergrenadier-ww2\/#breadcrumb"},"inLanguage":"fr-FR","potentialAction":[{"@type":"ReadAction","target":["http:\/\/www.destrancheesauxbarricades.com\/index.php\/product\/starter-set-panzergrenadier-ww2\/"]}]},{"@type":"ImageObject","inLanguage":"fr-FR","@id":"http:\/\/www.destrancheesauxbarricades.com\/index.php\/product\/starter-set-panzergrenadier-ww2\/#primaryimage","url":"http:\/\/www.destrancheesauxbarricades.com\/wp-content\/uploads\/2025\/03\/AK11781_web.jpg","contentUrl":"http:\/\/www.destrancheesauxbarricades.com\/wp-content\/uploads\/2025\/03\/AK11781_web.jpg","width":800,"height":800},{"@type":"BreadcrumbList","@id":"http:\/\/www.destrancheesauxbarricades.com\/index.php\/product\/starter-set-panzergrenadier-ww2\/#breadcrumb","itemListElement":[{"@type":"ListItem","position":1,"name":"Accueil","item":"http:\/\/www.destrancheesauxbarricades.com\/"},{"@type":"ListItem","position":2,"name":"Shop","item":"https:\/\/www.destrancheesauxbarricades.com\/index.php\/shop\/"},{"@type":"ListItem","position":3,"name":"STARTER SET &#8211; PANZERGRENADIER WW2"}]},{"@type":"WebSite","@id":"http:\/\/www.destrancheesauxbarricades.com\/#website","url":"http:\/\/www.destrancheesauxbarricades.com\/","name":"Des tranch\u00e9es aux barricades","description":"Jeu d&#039;escarmouches au d\u00e9but du XXe si\u00e8cle","potentialAction":[{"@type":"SearchAction","target":{"@type":"EntryPoint","urlTemplate":"http:\/\/www.destrancheesauxbarricades.com\/?s={search_term_string}"},"query-input":{"@type":"PropertyValueSpecification","valueRequired":true,"valueName":"search_term_string"}}],"inLanguage":"fr-FR"}]}},"jetpack_sharing_enabled":true,"_links":{"self":[{"href":"http:\/\/www.destrancheesauxbarricades.com\/index.php\/wp-json\/wp\/v2\/product\/12836","targetHints":{"allow":["GET"]}}],"collection":[{"href":"http:\/\/www.destrancheesauxbarricades.com\/index.php\/wp-json\/wp\/v2\/product"}],"about":[{"href":"http:\/\/www.destrancheesauxbarricades.com\/index.php\/wp-json\/wp\/v2\/types\/product"}],"version-history":[{"count":2,"href":"http:\/\/www.destrancheesauxbarricades.com\/index.php\/wp-json\/wp\/v2\/product\/12836\/revisions"}],"predecessor-version":[{"id":12870,"href":"http:\/\/www.destrancheesauxbarricades.com\/index.php\/wp-json\/wp\/v2\/product\/12836\/revisions\/12870"}],"wp:featuredmedia":[{"embeddable":true,"href":"http:\/\/www.destrancheesauxbarricades.com\/index.php\/wp-json\/wp\/v2\/media\/12837"}],"wp:attachment":[{"href":"http:\/\/www.destrancheesauxbarricades.com\/index.php\/wp-json\/wp\/v2\/media?parent=12836"}],"wp:term":[{"taxonomy":"product_brand","embeddable":true,"href":"http:\/\/www.destrancheesauxbarricades.com\/index.php\/wp-json\/wp\/v2\/product_brand?post=12836"},{"taxonomy":"product_cat","embeddable":true,"href":"http:\/\/www.destrancheesauxbarricades.com\/index.php\/wp-json\/wp\/v2\/product_cat?post=12836"},{"taxonomy":"product_tag","embeddable":true,"href":"http:\/\/www.destrancheesauxbarricades.com\/index.php\/wp-json\/wp\/v2\/product_tag?post=12836"}],"curies":[{"name":"wp","href":"https:\/\/api.w.org\/{rel}","templated":true}]}}