{"id":12817,"date":"2025-03-04T18:40:22","date_gmt":"2025-03-04T18:40:22","guid":{"rendered":"https:\/\/www.destrancheesauxbarricades.com\/?post_type=product&#038;p=12817"},"modified":"2025-11-03T11:15:10","modified_gmt":"2025-11-03T11:15:10","slug":"uniformes-allemans-ww2-coffret-signature-calvin-tan","status":"publish","type":"product","link":"http:\/\/www.destrancheesauxbarricades.com\/index.php\/product\/uniformes-allemans-ww2-coffret-signature-calvin-tan\/","title":{"rendered":"UNIFORMES ALLEMANS WW2 &#8211; COFFRET SIGNATURE CALVIN TAN"},"content":{"rendered":"<p>Le talentueux <strong>Calvin Tan<\/strong> a s\u00e9lectionn\u00e9 pour vous un ensemble de 18 couleurs vous permettant de peindre toute la gamme des uniformes camoufl\u00e9s ou non des soldats allemands de la Seconde Guerre mondiale.<\/p>\n<p>Fourni avec un guide de peinture!!!<\/p>\n<p>&nbsp;<\/p>\n<p>Le set contient:<\/p>\n<ul>\n<li>AK11411 \u2013 Light green<\/li>\n<li>AK11420 \u2013 Waffen green<\/li>\n<li>AK11424 \u2013 Grey green<\/li>\n<li>AK11429 \u2013 Waffen red brown<\/li>\n<li>AK11118 \u2013 Ochre<\/li>\n<li>AK11409 \u2013 Orange tan<\/li>\n<li>AK11189 \u2013 Dark Prussian Blue<\/li>\n<li>AK11417 \u2013 Waffen brown<\/li>\n<li>AK11425 \u2013 Field grey base #1<\/li>\n<li>AK11412 \u2013 Medium green<\/li>\n<li>AK11115 \u2013 Light earth<\/li>\n<li>AK11036 \u2013 Ice yellow<\/li>\n<li>AK11008 \u2013 Grimy grey<\/li>\n<li>AK11021 \u2013 Basalt grey<\/li>\n<li>AK11027 \u2013 Rubber black<\/li>\n<li>AK11004 \u2013 Ivory<\/li>\n<li>AK11407 \u2013 Black uniform base<\/li>\n<li>AK11414 \u2013 Splitter muster base<\/li>\n<\/ul>\n","protected":false},"excerpt":{"rendered":"<p>[fsl-progress-bar]<\/p>\n<p>Set acrylique AK \u00ab\u00a0Coffret Calvin Tan\u00a0\u00bb Uniformes allemands WW2<\/p>\n","protected":false},"featured_media":12818,"template":"","meta":{"_monsterinsights_skip_tracking":false,"_monsterinsights_sitenote_active":false,"_monsterinsights_sitenote_note":"","_monsterinsights_sitenote_category":0},"product_brand":[],"product_cat":[143,145,144,169,168,142,148],"product_tag":[],"class_list":{"0":"post-12817","1":"product","2":"type-product","3":"status-publish","4":"has-post-thumbnail","6":"product_cat-guerre-dhiver-1939-1940","7":"product_cat-insurrection-de-varsovie-1944","8":"product_cat-liberation-de-paris-1944","9":"product_cat-peinture","10":"product_cat-peintures-et-pinceaux","11":"product_cat-seconde-guerre-mondiale","12":"product_cat-wehrmacht","15":"first","16":"outofstock","17":"purchasable","18":"product-type-simple"},"yoast_head":"<!-- This site is optimized with the Yoast SEO plugin v27.4 - https:\/\/yoast.com\/product\/yoast-seo-wordpress\/ -->\n<title>UNIFORMES ALLEMANS WW2 - COFFRET SIGNATURE CALVIN TAN - Des tranch\u00e9es aux barricades<\/title>\n<meta name=\"robots\" content=\"index, follow, max-snippet:-1, max-image-preview:large, max-video-preview:-1\" \/>\n<link rel=\"canonical\" href=\"http:\/\/www.destrancheesauxbarricades.com\/index.php\/product\/uniformes-allemans-ww2-coffret-signature-calvin-tan\/\" \/>\n<meta property=\"og:locale\" content=\"fr_FR\" \/>\n<meta property=\"og:type\" content=\"article\" \/>\n<meta property=\"og:title\" content=\"UNIFORMES ALLEMANS WW2 - COFFRET SIGNATURE CALVIN TAN - Des tranch\u00e9es aux barricades\" \/>\n<meta property=\"og:description\" content=\"[fsl-progress-bar]  Set acrylique AK &quot;Coffret Calvin Tan&quot; Uniformes allemands WW2\" \/>\n<meta property=\"og:url\" content=\"http:\/\/www.destrancheesauxbarricades.com\/index.php\/product\/uniformes-allemans-ww2-coffret-signature-calvin-tan\/\" \/>\n<meta property=\"og:site_name\" content=\"Des tranch\u00e9es aux barricades\" \/>\n<meta property=\"article:modified_time\" content=\"2025-11-03T11:15:10+00:00\" \/>\n<meta property=\"og:image\" content=\"http:\/\/www.destrancheesauxbarricades.com\/wp-content\/uploads\/2025\/03\/AK11759_web.jpg\" \/>\n\t<meta property=\"og:image:width\" content=\"800\" \/>\n\t<meta property=\"og:image:height\" content=\"800\" \/>\n\t<meta property=\"og:image:type\" content=\"image\/jpeg\" \/>\n<meta name=\"twitter:card\" content=\"summary_large_image\" \/>\n<meta name=\"twitter:label1\" content=\"Dur\u00e9e de lecture estim\u00e9e\" \/>\n\t<meta name=\"twitter:data1\" content=\"1 minute\" \/>\n<script type=\"application\/ld+json\" class=\"yoast-schema-graph\">{\"@context\":\"https:\\\/\\\/schema.org\",\"@graph\":[{\"@type\":\"WebPage\",\"@id\":\"http:\\\/\\\/www.destrancheesauxbarricades.com\\\/index.php\\\/product\\\/uniformes-allemans-ww2-coffret-signature-calvin-tan\\\/\",\"url\":\"http:\\\/\\\/www.destrancheesauxbarricades.com\\\/index.php\\\/product\\\/uniformes-allemans-ww2-coffret-signature-calvin-tan\\\/\",\"name\":\"UNIFORMES ALLEMANS WW2 - COFFRET SIGNATURE CALVIN TAN - Des tranch\u00e9es aux barricades\",\"isPartOf\":{\"@id\":\"http:\\\/\\\/www.destrancheesauxbarricades.com\\\/#website\"},\"primaryImageOfPage\":{\"@id\":\"http:\\\/\\\/www.destrancheesauxbarricades.com\\\/index.php\\\/product\\\/uniformes-allemans-ww2-coffret-signature-calvin-tan\\\/#primaryimage\"},\"image\":{\"@id\":\"http:\\\/\\\/www.destrancheesauxbarricades.com\\\/index.php\\\/product\\\/uniformes-allemans-ww2-coffret-signature-calvin-tan\\\/#primaryimage\"},\"thumbnailUrl\":\"http:\\\/\\\/www.destrancheesauxbarricades.com\\\/wp-content\\\/uploads\\\/2025\\\/03\\\/AK11759_web.jpg\",\"datePublished\":\"2025-03-04T18:40:22+00:00\",\"dateModified\":\"2025-11-03T11:15:10+00:00\",\"breadcrumb\":{\"@id\":\"http:\\\/\\\/www.destrancheesauxbarricades.com\\\/index.php\\\/product\\\/uniformes-allemans-ww2-coffret-signature-calvin-tan\\\/#breadcrumb\"},\"inLanguage\":\"fr-FR\",\"potentialAction\":[{\"@type\":\"ReadAction\",\"target\":[\"http:\\\/\\\/www.destrancheesauxbarricades.com\\\/index.php\\\/product\\\/uniformes-allemans-ww2-coffret-signature-calvin-tan\\\/\"]}]},{\"@type\":\"ImageObject\",\"inLanguage\":\"fr-FR\",\"@id\":\"http:\\\/\\\/www.destrancheesauxbarricades.com\\\/index.php\\\/product\\\/uniformes-allemans-ww2-coffret-signature-calvin-tan\\\/#primaryimage\",\"url\":\"http:\\\/\\\/www.destrancheesauxbarricades.com\\\/wp-content\\\/uploads\\\/2025\\\/03\\\/AK11759_web.jpg\",\"contentUrl\":\"http:\\\/\\\/www.destrancheesauxbarricades.com\\\/wp-content\\\/uploads\\\/2025\\\/03\\\/AK11759_web.jpg\",\"width\":800,\"height\":800},{\"@type\":\"BreadcrumbList\",\"@id\":\"http:\\\/\\\/www.destrancheesauxbarricades.com\\\/index.php\\\/product\\\/uniformes-allemans-ww2-coffret-signature-calvin-tan\\\/#breadcrumb\",\"itemListElement\":[{\"@type\":\"ListItem\",\"position\":1,\"name\":\"Accueil\",\"item\":\"http:\\\/\\\/www.destrancheesauxbarricades.com\\\/\"},{\"@type\":\"ListItem\",\"position\":2,\"name\":\"Shop\",\"item\":\"https:\\\/\\\/www.destrancheesauxbarricades.com\\\/index.php\\\/shop\\\/\"},{\"@type\":\"ListItem\",\"position\":3,\"name\":\"UNIFORMES ALLEMANS WW2 &#8211; COFFRET SIGNATURE CALVIN TAN\"}]},{\"@type\":\"WebSite\",\"@id\":\"http:\\\/\\\/www.destrancheesauxbarricades.com\\\/#website\",\"url\":\"http:\\\/\\\/www.destrancheesauxbarricades.com\\\/\",\"name\":\"Des tranch\u00e9es aux barricades\",\"description\":\"Jeu d&#039;escarmouches au d\u00e9but du XXe si\u00e8cle\",\"potentialAction\":[{\"@type\":\"SearchAction\",\"target\":{\"@type\":\"EntryPoint\",\"urlTemplate\":\"http:\\\/\\\/www.destrancheesauxbarricades.com\\\/?s={search_term_string}\"},\"query-input\":{\"@type\":\"PropertyValueSpecification\",\"valueRequired\":true,\"valueName\":\"search_term_string\"}}],\"inLanguage\":\"fr-FR\"}]}<\/script>\n<!-- \/ Yoast SEO plugin. -->","yoast_head_json":{"title":"UNIFORMES ALLEMANS WW2 - COFFRET SIGNATURE CALVIN TAN - Des tranch\u00e9es aux barricades","robots":{"index":"index","follow":"follow","max-snippet":"max-snippet:-1","max-image-preview":"max-image-preview:large","max-video-preview":"max-video-preview:-1"},"canonical":"http:\/\/www.destrancheesauxbarricades.com\/index.php\/product\/uniformes-allemans-ww2-coffret-signature-calvin-tan\/","og_locale":"fr_FR","og_type":"article","og_title":"UNIFORMES ALLEMANS WW2 - COFFRET SIGNATURE CALVIN TAN - Des tranch\u00e9es aux barricades","og_description":"[fsl-progress-bar]  Set acrylique AK \"Coffret Calvin Tan\" Uniformes allemands WW2","og_url":"http:\/\/www.destrancheesauxbarricades.com\/index.php\/product\/uniformes-allemans-ww2-coffret-signature-calvin-tan\/","og_site_name":"Des tranch\u00e9es aux barricades","article_modified_time":"2025-11-03T11:15:10+00:00","og_image":[{"width":800,"height":800,"url":"http:\/\/www.destrancheesauxbarricades.com\/wp-content\/uploads\/2025\/03\/AK11759_web.jpg","type":"image\/jpeg"}],"twitter_card":"summary_large_image","twitter_misc":{"Dur\u00e9e de lecture estim\u00e9e":"1 minute"},"schema":{"@context":"https:\/\/schema.org","@graph":[{"@type":"WebPage","@id":"http:\/\/www.destrancheesauxbarricades.com\/index.php\/product\/uniformes-allemans-ww2-coffret-signature-calvin-tan\/","url":"http:\/\/www.destrancheesauxbarricades.com\/index.php\/product\/uniformes-allemans-ww2-coffret-signature-calvin-tan\/","name":"UNIFORMES ALLEMANS WW2 - COFFRET SIGNATURE CALVIN TAN - Des tranch\u00e9es aux barricades","isPartOf":{"@id":"http:\/\/www.destrancheesauxbarricades.com\/#website"},"primaryImageOfPage":{"@id":"http:\/\/www.destrancheesauxbarricades.com\/index.php\/product\/uniformes-allemans-ww2-coffret-signature-calvin-tan\/#primaryimage"},"image":{"@id":"http:\/\/www.destrancheesauxbarricades.com\/index.php\/product\/uniformes-allemans-ww2-coffret-signature-calvin-tan\/#primaryimage"},"thumbnailUrl":"http:\/\/www.destrancheesauxbarricades.com\/wp-content\/uploads\/2025\/03\/AK11759_web.jpg","datePublished":"2025-03-04T18:40:22+00:00","dateModified":"2025-11-03T11:15:10+00:00","breadcrumb":{"@id":"http:\/\/www.destrancheesauxbarricades.com\/index.php\/product\/uniformes-allemans-ww2-coffret-signature-calvin-tan\/#breadcrumb"},"inLanguage":"fr-FR","potentialAction":[{"@type":"ReadAction","target":["http:\/\/www.destrancheesauxbarricades.com\/index.php\/product\/uniformes-allemans-ww2-coffret-signature-calvin-tan\/"]}]},{"@type":"ImageObject","inLanguage":"fr-FR","@id":"http:\/\/www.destrancheesauxbarricades.com\/index.php\/product\/uniformes-allemans-ww2-coffret-signature-calvin-tan\/#primaryimage","url":"http:\/\/www.destrancheesauxbarricades.com\/wp-content\/uploads\/2025\/03\/AK11759_web.jpg","contentUrl":"http:\/\/www.destrancheesauxbarricades.com\/wp-content\/uploads\/2025\/03\/AK11759_web.jpg","width":800,"height":800},{"@type":"BreadcrumbList","@id":"http:\/\/www.destrancheesauxbarricades.com\/index.php\/product\/uniformes-allemans-ww2-coffret-signature-calvin-tan\/#breadcrumb","itemListElement":[{"@type":"ListItem","position":1,"name":"Accueil","item":"http:\/\/www.destrancheesauxbarricades.com\/"},{"@type":"ListItem","position":2,"name":"Shop","item":"https:\/\/www.destrancheesauxbarricades.com\/index.php\/shop\/"},{"@type":"ListItem","position":3,"name":"UNIFORMES ALLEMANS WW2 &#8211; COFFRET SIGNATURE CALVIN TAN"}]},{"@type":"WebSite","@id":"http:\/\/www.destrancheesauxbarricades.com\/#website","url":"http:\/\/www.destrancheesauxbarricades.com\/","name":"Des tranch\u00e9es aux barricades","description":"Jeu d&#039;escarmouches au d\u00e9but du XXe si\u00e8cle","potentialAction":[{"@type":"SearchAction","target":{"@type":"EntryPoint","urlTemplate":"http:\/\/www.destrancheesauxbarricades.com\/?s={search_term_string}"},"query-input":{"@type":"PropertyValueSpecification","valueRequired":true,"valueName":"search_term_string"}}],"inLanguage":"fr-FR"}]}},"jetpack_sharing_enabled":true,"_links":{"self":[{"href":"http:\/\/www.destrancheesauxbarricades.com\/index.php\/wp-json\/wp\/v2\/product\/12817","targetHints":{"allow":["GET"]}}],"collection":[{"href":"http:\/\/www.destrancheesauxbarricades.com\/index.php\/wp-json\/wp\/v2\/product"}],"about":[{"href":"http:\/\/www.destrancheesauxbarricades.com\/index.php\/wp-json\/wp\/v2\/types\/product"}],"version-history":[{"count":1,"href":"http:\/\/www.destrancheesauxbarricades.com\/index.php\/wp-json\/wp\/v2\/product\/12817\/revisions"}],"predecessor-version":[{"id":12826,"href":"http:\/\/www.destrancheesauxbarricades.com\/index.php\/wp-json\/wp\/v2\/product\/12817\/revisions\/12826"}],"wp:featuredmedia":[{"embeddable":true,"href":"http:\/\/www.destrancheesauxbarricades.com\/index.php\/wp-json\/wp\/v2\/media\/12818"}],"wp:attachment":[{"href":"http:\/\/www.destrancheesauxbarricades.com\/index.php\/wp-json\/wp\/v2\/media?parent=12817"}],"wp:term":[{"taxonomy":"product_brand","embeddable":true,"href":"http:\/\/www.destrancheesauxbarricades.com\/index.php\/wp-json\/wp\/v2\/product_brand?post=12817"},{"taxonomy":"product_cat","embeddable":true,"href":"http:\/\/www.destrancheesauxbarricades.com\/index.php\/wp-json\/wp\/v2\/product_cat?post=12817"},{"taxonomy":"product_tag","embeddable":true,"href":"http:\/\/www.destrancheesauxbarricades.com\/index.php\/wp-json\/wp\/v2\/product_tag?post=12817"}],"curies":[{"name":"wp","href":"https:\/\/api.w.org\/{rel}","templated":true}]}}