{"id":12557,"date":"2025-01-30T10:26:27","date_gmt":"2025-01-30T10:26:27","guid":{"rendered":"https:\/\/www.destrancheesauxbarricades.com\/?post_type=product&#038;p=12557"},"modified":"2025-11-03T12:10:57","modified_gmt":"2025-11-03T12:10:57","slug":"etat-major-et-supports-sovietiques-1940","status":"publish","type":"product","link":"http:\/\/www.destrancheesauxbarricades.com\/index.php\/product\/etat-major-et-supports-sovietiques-1940\/","title":{"rendered":"Etat Major et supports sovi\u00e9tiques 1940"},"content":{"rendered":"<p>Le set comprend 13 figurines et se compose de :<\/p>\n<p>&#8211; Un officier, un sous officier et un commissaire politique<br \/>\n&#8211; Une infirmi\u00e8re<br \/>\n&#8211; un groupe de t\u00e9l\u00e9phonistes<br \/>\n&#8211;\u00a0 un groupe \u00e9quip\u00e9 d&rsquo;une LMG<br \/>\n&#8211; un groupe de deux snipers<br \/>\n&#8211; une mitrailleuse lourde et ses servants<\/p>\n<p>&nbsp;<\/p>\n<p>Figurines 28 mm en m\u00e9tal, \u00e0 assembler et \u00e0 peindre.<\/p>\n<p>Socles non fournis.<\/p>\n<p>Les figurines\u00a0 sont livr\u00e9es sans emballage sp\u00e9cifique.<\/p>\n<p>Figurines \u00e0 collectionner, n\u00e9cessitant des comp\u00e9tences basiques de mod\u00e9lisme et ne convenant pas aux enfants de moins de 14 ans. Visuels non contractuels.<\/p>\n<p><strong>Figurines sous licence Ares Wargames<\/strong><\/p>\n<p><img decoding=\"async\" class=\"alignnone wp-image-10127 size-thumbnail\" src=\"http:\/\/www.destrancheesauxbarricades.com\/wp-content\/uploads\/2023\/11\/Sans-titre-150x150.jpg\" alt=\"\" width=\"150\" height=\"150\" srcset=\"http:\/\/www.destrancheesauxbarricades.com\/wp-content\/uploads\/2023\/11\/Sans-titre-150x150.jpg 150w, http:\/\/www.destrancheesauxbarricades.com\/wp-content\/uploads\/2023\/11\/Sans-titre-328x328.jpg 328w, http:\/\/www.destrancheesauxbarricades.com\/wp-content\/uploads\/2023\/11\/Sans-titre-100x100.jpg 100w, http:\/\/www.destrancheesauxbarricades.com\/wp-content\/uploads\/2023\/11\/Sans-titre-145x145.jpg 145w, http:\/\/www.destrancheesauxbarricades.com\/wp-content\/uploads\/2023\/11\/Sans-titre-50x50.jpg 50w\" sizes=\"(max-width: 150px) 100vw, 150px\" \/><\/p>\n","protected":false},"excerpt":{"rendered":"<p>[fsl-progress-bar]<\/p>\n<p>Un \u00e9tat major sovi\u00e9tique d\u00e9but de guerre complet avec en soutien, deux snipers, une LMG et une mitrailleuse<\/p>\n","protected":false},"featured_media":12558,"template":"","meta":{"_monsterinsights_skip_tracking":false,"_monsterinsights_sitenote_active":false,"_monsterinsights_sitenote_note":"","_monsterinsights_sitenote_category":0},"product_brand":[],"product_cat":[150,147,142],"product_tag":[],"class_list":{"0":"post-12557","1":"product","2":"type-product","3":"status-publish","4":"has-post-thumbnail","6":"product_cat-ares-wargames","7":"product_cat-armee-rouge","8":"product_cat-seconde-guerre-mondiale","11":"first","12":"instock","13":"purchasable","14":"product-type-simple"},"yoast_head":"<!-- This site is optimized with the Yoast SEO plugin v27.5 - https:\/\/yoast.com\/product\/yoast-seo-wordpress\/ -->\n<title>Etat Major et supports sovi\u00e9tiques 1940 - Des tranch\u00e9es aux barricades<\/title>\n<meta name=\"robots\" content=\"index, follow, max-snippet:-1, max-image-preview:large, max-video-preview:-1\" \/>\n<link rel=\"canonical\" href=\"http:\/\/www.destrancheesauxbarricades.com\/index.php\/product\/etat-major-et-supports-sovietiques-1940\/\" \/>\n<meta property=\"og:locale\" content=\"fr_FR\" \/>\n<meta property=\"og:type\" content=\"article\" \/>\n<meta property=\"og:title\" content=\"Etat Major et supports sovi\u00e9tiques 1940 - Des tranch\u00e9es aux barricades\" \/>\n<meta property=\"og:description\" content=\"[fsl-progress-bar]  Un \u00e9tat major sovi\u00e9tique d\u00e9but de guerre complet avec en soutien, deux snipers, une LMG et une mitrailleuse\" \/>\n<meta property=\"og:url\" content=\"http:\/\/www.destrancheesauxbarricades.com\/index.php\/product\/etat-major-et-supports-sovietiques-1940\/\" \/>\n<meta property=\"og:site_name\" content=\"Des tranch\u00e9es aux barricades\" \/>\n<meta property=\"article:modified_time\" content=\"2025-11-03T12:10:57+00:00\" \/>\n<meta property=\"og:image\" content=\"http:\/\/www.destrancheesauxbarricades.com\/wp-content\/uploads\/2025\/01\/WhatsApp-Image-2025-01-28-a-21.02.32_a93d020f.jpg\" \/>\n\t<meta property=\"og:image:width\" content=\"1280\" \/>\n\t<meta property=\"og:image:height\" content=\"701\" \/>\n\t<meta property=\"og:image:type\" content=\"image\/jpeg\" \/>\n<meta name=\"twitter:card\" content=\"summary_large_image\" \/>\n<meta name=\"twitter:label1\" content=\"Dur\u00e9e de lecture estim\u00e9e\" \/>\n\t<meta name=\"twitter:data1\" content=\"1 minute\" \/>\n<script type=\"application\/ld+json\" class=\"yoast-schema-graph\">{\"@context\":\"https:\\\/\\\/schema.org\",\"@graph\":[{\"@type\":\"WebPage\",\"@id\":\"http:\\\/\\\/www.destrancheesauxbarricades.com\\\/index.php\\\/product\\\/etat-major-et-supports-sovietiques-1940\\\/\",\"url\":\"http:\\\/\\\/www.destrancheesauxbarricades.com\\\/index.php\\\/product\\\/etat-major-et-supports-sovietiques-1940\\\/\",\"name\":\"Etat Major et supports sovi\u00e9tiques 1940 - Des tranch\u00e9es aux barricades\",\"isPartOf\":{\"@id\":\"http:\\\/\\\/www.destrancheesauxbarricades.com\\\/#website\"},\"primaryImageOfPage\":{\"@id\":\"http:\\\/\\\/www.destrancheesauxbarricades.com\\\/index.php\\\/product\\\/etat-major-et-supports-sovietiques-1940\\\/#primaryimage\"},\"image\":{\"@id\":\"http:\\\/\\\/www.destrancheesauxbarricades.com\\\/index.php\\\/product\\\/etat-major-et-supports-sovietiques-1940\\\/#primaryimage\"},\"thumbnailUrl\":\"http:\\\/\\\/www.destrancheesauxbarricades.com\\\/wp-content\\\/uploads\\\/2025\\\/01\\\/WhatsApp-Image-2025-01-28-a-21.02.32_a93d020f.jpg\",\"datePublished\":\"2025-01-30T10:26:27+00:00\",\"dateModified\":\"2025-11-03T12:10:57+00:00\",\"breadcrumb\":{\"@id\":\"http:\\\/\\\/www.destrancheesauxbarricades.com\\\/index.php\\\/product\\\/etat-major-et-supports-sovietiques-1940\\\/#breadcrumb\"},\"inLanguage\":\"fr-FR\",\"potentialAction\":[{\"@type\":\"ReadAction\",\"target\":[\"http:\\\/\\\/www.destrancheesauxbarricades.com\\\/index.php\\\/product\\\/etat-major-et-supports-sovietiques-1940\\\/\"]}]},{\"@type\":\"ImageObject\",\"inLanguage\":\"fr-FR\",\"@id\":\"http:\\\/\\\/www.destrancheesauxbarricades.com\\\/index.php\\\/product\\\/etat-major-et-supports-sovietiques-1940\\\/#primaryimage\",\"url\":\"http:\\\/\\\/www.destrancheesauxbarricades.com\\\/wp-content\\\/uploads\\\/2025\\\/01\\\/WhatsApp-Image-2025-01-28-a-21.02.32_a93d020f.jpg\",\"contentUrl\":\"http:\\\/\\\/www.destrancheesauxbarricades.com\\\/wp-content\\\/uploads\\\/2025\\\/01\\\/WhatsApp-Image-2025-01-28-a-21.02.32_a93d020f.jpg\",\"width\":1280,\"height\":701},{\"@type\":\"BreadcrumbList\",\"@id\":\"http:\\\/\\\/www.destrancheesauxbarricades.com\\\/index.php\\\/product\\\/etat-major-et-supports-sovietiques-1940\\\/#breadcrumb\",\"itemListElement\":[{\"@type\":\"ListItem\",\"position\":1,\"name\":\"Accueil\",\"item\":\"http:\\\/\\\/www.destrancheesauxbarricades.com\\\/\"},{\"@type\":\"ListItem\",\"position\":2,\"name\":\"Shop\",\"item\":\"https:\\\/\\\/www.destrancheesauxbarricades.com\\\/index.php\\\/shop\\\/\"},{\"@type\":\"ListItem\",\"position\":3,\"name\":\"Etat Major et supports sovi\u00e9tiques 1940\"}]},{\"@type\":\"WebSite\",\"@id\":\"http:\\\/\\\/www.destrancheesauxbarricades.com\\\/#website\",\"url\":\"http:\\\/\\\/www.destrancheesauxbarricades.com\\\/\",\"name\":\"Des tranch\u00e9es aux barricades\",\"description\":\"Jeu d&#039;escarmouches au d\u00e9but du XXe si\u00e8cle\",\"potentialAction\":[{\"@type\":\"SearchAction\",\"target\":{\"@type\":\"EntryPoint\",\"urlTemplate\":\"http:\\\/\\\/www.destrancheesauxbarricades.com\\\/?s={search_term_string}\"},\"query-input\":{\"@type\":\"PropertyValueSpecification\",\"valueRequired\":true,\"valueName\":\"search_term_string\"}}],\"inLanguage\":\"fr-FR\"}]}<\/script>\n<!-- \/ Yoast SEO plugin. -->","yoast_head_json":{"title":"Etat Major et supports sovi\u00e9tiques 1940 - Des tranch\u00e9es aux barricades","robots":{"index":"index","follow":"follow","max-snippet":"max-snippet:-1","max-image-preview":"max-image-preview:large","max-video-preview":"max-video-preview:-1"},"canonical":"http:\/\/www.destrancheesauxbarricades.com\/index.php\/product\/etat-major-et-supports-sovietiques-1940\/","og_locale":"fr_FR","og_type":"article","og_title":"Etat Major et supports sovi\u00e9tiques 1940 - Des tranch\u00e9es aux barricades","og_description":"[fsl-progress-bar]  Un \u00e9tat major sovi\u00e9tique d\u00e9but de guerre complet avec en soutien, deux snipers, une LMG et une mitrailleuse","og_url":"http:\/\/www.destrancheesauxbarricades.com\/index.php\/product\/etat-major-et-supports-sovietiques-1940\/","og_site_name":"Des tranch\u00e9es aux barricades","article_modified_time":"2025-11-03T12:10:57+00:00","og_image":[{"width":1280,"height":701,"url":"http:\/\/www.destrancheesauxbarricades.com\/wp-content\/uploads\/2025\/01\/WhatsApp-Image-2025-01-28-a-21.02.32_a93d020f.jpg","type":"image\/jpeg"}],"twitter_card":"summary_large_image","twitter_misc":{"Dur\u00e9e de lecture estim\u00e9e":"1 minute"},"schema":{"@context":"https:\/\/schema.org","@graph":[{"@type":"WebPage","@id":"http:\/\/www.destrancheesauxbarricades.com\/index.php\/product\/etat-major-et-supports-sovietiques-1940\/","url":"http:\/\/www.destrancheesauxbarricades.com\/index.php\/product\/etat-major-et-supports-sovietiques-1940\/","name":"Etat Major et supports sovi\u00e9tiques 1940 - Des tranch\u00e9es aux barricades","isPartOf":{"@id":"http:\/\/www.destrancheesauxbarricades.com\/#website"},"primaryImageOfPage":{"@id":"http:\/\/www.destrancheesauxbarricades.com\/index.php\/product\/etat-major-et-supports-sovietiques-1940\/#primaryimage"},"image":{"@id":"http:\/\/www.destrancheesauxbarricades.com\/index.php\/product\/etat-major-et-supports-sovietiques-1940\/#primaryimage"},"thumbnailUrl":"http:\/\/www.destrancheesauxbarricades.com\/wp-content\/uploads\/2025\/01\/WhatsApp-Image-2025-01-28-a-21.02.32_a93d020f.jpg","datePublished":"2025-01-30T10:26:27+00:00","dateModified":"2025-11-03T12:10:57+00:00","breadcrumb":{"@id":"http:\/\/www.destrancheesauxbarricades.com\/index.php\/product\/etat-major-et-supports-sovietiques-1940\/#breadcrumb"},"inLanguage":"fr-FR","potentialAction":[{"@type":"ReadAction","target":["http:\/\/www.destrancheesauxbarricades.com\/index.php\/product\/etat-major-et-supports-sovietiques-1940\/"]}]},{"@type":"ImageObject","inLanguage":"fr-FR","@id":"http:\/\/www.destrancheesauxbarricades.com\/index.php\/product\/etat-major-et-supports-sovietiques-1940\/#primaryimage","url":"http:\/\/www.destrancheesauxbarricades.com\/wp-content\/uploads\/2025\/01\/WhatsApp-Image-2025-01-28-a-21.02.32_a93d020f.jpg","contentUrl":"http:\/\/www.destrancheesauxbarricades.com\/wp-content\/uploads\/2025\/01\/WhatsApp-Image-2025-01-28-a-21.02.32_a93d020f.jpg","width":1280,"height":701},{"@type":"BreadcrumbList","@id":"http:\/\/www.destrancheesauxbarricades.com\/index.php\/product\/etat-major-et-supports-sovietiques-1940\/#breadcrumb","itemListElement":[{"@type":"ListItem","position":1,"name":"Accueil","item":"http:\/\/www.destrancheesauxbarricades.com\/"},{"@type":"ListItem","position":2,"name":"Shop","item":"https:\/\/www.destrancheesauxbarricades.com\/index.php\/shop\/"},{"@type":"ListItem","position":3,"name":"Etat Major et supports sovi\u00e9tiques 1940"}]},{"@type":"WebSite","@id":"http:\/\/www.destrancheesauxbarricades.com\/#website","url":"http:\/\/www.destrancheesauxbarricades.com\/","name":"Des tranch\u00e9es aux barricades","description":"Jeu d&#039;escarmouches au d\u00e9but du XXe si\u00e8cle","potentialAction":[{"@type":"SearchAction","target":{"@type":"EntryPoint","urlTemplate":"http:\/\/www.destrancheesauxbarricades.com\/?s={search_term_string}"},"query-input":{"@type":"PropertyValueSpecification","valueRequired":true,"valueName":"search_term_string"}}],"inLanguage":"fr-FR"}]}},"jetpack_sharing_enabled":true,"_links":{"self":[{"href":"http:\/\/www.destrancheesauxbarricades.com\/index.php\/wp-json\/wp\/v2\/product\/12557","targetHints":{"allow":["GET"]}}],"collection":[{"href":"http:\/\/www.destrancheesauxbarricades.com\/index.php\/wp-json\/wp\/v2\/product"}],"about":[{"href":"http:\/\/www.destrancheesauxbarricades.com\/index.php\/wp-json\/wp\/v2\/types\/product"}],"version-history":[{"count":2,"href":"http:\/\/www.destrancheesauxbarricades.com\/index.php\/wp-json\/wp\/v2\/product\/12557\/revisions"}],"predecessor-version":[{"id":12562,"href":"http:\/\/www.destrancheesauxbarricades.com\/index.php\/wp-json\/wp\/v2\/product\/12557\/revisions\/12562"}],"wp:featuredmedia":[{"embeddable":true,"href":"http:\/\/www.destrancheesauxbarricades.com\/index.php\/wp-json\/wp\/v2\/media\/12558"}],"wp:attachment":[{"href":"http:\/\/www.destrancheesauxbarricades.com\/index.php\/wp-json\/wp\/v2\/media?parent=12557"}],"wp:term":[{"taxonomy":"product_brand","embeddable":true,"href":"http:\/\/www.destrancheesauxbarricades.com\/index.php\/wp-json\/wp\/v2\/product_brand?post=12557"},{"taxonomy":"product_cat","embeddable":true,"href":"http:\/\/www.destrancheesauxbarricades.com\/index.php\/wp-json\/wp\/v2\/product_cat?post=12557"},{"taxonomy":"product_tag","embeddable":true,"href":"http:\/\/www.destrancheesauxbarricades.com\/index.php\/wp-json\/wp\/v2\/product_tag?post=12557"}],"curies":[{"name":"wp","href":"https:\/\/api.w.org\/{rel}","templated":true}]}}