{"id":11685,"date":"2024-10-29T18:19:32","date_gmt":"2024-10-29T18:19:32","guid":{"rendered":"https:\/\/www.destrancheesauxbarricades.com\/?post_type=product&#038;p=11685"},"modified":"2025-12-31T00:00:06","modified_gmt":"2025-12-31T00:00:06","slug":"infanterie-allemande-1916-1918-copie","status":"publish","type":"product","link":"http:\/\/www.destrancheesauxbarricades.com\/index.php\/product\/infanterie-allemande-1916-1918-copie\/","title":{"rendered":"Infanterie britannique 1916-1918"},"content":{"rendered":"<p>Ce set vous permet d&rsquo;assembler\u00a0 jusqu&rsquo;\u00e0 30 fantassins britanniques \u00e9quip\u00e9s pour la Premi\u00e8re Guerre mondiale et la p\u00e9riode \u00ab\u00a0interwar\u00a0\u00bb<\/p>\n<div>Une vari\u00e9t\u00e9 de chapeaux et de casques vous permet de mod\u00e9liser des soldats dans les tranch\u00e9es, dans les sables d&rsquo;Arabie, au d\u00e9but de la guerre et des officiers, ainsi que des masques \u00e0 gaz. Les fusils Lee Enfield, les pistolets Webley, les fusils-mitrailleurs Lewis, les grenades et les gourdins de tranch\u00e9e vous offrent un large choix d&rsquo;armes.<\/div>\n<div><\/div>\n<div>Que Dieu sauve le roi et prot\u00e8ge l&#8217;empire !<\/div>\n<p>&nbsp;<\/p>\n<p>Sculpture : Gia Huy<br \/>\nIllustration : Peter Dennis<br \/>\nPeinture figurative : Matthew Leahy<br \/>\nRecherche : Wayne Peter Bollands<\/p>\n<p>Fabriqu\u00e9 aux Etats-Unis par Wargames Atlantic<\/p>\n<p>Figurines en plastique dur, \u00e0 collectionner, n\u00e9cessitant des comp\u00e9tences basiques de mod\u00e9lisme et ne convenant pas aux enfants de moins de 14 ans.\u00a0 Les socles ne sont pas inclus. Visuels non contractuels.<\/p>\n<p>&nbsp;<\/p>\n<p>Big Gerry de On Table Top propose une vid\u00e9o compl\u00e8te ainsi que des id\u00e9es de construction et trucs et astuces pour ce set :<\/p>\n<p><iframe title=\"Unboxing: World War 1 British Infantry | Wargames Atlantic\" width=\"895\" height=\"503\" src=\"https:\/\/www.youtube.com\/embed\/Te9Vr04IUYA?feature=oembed\" frameborder=\"0\" allow=\"accelerometer; autoplay; clipboard-write; encrypted-media; gyroscope; picture-in-picture; web-share\" referrerpolicy=\"strict-origin-when-cross-origin\" allowfullscreen><\/iframe><\/p>\n","protected":false},"excerpt":{"rendered":"<p>[fsl-progress-bar]<\/p>\n<p>3o fantassins britanniques\u00a0 WW1 en plastique\u00a0 \u00e0 assembler<\/p>\n","protected":false},"featured_media":11686,"template":"","meta":{"_monsterinsights_skip_tracking":false,"_monsterinsights_sitenote_active":false,"_monsterinsights_sitenote_note":"","_monsterinsights_sitenote_category":0},"product_brand":[],"product_cat":[137,158],"product_tag":[],"class_list":{"0":"post-11685","1":"product","2":"type-product","3":"status-publish","4":"has-post-thumbnail","6":"product_cat-premiere-guerre-mondiale","7":"product_cat-wargames-atlantic","10":"first","11":"instock","12":"purchasable","13":"product-type-simple"},"yoast_head":"<!-- This site is optimized with the Yoast SEO plugin v27.4 - https:\/\/yoast.com\/product\/yoast-seo-wordpress\/ -->\n<title>Infanterie britannique 1916-1918 - Des tranch\u00e9es aux barricades<\/title>\n<meta name=\"robots\" content=\"index, follow, max-snippet:-1, max-image-preview:large, max-video-preview:-1\" \/>\n<link rel=\"canonical\" href=\"http:\/\/www.destrancheesauxbarricades.com\/index.php\/product\/infanterie-allemande-1916-1918-copie\/\" \/>\n<meta property=\"og:locale\" content=\"fr_FR\" \/>\n<meta property=\"og:type\" content=\"article\" \/>\n<meta property=\"og:title\" content=\"Infanterie britannique 1916-1918 - Des tranch\u00e9es aux barricades\" \/>\n<meta property=\"og:description\" content=\"[fsl-progress-bar]  3o fantassins britanniques\u00a0 WW1 en plastique\u00a0 \u00e0 assembler\" \/>\n<meta property=\"og:url\" content=\"http:\/\/www.destrancheesauxbarricades.com\/index.php\/product\/infanterie-allemande-1916-1918-copie\/\" \/>\n<meta property=\"og:site_name\" content=\"Des tranch\u00e9es aux barricades\" \/>\n<meta property=\"article:modified_time\" content=\"2025-12-31T00:00:06+00:00\" \/>\n<meta property=\"og:image\" content=\"http:\/\/www.destrancheesauxbarricades.com\/wp-content\/uploads\/2024\/10\/WW1BritishBoxLarge_2048x1418.webp\" \/>\n\t<meta property=\"og:image:width\" content=\"2048\" \/>\n\t<meta property=\"og:image:height\" content=\"1418\" \/>\n\t<meta property=\"og:image:type\" content=\"image\/webp\" \/>\n<meta name=\"twitter:card\" content=\"summary_large_image\" \/>\n<meta name=\"twitter:label1\" content=\"Dur\u00e9e de lecture estim\u00e9e\" \/>\n\t<meta name=\"twitter:data1\" content=\"2 minutes\" \/>\n<script type=\"application\/ld+json\" class=\"yoast-schema-graph\">{\"@context\":\"https:\\\/\\\/schema.org\",\"@graph\":[{\"@type\":\"WebPage\",\"@id\":\"http:\\\/\\\/www.destrancheesauxbarricades.com\\\/index.php\\\/product\\\/infanterie-allemande-1916-1918-copie\\\/\",\"url\":\"http:\\\/\\\/www.destrancheesauxbarricades.com\\\/index.php\\\/product\\\/infanterie-allemande-1916-1918-copie\\\/\",\"name\":\"Infanterie britannique 1916-1918 - Des tranch\u00e9es aux barricades\",\"isPartOf\":{\"@id\":\"http:\\\/\\\/www.destrancheesauxbarricades.com\\\/#website\"},\"primaryImageOfPage\":{\"@id\":\"http:\\\/\\\/www.destrancheesauxbarricades.com\\\/index.php\\\/product\\\/infanterie-allemande-1916-1918-copie\\\/#primaryimage\"},\"image\":{\"@id\":\"http:\\\/\\\/www.destrancheesauxbarricades.com\\\/index.php\\\/product\\\/infanterie-allemande-1916-1918-copie\\\/#primaryimage\"},\"thumbnailUrl\":\"http:\\\/\\\/www.destrancheesauxbarricades.com\\\/wp-content\\\/uploads\\\/2024\\\/10\\\/WW1BritishBoxLarge_2048x1418.webp\",\"datePublished\":\"2024-10-29T18:19:32+00:00\",\"dateModified\":\"2025-12-31T00:00:06+00:00\",\"breadcrumb\":{\"@id\":\"http:\\\/\\\/www.destrancheesauxbarricades.com\\\/index.php\\\/product\\\/infanterie-allemande-1916-1918-copie\\\/#breadcrumb\"},\"inLanguage\":\"fr-FR\",\"potentialAction\":[{\"@type\":\"ReadAction\",\"target\":[\"http:\\\/\\\/www.destrancheesauxbarricades.com\\\/index.php\\\/product\\\/infanterie-allemande-1916-1918-copie\\\/\"]}]},{\"@type\":\"ImageObject\",\"inLanguage\":\"fr-FR\",\"@id\":\"http:\\\/\\\/www.destrancheesauxbarricades.com\\\/index.php\\\/product\\\/infanterie-allemande-1916-1918-copie\\\/#primaryimage\",\"url\":\"http:\\\/\\\/www.destrancheesauxbarricades.com\\\/wp-content\\\/uploads\\\/2024\\\/10\\\/WW1BritishBoxLarge_2048x1418.webp\",\"contentUrl\":\"http:\\\/\\\/www.destrancheesauxbarricades.com\\\/wp-content\\\/uploads\\\/2024\\\/10\\\/WW1BritishBoxLarge_2048x1418.webp\",\"width\":2048,\"height\":1418},{\"@type\":\"BreadcrumbList\",\"@id\":\"http:\\\/\\\/www.destrancheesauxbarricades.com\\\/index.php\\\/product\\\/infanterie-allemande-1916-1918-copie\\\/#breadcrumb\",\"itemListElement\":[{\"@type\":\"ListItem\",\"position\":1,\"name\":\"Accueil\",\"item\":\"http:\\\/\\\/www.destrancheesauxbarricades.com\\\/\"},{\"@type\":\"ListItem\",\"position\":2,\"name\":\"Shop\",\"item\":\"http:\\\/\\\/www.destrancheesauxbarricades.com\\\/index.php\\\/shop\\\/\"},{\"@type\":\"ListItem\",\"position\":3,\"name\":\"Infanterie britannique 1916-1918\"}]},{\"@type\":\"WebSite\",\"@id\":\"http:\\\/\\\/www.destrancheesauxbarricades.com\\\/#website\",\"url\":\"http:\\\/\\\/www.destrancheesauxbarricades.com\\\/\",\"name\":\"Des tranch\u00e9es aux barricades\",\"description\":\"Jeu d&#039;escarmouches au d\u00e9but du XXe si\u00e8cle\",\"potentialAction\":[{\"@type\":\"SearchAction\",\"target\":{\"@type\":\"EntryPoint\",\"urlTemplate\":\"http:\\\/\\\/www.destrancheesauxbarricades.com\\\/?s={search_term_string}\"},\"query-input\":{\"@type\":\"PropertyValueSpecification\",\"valueRequired\":true,\"valueName\":\"search_term_string\"}}],\"inLanguage\":\"fr-FR\"}]}<\/script>\n<!-- \/ Yoast SEO plugin. -->","yoast_head_json":{"title":"Infanterie britannique 1916-1918 - Des tranch\u00e9es aux barricades","robots":{"index":"index","follow":"follow","max-snippet":"max-snippet:-1","max-image-preview":"max-image-preview:large","max-video-preview":"max-video-preview:-1"},"canonical":"http:\/\/www.destrancheesauxbarricades.com\/index.php\/product\/infanterie-allemande-1916-1918-copie\/","og_locale":"fr_FR","og_type":"article","og_title":"Infanterie britannique 1916-1918 - Des tranch\u00e9es aux barricades","og_description":"[fsl-progress-bar]  3o fantassins britanniques\u00a0 WW1 en plastique\u00a0 \u00e0 assembler","og_url":"http:\/\/www.destrancheesauxbarricades.com\/index.php\/product\/infanterie-allemande-1916-1918-copie\/","og_site_name":"Des tranch\u00e9es aux barricades","article_modified_time":"2025-12-31T00:00:06+00:00","og_image":[{"width":2048,"height":1418,"url":"http:\/\/www.destrancheesauxbarricades.com\/wp-content\/uploads\/2024\/10\/WW1BritishBoxLarge_2048x1418.webp","type":"image\/webp"}],"twitter_card":"summary_large_image","twitter_misc":{"Dur\u00e9e de lecture estim\u00e9e":"2 minutes"},"schema":{"@context":"https:\/\/schema.org","@graph":[{"@type":"WebPage","@id":"http:\/\/www.destrancheesauxbarricades.com\/index.php\/product\/infanterie-allemande-1916-1918-copie\/","url":"http:\/\/www.destrancheesauxbarricades.com\/index.php\/product\/infanterie-allemande-1916-1918-copie\/","name":"Infanterie britannique 1916-1918 - Des tranch\u00e9es aux barricades","isPartOf":{"@id":"http:\/\/www.destrancheesauxbarricades.com\/#website"},"primaryImageOfPage":{"@id":"http:\/\/www.destrancheesauxbarricades.com\/index.php\/product\/infanterie-allemande-1916-1918-copie\/#primaryimage"},"image":{"@id":"http:\/\/www.destrancheesauxbarricades.com\/index.php\/product\/infanterie-allemande-1916-1918-copie\/#primaryimage"},"thumbnailUrl":"http:\/\/www.destrancheesauxbarricades.com\/wp-content\/uploads\/2024\/10\/WW1BritishBoxLarge_2048x1418.webp","datePublished":"2024-10-29T18:19:32+00:00","dateModified":"2025-12-31T00:00:06+00:00","breadcrumb":{"@id":"http:\/\/www.destrancheesauxbarricades.com\/index.php\/product\/infanterie-allemande-1916-1918-copie\/#breadcrumb"},"inLanguage":"fr-FR","potentialAction":[{"@type":"ReadAction","target":["http:\/\/www.destrancheesauxbarricades.com\/index.php\/product\/infanterie-allemande-1916-1918-copie\/"]}]},{"@type":"ImageObject","inLanguage":"fr-FR","@id":"http:\/\/www.destrancheesauxbarricades.com\/index.php\/product\/infanterie-allemande-1916-1918-copie\/#primaryimage","url":"http:\/\/www.destrancheesauxbarricades.com\/wp-content\/uploads\/2024\/10\/WW1BritishBoxLarge_2048x1418.webp","contentUrl":"http:\/\/www.destrancheesauxbarricades.com\/wp-content\/uploads\/2024\/10\/WW1BritishBoxLarge_2048x1418.webp","width":2048,"height":1418},{"@type":"BreadcrumbList","@id":"http:\/\/www.destrancheesauxbarricades.com\/index.php\/product\/infanterie-allemande-1916-1918-copie\/#breadcrumb","itemListElement":[{"@type":"ListItem","position":1,"name":"Accueil","item":"http:\/\/www.destrancheesauxbarricades.com\/"},{"@type":"ListItem","position":2,"name":"Shop","item":"http:\/\/www.destrancheesauxbarricades.com\/index.php\/shop\/"},{"@type":"ListItem","position":3,"name":"Infanterie britannique 1916-1918"}]},{"@type":"WebSite","@id":"http:\/\/www.destrancheesauxbarricades.com\/#website","url":"http:\/\/www.destrancheesauxbarricades.com\/","name":"Des tranch\u00e9es aux barricades","description":"Jeu d&#039;escarmouches au d\u00e9but du XXe si\u00e8cle","potentialAction":[{"@type":"SearchAction","target":{"@type":"EntryPoint","urlTemplate":"http:\/\/www.destrancheesauxbarricades.com\/?s={search_term_string}"},"query-input":{"@type":"PropertyValueSpecification","valueRequired":true,"valueName":"search_term_string"}}],"inLanguage":"fr-FR"}]}},"jetpack_sharing_enabled":true,"_links":{"self":[{"href":"http:\/\/www.destrancheesauxbarricades.com\/index.php\/wp-json\/wp\/v2\/product\/11685","targetHints":{"allow":["GET"]}}],"collection":[{"href":"http:\/\/www.destrancheesauxbarricades.com\/index.php\/wp-json\/wp\/v2\/product"}],"about":[{"href":"http:\/\/www.destrancheesauxbarricades.com\/index.php\/wp-json\/wp\/v2\/types\/product"}],"version-history":[{"count":1,"href":"http:\/\/www.destrancheesauxbarricades.com\/index.php\/wp-json\/wp\/v2\/product\/11685\/revisions"}],"predecessor-version":[{"id":13506,"href":"http:\/\/www.destrancheesauxbarricades.com\/index.php\/wp-json\/wp\/v2\/product\/11685\/revisions\/13506"}],"wp:featuredmedia":[{"embeddable":true,"href":"http:\/\/www.destrancheesauxbarricades.com\/index.php\/wp-json\/wp\/v2\/media\/11686"}],"wp:attachment":[{"href":"http:\/\/www.destrancheesauxbarricades.com\/index.php\/wp-json\/wp\/v2\/media?parent=11685"}],"wp:term":[{"taxonomy":"product_brand","embeddable":true,"href":"http:\/\/www.destrancheesauxbarricades.com\/index.php\/wp-json\/wp\/v2\/product_brand?post=11685"},{"taxonomy":"product_cat","embeddable":true,"href":"http:\/\/www.destrancheesauxbarricades.com\/index.php\/wp-json\/wp\/v2\/product_cat?post=11685"},{"taxonomy":"product_tag","embeddable":true,"href":"http:\/\/www.destrancheesauxbarricades.com\/index.php\/wp-json\/wp\/v2\/product_tag?post=11685"}],"curies":[{"name":"wp","href":"https:\/\/api.w.org\/{rel}","templated":true}]}}