{"id":11653,"date":"2024-10-29T17:21:20","date_gmt":"2024-10-29T17:21:20","guid":{"rendered":"https:\/\/www.destrancheesauxbarricades.com\/?post_type=product&#038;p=11653"},"modified":"2025-12-31T00:00:06","modified_gmt":"2025-12-31T00:00:06","slug":"boxers-chinois-1899-1920","status":"publish","type":"product","link":"http:\/\/www.destrancheesauxbarricades.com\/index.php\/product\/boxers-chinois-1899-1920\/","title":{"rendered":"Boxers chinois 1899-1920"},"content":{"rendered":"<p>La boite permet d&rsquo;assembler jusqu&rsquo;\u00e0 30 guerriers avec des options pour cr\u00e9er les c\u00e9l\u00e8bres Tigermen du Kansu (Gansu). Cette bo\u00eete peut \u00e9galement \u00eatre utilis\u00e9e pour d&rsquo;autres p\u00e9riodes comme les guerres de l&rsquo;opium, la r\u00e9bellion des Taiping, la premi\u00e8re guerre sino-japonaise et jusqu&rsquo;au XXe si\u00e8cle.<\/p>\n<p>&nbsp;<\/p>\n<p>Chine 1899. Un mouvement populiste secr\u00e8tement soutenu par l&rsquo;imp\u00e9ratrice douairi\u00e8re, se soul\u00e8ve pour expulser tous les \u00e9trangers du sol chinois. Appel\u00e9s les Yihequan (Poings de l&rsquo;harmonie et de la justice), mais \u00ab Boxeurs \u00bb par les \u00e9trangers parce que leurs membres pratiquaient les arts martiaux, le groupe attaquait \u00e0 la fois les r\u00e9sidents \u00e9trangers de Chine et les Chinois convertis au christianisme.<\/p>\n<p>Le soul\u00e8vement a culmin\u00e9 avec le si\u00e8ge de P\u00e9kin (Beijing) avec les petites forces des l\u00e9gations \u00e9trang\u00e8res encercl\u00e9es et assi\u00e9g\u00e9es. Une colonne de secours a \u00e9t\u00e9 rapidement rassembl\u00e9e par l&rsquo;Alliance des huit nations compos\u00e9e de la Grande-Bretagne, de la France, de l&rsquo;Allemagne, du Japon, de la Russie, de l&rsquo;Autriche-Hongrie, de l&rsquo;Italie et des \u00c9tats-Unis. Apr\u00e8s de violents combats, les l\u00e9gations ont \u00e9t\u00e9 lib\u00e9r\u00e9es en ao\u00fbt 1900.<\/p>\n<p>&nbsp;<\/p>\n<p>Sculpting: Thieu Duong<br \/>\nIllustration: Peter Dennis<br \/>\nFigure Painting, Photography, and Terrain: Matthew Leahy<br \/>\nFabriqu\u00e9 aux Etats-Unis par Wargames Atlantic<\/p>\n<p>Figurines en plastique dur, \u00e0 collectionner, n\u00e9cessitant des comp\u00e9tences basiques de mod\u00e9lisme et ne convenant pas aux enfants de moins de 14 ans.\u00a0 Les socles ne sont pas inclus. Visuels non contractuels.<\/p>\n<p>&nbsp;<\/p>\n<p>Big Gerry de On Table Top a r\u00e9dig\u00e9 une critique compl\u00e8te de cette bo\u00eete avec des id\u00e9es de construction, des conseils et des astuces ! D\u00e9couvrez-le ici :<\/p>\n<p><iframe title=\"Unboxing: Chinese Boxer Rebellion | Wargames Atlantic\" width=\"895\" height=\"503\" src=\"https:\/\/www.youtube.com\/embed\/nYBbYdx67HA?feature=oembed\" frameborder=\"0\" allow=\"accelerometer; autoplay; clipboard-write; encrypted-media; gyroscope; picture-in-picture; web-share\" referrerpolicy=\"strict-origin-when-cross-origin\" allowfullscreen><\/iframe><\/p>\n","protected":false},"excerpt":{"rendered":"<p>[fsl-progress-bar]<\/p>\n<p>30 boxers chinois en plastique \u00e0 assembler<\/p>\n","protected":false},"featured_media":11654,"template":"","meta":{"_monsterinsights_skip_tracking":false,"_monsterinsights_sitenote_active":false,"_monsterinsights_sitenote_note":"","_monsterinsights_sitenote_category":0},"product_brand":[],"product_cat":[158,135],"product_tag":[],"class_list":{"0":"post-11653","1":"product","2":"type-product","3":"status-publish","4":"has-post-thumbnail","6":"product_cat-wargames-atlantic","7":"product_cat-xixe-siecle","10":"first","11":"instock","12":"purchasable","13":"product-type-simple"},"yoast_head":"<!-- This site is optimized with the Yoast SEO plugin v27.5 - https:\/\/yoast.com\/product\/yoast-seo-wordpress\/ -->\n<title>Boxers chinois 1899-1920 - Des tranch\u00e9es aux barricades<\/title>\n<meta name=\"robots\" content=\"index, follow, max-snippet:-1, max-image-preview:large, max-video-preview:-1\" \/>\n<link rel=\"canonical\" href=\"http:\/\/www.destrancheesauxbarricades.com\/index.php\/product\/boxers-chinois-1899-1920\/\" \/>\n<meta property=\"og:locale\" content=\"fr_FR\" \/>\n<meta property=\"og:type\" content=\"article\" \/>\n<meta property=\"og:title\" content=\"Boxers chinois 1899-1920 - Des tranch\u00e9es aux barricades\" \/>\n<meta property=\"og:description\" content=\"[fsl-progress-bar]  30 boxers chinois en plastique \u00e0 assembler\" \/>\n<meta property=\"og:url\" content=\"http:\/\/www.destrancheesauxbarricades.com\/index.php\/product\/boxers-chinois-1899-1920\/\" \/>\n<meta property=\"og:site_name\" content=\"Des tranch\u00e9es aux barricades\" \/>\n<meta property=\"article:modified_time\" content=\"2025-12-31T00:00:06+00:00\" \/>\n<meta property=\"og:image\" content=\"http:\/\/www.destrancheesauxbarricades.com\/wp-content\/uploads\/2024\/10\/BoxersBoxLarge_2048x1400.jpg\" \/>\n\t<meta property=\"og:image:width\" content=\"2048\" \/>\n\t<meta property=\"og:image:height\" content=\"1400\" \/>\n\t<meta property=\"og:image:type\" content=\"image\/jpeg\" \/>\n<meta name=\"twitter:card\" content=\"summary_large_image\" \/>\n<meta name=\"twitter:label1\" content=\"Dur\u00e9e de lecture estim\u00e9e\" \/>\n\t<meta name=\"twitter:data1\" content=\"2 minutes\" \/>\n<script type=\"application\/ld+json\" class=\"yoast-schema-graph\">{\"@context\":\"https:\\\/\\\/schema.org\",\"@graph\":[{\"@type\":\"WebPage\",\"@id\":\"http:\\\/\\\/www.destrancheesauxbarricades.com\\\/index.php\\\/product\\\/boxers-chinois-1899-1920\\\/\",\"url\":\"http:\\\/\\\/www.destrancheesauxbarricades.com\\\/index.php\\\/product\\\/boxers-chinois-1899-1920\\\/\",\"name\":\"Boxers chinois 1899-1920 - Des tranch\u00e9es aux barricades\",\"isPartOf\":{\"@id\":\"http:\\\/\\\/www.destrancheesauxbarricades.com\\\/#website\"},\"primaryImageOfPage\":{\"@id\":\"http:\\\/\\\/www.destrancheesauxbarricades.com\\\/index.php\\\/product\\\/boxers-chinois-1899-1920\\\/#primaryimage\"},\"image\":{\"@id\":\"http:\\\/\\\/www.destrancheesauxbarricades.com\\\/index.php\\\/product\\\/boxers-chinois-1899-1920\\\/#primaryimage\"},\"thumbnailUrl\":\"http:\\\/\\\/www.destrancheesauxbarricades.com\\\/wp-content\\\/uploads\\\/2024\\\/10\\\/BoxersBoxLarge_2048x1400.jpg\",\"datePublished\":\"2024-10-29T17:21:20+00:00\",\"dateModified\":\"2025-12-31T00:00:06+00:00\",\"breadcrumb\":{\"@id\":\"http:\\\/\\\/www.destrancheesauxbarricades.com\\\/index.php\\\/product\\\/boxers-chinois-1899-1920\\\/#breadcrumb\"},\"inLanguage\":\"fr-FR\",\"potentialAction\":[{\"@type\":\"ReadAction\",\"target\":[\"http:\\\/\\\/www.destrancheesauxbarricades.com\\\/index.php\\\/product\\\/boxers-chinois-1899-1920\\\/\"]}]},{\"@type\":\"ImageObject\",\"inLanguage\":\"fr-FR\",\"@id\":\"http:\\\/\\\/www.destrancheesauxbarricades.com\\\/index.php\\\/product\\\/boxers-chinois-1899-1920\\\/#primaryimage\",\"url\":\"http:\\\/\\\/www.destrancheesauxbarricades.com\\\/wp-content\\\/uploads\\\/2024\\\/10\\\/BoxersBoxLarge_2048x1400.jpg\",\"contentUrl\":\"http:\\\/\\\/www.destrancheesauxbarricades.com\\\/wp-content\\\/uploads\\\/2024\\\/10\\\/BoxersBoxLarge_2048x1400.jpg\",\"width\":2048,\"height\":1400},{\"@type\":\"BreadcrumbList\",\"@id\":\"http:\\\/\\\/www.destrancheesauxbarricades.com\\\/index.php\\\/product\\\/boxers-chinois-1899-1920\\\/#breadcrumb\",\"itemListElement\":[{\"@type\":\"ListItem\",\"position\":1,\"name\":\"Accueil\",\"item\":\"http:\\\/\\\/www.destrancheesauxbarricades.com\\\/\"},{\"@type\":\"ListItem\",\"position\":2,\"name\":\"Shop\",\"item\":\"https:\\\/\\\/www.destrancheesauxbarricades.com\\\/index.php\\\/shop\\\/\"},{\"@type\":\"ListItem\",\"position\":3,\"name\":\"Boxers chinois 1899-1920\"}]},{\"@type\":\"WebSite\",\"@id\":\"http:\\\/\\\/www.destrancheesauxbarricades.com\\\/#website\",\"url\":\"http:\\\/\\\/www.destrancheesauxbarricades.com\\\/\",\"name\":\"Des tranch\u00e9es aux barricades\",\"description\":\"Jeu d&#039;escarmouches au d\u00e9but du XXe si\u00e8cle\",\"potentialAction\":[{\"@type\":\"SearchAction\",\"target\":{\"@type\":\"EntryPoint\",\"urlTemplate\":\"http:\\\/\\\/www.destrancheesauxbarricades.com\\\/?s={search_term_string}\"},\"query-input\":{\"@type\":\"PropertyValueSpecification\",\"valueRequired\":true,\"valueName\":\"search_term_string\"}}],\"inLanguage\":\"fr-FR\"}]}<\/script>\n<!-- \/ Yoast SEO plugin. -->","yoast_head_json":{"title":"Boxers chinois 1899-1920 - Des tranch\u00e9es aux barricades","robots":{"index":"index","follow":"follow","max-snippet":"max-snippet:-1","max-image-preview":"max-image-preview:large","max-video-preview":"max-video-preview:-1"},"canonical":"http:\/\/www.destrancheesauxbarricades.com\/index.php\/product\/boxers-chinois-1899-1920\/","og_locale":"fr_FR","og_type":"article","og_title":"Boxers chinois 1899-1920 - Des tranch\u00e9es aux barricades","og_description":"[fsl-progress-bar]  30 boxers chinois en plastique \u00e0 assembler","og_url":"http:\/\/www.destrancheesauxbarricades.com\/index.php\/product\/boxers-chinois-1899-1920\/","og_site_name":"Des tranch\u00e9es aux barricades","article_modified_time":"2025-12-31T00:00:06+00:00","og_image":[{"width":2048,"height":1400,"url":"http:\/\/www.destrancheesauxbarricades.com\/wp-content\/uploads\/2024\/10\/BoxersBoxLarge_2048x1400.jpg","type":"image\/jpeg"}],"twitter_card":"summary_large_image","twitter_misc":{"Dur\u00e9e de lecture estim\u00e9e":"2 minutes"},"schema":{"@context":"https:\/\/schema.org","@graph":[{"@type":"WebPage","@id":"http:\/\/www.destrancheesauxbarricades.com\/index.php\/product\/boxers-chinois-1899-1920\/","url":"http:\/\/www.destrancheesauxbarricades.com\/index.php\/product\/boxers-chinois-1899-1920\/","name":"Boxers chinois 1899-1920 - Des tranch\u00e9es aux barricades","isPartOf":{"@id":"http:\/\/www.destrancheesauxbarricades.com\/#website"},"primaryImageOfPage":{"@id":"http:\/\/www.destrancheesauxbarricades.com\/index.php\/product\/boxers-chinois-1899-1920\/#primaryimage"},"image":{"@id":"http:\/\/www.destrancheesauxbarricades.com\/index.php\/product\/boxers-chinois-1899-1920\/#primaryimage"},"thumbnailUrl":"http:\/\/www.destrancheesauxbarricades.com\/wp-content\/uploads\/2024\/10\/BoxersBoxLarge_2048x1400.jpg","datePublished":"2024-10-29T17:21:20+00:00","dateModified":"2025-12-31T00:00:06+00:00","breadcrumb":{"@id":"http:\/\/www.destrancheesauxbarricades.com\/index.php\/product\/boxers-chinois-1899-1920\/#breadcrumb"},"inLanguage":"fr-FR","potentialAction":[{"@type":"ReadAction","target":["http:\/\/www.destrancheesauxbarricades.com\/index.php\/product\/boxers-chinois-1899-1920\/"]}]},{"@type":"ImageObject","inLanguage":"fr-FR","@id":"http:\/\/www.destrancheesauxbarricades.com\/index.php\/product\/boxers-chinois-1899-1920\/#primaryimage","url":"http:\/\/www.destrancheesauxbarricades.com\/wp-content\/uploads\/2024\/10\/BoxersBoxLarge_2048x1400.jpg","contentUrl":"http:\/\/www.destrancheesauxbarricades.com\/wp-content\/uploads\/2024\/10\/BoxersBoxLarge_2048x1400.jpg","width":2048,"height":1400},{"@type":"BreadcrumbList","@id":"http:\/\/www.destrancheesauxbarricades.com\/index.php\/product\/boxers-chinois-1899-1920\/#breadcrumb","itemListElement":[{"@type":"ListItem","position":1,"name":"Accueil","item":"http:\/\/www.destrancheesauxbarricades.com\/"},{"@type":"ListItem","position":2,"name":"Shop","item":"https:\/\/www.destrancheesauxbarricades.com\/index.php\/shop\/"},{"@type":"ListItem","position":3,"name":"Boxers chinois 1899-1920"}]},{"@type":"WebSite","@id":"http:\/\/www.destrancheesauxbarricades.com\/#website","url":"http:\/\/www.destrancheesauxbarricades.com\/","name":"Des tranch\u00e9es aux barricades","description":"Jeu d&#039;escarmouches au d\u00e9but du XXe si\u00e8cle","potentialAction":[{"@type":"SearchAction","target":{"@type":"EntryPoint","urlTemplate":"http:\/\/www.destrancheesauxbarricades.com\/?s={search_term_string}"},"query-input":{"@type":"PropertyValueSpecification","valueRequired":true,"valueName":"search_term_string"}}],"inLanguage":"fr-FR"}]}},"jetpack_sharing_enabled":true,"_links":{"self":[{"href":"http:\/\/www.destrancheesauxbarricades.com\/index.php\/wp-json\/wp\/v2\/product\/11653","targetHints":{"allow":["GET"]}}],"collection":[{"href":"http:\/\/www.destrancheesauxbarricades.com\/index.php\/wp-json\/wp\/v2\/product"}],"about":[{"href":"http:\/\/www.destrancheesauxbarricades.com\/index.php\/wp-json\/wp\/v2\/types\/product"}],"version-history":[{"count":2,"href":"http:\/\/www.destrancheesauxbarricades.com\/index.php\/wp-json\/wp\/v2\/product\/11653\/revisions"}],"predecessor-version":[{"id":13509,"href":"http:\/\/www.destrancheesauxbarricades.com\/index.php\/wp-json\/wp\/v2\/product\/11653\/revisions\/13509"}],"wp:featuredmedia":[{"embeddable":true,"href":"http:\/\/www.destrancheesauxbarricades.com\/index.php\/wp-json\/wp\/v2\/media\/11654"}],"wp:attachment":[{"href":"http:\/\/www.destrancheesauxbarricades.com\/index.php\/wp-json\/wp\/v2\/media?parent=11653"}],"wp:term":[{"taxonomy":"product_brand","embeddable":true,"href":"http:\/\/www.destrancheesauxbarricades.com\/index.php\/wp-json\/wp\/v2\/product_brand?post=11653"},{"taxonomy":"product_cat","embeddable":true,"href":"http:\/\/www.destrancheesauxbarricades.com\/index.php\/wp-json\/wp\/v2\/product_cat?post=11653"},{"taxonomy":"product_tag","embeddable":true,"href":"http:\/\/www.destrancheesauxbarricades.com\/index.php\/wp-json\/wp\/v2\/product_tag?post=11653"}],"curies":[{"name":"wp","href":"https:\/\/api.w.org\/{rel}","templated":true}]}}