{"id":11310,"date":"2024-08-30T15:48:55","date_gmt":"2024-08-30T15:48:55","guid":{"rendered":"https:\/\/www.destrancheesauxbarricades.com\/?post_type=product&#038;p=11310"},"modified":"2025-11-24T16:13:19","modified_gmt":"2025-11-24T16:13:19","slug":"insurges-polonais-avec-fusils-et-lmg","status":"publish","type":"product","link":"http:\/\/www.destrancheesauxbarricades.com\/index.php\/product\/insurges-polonais-avec-fusils-et-lmg\/","title":{"rendered":"Insurg\u00e9s polonais avec fusils et LMG"},"content":{"rendered":"<p>Ce pack repr\u00e9sente 4 combattants de l&rsquo;Armia Krajowa polonaise (Arm\u00e9e de l&rsquo;int\u00e9rieur) pendant l&rsquo;insurrection de Varsovie, bien que les figurines puissent \u00e9galement \u00eatre utilis\u00e9es pour des partisans g\u00e9n\u00e9riques, certaines pouvant \u00eatre utilis\u00e9es comme Volksturm, Guerre civile espagnole, Guerre civile tr\u00e8s britannique, ou m\u00eame forces allemandes.<\/p>\n<p>&nbsp;<\/p>\n<p>Le set comprend 4 figurines principalement en tenue civile et se compose de :<\/p>\n<ul>\n<li>Une combattante\u00a0 avec b\u00e9ret et v\u00eatements civils et arm\u00e9e d&rsquo;un fusil Mosin Nagant.<\/li>\n<li>Un combattant portant un casque polonais, \u00e9quip\u00e9 d&rsquo;un fusil mitrailleur ZB.<\/li>\n<li>Un combattant en costume civil et casquette de l&rsquo;arm\u00e9e polonais, portant des caisses de munitions.<\/li>\n<li>Un combattant prenant un verre.<\/li>\n<\/ul>\n<p>Figurines 28 mm en m\u00e9tal, \u00e0 assembler et \u00e0 peindre.\u00a0Socles non fournis.<\/p>\n<p>Figurines \u00e0 collectionner, n\u00e9cessitant des comp\u00e9tences basiques de mod\u00e9lisme et ne convenant pas aux enfants de moins de 14 ans. Les figurines doivent \u00eatre lav\u00e9es, polies puis appr\u00eat\u00e9es avec un appr\u00eat de haute qualit\u00e9.\u00a0 Visuels non contractuels.<\/p>\n<p>&nbsp;<\/p>\n<p>Fabriqu\u00e9 au Royaume-Uni par Griffin Moulds JJP pour <strong>Infamous JT<\/strong>. La sculpture des figurines est bas\u00e9e sur des images d&rsquo;archives et des recherches approfondies et r\u00e9alis\u00e9e de fa\u00e7on traditionnelle par <strong>Dennis Zarnowski.<\/strong> Les armes sont sculpt\u00e9es num\u00e9riquement par <strong>Jonathan Llinares<\/strong>.<\/p>\n<p><img fetchpriority=\"high\" decoding=\"async\" class=\"size-medium wp-image-11296 aligncenter\" src=\"http:\/\/www.destrancheesauxbarricades.com\/wp-content\/uploads\/2024\/08\/logo-300x300.jpg\" alt=\"\" width=\"300\" height=\"300\" srcset=\"http:\/\/www.destrancheesauxbarricades.com\/wp-content\/uploads\/2024\/08\/logo-300x300.jpg 300w, http:\/\/www.destrancheesauxbarricades.com\/wp-content\/uploads\/2024\/08\/logo-328x328.jpg 328w, http:\/\/www.destrancheesauxbarricades.com\/wp-content\/uploads\/2024\/08\/logo-100x100.jpg 100w, http:\/\/www.destrancheesauxbarricades.com\/wp-content\/uploads\/2024\/08\/logo-600x600.jpg 600w, http:\/\/www.destrancheesauxbarricades.com\/wp-content\/uploads\/2024\/08\/logo-64x64.jpg 64w, http:\/\/www.destrancheesauxbarricades.com\/wp-content\/uploads\/2024\/08\/logo-1024x1024.jpg 1024w, http:\/\/www.destrancheesauxbarricades.com\/wp-content\/uploads\/2024\/08\/logo-150x150.jpg 150w, http:\/\/www.destrancheesauxbarricades.com\/wp-content\/uploads\/2024\/08\/logo-768x768.jpg 768w, http:\/\/www.destrancheesauxbarricades.com\/wp-content\/uploads\/2024\/08\/logo-1536x1536.jpg 1536w, http:\/\/www.destrancheesauxbarricades.com\/wp-content\/uploads\/2024\/08\/logo-145x145.jpg 145w, http:\/\/www.destrancheesauxbarricades.com\/wp-content\/uploads\/2024\/08\/logo-50x50.jpg 50w, http:\/\/www.destrancheesauxbarricades.com\/wp-content\/uploads\/2024\/08\/logo.jpg 2048w\" sizes=\"(max-width: 300px) 100vw, 300px\" \/><\/p>\n<p>&nbsp;<\/p>\n<p>&nbsp;<\/p>\n<p>&nbsp;<\/p>\n","protected":false},"excerpt":{"rendered":"<p>[fsl-progress-bar]<\/p>\n<p>R\u00e9sistants polonais \u00e9quip\u00e9s de fusils et d&rsquo;un fusil mitrailleur<\/p>\n","protected":false},"featured_media":11311,"template":"","meta":{"_monsterinsights_skip_tracking":false,"_monsterinsights_sitenote_active":false,"_monsterinsights_sitenote_note":"","_monsterinsights_sitenote_category":0},"product_brand":[],"product_cat":[153,145,142],"product_tag":[],"class_list":{"0":"post-11310","1":"product","2":"type-product","3":"status-publish","4":"has-post-thumbnail","6":"product_cat-infamous-jt","7":"product_cat-insurrection-de-varsovie-1944","8":"product_cat-seconde-guerre-mondiale","11":"first","12":"instock","13":"sale","14":"purchasable","15":"product-type-simple"},"yoast_head":"<!-- This site is optimized with the Yoast SEO plugin v27.4 - https:\/\/yoast.com\/product\/yoast-seo-wordpress\/ -->\n<title>Insurg\u00e9s polonais avec fusils et LMG - Des tranch\u00e9es aux barricades<\/title>\n<meta name=\"robots\" content=\"index, follow, max-snippet:-1, max-image-preview:large, max-video-preview:-1\" \/>\n<link rel=\"canonical\" href=\"https:\/\/www.destrancheesauxbarricades.com\/index.php\/product\/insurges-polonais-avec-fusils-et-lmg\/\" \/>\n<meta property=\"og:locale\" content=\"fr_FR\" \/>\n<meta property=\"og:type\" content=\"article\" \/>\n<meta property=\"og:title\" content=\"Insurg\u00e9s polonais avec fusils et LMG - Des tranch\u00e9es aux barricades\" \/>\n<meta property=\"og:description\" content=\"[fsl-progress-bar]  R\u00e9sistants polonais \u00e9quip\u00e9s de fusils et d&#039;un fusil mitrailleur\" \/>\n<meta property=\"og:url\" content=\"https:\/\/www.destrancheesauxbarricades.com\/index.php\/product\/insurges-polonais-avec-fusils-et-lmg\/\" \/>\n<meta property=\"og:site_name\" content=\"Des tranch\u00e9es aux barricades\" \/>\n<meta property=\"article:modified_time\" content=\"2025-11-24T16:13:19+00:00\" \/>\n<meta property=\"og:image\" content=\"https:\/\/www.destrancheesauxbarricades.com\/wp-content\/uploads\/2024\/08\/Civilian-Rifles-logo-scaled.jpg\" \/>\n\t<meta property=\"og:image:width\" content=\"2560\" \/>\n\t<meta property=\"og:image:height\" content=\"1496\" \/>\n\t<meta property=\"og:image:type\" content=\"image\/jpeg\" \/>\n<meta name=\"twitter:card\" content=\"summary_large_image\" \/>\n<meta name=\"twitter:label1\" content=\"Dur\u00e9e de lecture estim\u00e9e\" \/>\n\t<meta name=\"twitter:data1\" content=\"2 minutes\" \/>\n<script type=\"application\/ld+json\" class=\"yoast-schema-graph\">{\"@context\":\"https:\\\/\\\/schema.org\",\"@graph\":[{\"@type\":\"WebPage\",\"@id\":\"https:\\\/\\\/www.destrancheesauxbarricades.com\\\/index.php\\\/product\\\/insurges-polonais-avec-fusils-et-lmg\\\/\",\"url\":\"https:\\\/\\\/www.destrancheesauxbarricades.com\\\/index.php\\\/product\\\/insurges-polonais-avec-fusils-et-lmg\\\/\",\"name\":\"Insurg\u00e9s polonais avec fusils et LMG - Des tranch\u00e9es aux barricades\",\"isPartOf\":{\"@id\":\"http:\\\/\\\/www.destrancheesauxbarricades.com\\\/#website\"},\"primaryImageOfPage\":{\"@id\":\"https:\\\/\\\/www.destrancheesauxbarricades.com\\\/index.php\\\/product\\\/insurges-polonais-avec-fusils-et-lmg\\\/#primaryimage\"},\"image\":{\"@id\":\"https:\\\/\\\/www.destrancheesauxbarricades.com\\\/index.php\\\/product\\\/insurges-polonais-avec-fusils-et-lmg\\\/#primaryimage\"},\"thumbnailUrl\":\"http:\\\/\\\/www.destrancheesauxbarricades.com\\\/wp-content\\\/uploads\\\/2024\\\/08\\\/Civilian-Rifles-logo-scaled.jpg\",\"datePublished\":\"2024-08-30T15:48:55+00:00\",\"dateModified\":\"2025-11-24T16:13:19+00:00\",\"breadcrumb\":{\"@id\":\"https:\\\/\\\/www.destrancheesauxbarricades.com\\\/index.php\\\/product\\\/insurges-polonais-avec-fusils-et-lmg\\\/#breadcrumb\"},\"inLanguage\":\"fr-FR\",\"potentialAction\":[{\"@type\":\"ReadAction\",\"target\":[\"https:\\\/\\\/www.destrancheesauxbarricades.com\\\/index.php\\\/product\\\/insurges-polonais-avec-fusils-et-lmg\\\/\"]}]},{\"@type\":\"ImageObject\",\"inLanguage\":\"fr-FR\",\"@id\":\"https:\\\/\\\/www.destrancheesauxbarricades.com\\\/index.php\\\/product\\\/insurges-polonais-avec-fusils-et-lmg\\\/#primaryimage\",\"url\":\"http:\\\/\\\/www.destrancheesauxbarricades.com\\\/wp-content\\\/uploads\\\/2024\\\/08\\\/Civilian-Rifles-logo-scaled.jpg\",\"contentUrl\":\"http:\\\/\\\/www.destrancheesauxbarricades.com\\\/wp-content\\\/uploads\\\/2024\\\/08\\\/Civilian-Rifles-logo-scaled.jpg\",\"width\":2560,\"height\":1496,\"caption\":\"OLYMPUS DIGITAL CAMERA\"},{\"@type\":\"BreadcrumbList\",\"@id\":\"https:\\\/\\\/www.destrancheesauxbarricades.com\\\/index.php\\\/product\\\/insurges-polonais-avec-fusils-et-lmg\\\/#breadcrumb\",\"itemListElement\":[{\"@type\":\"ListItem\",\"position\":1,\"name\":\"Accueil\",\"item\":\"http:\\\/\\\/www.destrancheesauxbarricades.com\\\/\"},{\"@type\":\"ListItem\",\"position\":2,\"name\":\"Shop\",\"item\":\"http:\\\/\\\/www.destrancheesauxbarricades.com\\\/index.php\\\/shop\\\/\"},{\"@type\":\"ListItem\",\"position\":3,\"name\":\"Insurg\u00e9s polonais avec fusils et LMG\"}]},{\"@type\":\"WebSite\",\"@id\":\"http:\\\/\\\/www.destrancheesauxbarricades.com\\\/#website\",\"url\":\"http:\\\/\\\/www.destrancheesauxbarricades.com\\\/\",\"name\":\"Des tranch\u00e9es aux barricades\",\"description\":\"Jeu d&#039;escarmouches au d\u00e9but du XXe si\u00e8cle\",\"potentialAction\":[{\"@type\":\"SearchAction\",\"target\":{\"@type\":\"EntryPoint\",\"urlTemplate\":\"http:\\\/\\\/www.destrancheesauxbarricades.com\\\/?s={search_term_string}\"},\"query-input\":{\"@type\":\"PropertyValueSpecification\",\"valueRequired\":true,\"valueName\":\"search_term_string\"}}],\"inLanguage\":\"fr-FR\"}]}<\/script>\n<!-- \/ Yoast SEO plugin. -->","yoast_head_json":{"title":"Insurg\u00e9s polonais avec fusils et LMG - Des tranch\u00e9es aux barricades","robots":{"index":"index","follow":"follow","max-snippet":"max-snippet:-1","max-image-preview":"max-image-preview:large","max-video-preview":"max-video-preview:-1"},"canonical":"https:\/\/www.destrancheesauxbarricades.com\/index.php\/product\/insurges-polonais-avec-fusils-et-lmg\/","og_locale":"fr_FR","og_type":"article","og_title":"Insurg\u00e9s polonais avec fusils et LMG - Des tranch\u00e9es aux barricades","og_description":"[fsl-progress-bar]  R\u00e9sistants polonais \u00e9quip\u00e9s de fusils et d'un fusil mitrailleur","og_url":"https:\/\/www.destrancheesauxbarricades.com\/index.php\/product\/insurges-polonais-avec-fusils-et-lmg\/","og_site_name":"Des tranch\u00e9es aux barricades","article_modified_time":"2025-11-24T16:13:19+00:00","og_image":[{"width":2560,"height":1496,"url":"https:\/\/www.destrancheesauxbarricades.com\/wp-content\/uploads\/2024\/08\/Civilian-Rifles-logo-scaled.jpg","type":"image\/jpeg"}],"twitter_card":"summary_large_image","twitter_misc":{"Dur\u00e9e de lecture estim\u00e9e":"2 minutes"},"schema":{"@context":"https:\/\/schema.org","@graph":[{"@type":"WebPage","@id":"https:\/\/www.destrancheesauxbarricades.com\/index.php\/product\/insurges-polonais-avec-fusils-et-lmg\/","url":"https:\/\/www.destrancheesauxbarricades.com\/index.php\/product\/insurges-polonais-avec-fusils-et-lmg\/","name":"Insurg\u00e9s polonais avec fusils et LMG - Des tranch\u00e9es aux barricades","isPartOf":{"@id":"http:\/\/www.destrancheesauxbarricades.com\/#website"},"primaryImageOfPage":{"@id":"https:\/\/www.destrancheesauxbarricades.com\/index.php\/product\/insurges-polonais-avec-fusils-et-lmg\/#primaryimage"},"image":{"@id":"https:\/\/www.destrancheesauxbarricades.com\/index.php\/product\/insurges-polonais-avec-fusils-et-lmg\/#primaryimage"},"thumbnailUrl":"http:\/\/www.destrancheesauxbarricades.com\/wp-content\/uploads\/2024\/08\/Civilian-Rifles-logo-scaled.jpg","datePublished":"2024-08-30T15:48:55+00:00","dateModified":"2025-11-24T16:13:19+00:00","breadcrumb":{"@id":"https:\/\/www.destrancheesauxbarricades.com\/index.php\/product\/insurges-polonais-avec-fusils-et-lmg\/#breadcrumb"},"inLanguage":"fr-FR","potentialAction":[{"@type":"ReadAction","target":["https:\/\/www.destrancheesauxbarricades.com\/index.php\/product\/insurges-polonais-avec-fusils-et-lmg\/"]}]},{"@type":"ImageObject","inLanguage":"fr-FR","@id":"https:\/\/www.destrancheesauxbarricades.com\/index.php\/product\/insurges-polonais-avec-fusils-et-lmg\/#primaryimage","url":"http:\/\/www.destrancheesauxbarricades.com\/wp-content\/uploads\/2024\/08\/Civilian-Rifles-logo-scaled.jpg","contentUrl":"http:\/\/www.destrancheesauxbarricades.com\/wp-content\/uploads\/2024\/08\/Civilian-Rifles-logo-scaled.jpg","width":2560,"height":1496,"caption":"OLYMPUS DIGITAL CAMERA"},{"@type":"BreadcrumbList","@id":"https:\/\/www.destrancheesauxbarricades.com\/index.php\/product\/insurges-polonais-avec-fusils-et-lmg\/#breadcrumb","itemListElement":[{"@type":"ListItem","position":1,"name":"Accueil","item":"http:\/\/www.destrancheesauxbarricades.com\/"},{"@type":"ListItem","position":2,"name":"Shop","item":"http:\/\/www.destrancheesauxbarricades.com\/index.php\/shop\/"},{"@type":"ListItem","position":3,"name":"Insurg\u00e9s polonais avec fusils et LMG"}]},{"@type":"WebSite","@id":"http:\/\/www.destrancheesauxbarricades.com\/#website","url":"http:\/\/www.destrancheesauxbarricades.com\/","name":"Des tranch\u00e9es aux barricades","description":"Jeu d&#039;escarmouches au d\u00e9but du XXe si\u00e8cle","potentialAction":[{"@type":"SearchAction","target":{"@type":"EntryPoint","urlTemplate":"http:\/\/www.destrancheesauxbarricades.com\/?s={search_term_string}"},"query-input":{"@type":"PropertyValueSpecification","valueRequired":true,"valueName":"search_term_string"}}],"inLanguage":"fr-FR"}]}},"jetpack_sharing_enabled":true,"_links":{"self":[{"href":"http:\/\/www.destrancheesauxbarricades.com\/index.php\/wp-json\/wp\/v2\/product\/11310","targetHints":{"allow":["GET"]}}],"collection":[{"href":"http:\/\/www.destrancheesauxbarricades.com\/index.php\/wp-json\/wp\/v2\/product"}],"about":[{"href":"http:\/\/www.destrancheesauxbarricades.com\/index.php\/wp-json\/wp\/v2\/types\/product"}],"version-history":[{"count":1,"href":"http:\/\/www.destrancheesauxbarricades.com\/index.php\/wp-json\/wp\/v2\/product\/11310\/revisions"}],"predecessor-version":[{"id":14026,"href":"http:\/\/www.destrancheesauxbarricades.com\/index.php\/wp-json\/wp\/v2\/product\/11310\/revisions\/14026"}],"wp:featuredmedia":[{"embeddable":true,"href":"http:\/\/www.destrancheesauxbarricades.com\/index.php\/wp-json\/wp\/v2\/media\/11311"}],"wp:attachment":[{"href":"http:\/\/www.destrancheesauxbarricades.com\/index.php\/wp-json\/wp\/v2\/media?parent=11310"}],"wp:term":[{"taxonomy":"product_brand","embeddable":true,"href":"http:\/\/www.destrancheesauxbarricades.com\/index.php\/wp-json\/wp\/v2\/product_brand?post=11310"},{"taxonomy":"product_cat","embeddable":true,"href":"http:\/\/www.destrancheesauxbarricades.com\/index.php\/wp-json\/wp\/v2\/product_cat?post=11310"},{"taxonomy":"product_tag","embeddable":true,"href":"http:\/\/www.destrancheesauxbarricades.com\/index.php\/wp-json\/wp\/v2\/product_tag?post=11310"}],"curies":[{"name":"wp","href":"https:\/\/api.w.org\/{rel}","templated":true}]}}