{"id":11302,"date":"2024-08-30T15:02:29","date_gmt":"2024-08-30T15:02:29","guid":{"rendered":"https:\/\/www.destrancheesauxbarricades.com\/?post_type=product&#038;p=11302"},"modified":"2025-11-06T17:05:55","modified_gmt":"2025-11-06T17:05:55","slug":"heros-polonais-photographe-et-infirmiere","status":"publish","type":"product","link":"http:\/\/www.destrancheesauxbarricades.com\/index.php\/product\/heros-polonais-photographe-et-infirmiere\/","title":{"rendered":"H\u00e9ros polonais : Photographe et infirmi\u00e8re"},"content":{"rendered":"<p>Ce pack repr\u00e9sente 2 h\u00e9ros de l&rsquo;Armia Krajowa polonaise (Arm\u00e9e de l&rsquo;int\u00e9rieur) pendant l&rsquo;insurrection de Varsovie, bien que les figurines puissent \u00e9galement \u00eatre utilis\u00e9es pour des partisans g\u00e9n\u00e9riques, certaines pouvant \u00eatre utilis\u00e9es comme Volksturm, Guerre civile espagnole, Guerre civile tr\u00e8s britannique, ou m\u00eame forces allemandes.<\/p>\n<p>&nbsp;<\/p>\n<p>Le set comprend :<\/p>\n<p><strong>Danuta Motas, m\u00e9decin r\u00e9sistant<\/strong> :\u00a0Il s&rsquo;agit d&rsquo;une pi\u00e8ce tr\u00e8s sp\u00e9ciale. Notre ami et peintre, la grand-m\u00e8re de Peter Motas, a servi comme m\u00e9decin dans l&rsquo;Arm\u00e9e de l&rsquo;int\u00e9rieur \u00e0 l&rsquo;\u00e2ge de 18 ans. Nous avions pr\u00e9vu de produire une femme m\u00e9decin en hommage au service f\u00e9minin dans l&rsquo;arm\u00e9e de l&rsquo;int\u00e9rieur, mais lorsque Peter nous l&rsquo;a dit, nous avons d\u00e9cid\u00e9 de nous baser sur des photographies de Danuta.<\/p>\n<p>Elle a surv\u00e9cu au soul\u00e8vement malgr\u00e9 qu&rsquo;un b\u00e2timent dans lequel elle se trouvait ait \u00e9t\u00e9 touch\u00e9 par l&rsquo;obus d&rsquo;un char, certainement un char Tigre. Heureusement pour Danuta, une porte s&rsquo;est \u00e9cras\u00e9e sur elle, absorbant la majeure partie du choc mais la laissant tr\u00e8s bless\u00e9e. Elle finira\u00a0 le reste de la guerre dans un camp de travail, portant un \u00ab P \u00bb pour polonais.<\/p>\n<p>&nbsp;<\/p>\n<p><strong>Eugeniusz Lokajski<\/strong>, photographe r\u00e9sistant, athl\u00e8te et lieutenant de l&rsquo;AK : Eugeniusz Lokajski, athl\u00e8te et gymnaste polonais, qui \u00e9tait \u00e9galement champion du javelot. Il a r\u00e9ussi en haies, saut en longueur, saut en hauteur et d\u00e9cathlon : son record du javelot ne sera pas battu pendant 17 ans. Enr\u00f4l\u00e9 dans l&rsquo;arm\u00e9e polonaise pour la guerre d\u00e9fensive polonaise de 1939, Lokajski sert en tant que commandant de peloton dans le 35e r\u00e9giment d&rsquo;infanterie polonais. Apr\u00e8s la bataille de Brze\u015b\u0107, il est fait prisonnier\u00a0 par les Sovi\u00e9tiques, mais parvient \u00e0 s&rsquo;\u00e9chapper \u00e0 Varsovie, ce qui le sauve tr\u00e8s probablement du sort d&rsquo;autres officiers polonais, assassin\u00e9s par les Sovi\u00e9tiques lors du massacre de Katyn. \u00c0 Varsovie, il retrouve sa famille et ouvre un magasin de photographies. En m\u00eame temps, il enseigne dans l&rsquo;une des universit\u00e9s clandestines op\u00e9rant secr\u00e8tement \u00e0 Varsovie. Apr\u00e8s la mort de son fr\u00e8re, il reprend ses fonctions dans l&rsquo;AK. Malheureusement, il meurt lors du soul\u00e8vement. Sa s\u0153ur a publi\u00e9 un livre de plus de 1000 images prises par lui pendant la guerre. Nous avons utilis\u00e9 bon nombre de ces images comme source d&rsquo;inspiration et avons cr\u00e9\u00e9 ce mod\u00e8le en hommage \u00e0 Eugeniusz et \u00e0 d&rsquo;autres photographes de l&rsquo;AK. Nous l&rsquo;avons mod\u00e9lis\u00e9 avec le Leica Standard, car on sait qu&rsquo;il en utilisait un avant la guerre et qu&rsquo;un coll\u00e8gue officier de l&rsquo;AK lui en avait donn\u00e9 un. Nous avons mod\u00e9lis\u00e9 un chat en option, bas\u00e9 sur une image embl\u00e9matique de ce h\u00e9ros polonais.<\/p>\n<p>&nbsp;<\/p>\n<p>Figurines 28 mm en m\u00e9tal, \u00e0 assembler et \u00e0 peindre.\u00a0Socles non fournis.<\/p>\n<p>Figurines \u00e0 collectionner, n\u00e9cessitant des comp\u00e9tences basiques de mod\u00e9lisme et ne convenant pas aux enfants de moins de 14 ans. Les figurines doivent \u00eatre lav\u00e9es, polies puis appr\u00eat\u00e9es avec un appr\u00eat de haute qualit\u00e9.\u00a0 Visuels non contractuels.<\/p>\n<p>&nbsp;<\/p>\n<p>Fabriqu\u00e9 au Royaume-Uni par Griffin Moulds JJP pour <strong>Infamous JT<\/strong>. La sculpture des figurines est bas\u00e9e sur des images d&rsquo;archives et des recherches approfondies et r\u00e9alis\u00e9e de fa\u00e7on traditionnelle par <strong>Dennis Zarnowski.<\/strong> Les armes sont sculpt\u00e9es num\u00e9riquement par <strong>Jonathan Llinares<\/strong>.<\/p>\n<p><img fetchpriority=\"high\" decoding=\"async\" class=\"size-medium wp-image-11296 aligncenter\" src=\"http:\/\/www.destrancheesauxbarricades.com\/wp-content\/uploads\/2024\/08\/logo-300x300.jpg\" alt=\"\" width=\"300\" height=\"300\" srcset=\"http:\/\/www.destrancheesauxbarricades.com\/wp-content\/uploads\/2024\/08\/logo-300x300.jpg 300w, http:\/\/www.destrancheesauxbarricades.com\/wp-content\/uploads\/2024\/08\/logo-328x328.jpg 328w, http:\/\/www.destrancheesauxbarricades.com\/wp-content\/uploads\/2024\/08\/logo-100x100.jpg 100w, http:\/\/www.destrancheesauxbarricades.com\/wp-content\/uploads\/2024\/08\/logo-600x600.jpg 600w, http:\/\/www.destrancheesauxbarricades.com\/wp-content\/uploads\/2024\/08\/logo-64x64.jpg 64w, http:\/\/www.destrancheesauxbarricades.com\/wp-content\/uploads\/2024\/08\/logo-1024x1024.jpg 1024w, http:\/\/www.destrancheesauxbarricades.com\/wp-content\/uploads\/2024\/08\/logo-150x150.jpg 150w, http:\/\/www.destrancheesauxbarricades.com\/wp-content\/uploads\/2024\/08\/logo-768x768.jpg 768w, http:\/\/www.destrancheesauxbarricades.com\/wp-content\/uploads\/2024\/08\/logo-1536x1536.jpg 1536w, http:\/\/www.destrancheesauxbarricades.com\/wp-content\/uploads\/2024\/08\/logo-145x145.jpg 145w, http:\/\/www.destrancheesauxbarricades.com\/wp-content\/uploads\/2024\/08\/logo-50x50.jpg 50w, http:\/\/www.destrancheesauxbarricades.com\/wp-content\/uploads\/2024\/08\/logo.jpg 2048w\" sizes=\"(max-width: 300px) 100vw, 300px\" \/><\/p>\n<p>&nbsp;<\/p>\n<p>&nbsp;<\/p>\n<p>&nbsp;<\/p>\n","protected":false},"excerpt":{"rendered":"<p>[fsl-progress-bar]<\/p>\n<p>H\u00e9ros polonais : Le photographe, Eugeniusz Lokajski et la docteresse, Danuta Motas<\/p>\n","protected":false},"featured_media":11304,"template":"","meta":{"_monsterinsights_skip_tracking":false,"_monsterinsights_sitenote_active":false,"_monsterinsights_sitenote_note":"","_monsterinsights_sitenote_category":0},"product_brand":[],"product_cat":[153,145,142],"product_tag":[],"class_list":{"0":"post-11302","1":"product","2":"type-product","3":"status-publish","4":"has-post-thumbnail","6":"product_cat-infamous-jt","7":"product_cat-insurrection-de-varsovie-1944","8":"product_cat-seconde-guerre-mondiale","11":"first","12":"instock","13":"sale","14":"purchasable","15":"product-type-simple"},"yoast_head":"<!-- This site is optimized with the Yoast SEO plugin v27.4 - https:\/\/yoast.com\/product\/yoast-seo-wordpress\/ -->\n<title>H\u00e9ros polonais : Photographe et infirmi\u00e8re - Des tranch\u00e9es aux barricades<\/title>\n<meta name=\"robots\" content=\"index, follow, max-snippet:-1, max-image-preview:large, max-video-preview:-1\" \/>\n<link rel=\"canonical\" href=\"http:\/\/www.destrancheesauxbarricades.com\/index.php\/product\/heros-polonais-photographe-et-infirmiere\/\" \/>\n<meta property=\"og:locale\" content=\"fr_FR\" \/>\n<meta property=\"og:type\" content=\"article\" \/>\n<meta property=\"og:title\" content=\"H\u00e9ros polonais : Photographe et infirmi\u00e8re - Des tranch\u00e9es aux barricades\" \/>\n<meta property=\"og:description\" content=\"[fsl-progress-bar]  H\u00e9ros polonais : Le photographe, Eugeniusz Lokajski et la docteresse, Danuta Motas\" \/>\n<meta property=\"og:url\" content=\"http:\/\/www.destrancheesauxbarricades.com\/index.php\/product\/heros-polonais-photographe-et-infirmiere\/\" \/>\n<meta property=\"og:site_name\" content=\"Des tranch\u00e9es aux barricades\" \/>\n<meta property=\"article:modified_time\" content=\"2025-11-06T17:05:55+00:00\" \/>\n<meta property=\"og:image\" content=\"http:\/\/www.destrancheesauxbarricades.com\/wp-content\/uploads\/2024\/08\/Medic-and-Photographer-logo.jpg\" \/>\n\t<meta property=\"og:image:width\" content=\"2497\" \/>\n\t<meta property=\"og:image:height\" content=\"1704\" \/>\n\t<meta property=\"og:image:type\" content=\"image\/jpeg\" \/>\n<meta name=\"twitter:card\" content=\"summary_large_image\" \/>\n<meta name=\"twitter:label1\" content=\"Dur\u00e9e de lecture estim\u00e9e\" \/>\n\t<meta name=\"twitter:data1\" content=\"3 minutes\" \/>\n<script type=\"application\/ld+json\" class=\"yoast-schema-graph\">{\"@context\":\"https:\\\/\\\/schema.org\",\"@graph\":[{\"@type\":\"WebPage\",\"@id\":\"http:\\\/\\\/www.destrancheesauxbarricades.com\\\/index.php\\\/product\\\/heros-polonais-photographe-et-infirmiere\\\/\",\"url\":\"http:\\\/\\\/www.destrancheesauxbarricades.com\\\/index.php\\\/product\\\/heros-polonais-photographe-et-infirmiere\\\/\",\"name\":\"H\u00e9ros polonais : Photographe et infirmi\u00e8re - Des tranch\u00e9es aux barricades\",\"isPartOf\":{\"@id\":\"https:\\\/\\\/www.destrancheesauxbarricades.com\\\/#website\"},\"primaryImageOfPage\":{\"@id\":\"http:\\\/\\\/www.destrancheesauxbarricades.com\\\/index.php\\\/product\\\/heros-polonais-photographe-et-infirmiere\\\/#primaryimage\"},\"image\":{\"@id\":\"http:\\\/\\\/www.destrancheesauxbarricades.com\\\/index.php\\\/product\\\/heros-polonais-photographe-et-infirmiere\\\/#primaryimage\"},\"thumbnailUrl\":\"http:\\\/\\\/www.destrancheesauxbarricades.com\\\/wp-content\\\/uploads\\\/2024\\\/08\\\/Medic-and-Photographer-logo.jpg\",\"datePublished\":\"2024-08-30T15:02:29+00:00\",\"dateModified\":\"2025-11-06T17:05:55+00:00\",\"breadcrumb\":{\"@id\":\"http:\\\/\\\/www.destrancheesauxbarricades.com\\\/index.php\\\/product\\\/heros-polonais-photographe-et-infirmiere\\\/#breadcrumb\"},\"inLanguage\":\"fr-FR\",\"potentialAction\":[{\"@type\":\"ReadAction\",\"target\":[\"http:\\\/\\\/www.destrancheesauxbarricades.com\\\/index.php\\\/product\\\/heros-polonais-photographe-et-infirmiere\\\/\"]}]},{\"@type\":\"ImageObject\",\"inLanguage\":\"fr-FR\",\"@id\":\"http:\\\/\\\/www.destrancheesauxbarricades.com\\\/index.php\\\/product\\\/heros-polonais-photographe-et-infirmiere\\\/#primaryimage\",\"url\":\"http:\\\/\\\/www.destrancheesauxbarricades.com\\\/wp-content\\\/uploads\\\/2024\\\/08\\\/Medic-and-Photographer-logo.jpg\",\"contentUrl\":\"http:\\\/\\\/www.destrancheesauxbarricades.com\\\/wp-content\\\/uploads\\\/2024\\\/08\\\/Medic-and-Photographer-logo.jpg\",\"width\":2497,\"height\":1704,\"caption\":\"OLYMPUS DIGITAL CAMERA\"},{\"@type\":\"BreadcrumbList\",\"@id\":\"http:\\\/\\\/www.destrancheesauxbarricades.com\\\/index.php\\\/product\\\/heros-polonais-photographe-et-infirmiere\\\/#breadcrumb\",\"itemListElement\":[{\"@type\":\"ListItem\",\"position\":1,\"name\":\"Accueil\",\"item\":\"https:\\\/\\\/www.destrancheesauxbarricades.com\\\/\"},{\"@type\":\"ListItem\",\"position\":2,\"name\":\"Shop\",\"item\":\"https:\\\/\\\/www.destrancheesauxbarricades.com\\\/index.php\\\/shop\\\/\"},{\"@type\":\"ListItem\",\"position\":3,\"name\":\"H\u00e9ros polonais : Photographe et infirmi\u00e8re\"}]},{\"@type\":\"WebSite\",\"@id\":\"https:\\\/\\\/www.destrancheesauxbarricades.com\\\/#website\",\"url\":\"https:\\\/\\\/www.destrancheesauxbarricades.com\\\/\",\"name\":\"Des tranch\u00e9es aux barricades\",\"description\":\"Jeu d&#039;escarmouches au d\u00e9but du XXe si\u00e8cle\",\"potentialAction\":[{\"@type\":\"SearchAction\",\"target\":{\"@type\":\"EntryPoint\",\"urlTemplate\":\"https:\\\/\\\/www.destrancheesauxbarricades.com\\\/?s={search_term_string}\"},\"query-input\":{\"@type\":\"PropertyValueSpecification\",\"valueRequired\":true,\"valueName\":\"search_term_string\"}}],\"inLanguage\":\"fr-FR\"}]}<\/script>\n<!-- \/ Yoast SEO plugin. -->","yoast_head_json":{"title":"H\u00e9ros polonais : Photographe et infirmi\u00e8re - Des tranch\u00e9es aux barricades","robots":{"index":"index","follow":"follow","max-snippet":"max-snippet:-1","max-image-preview":"max-image-preview:large","max-video-preview":"max-video-preview:-1"},"canonical":"http:\/\/www.destrancheesauxbarricades.com\/index.php\/product\/heros-polonais-photographe-et-infirmiere\/","og_locale":"fr_FR","og_type":"article","og_title":"H\u00e9ros polonais : Photographe et infirmi\u00e8re - Des tranch\u00e9es aux barricades","og_description":"[fsl-progress-bar]  H\u00e9ros polonais : Le photographe, Eugeniusz Lokajski et la docteresse, Danuta Motas","og_url":"http:\/\/www.destrancheesauxbarricades.com\/index.php\/product\/heros-polonais-photographe-et-infirmiere\/","og_site_name":"Des tranch\u00e9es aux barricades","article_modified_time":"2025-11-06T17:05:55+00:00","og_image":[{"width":2497,"height":1704,"url":"http:\/\/www.destrancheesauxbarricades.com\/wp-content\/uploads\/2024\/08\/Medic-and-Photographer-logo.jpg","type":"image\/jpeg"}],"twitter_card":"summary_large_image","twitter_misc":{"Dur\u00e9e de lecture estim\u00e9e":"3 minutes"},"schema":{"@context":"https:\/\/schema.org","@graph":[{"@type":"WebPage","@id":"http:\/\/www.destrancheesauxbarricades.com\/index.php\/product\/heros-polonais-photographe-et-infirmiere\/","url":"http:\/\/www.destrancheesauxbarricades.com\/index.php\/product\/heros-polonais-photographe-et-infirmiere\/","name":"H\u00e9ros polonais : Photographe et infirmi\u00e8re - Des tranch\u00e9es aux barricades","isPartOf":{"@id":"https:\/\/www.destrancheesauxbarricades.com\/#website"},"primaryImageOfPage":{"@id":"http:\/\/www.destrancheesauxbarricades.com\/index.php\/product\/heros-polonais-photographe-et-infirmiere\/#primaryimage"},"image":{"@id":"http:\/\/www.destrancheesauxbarricades.com\/index.php\/product\/heros-polonais-photographe-et-infirmiere\/#primaryimage"},"thumbnailUrl":"http:\/\/www.destrancheesauxbarricades.com\/wp-content\/uploads\/2024\/08\/Medic-and-Photographer-logo.jpg","datePublished":"2024-08-30T15:02:29+00:00","dateModified":"2025-11-06T17:05:55+00:00","breadcrumb":{"@id":"http:\/\/www.destrancheesauxbarricades.com\/index.php\/product\/heros-polonais-photographe-et-infirmiere\/#breadcrumb"},"inLanguage":"fr-FR","potentialAction":[{"@type":"ReadAction","target":["http:\/\/www.destrancheesauxbarricades.com\/index.php\/product\/heros-polonais-photographe-et-infirmiere\/"]}]},{"@type":"ImageObject","inLanguage":"fr-FR","@id":"http:\/\/www.destrancheesauxbarricades.com\/index.php\/product\/heros-polonais-photographe-et-infirmiere\/#primaryimage","url":"http:\/\/www.destrancheesauxbarricades.com\/wp-content\/uploads\/2024\/08\/Medic-and-Photographer-logo.jpg","contentUrl":"http:\/\/www.destrancheesauxbarricades.com\/wp-content\/uploads\/2024\/08\/Medic-and-Photographer-logo.jpg","width":2497,"height":1704,"caption":"OLYMPUS DIGITAL CAMERA"},{"@type":"BreadcrumbList","@id":"http:\/\/www.destrancheesauxbarricades.com\/index.php\/product\/heros-polonais-photographe-et-infirmiere\/#breadcrumb","itemListElement":[{"@type":"ListItem","position":1,"name":"Accueil","item":"https:\/\/www.destrancheesauxbarricades.com\/"},{"@type":"ListItem","position":2,"name":"Shop","item":"https:\/\/www.destrancheesauxbarricades.com\/index.php\/shop\/"},{"@type":"ListItem","position":3,"name":"H\u00e9ros polonais : Photographe et infirmi\u00e8re"}]},{"@type":"WebSite","@id":"https:\/\/www.destrancheesauxbarricades.com\/#website","url":"https:\/\/www.destrancheesauxbarricades.com\/","name":"Des tranch\u00e9es aux barricades","description":"Jeu d&#039;escarmouches au d\u00e9but du XXe si\u00e8cle","potentialAction":[{"@type":"SearchAction","target":{"@type":"EntryPoint","urlTemplate":"https:\/\/www.destrancheesauxbarricades.com\/?s={search_term_string}"},"query-input":{"@type":"PropertyValueSpecification","valueRequired":true,"valueName":"search_term_string"}}],"inLanguage":"fr-FR"}]}},"jetpack_sharing_enabled":true,"_links":{"self":[{"href":"http:\/\/www.destrancheesauxbarricades.com\/index.php\/wp-json\/wp\/v2\/product\/11302","targetHints":{"allow":["GET"]}}],"collection":[{"href":"http:\/\/www.destrancheesauxbarricades.com\/index.php\/wp-json\/wp\/v2\/product"}],"about":[{"href":"http:\/\/www.destrancheesauxbarricades.com\/index.php\/wp-json\/wp\/v2\/types\/product"}],"version-history":[{"count":1,"href":"http:\/\/www.destrancheesauxbarricades.com\/index.php\/wp-json\/wp\/v2\/product\/11302\/revisions"}],"predecessor-version":[{"id":14023,"href":"http:\/\/www.destrancheesauxbarricades.com\/index.php\/wp-json\/wp\/v2\/product\/11302\/revisions\/14023"}],"wp:featuredmedia":[{"embeddable":true,"href":"http:\/\/www.destrancheesauxbarricades.com\/index.php\/wp-json\/wp\/v2\/media\/11304"}],"wp:attachment":[{"href":"http:\/\/www.destrancheesauxbarricades.com\/index.php\/wp-json\/wp\/v2\/media?parent=11302"}],"wp:term":[{"taxonomy":"product_brand","embeddable":true,"href":"http:\/\/www.destrancheesauxbarricades.com\/index.php\/wp-json\/wp\/v2\/product_brand?post=11302"},{"taxonomy":"product_cat","embeddable":true,"href":"http:\/\/www.destrancheesauxbarricades.com\/index.php\/wp-json\/wp\/v2\/product_cat?post=11302"},{"taxonomy":"product_tag","embeddable":true,"href":"http:\/\/www.destrancheesauxbarricades.com\/index.php\/wp-json\/wp\/v2\/product_tag?post=11302"}],"curies":[{"name":"wp","href":"https:\/\/api.w.org\/{rel}","templated":true}]}}