{"id":11182,"date":"2024-08-11T04:39:49","date_gmt":"2024-08-11T04:39:49","guid":{"rendered":"https:\/\/www.destrancheesauxbarricades.com\/?post_type=product&#038;p=11182"},"modified":"2026-01-01T00:00:59","modified_gmt":"2026-01-01T00:00:59","slug":"battlemap-neige-et-glace-120x90cm","status":"publish","type":"product","link":"http:\/\/www.destrancheesauxbarricades.com\/index.php\/product\/battlemap-neige-et-glace-120x90cm\/","title":{"rendered":"Battlemap Neige et Glace  avec ou sans quadrillage"},"content":{"rendered":"<p>Nappe aux motifs Neige et Glace<\/p>\n<p>Deux dimensions : 120 x 90 cm et 90 x 67,5 cm<\/p>\n<p>Avec ou sans quadrillage<\/p>\n<p>&nbsp;<\/p>\n<p>En PVC premium 510g\/m\u00b2, verso simple, trait\u00e9 anti feu M1<\/p>\n","protected":false},"excerpt":{"rendered":"<p>[fsl-progress-bar]<\/p>\n<p>Nappes aux motifs Neige et Glace<\/p>\n","protected":false},"featured_media":13575,"template":"","meta":{"_monsterinsights_skip_tracking":false,"_monsterinsights_sitenote_active":false,"_monsterinsights_sitenote_note":"","_monsterinsights_sitenote_category":0},"product_brand":[],"product_cat":[178,149,159,143,90],"product_tag":[],"class_list":{"0":"post-11182","1":"product","2":"type-product","3":"status-publish","4":"has-post-thumbnail","6":"product_cat-battlemaps","7":"product_cat-decors-28mm","8":"product_cat-des-tranchees-aux-barricades","9":"product_cat-guerre-dhiver-1939-1940","10":"product_cat-regles-et-extensions","13":"first","14":"instock","15":"taxable","16":"shipping-taxable","17":"purchasable","18":"product-type-variable"},"yoast_head":"<!-- This site is optimized with the Yoast SEO plugin v27.4 - https:\/\/yoast.com\/product\/yoast-seo-wordpress\/ -->\n<title>Battlemap Neige et Glace avec ou sans quadrillage - Des tranch\u00e9es aux barricades<\/title>\n<meta name=\"description\" content=\"Nappe aux motifs d\u00e9sertiques avec un quadrillage de 10x10cm. Plut\u00f4t pr\u00e9vue pour le 28mm. En PVC premium 510g\/m\u00b2, verso simple\" \/>\n<meta name=\"robots\" content=\"index, follow, max-snippet:-1, max-image-preview:large, max-video-preview:-1\" \/>\n<link rel=\"canonical\" href=\"http:\/\/www.destrancheesauxbarricades.com\/index.php\/product\/battlemap-neige-et-glace-120x90cm\/\" \/>\n<meta property=\"og:locale\" content=\"fr_FR\" \/>\n<meta property=\"og:type\" content=\"article\" \/>\n<meta property=\"og:title\" content=\"Battlemap Neige et Glace avec ou sans quadrillage - Des tranch\u00e9es aux barricades\" \/>\n<meta property=\"og:description\" content=\"Nappe aux motifs d\u00e9sertiques avec un quadrillage de 10x10cm. Plut\u00f4t pr\u00e9vue pour le 28mm. En PVC premium 510g\/m\u00b2, verso simple\" \/>\n<meta property=\"og:url\" content=\"http:\/\/www.destrancheesauxbarricades.com\/index.php\/product\/battlemap-neige-et-glace-120x90cm\/\" \/>\n<meta property=\"og:site_name\" content=\"Des tranch\u00e9es aux barricades\" \/>\n<meta property=\"article:modified_time\" content=\"2026-01-01T00:00:59+00:00\" \/>\n<meta property=\"og:image\" content=\"http:\/\/www.destrancheesauxbarricades.com\/wp-content\/uploads\/2025\/07\/Capture-decran-2025-07-14-170056.jpg\" \/>\n\t<meta property=\"og:image:width\" content=\"1200\" \/>\n\t<meta property=\"og:image:height\" content=\"898\" \/>\n\t<meta property=\"og:image:type\" content=\"image\/jpeg\" \/>\n<meta name=\"twitter:card\" content=\"summary_large_image\" \/>\n<meta name=\"twitter:label1\" content=\"Dur\u00e9e de lecture estim\u00e9e\" \/>\n\t<meta name=\"twitter:data1\" content=\"1 minute\" \/>\n<script type=\"application\/ld+json\" class=\"yoast-schema-graph\">{\"@context\":\"https:\\\/\\\/schema.org\",\"@graph\":[{\"@type\":\"WebPage\",\"@id\":\"http:\\\/\\\/www.destrancheesauxbarricades.com\\\/index.php\\\/product\\\/battlemap-neige-et-glace-120x90cm\\\/\",\"url\":\"http:\\\/\\\/www.destrancheesauxbarricades.com\\\/index.php\\\/product\\\/battlemap-neige-et-glace-120x90cm\\\/\",\"name\":\"Battlemap Neige et Glace avec ou sans quadrillage - Des tranch\u00e9es aux barricades\",\"isPartOf\":{\"@id\":\"http:\\\/\\\/www.destrancheesauxbarricades.com\\\/#website\"},\"primaryImageOfPage\":{\"@id\":\"http:\\\/\\\/www.destrancheesauxbarricades.com\\\/index.php\\\/product\\\/battlemap-neige-et-glace-120x90cm\\\/#primaryimage\"},\"image\":{\"@id\":\"http:\\\/\\\/www.destrancheesauxbarricades.com\\\/index.php\\\/product\\\/battlemap-neige-et-glace-120x90cm\\\/#primaryimage\"},\"thumbnailUrl\":\"http:\\\/\\\/www.destrancheesauxbarricades.com\\\/wp-content\\\/uploads\\\/2025\\\/07\\\/Capture-decran-2025-07-14-170056.jpg\",\"datePublished\":\"2024-08-11T04:39:49+00:00\",\"dateModified\":\"2026-01-01T00:00:59+00:00\",\"description\":\"Nappe aux motifs d\u00e9sertiques avec un quadrillage de 10x10cm. Plut\u00f4t pr\u00e9vue pour le 28mm. En PVC premium 510g\\\/m\u00b2, verso simple\",\"breadcrumb\":{\"@id\":\"http:\\\/\\\/www.destrancheesauxbarricades.com\\\/index.php\\\/product\\\/battlemap-neige-et-glace-120x90cm\\\/#breadcrumb\"},\"inLanguage\":\"fr-FR\",\"potentialAction\":[{\"@type\":\"ReadAction\",\"target\":[\"http:\\\/\\\/www.destrancheesauxbarricades.com\\\/index.php\\\/product\\\/battlemap-neige-et-glace-120x90cm\\\/\"]}]},{\"@type\":\"ImageObject\",\"inLanguage\":\"fr-FR\",\"@id\":\"http:\\\/\\\/www.destrancheesauxbarricades.com\\\/index.php\\\/product\\\/battlemap-neige-et-glace-120x90cm\\\/#primaryimage\",\"url\":\"http:\\\/\\\/www.destrancheesauxbarricades.com\\\/wp-content\\\/uploads\\\/2025\\\/07\\\/Capture-decran-2025-07-14-170056.jpg\",\"contentUrl\":\"http:\\\/\\\/www.destrancheesauxbarricades.com\\\/wp-content\\\/uploads\\\/2025\\\/07\\\/Capture-decran-2025-07-14-170056.jpg\",\"width\":1200,\"height\":898},{\"@type\":\"BreadcrumbList\",\"@id\":\"http:\\\/\\\/www.destrancheesauxbarricades.com\\\/index.php\\\/product\\\/battlemap-neige-et-glace-120x90cm\\\/#breadcrumb\",\"itemListElement\":[{\"@type\":\"ListItem\",\"position\":1,\"name\":\"Accueil\",\"item\":\"http:\\\/\\\/www.destrancheesauxbarricades.com\\\/\"},{\"@type\":\"ListItem\",\"position\":2,\"name\":\"Shop\",\"item\":\"http:\\\/\\\/www.destrancheesauxbarricades.com\\\/index.php\\\/shop\\\/\"},{\"@type\":\"ListItem\",\"position\":3,\"name\":\"Battlemap Neige et Glace avec ou sans quadrillage\"}]},{\"@type\":\"WebSite\",\"@id\":\"http:\\\/\\\/www.destrancheesauxbarricades.com\\\/#website\",\"url\":\"http:\\\/\\\/www.destrancheesauxbarricades.com\\\/\",\"name\":\"Des tranch\u00e9es aux barricades\",\"description\":\"Jeu d&#039;escarmouches au d\u00e9but du XXe si\u00e8cle\",\"potentialAction\":[{\"@type\":\"SearchAction\",\"target\":{\"@type\":\"EntryPoint\",\"urlTemplate\":\"http:\\\/\\\/www.destrancheesauxbarricades.com\\\/?s={search_term_string}\"},\"query-input\":{\"@type\":\"PropertyValueSpecification\",\"valueRequired\":true,\"valueName\":\"search_term_string\"}}],\"inLanguage\":\"fr-FR\"}]}<\/script>\n<!-- \/ Yoast SEO plugin. -->","yoast_head_json":{"title":"Battlemap Neige et Glace avec ou sans quadrillage - Des tranch\u00e9es aux barricades","description":"Nappe aux motifs d\u00e9sertiques avec un quadrillage de 10x10cm. Plut\u00f4t pr\u00e9vue pour le 28mm. En PVC premium 510g\/m\u00b2, verso simple","robots":{"index":"index","follow":"follow","max-snippet":"max-snippet:-1","max-image-preview":"max-image-preview:large","max-video-preview":"max-video-preview:-1"},"canonical":"http:\/\/www.destrancheesauxbarricades.com\/index.php\/product\/battlemap-neige-et-glace-120x90cm\/","og_locale":"fr_FR","og_type":"article","og_title":"Battlemap Neige et Glace avec ou sans quadrillage - Des tranch\u00e9es aux barricades","og_description":"Nappe aux motifs d\u00e9sertiques avec un quadrillage de 10x10cm. Plut\u00f4t pr\u00e9vue pour le 28mm. En PVC premium 510g\/m\u00b2, verso simple","og_url":"http:\/\/www.destrancheesauxbarricades.com\/index.php\/product\/battlemap-neige-et-glace-120x90cm\/","og_site_name":"Des tranch\u00e9es aux barricades","article_modified_time":"2026-01-01T00:00:59+00:00","og_image":[{"width":1200,"height":898,"url":"http:\/\/www.destrancheesauxbarricades.com\/wp-content\/uploads\/2025\/07\/Capture-decran-2025-07-14-170056.jpg","type":"image\/jpeg"}],"twitter_card":"summary_large_image","twitter_misc":{"Dur\u00e9e de lecture estim\u00e9e":"1 minute"},"schema":{"@context":"https:\/\/schema.org","@graph":[{"@type":"WebPage","@id":"http:\/\/www.destrancheesauxbarricades.com\/index.php\/product\/battlemap-neige-et-glace-120x90cm\/","url":"http:\/\/www.destrancheesauxbarricades.com\/index.php\/product\/battlemap-neige-et-glace-120x90cm\/","name":"Battlemap Neige et Glace avec ou sans quadrillage - Des tranch\u00e9es aux barricades","isPartOf":{"@id":"http:\/\/www.destrancheesauxbarricades.com\/#website"},"primaryImageOfPage":{"@id":"http:\/\/www.destrancheesauxbarricades.com\/index.php\/product\/battlemap-neige-et-glace-120x90cm\/#primaryimage"},"image":{"@id":"http:\/\/www.destrancheesauxbarricades.com\/index.php\/product\/battlemap-neige-et-glace-120x90cm\/#primaryimage"},"thumbnailUrl":"http:\/\/www.destrancheesauxbarricades.com\/wp-content\/uploads\/2025\/07\/Capture-decran-2025-07-14-170056.jpg","datePublished":"2024-08-11T04:39:49+00:00","dateModified":"2026-01-01T00:00:59+00:00","description":"Nappe aux motifs d\u00e9sertiques avec un quadrillage de 10x10cm. Plut\u00f4t pr\u00e9vue pour le 28mm. En PVC premium 510g\/m\u00b2, verso simple","breadcrumb":{"@id":"http:\/\/www.destrancheesauxbarricades.com\/index.php\/product\/battlemap-neige-et-glace-120x90cm\/#breadcrumb"},"inLanguage":"fr-FR","potentialAction":[{"@type":"ReadAction","target":["http:\/\/www.destrancheesauxbarricades.com\/index.php\/product\/battlemap-neige-et-glace-120x90cm\/"]}]},{"@type":"ImageObject","inLanguage":"fr-FR","@id":"http:\/\/www.destrancheesauxbarricades.com\/index.php\/product\/battlemap-neige-et-glace-120x90cm\/#primaryimage","url":"http:\/\/www.destrancheesauxbarricades.com\/wp-content\/uploads\/2025\/07\/Capture-decran-2025-07-14-170056.jpg","contentUrl":"http:\/\/www.destrancheesauxbarricades.com\/wp-content\/uploads\/2025\/07\/Capture-decran-2025-07-14-170056.jpg","width":1200,"height":898},{"@type":"BreadcrumbList","@id":"http:\/\/www.destrancheesauxbarricades.com\/index.php\/product\/battlemap-neige-et-glace-120x90cm\/#breadcrumb","itemListElement":[{"@type":"ListItem","position":1,"name":"Accueil","item":"http:\/\/www.destrancheesauxbarricades.com\/"},{"@type":"ListItem","position":2,"name":"Shop","item":"http:\/\/www.destrancheesauxbarricades.com\/index.php\/shop\/"},{"@type":"ListItem","position":3,"name":"Battlemap Neige et Glace avec ou sans quadrillage"}]},{"@type":"WebSite","@id":"http:\/\/www.destrancheesauxbarricades.com\/#website","url":"http:\/\/www.destrancheesauxbarricades.com\/","name":"Des tranch\u00e9es aux barricades","description":"Jeu d&#039;escarmouches au d\u00e9but du XXe si\u00e8cle","potentialAction":[{"@type":"SearchAction","target":{"@type":"EntryPoint","urlTemplate":"http:\/\/www.destrancheesauxbarricades.com\/?s={search_term_string}"},"query-input":{"@type":"PropertyValueSpecification","valueRequired":true,"valueName":"search_term_string"}}],"inLanguage":"fr-FR"}]}},"jetpack_sharing_enabled":true,"_links":{"self":[{"href":"http:\/\/www.destrancheesauxbarricades.com\/index.php\/wp-json\/wp\/v2\/product\/11182","targetHints":{"allow":["GET"]}}],"collection":[{"href":"http:\/\/www.destrancheesauxbarricades.com\/index.php\/wp-json\/wp\/v2\/product"}],"about":[{"href":"http:\/\/www.destrancheesauxbarricades.com\/index.php\/wp-json\/wp\/v2\/types\/product"}],"version-history":[{"count":2,"href":"http:\/\/www.destrancheesauxbarricades.com\/index.php\/wp-json\/wp\/v2\/product\/11182\/revisions"}],"predecessor-version":[{"id":13576,"href":"http:\/\/www.destrancheesauxbarricades.com\/index.php\/wp-json\/wp\/v2\/product\/11182\/revisions\/13576"}],"wp:featuredmedia":[{"embeddable":true,"href":"http:\/\/www.destrancheesauxbarricades.com\/index.php\/wp-json\/wp\/v2\/media\/13575"}],"wp:attachment":[{"href":"http:\/\/www.destrancheesauxbarricades.com\/index.php\/wp-json\/wp\/v2\/media?parent=11182"}],"wp:term":[{"taxonomy":"product_brand","embeddable":true,"href":"http:\/\/www.destrancheesauxbarricades.com\/index.php\/wp-json\/wp\/v2\/product_brand?post=11182"},{"taxonomy":"product_cat","embeddable":true,"href":"http:\/\/www.destrancheesauxbarricades.com\/index.php\/wp-json\/wp\/v2\/product_cat?post=11182"},{"taxonomy":"product_tag","embeddable":true,"href":"http:\/\/www.destrancheesauxbarricades.com\/index.php\/wp-json\/wp\/v2\/product_tag?post=11182"}],"curies":[{"name":"wp","href":"https:\/\/api.w.org\/{rel}","templated":true}]}}