{"id":10726,"date":"2024-04-22T10:13:55","date_gmt":"2024-04-22T10:13:55","guid":{"rendered":"https:\/\/www.destrancheesauxbarricades.com\/?post_type=product&#038;p=10726"},"modified":"2024-12-01T19:34:24","modified_gmt":"2024-12-01T19:34:24","slug":"jager-finlandais-a-skis-et-support","status":"publish","type":"product","link":"http:\/\/www.destrancheesauxbarricades.com\/index.php\/product\/jager-finlandais-a-skis-et-support\/","title":{"rendered":"J\u00e4ger finlandais \u00e0 skis et support"},"content":{"rendered":"<p>J\u00e4ger finlandais et support pour la Guerre d&rsquo;Hiver russo-finlandaise<\/p>\n<p>Ce set\u00a0 contient :<\/p>\n<ul>\n<li>un officier \u00e0 skis<\/li>\n<li>deux groupes de deux skieurs<\/li>\n<li>Une mitrailleuse sur luge et ses deux servants<\/li>\n<\/ul>\n<p>&nbsp;<\/p>\n<p><span class=\"jCAhz ChMk0b\"><span class=\"ryNqvb\">Figurines imprim\u00e9es en r\u00e9sine, \u00e0 assembler et \u00e0 peindre, et<\/span><\/span><span class=\"jCAhz ChMk0b\"><span class=\"ryNqvb\"> ne convenant pas aux enfants de moins de 14 ans. Socles non fournis.<br \/>\n<\/span><\/span><\/p>\n<p>Figurines sculpt\u00e9es par <a href=\"https:\/\/www.facebook.com\/profile.php?id=100010279741510\">Artur \u00ab\u00a0Propylene Foliescu<\/a>, sous licence \u00ab\u00a0Just Some Miniatures\u00a0\u00bb<\/p>\n<p>&nbsp;<\/p>\n<p>&nbsp;<\/p>\n","protected":false},"excerpt":{"rendered":"<p>[fsl-progress-bar]<\/p>\n<p>J\u00e4ger finlandais sur skis et mitrailleuse sur luge pour la Guerre d&rsquo;Hiver russo-finlandaise pour la Guerre d&rsquo;Hiver russo-finlandaise en r\u00e9sine\u00a0 (28mm)<\/p>\n","protected":false},"featured_media":10727,"template":"","meta":{"_monsterinsights_skip_tracking":false,"_monsterinsights_sitenote_active":false,"_monsterinsights_sitenote_note":"","_monsterinsights_sitenote_category":0},"product_brand":[],"product_cat":[146,143,154,142],"product_tag":[],"class_list":{"0":"post-10726","1":"product","2":"type-product","3":"status-publish","4":"has-post-thumbnail","6":"product_cat-armee-finlandaise","7":"product_cat-guerre-dhiver-1939-1940","8":"product_cat-just-some-miniatures","9":"product_cat-seconde-guerre-mondiale","12":"first","13":"instock","14":"purchasable","15":"product-type-simple"},"yoast_head":"<!-- This site is optimized with the Yoast SEO plugin v27.4 - https:\/\/yoast.com\/product\/yoast-seo-wordpress\/ -->\n<title>J\u00e4ger finlandais \u00e0 skis et support - Des tranch\u00e9es aux barricades<\/title>\n<meta name=\"robots\" content=\"index, follow, max-snippet:-1, max-image-preview:large, max-video-preview:-1\" \/>\n<link rel=\"canonical\" href=\"http:\/\/www.destrancheesauxbarricades.com\/index.php\/product\/jager-finlandais-a-skis-et-support\/\" \/>\n<meta property=\"og:locale\" content=\"fr_FR\" \/>\n<meta property=\"og:type\" content=\"article\" \/>\n<meta property=\"og:title\" content=\"J\u00e4ger finlandais \u00e0 skis et support - Des tranch\u00e9es aux barricades\" \/>\n<meta property=\"og:description\" content=\"[fsl-progress-bar]  J\u00e4ger finlandais sur skis et mitrailleuse sur luge pour la Guerre d&#039;Hiver russo-finlandaise pour la Guerre d&#039;Hiver russo-finlandaise en r\u00e9sine\u00a0 (28mm)\" \/>\n<meta property=\"og:url\" content=\"http:\/\/www.destrancheesauxbarricades.com\/index.php\/product\/jager-finlandais-a-skis-et-support\/\" \/>\n<meta property=\"og:site_name\" content=\"Des tranch\u00e9es aux barricades\" \/>\n<meta property=\"article:modified_time\" content=\"2024-12-01T19:34:24+00:00\" \/>\n<meta property=\"og:image\" content=\"http:\/\/www.destrancheesauxbarricades.com\/wp-content\/uploads\/2024\/04\/ski-finlandais.jpg\" \/>\n\t<meta property=\"og:image:width\" content=\"863\" \/>\n\t<meta property=\"og:image:height\" content=\"1298\" \/>\n\t<meta property=\"og:image:type\" content=\"image\/jpeg\" \/>\n<meta name=\"twitter:card\" content=\"summary_large_image\" \/>\n<meta name=\"twitter:label1\" content=\"Dur\u00e9e de lecture estim\u00e9e\" \/>\n\t<meta name=\"twitter:data1\" content=\"1 minute\" \/>\n<script type=\"application\/ld+json\" class=\"yoast-schema-graph\">{\"@context\":\"https:\\\/\\\/schema.org\",\"@graph\":[{\"@type\":\"WebPage\",\"@id\":\"http:\\\/\\\/www.destrancheesauxbarricades.com\\\/index.php\\\/product\\\/jager-finlandais-a-skis-et-support\\\/\",\"url\":\"http:\\\/\\\/www.destrancheesauxbarricades.com\\\/index.php\\\/product\\\/jager-finlandais-a-skis-et-support\\\/\",\"name\":\"J\u00e4ger finlandais \u00e0 skis et support - Des tranch\u00e9es aux barricades\",\"isPartOf\":{\"@id\":\"http:\\\/\\\/www.destrancheesauxbarricades.com\\\/#website\"},\"primaryImageOfPage\":{\"@id\":\"http:\\\/\\\/www.destrancheesauxbarricades.com\\\/index.php\\\/product\\\/jager-finlandais-a-skis-et-support\\\/#primaryimage\"},\"image\":{\"@id\":\"http:\\\/\\\/www.destrancheesauxbarricades.com\\\/index.php\\\/product\\\/jager-finlandais-a-skis-et-support\\\/#primaryimage\"},\"thumbnailUrl\":\"http:\\\/\\\/www.destrancheesauxbarricades.com\\\/wp-content\\\/uploads\\\/2024\\\/04\\\/ski-finlandais.jpg\",\"datePublished\":\"2024-04-22T10:13:55+00:00\",\"dateModified\":\"2024-12-01T19:34:24+00:00\",\"breadcrumb\":{\"@id\":\"http:\\\/\\\/www.destrancheesauxbarricades.com\\\/index.php\\\/product\\\/jager-finlandais-a-skis-et-support\\\/#breadcrumb\"},\"inLanguage\":\"fr-FR\",\"potentialAction\":[{\"@type\":\"ReadAction\",\"target\":[\"http:\\\/\\\/www.destrancheesauxbarricades.com\\\/index.php\\\/product\\\/jager-finlandais-a-skis-et-support\\\/\"]}]},{\"@type\":\"ImageObject\",\"inLanguage\":\"fr-FR\",\"@id\":\"http:\\\/\\\/www.destrancheesauxbarricades.com\\\/index.php\\\/product\\\/jager-finlandais-a-skis-et-support\\\/#primaryimage\",\"url\":\"http:\\\/\\\/www.destrancheesauxbarricades.com\\\/wp-content\\\/uploads\\\/2024\\\/04\\\/ski-finlandais.jpg\",\"contentUrl\":\"http:\\\/\\\/www.destrancheesauxbarricades.com\\\/wp-content\\\/uploads\\\/2024\\\/04\\\/ski-finlandais.jpg\",\"width\":863,\"height\":1298},{\"@type\":\"BreadcrumbList\",\"@id\":\"http:\\\/\\\/www.destrancheesauxbarricades.com\\\/index.php\\\/product\\\/jager-finlandais-a-skis-et-support\\\/#breadcrumb\",\"itemListElement\":[{\"@type\":\"ListItem\",\"position\":1,\"name\":\"Accueil\",\"item\":\"http:\\\/\\\/www.destrancheesauxbarricades.com\\\/\"},{\"@type\":\"ListItem\",\"position\":2,\"name\":\"Shop\",\"item\":\"https:\\\/\\\/www.destrancheesauxbarricades.com\\\/index.php\\\/shop\\\/\"},{\"@type\":\"ListItem\",\"position\":3,\"name\":\"J\u00e4ger finlandais \u00e0 skis et support\"}]},{\"@type\":\"WebSite\",\"@id\":\"http:\\\/\\\/www.destrancheesauxbarricades.com\\\/#website\",\"url\":\"http:\\\/\\\/www.destrancheesauxbarricades.com\\\/\",\"name\":\"Des tranch\u00e9es aux barricades\",\"description\":\"Jeu d&#039;escarmouches au d\u00e9but du XXe si\u00e8cle\",\"potentialAction\":[{\"@type\":\"SearchAction\",\"target\":{\"@type\":\"EntryPoint\",\"urlTemplate\":\"http:\\\/\\\/www.destrancheesauxbarricades.com\\\/?s={search_term_string}\"},\"query-input\":{\"@type\":\"PropertyValueSpecification\",\"valueRequired\":true,\"valueName\":\"search_term_string\"}}],\"inLanguage\":\"fr-FR\"}]}<\/script>\n<!-- \/ Yoast SEO plugin. -->","yoast_head_json":{"title":"J\u00e4ger finlandais \u00e0 skis et support - Des tranch\u00e9es aux barricades","robots":{"index":"index","follow":"follow","max-snippet":"max-snippet:-1","max-image-preview":"max-image-preview:large","max-video-preview":"max-video-preview:-1"},"canonical":"http:\/\/www.destrancheesauxbarricades.com\/index.php\/product\/jager-finlandais-a-skis-et-support\/","og_locale":"fr_FR","og_type":"article","og_title":"J\u00e4ger finlandais \u00e0 skis et support - Des tranch\u00e9es aux barricades","og_description":"[fsl-progress-bar]  J\u00e4ger finlandais sur skis et mitrailleuse sur luge pour la Guerre d'Hiver russo-finlandaise pour la Guerre d'Hiver russo-finlandaise en r\u00e9sine\u00a0 (28mm)","og_url":"http:\/\/www.destrancheesauxbarricades.com\/index.php\/product\/jager-finlandais-a-skis-et-support\/","og_site_name":"Des tranch\u00e9es aux barricades","article_modified_time":"2024-12-01T19:34:24+00:00","og_image":[{"width":863,"height":1298,"url":"http:\/\/www.destrancheesauxbarricades.com\/wp-content\/uploads\/2024\/04\/ski-finlandais.jpg","type":"image\/jpeg"}],"twitter_card":"summary_large_image","twitter_misc":{"Dur\u00e9e de lecture estim\u00e9e":"1 minute"},"schema":{"@context":"https:\/\/schema.org","@graph":[{"@type":"WebPage","@id":"http:\/\/www.destrancheesauxbarricades.com\/index.php\/product\/jager-finlandais-a-skis-et-support\/","url":"http:\/\/www.destrancheesauxbarricades.com\/index.php\/product\/jager-finlandais-a-skis-et-support\/","name":"J\u00e4ger finlandais \u00e0 skis et support - Des tranch\u00e9es aux barricades","isPartOf":{"@id":"http:\/\/www.destrancheesauxbarricades.com\/#website"},"primaryImageOfPage":{"@id":"http:\/\/www.destrancheesauxbarricades.com\/index.php\/product\/jager-finlandais-a-skis-et-support\/#primaryimage"},"image":{"@id":"http:\/\/www.destrancheesauxbarricades.com\/index.php\/product\/jager-finlandais-a-skis-et-support\/#primaryimage"},"thumbnailUrl":"http:\/\/www.destrancheesauxbarricades.com\/wp-content\/uploads\/2024\/04\/ski-finlandais.jpg","datePublished":"2024-04-22T10:13:55+00:00","dateModified":"2024-12-01T19:34:24+00:00","breadcrumb":{"@id":"http:\/\/www.destrancheesauxbarricades.com\/index.php\/product\/jager-finlandais-a-skis-et-support\/#breadcrumb"},"inLanguage":"fr-FR","potentialAction":[{"@type":"ReadAction","target":["http:\/\/www.destrancheesauxbarricades.com\/index.php\/product\/jager-finlandais-a-skis-et-support\/"]}]},{"@type":"ImageObject","inLanguage":"fr-FR","@id":"http:\/\/www.destrancheesauxbarricades.com\/index.php\/product\/jager-finlandais-a-skis-et-support\/#primaryimage","url":"http:\/\/www.destrancheesauxbarricades.com\/wp-content\/uploads\/2024\/04\/ski-finlandais.jpg","contentUrl":"http:\/\/www.destrancheesauxbarricades.com\/wp-content\/uploads\/2024\/04\/ski-finlandais.jpg","width":863,"height":1298},{"@type":"BreadcrumbList","@id":"http:\/\/www.destrancheesauxbarricades.com\/index.php\/product\/jager-finlandais-a-skis-et-support\/#breadcrumb","itemListElement":[{"@type":"ListItem","position":1,"name":"Accueil","item":"http:\/\/www.destrancheesauxbarricades.com\/"},{"@type":"ListItem","position":2,"name":"Shop","item":"https:\/\/www.destrancheesauxbarricades.com\/index.php\/shop\/"},{"@type":"ListItem","position":3,"name":"J\u00e4ger finlandais \u00e0 skis et support"}]},{"@type":"WebSite","@id":"http:\/\/www.destrancheesauxbarricades.com\/#website","url":"http:\/\/www.destrancheesauxbarricades.com\/","name":"Des tranch\u00e9es aux barricades","description":"Jeu d&#039;escarmouches au d\u00e9but du XXe si\u00e8cle","potentialAction":[{"@type":"SearchAction","target":{"@type":"EntryPoint","urlTemplate":"http:\/\/www.destrancheesauxbarricades.com\/?s={search_term_string}"},"query-input":{"@type":"PropertyValueSpecification","valueRequired":true,"valueName":"search_term_string"}}],"inLanguage":"fr-FR"}]}},"jetpack_sharing_enabled":true,"_links":{"self":[{"href":"http:\/\/www.destrancheesauxbarricades.com\/index.php\/wp-json\/wp\/v2\/product\/10726","targetHints":{"allow":["GET"]}}],"collection":[{"href":"http:\/\/www.destrancheesauxbarricades.com\/index.php\/wp-json\/wp\/v2\/product"}],"about":[{"href":"http:\/\/www.destrancheesauxbarricades.com\/index.php\/wp-json\/wp\/v2\/types\/product"}],"version-history":[{"count":0,"href":"http:\/\/www.destrancheesauxbarricades.com\/index.php\/wp-json\/wp\/v2\/product\/10726\/revisions"}],"wp:featuredmedia":[{"embeddable":true,"href":"http:\/\/www.destrancheesauxbarricades.com\/index.php\/wp-json\/wp\/v2\/media\/10727"}],"wp:attachment":[{"href":"http:\/\/www.destrancheesauxbarricades.com\/index.php\/wp-json\/wp\/v2\/media?parent=10726"}],"wp:term":[{"taxonomy":"product_brand","embeddable":true,"href":"http:\/\/www.destrancheesauxbarricades.com\/index.php\/wp-json\/wp\/v2\/product_brand?post=10726"},{"taxonomy":"product_cat","embeddable":true,"href":"http:\/\/www.destrancheesauxbarricades.com\/index.php\/wp-json\/wp\/v2\/product_cat?post=10726"},{"taxonomy":"product_tag","embeddable":true,"href":"http:\/\/www.destrancheesauxbarricades.com\/index.php\/wp-json\/wp\/v2\/product_tag?post=10726"}],"curies":[{"name":"wp","href":"https:\/\/api.w.org\/{rel}","templated":true}]}}