{"id":10329,"date":"2024-02-05T08:26:48","date_gmt":"2024-02-05T08:26:48","guid":{"rendered":"https:\/\/www.destrancheesauxbarricades.com\/?post_type=product&#038;p=10329"},"modified":"2024-12-01T20:48:17","modified_gmt":"2024-12-01T20:48:17","slug":"tente-francaise-stl","status":"publish","type":"product","link":"http:\/\/www.destrancheesauxbarricades.com\/index.php\/product\/tente-francaise-stl\/","title":{"rendered":"Tente fran\u00e7aise (STL)"},"content":{"rendered":"<p>Ce pack de fichiers STL comprend :<\/p>\n<p>Une tente de campagne et des lits de camp<\/p>\n<p>Ainsi que leur version pr\u00e9-support\u00e9e (.chitubox).<\/p>\n<p>\u00c9chelle 28\/32 mm. Compatible 20 mm.<\/p>\n<p>Sculpt\u00e9 par Greg Girault<\/p>\n<p>Pour une impression \u00e0 l&rsquo;\u00e9chelle 28 mm, nous recommandons d&rsquo;imprimer \u00e0 95 % et pour une impression \u00e0 l&rsquo;\u00e9chelle 20 mm, d&rsquo;imprimer \u00e0 65 %.<\/p>\n<p>&nbsp;<\/p>\n<p><strong>LICENCE PERSONNELLE ET NON COMMERCIALE<\/strong><\/p>\n<p>Les fichiers num\u00e9riques vendus sur ce site ont une licence strictement non commerciale et \u00e0 usage personnel uniquement. Aucun remixage et aucune utilisation commerciale ne sont autoris\u00e9es.<\/p>\n<p>Vous ne pouvez pas et vous ne devez pas partager, sous-licencier, vendre, louer, h\u00e9berger, transf\u00e9rer ou distribuer de quelque mani\u00e8re que ce soit les versions num\u00e9riques ou imprim\u00e9es en 3D de cet objet, ni toute autre \u0153uvre d\u00e9riv\u00e9e de cet objet dans son format num\u00e9rique ou physique (y compris l\u2019h\u00e9bergement sur d\u2019autres plateformes num\u00e9riques).<\/p>\n<p><strong>PERSONAL AND NON-COMMERCIAL LICENSE<\/strong><\/p>\n<p>Digital files sold on this site are licensed strictly non-commercially and for personal use only. No remixing and no commercial use allowed.<br \/>\nYou may not and must not share, sublicense, sell, rent, rent, host, transfer or distribute in any way the digital or 3D printed versions of this item, or any derivative works of this item in any way. its digital or physical format (including hosting on other digital platforms).<\/p>\n<p>&nbsp;<\/p>\n","protected":false},"excerpt":{"rendered":"<p>[fsl-progress-bar]<\/p>\n<p>Tente et des lits de camp \u00e0 imprimer (STL et version support\u00e9e)<\/p>\n","protected":false},"featured_media":10331,"template":"","meta":{"_monsterinsights_skip_tracking":false,"_monsterinsights_sitenote_active":false,"_monsterinsights_sitenote_note":"","_monsterinsights_sitenote_category":0},"product_brand":[],"product_cat":[139,159,137,138,142,134],"product_tag":[],"class_list":{"0":"post-10329","1":"product","2":"type-product","3":"status-publish","4":"has-post-thumbnail","6":"product_cat-armee-du-levant","7":"product_cat-des-tranchees-aux-barricades","8":"product_cat-premiere-guerre-mondiale","9":"product_cat-revolte-arabe-de-1916-1918","10":"product_cat-seconde-guerre-mondiale","11":"product_cat-stl","14":"first","15":"instock","16":"downloadable","17":"virtual","18":"taxable","19":"purchasable","20":"product-type-simple"},"yoast_head":"<!-- This site is optimized with the Yoast SEO plugin v27.3 - https:\/\/yoast.com\/product\/yoast-seo-wordpress\/ -->\n<title>Tente fran\u00e7aise (STL) - Des tranch\u00e9es aux barricades<\/title>\n<meta name=\"robots\" content=\"index, follow, max-snippet:-1, max-image-preview:large, max-video-preview:-1\" \/>\n<link rel=\"canonical\" href=\"https:\/\/www.destrancheesauxbarricades.com\/index.php\/product\/tente-francaise-stl\/\" \/>\n<meta property=\"og:locale\" content=\"fr_FR\" \/>\n<meta property=\"og:type\" content=\"article\" \/>\n<meta property=\"og:title\" content=\"Tente fran\u00e7aise (STL) - Des tranch\u00e9es aux barricades\" \/>\n<meta property=\"og:description\" content=\"[fsl-progress-bar]  Tente et des lits de camp \u00e0 imprimer (STL et version support\u00e9e)\" \/>\n<meta property=\"og:url\" content=\"https:\/\/www.destrancheesauxbarricades.com\/index.php\/product\/tente-francaise-stl\/\" \/>\n<meta property=\"og:site_name\" content=\"Des tranch\u00e9es aux barricades\" \/>\n<meta property=\"article:modified_time\" content=\"2024-12-01T20:48:17+00:00\" \/>\n<meta property=\"og:image\" content=\"https:\/\/www.destrancheesauxbarricades.com\/wp-content\/uploads\/2024\/02\/Capture-decran-2024-02-04-214257.png\" \/>\n\t<meta property=\"og:image:width\" content=\"847\" \/>\n\t<meta property=\"og:image:height\" content=\"698\" \/>\n\t<meta property=\"og:image:type\" content=\"image\/png\" \/>\n<meta name=\"twitter:card\" content=\"summary_large_image\" \/>\n<meta name=\"twitter:label1\" content=\"Dur\u00e9e de lecture estim\u00e9e\" \/>\n\t<meta name=\"twitter:data1\" content=\"2 minutes\" \/>\n<script type=\"application\/ld+json\" class=\"yoast-schema-graph\">{\"@context\":\"https:\\\/\\\/schema.org\",\"@graph\":[{\"@type\":\"WebPage\",\"@id\":\"https:\\\/\\\/www.destrancheesauxbarricades.com\\\/index.php\\\/product\\\/tente-francaise-stl\\\/\",\"url\":\"https:\\\/\\\/www.destrancheesauxbarricades.com\\\/index.php\\\/product\\\/tente-francaise-stl\\\/\",\"name\":\"Tente fran\u00e7aise (STL) - Des tranch\u00e9es aux barricades\",\"isPartOf\":{\"@id\":\"http:\\\/\\\/www.destrancheesauxbarricades.com\\\/#website\"},\"primaryImageOfPage\":{\"@id\":\"https:\\\/\\\/www.destrancheesauxbarricades.com\\\/index.php\\\/product\\\/tente-francaise-stl\\\/#primaryimage\"},\"image\":{\"@id\":\"https:\\\/\\\/www.destrancheesauxbarricades.com\\\/index.php\\\/product\\\/tente-francaise-stl\\\/#primaryimage\"},\"thumbnailUrl\":\"http:\\\/\\\/www.destrancheesauxbarricades.com\\\/wp-content\\\/uploads\\\/2024\\\/02\\\/Capture-decran-2024-02-04-214257.png\",\"datePublished\":\"2024-02-05T08:26:48+00:00\",\"dateModified\":\"2024-12-01T20:48:17+00:00\",\"breadcrumb\":{\"@id\":\"https:\\\/\\\/www.destrancheesauxbarricades.com\\\/index.php\\\/product\\\/tente-francaise-stl\\\/#breadcrumb\"},\"inLanguage\":\"fr-FR\",\"potentialAction\":[{\"@type\":\"ReadAction\",\"target\":[\"https:\\\/\\\/www.destrancheesauxbarricades.com\\\/index.php\\\/product\\\/tente-francaise-stl\\\/\"]}]},{\"@type\":\"ImageObject\",\"inLanguage\":\"fr-FR\",\"@id\":\"https:\\\/\\\/www.destrancheesauxbarricades.com\\\/index.php\\\/product\\\/tente-francaise-stl\\\/#primaryimage\",\"url\":\"http:\\\/\\\/www.destrancheesauxbarricades.com\\\/wp-content\\\/uploads\\\/2024\\\/02\\\/Capture-decran-2024-02-04-214257.png\",\"contentUrl\":\"http:\\\/\\\/www.destrancheesauxbarricades.com\\\/wp-content\\\/uploads\\\/2024\\\/02\\\/Capture-decran-2024-02-04-214257.png\",\"width\":847,\"height\":698},{\"@type\":\"BreadcrumbList\",\"@id\":\"https:\\\/\\\/www.destrancheesauxbarricades.com\\\/index.php\\\/product\\\/tente-francaise-stl\\\/#breadcrumb\",\"itemListElement\":[{\"@type\":\"ListItem\",\"position\":1,\"name\":\"Accueil\",\"item\":\"http:\\\/\\\/www.destrancheesauxbarricades.com\\\/\"},{\"@type\":\"ListItem\",\"position\":2,\"name\":\"Shop\",\"item\":\"http:\\\/\\\/www.destrancheesauxbarricades.com\\\/index.php\\\/shop\\\/\"},{\"@type\":\"ListItem\",\"position\":3,\"name\":\"Tente fran\u00e7aise (STL)\"}]},{\"@type\":\"WebSite\",\"@id\":\"http:\\\/\\\/www.destrancheesauxbarricades.com\\\/#website\",\"url\":\"http:\\\/\\\/www.destrancheesauxbarricades.com\\\/\",\"name\":\"Des tranch\u00e9es aux barricades\",\"description\":\"Jeu d&#039;escarmouches au d\u00e9but du XXe si\u00e8cle\",\"potentialAction\":[{\"@type\":\"SearchAction\",\"target\":{\"@type\":\"EntryPoint\",\"urlTemplate\":\"http:\\\/\\\/www.destrancheesauxbarricades.com\\\/?s={search_term_string}\"},\"query-input\":{\"@type\":\"PropertyValueSpecification\",\"valueRequired\":true,\"valueName\":\"search_term_string\"}}],\"inLanguage\":\"fr-FR\"}]}<\/script>\n<!-- \/ Yoast SEO plugin. -->","yoast_head_json":{"title":"Tente fran\u00e7aise (STL) - Des tranch\u00e9es aux barricades","robots":{"index":"index","follow":"follow","max-snippet":"max-snippet:-1","max-image-preview":"max-image-preview:large","max-video-preview":"max-video-preview:-1"},"canonical":"https:\/\/www.destrancheesauxbarricades.com\/index.php\/product\/tente-francaise-stl\/","og_locale":"fr_FR","og_type":"article","og_title":"Tente fran\u00e7aise (STL) - Des tranch\u00e9es aux barricades","og_description":"[fsl-progress-bar]  Tente et des lits de camp \u00e0 imprimer (STL et version support\u00e9e)","og_url":"https:\/\/www.destrancheesauxbarricades.com\/index.php\/product\/tente-francaise-stl\/","og_site_name":"Des tranch\u00e9es aux barricades","article_modified_time":"2024-12-01T20:48:17+00:00","og_image":[{"width":847,"height":698,"url":"https:\/\/www.destrancheesauxbarricades.com\/wp-content\/uploads\/2024\/02\/Capture-decran-2024-02-04-214257.png","type":"image\/png"}],"twitter_card":"summary_large_image","twitter_misc":{"Dur\u00e9e de lecture estim\u00e9e":"2 minutes"},"schema":{"@context":"https:\/\/schema.org","@graph":[{"@type":"WebPage","@id":"https:\/\/www.destrancheesauxbarricades.com\/index.php\/product\/tente-francaise-stl\/","url":"https:\/\/www.destrancheesauxbarricades.com\/index.php\/product\/tente-francaise-stl\/","name":"Tente fran\u00e7aise (STL) - Des tranch\u00e9es aux barricades","isPartOf":{"@id":"http:\/\/www.destrancheesauxbarricades.com\/#website"},"primaryImageOfPage":{"@id":"https:\/\/www.destrancheesauxbarricades.com\/index.php\/product\/tente-francaise-stl\/#primaryimage"},"image":{"@id":"https:\/\/www.destrancheesauxbarricades.com\/index.php\/product\/tente-francaise-stl\/#primaryimage"},"thumbnailUrl":"http:\/\/www.destrancheesauxbarricades.com\/wp-content\/uploads\/2024\/02\/Capture-decran-2024-02-04-214257.png","datePublished":"2024-02-05T08:26:48+00:00","dateModified":"2024-12-01T20:48:17+00:00","breadcrumb":{"@id":"https:\/\/www.destrancheesauxbarricades.com\/index.php\/product\/tente-francaise-stl\/#breadcrumb"},"inLanguage":"fr-FR","potentialAction":[{"@type":"ReadAction","target":["https:\/\/www.destrancheesauxbarricades.com\/index.php\/product\/tente-francaise-stl\/"]}]},{"@type":"ImageObject","inLanguage":"fr-FR","@id":"https:\/\/www.destrancheesauxbarricades.com\/index.php\/product\/tente-francaise-stl\/#primaryimage","url":"http:\/\/www.destrancheesauxbarricades.com\/wp-content\/uploads\/2024\/02\/Capture-decran-2024-02-04-214257.png","contentUrl":"http:\/\/www.destrancheesauxbarricades.com\/wp-content\/uploads\/2024\/02\/Capture-decran-2024-02-04-214257.png","width":847,"height":698},{"@type":"BreadcrumbList","@id":"https:\/\/www.destrancheesauxbarricades.com\/index.php\/product\/tente-francaise-stl\/#breadcrumb","itemListElement":[{"@type":"ListItem","position":1,"name":"Accueil","item":"http:\/\/www.destrancheesauxbarricades.com\/"},{"@type":"ListItem","position":2,"name":"Shop","item":"http:\/\/www.destrancheesauxbarricades.com\/index.php\/shop\/"},{"@type":"ListItem","position":3,"name":"Tente fran\u00e7aise (STL)"}]},{"@type":"WebSite","@id":"http:\/\/www.destrancheesauxbarricades.com\/#website","url":"http:\/\/www.destrancheesauxbarricades.com\/","name":"Des tranch\u00e9es aux barricades","description":"Jeu d&#039;escarmouches au d\u00e9but du XXe si\u00e8cle","potentialAction":[{"@type":"SearchAction","target":{"@type":"EntryPoint","urlTemplate":"http:\/\/www.destrancheesauxbarricades.com\/?s={search_term_string}"},"query-input":{"@type":"PropertyValueSpecification","valueRequired":true,"valueName":"search_term_string"}}],"inLanguage":"fr-FR"}]}},"jetpack_sharing_enabled":true,"_links":{"self":[{"href":"http:\/\/www.destrancheesauxbarricades.com\/index.php\/wp-json\/wp\/v2\/product\/10329","targetHints":{"allow":["GET"]}}],"collection":[{"href":"http:\/\/www.destrancheesauxbarricades.com\/index.php\/wp-json\/wp\/v2\/product"}],"about":[{"href":"http:\/\/www.destrancheesauxbarricades.com\/index.php\/wp-json\/wp\/v2\/types\/product"}],"version-history":[{"count":0,"href":"http:\/\/www.destrancheesauxbarricades.com\/index.php\/wp-json\/wp\/v2\/product\/10329\/revisions"}],"wp:featuredmedia":[{"embeddable":true,"href":"http:\/\/www.destrancheesauxbarricades.com\/index.php\/wp-json\/wp\/v2\/media\/10331"}],"wp:attachment":[{"href":"http:\/\/www.destrancheesauxbarricades.com\/index.php\/wp-json\/wp\/v2\/media?parent=10329"}],"wp:term":[{"taxonomy":"product_brand","embeddable":true,"href":"http:\/\/www.destrancheesauxbarricades.com\/index.php\/wp-json\/wp\/v2\/product_brand?post=10329"},{"taxonomy":"product_cat","embeddable":true,"href":"http:\/\/www.destrancheesauxbarricades.com\/index.php\/wp-json\/wp\/v2\/product_cat?post=10329"},{"taxonomy":"product_tag","embeddable":true,"href":"http:\/\/www.destrancheesauxbarricades.com\/index.php\/wp-json\/wp\/v2\/product_tag?post=10329"}],"curies":[{"name":"wp","href":"https:\/\/api.w.org\/{rel}","templated":true}]}}