{"id":10267,"date":"2024-02-02T17:55:57","date_gmt":"2024-02-02T17:55:57","guid":{"rendered":"https:\/\/www.destrancheesauxbarricades.com\/?post_type=product&#038;p=10267"},"modified":"2024-12-01T20:52:06","modified_gmt":"2024-12-01T20:52:06","slug":"poilus-dorient-basic-pack","status":"publish","type":"product","link":"http:\/\/www.destrancheesauxbarricades.com\/index.php\/product\/poilus-dorient-basic-pack\/","title":{"rendered":"Poilus d&rsquo;Orient &#8211; pack de base (STL)"},"content":{"rendered":"<p>Le pack de base \u00ab Poilus d&rsquo;Orient \u00bb pour les th\u00e9\u00e2tres du Moyen-Orient et de l&rsquo;Afrique du Nord pendant la Premi\u00e8re Guerre mondiale et l&rsquo;entre-deux-guerres : la campagne de Gallipoli, la R\u00e9volte arabe, la guerre franco-turque, la guerre franco-syrienne, la Grande r\u00e9volte syrienne , la Guerre du Rif\u2026 La plupart des figurines permettront m\u00eame d&rsquo;incarner les troupes fran\u00e7aises lors de l&rsquo;Op\u00e9ration Exportateur en 1941.<\/p>\n<p>&nbsp;<\/p>\n<p>Ce pack de fichiers STL comprend :<\/p>\n<p><strong>10 soldats fran\u00e7ais avec havresac<\/strong><\/p>\n<p><strong>10 soldats fran\u00e7ais sans havresac<\/strong><\/p>\n<p><strong>Un v\u00e9hicule blind\u00e9 fran\u00e7ais \u00ab White TBC \u00bb<\/strong><\/p>\n<p>2 chefs de char<br \/>\n12 t\u00eates s\u00e9par\u00e9es avec casques Adrian marqu\u00e9s d&rsquo;une grenade<\/p>\n<p>12 t\u00eates s\u00e9par\u00e9es avec ch\u00e9chia<\/p>\n<p>12 t\u00eates s\u00e9par\u00e9es avec casques coloniaux<\/p>\n<p>3 musettes s\u00e9par\u00e9es<\/p>\n<p>Ainsi que leur version pr\u00e9-support\u00e9e (.chitubox).<\/p>\n<p>\u00c9chelle 28\/32 mm. Compatible 20 mm.<\/p>\n<p>&nbsp;<\/p>\n<p>Sculpt\u00e9 par Greg Girault, v\u00e9hicule sculpt\u00e9 par Miska Miniatures, peinture de Figurines Fred<\/p>\n<p>Pour une impression \u00e0 l&rsquo;\u00e9chelle 28 mm, nous recommandons d&rsquo;imprimer \u00e0 95 % et pour une impression \u00e0 l&rsquo;\u00e9chelle 20 mm, d&rsquo;imprimer \u00e0 65 %.<br \/>\n\u200b<\/p>\n<p><strong>LICENCE PERSONNELLE ET NON COMMERCIALE<\/strong><\/p>\n<p>Les fichiers num\u00e9riques vendus sur ce site ont une licence strictement non commerciale et \u00e0 usage personnel uniquement. Aucun remixage et aucune utilisation commerciale ne sont autoris\u00e9es.<\/p>\n<p>Vous ne pouvez pas et vous ne devez pas partager, sous-licencier, vendre, louer, h\u00e9berger, transf\u00e9rer ou distribuer de quelque mani\u00e8re que ce soit les versions num\u00e9riques ou imprim\u00e9es en 3D de cet objet, ni toute autre \u0153uvre d\u00e9riv\u00e9e de cet objet dans son format num\u00e9rique ou physique (y compris l\u2019h\u00e9bergement sur d\u2019autres plateformes num\u00e9riques).<\/p>\n<p><strong>PERSONAL AND NON-COMMERCIAL LICENSE<\/strong><\/p>\n<p>Digital files sold on this site are licensed strictly non-commercially and for personal use only. No remixing and no commercial use allowed.<br \/>\nYou may not and must not share, sublicense, sell, rent, rent, host, transfer or distribute in any way the digital or 3D printed versions of this item, or any derivative works of this item in any way. its digital or physical format (including hosting on other digital platforms).<\/p>\n","protected":false},"excerpt":{"rendered":"<p>[fsl-progress-bar]<\/p>\n<p>Le pack de base \u00ab Poilus d\u2019Orient \u00bb \u00e0 imprimer (STL et version support\u00e9e)<\/p>\n<p>Inclus:<\/p>\n<p>10 soldats fran\u00e7ais en veste avec havresac<br \/>\n10 soldats fran\u00e7ais en veste sans havresac<br \/>\n12 t\u00eates diff\u00e9rentes avec des variantes de couvre-chefs\u00a0: casques Adrian, ch\u00e9chias et casques coloniaux<\/p>\n<p>3 havresacs s\u00e9par\u00e9s<\/p>\n<p>V\u00e9hicule blind\u00e9 fran\u00e7ais \u00ab White TBC \u00bb<br \/>\net deux chefs de char<\/p>\n","protected":false},"featured_media":10268,"template":"","meta":{"_monsterinsights_skip_tracking":false,"_monsterinsights_sitenote_active":false,"_monsterinsights_sitenote_note":"","_monsterinsights_sitenote_category":0},"product_brand":[],"product_cat":[139,159,137,142,134],"product_tag":[],"class_list":{"0":"post-10267","1":"product","2":"type-product","3":"status-publish","4":"has-post-thumbnail","6":"product_cat-armee-du-levant","7":"product_cat-des-tranchees-aux-barricades","8":"product_cat-premiere-guerre-mondiale","9":"product_cat-seconde-guerre-mondiale","10":"product_cat-stl","13":"first","14":"instock","15":"downloadable","16":"virtual","17":"taxable","18":"purchasable","19":"product-type-simple"},"yoast_head":"<!-- This site is optimized with the Yoast SEO plugin v27.3 - https:\/\/yoast.com\/product\/yoast-seo-wordpress\/ -->\n<title>Poilus d&#039;Orient - pack de base (STL) - Des tranch\u00e9es aux barricades<\/title>\n<meta name=\"robots\" content=\"index, follow, max-snippet:-1, max-image-preview:large, max-video-preview:-1\" \/>\n<link rel=\"canonical\" href=\"http:\/\/www.destrancheesauxbarricades.com\/index.php\/product\/poilus-dorient-basic-pack\/\" \/>\n<meta property=\"og:locale\" content=\"fr_FR\" \/>\n<meta property=\"og:type\" content=\"article\" \/>\n<meta property=\"og:title\" content=\"Poilus d&#039;Orient - pack de base (STL) - Des tranch\u00e9es aux barricades\" \/>\n<meta property=\"og:description\" content=\"[fsl-progress-bar]  Le pack de base \u00ab Poilus d\u2019Orient \u00bb \u00e0 imprimer (STL et version support\u00e9e)  Inclus:  10 soldats fran\u00e7ais en veste avec havresac 10 soldats fran\u00e7ais en veste sans havresac 12 t\u00eates diff\u00e9rentes avec des variantes de couvre-chefs\u00a0: casques Adrian, ch\u00e9chias et casques coloniaux  3 havresacs s\u00e9par\u00e9s  V\u00e9hicule blind\u00e9 fran\u00e7ais \u00ab White TBC \u00bb et deux chefs de char\" \/>\n<meta property=\"og:url\" content=\"http:\/\/www.destrancheesauxbarricades.com\/index.php\/product\/poilus-dorient-basic-pack\/\" \/>\n<meta property=\"og:site_name\" content=\"Des tranch\u00e9es aux barricades\" \/>\n<meta property=\"article:modified_time\" content=\"2024-12-01T20:52:06+00:00\" \/>\n<meta property=\"og:image\" content=\"http:\/\/www.destrancheesauxbarricades.com\/wp-content\/uploads\/2024\/02\/basic.jpg\" \/>\n\t<meta property=\"og:image:width\" content=\"1200\" \/>\n\t<meta property=\"og:image:height\" content=\"800\" \/>\n\t<meta property=\"og:image:type\" content=\"image\/jpeg\" \/>\n<meta name=\"twitter:card\" content=\"summary_large_image\" \/>\n<meta name=\"twitter:label1\" content=\"Dur\u00e9e de lecture estim\u00e9e\" \/>\n\t<meta name=\"twitter:data1\" content=\"2 minutes\" \/>\n<script type=\"application\/ld+json\" class=\"yoast-schema-graph\">{\"@context\":\"https:\\\/\\\/schema.org\",\"@graph\":[{\"@type\":\"WebPage\",\"@id\":\"http:\\\/\\\/www.destrancheesauxbarricades.com\\\/index.php\\\/product\\\/poilus-dorient-basic-pack\\\/\",\"url\":\"http:\\\/\\\/www.destrancheesauxbarricades.com\\\/index.php\\\/product\\\/poilus-dorient-basic-pack\\\/\",\"name\":\"Poilus d'Orient - pack de base (STL) - Des tranch\u00e9es aux barricades\",\"isPartOf\":{\"@id\":\"http:\\\/\\\/www.destrancheesauxbarricades.com\\\/#website\"},\"primaryImageOfPage\":{\"@id\":\"http:\\\/\\\/www.destrancheesauxbarricades.com\\\/index.php\\\/product\\\/poilus-dorient-basic-pack\\\/#primaryimage\"},\"image\":{\"@id\":\"http:\\\/\\\/www.destrancheesauxbarricades.com\\\/index.php\\\/product\\\/poilus-dorient-basic-pack\\\/#primaryimage\"},\"thumbnailUrl\":\"http:\\\/\\\/www.destrancheesauxbarricades.com\\\/wp-content\\\/uploads\\\/2024\\\/02\\\/basic.jpg\",\"datePublished\":\"2024-02-02T17:55:57+00:00\",\"dateModified\":\"2024-12-01T20:52:06+00:00\",\"breadcrumb\":{\"@id\":\"http:\\\/\\\/www.destrancheesauxbarricades.com\\\/index.php\\\/product\\\/poilus-dorient-basic-pack\\\/#breadcrumb\"},\"inLanguage\":\"fr-FR\",\"potentialAction\":[{\"@type\":\"ReadAction\",\"target\":[\"http:\\\/\\\/www.destrancheesauxbarricades.com\\\/index.php\\\/product\\\/poilus-dorient-basic-pack\\\/\"]}]},{\"@type\":\"ImageObject\",\"inLanguage\":\"fr-FR\",\"@id\":\"http:\\\/\\\/www.destrancheesauxbarricades.com\\\/index.php\\\/product\\\/poilus-dorient-basic-pack\\\/#primaryimage\",\"url\":\"http:\\\/\\\/www.destrancheesauxbarricades.com\\\/wp-content\\\/uploads\\\/2024\\\/02\\\/basic.jpg\",\"contentUrl\":\"http:\\\/\\\/www.destrancheesauxbarricades.com\\\/wp-content\\\/uploads\\\/2024\\\/02\\\/basic.jpg\",\"width\":1200,\"height\":800},{\"@type\":\"BreadcrumbList\",\"@id\":\"http:\\\/\\\/www.destrancheesauxbarricades.com\\\/index.php\\\/product\\\/poilus-dorient-basic-pack\\\/#breadcrumb\",\"itemListElement\":[{\"@type\":\"ListItem\",\"position\":1,\"name\":\"Accueil\",\"item\":\"http:\\\/\\\/www.destrancheesauxbarricades.com\\\/\"},{\"@type\":\"ListItem\",\"position\":2,\"name\":\"Shop\",\"item\":\"http:\\\/\\\/www.destrancheesauxbarricades.com\\\/index.php\\\/shop\\\/\"},{\"@type\":\"ListItem\",\"position\":3,\"name\":\"Poilus d&rsquo;Orient &#8211; pack de base (STL)\"}]},{\"@type\":\"WebSite\",\"@id\":\"http:\\\/\\\/www.destrancheesauxbarricades.com\\\/#website\",\"url\":\"http:\\\/\\\/www.destrancheesauxbarricades.com\\\/\",\"name\":\"Des tranch\u00e9es aux barricades\",\"description\":\"Jeu d&#039;escarmouches au d\u00e9but du XXe si\u00e8cle\",\"potentialAction\":[{\"@type\":\"SearchAction\",\"target\":{\"@type\":\"EntryPoint\",\"urlTemplate\":\"http:\\\/\\\/www.destrancheesauxbarricades.com\\\/?s={search_term_string}\"},\"query-input\":{\"@type\":\"PropertyValueSpecification\",\"valueRequired\":true,\"valueName\":\"search_term_string\"}}],\"inLanguage\":\"fr-FR\"}]}<\/script>\n<!-- \/ Yoast SEO plugin. -->","yoast_head_json":{"title":"Poilus d'Orient - pack de base (STL) - Des tranch\u00e9es aux barricades","robots":{"index":"index","follow":"follow","max-snippet":"max-snippet:-1","max-image-preview":"max-image-preview:large","max-video-preview":"max-video-preview:-1"},"canonical":"http:\/\/www.destrancheesauxbarricades.com\/index.php\/product\/poilus-dorient-basic-pack\/","og_locale":"fr_FR","og_type":"article","og_title":"Poilus d'Orient - pack de base (STL) - Des tranch\u00e9es aux barricades","og_description":"[fsl-progress-bar]  Le pack de base \u00ab Poilus d\u2019Orient \u00bb \u00e0 imprimer (STL et version support\u00e9e)  Inclus:  10 soldats fran\u00e7ais en veste avec havresac 10 soldats fran\u00e7ais en veste sans havresac 12 t\u00eates diff\u00e9rentes avec des variantes de couvre-chefs\u00a0: casques Adrian, ch\u00e9chias et casques coloniaux  3 havresacs s\u00e9par\u00e9s  V\u00e9hicule blind\u00e9 fran\u00e7ais \u00ab White TBC \u00bb et deux chefs de char","og_url":"http:\/\/www.destrancheesauxbarricades.com\/index.php\/product\/poilus-dorient-basic-pack\/","og_site_name":"Des tranch\u00e9es aux barricades","article_modified_time":"2024-12-01T20:52:06+00:00","og_image":[{"width":1200,"height":800,"url":"http:\/\/www.destrancheesauxbarricades.com\/wp-content\/uploads\/2024\/02\/basic.jpg","type":"image\/jpeg"}],"twitter_card":"summary_large_image","twitter_misc":{"Dur\u00e9e de lecture estim\u00e9e":"2 minutes"},"schema":{"@context":"https:\/\/schema.org","@graph":[{"@type":"WebPage","@id":"http:\/\/www.destrancheesauxbarricades.com\/index.php\/product\/poilus-dorient-basic-pack\/","url":"http:\/\/www.destrancheesauxbarricades.com\/index.php\/product\/poilus-dorient-basic-pack\/","name":"Poilus d'Orient - pack de base (STL) - Des tranch\u00e9es aux barricades","isPartOf":{"@id":"http:\/\/www.destrancheesauxbarricades.com\/#website"},"primaryImageOfPage":{"@id":"http:\/\/www.destrancheesauxbarricades.com\/index.php\/product\/poilus-dorient-basic-pack\/#primaryimage"},"image":{"@id":"http:\/\/www.destrancheesauxbarricades.com\/index.php\/product\/poilus-dorient-basic-pack\/#primaryimage"},"thumbnailUrl":"http:\/\/www.destrancheesauxbarricades.com\/wp-content\/uploads\/2024\/02\/basic.jpg","datePublished":"2024-02-02T17:55:57+00:00","dateModified":"2024-12-01T20:52:06+00:00","breadcrumb":{"@id":"http:\/\/www.destrancheesauxbarricades.com\/index.php\/product\/poilus-dorient-basic-pack\/#breadcrumb"},"inLanguage":"fr-FR","potentialAction":[{"@type":"ReadAction","target":["http:\/\/www.destrancheesauxbarricades.com\/index.php\/product\/poilus-dorient-basic-pack\/"]}]},{"@type":"ImageObject","inLanguage":"fr-FR","@id":"http:\/\/www.destrancheesauxbarricades.com\/index.php\/product\/poilus-dorient-basic-pack\/#primaryimage","url":"http:\/\/www.destrancheesauxbarricades.com\/wp-content\/uploads\/2024\/02\/basic.jpg","contentUrl":"http:\/\/www.destrancheesauxbarricades.com\/wp-content\/uploads\/2024\/02\/basic.jpg","width":1200,"height":800},{"@type":"BreadcrumbList","@id":"http:\/\/www.destrancheesauxbarricades.com\/index.php\/product\/poilus-dorient-basic-pack\/#breadcrumb","itemListElement":[{"@type":"ListItem","position":1,"name":"Accueil","item":"http:\/\/www.destrancheesauxbarricades.com\/"},{"@type":"ListItem","position":2,"name":"Shop","item":"http:\/\/www.destrancheesauxbarricades.com\/index.php\/shop\/"},{"@type":"ListItem","position":3,"name":"Poilus d&rsquo;Orient &#8211; pack de base (STL)"}]},{"@type":"WebSite","@id":"http:\/\/www.destrancheesauxbarricades.com\/#website","url":"http:\/\/www.destrancheesauxbarricades.com\/","name":"Des tranch\u00e9es aux barricades","description":"Jeu d&#039;escarmouches au d\u00e9but du XXe si\u00e8cle","potentialAction":[{"@type":"SearchAction","target":{"@type":"EntryPoint","urlTemplate":"http:\/\/www.destrancheesauxbarricades.com\/?s={search_term_string}"},"query-input":{"@type":"PropertyValueSpecification","valueRequired":true,"valueName":"search_term_string"}}],"inLanguage":"fr-FR"}]}},"jetpack_sharing_enabled":true,"_links":{"self":[{"href":"http:\/\/www.destrancheesauxbarricades.com\/index.php\/wp-json\/wp\/v2\/product\/10267","targetHints":{"allow":["GET"]}}],"collection":[{"href":"http:\/\/www.destrancheesauxbarricades.com\/index.php\/wp-json\/wp\/v2\/product"}],"about":[{"href":"http:\/\/www.destrancheesauxbarricades.com\/index.php\/wp-json\/wp\/v2\/types\/product"}],"version-history":[{"count":0,"href":"http:\/\/www.destrancheesauxbarricades.com\/index.php\/wp-json\/wp\/v2\/product\/10267\/revisions"}],"wp:featuredmedia":[{"embeddable":true,"href":"http:\/\/www.destrancheesauxbarricades.com\/index.php\/wp-json\/wp\/v2\/media\/10268"}],"wp:attachment":[{"href":"http:\/\/www.destrancheesauxbarricades.com\/index.php\/wp-json\/wp\/v2\/media?parent=10267"}],"wp:term":[{"taxonomy":"product_brand","embeddable":true,"href":"http:\/\/www.destrancheesauxbarricades.com\/index.php\/wp-json\/wp\/v2\/product_brand?post=10267"},{"taxonomy":"product_cat","embeddable":true,"href":"http:\/\/www.destrancheesauxbarricades.com\/index.php\/wp-json\/wp\/v2\/product_cat?post=10267"},{"taxonomy":"product_tag","embeddable":true,"href":"http:\/\/www.destrancheesauxbarricades.com\/index.php\/wp-json\/wp\/v2\/product_tag?post=10267"}],"curies":[{"name":"wp","href":"https:\/\/api.w.org\/{rel}","templated":true}]}}