{"id":10094,"date":"2023-12-04T11:11:56","date_gmt":"2023-12-04T11:11:56","guid":{"rendered":"https:\/\/www.destrancheesauxbarricades.com\/?post_type=product&#038;p=10094"},"modified":"2025-11-02T11:25:51","modified_gmt":"2025-11-02T11:25:51","slug":"rulebook-des-tranchees-aux-barricades-english-version-late-pledge","status":"publish","type":"product","link":"http:\/\/www.destrancheesauxbarricades.com\/index.php\/product\/rulebook-des-tranchees-aux-barricades-english-version-late-pledge\/","title":{"rendered":"Rulebook Des tranch\u00e9es aux barricades English version"},"content":{"rendered":"<p>The <span class=\"text-italic\"><span class=\"bold\">Des tranch\u00e9es aux barricades<\/span><\/span> project began with a skirmish wargame rule published in French last year. We&rsquo;ve since been contacted by a number of non-French-speaking players, so we&rsquo;ve decided to translate the game into English.<br \/>\n<span class=\"text-italic\"><span class=\"bold\">Translated by Anne and Marc Dodinot, the rulebook is now available as a pledge and an addon. The English version includes erratas and the file on the revolutionary period in Germany (1918-1923).<\/span><\/span><br \/>\n<span class=\"jCAhz ChMk0b\"><span class=\"ryNqvb\">This rule was to specifically cover the Spanish Civil War and to be entitled <span class=\"text-italic\"><span class=\"bold\">Julio 1936<\/span><\/span> based on 17 and 18July 1936 nationalist uprising. But that was without considering our curiosity about other conflicts of the first half of the 20th century and other various projects in the making, covering the inter-war period (the Russian Civil War, the Irish War of Independence, the Rif War&#8230;). It would therefore have been a pity to put these works aside. It was then decided that the game <span class=\"text-italic\"><span class=\"bold\">Des tranch\u00e9es aux barricades<\/span><\/span>  would cover a 50-year period of history, from the Russo-Japanese War in 1904 to the end of the Indochina War in 1954.<\/p>\n<p>Three thematic dossiers are contained in this book: the Sinai and Palestine campaign &amp; the Great Arab Revolt during the First World War (1914-1918), the Revolutionary Period in Germany (1918-1923) and of course the Spanish Civil War (1936-1939).<\/span><\/span><\/p>\n","protected":false},"excerpt":{"rendered":"<p>[fsl-progress-bar]<\/p>\n<p>RULEBOOK DES TRANCHEES AUX BARRICADES (EN)<\/p>\n","protected":false},"featured_media":10095,"template":"","meta":{"_monsterinsights_skip_tracking":false,"_monsterinsights_sitenote_active":false,"_monsterinsights_sitenote_note":"","_monsterinsights_sitenote_category":0},"product_brand":[],"product_cat":[159,90],"product_tag":[],"class_list":{"0":"post-10094","1":"product","2":"type-product","3":"status-publish","4":"has-post-thumbnail","6":"product_cat-des-tranchees-aux-barricades","7":"product_cat-regles-et-extensions","10":"first","11":"instock","12":"virtual","13":"purchasable","14":"product-type-simple"},"yoast_head":"<!-- This site is optimized with the Yoast SEO plugin v27.3 - https:\/\/yoast.com\/product\/yoast-seo-wordpress\/ -->\n<title>Rulebook Des tranch\u00e9es aux barricades English version - Des tranch\u00e9es aux barricades<\/title>\n<meta name=\"robots\" content=\"index, follow, max-snippet:-1, max-image-preview:large, max-video-preview:-1\" \/>\n<link rel=\"canonical\" href=\"https:\/\/www.destrancheesauxbarricades.com\/index.php\/product\/rulebook-des-tranchees-aux-barricades-english-version-late-pledge\/\" \/>\n<meta property=\"og:locale\" content=\"fr_FR\" \/>\n<meta property=\"og:type\" content=\"article\" \/>\n<meta property=\"og:title\" content=\"Rulebook Des tranch\u00e9es aux barricades English version - Des tranch\u00e9es aux barricades\" \/>\n<meta property=\"og:description\" content=\"[fsl-progress-bar]  RULEBOOK DES TRANCHEES AUX BARRICADES (EN)\" \/>\n<meta property=\"og:url\" content=\"https:\/\/www.destrancheesauxbarricades.com\/index.php\/product\/rulebook-des-tranchees-aux-barricades-english-version-late-pledge\/\" \/>\n<meta property=\"og:site_name\" content=\"Des tranch\u00e9es aux barricades\" \/>\n<meta property=\"article:modified_time\" content=\"2025-11-02T11:25:51+00:00\" \/>\n<meta property=\"og:image\" content=\"https:\/\/www.destrancheesauxbarricades.com\/wp-content\/uploads\/2023\/12\/Couv_souple_Livret_TB_ANGL.jpg\" \/>\n\t<meta property=\"og:image:width\" content=\"594\" \/>\n\t<meta property=\"og:image:height\" content=\"842\" \/>\n\t<meta property=\"og:image:type\" content=\"image\/jpeg\" \/>\n<meta name=\"twitter:card\" content=\"summary_large_image\" \/>\n<meta name=\"twitter:label1\" content=\"Dur\u00e9e de lecture estim\u00e9e\" \/>\n\t<meta name=\"twitter:data1\" content=\"2 minutes\" \/>\n<script type=\"application\/ld+json\" class=\"yoast-schema-graph\">{\"@context\":\"https:\\\/\\\/schema.org\",\"@graph\":[{\"@type\":\"WebPage\",\"@id\":\"https:\\\/\\\/www.destrancheesauxbarricades.com\\\/index.php\\\/product\\\/rulebook-des-tranchees-aux-barricades-english-version-late-pledge\\\/\",\"url\":\"https:\\\/\\\/www.destrancheesauxbarricades.com\\\/index.php\\\/product\\\/rulebook-des-tranchees-aux-barricades-english-version-late-pledge\\\/\",\"name\":\"Rulebook Des tranch\u00e9es aux barricades English version - Des tranch\u00e9es aux barricades\",\"isPartOf\":{\"@id\":\"https:\\\/\\\/www.destrancheesauxbarricades.com\\\/#website\"},\"primaryImageOfPage\":{\"@id\":\"https:\\\/\\\/www.destrancheesauxbarricades.com\\\/index.php\\\/product\\\/rulebook-des-tranchees-aux-barricades-english-version-late-pledge\\\/#primaryimage\"},\"image\":{\"@id\":\"https:\\\/\\\/www.destrancheesauxbarricades.com\\\/index.php\\\/product\\\/rulebook-des-tranchees-aux-barricades-english-version-late-pledge\\\/#primaryimage\"},\"thumbnailUrl\":\"http:\\\/\\\/www.destrancheesauxbarricades.com\\\/wp-content\\\/uploads\\\/2023\\\/12\\\/Couv_souple_Livret_TB_ANGL.jpg\",\"datePublished\":\"2023-12-04T11:11:56+00:00\",\"dateModified\":\"2025-11-02T11:25:51+00:00\",\"breadcrumb\":{\"@id\":\"https:\\\/\\\/www.destrancheesauxbarricades.com\\\/index.php\\\/product\\\/rulebook-des-tranchees-aux-barricades-english-version-late-pledge\\\/#breadcrumb\"},\"inLanguage\":\"fr-FR\",\"potentialAction\":[{\"@type\":\"ReadAction\",\"target\":[\"https:\\\/\\\/www.destrancheesauxbarricades.com\\\/index.php\\\/product\\\/rulebook-des-tranchees-aux-barricades-english-version-late-pledge\\\/\"]}]},{\"@type\":\"ImageObject\",\"inLanguage\":\"fr-FR\",\"@id\":\"https:\\\/\\\/www.destrancheesauxbarricades.com\\\/index.php\\\/product\\\/rulebook-des-tranchees-aux-barricades-english-version-late-pledge\\\/#primaryimage\",\"url\":\"http:\\\/\\\/www.destrancheesauxbarricades.com\\\/wp-content\\\/uploads\\\/2023\\\/12\\\/Couv_souple_Livret_TB_ANGL.jpg\",\"contentUrl\":\"http:\\\/\\\/www.destrancheesauxbarricades.com\\\/wp-content\\\/uploads\\\/2023\\\/12\\\/Couv_souple_Livret_TB_ANGL.jpg\",\"width\":594,\"height\":842},{\"@type\":\"BreadcrumbList\",\"@id\":\"https:\\\/\\\/www.destrancheesauxbarricades.com\\\/index.php\\\/product\\\/rulebook-des-tranchees-aux-barricades-english-version-late-pledge\\\/#breadcrumb\",\"itemListElement\":[{\"@type\":\"ListItem\",\"position\":1,\"name\":\"Accueil\",\"item\":\"https:\\\/\\\/www.destrancheesauxbarricades.com\\\/\"},{\"@type\":\"ListItem\",\"position\":2,\"name\":\"Shop\",\"item\":\"https:\\\/\\\/www.destrancheesauxbarricades.com\\\/index.php\\\/shop\\\/\"},{\"@type\":\"ListItem\",\"position\":3,\"name\":\"Rulebook Des tranch\u00e9es aux barricades English version\"}]},{\"@type\":\"WebSite\",\"@id\":\"https:\\\/\\\/www.destrancheesauxbarricades.com\\\/#website\",\"url\":\"https:\\\/\\\/www.destrancheesauxbarricades.com\\\/\",\"name\":\"Des tranch\u00e9es aux barricades\",\"description\":\"Jeu d&#039;escarmouches au d\u00e9but du XXe si\u00e8cle\",\"potentialAction\":[{\"@type\":\"SearchAction\",\"target\":{\"@type\":\"EntryPoint\",\"urlTemplate\":\"https:\\\/\\\/www.destrancheesauxbarricades.com\\\/?s={search_term_string}\"},\"query-input\":{\"@type\":\"PropertyValueSpecification\",\"valueRequired\":true,\"valueName\":\"search_term_string\"}}],\"inLanguage\":\"fr-FR\"}]}<\/script>\n<!-- \/ Yoast SEO plugin. -->","yoast_head_json":{"title":"Rulebook Des tranch\u00e9es aux barricades English version - Des tranch\u00e9es aux barricades","robots":{"index":"index","follow":"follow","max-snippet":"max-snippet:-1","max-image-preview":"max-image-preview:large","max-video-preview":"max-video-preview:-1"},"canonical":"https:\/\/www.destrancheesauxbarricades.com\/index.php\/product\/rulebook-des-tranchees-aux-barricades-english-version-late-pledge\/","og_locale":"fr_FR","og_type":"article","og_title":"Rulebook Des tranch\u00e9es aux barricades English version - Des tranch\u00e9es aux barricades","og_description":"[fsl-progress-bar]  RULEBOOK DES TRANCHEES AUX BARRICADES (EN)","og_url":"https:\/\/www.destrancheesauxbarricades.com\/index.php\/product\/rulebook-des-tranchees-aux-barricades-english-version-late-pledge\/","og_site_name":"Des tranch\u00e9es aux barricades","article_modified_time":"2025-11-02T11:25:51+00:00","og_image":[{"width":594,"height":842,"url":"https:\/\/www.destrancheesauxbarricades.com\/wp-content\/uploads\/2023\/12\/Couv_souple_Livret_TB_ANGL.jpg","type":"image\/jpeg"}],"twitter_card":"summary_large_image","twitter_misc":{"Dur\u00e9e de lecture estim\u00e9e":"2 minutes"},"schema":{"@context":"https:\/\/schema.org","@graph":[{"@type":"WebPage","@id":"https:\/\/www.destrancheesauxbarricades.com\/index.php\/product\/rulebook-des-tranchees-aux-barricades-english-version-late-pledge\/","url":"https:\/\/www.destrancheesauxbarricades.com\/index.php\/product\/rulebook-des-tranchees-aux-barricades-english-version-late-pledge\/","name":"Rulebook Des tranch\u00e9es aux barricades English version - Des tranch\u00e9es aux barricades","isPartOf":{"@id":"https:\/\/www.destrancheesauxbarricades.com\/#website"},"primaryImageOfPage":{"@id":"https:\/\/www.destrancheesauxbarricades.com\/index.php\/product\/rulebook-des-tranchees-aux-barricades-english-version-late-pledge\/#primaryimage"},"image":{"@id":"https:\/\/www.destrancheesauxbarricades.com\/index.php\/product\/rulebook-des-tranchees-aux-barricades-english-version-late-pledge\/#primaryimage"},"thumbnailUrl":"http:\/\/www.destrancheesauxbarricades.com\/wp-content\/uploads\/2023\/12\/Couv_souple_Livret_TB_ANGL.jpg","datePublished":"2023-12-04T11:11:56+00:00","dateModified":"2025-11-02T11:25:51+00:00","breadcrumb":{"@id":"https:\/\/www.destrancheesauxbarricades.com\/index.php\/product\/rulebook-des-tranchees-aux-barricades-english-version-late-pledge\/#breadcrumb"},"inLanguage":"fr-FR","potentialAction":[{"@type":"ReadAction","target":["https:\/\/www.destrancheesauxbarricades.com\/index.php\/product\/rulebook-des-tranchees-aux-barricades-english-version-late-pledge\/"]}]},{"@type":"ImageObject","inLanguage":"fr-FR","@id":"https:\/\/www.destrancheesauxbarricades.com\/index.php\/product\/rulebook-des-tranchees-aux-barricades-english-version-late-pledge\/#primaryimage","url":"http:\/\/www.destrancheesauxbarricades.com\/wp-content\/uploads\/2023\/12\/Couv_souple_Livret_TB_ANGL.jpg","contentUrl":"http:\/\/www.destrancheesauxbarricades.com\/wp-content\/uploads\/2023\/12\/Couv_souple_Livret_TB_ANGL.jpg","width":594,"height":842},{"@type":"BreadcrumbList","@id":"https:\/\/www.destrancheesauxbarricades.com\/index.php\/product\/rulebook-des-tranchees-aux-barricades-english-version-late-pledge\/#breadcrumb","itemListElement":[{"@type":"ListItem","position":1,"name":"Accueil","item":"https:\/\/www.destrancheesauxbarricades.com\/"},{"@type":"ListItem","position":2,"name":"Shop","item":"https:\/\/www.destrancheesauxbarricades.com\/index.php\/shop\/"},{"@type":"ListItem","position":3,"name":"Rulebook Des tranch\u00e9es aux barricades English version"}]},{"@type":"WebSite","@id":"https:\/\/www.destrancheesauxbarricades.com\/#website","url":"https:\/\/www.destrancheesauxbarricades.com\/","name":"Des tranch\u00e9es aux barricades","description":"Jeu d&#039;escarmouches au d\u00e9but du XXe si\u00e8cle","potentialAction":[{"@type":"SearchAction","target":{"@type":"EntryPoint","urlTemplate":"https:\/\/www.destrancheesauxbarricades.com\/?s={search_term_string}"},"query-input":{"@type":"PropertyValueSpecification","valueRequired":true,"valueName":"search_term_string"}}],"inLanguage":"fr-FR"}]}},"jetpack_sharing_enabled":true,"_links":{"self":[{"href":"http:\/\/www.destrancheesauxbarricades.com\/index.php\/wp-json\/wp\/v2\/product\/10094","targetHints":{"allow":["GET"]}}],"collection":[{"href":"http:\/\/www.destrancheesauxbarricades.com\/index.php\/wp-json\/wp\/v2\/product"}],"about":[{"href":"http:\/\/www.destrancheesauxbarricades.com\/index.php\/wp-json\/wp\/v2\/types\/product"}],"version-history":[{"count":3,"href":"http:\/\/www.destrancheesauxbarricades.com\/index.php\/wp-json\/wp\/v2\/product\/10094\/revisions"}],"predecessor-version":[{"id":12716,"href":"http:\/\/www.destrancheesauxbarricades.com\/index.php\/wp-json\/wp\/v2\/product\/10094\/revisions\/12716"}],"wp:featuredmedia":[{"embeddable":true,"href":"http:\/\/www.destrancheesauxbarricades.com\/index.php\/wp-json\/wp\/v2\/media\/10095"}],"wp:attachment":[{"href":"http:\/\/www.destrancheesauxbarricades.com\/index.php\/wp-json\/wp\/v2\/media?parent=10094"}],"wp:term":[{"taxonomy":"product_brand","embeddable":true,"href":"http:\/\/www.destrancheesauxbarricades.com\/index.php\/wp-json\/wp\/v2\/product_brand?post=10094"},{"taxonomy":"product_cat","embeddable":true,"href":"http:\/\/www.destrancheesauxbarricades.com\/index.php\/wp-json\/wp\/v2\/product_cat?post=10094"},{"taxonomy":"product_tag","embeddable":true,"href":"http:\/\/www.destrancheesauxbarricades.com\/index.php\/wp-json\/wp\/v2\/product_tag?post=10094"}],"curies":[{"name":"wp","href":"https:\/\/api.w.org\/{rel}","templated":true}]}}